{"id":40057,"date":"2025-05-15T17:56:30","date_gmt":"2025-05-15T15:56:30","guid":{"rendered":"https:\/\/www.axiomams.eu\/produktas\/sinus-apollo-box-heli-ja-vibratsioonianalusaator"},"modified":"2026-02-02T14:29:35","modified_gmt":"2026-02-02T12:29:35","slug":"sinus-apollo-box-heli-ja-vibratsioonianalusaator","status":"publish","type":"product","link":"https:\/\/www.axiomams.eu\/et\/produktas\/sinus-apollo-box-heli-ja-vibratsioonianalusaator","title":{"rendered":"Sinus Apollo Box heli- ja vibratsioonianal\u00fcsaator"},"content":{"rendered":"<p>Uus SINUS Apollo Box on meie paindlik ja odav 4-kanaliline USB 2.0 liidesega eesliideseseade. Vastupidavat ja v\u00e4ikest boxi saab h\u00f5lpsasti kasutada koos mis tahes Windowsi personaalarvutiga ja mitmesuguse rakendustarkvaraga.<br \/>\nSee on universaalne kaasaskantav m\u00f5\u00f5tes\u00fcsteem akustika-, vibratsiooni- ja tehnikam\u00f5\u00f5tmiste jaoks \u00fcldiselt, mis esindab uue Apollo\u2122 riistvaraplatvormi baasil mobiilse PC-juhitava m\u00f5\u00f5teriista uusimat p\u00f5lvkonda.<\/p>\n<p>Tehnilised andmed:<br \/>\nSisendkanalid 1-4:<br \/>\n&#8211; Eraldusv\u00f5ime: 24-bitine<br \/>\n&#8211; Reaalajaline ribalaius: DC &#8230; 20 kHz @ 4 kanalit (soovi korral 40 \/ 80 kHz).<br \/>\n&#8211; D\u00fcnaamiline vahemik: 110 dB<br \/>\n&#8211; Prooviv\u00f5tusagedused: (soovi korral 102,4 kHz \/ 204,8 kHz): 51,2 kHz (soovi korral 102,4 kHz \/ 204,8 kHz)<br \/>\n&#8211; Maksimaalne sisendpinge: \u00b1 10 V tipp<br \/>\n&#8211; V\u00f5imendus: 0 dB, 20 dB<br \/>\n&#8211; \u00dclekoormuse tuvastamine: jah<br \/>\n&#8211; Mikrofoni toide: \u00b1 14 V, + 20 \/ 63 \/ 200 V \u00fcmberl\u00fclitatav (ainult BNC-versioonide puhul AUX)<br \/>\nAUX-kanalid:<br \/>\n&#8211; Digitaalne sisend: 2x TTL<br \/>\n&#8211; Digitaalne v\u00e4ljund: 2x TTL<br \/>\n&#8211; Mikrofoni toide: \u00b1 14 V, + 20 \/ 63 \/ 200 V l\u00fclitatav.<br \/>\nAeglased kanalid 1-8:<br \/>\n&#8211; Resolutsioon: 24-bitine<br \/>\n&#8211; Prooviv\u00f5tusagedus: 200 Hz<br \/>\n&#8211; Sisendpinge vahemik: -25 V &#8230; +25 V<br \/>\nV\u00e4ljundkanalid 1-2:<br \/>\n&#8211; Lahutus: 24-bit<br \/>\n&#8211; Reaalaja ribalaius: DC &#8230; 20 (soovi korral 40 \/ 80 kHz)<br \/>\n&#8211; Maksimaalne v\u00e4ljundpinge: \u00b1 3,16 Vpeak<br \/>\nTeeninduskanalid:<br \/>\n&#8211; Trigger: 2x Trigger \/ Tacho, tarkvara kaudu seadistatav trigeritasand<br \/>\n&#8211; S\u00fcnkroniseerimine: Sample-s\u00fcnkroonne s\u00fcnkroniseerimine v\u00e4lise taktiga (nt Soundbook_MK2).<br \/>\nF\u00fc\u00fcsilised omadused:<br \/>\n&#8211; M\u00f5\u00f5dud: m\u00f5\u00f5tmed: 200 mm x 100 mm x 35 mm<br \/>\n&#8211; Kaal: 750 g<br \/>\n&#8211; USB-kaabel: kohandatud USB-kaabel 1 m<br \/>\n&#8211; Toiteallikas: USB 2 kaudu<br \/>\nKeskkonnatingimused:<br \/>\n&#8211; Kaitseklass: IP40<br \/>\n&#8211; Niiskus: 30 % &#8230; 90 %<br \/>\n&#8211; Temperatuurivahemik: -10 \u00b0C &#8230; +50 \u00b0C<\/p>\n<h3>Tehniline teave:<\/h3>\n<ul>\n<li><a href=\"https:\/\/axiomams.eu\/importer\/export\/attachments\/en\/apollo_box_en.pdf\" target=\"_blank\">apollo_box_en.pdf<\/a><\/li>\n<\/ul>\n","protected":false},"excerpt":{"rendered":"<p>Uus SINUS Apollo Box on meie paindlik ja odav 4-kanaliline USB 2.0 liidesega eesliideseseade. Vastupidavat ja v\u00e4ikest boxi saab h\u00f5lpsasti kasutada koos mis tahes Windowsi personaalarvutiga ja mitmesuguse rakendustarkvaraga. See on universaalne kaasaskantav m\u00f5\u00f5tes\u00fcsteem akustika-, vibratsiooni- ja tehnikam\u00f5\u00f5tmiste jaoks \u00fcldiselt, mis esindab uue Apollo\u2122 riistvaraplatvormi baasil mobiilse PC-juhitava m\u00f5\u00f5teriista uusimat p\u00f5lvkonda. Tehnilised andmed: Sisendkanalid 1-4:&#8230;<\/p>\n","protected":false},"featured_media":41623,"comment_status":"open","ping_status":"closed","template":"","meta":{"_acf_changed":false},"product_brand":[733],"product_cat":[17842],"product_tag":[],"class_list":{"0":"post-40057","1":"product","2":"type-product","3":"status-publish","4":"has-post-thumbnail","6":"product_brand-sinus","7":"product_cat-vibratsiooni-mootmiseks","9":"first","10":"instock","11":"taxable","12":"shipping-taxable","13":"product-type-simple"},"acf":[],"yoast_head":"<!-- This site is optimized with the Yoast SEO plugin v27.0 - https:\/\/yoast.com\/product\/yoast-seo-wordpress\/ -->\n<title>Sinus Apollo Box heli- ja vibratsioonianal\u00fcsaator - AXIOMA MS<\/title>\n<meta name=\"robots\" content=\"index, follow, max-snippet:-1, max-image-preview:large, max-video-preview:-1\" \/>\n<link rel=\"canonical\" href=\"https:\/\/www.axiomams.eu\/et\/produktas\/sinus-apollo-box-heli-ja-vibratsioonianalusaator\" \/>\n<meta property=\"og:locale\" content=\"et_EE\" \/>\n<meta property=\"og:type\" content=\"article\" \/>\n<meta property=\"og:title\" content=\"Sinus Apollo Box heli- ja vibratsioonianal\u00fcsaator - AXIOMA MS\" \/>\n<meta property=\"og:description\" content=\"Uus SINUS Apollo Box on meie paindlik ja odav 4-kanaliline USB 2.0 liidesega eesliideseseade. Vastupidavat ja v\u00e4ikest boxi saab h\u00f5lpsasti kasutada koos mis tahes Windowsi personaalarvutiga ja mitmesuguse rakendustarkvaraga. See on universaalne kaasaskantav m\u00f5\u00f5tes\u00fcsteem akustika-, vibratsiooni- ja tehnikam\u00f5\u00f5tmiste jaoks \u00fcldiselt, mis esindab uue Apollo\u2122 riistvaraplatvormi baasil mobiilse PC-juhitava m\u00f5\u00f5teriista uusimat p\u00f5lvkonda. Tehnilised andmed: Sisendkanalid 1-4:...\" \/>\n<meta property=\"og:url\" content=\"https:\/\/www.axiomams.eu\/et\/produktas\/sinus-apollo-box-heli-ja-vibratsioonianalusaator\" \/>\n<meta property=\"og:site_name\" content=\"AXIOMA MS\" \/>\n<meta property=\"article:publisher\" content=\"https:\/\/www.facebook.com\/AxiomaMS\" \/>\n<meta property=\"article:modified_time\" content=\"2026-02-02T12:29:35+00:00\" \/>\n<meta property=\"og:image\" content=\"https:\/\/www.axiomams.eu\/wp-content\/uploads\/2025\/07\/878-2619.jpg\" \/>\n\t<meta property=\"og:image:width\" content=\"880\" \/>\n\t<meta property=\"og:image:height\" content=\"800\" \/>\n\t<meta property=\"og:image:type\" content=\"image\/jpeg\" \/>\n<meta name=\"twitter:card\" content=\"summary_large_image\" \/>\n<meta name=\"twitter:label1\" content=\"Est. reading time\" \/>\n\t<meta name=\"twitter:data1\" content=\"1 minut\" \/>\n<script type=\"application\/ld+json\" class=\"yoast-schema-graph\">{\"@context\":\"https:\/\/schema.org\",\"@graph\":[{\"@type\":\"WebPage\",\"@id\":\"https:\/\/www.axiomams.eu\/et\/produktas\/sinus-apollo-box-heli-ja-vibratsioonianalusaator\",\"url\":\"https:\/\/www.axiomams.eu\/et\/produktas\/sinus-apollo-box-heli-ja-vibratsioonianalusaator\",\"name\":\"Sinus Apollo Box heli- ja vibratsioonianal\u00fcsaator - AXIOMA MS\",\"isPartOf\":{\"@id\":\"https:\/\/www.axiomams.eu\/et#website\"},\"primaryImageOfPage\":{\"@id\":\"https:\/\/www.axiomams.eu\/et\/produktas\/sinus-apollo-box-heli-ja-vibratsioonianalusaator#primaryimage\"},\"image\":{\"@id\":\"https:\/\/www.axiomams.eu\/et\/produktas\/sinus-apollo-box-heli-ja-vibratsioonianalusaator#primaryimage\"},\"thumbnailUrl\":\"https:\/\/www.axiomams.eu\/wp-content\/uploads\/2025\/07\/878-2619.jpg\",\"datePublished\":\"2025-05-15T15:56:30+00:00\",\"dateModified\":\"2026-02-02T12:29:35+00:00\",\"breadcrumb\":{\"@id\":\"https:\/\/www.axiomams.eu\/et\/produktas\/sinus-apollo-box-heli-ja-vibratsioonianalusaator#breadcrumb\"},\"inLanguage\":\"et\",\"potentialAction\":[{\"@type\":\"ReadAction\",\"target\":[\"https:\/\/www.axiomams.eu\/et\/produktas\/sinus-apollo-box-heli-ja-vibratsioonianalusaator\"]}]},{\"@type\":\"ImageObject\",\"inLanguage\":\"et\",\"@id\":\"https:\/\/www.axiomams.eu\/et\/produktas\/sinus-apollo-box-heli-ja-vibratsioonianalusaator#primaryimage\",\"url\":\"https:\/\/www.axiomams.eu\/wp-content\/uploads\/2025\/07\/878-2619.jpg\",\"contentUrl\":\"https:\/\/www.axiomams.eu\/wp-content\/uploads\/2025\/07\/878-2619.jpg\",\"width\":880,\"height\":800},{\"@type\":\"BreadcrumbList\",\"@id\":\"https:\/\/www.axiomams.eu\/et\/produktas\/sinus-apollo-box-heli-ja-vibratsioonianalusaator#breadcrumb\",\"itemListElement\":[{\"@type\":\"ListItem\",\"position\":1,\"name\":\"Home\",\"item\":\"https:\/\/www.axiomams.eu\/et\"},{\"@type\":\"ListItem\",\"position\":2,\"name\":\"Tooted\",\"item\":\"https:\/\/www.axiomams.eu\/et\/tooted\"},{\"@type\":\"ListItem\",\"position\":3,\"name\":\"Sinus Apollo Box heli- ja vibratsioonianal\u00fcsaator\"}]},{\"@type\":\"WebSite\",\"@id\":\"https:\/\/www.axiomams.eu\/et#website\",\"url\":\"https:\/\/www.axiomams.eu\/et\",\"name\":\"AXIOMA MS\",\"description\":\"Terrmovizoriai ir matavimo \u012franga\",\"publisher\":{\"@id\":\"https:\/\/www.axiomams.eu\/et#organization\"},\"potentialAction\":[{\"@type\":\"SearchAction\",\"target\":{\"@type\":\"EntryPoint\",\"urlTemplate\":\"https:\/\/www.axiomams.eu\/et?s={search_term_string}\"},\"query-input\":{\"@type\":\"PropertyValueSpecification\",\"valueRequired\":true,\"valueName\":\"search_term_string\"}}],\"inLanguage\":\"et\"},{\"@type\":\"Organization\",\"@id\":\"https:\/\/www.axiomams.eu\/et#organization\",\"name\":\"AXIOMA MS\",\"url\":\"https:\/\/www.axiomams.eu\/et\",\"logo\":{\"@type\":\"ImageObject\",\"inLanguage\":\"et\",\"@id\":\"https:\/\/www.axiomams.eu\/et#\/schema\/logo\/image\/\",\"url\":\"https:\/\/www.axiomams.eu\/wp-content\/uploads\/2025\/06\/axioma-logo-2.png\",\"contentUrl\":\"https:\/\/www.axiomams.eu\/wp-content\/uploads\/2025\/06\/axioma-logo-2.png\",\"width\":1200,\"height\":1200,\"caption\":\"AXIOMA MS\"},\"image\":{\"@id\":\"https:\/\/www.axiomams.eu\/et#\/schema\/logo\/image\/\"},\"sameAs\":[\"https:\/\/www.facebook.com\/AxiomaMS\",\"https:\/\/www.linkedin.com\/company\/axiomams\/\"]}]}<\/script>\n<!-- \/ Yoast SEO plugin. -->","yoast_head_json":{"title":"Sinus Apollo Box heli- ja vibratsioonianal\u00fcsaator - AXIOMA MS","robots":{"index":"index","follow":"follow","max-snippet":"max-snippet:-1","max-image-preview":"max-image-preview:large","max-video-preview":"max-video-preview:-1"},"canonical":"https:\/\/www.axiomams.eu\/et\/produktas\/sinus-apollo-box-heli-ja-vibratsioonianalusaator","og_locale":"et_EE","og_type":"article","og_title":"Sinus Apollo Box heli- ja vibratsioonianal\u00fcsaator - AXIOMA MS","og_description":"Uus SINUS Apollo Box on meie paindlik ja odav 4-kanaliline USB 2.0 liidesega eesliideseseade. Vastupidavat ja v\u00e4ikest boxi saab h\u00f5lpsasti kasutada koos mis tahes Windowsi personaalarvutiga ja mitmesuguse rakendustarkvaraga. See on universaalne kaasaskantav m\u00f5\u00f5tes\u00fcsteem akustika-, vibratsiooni- ja tehnikam\u00f5\u00f5tmiste jaoks \u00fcldiselt, mis esindab uue Apollo\u2122 riistvaraplatvormi baasil mobiilse PC-juhitava m\u00f5\u00f5teriista uusimat p\u00f5lvkonda. Tehnilised andmed: Sisendkanalid 1-4:...","og_url":"https:\/\/www.axiomams.eu\/et\/produktas\/sinus-apollo-box-heli-ja-vibratsioonianalusaator","og_site_name":"AXIOMA MS","article_publisher":"https:\/\/www.facebook.com\/AxiomaMS","article_modified_time":"2026-02-02T12:29:35+00:00","og_image":[{"width":880,"height":800,"url":"https:\/\/www.axiomams.eu\/wp-content\/uploads\/2025\/07\/878-2619.jpg","type":"image\/jpeg"}],"twitter_card":"summary_large_image","twitter_misc":{"Est. reading time":"1 minut"},"schema":{"@context":"https:\/\/schema.org","@graph":[{"@type":"WebPage","@id":"https:\/\/www.axiomams.eu\/et\/produktas\/sinus-apollo-box-heli-ja-vibratsioonianalusaator","url":"https:\/\/www.axiomams.eu\/et\/produktas\/sinus-apollo-box-heli-ja-vibratsioonianalusaator","name":"Sinus Apollo Box heli- ja vibratsioonianal\u00fcsaator - AXIOMA MS","isPartOf":{"@id":"https:\/\/www.axiomams.eu\/et#website"},"primaryImageOfPage":{"@id":"https:\/\/www.axiomams.eu\/et\/produktas\/sinus-apollo-box-heli-ja-vibratsioonianalusaator#primaryimage"},"image":{"@id":"https:\/\/www.axiomams.eu\/et\/produktas\/sinus-apollo-box-heli-ja-vibratsioonianalusaator#primaryimage"},"thumbnailUrl":"https:\/\/www.axiomams.eu\/wp-content\/uploads\/2025\/07\/878-2619.jpg","datePublished":"2025-05-15T15:56:30+00:00","dateModified":"2026-02-02T12:29:35+00:00","breadcrumb":{"@id":"https:\/\/www.axiomams.eu\/et\/produktas\/sinus-apollo-box-heli-ja-vibratsioonianalusaator#breadcrumb"},"inLanguage":"et","potentialAction":[{"@type":"ReadAction","target":["https:\/\/www.axiomams.eu\/et\/produktas\/sinus-apollo-box-heli-ja-vibratsioonianalusaator"]}]},{"@type":"ImageObject","inLanguage":"et","@id":"https:\/\/www.axiomams.eu\/et\/produktas\/sinus-apollo-box-heli-ja-vibratsioonianalusaator#primaryimage","url":"https:\/\/www.axiomams.eu\/wp-content\/uploads\/2025\/07\/878-2619.jpg","contentUrl":"https:\/\/www.axiomams.eu\/wp-content\/uploads\/2025\/07\/878-2619.jpg","width":880,"height":800},{"@type":"BreadcrumbList","@id":"https:\/\/www.axiomams.eu\/et\/produktas\/sinus-apollo-box-heli-ja-vibratsioonianalusaator#breadcrumb","itemListElement":[{"@type":"ListItem","position":1,"name":"Home","item":"https:\/\/www.axiomams.eu\/et"},{"@type":"ListItem","position":2,"name":"Tooted","item":"https:\/\/www.axiomams.eu\/et\/tooted"},{"@type":"ListItem","position":3,"name":"Sinus Apollo Box heli- ja vibratsioonianal\u00fcsaator"}]},{"@type":"WebSite","@id":"https:\/\/www.axiomams.eu\/et#website","url":"https:\/\/www.axiomams.eu\/et","name":"AXIOMA MS","description":"Terrmovizoriai ir matavimo \u012franga","publisher":{"@id":"https:\/\/www.axiomams.eu\/et#organization"},"potentialAction":[{"@type":"SearchAction","target":{"@type":"EntryPoint","urlTemplate":"https:\/\/www.axiomams.eu\/et?s={search_term_string}"},"query-input":{"@type":"PropertyValueSpecification","valueRequired":true,"valueName":"search_term_string"}}],"inLanguage":"et"},{"@type":"Organization","@id":"https:\/\/www.axiomams.eu\/et#organization","name":"AXIOMA MS","url":"https:\/\/www.axiomams.eu\/et","logo":{"@type":"ImageObject","inLanguage":"et","@id":"https:\/\/www.axiomams.eu\/et#\/schema\/logo\/image\/","url":"https:\/\/www.axiomams.eu\/wp-content\/uploads\/2025\/06\/axioma-logo-2.png","contentUrl":"https:\/\/www.axiomams.eu\/wp-content\/uploads\/2025\/06\/axioma-logo-2.png","width":1200,"height":1200,"caption":"AXIOMA MS"},"image":{"@id":"https:\/\/www.axiomams.eu\/et#\/schema\/logo\/image\/"},"sameAs":["https:\/\/www.facebook.com\/AxiomaMS","https:\/\/www.linkedin.com\/company\/axiomams\/"]}]}},"_links":{"self":[{"href":"https:\/\/www.axiomams.eu\/et\/wp-json\/wp\/v2\/product\/40057","targetHints":{"allow":["GET"]}}],"collection":[{"href":"https:\/\/www.axiomams.eu\/et\/wp-json\/wp\/v2\/product"}],"about":[{"href":"https:\/\/www.axiomams.eu\/et\/wp-json\/wp\/v2\/types\/product"}],"replies":[{"embeddable":true,"href":"https:\/\/www.axiomams.eu\/et\/wp-json\/wp\/v2\/comments?post=40057"}],"wp:featuredmedia":[{"embeddable":true,"href":"https:\/\/www.axiomams.eu\/et\/wp-json\/wp\/v2\/media\/41623"}],"wp:attachment":[{"href":"https:\/\/www.axiomams.eu\/et\/wp-json\/wp\/v2\/media?parent=40057"}],"wp:term":[{"taxonomy":"product_brand","embeddable":true,"href":"https:\/\/www.axiomams.eu\/et\/wp-json\/wp\/v2\/product_brand?post=40057"},{"taxonomy":"product_cat","embeddable":true,"href":"https:\/\/www.axiomams.eu\/et\/wp-json\/wp\/v2\/product_cat?post=40057"},{"taxonomy":"product_tag","embeddable":true,"href":"https:\/\/www.axiomams.eu\/et\/wp-json\/wp\/v2\/product_tag?post=40057"}],"curies":[{"name":"wp","href":"https:\/\/api.w.org\/{rel}","templated":true}]}}