{"id":40058,"date":"2025-05-15T17:56:34","date_gmt":"2025-05-15T15:56:34","guid":{"rendered":"https:\/\/www.axiomams.eu\/produktas\/fixturlaser-at-010-nihkesondid"},"modified":"2026-02-02T14:29:35","modified_gmt":"2026-02-02T12:29:35","slug":"fixturlaser-at-010-nihkesondid","status":"publish","type":"product","link":"https:\/\/www.axiomams.eu\/et\/produktas\/fixturlaser-at-010-nihkesondid","title":{"rendered":"Fixturlaser AT-010 nihkesondid"},"content":{"rendered":"<p>Fixturlaser AT-010 &#8211; on nutikas rakendusel p\u00f5hinev nihkeandur, mis v\u00f5imaldab ohutult ja usaldusv\u00e4\u00e4rselt m\u00f5\u00f5ta k\u00f5iki eelseisu kontrollimisi. AT-010 v\u00f5imaldab arvukaid rakendusi, mis teevad sellest t\u00f5eliselt mitmek\u00fclgse hooldusvahendi.<\/p>\n<p>Tehnilised andmed<br \/>\nKorpus, materjal: ABS plastist<br \/>\nT\u00f6\u00f6temperatuur: 0\u00b0C &#8230; 40\u00b0C<br \/>\nKaal: 0,73 kg<br \/>\nAku\u00fcksuse m\u00f5\u00f5tmed: 44 mm x 91 mm x 33 mm<br \/>\nKaabli pikkus: 400 mm<br \/>\nKorpuse kaitseklass: IP 65<br \/>\nM\u00f5\u00f5tmisj\u00f5ud: 0,70 N \u00b1 25%.<br \/>\nKorratavus: 0,15 \u03bcm<br \/>\nM\u00f5\u00f5tmist\u00e4psus: \u00b1MAX(5+|2*K|;|7*K|) \u03bcm<br \/>\nL\u00e4bim\u00f5\u00f5tja l\u00e4bim\u00f5\u00f5t: \u00d8 3 mm<br \/>\nTermiline triiv: 0,25 \u03bcm\/\u00b0C<br \/>\nSidepiirkond: 10 m<br \/>\nT\u00f6\u00f6aeg: 11 tundi pidevat t\u00f6\u00f6d<br \/>\nM\u00f5\u00f5tepiirkond: +\/- 2,5 mm<\/p>\n<p>Standardne komplekt: LVDT-andur, magnet, toiteallikas, USB-kaabel A-Micro, anduri statiiv ( ilma magnetalusteta, lisavarustus ), reguleeritav anduri ots.<\/p>\n<h3>Tehniline teave:<\/h3>\n<ul>\n<li><a href=\"https:\/\/axiomams.eu\/importer\/export\/attachments\/en\/fixturlaser-at-010.pdf\" target=\"_blank\">Fixturlaser AT-010.pdf<\/a><\/li>\n<\/ul>\n","protected":false},"excerpt":{"rendered":"<p>Fixturlaser AT-010 &#8211; on nutikas rakendusel p\u00f5hinev nihkeandur, mis v\u00f5imaldab ohutult ja usaldusv\u00e4\u00e4rselt m\u00f5\u00f5ta k\u00f5iki eelseisu kontrollimisi. AT-010 v\u00f5imaldab arvukaid rakendusi, mis teevad sellest t\u00f5eliselt mitmek\u00fclgse hooldusvahendi. Tehnilised andmed Korpus, materjal: ABS plastist T\u00f6\u00f6temperatuur: 0\u00b0C &#8230; 40\u00b0C Kaal: 0,73 kg Aku\u00fcksuse m\u00f5\u00f5tmed: 44 mm x 91 mm x 33 mm Kaabli pikkus: 400 mm Korpuse&#8230;<\/p>\n","protected":false},"featured_media":41625,"comment_status":"open","ping_status":"closed","template":"","meta":{"_acf_changed":false},"product_brand":[17686],"product_cat":[17831],"product_tag":[],"class_list":{"0":"post-40058","1":"product","2":"type-product","3":"status-publish","4":"has-post-thumbnail","6":"product_brand-fixturlaser","7":"product_cat-tsentreerimissolmede-ja-rihmavollide-tsentreerimiseks","9":"first","10":"instock","11":"taxable","12":"shipping-taxable","13":"purchasable","14":"product-type-simple"},"acf":[],"yoast_head":"<!-- This site is optimized with the Yoast SEO plugin v27.0 - https:\/\/yoast.com\/product\/yoast-seo-wordpress\/ -->\n<title>Fixturlaser AT-010 nihkesondid - AXIOMA MS<\/title>\n<meta name=\"robots\" content=\"index, follow, max-snippet:-1, max-image-preview:large, max-video-preview:-1\" \/>\n<link rel=\"canonical\" href=\"https:\/\/www.axiomams.eu\/et\/produktas\/fixturlaser-at-010-nihkesondid\" \/>\n<meta property=\"og:locale\" content=\"et_EE\" \/>\n<meta property=\"og:type\" content=\"article\" \/>\n<meta property=\"og:title\" content=\"Fixturlaser AT-010 nihkesondid - AXIOMA MS\" \/>\n<meta property=\"og:description\" content=\"Fixturlaser AT-010 &#8211; on nutikas rakendusel p\u00f5hinev nihkeandur, mis v\u00f5imaldab ohutult ja usaldusv\u00e4\u00e4rselt m\u00f5\u00f5ta k\u00f5iki eelseisu kontrollimisi. AT-010 v\u00f5imaldab arvukaid rakendusi, mis teevad sellest t\u00f5eliselt mitmek\u00fclgse hooldusvahendi. Tehnilised andmed Korpus, materjal: ABS plastist T\u00f6\u00f6temperatuur: 0\u00b0C &#8230; 40\u00b0C Kaal: 0,73 kg Aku\u00fcksuse m\u00f5\u00f5tmed: 44 mm x 91 mm x 33 mm Kaabli pikkus: 400 mm Korpuse...\" \/>\n<meta property=\"og:url\" content=\"https:\/\/www.axiomams.eu\/et\/produktas\/fixturlaser-at-010-nihkesondid\" \/>\n<meta property=\"og:site_name\" content=\"AXIOMA MS\" \/>\n<meta property=\"article:publisher\" content=\"https:\/\/www.facebook.com\/AxiomaMS\" \/>\n<meta property=\"article:modified_time\" content=\"2026-02-02T12:29:35+00:00\" \/>\n<meta property=\"og:image\" content=\"https:\/\/www.axiomams.eu\/wp-content\/uploads\/2025\/07\/3253-4310.jpg\" \/>\n\t<meta property=\"og:image:width\" content=\"1024\" \/>\n\t<meta property=\"og:image:height\" content=\"768\" \/>\n\t<meta property=\"og:image:type\" content=\"image\/jpeg\" \/>\n<meta name=\"twitter:card\" content=\"summary_large_image\" \/>\n<meta name=\"twitter:label1\" content=\"Est. reading time\" \/>\n\t<meta name=\"twitter:data1\" content=\"1 minut\" \/>\n<script type=\"application\/ld+json\" class=\"yoast-schema-graph\">{\"@context\":\"https:\/\/schema.org\",\"@graph\":[{\"@type\":\"WebPage\",\"@id\":\"https:\/\/www.axiomams.eu\/et\/produktas\/fixturlaser-at-010-nihkesondid\",\"url\":\"https:\/\/www.axiomams.eu\/et\/produktas\/fixturlaser-at-010-nihkesondid\",\"name\":\"Fixturlaser AT-010 nihkesondid - AXIOMA MS\",\"isPartOf\":{\"@id\":\"https:\/\/www.axiomams.eu\/et#website\"},\"primaryImageOfPage\":{\"@id\":\"https:\/\/www.axiomams.eu\/et\/produktas\/fixturlaser-at-010-nihkesondid#primaryimage\"},\"image\":{\"@id\":\"https:\/\/www.axiomams.eu\/et\/produktas\/fixturlaser-at-010-nihkesondid#primaryimage\"},\"thumbnailUrl\":\"https:\/\/www.axiomams.eu\/wp-content\/uploads\/2025\/07\/3253-4310.jpg\",\"datePublished\":\"2025-05-15T15:56:34+00:00\",\"dateModified\":\"2026-02-02T12:29:35+00:00\",\"breadcrumb\":{\"@id\":\"https:\/\/www.axiomams.eu\/et\/produktas\/fixturlaser-at-010-nihkesondid#breadcrumb\"},\"inLanguage\":\"et\",\"potentialAction\":[{\"@type\":\"ReadAction\",\"target\":[\"https:\/\/www.axiomams.eu\/et\/produktas\/fixturlaser-at-010-nihkesondid\"]}]},{\"@type\":\"ImageObject\",\"inLanguage\":\"et\",\"@id\":\"https:\/\/www.axiomams.eu\/et\/produktas\/fixturlaser-at-010-nihkesondid#primaryimage\",\"url\":\"https:\/\/www.axiomams.eu\/wp-content\/uploads\/2025\/07\/3253-4310.jpg\",\"contentUrl\":\"https:\/\/www.axiomams.eu\/wp-content\/uploads\/2025\/07\/3253-4310.jpg\",\"width\":1024,\"height\":768},{\"@type\":\"BreadcrumbList\",\"@id\":\"https:\/\/www.axiomams.eu\/et\/produktas\/fixturlaser-at-010-nihkesondid#breadcrumb\",\"itemListElement\":[{\"@type\":\"ListItem\",\"position\":1,\"name\":\"Home\",\"item\":\"https:\/\/www.axiomams.eu\/et\"},{\"@type\":\"ListItem\",\"position\":2,\"name\":\"Tooted\",\"item\":\"https:\/\/www.axiomams.eu\/et\/tooted\"},{\"@type\":\"ListItem\",\"position\":3,\"name\":\"Fixturlaser AT-010 nihkesondid\"}]},{\"@type\":\"WebSite\",\"@id\":\"https:\/\/www.axiomams.eu\/et#website\",\"url\":\"https:\/\/www.axiomams.eu\/et\",\"name\":\"AXIOMA MS\",\"description\":\"Terrmovizoriai ir matavimo \u012franga\",\"publisher\":{\"@id\":\"https:\/\/www.axiomams.eu\/et#organization\"},\"potentialAction\":[{\"@type\":\"SearchAction\",\"target\":{\"@type\":\"EntryPoint\",\"urlTemplate\":\"https:\/\/www.axiomams.eu\/et?s={search_term_string}\"},\"query-input\":{\"@type\":\"PropertyValueSpecification\",\"valueRequired\":true,\"valueName\":\"search_term_string\"}}],\"inLanguage\":\"et\"},{\"@type\":\"Organization\",\"@id\":\"https:\/\/www.axiomams.eu\/et#organization\",\"name\":\"AXIOMA MS\",\"url\":\"https:\/\/www.axiomams.eu\/et\",\"logo\":{\"@type\":\"ImageObject\",\"inLanguage\":\"et\",\"@id\":\"https:\/\/www.axiomams.eu\/et#\/schema\/logo\/image\/\",\"url\":\"https:\/\/www.axiomams.eu\/wp-content\/uploads\/2025\/06\/axioma-logo-2.png\",\"contentUrl\":\"https:\/\/www.axiomams.eu\/wp-content\/uploads\/2025\/06\/axioma-logo-2.png\",\"width\":1200,\"height\":1200,\"caption\":\"AXIOMA MS\"},\"image\":{\"@id\":\"https:\/\/www.axiomams.eu\/et#\/schema\/logo\/image\/\"},\"sameAs\":[\"https:\/\/www.facebook.com\/AxiomaMS\",\"https:\/\/www.linkedin.com\/company\/axiomams\/\"]}]}<\/script>\n<!-- \/ Yoast SEO plugin. -->","yoast_head_json":{"title":"Fixturlaser AT-010 nihkesondid - AXIOMA MS","robots":{"index":"index","follow":"follow","max-snippet":"max-snippet:-1","max-image-preview":"max-image-preview:large","max-video-preview":"max-video-preview:-1"},"canonical":"https:\/\/www.axiomams.eu\/et\/produktas\/fixturlaser-at-010-nihkesondid","og_locale":"et_EE","og_type":"article","og_title":"Fixturlaser AT-010 nihkesondid - AXIOMA MS","og_description":"Fixturlaser AT-010 &#8211; on nutikas rakendusel p\u00f5hinev nihkeandur, mis v\u00f5imaldab ohutult ja usaldusv\u00e4\u00e4rselt m\u00f5\u00f5ta k\u00f5iki eelseisu kontrollimisi. AT-010 v\u00f5imaldab arvukaid rakendusi, mis teevad sellest t\u00f5eliselt mitmek\u00fclgse hooldusvahendi. Tehnilised andmed Korpus, materjal: ABS plastist T\u00f6\u00f6temperatuur: 0\u00b0C &#8230; 40\u00b0C Kaal: 0,73 kg Aku\u00fcksuse m\u00f5\u00f5tmed: 44 mm x 91 mm x 33 mm Kaabli pikkus: 400 mm Korpuse...","og_url":"https:\/\/www.axiomams.eu\/et\/produktas\/fixturlaser-at-010-nihkesondid","og_site_name":"AXIOMA MS","article_publisher":"https:\/\/www.facebook.com\/AxiomaMS","article_modified_time":"2026-02-02T12:29:35+00:00","og_image":[{"width":1024,"height":768,"url":"https:\/\/www.axiomams.eu\/wp-content\/uploads\/2025\/07\/3253-4310.jpg","type":"image\/jpeg"}],"twitter_card":"summary_large_image","twitter_misc":{"Est. reading time":"1 minut"},"schema":{"@context":"https:\/\/schema.org","@graph":[{"@type":"WebPage","@id":"https:\/\/www.axiomams.eu\/et\/produktas\/fixturlaser-at-010-nihkesondid","url":"https:\/\/www.axiomams.eu\/et\/produktas\/fixturlaser-at-010-nihkesondid","name":"Fixturlaser AT-010 nihkesondid - AXIOMA MS","isPartOf":{"@id":"https:\/\/www.axiomams.eu\/et#website"},"primaryImageOfPage":{"@id":"https:\/\/www.axiomams.eu\/et\/produktas\/fixturlaser-at-010-nihkesondid#primaryimage"},"image":{"@id":"https:\/\/www.axiomams.eu\/et\/produktas\/fixturlaser-at-010-nihkesondid#primaryimage"},"thumbnailUrl":"https:\/\/www.axiomams.eu\/wp-content\/uploads\/2025\/07\/3253-4310.jpg","datePublished":"2025-05-15T15:56:34+00:00","dateModified":"2026-02-02T12:29:35+00:00","breadcrumb":{"@id":"https:\/\/www.axiomams.eu\/et\/produktas\/fixturlaser-at-010-nihkesondid#breadcrumb"},"inLanguage":"et","potentialAction":[{"@type":"ReadAction","target":["https:\/\/www.axiomams.eu\/et\/produktas\/fixturlaser-at-010-nihkesondid"]}]},{"@type":"ImageObject","inLanguage":"et","@id":"https:\/\/www.axiomams.eu\/et\/produktas\/fixturlaser-at-010-nihkesondid#primaryimage","url":"https:\/\/www.axiomams.eu\/wp-content\/uploads\/2025\/07\/3253-4310.jpg","contentUrl":"https:\/\/www.axiomams.eu\/wp-content\/uploads\/2025\/07\/3253-4310.jpg","width":1024,"height":768},{"@type":"BreadcrumbList","@id":"https:\/\/www.axiomams.eu\/et\/produktas\/fixturlaser-at-010-nihkesondid#breadcrumb","itemListElement":[{"@type":"ListItem","position":1,"name":"Home","item":"https:\/\/www.axiomams.eu\/et"},{"@type":"ListItem","position":2,"name":"Tooted","item":"https:\/\/www.axiomams.eu\/et\/tooted"},{"@type":"ListItem","position":3,"name":"Fixturlaser AT-010 nihkesondid"}]},{"@type":"WebSite","@id":"https:\/\/www.axiomams.eu\/et#website","url":"https:\/\/www.axiomams.eu\/et","name":"AXIOMA MS","description":"Terrmovizoriai ir matavimo \u012franga","publisher":{"@id":"https:\/\/www.axiomams.eu\/et#organization"},"potentialAction":[{"@type":"SearchAction","target":{"@type":"EntryPoint","urlTemplate":"https:\/\/www.axiomams.eu\/et?s={search_term_string}"},"query-input":{"@type":"PropertyValueSpecification","valueRequired":true,"valueName":"search_term_string"}}],"inLanguage":"et"},{"@type":"Organization","@id":"https:\/\/www.axiomams.eu\/et#organization","name":"AXIOMA MS","url":"https:\/\/www.axiomams.eu\/et","logo":{"@type":"ImageObject","inLanguage":"et","@id":"https:\/\/www.axiomams.eu\/et#\/schema\/logo\/image\/","url":"https:\/\/www.axiomams.eu\/wp-content\/uploads\/2025\/06\/axioma-logo-2.png","contentUrl":"https:\/\/www.axiomams.eu\/wp-content\/uploads\/2025\/06\/axioma-logo-2.png","width":1200,"height":1200,"caption":"AXIOMA MS"},"image":{"@id":"https:\/\/www.axiomams.eu\/et#\/schema\/logo\/image\/"},"sameAs":["https:\/\/www.facebook.com\/AxiomaMS","https:\/\/www.linkedin.com\/company\/axiomams\/"]}]}},"_links":{"self":[{"href":"https:\/\/www.axiomams.eu\/et\/wp-json\/wp\/v2\/product\/40058","targetHints":{"allow":["GET"]}}],"collection":[{"href":"https:\/\/www.axiomams.eu\/et\/wp-json\/wp\/v2\/product"}],"about":[{"href":"https:\/\/www.axiomams.eu\/et\/wp-json\/wp\/v2\/types\/product"}],"replies":[{"embeddable":true,"href":"https:\/\/www.axiomams.eu\/et\/wp-json\/wp\/v2\/comments?post=40058"}],"wp:featuredmedia":[{"embeddable":true,"href":"https:\/\/www.axiomams.eu\/et\/wp-json\/wp\/v2\/media\/41625"}],"wp:attachment":[{"href":"https:\/\/www.axiomams.eu\/et\/wp-json\/wp\/v2\/media?parent=40058"}],"wp:term":[{"taxonomy":"product_brand","embeddable":true,"href":"https:\/\/www.axiomams.eu\/et\/wp-json\/wp\/v2\/product_brand?post=40058"},{"taxonomy":"product_cat","embeddable":true,"href":"https:\/\/www.axiomams.eu\/et\/wp-json\/wp\/v2\/product_cat?post=40058"},{"taxonomy":"product_tag","embeddable":true,"href":"https:\/\/www.axiomams.eu\/et\/wp-json\/wp\/v2\/product_tag?post=40058"}],"curies":[{"name":"wp","href":"https:\/\/api.w.org\/{rel}","templated":true}]}}