{"id":40059,"date":"2025-05-15T17:56:36","date_gmt":"2025-05-15T15:56:36","guid":{"rendered":"https:\/\/www.axiomams.eu\/produktas\/fixturlaser-at-100-volli-joondamise-tooriist"},"modified":"2026-02-02T14:29:36","modified_gmt":"2026-02-02T12:29:36","slug":"fixturlaser-at-100-volli-joondamise-tooriist","status":"publish","type":"product","link":"https:\/\/www.axiomams.eu\/et\/produktas\/fixturlaser-at-100-volli-joondamise-tooriist","title":{"rendered":"Fixturlaser AT-100 v\u00f5lli joondamise t\u00f6\u00f6riist"},"content":{"rendered":"<p>Fixturlaser AT-100 on rakendusp\u00f5hine joondamisvahend, mis \u00fchendab endas integreeritud rakendused, patenteeritud tehnoloogia ja lihtsa \u00fchenduvuse.<br \/>\nAT-100 sobib algtasemel kuni ekspertide v\u00f5lli joondamist\u00f6\u00f6deks, AT-100 v\u00f5lli joondamise t\u00f6\u00f6riist pakub suurt m\u00f5\u00f5tmise paindlikkust. Intuitiivne t\u00f6\u00f6riist t\u00f6\u00f6tab koos tahvelarvuti v\u00f5i nutitelefoni v\u00f5lli joondamise rakendustega. Seda on lihtne kasutada ja see ei n\u00f5ua spetsiaalset v\u00e4lja\u00f5pet.<\/p>\n<p>\u00dcldine teave<br \/>\nKorpuse materjal: Anodeeritud alumiiniumraam ja k\u00f5rge l\u00f6\u00f6gikindlusega ABS-kile<br \/>\nKaal: M8: 222 g, S8: 222 g<br \/>\nM\u00f5\u00f5dud: S8 ja S8: S8, S8 ja S8: 94 x 87 x 37 mm<\/p>\n<p>Keskkond<br \/>\nT\u00f6\u00f6temperatuur: 0\u00b0C &#8230; 50\u00b0C<br \/>\nSuhteline \u00f5huniiskus: 10 % &#8230; 90 %<br \/>\nKeskkonnakaitse: IP54<\/p>\n<p>Anduritehnoloogia<br \/>\nLaser: 650 nm II klassi dioodlaser<br \/>\nLaseri v\u00f5imsus: < 1 mW\nM\u00f5\u00f5tmiskaugus: kuni 2 m\nDetektor: Digitaalne joonandur\nDetektori pikkus: 20 mm\nDetektori eraldusv\u00f5ime: detektor: 0,01 mm\nM\u00f5\u00f5tmist\u00e4psus: 1 % \u00b1 1 numbrikohta\nKaldem\u00f5\u00f5turi eraldusv\u00f5ime: 1 \u00b0\nKaldem\u00f5\u00f5turi t\u00e4psus: \u00b13 \u00b0\n\nV\u00f5imsus\nToide: Suure j\u00f5udlusega Li-ioon aku v\u00f5i v\u00e4line toide.\nT\u00f6\u00f6aeg: 12 h\nLaadimine: 8 h\nAku mahutavus: 10,4 Wh\n\nSide\nJuhtmevaba side: .\nSidepiirkond: 10 m\n\u00dchendused: USB Mini\n\n\n\n<h3>Tehniline teave:<\/h3>\n<ul>\n<li><a href=\"https:\/\/axiomams.eu\/importer\/export\/attachments\/en\/fixturlaser-at-100.pdf\" target=\"_blank\">Fixturlaser AT-100.pdf<\/a><\/li>\n<\/ul>\n","protected":false},"excerpt":{"rendered":"<p>Fixturlaser AT-100 on rakendusp\u00f5hine joondamisvahend, mis \u00fchendab endas integreeritud rakendused, patenteeritud tehnoloogia ja lihtsa \u00fchenduvuse. AT-100 sobib algtasemel kuni ekspertide v\u00f5lli joondamist\u00f6\u00f6deks, AT-100 v\u00f5lli joondamise t\u00f6\u00f6riist pakub suurt m\u00f5\u00f5tmise paindlikkust. Intuitiivne t\u00f6\u00f6riist t\u00f6\u00f6tab koos tahvelarvuti v\u00f5i nutitelefoni v\u00f5lli joondamise rakendustega. Seda on lihtne kasutada ja see ei n\u00f5ua spetsiaalset v\u00e4lja\u00f5pet. \u00dcldine teave Korpuse materjal: Anodeeritud&#8230;<\/p>\n","protected":false},"featured_media":41627,"comment_status":"open","ping_status":"closed","template":"","meta":{"_acf_changed":false},"product_brand":[17686],"product_cat":[17831],"product_tag":[],"class_list":{"0":"post-40059","1":"product","2":"type-product","3":"status-publish","4":"has-post-thumbnail","6":"product_brand-fixturlaser","7":"product_cat-tsentreerimissolmede-ja-rihmavollide-tsentreerimiseks","9":"first","10":"instock","11":"taxable","12":"shipping-taxable","13":"product-type-simple"},"acf":[],"yoast_head":"<!-- This site is optimized with the Yoast SEO plugin v27.0 - https:\/\/yoast.com\/product\/yoast-seo-wordpress\/ -->\n<title>Fixturlaser AT-100 v\u00f5lli joondamise t\u00f6\u00f6riist - AXIOMA MS<\/title>\n<meta name=\"robots\" content=\"index, follow, max-snippet:-1, max-image-preview:large, max-video-preview:-1\" \/>\n<link rel=\"canonical\" href=\"https:\/\/www.axiomams.eu\/et\/produktas\/fixturlaser-at-100-volli-joondamise-tooriist\" \/>\n<meta property=\"og:locale\" content=\"et_EE\" \/>\n<meta property=\"og:type\" content=\"article\" \/>\n<meta property=\"og:title\" content=\"Fixturlaser AT-100 v\u00f5lli joondamise t\u00f6\u00f6riist - AXIOMA MS\" \/>\n<meta property=\"og:description\" content=\"Fixturlaser AT-100 on rakendusp\u00f5hine joondamisvahend, mis \u00fchendab endas integreeritud rakendused, patenteeritud tehnoloogia ja lihtsa \u00fchenduvuse. AT-100 sobib algtasemel kuni ekspertide v\u00f5lli joondamist\u00f6\u00f6deks, AT-100 v\u00f5lli joondamise t\u00f6\u00f6riist pakub suurt m\u00f5\u00f5tmise paindlikkust. Intuitiivne t\u00f6\u00f6riist t\u00f6\u00f6tab koos tahvelarvuti v\u00f5i nutitelefoni v\u00f5lli joondamise rakendustega. Seda on lihtne kasutada ja see ei n\u00f5ua spetsiaalset v\u00e4lja\u00f5pet. \u00dcldine teave Korpuse materjal: Anodeeritud...\" \/>\n<meta property=\"og:url\" content=\"https:\/\/www.axiomams.eu\/et\/produktas\/fixturlaser-at-100-volli-joondamise-tooriist\" \/>\n<meta property=\"og:site_name\" content=\"AXIOMA MS\" \/>\n<meta property=\"article:publisher\" content=\"https:\/\/www.facebook.com\/AxiomaMS\" \/>\n<meta property=\"article:modified_time\" content=\"2026-02-02T12:29:36+00:00\" \/>\n<meta property=\"og:image\" content=\"https:\/\/www.axiomams.eu\/wp-content\/uploads\/2025\/07\/3284-4348.jpg\" \/>\n\t<meta property=\"og:image:width\" content=\"1010\" \/>\n\t<meta property=\"og:image:height\" content=\"1020\" \/>\n\t<meta property=\"og:image:type\" content=\"image\/jpeg\" \/>\n<meta name=\"twitter:card\" content=\"summary_large_image\" \/>\n<meta name=\"twitter:label1\" content=\"Est. reading time\" \/>\n\t<meta name=\"twitter:data1\" content=\"1 minut\" \/>\n<script type=\"application\/ld+json\" class=\"yoast-schema-graph\">{\"@context\":\"https:\/\/schema.org\",\"@graph\":[{\"@type\":\"WebPage\",\"@id\":\"https:\/\/www.axiomams.eu\/et\/produktas\/fixturlaser-at-100-volli-joondamise-tooriist\",\"url\":\"https:\/\/www.axiomams.eu\/et\/produktas\/fixturlaser-at-100-volli-joondamise-tooriist\",\"name\":\"Fixturlaser AT-100 v\u00f5lli joondamise t\u00f6\u00f6riist - AXIOMA MS\",\"isPartOf\":{\"@id\":\"https:\/\/www.axiomams.eu\/et#website\"},\"primaryImageOfPage\":{\"@id\":\"https:\/\/www.axiomams.eu\/et\/produktas\/fixturlaser-at-100-volli-joondamise-tooriist#primaryimage\"},\"image\":{\"@id\":\"https:\/\/www.axiomams.eu\/et\/produktas\/fixturlaser-at-100-volli-joondamise-tooriist#primaryimage\"},\"thumbnailUrl\":\"https:\/\/www.axiomams.eu\/wp-content\/uploads\/2025\/07\/3284-4348.jpg\",\"datePublished\":\"2025-05-15T15:56:36+00:00\",\"dateModified\":\"2026-02-02T12:29:36+00:00\",\"breadcrumb\":{\"@id\":\"https:\/\/www.axiomams.eu\/et\/produktas\/fixturlaser-at-100-volli-joondamise-tooriist#breadcrumb\"},\"inLanguage\":\"et\",\"potentialAction\":[{\"@type\":\"ReadAction\",\"target\":[\"https:\/\/www.axiomams.eu\/et\/produktas\/fixturlaser-at-100-volli-joondamise-tooriist\"]}]},{\"@type\":\"ImageObject\",\"inLanguage\":\"et\",\"@id\":\"https:\/\/www.axiomams.eu\/et\/produktas\/fixturlaser-at-100-volli-joondamise-tooriist#primaryimage\",\"url\":\"https:\/\/www.axiomams.eu\/wp-content\/uploads\/2025\/07\/3284-4348.jpg\",\"contentUrl\":\"https:\/\/www.axiomams.eu\/wp-content\/uploads\/2025\/07\/3284-4348.jpg\",\"width\":1010,\"height\":1020},{\"@type\":\"BreadcrumbList\",\"@id\":\"https:\/\/www.axiomams.eu\/et\/produktas\/fixturlaser-at-100-volli-joondamise-tooriist#breadcrumb\",\"itemListElement\":[{\"@type\":\"ListItem\",\"position\":1,\"name\":\"Home\",\"item\":\"https:\/\/www.axiomams.eu\/et\"},{\"@type\":\"ListItem\",\"position\":2,\"name\":\"Tooted\",\"item\":\"https:\/\/www.axiomams.eu\/et\/tooted\"},{\"@type\":\"ListItem\",\"position\":3,\"name\":\"Fixturlaser AT-100 v\u00f5lli joondamise t\u00f6\u00f6riist\"}]},{\"@type\":\"WebSite\",\"@id\":\"https:\/\/www.axiomams.eu\/et#website\",\"url\":\"https:\/\/www.axiomams.eu\/et\",\"name\":\"AXIOMA MS\",\"description\":\"Terrmovizoriai ir matavimo \u012franga\",\"publisher\":{\"@id\":\"https:\/\/www.axiomams.eu\/et#organization\"},\"potentialAction\":[{\"@type\":\"SearchAction\",\"target\":{\"@type\":\"EntryPoint\",\"urlTemplate\":\"https:\/\/www.axiomams.eu\/et?s={search_term_string}\"},\"query-input\":{\"@type\":\"PropertyValueSpecification\",\"valueRequired\":true,\"valueName\":\"search_term_string\"}}],\"inLanguage\":\"et\"},{\"@type\":\"Organization\",\"@id\":\"https:\/\/www.axiomams.eu\/et#organization\",\"name\":\"AXIOMA MS\",\"url\":\"https:\/\/www.axiomams.eu\/et\",\"logo\":{\"@type\":\"ImageObject\",\"inLanguage\":\"et\",\"@id\":\"https:\/\/www.axiomams.eu\/et#\/schema\/logo\/image\/\",\"url\":\"https:\/\/www.axiomams.eu\/wp-content\/uploads\/2025\/06\/axioma-logo-2.png\",\"contentUrl\":\"https:\/\/www.axiomams.eu\/wp-content\/uploads\/2025\/06\/axioma-logo-2.png\",\"width\":1200,\"height\":1200,\"caption\":\"AXIOMA MS\"},\"image\":{\"@id\":\"https:\/\/www.axiomams.eu\/et#\/schema\/logo\/image\/\"},\"sameAs\":[\"https:\/\/www.facebook.com\/AxiomaMS\",\"https:\/\/www.linkedin.com\/company\/axiomams\/\"]}]}<\/script>\n<!-- \/ Yoast SEO plugin. -->","yoast_head_json":{"title":"Fixturlaser AT-100 v\u00f5lli joondamise t\u00f6\u00f6riist - AXIOMA MS","robots":{"index":"index","follow":"follow","max-snippet":"max-snippet:-1","max-image-preview":"max-image-preview:large","max-video-preview":"max-video-preview:-1"},"canonical":"https:\/\/www.axiomams.eu\/et\/produktas\/fixturlaser-at-100-volli-joondamise-tooriist","og_locale":"et_EE","og_type":"article","og_title":"Fixturlaser AT-100 v\u00f5lli joondamise t\u00f6\u00f6riist - AXIOMA MS","og_description":"Fixturlaser AT-100 on rakendusp\u00f5hine joondamisvahend, mis \u00fchendab endas integreeritud rakendused, patenteeritud tehnoloogia ja lihtsa \u00fchenduvuse. AT-100 sobib algtasemel kuni ekspertide v\u00f5lli joondamist\u00f6\u00f6deks, AT-100 v\u00f5lli joondamise t\u00f6\u00f6riist pakub suurt m\u00f5\u00f5tmise paindlikkust. Intuitiivne t\u00f6\u00f6riist t\u00f6\u00f6tab koos tahvelarvuti v\u00f5i nutitelefoni v\u00f5lli joondamise rakendustega. Seda on lihtne kasutada ja see ei n\u00f5ua spetsiaalset v\u00e4lja\u00f5pet. \u00dcldine teave Korpuse materjal: Anodeeritud...","og_url":"https:\/\/www.axiomams.eu\/et\/produktas\/fixturlaser-at-100-volli-joondamise-tooriist","og_site_name":"AXIOMA MS","article_publisher":"https:\/\/www.facebook.com\/AxiomaMS","article_modified_time":"2026-02-02T12:29:36+00:00","og_image":[{"width":1010,"height":1020,"url":"https:\/\/www.axiomams.eu\/wp-content\/uploads\/2025\/07\/3284-4348.jpg","type":"image\/jpeg"}],"twitter_card":"summary_large_image","twitter_misc":{"Est. reading time":"1 minut"},"schema":{"@context":"https:\/\/schema.org","@graph":[{"@type":"WebPage","@id":"https:\/\/www.axiomams.eu\/et\/produktas\/fixturlaser-at-100-volli-joondamise-tooriist","url":"https:\/\/www.axiomams.eu\/et\/produktas\/fixturlaser-at-100-volli-joondamise-tooriist","name":"Fixturlaser AT-100 v\u00f5lli joondamise t\u00f6\u00f6riist - AXIOMA MS","isPartOf":{"@id":"https:\/\/www.axiomams.eu\/et#website"},"primaryImageOfPage":{"@id":"https:\/\/www.axiomams.eu\/et\/produktas\/fixturlaser-at-100-volli-joondamise-tooriist#primaryimage"},"image":{"@id":"https:\/\/www.axiomams.eu\/et\/produktas\/fixturlaser-at-100-volli-joondamise-tooriist#primaryimage"},"thumbnailUrl":"https:\/\/www.axiomams.eu\/wp-content\/uploads\/2025\/07\/3284-4348.jpg","datePublished":"2025-05-15T15:56:36+00:00","dateModified":"2026-02-02T12:29:36+00:00","breadcrumb":{"@id":"https:\/\/www.axiomams.eu\/et\/produktas\/fixturlaser-at-100-volli-joondamise-tooriist#breadcrumb"},"inLanguage":"et","potentialAction":[{"@type":"ReadAction","target":["https:\/\/www.axiomams.eu\/et\/produktas\/fixturlaser-at-100-volli-joondamise-tooriist"]}]},{"@type":"ImageObject","inLanguage":"et","@id":"https:\/\/www.axiomams.eu\/et\/produktas\/fixturlaser-at-100-volli-joondamise-tooriist#primaryimage","url":"https:\/\/www.axiomams.eu\/wp-content\/uploads\/2025\/07\/3284-4348.jpg","contentUrl":"https:\/\/www.axiomams.eu\/wp-content\/uploads\/2025\/07\/3284-4348.jpg","width":1010,"height":1020},{"@type":"BreadcrumbList","@id":"https:\/\/www.axiomams.eu\/et\/produktas\/fixturlaser-at-100-volli-joondamise-tooriist#breadcrumb","itemListElement":[{"@type":"ListItem","position":1,"name":"Home","item":"https:\/\/www.axiomams.eu\/et"},{"@type":"ListItem","position":2,"name":"Tooted","item":"https:\/\/www.axiomams.eu\/et\/tooted"},{"@type":"ListItem","position":3,"name":"Fixturlaser AT-100 v\u00f5lli joondamise t\u00f6\u00f6riist"}]},{"@type":"WebSite","@id":"https:\/\/www.axiomams.eu\/et#website","url":"https:\/\/www.axiomams.eu\/et","name":"AXIOMA MS","description":"Terrmovizoriai ir matavimo \u012franga","publisher":{"@id":"https:\/\/www.axiomams.eu\/et#organization"},"potentialAction":[{"@type":"SearchAction","target":{"@type":"EntryPoint","urlTemplate":"https:\/\/www.axiomams.eu\/et?s={search_term_string}"},"query-input":{"@type":"PropertyValueSpecification","valueRequired":true,"valueName":"search_term_string"}}],"inLanguage":"et"},{"@type":"Organization","@id":"https:\/\/www.axiomams.eu\/et#organization","name":"AXIOMA MS","url":"https:\/\/www.axiomams.eu\/et","logo":{"@type":"ImageObject","inLanguage":"et","@id":"https:\/\/www.axiomams.eu\/et#\/schema\/logo\/image\/","url":"https:\/\/www.axiomams.eu\/wp-content\/uploads\/2025\/06\/axioma-logo-2.png","contentUrl":"https:\/\/www.axiomams.eu\/wp-content\/uploads\/2025\/06\/axioma-logo-2.png","width":1200,"height":1200,"caption":"AXIOMA MS"},"image":{"@id":"https:\/\/www.axiomams.eu\/et#\/schema\/logo\/image\/"},"sameAs":["https:\/\/www.facebook.com\/AxiomaMS","https:\/\/www.linkedin.com\/company\/axiomams\/"]}]}},"_links":{"self":[{"href":"https:\/\/www.axiomams.eu\/et\/wp-json\/wp\/v2\/product\/40059","targetHints":{"allow":["GET"]}}],"collection":[{"href":"https:\/\/www.axiomams.eu\/et\/wp-json\/wp\/v2\/product"}],"about":[{"href":"https:\/\/www.axiomams.eu\/et\/wp-json\/wp\/v2\/types\/product"}],"replies":[{"embeddable":true,"href":"https:\/\/www.axiomams.eu\/et\/wp-json\/wp\/v2\/comments?post=40059"}],"wp:featuredmedia":[{"embeddable":true,"href":"https:\/\/www.axiomams.eu\/et\/wp-json\/wp\/v2\/media\/41627"}],"wp:attachment":[{"href":"https:\/\/www.axiomams.eu\/et\/wp-json\/wp\/v2\/media?parent=40059"}],"wp:term":[{"taxonomy":"product_brand","embeddable":true,"href":"https:\/\/www.axiomams.eu\/et\/wp-json\/wp\/v2\/product_brand?post=40059"},{"taxonomy":"product_cat","embeddable":true,"href":"https:\/\/www.axiomams.eu\/et\/wp-json\/wp\/v2\/product_cat?post=40059"},{"taxonomy":"product_tag","embeddable":true,"href":"https:\/\/www.axiomams.eu\/et\/wp-json\/wp\/v2\/product_tag?post=40059"}],"curies":[{"name":"wp","href":"https:\/\/api.w.org\/{rel}","templated":true}]}}