{"id":40062,"date":"2025-06-12T16:04:58","date_gmt":"2025-06-12T14:04:58","guid":{"rendered":"https:\/\/www.axiomams.eu\/produktas\/pulsar-axion-compact-xg30-termokaamera"},"modified":"2026-02-02T14:29:36","modified_gmt":"2026-02-02T12:29:36","slug":"pulsar-axion-compact-xg30-termokaamera","status":"publish","type":"product","link":"https:\/\/www.axiomams.eu\/et\/produktas\/pulsar-axion-compact-xg30-termokaamera","title":{"rendered":"Pulsar Axion Compact XG30 termokaamera"},"content":{"rendered":"<p>Astu sisse termilise n\u00e4gemise maailma koos Pulsar Axion soojuskujutise monokliga. Meie k\u00f5ige kompaktsemad ja taskukohasemad seadmed sobivad ideaalselt neile jahimeestele, kes soovivad uurida termilise n\u00e4gemise v\u00f5imalusi, ilma et nad panga raha l\u00f5hkuksid.<br \/>\nNeed sobivad \u00fchte k\u00e4tte ja on kerged kaasas kanda, kuid pakuvad siiski k\u00f5rget soojustundlikkust ja muid esmaklassilisi funktsioone, sealhulgas Wi-Fi-\u00fchenduvust ja meie uusimaid pildit\u00f6\u00f6tlusalgoritme.<\/p>\n<p><b>Euroopas valmistatud termopildiandurid<\/b><br \/>\nAxion Compact seeria on ideaalne skaneerimiseks ja ulukite leidmiseks. Euroopas valmistatud kvaliteetsed sensorid tagavad suurep\u00e4rase pildi k\u00f5ikides tingimustes.<\/p>\n<p><b>Tasku suurusega m\u00f5\u00f5tmed ja kerge kaal<\/b><br \/>\nAxion monokulaarid on ruumi s\u00e4\u00e4stva ja taskusse mahtuva disainiga ning kaaluvad alla 300 grammi, mis teeb neist parimad soojuskujutismonokulaarid neile, kes otsivad t\u00f5eliselt kompaktset varianti nii jahinduses kui ka turismis. Seadet on lihtne haarata ja k\u00e4sitseda nii parem- kui ka vasakuk\u00e4elistel t\u00e4nu nuppude s\u00fcmmeetrilisele paigutusele \u00fclemisel paneelil.<\/p>\n<p><b>Liigne vaatev\u00e4li lihtsaks skaneerimiseks<\/b><br \/>\nAxion Compact monokulaaril on lai vaatev\u00e4li, mis lihtsustab skaneerimist ja kuumade objektide otsimist. Lai vaatev\u00e4li v\u00f5imaldab vaatlejal kiiresti m\u00e4rgata k\u00f5ik kuumad objektid ja keskenduda k\u00f5ige huvitavamatele, hoides samal ajal kogu stseeni silmapiiril.<\/p>\n<p><b>Foto- ja videosalvestus<\/b><br \/>\nSisseehitatud videosalvesti on suureks abiks, kui on vaja filmida v\u00f5i pildistada kordal\u00e4inud elamusi. \u00dche REC-nupu vajutusega j\u00e4\u00e4dvustad filmimaterjali, mida saab h\u00f5lpsasti jagada kolleegide, s\u00f5prade ja pereliikmetega.  Seadme sisem\u00e4lu tagab mitu tundi salvestatud videot ja hulgaliselt fotosid.<\/p>\n<p><b>Kindlast magneesiumsulamist korpus<\/b><br \/>\nAxion on m\u00f5eldud pidevaks, sageli raskeks kasutamiseks. Magneesiumsulamist korpus on samal ajal kerge ja tugev. Korpus kaitseb soojuskaameraseadme sisemisi komponente usaldusv\u00e4\u00e4rselt l\u00f6\u00f6kide, kukkumiste, niiskuse, kuumuse v\u00f5i k\u00fclma eest. Samal ajal eemaldab metallkorpus t\u00f5husalt soojuse elektroonikast, minimeerib pildim\u00fcra ja suurendab seadme t\u00f6\u00f6 j\u00e4rjepidevust pikaajalise vaatluse ajal.<\/p>\n<p><b>Tundlikkuse v\u00f5imendustasemed<\/b><br \/>\n3 v\u00f5imendustaset koos uute filtreerimisalgoritmide ning heleduse ja kontrasti peenreguleerimisega suurendavad jahimehe v\u00f5imalusi loomade varajaseks avastamiseks rasketes ilmastikutingimustes ja suure niiskuse tingimustes. Need seadistused tagavad vaatlusstseeni siht- ja taustobjektide optimaalse kujutamise.<\/p>\n<p><b>8 v\u00e4rvipaleti valik<\/b><br \/>\n8 v\u00e4rvipaleti valik v\u00f5imaldab kasutajal oma vaatev\u00e4lja t\u00f5husamalt j\u00e4lgida, v\u00f5imaldades seadet optimeerida konkreetsete \u00fclesannete jaoks ning reageerida muutuvatele vaatlustingimustele. White Hot, Black Hot ja Red Hot on optimaalsed objektide tuvastamiseks, Rainbow ja Ultramarine aitavad suurendada v\u00f5imalusi \u00e4ratundmiseks ja identifitseerimiseks. Red Monochrome, Sepia ja Violet sobivad k\u00f5ige paremini pika vaatluse jaoks \u00f6\u00f6sel.<\/p>\n<p><b>Stream Vision 2 rakenduse tugi iOS ja Android jaoks<\/b><br \/>\nSisseehitatud Wi-Fi moodul \u00fchendab seadme kas Android v\u00f5i iOS nutitelefonidega, kasutades Stream Vision 2 mobiilirakendust. See kombinatsioon avab laiad v\u00f5imalused: juhtmevaba seadme tarkvara uuendamine, reaalajas pildi edastamine mobiilseadme ekraanile, digifunktsioonide kaugjuhtimine ja palju muud. Rakenduses registreeritud kasutajatele pakutakse seadmega tehtud fotode ja videote jaoks pilvesalvestusruumi.<\/p>\n<p><iframe loading=\"lazy\" width=\"560\" height=\"315\" src=\"https:\/\/www.youtube.com\/embed\/Q-X2kpp165U?si=tSrh3L9nI30acvYn\" title=\"YouTube videopleier\" frameborder=\"0\" allow=\"accelerometer; autoplay; clipboard-write; encrypted-media; gyroscope; picture-in-picture; web-share\" referrerpolicy=\"strict-origin-when-cross-origin\" allowfullscreen><\/iframe><\/p>\n","protected":false},"excerpt":{"rendered":"<p>Astu sisse termilise n\u00e4gemise maailma koos Pulsar Axion soojuskujutise monokliga. Meie k\u00f5ige kompaktsemad ja taskukohasemad seadmed sobivad ideaalselt neile jahimeestele, kes soovivad uurida termilise n\u00e4gemise v\u00f5imalusi, ilma et nad panga raha l\u00f5hkuksid. Need sobivad \u00fchte k\u00e4tte ja on kerged kaasas kanda, kuid pakuvad siiski k\u00f5rget soojustundlikkust ja muid esmaklassilisi funktsioone, sealhulgas Wi-Fi-\u00fchenduvust ja meie uusimaid&#8230;<\/p>\n","protected":false},"featured_media":41633,"comment_status":"open","ping_status":"closed","template":"","meta":{"_acf_changed":false},"product_brand":[17695],"product_cat":[17799],"product_tag":[],"class_list":{"0":"post-40062","1":"product","2":"type-product","3":"status-publish","4":"has-post-thumbnail","6":"product_brand-pulsar","7":"product_cat-jahindamiseks-ja-vaatlemiseks","9":"first","10":"instock","11":"taxable","12":"shipping-taxable","13":"purchasable","14":"product-type-simple"},"acf":[],"yoast_head":"<!-- This site is optimized with the Yoast SEO plugin v27.0 - https:\/\/yoast.com\/product\/yoast-seo-wordpress\/ -->\n<title>Pulsar Axion Compact XG30 termokaamera - AXIOMA MS<\/title>\n<meta name=\"robots\" content=\"index, follow, max-snippet:-1, max-image-preview:large, max-video-preview:-1\" \/>\n<link rel=\"canonical\" href=\"https:\/\/www.axiomams.eu\/et\/produktas\/pulsar-axion-compact-xg30-termokaamera\" \/>\n<meta property=\"og:locale\" content=\"et_EE\" \/>\n<meta property=\"og:type\" content=\"article\" \/>\n<meta property=\"og:title\" content=\"Pulsar Axion Compact XG30 termokaamera - AXIOMA MS\" \/>\n<meta property=\"og:description\" content=\"Astu sisse termilise n\u00e4gemise maailma koos Pulsar Axion soojuskujutise monokliga. Meie k\u00f5ige kompaktsemad ja taskukohasemad seadmed sobivad ideaalselt neile jahimeestele, kes soovivad uurida termilise n\u00e4gemise v\u00f5imalusi, ilma et nad panga raha l\u00f5hkuksid. Need sobivad \u00fchte k\u00e4tte ja on kerged kaasas kanda, kuid pakuvad siiski k\u00f5rget soojustundlikkust ja muid esmaklassilisi funktsioone, sealhulgas Wi-Fi-\u00fchenduvust ja meie uusimaid...\" \/>\n<meta property=\"og:url\" content=\"https:\/\/www.axiomams.eu\/et\/produktas\/pulsar-axion-compact-xg30-termokaamera\" \/>\n<meta property=\"og:site_name\" content=\"AXIOMA MS\" \/>\n<meta property=\"article:publisher\" content=\"https:\/\/www.facebook.com\/AxiomaMS\" \/>\n<meta property=\"article:modified_time\" content=\"2026-02-02T12:29:36+00:00\" \/>\n<meta property=\"og:image\" content=\"https:\/\/www.axiomams.eu\/wp-content\/uploads\/2025\/07\/4620-5943.jpg\" \/>\n\t<meta property=\"og:image:width\" content=\"600\" \/>\n\t<meta property=\"og:image:height\" content=\"600\" \/>\n\t<meta property=\"og:image:type\" content=\"image\/jpeg\" \/>\n<meta name=\"twitter:card\" content=\"summary_large_image\" \/>\n<meta name=\"twitter:label1\" content=\"Est. reading time\" \/>\n\t<meta name=\"twitter:data1\" content=\"2 minut\" \/>\n<script type=\"application\/ld+json\" class=\"yoast-schema-graph\">{\"@context\":\"https:\/\/schema.org\",\"@graph\":[{\"@type\":\"WebPage\",\"@id\":\"https:\/\/www.axiomams.eu\/et\/produktas\/pulsar-axion-compact-xg30-termokaamera\",\"url\":\"https:\/\/www.axiomams.eu\/et\/produktas\/pulsar-axion-compact-xg30-termokaamera\",\"name\":\"Pulsar Axion Compact XG30 termokaamera - AXIOMA MS\",\"isPartOf\":{\"@id\":\"https:\/\/www.axiomams.eu\/et#website\"},\"primaryImageOfPage\":{\"@id\":\"https:\/\/www.axiomams.eu\/et\/produktas\/pulsar-axion-compact-xg30-termokaamera#primaryimage\"},\"image\":{\"@id\":\"https:\/\/www.axiomams.eu\/et\/produktas\/pulsar-axion-compact-xg30-termokaamera#primaryimage\"},\"thumbnailUrl\":\"https:\/\/www.axiomams.eu\/wp-content\/uploads\/2025\/07\/4620-5943.jpg\",\"datePublished\":\"2025-06-12T14:04:58+00:00\",\"dateModified\":\"2026-02-02T12:29:36+00:00\",\"breadcrumb\":{\"@id\":\"https:\/\/www.axiomams.eu\/et\/produktas\/pulsar-axion-compact-xg30-termokaamera#breadcrumb\"},\"inLanguage\":\"et\",\"potentialAction\":[{\"@type\":\"ReadAction\",\"target\":[\"https:\/\/www.axiomams.eu\/et\/produktas\/pulsar-axion-compact-xg30-termokaamera\"]}]},{\"@type\":\"ImageObject\",\"inLanguage\":\"et\",\"@id\":\"https:\/\/www.axiomams.eu\/et\/produktas\/pulsar-axion-compact-xg30-termokaamera#primaryimage\",\"url\":\"https:\/\/www.axiomams.eu\/wp-content\/uploads\/2025\/07\/4620-5943.jpg\",\"contentUrl\":\"https:\/\/www.axiomams.eu\/wp-content\/uploads\/2025\/07\/4620-5943.jpg\",\"width\":600,\"height\":600},{\"@type\":\"BreadcrumbList\",\"@id\":\"https:\/\/www.axiomams.eu\/et\/produktas\/pulsar-axion-compact-xg30-termokaamera#breadcrumb\",\"itemListElement\":[{\"@type\":\"ListItem\",\"position\":1,\"name\":\"Home\",\"item\":\"https:\/\/www.axiomams.eu\/et\"},{\"@type\":\"ListItem\",\"position\":2,\"name\":\"Tooted\",\"item\":\"https:\/\/www.axiomams.eu\/et\/tooted\"},{\"@type\":\"ListItem\",\"position\":3,\"name\":\"Pulsar Axion Compact XG30 termokaamera\"}]},{\"@type\":\"WebSite\",\"@id\":\"https:\/\/www.axiomams.eu\/et#website\",\"url\":\"https:\/\/www.axiomams.eu\/et\",\"name\":\"AXIOMA MS\",\"description\":\"Terrmovizoriai ir matavimo \u012franga\",\"publisher\":{\"@id\":\"https:\/\/www.axiomams.eu\/et#organization\"},\"potentialAction\":[{\"@type\":\"SearchAction\",\"target\":{\"@type\":\"EntryPoint\",\"urlTemplate\":\"https:\/\/www.axiomams.eu\/et?s={search_term_string}\"},\"query-input\":{\"@type\":\"PropertyValueSpecification\",\"valueRequired\":true,\"valueName\":\"search_term_string\"}}],\"inLanguage\":\"et\"},{\"@type\":\"Organization\",\"@id\":\"https:\/\/www.axiomams.eu\/et#organization\",\"name\":\"AXIOMA MS\",\"url\":\"https:\/\/www.axiomams.eu\/et\",\"logo\":{\"@type\":\"ImageObject\",\"inLanguage\":\"et\",\"@id\":\"https:\/\/www.axiomams.eu\/et#\/schema\/logo\/image\/\",\"url\":\"https:\/\/www.axiomams.eu\/wp-content\/uploads\/2025\/06\/axioma-logo-2.png\",\"contentUrl\":\"https:\/\/www.axiomams.eu\/wp-content\/uploads\/2025\/06\/axioma-logo-2.png\",\"width\":1200,\"height\":1200,\"caption\":\"AXIOMA MS\"},\"image\":{\"@id\":\"https:\/\/www.axiomams.eu\/et#\/schema\/logo\/image\/\"},\"sameAs\":[\"https:\/\/www.facebook.com\/AxiomaMS\",\"https:\/\/www.linkedin.com\/company\/axiomams\/\"]}]}<\/script>\n<!-- \/ Yoast SEO plugin. -->","yoast_head_json":{"title":"Pulsar Axion Compact XG30 termokaamera - AXIOMA MS","robots":{"index":"index","follow":"follow","max-snippet":"max-snippet:-1","max-image-preview":"max-image-preview:large","max-video-preview":"max-video-preview:-1"},"canonical":"https:\/\/www.axiomams.eu\/et\/produktas\/pulsar-axion-compact-xg30-termokaamera","og_locale":"et_EE","og_type":"article","og_title":"Pulsar Axion Compact XG30 termokaamera - AXIOMA MS","og_description":"Astu sisse termilise n\u00e4gemise maailma koos Pulsar Axion soojuskujutise monokliga. Meie k\u00f5ige kompaktsemad ja taskukohasemad seadmed sobivad ideaalselt neile jahimeestele, kes soovivad uurida termilise n\u00e4gemise v\u00f5imalusi, ilma et nad panga raha l\u00f5hkuksid. Need sobivad \u00fchte k\u00e4tte ja on kerged kaasas kanda, kuid pakuvad siiski k\u00f5rget soojustundlikkust ja muid esmaklassilisi funktsioone, sealhulgas Wi-Fi-\u00fchenduvust ja meie uusimaid...","og_url":"https:\/\/www.axiomams.eu\/et\/produktas\/pulsar-axion-compact-xg30-termokaamera","og_site_name":"AXIOMA MS","article_publisher":"https:\/\/www.facebook.com\/AxiomaMS","article_modified_time":"2026-02-02T12:29:36+00:00","og_image":[{"width":600,"height":600,"url":"https:\/\/www.axiomams.eu\/wp-content\/uploads\/2025\/07\/4620-5943.jpg","type":"image\/jpeg"}],"twitter_card":"summary_large_image","twitter_misc":{"Est. reading time":"2 minut"},"schema":{"@context":"https:\/\/schema.org","@graph":[{"@type":"WebPage","@id":"https:\/\/www.axiomams.eu\/et\/produktas\/pulsar-axion-compact-xg30-termokaamera","url":"https:\/\/www.axiomams.eu\/et\/produktas\/pulsar-axion-compact-xg30-termokaamera","name":"Pulsar Axion Compact XG30 termokaamera - AXIOMA MS","isPartOf":{"@id":"https:\/\/www.axiomams.eu\/et#website"},"primaryImageOfPage":{"@id":"https:\/\/www.axiomams.eu\/et\/produktas\/pulsar-axion-compact-xg30-termokaamera#primaryimage"},"image":{"@id":"https:\/\/www.axiomams.eu\/et\/produktas\/pulsar-axion-compact-xg30-termokaamera#primaryimage"},"thumbnailUrl":"https:\/\/www.axiomams.eu\/wp-content\/uploads\/2025\/07\/4620-5943.jpg","datePublished":"2025-06-12T14:04:58+00:00","dateModified":"2026-02-02T12:29:36+00:00","breadcrumb":{"@id":"https:\/\/www.axiomams.eu\/et\/produktas\/pulsar-axion-compact-xg30-termokaamera#breadcrumb"},"inLanguage":"et","potentialAction":[{"@type":"ReadAction","target":["https:\/\/www.axiomams.eu\/et\/produktas\/pulsar-axion-compact-xg30-termokaamera"]}]},{"@type":"ImageObject","inLanguage":"et","@id":"https:\/\/www.axiomams.eu\/et\/produktas\/pulsar-axion-compact-xg30-termokaamera#primaryimage","url":"https:\/\/www.axiomams.eu\/wp-content\/uploads\/2025\/07\/4620-5943.jpg","contentUrl":"https:\/\/www.axiomams.eu\/wp-content\/uploads\/2025\/07\/4620-5943.jpg","width":600,"height":600},{"@type":"BreadcrumbList","@id":"https:\/\/www.axiomams.eu\/et\/produktas\/pulsar-axion-compact-xg30-termokaamera#breadcrumb","itemListElement":[{"@type":"ListItem","position":1,"name":"Home","item":"https:\/\/www.axiomams.eu\/et"},{"@type":"ListItem","position":2,"name":"Tooted","item":"https:\/\/www.axiomams.eu\/et\/tooted"},{"@type":"ListItem","position":3,"name":"Pulsar Axion Compact XG30 termokaamera"}]},{"@type":"WebSite","@id":"https:\/\/www.axiomams.eu\/et#website","url":"https:\/\/www.axiomams.eu\/et","name":"AXIOMA MS","description":"Terrmovizoriai ir matavimo \u012franga","publisher":{"@id":"https:\/\/www.axiomams.eu\/et#organization"},"potentialAction":[{"@type":"SearchAction","target":{"@type":"EntryPoint","urlTemplate":"https:\/\/www.axiomams.eu\/et?s={search_term_string}"},"query-input":{"@type":"PropertyValueSpecification","valueRequired":true,"valueName":"search_term_string"}}],"inLanguage":"et"},{"@type":"Organization","@id":"https:\/\/www.axiomams.eu\/et#organization","name":"AXIOMA MS","url":"https:\/\/www.axiomams.eu\/et","logo":{"@type":"ImageObject","inLanguage":"et","@id":"https:\/\/www.axiomams.eu\/et#\/schema\/logo\/image\/","url":"https:\/\/www.axiomams.eu\/wp-content\/uploads\/2025\/06\/axioma-logo-2.png","contentUrl":"https:\/\/www.axiomams.eu\/wp-content\/uploads\/2025\/06\/axioma-logo-2.png","width":1200,"height":1200,"caption":"AXIOMA MS"},"image":{"@id":"https:\/\/www.axiomams.eu\/et#\/schema\/logo\/image\/"},"sameAs":["https:\/\/www.facebook.com\/AxiomaMS","https:\/\/www.linkedin.com\/company\/axiomams\/"]}]}},"_links":{"self":[{"href":"https:\/\/www.axiomams.eu\/et\/wp-json\/wp\/v2\/product\/40062","targetHints":{"allow":["GET"]}}],"collection":[{"href":"https:\/\/www.axiomams.eu\/et\/wp-json\/wp\/v2\/product"}],"about":[{"href":"https:\/\/www.axiomams.eu\/et\/wp-json\/wp\/v2\/types\/product"}],"replies":[{"embeddable":true,"href":"https:\/\/www.axiomams.eu\/et\/wp-json\/wp\/v2\/comments?post=40062"}],"wp:featuredmedia":[{"embeddable":true,"href":"https:\/\/www.axiomams.eu\/et\/wp-json\/wp\/v2\/media\/41633"}],"wp:attachment":[{"href":"https:\/\/www.axiomams.eu\/et\/wp-json\/wp\/v2\/media?parent=40062"}],"wp:term":[{"taxonomy":"product_brand","embeddable":true,"href":"https:\/\/www.axiomams.eu\/et\/wp-json\/wp\/v2\/product_brand?post=40062"},{"taxonomy":"product_cat","embeddable":true,"href":"https:\/\/www.axiomams.eu\/et\/wp-json\/wp\/v2\/product_cat?post=40062"},{"taxonomy":"product_tag","embeddable":true,"href":"https:\/\/www.axiomams.eu\/et\/wp-json\/wp\/v2\/product_tag?post=40062"}],"curies":[{"name":"wp","href":"https:\/\/api.w.org\/{rel}","templated":true}]}}