{"id":40072,"date":"2025-05-15T17:56:56","date_gmt":"2025-05-15T15:56:56","guid":{"rendered":"https:\/\/www.axiomams.eu\/produktas\/chauvin-arnoux-c-a-6416-maandusklamber"},"modified":"2026-02-02T14:29:41","modified_gmt":"2026-02-02T12:29:41","slug":"chauvin-arnoux-c-a-6416-maandusklamber","status":"publish","type":"product","link":"https:\/\/www.axiomams.eu\/et\/produktas\/chauvin-arnoux-c-a-6416-maandusklamber","title":{"rendered":"Chauvin Arnoux C.A 6416 maandusklamber"},"content":{"rendered":"<p>Chauvin Arnoux C.A 6416 &#8211; maandustakistuse m\u00f5\u00f5teklamber. C.A 6416 on eriti lihtne kasutada t\u00e4nu sellistele ergonoomilistele uuendustele nagu j\u00f5ukompensatsioonis\u00fcsteem, mis hoiab klambri lahti ilma igasuguse pingutuseta, OLED-ekraan, mis tagab n\u00e4htavuse 180\u00b0 nurga all, olenemata valgustingimustest. Automaatne PRE-HOLD-funktsioon klambri avamisel ja automaatne l\u00f5ualuu kalibreerimise funktsioon sissel\u00fclitamisel aitavad optimeerida klambrite poolt pakutavate m\u00f5\u00f5tmiste t\u00f6\u00f6tlemist.<\/p>\n<p>C.A 6416 v\u00f5imaldab kasutajatel kuvada impedantsi ka v\u00f5rgu sagedusele l\u00e4hedase sagedusega, v\u00e4hendades seega m\u00f5\u00f5tmisvigu madalate v\u00e4\u00e4rtuste puhul.<\/p>\n<p>Standardkomplekt: 1 klamber, mis tarnitakse kandekotis koos 4 x 1,5 V patareiga, 1 CD-Rom, mis sisaldab kasutusjuhendit 5 keeles.<\/p>\n<h3>Tehniline teave:<\/h3>\n<ul>\n<li><a href=\"https:\/\/axiomams.eu\/importer\/export\/attachments\/en\/chauvin-arnoux-c.a-6416.pdf\" target=\"_blank\">Chauvin Arnoux C.A 6416.pdf<\/a><\/li>\n<\/ul>\n","protected":false},"excerpt":{"rendered":"<p>Chauvin Arnoux C.A 6416 &#8211; maandustakistuse m\u00f5\u00f5teklamber. C.A 6416 on eriti lihtne kasutada t\u00e4nu sellistele ergonoomilistele uuendustele nagu j\u00f5ukompensatsioonis\u00fcsteem, mis hoiab klambri lahti ilma igasuguse pingutuseta, OLED-ekraan, mis tagab n\u00e4htavuse 180\u00b0 nurga all, olenemata valgustingimustest. Automaatne PRE-HOLD-funktsioon klambri avamisel ja automaatne l\u00f5ualuu kalibreerimise funktsioon sissel\u00fclitamisel aitavad optimeerida klambrite poolt pakutavate m\u00f5\u00f5tmiste t\u00f6\u00f6tlemist. C.A 6416 v\u00f5imaldab&#8230;<\/p>\n","protected":false},"featured_media":41655,"comment_status":"open","ping_status":"closed","template":"","meta":{"_acf_changed":false},"product_brand":[729],"product_cat":[17778],"product_tag":[],"class_list":{"0":"post-40072","1":"product","2":"type-product","3":"status-publish","4":"has-post-thumbnail","6":"product_brand-chauvin-arnoux","7":"product_cat-elektrijuhtmete-kontrollimiseks","9":"first","10":"instock","11":"taxable","12":"shipping-taxable","13":"purchasable","14":"product-type-simple"},"acf":[],"yoast_head":"<!-- This site is optimized with the Yoast SEO plugin v27.0 - https:\/\/yoast.com\/product\/yoast-seo-wordpress\/ -->\n<title>Chauvin Arnoux C.A 6416 maandusklamber - AXIOMA MS<\/title>\n<meta name=\"robots\" content=\"index, follow, max-snippet:-1, max-image-preview:large, max-video-preview:-1\" \/>\n<link rel=\"canonical\" href=\"https:\/\/www.axiomams.eu\/et\/produktas\/chauvin-arnoux-c-a-6416-maandusklamber\" \/>\n<meta property=\"og:locale\" content=\"et_EE\" \/>\n<meta property=\"og:type\" content=\"article\" \/>\n<meta property=\"og:title\" content=\"Chauvin Arnoux C.A 6416 maandusklamber - AXIOMA MS\" \/>\n<meta property=\"og:description\" content=\"Chauvin Arnoux C.A 6416 &#8211; maandustakistuse m\u00f5\u00f5teklamber. C.A 6416 on eriti lihtne kasutada t\u00e4nu sellistele ergonoomilistele uuendustele nagu j\u00f5ukompensatsioonis\u00fcsteem, mis hoiab klambri lahti ilma igasuguse pingutuseta, OLED-ekraan, mis tagab n\u00e4htavuse 180\u00b0 nurga all, olenemata valgustingimustest. Automaatne PRE-HOLD-funktsioon klambri avamisel ja automaatne l\u00f5ualuu kalibreerimise funktsioon sissel\u00fclitamisel aitavad optimeerida klambrite poolt pakutavate m\u00f5\u00f5tmiste t\u00f6\u00f6tlemist. C.A 6416 v\u00f5imaldab...\" \/>\n<meta property=\"og:url\" content=\"https:\/\/www.axiomams.eu\/et\/produktas\/chauvin-arnoux-c-a-6416-maandusklamber\" \/>\n<meta property=\"og:site_name\" content=\"AXIOMA MS\" \/>\n<meta property=\"article:publisher\" content=\"https:\/\/www.facebook.com\/AxiomaMS\" \/>\n<meta property=\"article:modified_time\" content=\"2026-02-02T12:29:41+00:00\" \/>\n<meta property=\"og:image\" content=\"https:\/\/www.axiomams.eu\/wp-content\/uploads\/2025\/07\/533-2820.jpg\" \/>\n\t<meta property=\"og:image:width\" content=\"589\" \/>\n\t<meta property=\"og:image:height\" content=\"508\" \/>\n\t<meta property=\"og:image:type\" content=\"image\/jpeg\" \/>\n<meta name=\"twitter:card\" content=\"summary_large_image\" \/>\n<meta name=\"twitter:label1\" content=\"Est. reading time\" \/>\n\t<meta name=\"twitter:data1\" content=\"1 minut\" \/>\n<script type=\"application\/ld+json\" class=\"yoast-schema-graph\">{\"@context\":\"https:\/\/schema.org\",\"@graph\":[{\"@type\":\"WebPage\",\"@id\":\"https:\/\/www.axiomams.eu\/et\/produktas\/chauvin-arnoux-c-a-6416-maandusklamber\",\"url\":\"https:\/\/www.axiomams.eu\/et\/produktas\/chauvin-arnoux-c-a-6416-maandusklamber\",\"name\":\"Chauvin Arnoux C.A 6416 maandusklamber - AXIOMA MS\",\"isPartOf\":{\"@id\":\"https:\/\/www.axiomams.eu\/et#website\"},\"primaryImageOfPage\":{\"@id\":\"https:\/\/www.axiomams.eu\/et\/produktas\/chauvin-arnoux-c-a-6416-maandusklamber#primaryimage\"},\"image\":{\"@id\":\"https:\/\/www.axiomams.eu\/et\/produktas\/chauvin-arnoux-c-a-6416-maandusklamber#primaryimage\"},\"thumbnailUrl\":\"https:\/\/www.axiomams.eu\/wp-content\/uploads\/2025\/07\/533-2820.jpg\",\"datePublished\":\"2025-05-15T15:56:56+00:00\",\"dateModified\":\"2026-02-02T12:29:41+00:00\",\"breadcrumb\":{\"@id\":\"https:\/\/www.axiomams.eu\/et\/produktas\/chauvin-arnoux-c-a-6416-maandusklamber#breadcrumb\"},\"inLanguage\":\"et\",\"potentialAction\":[{\"@type\":\"ReadAction\",\"target\":[\"https:\/\/www.axiomams.eu\/et\/produktas\/chauvin-arnoux-c-a-6416-maandusklamber\"]}]},{\"@type\":\"ImageObject\",\"inLanguage\":\"et\",\"@id\":\"https:\/\/www.axiomams.eu\/et\/produktas\/chauvin-arnoux-c-a-6416-maandusklamber#primaryimage\",\"url\":\"https:\/\/www.axiomams.eu\/wp-content\/uploads\/2025\/07\/533-2820.jpg\",\"contentUrl\":\"https:\/\/www.axiomams.eu\/wp-content\/uploads\/2025\/07\/533-2820.jpg\",\"width\":589,\"height\":508},{\"@type\":\"BreadcrumbList\",\"@id\":\"https:\/\/www.axiomams.eu\/et\/produktas\/chauvin-arnoux-c-a-6416-maandusklamber#breadcrumb\",\"itemListElement\":[{\"@type\":\"ListItem\",\"position\":1,\"name\":\"Home\",\"item\":\"https:\/\/www.axiomams.eu\/et\"},{\"@type\":\"ListItem\",\"position\":2,\"name\":\"Tooted\",\"item\":\"https:\/\/www.axiomams.eu\/et\/tooted\"},{\"@type\":\"ListItem\",\"position\":3,\"name\":\"Chauvin Arnoux C.A 6416 maandusklamber\"}]},{\"@type\":\"WebSite\",\"@id\":\"https:\/\/www.axiomams.eu\/et#website\",\"url\":\"https:\/\/www.axiomams.eu\/et\",\"name\":\"AXIOMA MS\",\"description\":\"Terrmovizoriai ir matavimo \u012franga\",\"publisher\":{\"@id\":\"https:\/\/www.axiomams.eu\/et#organization\"},\"potentialAction\":[{\"@type\":\"SearchAction\",\"target\":{\"@type\":\"EntryPoint\",\"urlTemplate\":\"https:\/\/www.axiomams.eu\/et?s={search_term_string}\"},\"query-input\":{\"@type\":\"PropertyValueSpecification\",\"valueRequired\":true,\"valueName\":\"search_term_string\"}}],\"inLanguage\":\"et\"},{\"@type\":\"Organization\",\"@id\":\"https:\/\/www.axiomams.eu\/et#organization\",\"name\":\"AXIOMA MS\",\"url\":\"https:\/\/www.axiomams.eu\/et\",\"logo\":{\"@type\":\"ImageObject\",\"inLanguage\":\"et\",\"@id\":\"https:\/\/www.axiomams.eu\/et#\/schema\/logo\/image\/\",\"url\":\"https:\/\/www.axiomams.eu\/wp-content\/uploads\/2025\/06\/axioma-logo-2.png\",\"contentUrl\":\"https:\/\/www.axiomams.eu\/wp-content\/uploads\/2025\/06\/axioma-logo-2.png\",\"width\":1200,\"height\":1200,\"caption\":\"AXIOMA MS\"},\"image\":{\"@id\":\"https:\/\/www.axiomams.eu\/et#\/schema\/logo\/image\/\"},\"sameAs\":[\"https:\/\/www.facebook.com\/AxiomaMS\",\"https:\/\/www.linkedin.com\/company\/axiomams\/\"]}]}<\/script>\n<!-- \/ Yoast SEO plugin. -->","yoast_head_json":{"title":"Chauvin Arnoux C.A 6416 maandusklamber - AXIOMA MS","robots":{"index":"index","follow":"follow","max-snippet":"max-snippet:-1","max-image-preview":"max-image-preview:large","max-video-preview":"max-video-preview:-1"},"canonical":"https:\/\/www.axiomams.eu\/et\/produktas\/chauvin-arnoux-c-a-6416-maandusklamber","og_locale":"et_EE","og_type":"article","og_title":"Chauvin Arnoux C.A 6416 maandusklamber - AXIOMA MS","og_description":"Chauvin Arnoux C.A 6416 &#8211; maandustakistuse m\u00f5\u00f5teklamber. C.A 6416 on eriti lihtne kasutada t\u00e4nu sellistele ergonoomilistele uuendustele nagu j\u00f5ukompensatsioonis\u00fcsteem, mis hoiab klambri lahti ilma igasuguse pingutuseta, OLED-ekraan, mis tagab n\u00e4htavuse 180\u00b0 nurga all, olenemata valgustingimustest. Automaatne PRE-HOLD-funktsioon klambri avamisel ja automaatne l\u00f5ualuu kalibreerimise funktsioon sissel\u00fclitamisel aitavad optimeerida klambrite poolt pakutavate m\u00f5\u00f5tmiste t\u00f6\u00f6tlemist. C.A 6416 v\u00f5imaldab...","og_url":"https:\/\/www.axiomams.eu\/et\/produktas\/chauvin-arnoux-c-a-6416-maandusklamber","og_site_name":"AXIOMA MS","article_publisher":"https:\/\/www.facebook.com\/AxiomaMS","article_modified_time":"2026-02-02T12:29:41+00:00","og_image":[{"width":589,"height":508,"url":"https:\/\/www.axiomams.eu\/wp-content\/uploads\/2025\/07\/533-2820.jpg","type":"image\/jpeg"}],"twitter_card":"summary_large_image","twitter_misc":{"Est. reading time":"1 minut"},"schema":{"@context":"https:\/\/schema.org","@graph":[{"@type":"WebPage","@id":"https:\/\/www.axiomams.eu\/et\/produktas\/chauvin-arnoux-c-a-6416-maandusklamber","url":"https:\/\/www.axiomams.eu\/et\/produktas\/chauvin-arnoux-c-a-6416-maandusklamber","name":"Chauvin Arnoux C.A 6416 maandusklamber - AXIOMA MS","isPartOf":{"@id":"https:\/\/www.axiomams.eu\/et#website"},"primaryImageOfPage":{"@id":"https:\/\/www.axiomams.eu\/et\/produktas\/chauvin-arnoux-c-a-6416-maandusklamber#primaryimage"},"image":{"@id":"https:\/\/www.axiomams.eu\/et\/produktas\/chauvin-arnoux-c-a-6416-maandusklamber#primaryimage"},"thumbnailUrl":"https:\/\/www.axiomams.eu\/wp-content\/uploads\/2025\/07\/533-2820.jpg","datePublished":"2025-05-15T15:56:56+00:00","dateModified":"2026-02-02T12:29:41+00:00","breadcrumb":{"@id":"https:\/\/www.axiomams.eu\/et\/produktas\/chauvin-arnoux-c-a-6416-maandusklamber#breadcrumb"},"inLanguage":"et","potentialAction":[{"@type":"ReadAction","target":["https:\/\/www.axiomams.eu\/et\/produktas\/chauvin-arnoux-c-a-6416-maandusklamber"]}]},{"@type":"ImageObject","inLanguage":"et","@id":"https:\/\/www.axiomams.eu\/et\/produktas\/chauvin-arnoux-c-a-6416-maandusklamber#primaryimage","url":"https:\/\/www.axiomams.eu\/wp-content\/uploads\/2025\/07\/533-2820.jpg","contentUrl":"https:\/\/www.axiomams.eu\/wp-content\/uploads\/2025\/07\/533-2820.jpg","width":589,"height":508},{"@type":"BreadcrumbList","@id":"https:\/\/www.axiomams.eu\/et\/produktas\/chauvin-arnoux-c-a-6416-maandusklamber#breadcrumb","itemListElement":[{"@type":"ListItem","position":1,"name":"Home","item":"https:\/\/www.axiomams.eu\/et"},{"@type":"ListItem","position":2,"name":"Tooted","item":"https:\/\/www.axiomams.eu\/et\/tooted"},{"@type":"ListItem","position":3,"name":"Chauvin Arnoux C.A 6416 maandusklamber"}]},{"@type":"WebSite","@id":"https:\/\/www.axiomams.eu\/et#website","url":"https:\/\/www.axiomams.eu\/et","name":"AXIOMA MS","description":"Terrmovizoriai ir matavimo \u012franga","publisher":{"@id":"https:\/\/www.axiomams.eu\/et#organization"},"potentialAction":[{"@type":"SearchAction","target":{"@type":"EntryPoint","urlTemplate":"https:\/\/www.axiomams.eu\/et?s={search_term_string}"},"query-input":{"@type":"PropertyValueSpecification","valueRequired":true,"valueName":"search_term_string"}}],"inLanguage":"et"},{"@type":"Organization","@id":"https:\/\/www.axiomams.eu\/et#organization","name":"AXIOMA MS","url":"https:\/\/www.axiomams.eu\/et","logo":{"@type":"ImageObject","inLanguage":"et","@id":"https:\/\/www.axiomams.eu\/et#\/schema\/logo\/image\/","url":"https:\/\/www.axiomams.eu\/wp-content\/uploads\/2025\/06\/axioma-logo-2.png","contentUrl":"https:\/\/www.axiomams.eu\/wp-content\/uploads\/2025\/06\/axioma-logo-2.png","width":1200,"height":1200,"caption":"AXIOMA MS"},"image":{"@id":"https:\/\/www.axiomams.eu\/et#\/schema\/logo\/image\/"},"sameAs":["https:\/\/www.facebook.com\/AxiomaMS","https:\/\/www.linkedin.com\/company\/axiomams\/"]}]}},"_links":{"self":[{"href":"https:\/\/www.axiomams.eu\/et\/wp-json\/wp\/v2\/product\/40072","targetHints":{"allow":["GET"]}}],"collection":[{"href":"https:\/\/www.axiomams.eu\/et\/wp-json\/wp\/v2\/product"}],"about":[{"href":"https:\/\/www.axiomams.eu\/et\/wp-json\/wp\/v2\/types\/product"}],"replies":[{"embeddable":true,"href":"https:\/\/www.axiomams.eu\/et\/wp-json\/wp\/v2\/comments?post=40072"}],"wp:featuredmedia":[{"embeddable":true,"href":"https:\/\/www.axiomams.eu\/et\/wp-json\/wp\/v2\/media\/41655"}],"wp:attachment":[{"href":"https:\/\/www.axiomams.eu\/et\/wp-json\/wp\/v2\/media?parent=40072"}],"wp:term":[{"taxonomy":"product_brand","embeddable":true,"href":"https:\/\/www.axiomams.eu\/et\/wp-json\/wp\/v2\/product_brand?post=40072"},{"taxonomy":"product_cat","embeddable":true,"href":"https:\/\/www.axiomams.eu\/et\/wp-json\/wp\/v2\/product_cat?post=40072"},{"taxonomy":"product_tag","embeddable":true,"href":"https:\/\/www.axiomams.eu\/et\/wp-json\/wp\/v2\/product_tag?post=40072"}],"curies":[{"name":"wp","href":"https:\/\/api.w.org\/{rel}","templated":true}]}}