{"id":40077,"date":"2025-05-15T17:56:58","date_gmt":"2025-05-15T15:56:58","guid":{"rendered":"https:\/\/www.axiomams.eu\/produktas\/chauvin-arnoux-c-a-6681-kaablidetektor"},"modified":"2026-02-02T14:29:44","modified_gmt":"2026-02-02T12:29:44","slug":"chauvin-arnoux-c-a-6681-kaablidetektor","status":"publish","type":"product","link":"https:\/\/www.axiomams.eu\/et\/produktas\/chauvin-arnoux-c-a-6681-kaablidetektor","title":{"rendered":"Chauvin Arnoux C.A 6681 kaablidetektor"},"content":{"rendered":"<p>Teie elamute hooldus-, renoveerimis- ja parendust\u00f6\u00f6del tuvastab C.A 6881 elektri- ja telekommunikatsioonikaablid, metalltorud ja isegi anomaaliad teie liinidel. Saatjat saab kasutada ka v\u00e4lise pinge m\u00f5\u00f5tmiseks.<\/p>\n<p>Standardkomplekt: C.A 6681E saatja ja C.A 6681R vastuv\u00f5tja tarnitakse k\u00f5vas karbis koos 1 komplekti punaste\/mustade 4 mm isoleeritud banaanijuhetega (sirge mees \/ k\u00fc\u00fcnarnukk), 1 komplekti 2 krokodilklambrit, 1 maanduspolt, 1 x 9 V patarei, 6 x 1,5 V AAA patareid, 1 m\u00f5\u00f5teadapter B22 pistikupesa jaoks (bajonett), 1 adapter E14 pistikupesa jaoks (keeratav), 1 v\u00f5rgupesa adapter ja 1 kasutusjuhend viies keeles.<\/p>\n<h3>Tehniline teave:<\/h3>\n<ul>\n<li><a href=\"https:\/\/axiomams.eu\/importer\/export\/attachments\/en\/ca-6681.pdf\" target=\"_blank\">CA 6681.pdf<\/a><\/li>\n<\/ul>\n","protected":false},"excerpt":{"rendered":"<p>Teie elamute hooldus-, renoveerimis- ja parendust\u00f6\u00f6del tuvastab C.A 6881 elektri- ja telekommunikatsioonikaablid, metalltorud ja isegi anomaaliad teie liinidel. Saatjat saab kasutada ka v\u00e4lise pinge m\u00f5\u00f5tmiseks. Standardkomplekt: C.A 6681E saatja ja C.A 6681R vastuv\u00f5tja tarnitakse k\u00f5vas karbis koos 1 komplekti punaste\/mustade 4 mm isoleeritud banaanijuhetega (sirge mees \/ k\u00fc\u00fcnarnukk), 1 komplekti 2 krokodilklambrit, 1 maanduspolt, 1&#8230;<\/p>\n","protected":false},"featured_media":41665,"comment_status":"open","ping_status":"closed","template":"","meta":{"_acf_changed":false},"product_brand":[729],"product_cat":[17782],"product_tag":[],"class_list":{"0":"post-40077","1":"product","2":"type-product","3":"status-publish","4":"has-post-thumbnail","6":"product_brand-chauvin-arnoux","7":"product_cat-kaablite-otsimiseks-ja-valimiseks","9":"first","10":"instock","11":"taxable","12":"shipping-taxable","13":"purchasable","14":"product-type-simple"},"acf":[],"yoast_head":"<!-- This site is optimized with the Yoast SEO plugin v27.0 - https:\/\/yoast.com\/product\/yoast-seo-wordpress\/ -->\n<title>Chauvin Arnoux C.A 6681 kaablidetektor - AXIOMA MS<\/title>\n<meta name=\"robots\" content=\"index, follow, max-snippet:-1, max-image-preview:large, max-video-preview:-1\" \/>\n<link rel=\"canonical\" href=\"https:\/\/www.axiomams.eu\/et\/produktas\/chauvin-arnoux-c-a-6681-kaablidetektor\" \/>\n<meta property=\"og:locale\" content=\"et_EE\" \/>\n<meta property=\"og:type\" content=\"article\" \/>\n<meta property=\"og:title\" content=\"Chauvin Arnoux C.A 6681 kaablidetektor - AXIOMA MS\" \/>\n<meta property=\"og:description\" content=\"Teie elamute hooldus-, renoveerimis- ja parendust\u00f6\u00f6del tuvastab C.A 6881 elektri- ja telekommunikatsioonikaablid, metalltorud ja isegi anomaaliad teie liinidel. Saatjat saab kasutada ka v\u00e4lise pinge m\u00f5\u00f5tmiseks. Standardkomplekt: C.A 6681E saatja ja C.A 6681R vastuv\u00f5tja tarnitakse k\u00f5vas karbis koos 1 komplekti punaste\/mustade 4 mm isoleeritud banaanijuhetega (sirge mees \/ k\u00fc\u00fcnarnukk), 1 komplekti 2 krokodilklambrit, 1 maanduspolt, 1...\" \/>\n<meta property=\"og:url\" content=\"https:\/\/www.axiomams.eu\/et\/produktas\/chauvin-arnoux-c-a-6681-kaablidetektor\" \/>\n<meta property=\"og:site_name\" content=\"AXIOMA MS\" \/>\n<meta property=\"article:publisher\" content=\"https:\/\/www.facebook.com\/AxiomaMS\" \/>\n<meta property=\"article:modified_time\" content=\"2026-02-02T12:29:44+00:00\" \/>\n<meta property=\"og:image\" content=\"https:\/\/www.axiomams.eu\/wp-content\/uploads\/2025\/07\/384-1400.png\" \/>\n\t<meta property=\"og:image:width\" content=\"671\" \/>\n\t<meta property=\"og:image:height\" content=\"610\" \/>\n\t<meta property=\"og:image:type\" content=\"image\/png\" \/>\n<meta name=\"twitter:card\" content=\"summary_large_image\" \/>\n<script type=\"application\/ld+json\" class=\"yoast-schema-graph\">{\"@context\":\"https:\/\/schema.org\",\"@graph\":[{\"@type\":\"WebPage\",\"@id\":\"https:\/\/www.axiomams.eu\/et\/produktas\/chauvin-arnoux-c-a-6681-kaablidetektor\",\"url\":\"https:\/\/www.axiomams.eu\/et\/produktas\/chauvin-arnoux-c-a-6681-kaablidetektor\",\"name\":\"Chauvin Arnoux C.A 6681 kaablidetektor - AXIOMA MS\",\"isPartOf\":{\"@id\":\"https:\/\/www.axiomams.eu\/et#website\"},\"primaryImageOfPage\":{\"@id\":\"https:\/\/www.axiomams.eu\/et\/produktas\/chauvin-arnoux-c-a-6681-kaablidetektor#primaryimage\"},\"image\":{\"@id\":\"https:\/\/www.axiomams.eu\/et\/produktas\/chauvin-arnoux-c-a-6681-kaablidetektor#primaryimage\"},\"thumbnailUrl\":\"https:\/\/www.axiomams.eu\/wp-content\/uploads\/2025\/07\/384-1400.png\",\"datePublished\":\"2025-05-15T15:56:58+00:00\",\"dateModified\":\"2026-02-02T12:29:44+00:00\",\"breadcrumb\":{\"@id\":\"https:\/\/www.axiomams.eu\/et\/produktas\/chauvin-arnoux-c-a-6681-kaablidetektor#breadcrumb\"},\"inLanguage\":\"et\",\"potentialAction\":[{\"@type\":\"ReadAction\",\"target\":[\"https:\/\/www.axiomams.eu\/et\/produktas\/chauvin-arnoux-c-a-6681-kaablidetektor\"]}]},{\"@type\":\"ImageObject\",\"inLanguage\":\"et\",\"@id\":\"https:\/\/www.axiomams.eu\/et\/produktas\/chauvin-arnoux-c-a-6681-kaablidetektor#primaryimage\",\"url\":\"https:\/\/www.axiomams.eu\/wp-content\/uploads\/2025\/07\/384-1400.png\",\"contentUrl\":\"https:\/\/www.axiomams.eu\/wp-content\/uploads\/2025\/07\/384-1400.png\",\"width\":671,\"height\":610},{\"@type\":\"BreadcrumbList\",\"@id\":\"https:\/\/www.axiomams.eu\/et\/produktas\/chauvin-arnoux-c-a-6681-kaablidetektor#breadcrumb\",\"itemListElement\":[{\"@type\":\"ListItem\",\"position\":1,\"name\":\"Home\",\"item\":\"https:\/\/www.axiomams.eu\/et\"},{\"@type\":\"ListItem\",\"position\":2,\"name\":\"Tooted\",\"item\":\"https:\/\/www.axiomams.eu\/et\/tooted\"},{\"@type\":\"ListItem\",\"position\":3,\"name\":\"Chauvin Arnoux C.A 6681 kaablidetektor\"}]},{\"@type\":\"WebSite\",\"@id\":\"https:\/\/www.axiomams.eu\/et#website\",\"url\":\"https:\/\/www.axiomams.eu\/et\",\"name\":\"AXIOMA MS\",\"description\":\"Terrmovizoriai ir matavimo \u012franga\",\"publisher\":{\"@id\":\"https:\/\/www.axiomams.eu\/et#organization\"},\"potentialAction\":[{\"@type\":\"SearchAction\",\"target\":{\"@type\":\"EntryPoint\",\"urlTemplate\":\"https:\/\/www.axiomams.eu\/et?s={search_term_string}\"},\"query-input\":{\"@type\":\"PropertyValueSpecification\",\"valueRequired\":true,\"valueName\":\"search_term_string\"}}],\"inLanguage\":\"et\"},{\"@type\":\"Organization\",\"@id\":\"https:\/\/www.axiomams.eu\/et#organization\",\"name\":\"AXIOMA MS\",\"url\":\"https:\/\/www.axiomams.eu\/et\",\"logo\":{\"@type\":\"ImageObject\",\"inLanguage\":\"et\",\"@id\":\"https:\/\/www.axiomams.eu\/et#\/schema\/logo\/image\/\",\"url\":\"https:\/\/www.axiomams.eu\/wp-content\/uploads\/2025\/06\/axioma-logo-2.png\",\"contentUrl\":\"https:\/\/www.axiomams.eu\/wp-content\/uploads\/2025\/06\/axioma-logo-2.png\",\"width\":1200,\"height\":1200,\"caption\":\"AXIOMA MS\"},\"image\":{\"@id\":\"https:\/\/www.axiomams.eu\/et#\/schema\/logo\/image\/\"},\"sameAs\":[\"https:\/\/www.facebook.com\/AxiomaMS\",\"https:\/\/www.linkedin.com\/company\/axiomams\/\"]}]}<\/script>\n<!-- \/ Yoast SEO plugin. -->","yoast_head_json":{"title":"Chauvin Arnoux C.A 6681 kaablidetektor - AXIOMA MS","robots":{"index":"index","follow":"follow","max-snippet":"max-snippet:-1","max-image-preview":"max-image-preview:large","max-video-preview":"max-video-preview:-1"},"canonical":"https:\/\/www.axiomams.eu\/et\/produktas\/chauvin-arnoux-c-a-6681-kaablidetektor","og_locale":"et_EE","og_type":"article","og_title":"Chauvin Arnoux C.A 6681 kaablidetektor - AXIOMA MS","og_description":"Teie elamute hooldus-, renoveerimis- ja parendust\u00f6\u00f6del tuvastab C.A 6881 elektri- ja telekommunikatsioonikaablid, metalltorud ja isegi anomaaliad teie liinidel. Saatjat saab kasutada ka v\u00e4lise pinge m\u00f5\u00f5tmiseks. Standardkomplekt: C.A 6681E saatja ja C.A 6681R vastuv\u00f5tja tarnitakse k\u00f5vas karbis koos 1 komplekti punaste\/mustade 4 mm isoleeritud banaanijuhetega (sirge mees \/ k\u00fc\u00fcnarnukk), 1 komplekti 2 krokodilklambrit, 1 maanduspolt, 1...","og_url":"https:\/\/www.axiomams.eu\/et\/produktas\/chauvin-arnoux-c-a-6681-kaablidetektor","og_site_name":"AXIOMA MS","article_publisher":"https:\/\/www.facebook.com\/AxiomaMS","article_modified_time":"2026-02-02T12:29:44+00:00","og_image":[{"width":671,"height":610,"url":"https:\/\/www.axiomams.eu\/wp-content\/uploads\/2025\/07\/384-1400.png","type":"image\/png"}],"twitter_card":"summary_large_image","schema":{"@context":"https:\/\/schema.org","@graph":[{"@type":"WebPage","@id":"https:\/\/www.axiomams.eu\/et\/produktas\/chauvin-arnoux-c-a-6681-kaablidetektor","url":"https:\/\/www.axiomams.eu\/et\/produktas\/chauvin-arnoux-c-a-6681-kaablidetektor","name":"Chauvin Arnoux C.A 6681 kaablidetektor - AXIOMA MS","isPartOf":{"@id":"https:\/\/www.axiomams.eu\/et#website"},"primaryImageOfPage":{"@id":"https:\/\/www.axiomams.eu\/et\/produktas\/chauvin-arnoux-c-a-6681-kaablidetektor#primaryimage"},"image":{"@id":"https:\/\/www.axiomams.eu\/et\/produktas\/chauvin-arnoux-c-a-6681-kaablidetektor#primaryimage"},"thumbnailUrl":"https:\/\/www.axiomams.eu\/wp-content\/uploads\/2025\/07\/384-1400.png","datePublished":"2025-05-15T15:56:58+00:00","dateModified":"2026-02-02T12:29:44+00:00","breadcrumb":{"@id":"https:\/\/www.axiomams.eu\/et\/produktas\/chauvin-arnoux-c-a-6681-kaablidetektor#breadcrumb"},"inLanguage":"et","potentialAction":[{"@type":"ReadAction","target":["https:\/\/www.axiomams.eu\/et\/produktas\/chauvin-arnoux-c-a-6681-kaablidetektor"]}]},{"@type":"ImageObject","inLanguage":"et","@id":"https:\/\/www.axiomams.eu\/et\/produktas\/chauvin-arnoux-c-a-6681-kaablidetektor#primaryimage","url":"https:\/\/www.axiomams.eu\/wp-content\/uploads\/2025\/07\/384-1400.png","contentUrl":"https:\/\/www.axiomams.eu\/wp-content\/uploads\/2025\/07\/384-1400.png","width":671,"height":610},{"@type":"BreadcrumbList","@id":"https:\/\/www.axiomams.eu\/et\/produktas\/chauvin-arnoux-c-a-6681-kaablidetektor#breadcrumb","itemListElement":[{"@type":"ListItem","position":1,"name":"Home","item":"https:\/\/www.axiomams.eu\/et"},{"@type":"ListItem","position":2,"name":"Tooted","item":"https:\/\/www.axiomams.eu\/et\/tooted"},{"@type":"ListItem","position":3,"name":"Chauvin Arnoux C.A 6681 kaablidetektor"}]},{"@type":"WebSite","@id":"https:\/\/www.axiomams.eu\/et#website","url":"https:\/\/www.axiomams.eu\/et","name":"AXIOMA MS","description":"Terrmovizoriai ir matavimo \u012franga","publisher":{"@id":"https:\/\/www.axiomams.eu\/et#organization"},"potentialAction":[{"@type":"SearchAction","target":{"@type":"EntryPoint","urlTemplate":"https:\/\/www.axiomams.eu\/et?s={search_term_string}"},"query-input":{"@type":"PropertyValueSpecification","valueRequired":true,"valueName":"search_term_string"}}],"inLanguage":"et"},{"@type":"Organization","@id":"https:\/\/www.axiomams.eu\/et#organization","name":"AXIOMA MS","url":"https:\/\/www.axiomams.eu\/et","logo":{"@type":"ImageObject","inLanguage":"et","@id":"https:\/\/www.axiomams.eu\/et#\/schema\/logo\/image\/","url":"https:\/\/www.axiomams.eu\/wp-content\/uploads\/2025\/06\/axioma-logo-2.png","contentUrl":"https:\/\/www.axiomams.eu\/wp-content\/uploads\/2025\/06\/axioma-logo-2.png","width":1200,"height":1200,"caption":"AXIOMA MS"},"image":{"@id":"https:\/\/www.axiomams.eu\/et#\/schema\/logo\/image\/"},"sameAs":["https:\/\/www.facebook.com\/AxiomaMS","https:\/\/www.linkedin.com\/company\/axiomams\/"]}]}},"_links":{"self":[{"href":"https:\/\/www.axiomams.eu\/et\/wp-json\/wp\/v2\/product\/40077","targetHints":{"allow":["GET"]}}],"collection":[{"href":"https:\/\/www.axiomams.eu\/et\/wp-json\/wp\/v2\/product"}],"about":[{"href":"https:\/\/www.axiomams.eu\/et\/wp-json\/wp\/v2\/types\/product"}],"replies":[{"embeddable":true,"href":"https:\/\/www.axiomams.eu\/et\/wp-json\/wp\/v2\/comments?post=40077"}],"wp:featuredmedia":[{"embeddable":true,"href":"https:\/\/www.axiomams.eu\/et\/wp-json\/wp\/v2\/media\/41665"}],"wp:attachment":[{"href":"https:\/\/www.axiomams.eu\/et\/wp-json\/wp\/v2\/media?parent=40077"}],"wp:term":[{"taxonomy":"product_brand","embeddable":true,"href":"https:\/\/www.axiomams.eu\/et\/wp-json\/wp\/v2\/product_brand?post=40077"},{"taxonomy":"product_cat","embeddable":true,"href":"https:\/\/www.axiomams.eu\/et\/wp-json\/wp\/v2\/product_cat?post=40077"},{"taxonomy":"product_tag","embeddable":true,"href":"https:\/\/www.axiomams.eu\/et\/wp-json\/wp\/v2\/product_tag?post=40077"}],"curies":[{"name":"wp","href":"https:\/\/api.w.org\/{rel}","templated":true}]}}