{"id":40085,"date":"2025-05-15T17:57:09","date_gmt":"2025-05-15T15:57:09","guid":{"rendered":"https:\/\/www.axiomams.eu\/produktas\/chauvin-arnoux-ca-10101-kaasaskantav-ph-mootja"},"modified":"2026-02-02T14:29:47","modified_gmt":"2026-02-02T12:29:47","slug":"chauvin-arnoux-ca-10101-kaasaskantav-ph-mootja","status":"publish","type":"product","link":"https:\/\/www.axiomams.eu\/et\/produktas\/chauvin-arnoux-ca-10101-kaasaskantav-ph-mootja","title":{"rendered":"Chauvin Arnoux CA 10101 Kaasaskantav pH-m\u00f5\u00f5tja"},"content":{"rendered":"<p>CHAUVIN ARNOUX CA 10101 kaasaskantav pH-meeter on ideaalne mobiilseks kasutamiseks: v\u00e4litingimustes, laboris v\u00f5i tootmises. Seda saab kasutada kiireteks, t\u00e4pseteks ja professionaalseteks pH, Redox-potentsiaali ja temperatuuri m\u00f5\u00f5tmisteks.<\/p>\n<p>See pH-meeter on kavandatud taluma raskeid tingimusi v\u00e4litingimustes v\u00f5i laboris ning sellel on vastupidav ja t\u00e4ielikult veekindel korpus, mis vastab standardile IP67. Lisaks sellele j\u00e4\u00e4b pesa veekindlaks ka siis, kui pH- v\u00f5i redoksandur ei ole \u00fchendatud. T\u00e4nu ergonoomilisele disainile ja l\u00f6\u00f6gikindlale kaitsekestvale \u00fcmbrisele sobib seade ideaalselt mobiilseks kasutamiseks.<\/p>\n<p>CA 10101 pH-meeter on varustatud laia multiekraaniga, mida on eriti lihtne lugeda. Taustavalgustus tagab selle selge n\u00e4htavuse ka pimedas keskkonnas.<\/p>\n<p>CA 10101 pH-meeter suudab soovi korral v\u00f5i automaatselt salvestada 100 000 v\u00e4\u00e4rtust. Seda saab \u00fchendada arvutiga USB-kaabli kaudu.<\/p>\n<p>Standardne komplekt: Chauvin Arnoux C.A 10101 pH-meeter, paikapidav korpus, pH-elektrood, 4 x AA v\u00f5i LR6 leelispatareid, kaitsekest, pH 4,01 ja pH 7,00 puhverlahused, 2 plastmassist m\u00f5\u00f5teklaasi, USB &#8211; micro USB kaabel, randmepael, kiirjuhendid.<\/p>\n<h3>Tehniline teave:<\/h3>\n<ul>\n<li><a href=\"https:\/\/axiomams.eu\/importer\/export\/attachments\/en\/chauvin-arnoux-ca-10101.pdf\" target=\"_blank\">Chauvin Arnoux CA 10101.PDF<\/a><\/li>\n<\/ul>\n","protected":false},"excerpt":{"rendered":"<p>CHAUVIN ARNOUX CA 10101 kaasaskantav pH-meeter on ideaalne mobiilseks kasutamiseks: v\u00e4litingimustes, laboris v\u00f5i tootmises. Seda saab kasutada kiireteks, t\u00e4pseteks ja professionaalseteks pH, Redox-potentsiaali ja temperatuuri m\u00f5\u00f5tmisteks. See pH-meeter on kavandatud taluma raskeid tingimusi v\u00e4litingimustes v\u00f5i laboris ning sellel on vastupidav ja t\u00e4ielikult veekindel korpus, mis vastab standardile IP67. Lisaks sellele j\u00e4\u00e4b pesa veekindlaks ka siis,&#8230;<\/p>\n","protected":false},"featured_media":41681,"comment_status":"open","ping_status":"closed","template":"","meta":{"_acf_changed":false},"product_brand":[729],"product_cat":[17825],"product_tag":[],"class_list":{"0":"post-40085","1":"product","2":"type-product","3":"status-publish","4":"has-post-thumbnail","6":"product_brand-chauvin-arnoux","7":"product_cat-analuusitavad-materjalid","9":"first","10":"instock","11":"taxable","12":"shipping-taxable","13":"purchasable","14":"product-type-simple"},"acf":[],"yoast_head":"<!-- This site is optimized with the Yoast SEO plugin v27.0 - https:\/\/yoast.com\/product\/yoast-seo-wordpress\/ -->\n<title>Chauvin Arnoux CA 10101 Kaasaskantav pH-m\u00f5\u00f5tja - AXIOMA MS<\/title>\n<meta name=\"robots\" content=\"index, follow, max-snippet:-1, max-image-preview:large, max-video-preview:-1\" \/>\n<link rel=\"canonical\" href=\"https:\/\/www.axiomams.eu\/et\/produktas\/chauvin-arnoux-ca-10101-kaasaskantav-ph-mootja\" \/>\n<meta property=\"og:locale\" content=\"et_EE\" \/>\n<meta property=\"og:type\" content=\"article\" \/>\n<meta property=\"og:title\" content=\"Chauvin Arnoux CA 10101 Kaasaskantav pH-m\u00f5\u00f5tja - AXIOMA MS\" \/>\n<meta property=\"og:description\" content=\"CHAUVIN ARNOUX CA 10101 kaasaskantav pH-meeter on ideaalne mobiilseks kasutamiseks: v\u00e4litingimustes, laboris v\u00f5i tootmises. Seda saab kasutada kiireteks, t\u00e4pseteks ja professionaalseteks pH, Redox-potentsiaali ja temperatuuri m\u00f5\u00f5tmisteks. See pH-meeter on kavandatud taluma raskeid tingimusi v\u00e4litingimustes v\u00f5i laboris ning sellel on vastupidav ja t\u00e4ielikult veekindel korpus, mis vastab standardile IP67. Lisaks sellele j\u00e4\u00e4b pesa veekindlaks ka siis,...\" \/>\n<meta property=\"og:url\" content=\"https:\/\/www.axiomams.eu\/et\/produktas\/chauvin-arnoux-ca-10101-kaasaskantav-ph-mootja\" \/>\n<meta property=\"og:site_name\" content=\"AXIOMA MS\" \/>\n<meta property=\"article:publisher\" content=\"https:\/\/www.facebook.com\/AxiomaMS\" \/>\n<meta property=\"article:modified_time\" content=\"2026-02-02T12:29:47+00:00\" \/>\n<meta property=\"og:image\" content=\"https:\/\/www.axiomams.eu\/wp-content\/uploads\/2025\/07\/3018-3998.jpg\" \/>\n\t<meta property=\"og:image:width\" content=\"700\" \/>\n\t<meta property=\"og:image:height\" content=\"1020\" \/>\n\t<meta property=\"og:image:type\" content=\"image\/jpeg\" \/>\n<meta name=\"twitter:card\" content=\"summary_large_image\" \/>\n<meta name=\"twitter:label1\" content=\"Est. reading time\" \/>\n\t<meta name=\"twitter:data1\" content=\"1 minut\" \/>\n<script type=\"application\/ld+json\" class=\"yoast-schema-graph\">{\"@context\":\"https:\/\/schema.org\",\"@graph\":[{\"@type\":\"WebPage\",\"@id\":\"https:\/\/www.axiomams.eu\/et\/produktas\/chauvin-arnoux-ca-10101-kaasaskantav-ph-mootja\",\"url\":\"https:\/\/www.axiomams.eu\/et\/produktas\/chauvin-arnoux-ca-10101-kaasaskantav-ph-mootja\",\"name\":\"Chauvin Arnoux CA 10101 Kaasaskantav pH-m\u00f5\u00f5tja - AXIOMA MS\",\"isPartOf\":{\"@id\":\"https:\/\/www.axiomams.eu\/et#website\"},\"primaryImageOfPage\":{\"@id\":\"https:\/\/www.axiomams.eu\/et\/produktas\/chauvin-arnoux-ca-10101-kaasaskantav-ph-mootja#primaryimage\"},\"image\":{\"@id\":\"https:\/\/www.axiomams.eu\/et\/produktas\/chauvin-arnoux-ca-10101-kaasaskantav-ph-mootja#primaryimage\"},\"thumbnailUrl\":\"https:\/\/www.axiomams.eu\/wp-content\/uploads\/2025\/07\/3018-3998.jpg\",\"datePublished\":\"2025-05-15T15:57:09+00:00\",\"dateModified\":\"2026-02-02T12:29:47+00:00\",\"breadcrumb\":{\"@id\":\"https:\/\/www.axiomams.eu\/et\/produktas\/chauvin-arnoux-ca-10101-kaasaskantav-ph-mootja#breadcrumb\"},\"inLanguage\":\"et\",\"potentialAction\":[{\"@type\":\"ReadAction\",\"target\":[\"https:\/\/www.axiomams.eu\/et\/produktas\/chauvin-arnoux-ca-10101-kaasaskantav-ph-mootja\"]}]},{\"@type\":\"ImageObject\",\"inLanguage\":\"et\",\"@id\":\"https:\/\/www.axiomams.eu\/et\/produktas\/chauvin-arnoux-ca-10101-kaasaskantav-ph-mootja#primaryimage\",\"url\":\"https:\/\/www.axiomams.eu\/wp-content\/uploads\/2025\/07\/3018-3998.jpg\",\"contentUrl\":\"https:\/\/www.axiomams.eu\/wp-content\/uploads\/2025\/07\/3018-3998.jpg\",\"width\":700,\"height\":1020},{\"@type\":\"BreadcrumbList\",\"@id\":\"https:\/\/www.axiomams.eu\/et\/produktas\/chauvin-arnoux-ca-10101-kaasaskantav-ph-mootja#breadcrumb\",\"itemListElement\":[{\"@type\":\"ListItem\",\"position\":1,\"name\":\"Home\",\"item\":\"https:\/\/www.axiomams.eu\/et\"},{\"@type\":\"ListItem\",\"position\":2,\"name\":\"Tooted\",\"item\":\"https:\/\/www.axiomams.eu\/et\/tooted\"},{\"@type\":\"ListItem\",\"position\":3,\"name\":\"Chauvin Arnoux CA 10101 Kaasaskantav pH-m\u00f5\u00f5tja\"}]},{\"@type\":\"WebSite\",\"@id\":\"https:\/\/www.axiomams.eu\/et#website\",\"url\":\"https:\/\/www.axiomams.eu\/et\",\"name\":\"AXIOMA MS\",\"description\":\"Terrmovizoriai ir matavimo \u012franga\",\"publisher\":{\"@id\":\"https:\/\/www.axiomams.eu\/et#organization\"},\"potentialAction\":[{\"@type\":\"SearchAction\",\"target\":{\"@type\":\"EntryPoint\",\"urlTemplate\":\"https:\/\/www.axiomams.eu\/et?s={search_term_string}\"},\"query-input\":{\"@type\":\"PropertyValueSpecification\",\"valueRequired\":true,\"valueName\":\"search_term_string\"}}],\"inLanguage\":\"et\"},{\"@type\":\"Organization\",\"@id\":\"https:\/\/www.axiomams.eu\/et#organization\",\"name\":\"AXIOMA MS\",\"url\":\"https:\/\/www.axiomams.eu\/et\",\"logo\":{\"@type\":\"ImageObject\",\"inLanguage\":\"et\",\"@id\":\"https:\/\/www.axiomams.eu\/et#\/schema\/logo\/image\/\",\"url\":\"https:\/\/www.axiomams.eu\/wp-content\/uploads\/2025\/06\/axioma-logo-2.png\",\"contentUrl\":\"https:\/\/www.axiomams.eu\/wp-content\/uploads\/2025\/06\/axioma-logo-2.png\",\"width\":1200,\"height\":1200,\"caption\":\"AXIOMA MS\"},\"image\":{\"@id\":\"https:\/\/www.axiomams.eu\/et#\/schema\/logo\/image\/\"},\"sameAs\":[\"https:\/\/www.facebook.com\/AxiomaMS\",\"https:\/\/www.linkedin.com\/company\/axiomams\/\"]}]}<\/script>\n<!-- \/ Yoast SEO plugin. -->","yoast_head_json":{"title":"Chauvin Arnoux CA 10101 Kaasaskantav pH-m\u00f5\u00f5tja - AXIOMA MS","robots":{"index":"index","follow":"follow","max-snippet":"max-snippet:-1","max-image-preview":"max-image-preview:large","max-video-preview":"max-video-preview:-1"},"canonical":"https:\/\/www.axiomams.eu\/et\/produktas\/chauvin-arnoux-ca-10101-kaasaskantav-ph-mootja","og_locale":"et_EE","og_type":"article","og_title":"Chauvin Arnoux CA 10101 Kaasaskantav pH-m\u00f5\u00f5tja - AXIOMA MS","og_description":"CHAUVIN ARNOUX CA 10101 kaasaskantav pH-meeter on ideaalne mobiilseks kasutamiseks: v\u00e4litingimustes, laboris v\u00f5i tootmises. Seda saab kasutada kiireteks, t\u00e4pseteks ja professionaalseteks pH, Redox-potentsiaali ja temperatuuri m\u00f5\u00f5tmisteks. See pH-meeter on kavandatud taluma raskeid tingimusi v\u00e4litingimustes v\u00f5i laboris ning sellel on vastupidav ja t\u00e4ielikult veekindel korpus, mis vastab standardile IP67. Lisaks sellele j\u00e4\u00e4b pesa veekindlaks ka siis,...","og_url":"https:\/\/www.axiomams.eu\/et\/produktas\/chauvin-arnoux-ca-10101-kaasaskantav-ph-mootja","og_site_name":"AXIOMA MS","article_publisher":"https:\/\/www.facebook.com\/AxiomaMS","article_modified_time":"2026-02-02T12:29:47+00:00","og_image":[{"width":700,"height":1020,"url":"https:\/\/www.axiomams.eu\/wp-content\/uploads\/2025\/07\/3018-3998.jpg","type":"image\/jpeg"}],"twitter_card":"summary_large_image","twitter_misc":{"Est. reading time":"1 minut"},"schema":{"@context":"https:\/\/schema.org","@graph":[{"@type":"WebPage","@id":"https:\/\/www.axiomams.eu\/et\/produktas\/chauvin-arnoux-ca-10101-kaasaskantav-ph-mootja","url":"https:\/\/www.axiomams.eu\/et\/produktas\/chauvin-arnoux-ca-10101-kaasaskantav-ph-mootja","name":"Chauvin Arnoux CA 10101 Kaasaskantav pH-m\u00f5\u00f5tja - AXIOMA MS","isPartOf":{"@id":"https:\/\/www.axiomams.eu\/et#website"},"primaryImageOfPage":{"@id":"https:\/\/www.axiomams.eu\/et\/produktas\/chauvin-arnoux-ca-10101-kaasaskantav-ph-mootja#primaryimage"},"image":{"@id":"https:\/\/www.axiomams.eu\/et\/produktas\/chauvin-arnoux-ca-10101-kaasaskantav-ph-mootja#primaryimage"},"thumbnailUrl":"https:\/\/www.axiomams.eu\/wp-content\/uploads\/2025\/07\/3018-3998.jpg","datePublished":"2025-05-15T15:57:09+00:00","dateModified":"2026-02-02T12:29:47+00:00","breadcrumb":{"@id":"https:\/\/www.axiomams.eu\/et\/produktas\/chauvin-arnoux-ca-10101-kaasaskantav-ph-mootja#breadcrumb"},"inLanguage":"et","potentialAction":[{"@type":"ReadAction","target":["https:\/\/www.axiomams.eu\/et\/produktas\/chauvin-arnoux-ca-10101-kaasaskantav-ph-mootja"]}]},{"@type":"ImageObject","inLanguage":"et","@id":"https:\/\/www.axiomams.eu\/et\/produktas\/chauvin-arnoux-ca-10101-kaasaskantav-ph-mootja#primaryimage","url":"https:\/\/www.axiomams.eu\/wp-content\/uploads\/2025\/07\/3018-3998.jpg","contentUrl":"https:\/\/www.axiomams.eu\/wp-content\/uploads\/2025\/07\/3018-3998.jpg","width":700,"height":1020},{"@type":"BreadcrumbList","@id":"https:\/\/www.axiomams.eu\/et\/produktas\/chauvin-arnoux-ca-10101-kaasaskantav-ph-mootja#breadcrumb","itemListElement":[{"@type":"ListItem","position":1,"name":"Home","item":"https:\/\/www.axiomams.eu\/et"},{"@type":"ListItem","position":2,"name":"Tooted","item":"https:\/\/www.axiomams.eu\/et\/tooted"},{"@type":"ListItem","position":3,"name":"Chauvin Arnoux CA 10101 Kaasaskantav pH-m\u00f5\u00f5tja"}]},{"@type":"WebSite","@id":"https:\/\/www.axiomams.eu\/et#website","url":"https:\/\/www.axiomams.eu\/et","name":"AXIOMA MS","description":"Terrmovizoriai ir matavimo \u012franga","publisher":{"@id":"https:\/\/www.axiomams.eu\/et#organization"},"potentialAction":[{"@type":"SearchAction","target":{"@type":"EntryPoint","urlTemplate":"https:\/\/www.axiomams.eu\/et?s={search_term_string}"},"query-input":{"@type":"PropertyValueSpecification","valueRequired":true,"valueName":"search_term_string"}}],"inLanguage":"et"},{"@type":"Organization","@id":"https:\/\/www.axiomams.eu\/et#organization","name":"AXIOMA MS","url":"https:\/\/www.axiomams.eu\/et","logo":{"@type":"ImageObject","inLanguage":"et","@id":"https:\/\/www.axiomams.eu\/et#\/schema\/logo\/image\/","url":"https:\/\/www.axiomams.eu\/wp-content\/uploads\/2025\/06\/axioma-logo-2.png","contentUrl":"https:\/\/www.axiomams.eu\/wp-content\/uploads\/2025\/06\/axioma-logo-2.png","width":1200,"height":1200,"caption":"AXIOMA MS"},"image":{"@id":"https:\/\/www.axiomams.eu\/et#\/schema\/logo\/image\/"},"sameAs":["https:\/\/www.facebook.com\/AxiomaMS","https:\/\/www.linkedin.com\/company\/axiomams\/"]}]}},"_links":{"self":[{"href":"https:\/\/www.axiomams.eu\/et\/wp-json\/wp\/v2\/product\/40085","targetHints":{"allow":["GET"]}}],"collection":[{"href":"https:\/\/www.axiomams.eu\/et\/wp-json\/wp\/v2\/product"}],"about":[{"href":"https:\/\/www.axiomams.eu\/et\/wp-json\/wp\/v2\/types\/product"}],"replies":[{"embeddable":true,"href":"https:\/\/www.axiomams.eu\/et\/wp-json\/wp\/v2\/comments?post=40085"}],"wp:featuredmedia":[{"embeddable":true,"href":"https:\/\/www.axiomams.eu\/et\/wp-json\/wp\/v2\/media\/41681"}],"wp:attachment":[{"href":"https:\/\/www.axiomams.eu\/et\/wp-json\/wp\/v2\/media?parent=40085"}],"wp:term":[{"taxonomy":"product_brand","embeddable":true,"href":"https:\/\/www.axiomams.eu\/et\/wp-json\/wp\/v2\/product_brand?post=40085"},{"taxonomy":"product_cat","embeddable":true,"href":"https:\/\/www.axiomams.eu\/et\/wp-json\/wp\/v2\/product_cat?post=40085"},{"taxonomy":"product_tag","embeddable":true,"href":"https:\/\/www.axiomams.eu\/et\/wp-json\/wp\/v2\/product_tag?post=40085"}],"curies":[{"name":"wp","href":"https:\/\/api.w.org\/{rel}","templated":true}]}}