{"id":40096,"date":"2025-05-15T17:57:16","date_gmt":"2025-05-15T15:57:16","guid":{"rendered":"https:\/\/www.axiomams.eu\/produktas\/dvpower-cat-h-kaitseluliti-analusaator"},"modified":"2026-02-02T14:29:51","modified_gmt":"2026-02-02T12:29:51","slug":"dvpower-cat-h-kaitseluliti-analusaator","status":"publish","type":"product","link":"https:\/\/www.axiomams.eu\/et\/produktas\/dvpower-cat-h-kaitseluliti-analusaator","title":{"rendered":"DVpower CAT-H kaitsel\u00fcliti anal\u00fcsaator"},"content":{"rendered":"<p>Tehnilised andmed<\/p>\n<p>Peamised kontakti sisendid<br \/>\n&#8211; Kontaktisenduste arv: 3 (3 x 1), 1 iga faasi kohta<br \/>\n&#8211; Iga kanal tuvastab p\u00f5hikontaktid<br \/>\n  Suletud \u2264 10 \u03a9<br \/>\n  Kontakto var\u017eos diapazonas: 10 \u03a9 &#8230; 5 k\u03a9<br \/>\n  Avatud \u2265 5 k\u03a9<br \/>\n&#8211; Avatud vooluahela pinge: 20 V DC \u00b120%.<br \/>\n&#8211; L\u00fchisvool: 50 mA<\/p>\n<p>Aja m\u00f5\u00f5tmine<br \/>\n&#8211; Aja m\u00f5\u00f5tmise eraldusv\u00f5ime: 0,05 ms kuni 10 ms s\u00f5ltuvalt katse kestusest (prooviv\u00f5tusagedus kuni 20 kHz).<br \/>\n&#8211; Aja t\u00e4psus: 0,05% lugemisest \u00b1 eraldusv\u00f5ime<\/p>\n<p>Kaitsel\u00fcliti t\u00f6\u00f6<br \/>\n&#8211; Sulgemine (C)<br \/>\n&#8211; Avatud (O)<br \/>\n&#8211; Sulge-k\u00e4ik (C-O)<br \/>\n&#8211; V\u00e4ljal\u00fclitus-sulgemine (O-C)<br \/>\n&#8211; V\u00e4ljal\u00fclitus-sulgemine-k\u00e4ivitamine (O-C-O)<\/p>\n<p>Alalisvoolu klambrid<br \/>\n&#8211; Nimivool: 300 ARMS v\u00f5i 450 A DCPK<br \/>\n&#8211; M\u00f5\u00f5tepiirkonnad: 30\/300 A<br \/>\n&#8211; Sagedusvahemik: DC kuni 20 kHz (-3 dB)<\/p>\n<p>Alalisvoolu pinge m\u00f5\u00f5tmine<br \/>\n&#8211; Vahemik: \u00b1300 V<br \/>\n&#8211; T\u00fc\u00fcpiline t\u00e4psus: \u00b10,5 % RDG \u00b10,5 % FS<br \/>\n&#8211; Garanteeritud t\u00e4psus: \u00b11 % RDG \u00b11 % FS<\/p>\n<p>M\u00e4hise draiver<br \/>\n&#8211; Kanalite arv: 2 (v\u00e4ljas\u00f5idu- ja sulgemism\u00e4his)<br \/>\n&#8211; Juhi omadused: 300 V DC max, 35 A DC max<br \/>\n&#8211; \u00dclevoolu ja \u00fclepinge kaitse<br \/>\n&#8211; M\u00e4hise sisend: 300 V DC max, 35 A DC max<\/p>\n<p>Voolu m\u00f5\u00f5tmine<br \/>\n&#8211; V\u00e4ljal\u00fclitus- ja sulgemism\u00e4hise voolu m\u00f5\u00f5tmine, 2 kanalit, Hall-Effect-andur<br \/>\n&#8211; Vahemik: \u00b135 A DC kuni 5 kHz<br \/>\n&#8211; T\u00e4psus: \u00b1(0,5 % rdg + 0,1 % FS)<br \/>\n&#8211; Graafiline esitus: voolu lainekuju kuvatakse 0,1 ms eraldusv\u00f5imega.<\/p>\n<p>K\u00e4epide ja v\u00f5rgupoolne toiteallikas<br \/>\n&#8211; 12 V DC, 5 A<br \/>\n&#8211; Sisend: V &#8230; 264 V AC, 50\/60 Hz<\/p>\n<p>Sisemine akutoiteplokk<br \/>\n&#8211; 2 x 3,7 V, 2 900 mAh laetavat Li-ioonakut<br \/>\n&#8211; 8 tundi tavakasutuses<\/p>\n<p>Ekraan: Puuteekraaniga v\u00e4rviline ekraan 145 mm<\/p>\n<p>Sisemine m\u00e4lu: \u00fcle 30 000 katsetulemuse<\/p>\n<p>Kohaldatavad standardid<br \/>\n&#8211; Ohutus:<br \/>\n  Madalpingedirektiiv: (CE-konform): Direktiiv 2014\/35\/EL (CE-konform)<br \/>\n  Kohaldatavad standardid, I klassi seadme puhul, saasteklass 2,<br \/>\n  II paigalduskategooria: IEC EN 61010-1<br \/>\n&#8211; Elektromagnetiline \u00fchilduvus:<br \/>\n  (CE-konform) Kohaldatav standard: Direktiiv 2014\/30\/EL (CE-konform): EN 61326-1<br \/>\n&#8211; CAN\/CSA-C22.2 nr 61010-1.<\/p>\n<p>Keskkonnatingimused<br \/>\n&#8211; T\u00f6\u00f6temperatuur: -10 \u00b0C &#8230; + 55 \u00b0C<br \/>\n&#8211; Ladustamine ja transport: -40 \u00b0C &#8230; + 70 \u00b0C<br \/>\n&#8211; Niiskus 0 % &#8230; 95 % suhteline \u00f5huniiskus, mittekondenseeruv<\/p>\n<p>M\u00f5\u00f5tmed ja kaal<br \/>\n&#8211; M\u00f5\u00f5tmed: 310 x 170 x 58 mm<br \/>\n&#8211; Kaal: 1,6 kg<\/p>\n<p>Sissep\u00e4\u00e4sukaitsed: IP40<\/p>\n<p><iframe loading=\"lazy\" width=\"560\" height=\"315\" src=\"https:\/\/www.youtube.com\/embed\/W9UQ26ES1oA\" title=\"YouTube videom\u00e4ngija\" frameborder=\"0\" allow=\"accelerometer; autoplay; clipboard-write; encrypted-media; gyroscope; picture-in-picture; web-share\" allowfullscreen><\/iframe><\/p>\n<h3>Tehniline teave:<\/h3>\n<ul>\n<li><a href=\"https:\/\/axiomams.eu\/importer\/export\/attachments\/en\/dv-power-cat-h.pdf\" target=\"_blank\">DV Power CAT-H.pdf<\/a><\/li>\n<\/ul>\n","protected":false},"excerpt":{"rendered":"<p>Tehnilised andmed Peamised kontakti sisendid &#8211; Kontaktisenduste arv: 3 (3 x 1), 1 iga faasi kohta &#8211; Iga kanal tuvastab p\u00f5hikontaktid Suletud \u2264 10 \u03a9 Kontakto var\u017eos diapazonas: 10 \u03a9 &#8230; 5 k\u03a9 Avatud \u2265 5 k\u03a9 &#8211; Avatud vooluahela pinge: 20 V DC \u00b120%. &#8211; L\u00fchisvool: 50 mA Aja m\u00f5\u00f5tmine &#8211; Aja m\u00f5\u00f5tmise eraldusv\u00f5ime:&#8230;<\/p>\n","protected":false},"featured_media":41703,"comment_status":"open","ping_status":"closed","template":"","meta":{"_acf_changed":false},"product_brand":[1238],"product_cat":[17779],"product_tag":[],"class_list":{"0":"post-40096","1":"product","2":"type-product","3":"status-publish","4":"has-post-thumbnail","6":"product_brand-dvpower","7":"product_cat-elektriliste-seadmete-katsetamiseks-ja-testimiseks","9":"first","10":"instock","11":"taxable","12":"shipping-taxable","13":"product-type-simple"},"acf":[],"yoast_head":"<!-- This site is optimized with the Yoast SEO plugin v27.0 - https:\/\/yoast.com\/product\/yoast-seo-wordpress\/ -->\n<title>DVpower CAT-H kaitsel\u00fcliti anal\u00fcsaator - AXIOMA MS<\/title>\n<meta name=\"robots\" content=\"index, follow, max-snippet:-1, max-image-preview:large, max-video-preview:-1\" \/>\n<link rel=\"canonical\" href=\"https:\/\/www.axiomams.eu\/et\/produktas\/dvpower-cat-h-kaitseluliti-analusaator\" \/>\n<meta property=\"og:locale\" content=\"et_EE\" \/>\n<meta property=\"og:type\" content=\"article\" \/>\n<meta property=\"og:title\" content=\"DVpower CAT-H kaitsel\u00fcliti anal\u00fcsaator - AXIOMA MS\" \/>\n<meta property=\"og:description\" content=\"Tehnilised andmed Peamised kontakti sisendid &#8211; Kontaktisenduste arv: 3 (3 x 1), 1 iga faasi kohta &#8211; Iga kanal tuvastab p\u00f5hikontaktid Suletud \u2264 10 \u03a9 Kontakto var\u017eos diapazonas: 10 \u03a9 &#8230; 5 k\u03a9 Avatud \u2265 5 k\u03a9 &#8211; Avatud vooluahela pinge: 20 V DC \u00b120%. &#8211; L\u00fchisvool: 50 mA Aja m\u00f5\u00f5tmine &#8211; Aja m\u00f5\u00f5tmise eraldusv\u00f5ime:...\" \/>\n<meta property=\"og:url\" content=\"https:\/\/www.axiomams.eu\/et\/produktas\/dvpower-cat-h-kaitseluliti-analusaator\" \/>\n<meta property=\"og:site_name\" content=\"AXIOMA MS\" \/>\n<meta property=\"article:publisher\" content=\"https:\/\/www.facebook.com\/AxiomaMS\" \/>\n<meta property=\"article:modified_time\" content=\"2026-02-02T12:29:51+00:00\" \/>\n<meta property=\"og:image\" content=\"https:\/\/www.axiomams.eu\/wp-content\/uploads\/2025\/07\/3452-4637.jpg\" \/>\n\t<meta property=\"og:image:width\" content=\"589\" \/>\n\t<meta property=\"og:image:height\" content=\"1000\" \/>\n\t<meta property=\"og:image:type\" content=\"image\/jpeg\" \/>\n<meta name=\"twitter:card\" content=\"summary_large_image\" \/>\n<meta name=\"twitter:label1\" content=\"Est. reading time\" \/>\n\t<meta name=\"twitter:data1\" content=\"2 minut\" \/>\n<script type=\"application\/ld+json\" class=\"yoast-schema-graph\">{\"@context\":\"https:\/\/schema.org\",\"@graph\":[{\"@type\":\"WebPage\",\"@id\":\"https:\/\/www.axiomams.eu\/et\/produktas\/dvpower-cat-h-kaitseluliti-analusaator\",\"url\":\"https:\/\/www.axiomams.eu\/et\/produktas\/dvpower-cat-h-kaitseluliti-analusaator\",\"name\":\"DVpower CAT-H kaitsel\u00fcliti anal\u00fcsaator - AXIOMA MS\",\"isPartOf\":{\"@id\":\"https:\/\/www.axiomams.eu\/et#website\"},\"primaryImageOfPage\":{\"@id\":\"https:\/\/www.axiomams.eu\/et\/produktas\/dvpower-cat-h-kaitseluliti-analusaator#primaryimage\"},\"image\":{\"@id\":\"https:\/\/www.axiomams.eu\/et\/produktas\/dvpower-cat-h-kaitseluliti-analusaator#primaryimage\"},\"thumbnailUrl\":\"https:\/\/www.axiomams.eu\/wp-content\/uploads\/2025\/07\/3452-4637.jpg\",\"datePublished\":\"2025-05-15T15:57:16+00:00\",\"dateModified\":\"2026-02-02T12:29:51+00:00\",\"breadcrumb\":{\"@id\":\"https:\/\/www.axiomams.eu\/et\/produktas\/dvpower-cat-h-kaitseluliti-analusaator#breadcrumb\"},\"inLanguage\":\"et\",\"potentialAction\":[{\"@type\":\"ReadAction\",\"target\":[\"https:\/\/www.axiomams.eu\/et\/produktas\/dvpower-cat-h-kaitseluliti-analusaator\"]}]},{\"@type\":\"ImageObject\",\"inLanguage\":\"et\",\"@id\":\"https:\/\/www.axiomams.eu\/et\/produktas\/dvpower-cat-h-kaitseluliti-analusaator#primaryimage\",\"url\":\"https:\/\/www.axiomams.eu\/wp-content\/uploads\/2025\/07\/3452-4637.jpg\",\"contentUrl\":\"https:\/\/www.axiomams.eu\/wp-content\/uploads\/2025\/07\/3452-4637.jpg\",\"width\":589,\"height\":1000},{\"@type\":\"BreadcrumbList\",\"@id\":\"https:\/\/www.axiomams.eu\/et\/produktas\/dvpower-cat-h-kaitseluliti-analusaator#breadcrumb\",\"itemListElement\":[{\"@type\":\"ListItem\",\"position\":1,\"name\":\"Home\",\"item\":\"https:\/\/www.axiomams.eu\/et\"},{\"@type\":\"ListItem\",\"position\":2,\"name\":\"Tooted\",\"item\":\"https:\/\/www.axiomams.eu\/et\/tooted\"},{\"@type\":\"ListItem\",\"position\":3,\"name\":\"DVpower CAT-H kaitsel\u00fcliti anal\u00fcsaator\"}]},{\"@type\":\"WebSite\",\"@id\":\"https:\/\/www.axiomams.eu\/et#website\",\"url\":\"https:\/\/www.axiomams.eu\/et\",\"name\":\"AXIOMA MS\",\"description\":\"Terrmovizoriai ir matavimo \u012franga\",\"publisher\":{\"@id\":\"https:\/\/www.axiomams.eu\/et#organization\"},\"potentialAction\":[{\"@type\":\"SearchAction\",\"target\":{\"@type\":\"EntryPoint\",\"urlTemplate\":\"https:\/\/www.axiomams.eu\/et?s={search_term_string}\"},\"query-input\":{\"@type\":\"PropertyValueSpecification\",\"valueRequired\":true,\"valueName\":\"search_term_string\"}}],\"inLanguage\":\"et\"},{\"@type\":\"Organization\",\"@id\":\"https:\/\/www.axiomams.eu\/et#organization\",\"name\":\"AXIOMA MS\",\"url\":\"https:\/\/www.axiomams.eu\/et\",\"logo\":{\"@type\":\"ImageObject\",\"inLanguage\":\"et\",\"@id\":\"https:\/\/www.axiomams.eu\/et#\/schema\/logo\/image\/\",\"url\":\"https:\/\/www.axiomams.eu\/wp-content\/uploads\/2025\/06\/axioma-logo-2.png\",\"contentUrl\":\"https:\/\/www.axiomams.eu\/wp-content\/uploads\/2025\/06\/axioma-logo-2.png\",\"width\":1200,\"height\":1200,\"caption\":\"AXIOMA MS\"},\"image\":{\"@id\":\"https:\/\/www.axiomams.eu\/et#\/schema\/logo\/image\/\"},\"sameAs\":[\"https:\/\/www.facebook.com\/AxiomaMS\",\"https:\/\/www.linkedin.com\/company\/axiomams\/\"]}]}<\/script>\n<!-- \/ Yoast SEO plugin. -->","yoast_head_json":{"title":"DVpower CAT-H kaitsel\u00fcliti anal\u00fcsaator - AXIOMA MS","robots":{"index":"index","follow":"follow","max-snippet":"max-snippet:-1","max-image-preview":"max-image-preview:large","max-video-preview":"max-video-preview:-1"},"canonical":"https:\/\/www.axiomams.eu\/et\/produktas\/dvpower-cat-h-kaitseluliti-analusaator","og_locale":"et_EE","og_type":"article","og_title":"DVpower CAT-H kaitsel\u00fcliti anal\u00fcsaator - AXIOMA MS","og_description":"Tehnilised andmed Peamised kontakti sisendid &#8211; Kontaktisenduste arv: 3 (3 x 1), 1 iga faasi kohta &#8211; Iga kanal tuvastab p\u00f5hikontaktid Suletud \u2264 10 \u03a9 Kontakto var\u017eos diapazonas: 10 \u03a9 &#8230; 5 k\u03a9 Avatud \u2265 5 k\u03a9 &#8211; Avatud vooluahela pinge: 20 V DC \u00b120%. &#8211; L\u00fchisvool: 50 mA Aja m\u00f5\u00f5tmine &#8211; Aja m\u00f5\u00f5tmise eraldusv\u00f5ime:...","og_url":"https:\/\/www.axiomams.eu\/et\/produktas\/dvpower-cat-h-kaitseluliti-analusaator","og_site_name":"AXIOMA MS","article_publisher":"https:\/\/www.facebook.com\/AxiomaMS","article_modified_time":"2026-02-02T12:29:51+00:00","og_image":[{"width":589,"height":1000,"url":"https:\/\/www.axiomams.eu\/wp-content\/uploads\/2025\/07\/3452-4637.jpg","type":"image\/jpeg"}],"twitter_card":"summary_large_image","twitter_misc":{"Est. reading time":"2 minut"},"schema":{"@context":"https:\/\/schema.org","@graph":[{"@type":"WebPage","@id":"https:\/\/www.axiomams.eu\/et\/produktas\/dvpower-cat-h-kaitseluliti-analusaator","url":"https:\/\/www.axiomams.eu\/et\/produktas\/dvpower-cat-h-kaitseluliti-analusaator","name":"DVpower CAT-H kaitsel\u00fcliti anal\u00fcsaator - AXIOMA MS","isPartOf":{"@id":"https:\/\/www.axiomams.eu\/et#website"},"primaryImageOfPage":{"@id":"https:\/\/www.axiomams.eu\/et\/produktas\/dvpower-cat-h-kaitseluliti-analusaator#primaryimage"},"image":{"@id":"https:\/\/www.axiomams.eu\/et\/produktas\/dvpower-cat-h-kaitseluliti-analusaator#primaryimage"},"thumbnailUrl":"https:\/\/www.axiomams.eu\/wp-content\/uploads\/2025\/07\/3452-4637.jpg","datePublished":"2025-05-15T15:57:16+00:00","dateModified":"2026-02-02T12:29:51+00:00","breadcrumb":{"@id":"https:\/\/www.axiomams.eu\/et\/produktas\/dvpower-cat-h-kaitseluliti-analusaator#breadcrumb"},"inLanguage":"et","potentialAction":[{"@type":"ReadAction","target":["https:\/\/www.axiomams.eu\/et\/produktas\/dvpower-cat-h-kaitseluliti-analusaator"]}]},{"@type":"ImageObject","inLanguage":"et","@id":"https:\/\/www.axiomams.eu\/et\/produktas\/dvpower-cat-h-kaitseluliti-analusaator#primaryimage","url":"https:\/\/www.axiomams.eu\/wp-content\/uploads\/2025\/07\/3452-4637.jpg","contentUrl":"https:\/\/www.axiomams.eu\/wp-content\/uploads\/2025\/07\/3452-4637.jpg","width":589,"height":1000},{"@type":"BreadcrumbList","@id":"https:\/\/www.axiomams.eu\/et\/produktas\/dvpower-cat-h-kaitseluliti-analusaator#breadcrumb","itemListElement":[{"@type":"ListItem","position":1,"name":"Home","item":"https:\/\/www.axiomams.eu\/et"},{"@type":"ListItem","position":2,"name":"Tooted","item":"https:\/\/www.axiomams.eu\/et\/tooted"},{"@type":"ListItem","position":3,"name":"DVpower CAT-H kaitsel\u00fcliti anal\u00fcsaator"}]},{"@type":"WebSite","@id":"https:\/\/www.axiomams.eu\/et#website","url":"https:\/\/www.axiomams.eu\/et","name":"AXIOMA MS","description":"Terrmovizoriai ir matavimo \u012franga","publisher":{"@id":"https:\/\/www.axiomams.eu\/et#organization"},"potentialAction":[{"@type":"SearchAction","target":{"@type":"EntryPoint","urlTemplate":"https:\/\/www.axiomams.eu\/et?s={search_term_string}"},"query-input":{"@type":"PropertyValueSpecification","valueRequired":true,"valueName":"search_term_string"}}],"inLanguage":"et"},{"@type":"Organization","@id":"https:\/\/www.axiomams.eu\/et#organization","name":"AXIOMA MS","url":"https:\/\/www.axiomams.eu\/et","logo":{"@type":"ImageObject","inLanguage":"et","@id":"https:\/\/www.axiomams.eu\/et#\/schema\/logo\/image\/","url":"https:\/\/www.axiomams.eu\/wp-content\/uploads\/2025\/06\/axioma-logo-2.png","contentUrl":"https:\/\/www.axiomams.eu\/wp-content\/uploads\/2025\/06\/axioma-logo-2.png","width":1200,"height":1200,"caption":"AXIOMA MS"},"image":{"@id":"https:\/\/www.axiomams.eu\/et#\/schema\/logo\/image\/"},"sameAs":["https:\/\/www.facebook.com\/AxiomaMS","https:\/\/www.linkedin.com\/company\/axiomams\/"]}]}},"_links":{"self":[{"href":"https:\/\/www.axiomams.eu\/et\/wp-json\/wp\/v2\/product\/40096","targetHints":{"allow":["GET"]}}],"collection":[{"href":"https:\/\/www.axiomams.eu\/et\/wp-json\/wp\/v2\/product"}],"about":[{"href":"https:\/\/www.axiomams.eu\/et\/wp-json\/wp\/v2\/types\/product"}],"replies":[{"embeddable":true,"href":"https:\/\/www.axiomams.eu\/et\/wp-json\/wp\/v2\/comments?post=40096"}],"wp:featuredmedia":[{"embeddable":true,"href":"https:\/\/www.axiomams.eu\/et\/wp-json\/wp\/v2\/media\/41703"}],"wp:attachment":[{"href":"https:\/\/www.axiomams.eu\/et\/wp-json\/wp\/v2\/media?parent=40096"}],"wp:term":[{"taxonomy":"product_brand","embeddable":true,"href":"https:\/\/www.axiomams.eu\/et\/wp-json\/wp\/v2\/product_brand?post=40096"},{"taxonomy":"product_cat","embeddable":true,"href":"https:\/\/www.axiomams.eu\/et\/wp-json\/wp\/v2\/product_cat?post=40096"},{"taxonomy":"product_tag","embeddable":true,"href":"https:\/\/www.axiomams.eu\/et\/wp-json\/wp\/v2\/product_tag?post=40096"}],"curies":[{"name":"wp","href":"https:\/\/api.w.org\/{rel}","templated":true}]}}