{"id":40099,"date":"2025-05-15T17:57:22","date_gmt":"2025-05-15T15:57:22","guid":{"rendered":"https:\/\/www.axiomams.eu\/produktas\/flir-cm276-vooluklamber"},"modified":"2026-02-02T14:29:52","modified_gmt":"2026-02-02T12:29:52","slug":"flir-cm276-vooluklamber","status":"publish","type":"product","link":"https:\/\/www.axiomams.eu\/et\/produktas\/flir-cm276-vooluklamber","title":{"rendered":"Flir CM276 vooluklamber"},"content":{"rendered":"<p>FLIR CM276 Imaging 600A AC\/DC klambim\u00f5\u00f5tja on ainus klambim\u00f5\u00f5tja, millel on v\u00f5imekus viia teid probleemide juurde, mida tavalise klambim\u00f5\u00f5tjaga ei n\u00e4e. T\u00e4nu integreeritud FLIR Lepton\u00ae soojuskujutisanduriga varustatud infrapunase juhitava m\u00f5\u00f5tmise (IGM) tehnoloogiale juhatab CM275 teid visuaalselt v\u00f5imaliku elektrilise probleemi t\u00e4pse asukoha juurde, tuvastades ohutult ohtlikud ja tundmatud probleemsed kohad.<\/p>\n<p>Standardkomplekt: FLIR CM276 klamberm\u00f5\u00f5tur, testjuhtmed, USB-kaabel, kandekott, kiirjuhend, garantiikaart.<\/p>\n<h3>Tehniline teave:<\/h3>\n<ul>\n<li><a href=\"https:\/\/axiomams.eu\/importer\/export\/attachments\/en\/flir-cm276.pdf\" target=\"_blank\">FLIR CM276.pdf<\/a><\/li>\n<\/ul>\n","protected":false},"excerpt":{"rendered":"<p>FLIR CM276 Imaging 600A AC\/DC klambim\u00f5\u00f5tja on ainus klambim\u00f5\u00f5tja, millel on v\u00f5imekus viia teid probleemide juurde, mida tavalise klambim\u00f5\u00f5tjaga ei n\u00e4e. T\u00e4nu integreeritud FLIR Lepton\u00ae soojuskujutisanduriga varustatud infrapunase juhitava m\u00f5\u00f5tmise (IGM) tehnoloogiale juhatab CM275 teid visuaalselt v\u00f5imaliku elektrilise probleemi t\u00e4pse asukoha juurde, tuvastades ohutult ohtlikud ja tundmatud probleemsed kohad. Standardkomplekt: FLIR CM276 klamberm\u00f5\u00f5tur, testjuhtmed, USB-kaabel,&#8230;<\/p>\n","protected":false},"featured_media":41709,"comment_status":"open","ping_status":"closed","template":"","meta":{"_acf_changed":false},"product_brand":[734],"product_cat":[17785],"product_tag":[],"class_list":{"0":"post-40099","1":"product","2":"type-product","3":"status-publish","4":"has-post-thumbnail","6":"product_brand-flir","7":"product_cat-elektrikutele-ja-energeetikainseneridele","9":"first","10":"instock","11":"taxable","12":"shipping-taxable","13":"purchasable","14":"product-type-simple"},"acf":[],"yoast_head":"<!-- This site is optimized with the Yoast SEO plugin v27.0 - https:\/\/yoast.com\/product\/yoast-seo-wordpress\/ -->\n<title>Flir CM276 vooluklamber - AXIOMA MS<\/title>\n<meta name=\"robots\" content=\"index, follow, max-snippet:-1, max-image-preview:large, max-video-preview:-1\" \/>\n<link rel=\"canonical\" href=\"https:\/\/www.axiomams.eu\/et\/produktas\/flir-cm276-vooluklamber\" \/>\n<meta property=\"og:locale\" content=\"et_EE\" \/>\n<meta property=\"og:type\" content=\"article\" \/>\n<meta property=\"og:title\" content=\"Flir CM276 vooluklamber - AXIOMA MS\" \/>\n<meta property=\"og:description\" content=\"FLIR CM276 Imaging 600A AC\/DC klambim\u00f5\u00f5tja on ainus klambim\u00f5\u00f5tja, millel on v\u00f5imekus viia teid probleemide juurde, mida tavalise klambim\u00f5\u00f5tjaga ei n\u00e4e. T\u00e4nu integreeritud FLIR Lepton\u00ae soojuskujutisanduriga varustatud infrapunase juhitava m\u00f5\u00f5tmise (IGM) tehnoloogiale juhatab CM275 teid visuaalselt v\u00f5imaliku elektrilise probleemi t\u00e4pse asukoha juurde, tuvastades ohutult ohtlikud ja tundmatud probleemsed kohad. Standardkomplekt: FLIR CM276 klamberm\u00f5\u00f5tur, testjuhtmed, USB-kaabel,...\" \/>\n<meta property=\"og:url\" content=\"https:\/\/www.axiomams.eu\/et\/produktas\/flir-cm276-vooluklamber\" \/>\n<meta property=\"og:site_name\" content=\"AXIOMA MS\" \/>\n<meta property=\"article:publisher\" content=\"https:\/\/www.facebook.com\/AxiomaMS\" \/>\n<meta property=\"article:modified_time\" content=\"2026-02-02T12:29:52+00:00\" \/>\n<meta property=\"og:image\" content=\"https:\/\/www.axiomams.eu\/wp-content\/uploads\/2025\/07\/2501-4821.jpg\" \/>\n\t<meta property=\"og:image:width\" content=\"600\" \/>\n\t<meta property=\"og:image:height\" content=\"625\" \/>\n\t<meta property=\"og:image:type\" content=\"image\/jpeg\" \/>\n<meta name=\"twitter:card\" content=\"summary_large_image\" \/>\n<script type=\"application\/ld+json\" class=\"yoast-schema-graph\">{\"@context\":\"https:\/\/schema.org\",\"@graph\":[{\"@type\":\"WebPage\",\"@id\":\"https:\/\/www.axiomams.eu\/et\/produktas\/flir-cm276-vooluklamber\",\"url\":\"https:\/\/www.axiomams.eu\/et\/produktas\/flir-cm276-vooluklamber\",\"name\":\"Flir CM276 vooluklamber - AXIOMA MS\",\"isPartOf\":{\"@id\":\"https:\/\/www.axiomams.eu\/et#website\"},\"primaryImageOfPage\":{\"@id\":\"https:\/\/www.axiomams.eu\/et\/produktas\/flir-cm276-vooluklamber#primaryimage\"},\"image\":{\"@id\":\"https:\/\/www.axiomams.eu\/et\/produktas\/flir-cm276-vooluklamber#primaryimage\"},\"thumbnailUrl\":\"https:\/\/www.axiomams.eu\/wp-content\/uploads\/2025\/07\/2501-4821.jpg\",\"datePublished\":\"2025-05-15T15:57:22+00:00\",\"dateModified\":\"2026-02-02T12:29:52+00:00\",\"breadcrumb\":{\"@id\":\"https:\/\/www.axiomams.eu\/et\/produktas\/flir-cm276-vooluklamber#breadcrumb\"},\"inLanguage\":\"et\",\"potentialAction\":[{\"@type\":\"ReadAction\",\"target\":[\"https:\/\/www.axiomams.eu\/et\/produktas\/flir-cm276-vooluklamber\"]}]},{\"@type\":\"ImageObject\",\"inLanguage\":\"et\",\"@id\":\"https:\/\/www.axiomams.eu\/et\/produktas\/flir-cm276-vooluklamber#primaryimage\",\"url\":\"https:\/\/www.axiomams.eu\/wp-content\/uploads\/2025\/07\/2501-4821.jpg\",\"contentUrl\":\"https:\/\/www.axiomams.eu\/wp-content\/uploads\/2025\/07\/2501-4821.jpg\",\"width\":600,\"height\":625},{\"@type\":\"BreadcrumbList\",\"@id\":\"https:\/\/www.axiomams.eu\/et\/produktas\/flir-cm276-vooluklamber#breadcrumb\",\"itemListElement\":[{\"@type\":\"ListItem\",\"position\":1,\"name\":\"Home\",\"item\":\"https:\/\/www.axiomams.eu\/et\"},{\"@type\":\"ListItem\",\"position\":2,\"name\":\"Tooted\",\"item\":\"https:\/\/www.axiomams.eu\/et\/tooted\"},{\"@type\":\"ListItem\",\"position\":3,\"name\":\"Flir CM276 vooluklamber\"}]},{\"@type\":\"WebSite\",\"@id\":\"https:\/\/www.axiomams.eu\/et#website\",\"url\":\"https:\/\/www.axiomams.eu\/et\",\"name\":\"AXIOMA MS\",\"description\":\"Terrmovizoriai ir matavimo \u012franga\",\"publisher\":{\"@id\":\"https:\/\/www.axiomams.eu\/et#organization\"},\"potentialAction\":[{\"@type\":\"SearchAction\",\"target\":{\"@type\":\"EntryPoint\",\"urlTemplate\":\"https:\/\/www.axiomams.eu\/et?s={search_term_string}\"},\"query-input\":{\"@type\":\"PropertyValueSpecification\",\"valueRequired\":true,\"valueName\":\"search_term_string\"}}],\"inLanguage\":\"et\"},{\"@type\":\"Organization\",\"@id\":\"https:\/\/www.axiomams.eu\/et#organization\",\"name\":\"AXIOMA MS\",\"url\":\"https:\/\/www.axiomams.eu\/et\",\"logo\":{\"@type\":\"ImageObject\",\"inLanguage\":\"et\",\"@id\":\"https:\/\/www.axiomams.eu\/et#\/schema\/logo\/image\/\",\"url\":\"https:\/\/www.axiomams.eu\/wp-content\/uploads\/2025\/06\/axioma-logo-2.png\",\"contentUrl\":\"https:\/\/www.axiomams.eu\/wp-content\/uploads\/2025\/06\/axioma-logo-2.png\",\"width\":1200,\"height\":1200,\"caption\":\"AXIOMA MS\"},\"image\":{\"@id\":\"https:\/\/www.axiomams.eu\/et#\/schema\/logo\/image\/\"},\"sameAs\":[\"https:\/\/www.facebook.com\/AxiomaMS\",\"https:\/\/www.linkedin.com\/company\/axiomams\/\"]}]}<\/script>\n<!-- \/ Yoast SEO plugin. -->","yoast_head_json":{"title":"Flir CM276 vooluklamber - AXIOMA MS","robots":{"index":"index","follow":"follow","max-snippet":"max-snippet:-1","max-image-preview":"max-image-preview:large","max-video-preview":"max-video-preview:-1"},"canonical":"https:\/\/www.axiomams.eu\/et\/produktas\/flir-cm276-vooluklamber","og_locale":"et_EE","og_type":"article","og_title":"Flir CM276 vooluklamber - AXIOMA MS","og_description":"FLIR CM276 Imaging 600A AC\/DC klambim\u00f5\u00f5tja on ainus klambim\u00f5\u00f5tja, millel on v\u00f5imekus viia teid probleemide juurde, mida tavalise klambim\u00f5\u00f5tjaga ei n\u00e4e. T\u00e4nu integreeritud FLIR Lepton\u00ae soojuskujutisanduriga varustatud infrapunase juhitava m\u00f5\u00f5tmise (IGM) tehnoloogiale juhatab CM275 teid visuaalselt v\u00f5imaliku elektrilise probleemi t\u00e4pse asukoha juurde, tuvastades ohutult ohtlikud ja tundmatud probleemsed kohad. Standardkomplekt: FLIR CM276 klamberm\u00f5\u00f5tur, testjuhtmed, USB-kaabel,...","og_url":"https:\/\/www.axiomams.eu\/et\/produktas\/flir-cm276-vooluklamber","og_site_name":"AXIOMA MS","article_publisher":"https:\/\/www.facebook.com\/AxiomaMS","article_modified_time":"2026-02-02T12:29:52+00:00","og_image":[{"width":600,"height":625,"url":"https:\/\/www.axiomams.eu\/wp-content\/uploads\/2025\/07\/2501-4821.jpg","type":"image\/jpeg"}],"twitter_card":"summary_large_image","schema":{"@context":"https:\/\/schema.org","@graph":[{"@type":"WebPage","@id":"https:\/\/www.axiomams.eu\/et\/produktas\/flir-cm276-vooluklamber","url":"https:\/\/www.axiomams.eu\/et\/produktas\/flir-cm276-vooluklamber","name":"Flir CM276 vooluklamber - AXIOMA MS","isPartOf":{"@id":"https:\/\/www.axiomams.eu\/et#website"},"primaryImageOfPage":{"@id":"https:\/\/www.axiomams.eu\/et\/produktas\/flir-cm276-vooluklamber#primaryimage"},"image":{"@id":"https:\/\/www.axiomams.eu\/et\/produktas\/flir-cm276-vooluklamber#primaryimage"},"thumbnailUrl":"https:\/\/www.axiomams.eu\/wp-content\/uploads\/2025\/07\/2501-4821.jpg","datePublished":"2025-05-15T15:57:22+00:00","dateModified":"2026-02-02T12:29:52+00:00","breadcrumb":{"@id":"https:\/\/www.axiomams.eu\/et\/produktas\/flir-cm276-vooluklamber#breadcrumb"},"inLanguage":"et","potentialAction":[{"@type":"ReadAction","target":["https:\/\/www.axiomams.eu\/et\/produktas\/flir-cm276-vooluklamber"]}]},{"@type":"ImageObject","inLanguage":"et","@id":"https:\/\/www.axiomams.eu\/et\/produktas\/flir-cm276-vooluklamber#primaryimage","url":"https:\/\/www.axiomams.eu\/wp-content\/uploads\/2025\/07\/2501-4821.jpg","contentUrl":"https:\/\/www.axiomams.eu\/wp-content\/uploads\/2025\/07\/2501-4821.jpg","width":600,"height":625},{"@type":"BreadcrumbList","@id":"https:\/\/www.axiomams.eu\/et\/produktas\/flir-cm276-vooluklamber#breadcrumb","itemListElement":[{"@type":"ListItem","position":1,"name":"Home","item":"https:\/\/www.axiomams.eu\/et"},{"@type":"ListItem","position":2,"name":"Tooted","item":"https:\/\/www.axiomams.eu\/et\/tooted"},{"@type":"ListItem","position":3,"name":"Flir CM276 vooluklamber"}]},{"@type":"WebSite","@id":"https:\/\/www.axiomams.eu\/et#website","url":"https:\/\/www.axiomams.eu\/et","name":"AXIOMA MS","description":"Terrmovizoriai ir matavimo \u012franga","publisher":{"@id":"https:\/\/www.axiomams.eu\/et#organization"},"potentialAction":[{"@type":"SearchAction","target":{"@type":"EntryPoint","urlTemplate":"https:\/\/www.axiomams.eu\/et?s={search_term_string}"},"query-input":{"@type":"PropertyValueSpecification","valueRequired":true,"valueName":"search_term_string"}}],"inLanguage":"et"},{"@type":"Organization","@id":"https:\/\/www.axiomams.eu\/et#organization","name":"AXIOMA MS","url":"https:\/\/www.axiomams.eu\/et","logo":{"@type":"ImageObject","inLanguage":"et","@id":"https:\/\/www.axiomams.eu\/et#\/schema\/logo\/image\/","url":"https:\/\/www.axiomams.eu\/wp-content\/uploads\/2025\/06\/axioma-logo-2.png","contentUrl":"https:\/\/www.axiomams.eu\/wp-content\/uploads\/2025\/06\/axioma-logo-2.png","width":1200,"height":1200,"caption":"AXIOMA MS"},"image":{"@id":"https:\/\/www.axiomams.eu\/et#\/schema\/logo\/image\/"},"sameAs":["https:\/\/www.facebook.com\/AxiomaMS","https:\/\/www.linkedin.com\/company\/axiomams\/"]}]}},"_links":{"self":[{"href":"https:\/\/www.axiomams.eu\/et\/wp-json\/wp\/v2\/product\/40099","targetHints":{"allow":["GET"]}}],"collection":[{"href":"https:\/\/www.axiomams.eu\/et\/wp-json\/wp\/v2\/product"}],"about":[{"href":"https:\/\/www.axiomams.eu\/et\/wp-json\/wp\/v2\/types\/product"}],"replies":[{"embeddable":true,"href":"https:\/\/www.axiomams.eu\/et\/wp-json\/wp\/v2\/comments?post=40099"}],"wp:featuredmedia":[{"embeddable":true,"href":"https:\/\/www.axiomams.eu\/et\/wp-json\/wp\/v2\/media\/41709"}],"wp:attachment":[{"href":"https:\/\/www.axiomams.eu\/et\/wp-json\/wp\/v2\/media?parent=40099"}],"wp:term":[{"taxonomy":"product_brand","embeddable":true,"href":"https:\/\/www.axiomams.eu\/et\/wp-json\/wp\/v2\/product_brand?post=40099"},{"taxonomy":"product_cat","embeddable":true,"href":"https:\/\/www.axiomams.eu\/et\/wp-json\/wp\/v2\/product_cat?post=40099"},{"taxonomy":"product_tag","embeddable":true,"href":"https:\/\/www.axiomams.eu\/et\/wp-json\/wp\/v2\/product_tag?post=40099"}],"curies":[{"name":"wp","href":"https:\/\/api.w.org\/{rel}","templated":true}]}}