{"id":40104,"date":"2025-05-15T18:07:36","date_gmt":"2025-05-15T16:07:36","guid":{"rendered":"https:\/\/www.axiomams.eu\/produktas\/suruohu-lekkeandur"},"modified":"2026-02-02T14:29:55","modified_gmt":"2026-02-02T12:29:55","slug":"suruohu-lekkeandur","status":"publish","type":"product","link":"https:\/\/www.axiomams.eu\/et\/produktas\/suruohu-lekkeandur","title":{"rendered":"Suru\u00f5hu lekkeandur"},"content":{"rendered":"<p>T\u00f6\u00f6sagedus: 40 kHz \u00b1 2 kHz<br \/>\n\u00dchendused: 3,5 mm stereopesa k\u00f5rvaklappide jaoks.<br \/>\nToitepesa v\u00e4lise laadija \u00fchendamiseks.<br \/>\nLaser: Lainepikkus: 645 nm &#8230; 660 nm.<br \/>\nV\u00e4ljundv\u00f5imsus: < 1 mW (laserklass 2)\nT\u00f6\u00f6aeg: 10 h\nLaadimisaeg: umbes 1,5 h\nT\u00f6\u00f6temperatuur: 0 \u00b0C ... +40 \u00b0C\n\nStandardkomplekt: lekkeandur suru\u00f5hus\u00fcsteemidele, transpordikohver, helikindel peakomplekt, fookustoru koos fookustipuga, vahelduvvooluadapteri pistik, akustiline trompet.\n\n\n\n<h3>Tehniline teave:<\/h3>\n<ul>\n<li><a href=\"https:\/\/axiomams.eu\/importer\/export\/attachments\/en\/data_sheet_en.pdf\" target=\"_blank\">Data_sheet_EN.pdf<\/a><\/li>\n<\/ul>\n","protected":false},"excerpt":{"rendered":"<p>T\u00f6\u00f6sagedus: 40 kHz \u00b1 2 kHz \u00dchendused: 3,5 mm stereopesa k\u00f5rvaklappide jaoks. Toitepesa v\u00e4lise laadija \u00fchendamiseks. Laser: Lainepikkus: 645 nm &#8230; 660 nm. V\u00e4ljundv\u00f5imsus: < 1 mW (laserklass 2) T\u00f6\u00f6aeg: 10 h Laadimisaeg: umbes 1,5 h T\u00f6\u00f6temperatuur: 0 \u00b0C ... +40 \u00b0C Standardkomplekt: lekkeandur suru\u00f5hus\u00fcsteemidele, transpordikohver, helikindel peakomplekt, fookustoru koos fookustipuga, vahelduvvooluadapteri pistik, akustiline trompet....\n<\/p>\n","protected":false},"featured_media":42468,"comment_status":"open","ping_status":"closed","template":"","meta":{"_acf_changed":false},"product_brand":[],"product_cat":[17815],"product_tag":[],"class_list":{"0":"post-40104","1":"product","2":"type-product","3":"status-publish","4":"has-post-thumbnail","6":"product_cat-suruohu-lekkeotsing","8":"first","9":"instock","10":"taxable","11":"shipping-taxable","12":"product-type-simple"},"acf":[],"yoast_head":"<!-- This site is optimized with the Yoast SEO plugin v27.0 - https:\/\/yoast.com\/product\/yoast-seo-wordpress\/ -->\n<title>Suru\u00f5hu lekkeandur - AXIOMA MS<\/title>\n<meta name=\"robots\" content=\"index, follow, max-snippet:-1, max-image-preview:large, max-video-preview:-1\" \/>\n<link rel=\"canonical\" href=\"https:\/\/www.axiomams.eu\/et\/produktas\/suruohu-lekkeandur\" \/>\n<meta property=\"og:locale\" content=\"et_EE\" \/>\n<meta property=\"og:type\" content=\"article\" \/>\n<meta property=\"og:title\" content=\"Suru\u00f5hu lekkeandur - AXIOMA MS\" \/>\n<meta property=\"og:description\" content=\"T\u00f6\u00f6sagedus: 40 kHz \u00b1 2 kHz \u00dchendused: 3,5 mm stereopesa k\u00f5rvaklappide jaoks. Toitepesa v\u00e4lise laadija \u00fchendamiseks. Laser: Lainepikkus: 645 nm &#8230; 660 nm. V\u00e4ljundv\u00f5imsus: &lt; 1 mW (laserklass 2) T\u00f6\u00f6aeg: 10 h Laadimisaeg: umbes 1,5 h T\u00f6\u00f6temperatuur: 0 \u00b0C ... +40 \u00b0C Standardkomplekt: lekkeandur suru\u00f5hus\u00fcsteemidele, transpordikohver, helikindel peakomplekt, fookustoru koos fookustipuga, vahelduvvooluadapteri pistik, akustiline trompet....\" \/>\n<meta property=\"og:url\" content=\"https:\/\/www.axiomams.eu\/et\/produktas\/suruohu-lekkeandur\" \/>\n<meta property=\"og:site_name\" content=\"AXIOMA MS\" \/>\n<meta property=\"article:publisher\" content=\"https:\/\/www.facebook.com\/AxiomaMS\" \/>\n<meta property=\"article:modified_time\" content=\"2026-02-02T12:29:55+00:00\" \/>\n<meta property=\"og:image\" content=\"https:\/\/www.axiomams.eu\/wp-content\/uploads\/2025\/07\/3300-4370.jpg\" \/>\n\t<meta property=\"og:image:width\" content=\"919\" \/>\n\t<meta property=\"og:image:height\" content=\"1020\" \/>\n\t<meta property=\"og:image:type\" content=\"image\/jpeg\" \/>\n<meta name=\"twitter:card\" content=\"summary_large_image\" \/>\n<script type=\"application\/ld+json\" class=\"yoast-schema-graph\">{\"@context\":\"https:\/\/schema.org\",\"@graph\":[{\"@type\":\"WebPage\",\"@id\":\"https:\/\/www.axiomams.eu\/et\/produktas\/suruohu-lekkeandur\",\"url\":\"https:\/\/www.axiomams.eu\/et\/produktas\/suruohu-lekkeandur\",\"name\":\"Suru\u00f5hu lekkeandur - AXIOMA MS\",\"isPartOf\":{\"@id\":\"https:\/\/www.axiomams.eu\/et#website\"},\"primaryImageOfPage\":{\"@id\":\"https:\/\/www.axiomams.eu\/et\/produktas\/suruohu-lekkeandur#primaryimage\"},\"image\":{\"@id\":\"https:\/\/www.axiomams.eu\/et\/produktas\/suruohu-lekkeandur#primaryimage\"},\"thumbnailUrl\":\"https:\/\/www.axiomams.eu\/wp-content\/uploads\/2025\/07\/3300-4370.jpg\",\"datePublished\":\"2025-05-15T16:07:36+00:00\",\"dateModified\":\"2026-02-02T12:29:55+00:00\",\"breadcrumb\":{\"@id\":\"https:\/\/www.axiomams.eu\/et\/produktas\/suruohu-lekkeandur#breadcrumb\"},\"inLanguage\":\"et\",\"potentialAction\":[{\"@type\":\"ReadAction\",\"target\":[\"https:\/\/www.axiomams.eu\/et\/produktas\/suruohu-lekkeandur\"]}]},{\"@type\":\"ImageObject\",\"inLanguage\":\"et\",\"@id\":\"https:\/\/www.axiomams.eu\/et\/produktas\/suruohu-lekkeandur#primaryimage\",\"url\":\"https:\/\/www.axiomams.eu\/wp-content\/uploads\/2025\/07\/3300-4370.jpg\",\"contentUrl\":\"https:\/\/www.axiomams.eu\/wp-content\/uploads\/2025\/07\/3300-4370.jpg\",\"width\":919,\"height\":1020},{\"@type\":\"BreadcrumbList\",\"@id\":\"https:\/\/www.axiomams.eu\/et\/produktas\/suruohu-lekkeandur#breadcrumb\",\"itemListElement\":[{\"@type\":\"ListItem\",\"position\":1,\"name\":\"Home\",\"item\":\"https:\/\/www.axiomams.eu\/et\"},{\"@type\":\"ListItem\",\"position\":2,\"name\":\"Tooted\",\"item\":\"https:\/\/www.axiomams.eu\/et\/tooted\"},{\"@type\":\"ListItem\",\"position\":3,\"name\":\"Suru\u00f5hu lekkeandur\"}]},{\"@type\":\"WebSite\",\"@id\":\"https:\/\/www.axiomams.eu\/et#website\",\"url\":\"https:\/\/www.axiomams.eu\/et\",\"name\":\"AXIOMA MS\",\"description\":\"Terrmovizoriai ir matavimo \u012franga\",\"publisher\":{\"@id\":\"https:\/\/www.axiomams.eu\/et#organization\"},\"potentialAction\":[{\"@type\":\"SearchAction\",\"target\":{\"@type\":\"EntryPoint\",\"urlTemplate\":\"https:\/\/www.axiomams.eu\/et?s={search_term_string}\"},\"query-input\":{\"@type\":\"PropertyValueSpecification\",\"valueRequired\":true,\"valueName\":\"search_term_string\"}}],\"inLanguage\":\"et\"},{\"@type\":\"Organization\",\"@id\":\"https:\/\/www.axiomams.eu\/et#organization\",\"name\":\"AXIOMA MS\",\"url\":\"https:\/\/www.axiomams.eu\/et\",\"logo\":{\"@type\":\"ImageObject\",\"inLanguage\":\"et\",\"@id\":\"https:\/\/www.axiomams.eu\/et#\/schema\/logo\/image\/\",\"url\":\"https:\/\/www.axiomams.eu\/wp-content\/uploads\/2025\/06\/axioma-logo-2.png\",\"contentUrl\":\"https:\/\/www.axiomams.eu\/wp-content\/uploads\/2025\/06\/axioma-logo-2.png\",\"width\":1200,\"height\":1200,\"caption\":\"AXIOMA MS\"},\"image\":{\"@id\":\"https:\/\/www.axiomams.eu\/et#\/schema\/logo\/image\/\"},\"sameAs\":[\"https:\/\/www.facebook.com\/AxiomaMS\",\"https:\/\/www.linkedin.com\/company\/axiomams\/\"]}]}<\/script>\n<!-- \/ Yoast SEO plugin. -->","yoast_head_json":{"title":"Suru\u00f5hu lekkeandur - AXIOMA MS","robots":{"index":"index","follow":"follow","max-snippet":"max-snippet:-1","max-image-preview":"max-image-preview:large","max-video-preview":"max-video-preview:-1"},"canonical":"https:\/\/www.axiomams.eu\/et\/produktas\/suruohu-lekkeandur","og_locale":"et_EE","og_type":"article","og_title":"Suru\u00f5hu lekkeandur - AXIOMA MS","og_description":"T\u00f6\u00f6sagedus: 40 kHz \u00b1 2 kHz \u00dchendused: 3,5 mm stereopesa k\u00f5rvaklappide jaoks. Toitepesa v\u00e4lise laadija \u00fchendamiseks. Laser: Lainepikkus: 645 nm &#8230; 660 nm. V\u00e4ljundv\u00f5imsus: < 1 mW (laserklass 2) T\u00f6\u00f6aeg: 10 h Laadimisaeg: umbes 1,5 h T\u00f6\u00f6temperatuur: 0 \u00b0C ... +40 \u00b0C Standardkomplekt: lekkeandur suru\u00f5hus\u00fcsteemidele, transpordikohver, helikindel peakomplekt, fookustoru koos fookustipuga, vahelduvvooluadapteri pistik, akustiline trompet....","og_url":"https:\/\/www.axiomams.eu\/et\/produktas\/suruohu-lekkeandur","og_site_name":"AXIOMA MS","article_publisher":"https:\/\/www.facebook.com\/AxiomaMS","article_modified_time":"2026-02-02T12:29:55+00:00","og_image":[{"width":919,"height":1020,"url":"https:\/\/www.axiomams.eu\/wp-content\/uploads\/2025\/07\/3300-4370.jpg","type":"image\/jpeg"}],"twitter_card":"summary_large_image","schema":{"@context":"https:\/\/schema.org","@graph":[{"@type":"WebPage","@id":"https:\/\/www.axiomams.eu\/et\/produktas\/suruohu-lekkeandur","url":"https:\/\/www.axiomams.eu\/et\/produktas\/suruohu-lekkeandur","name":"Suru\u00f5hu lekkeandur - AXIOMA MS","isPartOf":{"@id":"https:\/\/www.axiomams.eu\/et#website"},"primaryImageOfPage":{"@id":"https:\/\/www.axiomams.eu\/et\/produktas\/suruohu-lekkeandur#primaryimage"},"image":{"@id":"https:\/\/www.axiomams.eu\/et\/produktas\/suruohu-lekkeandur#primaryimage"},"thumbnailUrl":"https:\/\/www.axiomams.eu\/wp-content\/uploads\/2025\/07\/3300-4370.jpg","datePublished":"2025-05-15T16:07:36+00:00","dateModified":"2026-02-02T12:29:55+00:00","breadcrumb":{"@id":"https:\/\/www.axiomams.eu\/et\/produktas\/suruohu-lekkeandur#breadcrumb"},"inLanguage":"et","potentialAction":[{"@type":"ReadAction","target":["https:\/\/www.axiomams.eu\/et\/produktas\/suruohu-lekkeandur"]}]},{"@type":"ImageObject","inLanguage":"et","@id":"https:\/\/www.axiomams.eu\/et\/produktas\/suruohu-lekkeandur#primaryimage","url":"https:\/\/www.axiomams.eu\/wp-content\/uploads\/2025\/07\/3300-4370.jpg","contentUrl":"https:\/\/www.axiomams.eu\/wp-content\/uploads\/2025\/07\/3300-4370.jpg","width":919,"height":1020},{"@type":"BreadcrumbList","@id":"https:\/\/www.axiomams.eu\/et\/produktas\/suruohu-lekkeandur#breadcrumb","itemListElement":[{"@type":"ListItem","position":1,"name":"Home","item":"https:\/\/www.axiomams.eu\/et"},{"@type":"ListItem","position":2,"name":"Tooted","item":"https:\/\/www.axiomams.eu\/et\/tooted"},{"@type":"ListItem","position":3,"name":"Suru\u00f5hu lekkeandur"}]},{"@type":"WebSite","@id":"https:\/\/www.axiomams.eu\/et#website","url":"https:\/\/www.axiomams.eu\/et","name":"AXIOMA MS","description":"Terrmovizoriai ir matavimo \u012franga","publisher":{"@id":"https:\/\/www.axiomams.eu\/et#organization"},"potentialAction":[{"@type":"SearchAction","target":{"@type":"EntryPoint","urlTemplate":"https:\/\/www.axiomams.eu\/et?s={search_term_string}"},"query-input":{"@type":"PropertyValueSpecification","valueRequired":true,"valueName":"search_term_string"}}],"inLanguage":"et"},{"@type":"Organization","@id":"https:\/\/www.axiomams.eu\/et#organization","name":"AXIOMA MS","url":"https:\/\/www.axiomams.eu\/et","logo":{"@type":"ImageObject","inLanguage":"et","@id":"https:\/\/www.axiomams.eu\/et#\/schema\/logo\/image\/","url":"https:\/\/www.axiomams.eu\/wp-content\/uploads\/2025\/06\/axioma-logo-2.png","contentUrl":"https:\/\/www.axiomams.eu\/wp-content\/uploads\/2025\/06\/axioma-logo-2.png","width":1200,"height":1200,"caption":"AXIOMA MS"},"image":{"@id":"https:\/\/www.axiomams.eu\/et#\/schema\/logo\/image\/"},"sameAs":["https:\/\/www.facebook.com\/AxiomaMS","https:\/\/www.linkedin.com\/company\/axiomams\/"]}]}},"_links":{"self":[{"href":"https:\/\/www.axiomams.eu\/et\/wp-json\/wp\/v2\/product\/40104","targetHints":{"allow":["GET"]}}],"collection":[{"href":"https:\/\/www.axiomams.eu\/et\/wp-json\/wp\/v2\/product"}],"about":[{"href":"https:\/\/www.axiomams.eu\/et\/wp-json\/wp\/v2\/types\/product"}],"replies":[{"embeddable":true,"href":"https:\/\/www.axiomams.eu\/et\/wp-json\/wp\/v2\/comments?post=40104"}],"wp:featuredmedia":[{"embeddable":true,"href":"https:\/\/www.axiomams.eu\/et\/wp-json\/wp\/v2\/media\/42468"}],"wp:attachment":[{"href":"https:\/\/www.axiomams.eu\/et\/wp-json\/wp\/v2\/media?parent=40104"}],"wp:term":[{"taxonomy":"product_brand","embeddable":true,"href":"https:\/\/www.axiomams.eu\/et\/wp-json\/wp\/v2\/product_brand?post=40104"},{"taxonomy":"product_cat","embeddable":true,"href":"https:\/\/www.axiomams.eu\/et\/wp-json\/wp\/v2\/product_cat?post=40104"},{"taxonomy":"product_tag","embeddable":true,"href":"https:\/\/www.axiomams.eu\/et\/wp-json\/wp\/v2\/product_tag?post=40104"}],"curies":[{"name":"wp","href":"https:\/\/api.w.org\/{rel}","templated":true}]}}