{"id":40109,"date":"2025-05-15T18:01:05","date_gmt":"2025-05-15T16:01:05","guid":{"rendered":"https:\/\/www.axiomams.eu\/produktas\/ametek-ctc-660-temperatuuri-kalibraator"},"modified":"2026-02-02T14:29:56","modified_gmt":"2026-02-02T12:29:56","slug":"ametek-ctc-660-temperatuuri-kalibraator","status":"publish","type":"product","link":"https:\/\/www.axiomams.eu\/et\/produktas\/ametek-ctc-660-temperatuuri-kalibraator","title":{"rendered":"Ametek CTC-660 temperatuuri kalibraator"},"content":{"rendered":"<p>JOFRA AMETEK CTC-660 kuivblokk-kalibraatorid on loodud palju lihtsamaks tegelikuks temperatuuri kalibreerimiseks kohapeal, mis viib usaldusv\u00e4\u00e4rsete tulemusteni. Lihtne t\u00f6\u00f6 ja automaatsed funktsioonid on hoolikalt valitud kasutusmugavuse tagamiseks. Selle tulemuseks on kiire, lihtne ja t\u00f5hus temperatuurikalibraator, ilma et see kahjustaks kvaliteeti.<br \/>\nKuus mudelit &#8211; JOFRA CTC-seeria koosneb kuuest erinevast mudelist, mis erinevad temperatuurivahemiku ja sukeldumiss\u00fcgavuse poolest. K\u00f5ikidel seadmetel on sarnased funktsioonid ja suur, taustavalgustusega LCD-ekraan, mida on lihtne lugeda ka h\u00e4sti valgustatud kohtades. CTC-seeria kuivblokeid kaitseb vastupidav, \u00f5hukese joonega alumiiniumist v\u00e4liskorpus, mille \u00fclemine ja alumine osa on valatud survevalu.<br \/>\nH\u00e4sti &#8211; optimeeritud kiirus &#8211; Spetsiaalselt disainitud k\u00fctteploki profiil v\u00e4hendab massi, nii et see soojeneb ja jahtub v\u00e4ga kiiresti. Disain pakub endiselt head stabiilsust ja t\u00e4psust.<br \/>\nSuur paindlikkus &#8211; Teid ei piira fikseeritud augud. Kasutatakse vahetatavaid sisestustorusid, mis sobivad teie katsetatava anduri l\u00e4bim\u00f5\u00f5dule. Saadaval on ka mitme auguga sisestustorud.<\/p>\n<p>Standardkomplekt: kalibraator, v\u00f5rgukaabel, testkaablite komplekt (1 must, 1 punane), sisestustoru, sisestustoru t\u00f6\u00f6riist, j\u00e4lgitav sertifikaat, RS 232 jadakaabel, USB-klahv, mis sisaldab kasutusjuhendit ja tarkvarapaketti &#8220;JOFRACAL&#8221;.<\/p>\n<h3>Tehniline teave:<\/h3>\n<ul>\n<li><a href=\"https:\/\/axiomams.eu\/importer\/export\/attachments\/en\/ametek-jofra-ctc.pdf\" target=\"_blank\">Ametek Jofra CTC.pdf<\/a><\/li>\n<\/ul>\n","protected":false},"excerpt":{"rendered":"<p>JOFRA AMETEK CTC-660 kuivblokk-kalibraatorid on loodud palju lihtsamaks tegelikuks temperatuuri kalibreerimiseks kohapeal, mis viib usaldusv\u00e4\u00e4rsete tulemusteni. Lihtne t\u00f6\u00f6 ja automaatsed funktsioonid on hoolikalt valitud kasutusmugavuse tagamiseks. Selle tulemuseks on kiire, lihtne ja t\u00f5hus temperatuurikalibraator, ilma et see kahjustaks kvaliteeti. Kuus mudelit &#8211; JOFRA CTC-seeria koosneb kuuest erinevast mudelist, mis erinevad temperatuurivahemiku ja sukeldumiss\u00fcgavuse poolest. K\u00f5ikidel&#8230;<\/p>\n","protected":false},"featured_media":41727,"comment_status":"open","ping_status":"closed","template":"","meta":{"_acf_changed":false},"product_brand":[1202],"product_cat":[17811],"product_tag":[],"class_list":{"0":"post-40109","1":"product","2":"type-product","3":"status-publish","4":"has-post-thumbnail","6":"product_brand-ametek","7":"product_cat-protsessi-ja-temperatuuri-kalibreerimiseks","9":"first","10":"instock","11":"taxable","12":"shipping-taxable","13":"product-type-simple"},"acf":[],"yoast_head":"<!-- This site is optimized with the Yoast SEO plugin v27.0 - https:\/\/yoast.com\/product\/yoast-seo-wordpress\/ -->\n<title>Ametek CTC-660 temperatuuri kalibraator - AXIOMA MS<\/title>\n<meta name=\"robots\" content=\"index, follow, max-snippet:-1, max-image-preview:large, max-video-preview:-1\" \/>\n<link rel=\"canonical\" href=\"https:\/\/www.axiomams.eu\/et\/produktas\/ametek-ctc-660-temperatuuri-kalibraator\" \/>\n<meta property=\"og:locale\" content=\"et_EE\" \/>\n<meta property=\"og:type\" content=\"article\" \/>\n<meta property=\"og:title\" content=\"Ametek CTC-660 temperatuuri kalibraator - AXIOMA MS\" \/>\n<meta property=\"og:description\" content=\"JOFRA AMETEK CTC-660 kuivblokk-kalibraatorid on loodud palju lihtsamaks tegelikuks temperatuuri kalibreerimiseks kohapeal, mis viib usaldusv\u00e4\u00e4rsete tulemusteni. Lihtne t\u00f6\u00f6 ja automaatsed funktsioonid on hoolikalt valitud kasutusmugavuse tagamiseks. Selle tulemuseks on kiire, lihtne ja t\u00f5hus temperatuurikalibraator, ilma et see kahjustaks kvaliteeti. Kuus mudelit &#8211; JOFRA CTC-seeria koosneb kuuest erinevast mudelist, mis erinevad temperatuurivahemiku ja sukeldumiss\u00fcgavuse poolest. K\u00f5ikidel...\" \/>\n<meta property=\"og:url\" content=\"https:\/\/www.axiomams.eu\/et\/produktas\/ametek-ctc-660-temperatuuri-kalibraator\" \/>\n<meta property=\"og:site_name\" content=\"AXIOMA MS\" \/>\n<meta property=\"article:publisher\" content=\"https:\/\/www.facebook.com\/AxiomaMS\" \/>\n<meta property=\"article:modified_time\" content=\"2026-02-02T12:29:56+00:00\" \/>\n<meta property=\"og:image\" content=\"https:\/\/www.axiomams.eu\/wp-content\/uploads\/2025\/07\/1651-2153.jpg\" \/>\n\t<meta property=\"og:image:width\" content=\"947\" \/>\n\t<meta property=\"og:image:height\" content=\"861\" \/>\n\t<meta property=\"og:image:type\" content=\"image\/jpeg\" \/>\n<meta name=\"twitter:card\" content=\"summary_large_image\" \/>\n<meta name=\"twitter:label1\" content=\"Est. reading time\" \/>\n\t<meta name=\"twitter:data1\" content=\"1 minut\" \/>\n<script type=\"application\/ld+json\" class=\"yoast-schema-graph\">{\"@context\":\"https:\/\/schema.org\",\"@graph\":[{\"@type\":\"WebPage\",\"@id\":\"https:\/\/www.axiomams.eu\/et\/produktas\/ametek-ctc-660-temperatuuri-kalibraator\",\"url\":\"https:\/\/www.axiomams.eu\/et\/produktas\/ametek-ctc-660-temperatuuri-kalibraator\",\"name\":\"Ametek CTC-660 temperatuuri kalibraator - AXIOMA MS\",\"isPartOf\":{\"@id\":\"https:\/\/www.axiomams.eu\/et#website\"},\"primaryImageOfPage\":{\"@id\":\"https:\/\/www.axiomams.eu\/et\/produktas\/ametek-ctc-660-temperatuuri-kalibraator#primaryimage\"},\"image\":{\"@id\":\"https:\/\/www.axiomams.eu\/et\/produktas\/ametek-ctc-660-temperatuuri-kalibraator#primaryimage\"},\"thumbnailUrl\":\"https:\/\/www.axiomams.eu\/wp-content\/uploads\/2025\/07\/1651-2153.jpg\",\"datePublished\":\"2025-05-15T16:01:05+00:00\",\"dateModified\":\"2026-02-02T12:29:56+00:00\",\"breadcrumb\":{\"@id\":\"https:\/\/www.axiomams.eu\/et\/produktas\/ametek-ctc-660-temperatuuri-kalibraator#breadcrumb\"},\"inLanguage\":\"et\",\"potentialAction\":[{\"@type\":\"ReadAction\",\"target\":[\"https:\/\/www.axiomams.eu\/et\/produktas\/ametek-ctc-660-temperatuuri-kalibraator\"]}]},{\"@type\":\"ImageObject\",\"inLanguage\":\"et\",\"@id\":\"https:\/\/www.axiomams.eu\/et\/produktas\/ametek-ctc-660-temperatuuri-kalibraator#primaryimage\",\"url\":\"https:\/\/www.axiomams.eu\/wp-content\/uploads\/2025\/07\/1651-2153.jpg\",\"contentUrl\":\"https:\/\/www.axiomams.eu\/wp-content\/uploads\/2025\/07\/1651-2153.jpg\",\"width\":947,\"height\":861},{\"@type\":\"BreadcrumbList\",\"@id\":\"https:\/\/www.axiomams.eu\/et\/produktas\/ametek-ctc-660-temperatuuri-kalibraator#breadcrumb\",\"itemListElement\":[{\"@type\":\"ListItem\",\"position\":1,\"name\":\"Home\",\"item\":\"https:\/\/www.axiomams.eu\/et\"},{\"@type\":\"ListItem\",\"position\":2,\"name\":\"Tooted\",\"item\":\"https:\/\/www.axiomams.eu\/et\/tooted\"},{\"@type\":\"ListItem\",\"position\":3,\"name\":\"Ametek CTC-660 temperatuuri kalibraator\"}]},{\"@type\":\"WebSite\",\"@id\":\"https:\/\/www.axiomams.eu\/et#website\",\"url\":\"https:\/\/www.axiomams.eu\/et\",\"name\":\"AXIOMA MS\",\"description\":\"Terrmovizoriai ir matavimo \u012franga\",\"publisher\":{\"@id\":\"https:\/\/www.axiomams.eu\/et#organization\"},\"potentialAction\":[{\"@type\":\"SearchAction\",\"target\":{\"@type\":\"EntryPoint\",\"urlTemplate\":\"https:\/\/www.axiomams.eu\/et?s={search_term_string}\"},\"query-input\":{\"@type\":\"PropertyValueSpecification\",\"valueRequired\":true,\"valueName\":\"search_term_string\"}}],\"inLanguage\":\"et\"},{\"@type\":\"Organization\",\"@id\":\"https:\/\/www.axiomams.eu\/et#organization\",\"name\":\"AXIOMA MS\",\"url\":\"https:\/\/www.axiomams.eu\/et\",\"logo\":{\"@type\":\"ImageObject\",\"inLanguage\":\"et\",\"@id\":\"https:\/\/www.axiomams.eu\/et#\/schema\/logo\/image\/\",\"url\":\"https:\/\/www.axiomams.eu\/wp-content\/uploads\/2025\/06\/axioma-logo-2.png\",\"contentUrl\":\"https:\/\/www.axiomams.eu\/wp-content\/uploads\/2025\/06\/axioma-logo-2.png\",\"width\":1200,\"height\":1200,\"caption\":\"AXIOMA MS\"},\"image\":{\"@id\":\"https:\/\/www.axiomams.eu\/et#\/schema\/logo\/image\/\"},\"sameAs\":[\"https:\/\/www.facebook.com\/AxiomaMS\",\"https:\/\/www.linkedin.com\/company\/axiomams\/\"]}]}<\/script>\n<!-- \/ Yoast SEO plugin. -->","yoast_head_json":{"title":"Ametek CTC-660 temperatuuri kalibraator - AXIOMA MS","robots":{"index":"index","follow":"follow","max-snippet":"max-snippet:-1","max-image-preview":"max-image-preview:large","max-video-preview":"max-video-preview:-1"},"canonical":"https:\/\/www.axiomams.eu\/et\/produktas\/ametek-ctc-660-temperatuuri-kalibraator","og_locale":"et_EE","og_type":"article","og_title":"Ametek CTC-660 temperatuuri kalibraator - AXIOMA MS","og_description":"JOFRA AMETEK CTC-660 kuivblokk-kalibraatorid on loodud palju lihtsamaks tegelikuks temperatuuri kalibreerimiseks kohapeal, mis viib usaldusv\u00e4\u00e4rsete tulemusteni. Lihtne t\u00f6\u00f6 ja automaatsed funktsioonid on hoolikalt valitud kasutusmugavuse tagamiseks. Selle tulemuseks on kiire, lihtne ja t\u00f5hus temperatuurikalibraator, ilma et see kahjustaks kvaliteeti. Kuus mudelit &#8211; JOFRA CTC-seeria koosneb kuuest erinevast mudelist, mis erinevad temperatuurivahemiku ja sukeldumiss\u00fcgavuse poolest. K\u00f5ikidel...","og_url":"https:\/\/www.axiomams.eu\/et\/produktas\/ametek-ctc-660-temperatuuri-kalibraator","og_site_name":"AXIOMA MS","article_publisher":"https:\/\/www.facebook.com\/AxiomaMS","article_modified_time":"2026-02-02T12:29:56+00:00","og_image":[{"width":947,"height":861,"url":"https:\/\/www.axiomams.eu\/wp-content\/uploads\/2025\/07\/1651-2153.jpg","type":"image\/jpeg"}],"twitter_card":"summary_large_image","twitter_misc":{"Est. reading time":"1 minut"},"schema":{"@context":"https:\/\/schema.org","@graph":[{"@type":"WebPage","@id":"https:\/\/www.axiomams.eu\/et\/produktas\/ametek-ctc-660-temperatuuri-kalibraator","url":"https:\/\/www.axiomams.eu\/et\/produktas\/ametek-ctc-660-temperatuuri-kalibraator","name":"Ametek CTC-660 temperatuuri kalibraator - AXIOMA MS","isPartOf":{"@id":"https:\/\/www.axiomams.eu\/et#website"},"primaryImageOfPage":{"@id":"https:\/\/www.axiomams.eu\/et\/produktas\/ametek-ctc-660-temperatuuri-kalibraator#primaryimage"},"image":{"@id":"https:\/\/www.axiomams.eu\/et\/produktas\/ametek-ctc-660-temperatuuri-kalibraator#primaryimage"},"thumbnailUrl":"https:\/\/www.axiomams.eu\/wp-content\/uploads\/2025\/07\/1651-2153.jpg","datePublished":"2025-05-15T16:01:05+00:00","dateModified":"2026-02-02T12:29:56+00:00","breadcrumb":{"@id":"https:\/\/www.axiomams.eu\/et\/produktas\/ametek-ctc-660-temperatuuri-kalibraator#breadcrumb"},"inLanguage":"et","potentialAction":[{"@type":"ReadAction","target":["https:\/\/www.axiomams.eu\/et\/produktas\/ametek-ctc-660-temperatuuri-kalibraator"]}]},{"@type":"ImageObject","inLanguage":"et","@id":"https:\/\/www.axiomams.eu\/et\/produktas\/ametek-ctc-660-temperatuuri-kalibraator#primaryimage","url":"https:\/\/www.axiomams.eu\/wp-content\/uploads\/2025\/07\/1651-2153.jpg","contentUrl":"https:\/\/www.axiomams.eu\/wp-content\/uploads\/2025\/07\/1651-2153.jpg","width":947,"height":861},{"@type":"BreadcrumbList","@id":"https:\/\/www.axiomams.eu\/et\/produktas\/ametek-ctc-660-temperatuuri-kalibraator#breadcrumb","itemListElement":[{"@type":"ListItem","position":1,"name":"Home","item":"https:\/\/www.axiomams.eu\/et"},{"@type":"ListItem","position":2,"name":"Tooted","item":"https:\/\/www.axiomams.eu\/et\/tooted"},{"@type":"ListItem","position":3,"name":"Ametek CTC-660 temperatuuri kalibraator"}]},{"@type":"WebSite","@id":"https:\/\/www.axiomams.eu\/et#website","url":"https:\/\/www.axiomams.eu\/et","name":"AXIOMA MS","description":"Terrmovizoriai ir matavimo \u012franga","publisher":{"@id":"https:\/\/www.axiomams.eu\/et#organization"},"potentialAction":[{"@type":"SearchAction","target":{"@type":"EntryPoint","urlTemplate":"https:\/\/www.axiomams.eu\/et?s={search_term_string}"},"query-input":{"@type":"PropertyValueSpecification","valueRequired":true,"valueName":"search_term_string"}}],"inLanguage":"et"},{"@type":"Organization","@id":"https:\/\/www.axiomams.eu\/et#organization","name":"AXIOMA MS","url":"https:\/\/www.axiomams.eu\/et","logo":{"@type":"ImageObject","inLanguage":"et","@id":"https:\/\/www.axiomams.eu\/et#\/schema\/logo\/image\/","url":"https:\/\/www.axiomams.eu\/wp-content\/uploads\/2025\/06\/axioma-logo-2.png","contentUrl":"https:\/\/www.axiomams.eu\/wp-content\/uploads\/2025\/06\/axioma-logo-2.png","width":1200,"height":1200,"caption":"AXIOMA MS"},"image":{"@id":"https:\/\/www.axiomams.eu\/et#\/schema\/logo\/image\/"},"sameAs":["https:\/\/www.facebook.com\/AxiomaMS","https:\/\/www.linkedin.com\/company\/axiomams\/"]}]}},"_links":{"self":[{"href":"https:\/\/www.axiomams.eu\/et\/wp-json\/wp\/v2\/product\/40109","targetHints":{"allow":["GET"]}}],"collection":[{"href":"https:\/\/www.axiomams.eu\/et\/wp-json\/wp\/v2\/product"}],"about":[{"href":"https:\/\/www.axiomams.eu\/et\/wp-json\/wp\/v2\/types\/product"}],"replies":[{"embeddable":true,"href":"https:\/\/www.axiomams.eu\/et\/wp-json\/wp\/v2\/comments?post=40109"}],"wp:featuredmedia":[{"embeddable":true,"href":"https:\/\/www.axiomams.eu\/et\/wp-json\/wp\/v2\/media\/41727"}],"wp:attachment":[{"href":"https:\/\/www.axiomams.eu\/et\/wp-json\/wp\/v2\/media?parent=40109"}],"wp:term":[{"taxonomy":"product_brand","embeddable":true,"href":"https:\/\/www.axiomams.eu\/et\/wp-json\/wp\/v2\/product_brand?post=40109"},{"taxonomy":"product_cat","embeddable":true,"href":"https:\/\/www.axiomams.eu\/et\/wp-json\/wp\/v2\/product_cat?post=40109"},{"taxonomy":"product_tag","embeddable":true,"href":"https:\/\/www.axiomams.eu\/et\/wp-json\/wp\/v2\/product_tag?post=40109"}],"curies":[{"name":"wp","href":"https:\/\/api.w.org\/{rel}","templated":true}]}}