{"id":40111,"date":"2025-05-15T17:57:24","date_gmt":"2025-05-15T15:57:24","guid":{"rendered":"https:\/\/www.axiomams.eu\/produktas\/doble-dfa300-osalise-tuhjendamise-mootja"},"modified":"2026-02-02T14:29:57","modified_gmt":"2026-02-02T12:29:57","slug":"doble-dfa300-osalise-tuhjendamise-mootja","status":"publish","type":"product","link":"https:\/\/www.axiomams.eu\/et\/produktas\/doble-dfa300-osalise-tuhjendamise-mootja","title":{"rendered":"Doble DFA300 Osalise t\u00fchjendamise m\u00f5\u00f5tja"},"content":{"rendered":"<p>DFA 300 &#8211; osalise t\u00fchjenduse m\u00f5\u00f5tja, mis \u00fchendab raadiosagedush\u00e4ired (RFI) ja akustilise emissiooni (AE). Ideaalne vahend isolatsioonivigade tuvastamiseks ja leidmiseks.<br \/>\n&#8211; Ohutu ja t\u00f5hus meetod PD tuvastamiseks<br \/>\n&#8211; Seade kasutab nii RFI- kui ka akustilist tehnoloogiat<br \/>\n&#8211; Registreerib RFI-d isolatsiooniprobleemidega seadmetest, sealhulgas PD ja kaarega seotud probleemid<br \/>\n&#8211; Leiab ja diagnoosib sisemised probleemid akustilise anduri abil maandatud pindadel<\/p>\n<p><b>Tehnilised spetsifikatsioonid:<\/b><br \/>\n<b>Akustilise emissiooni kanal:<\/b><br \/>\n&#8211; Sisendid: 1 kanal<br \/>\n&#8211; Liitmik: BNC<br \/>\n&#8211; Sisendimpedants: Sisendimpedants: (madala m\u00fcratasemega eelv\u00f5imendi: ainult 22k\u03a9).<br \/>\n&#8211; AE t\u00f6\u00f6tamine: Sagedus 10 kHz kuni 500 kHz -3dB punktides<br \/>\n<b>UHF kanal:<\/b><br \/>\n&#8211; Sisendid: 1 kanal<br \/>\n&#8211; Liitmik: BNC<br \/>\n&#8211; Sisendimpedants: Sisendimpedants: 1: 50\u03a9<br \/>\n&#8211; Ribalaius: 50-1000 MHz koos 6 MHz RBW-ga<br \/>\n&#8211; T\u00e4psus: \u00b1 100 kHz<br \/>\n&#8211; Tuvastust\u00fc\u00fcbid: Tipp- ja keskmine detektor<br \/>\n&#8211; Sweep t\u00f6\u00f6tlus: Pidev, keskmine, maksimaalne hoidmine ja diferentsiaalne<br \/>\n<b>Toiteallikas:<\/b><br \/>\n&#8211; V\u00e4line toide: V\u00e4line alalisvooluadapter, 12V @ 2A<br \/>\n&#8211; Sisemine aku: Li-Ion, suure v\u00f5imsusega 7,2V, 91 Wh<br \/>\n&#8211; Aku kestvus: Aku kestab: >6 tundi<br \/>\n&#8211; Laadimisaeg: \u00b1 3 tundi<br \/>\n<b>Mehaaniline:<\/b><br \/>\n&#8211; Seade: 225 x 310 x 70 mm (SxKxS)<br \/>\n&#8211; Kaal: 2,4 kg<br \/>\n&#8211; Kogukaal: 6,0 kg koos seadme, transpordikoti, kasutusjuhendite, CD ja laadijaga.<br \/>\n<b>LCD-ekraan:<\/b><br \/>\n&#8211; Ekraan: TFT, 6,4&#8243; transreflektiivne<br \/>\n&#8211; Suurus (laius x k\u00f5rgus): 132 x100 mm<br \/>\n 640 x 480 pikslit, 256 v\u00e4rvi<br \/>\n<b>andmesalvestus: <\/b><br \/>\n&#8211; Sisemine: NV Flash-m\u00e4lu (SD)<br \/>\n&#8211; V\u00e4line: USB-m\u00e4luklassile vastav USB-m\u00e4lupulk\/k\u00f5vaketas<br \/>\n&#8211; Andmeedastus M\u00f5\u00f5tmisi saab alla laadida arvutisse.<br \/>\n<b>Keskkond:<\/b><br \/>\n&#8211; Korpus: IP64 &#8211; \u00fclemised kaaned suletud, IP51 &#8211; \u00fclemised kaaned avatud.<br \/>\n&#8211; Transport: Korpus IP67<\/p>\n<p>Standardkomplekt: seade PDS300, transpordikott, antennid, akustiline andur, akulaadija, kaelarihm, traadita s\u00fcnkroonimisadapter, tarkvara.<\/p>\n<p><a href=\"http:\/\/www.doble.com\/products\/partial_discharge_detection_byproduct.html#pds100\" target=\"_blank\">Tootja veebileht.<\/a><\/p>\n<h3>Tehniline teave:<\/h3>\n<ul>\n<li><a href=\"https:\/\/axiomams.eu\/importer\/export\/attachments\/en\/dfa300.pdf\" target=\"_blank\">DFA300.pdf<\/a><\/li>\n<\/ul>\n","protected":false},"excerpt":{"rendered":"<p>DFA 300 &#8211; osalise t\u00fchjenduse m\u00f5\u00f5tja, mis \u00fchendab raadiosagedush\u00e4ired (RFI) ja akustilise emissiooni (AE). Ideaalne vahend isolatsioonivigade tuvastamiseks ja leidmiseks. &#8211; Ohutu ja t\u00f5hus meetod PD tuvastamiseks &#8211; Seade kasutab nii RFI- kui ka akustilist tehnoloogiat &#8211; Registreerib RFI-d isolatsiooniprobleemidega seadmetest, sealhulgas PD ja kaarega seotud probleemid &#8211; Leiab ja diagnoosib sisemised probleemid akustilise anduri&#8230;<\/p>\n","protected":false},"featured_media":41733,"comment_status":"open","ping_status":"closed","template":"","meta":{"_acf_changed":false},"product_brand":[1357],"product_cat":[17779],"product_tag":[],"class_list":{"0":"post-40111","1":"product","2":"type-product","3":"status-publish","4":"has-post-thumbnail","6":"product_brand-doble","7":"product_cat-elektriliste-seadmete-katsetamiseks-ja-testimiseks","9":"first","10":"instock","11":"taxable","12":"shipping-taxable","13":"product-type-simple"},"acf":[],"yoast_head":"<!-- This site is optimized with the Yoast SEO plugin v27.0 - https:\/\/yoast.com\/product\/yoast-seo-wordpress\/ -->\n<title>Doble DFA300 Osalise t\u00fchjendamise m\u00f5\u00f5tja - AXIOMA MS<\/title>\n<meta name=\"robots\" content=\"index, follow, max-snippet:-1, max-image-preview:large, max-video-preview:-1\" \/>\n<link rel=\"canonical\" href=\"https:\/\/www.axiomams.eu\/et\/produktas\/doble-dfa300-osalise-tuhjendamise-mootja\" \/>\n<meta property=\"og:locale\" content=\"et_EE\" \/>\n<meta property=\"og:type\" content=\"article\" \/>\n<meta property=\"og:title\" content=\"Doble DFA300 Osalise t\u00fchjendamise m\u00f5\u00f5tja - AXIOMA MS\" \/>\n<meta property=\"og:description\" content=\"DFA 300 &#8211; osalise t\u00fchjenduse m\u00f5\u00f5tja, mis \u00fchendab raadiosagedush\u00e4ired (RFI) ja akustilise emissiooni (AE). Ideaalne vahend isolatsioonivigade tuvastamiseks ja leidmiseks. &#8211; Ohutu ja t\u00f5hus meetod PD tuvastamiseks &#8211; Seade kasutab nii RFI- kui ka akustilist tehnoloogiat &#8211; Registreerib RFI-d isolatsiooniprobleemidega seadmetest, sealhulgas PD ja kaarega seotud probleemid &#8211; Leiab ja diagnoosib sisemised probleemid akustilise anduri...\" \/>\n<meta property=\"og:url\" content=\"https:\/\/www.axiomams.eu\/et\/produktas\/doble-dfa300-osalise-tuhjendamise-mootja\" \/>\n<meta property=\"og:site_name\" content=\"AXIOMA MS\" \/>\n<meta property=\"article:publisher\" content=\"https:\/\/www.facebook.com\/AxiomaMS\" \/>\n<meta property=\"article:modified_time\" content=\"2026-02-02T12:29:57+00:00\" \/>\n<meta property=\"og:image\" content=\"https:\/\/www.axiomams.eu\/wp-content\/uploads\/2025\/07\/1497-1923.jpg\" \/>\n\t<meta property=\"og:image:width\" content=\"1060\" \/>\n\t<meta property=\"og:image:height\" content=\"848\" \/>\n\t<meta property=\"og:image:type\" content=\"image\/jpeg\" \/>\n<meta name=\"twitter:card\" content=\"summary_large_image\" \/>\n<meta name=\"twitter:label1\" content=\"Est. reading time\" \/>\n\t<meta name=\"twitter:data1\" content=\"1 minut\" \/>\n<script type=\"application\/ld+json\" class=\"yoast-schema-graph\">{\"@context\":\"https:\/\/schema.org\",\"@graph\":[{\"@type\":\"WebPage\",\"@id\":\"https:\/\/www.axiomams.eu\/et\/produktas\/doble-dfa300-osalise-tuhjendamise-mootja\",\"url\":\"https:\/\/www.axiomams.eu\/et\/produktas\/doble-dfa300-osalise-tuhjendamise-mootja\",\"name\":\"Doble DFA300 Osalise t\u00fchjendamise m\u00f5\u00f5tja - AXIOMA MS\",\"isPartOf\":{\"@id\":\"https:\/\/www.axiomams.eu\/et#website\"},\"primaryImageOfPage\":{\"@id\":\"https:\/\/www.axiomams.eu\/et\/produktas\/doble-dfa300-osalise-tuhjendamise-mootja#primaryimage\"},\"image\":{\"@id\":\"https:\/\/www.axiomams.eu\/et\/produktas\/doble-dfa300-osalise-tuhjendamise-mootja#primaryimage\"},\"thumbnailUrl\":\"https:\/\/www.axiomams.eu\/wp-content\/uploads\/2025\/07\/1497-1923.jpg\",\"datePublished\":\"2025-05-15T15:57:24+00:00\",\"dateModified\":\"2026-02-02T12:29:57+00:00\",\"breadcrumb\":{\"@id\":\"https:\/\/www.axiomams.eu\/et\/produktas\/doble-dfa300-osalise-tuhjendamise-mootja#breadcrumb\"},\"inLanguage\":\"et\",\"potentialAction\":[{\"@type\":\"ReadAction\",\"target\":[\"https:\/\/www.axiomams.eu\/et\/produktas\/doble-dfa300-osalise-tuhjendamise-mootja\"]}]},{\"@type\":\"ImageObject\",\"inLanguage\":\"et\",\"@id\":\"https:\/\/www.axiomams.eu\/et\/produktas\/doble-dfa300-osalise-tuhjendamise-mootja#primaryimage\",\"url\":\"https:\/\/www.axiomams.eu\/wp-content\/uploads\/2025\/07\/1497-1923.jpg\",\"contentUrl\":\"https:\/\/www.axiomams.eu\/wp-content\/uploads\/2025\/07\/1497-1923.jpg\",\"width\":1060,\"height\":848},{\"@type\":\"BreadcrumbList\",\"@id\":\"https:\/\/www.axiomams.eu\/et\/produktas\/doble-dfa300-osalise-tuhjendamise-mootja#breadcrumb\",\"itemListElement\":[{\"@type\":\"ListItem\",\"position\":1,\"name\":\"Home\",\"item\":\"https:\/\/www.axiomams.eu\/et\"},{\"@type\":\"ListItem\",\"position\":2,\"name\":\"Tooted\",\"item\":\"https:\/\/www.axiomams.eu\/et\/tooted\"},{\"@type\":\"ListItem\",\"position\":3,\"name\":\"Doble DFA300 Osalise t\u00fchjendamise m\u00f5\u00f5tja\"}]},{\"@type\":\"WebSite\",\"@id\":\"https:\/\/www.axiomams.eu\/et#website\",\"url\":\"https:\/\/www.axiomams.eu\/et\",\"name\":\"AXIOMA MS\",\"description\":\"Terrmovizoriai ir matavimo \u012franga\",\"publisher\":{\"@id\":\"https:\/\/www.axiomams.eu\/et#organization\"},\"potentialAction\":[{\"@type\":\"SearchAction\",\"target\":{\"@type\":\"EntryPoint\",\"urlTemplate\":\"https:\/\/www.axiomams.eu\/et?s={search_term_string}\"},\"query-input\":{\"@type\":\"PropertyValueSpecification\",\"valueRequired\":true,\"valueName\":\"search_term_string\"}}],\"inLanguage\":\"et\"},{\"@type\":\"Organization\",\"@id\":\"https:\/\/www.axiomams.eu\/et#organization\",\"name\":\"AXIOMA MS\",\"url\":\"https:\/\/www.axiomams.eu\/et\",\"logo\":{\"@type\":\"ImageObject\",\"inLanguage\":\"et\",\"@id\":\"https:\/\/www.axiomams.eu\/et#\/schema\/logo\/image\/\",\"url\":\"https:\/\/www.axiomams.eu\/wp-content\/uploads\/2025\/06\/axioma-logo-2.png\",\"contentUrl\":\"https:\/\/www.axiomams.eu\/wp-content\/uploads\/2025\/06\/axioma-logo-2.png\",\"width\":1200,\"height\":1200,\"caption\":\"AXIOMA MS\"},\"image\":{\"@id\":\"https:\/\/www.axiomams.eu\/et#\/schema\/logo\/image\/\"},\"sameAs\":[\"https:\/\/www.facebook.com\/AxiomaMS\",\"https:\/\/www.linkedin.com\/company\/axiomams\/\"]}]}<\/script>\n<!-- \/ Yoast SEO plugin. -->","yoast_head_json":{"title":"Doble DFA300 Osalise t\u00fchjendamise m\u00f5\u00f5tja - AXIOMA MS","robots":{"index":"index","follow":"follow","max-snippet":"max-snippet:-1","max-image-preview":"max-image-preview:large","max-video-preview":"max-video-preview:-1"},"canonical":"https:\/\/www.axiomams.eu\/et\/produktas\/doble-dfa300-osalise-tuhjendamise-mootja","og_locale":"et_EE","og_type":"article","og_title":"Doble DFA300 Osalise t\u00fchjendamise m\u00f5\u00f5tja - AXIOMA MS","og_description":"DFA 300 &#8211; osalise t\u00fchjenduse m\u00f5\u00f5tja, mis \u00fchendab raadiosagedush\u00e4ired (RFI) ja akustilise emissiooni (AE). Ideaalne vahend isolatsioonivigade tuvastamiseks ja leidmiseks. &#8211; Ohutu ja t\u00f5hus meetod PD tuvastamiseks &#8211; Seade kasutab nii RFI- kui ka akustilist tehnoloogiat &#8211; Registreerib RFI-d isolatsiooniprobleemidega seadmetest, sealhulgas PD ja kaarega seotud probleemid &#8211; Leiab ja diagnoosib sisemised probleemid akustilise anduri...","og_url":"https:\/\/www.axiomams.eu\/et\/produktas\/doble-dfa300-osalise-tuhjendamise-mootja","og_site_name":"AXIOMA MS","article_publisher":"https:\/\/www.facebook.com\/AxiomaMS","article_modified_time":"2026-02-02T12:29:57+00:00","og_image":[{"width":1060,"height":848,"url":"https:\/\/www.axiomams.eu\/wp-content\/uploads\/2025\/07\/1497-1923.jpg","type":"image\/jpeg"}],"twitter_card":"summary_large_image","twitter_misc":{"Est. reading time":"1 minut"},"schema":{"@context":"https:\/\/schema.org","@graph":[{"@type":"WebPage","@id":"https:\/\/www.axiomams.eu\/et\/produktas\/doble-dfa300-osalise-tuhjendamise-mootja","url":"https:\/\/www.axiomams.eu\/et\/produktas\/doble-dfa300-osalise-tuhjendamise-mootja","name":"Doble DFA300 Osalise t\u00fchjendamise m\u00f5\u00f5tja - AXIOMA MS","isPartOf":{"@id":"https:\/\/www.axiomams.eu\/et#website"},"primaryImageOfPage":{"@id":"https:\/\/www.axiomams.eu\/et\/produktas\/doble-dfa300-osalise-tuhjendamise-mootja#primaryimage"},"image":{"@id":"https:\/\/www.axiomams.eu\/et\/produktas\/doble-dfa300-osalise-tuhjendamise-mootja#primaryimage"},"thumbnailUrl":"https:\/\/www.axiomams.eu\/wp-content\/uploads\/2025\/07\/1497-1923.jpg","datePublished":"2025-05-15T15:57:24+00:00","dateModified":"2026-02-02T12:29:57+00:00","breadcrumb":{"@id":"https:\/\/www.axiomams.eu\/et\/produktas\/doble-dfa300-osalise-tuhjendamise-mootja#breadcrumb"},"inLanguage":"et","potentialAction":[{"@type":"ReadAction","target":["https:\/\/www.axiomams.eu\/et\/produktas\/doble-dfa300-osalise-tuhjendamise-mootja"]}]},{"@type":"ImageObject","inLanguage":"et","@id":"https:\/\/www.axiomams.eu\/et\/produktas\/doble-dfa300-osalise-tuhjendamise-mootja#primaryimage","url":"https:\/\/www.axiomams.eu\/wp-content\/uploads\/2025\/07\/1497-1923.jpg","contentUrl":"https:\/\/www.axiomams.eu\/wp-content\/uploads\/2025\/07\/1497-1923.jpg","width":1060,"height":848},{"@type":"BreadcrumbList","@id":"https:\/\/www.axiomams.eu\/et\/produktas\/doble-dfa300-osalise-tuhjendamise-mootja#breadcrumb","itemListElement":[{"@type":"ListItem","position":1,"name":"Home","item":"https:\/\/www.axiomams.eu\/et"},{"@type":"ListItem","position":2,"name":"Tooted","item":"https:\/\/www.axiomams.eu\/et\/tooted"},{"@type":"ListItem","position":3,"name":"Doble DFA300 Osalise t\u00fchjendamise m\u00f5\u00f5tja"}]},{"@type":"WebSite","@id":"https:\/\/www.axiomams.eu\/et#website","url":"https:\/\/www.axiomams.eu\/et","name":"AXIOMA MS","description":"Terrmovizoriai ir matavimo \u012franga","publisher":{"@id":"https:\/\/www.axiomams.eu\/et#organization"},"potentialAction":[{"@type":"SearchAction","target":{"@type":"EntryPoint","urlTemplate":"https:\/\/www.axiomams.eu\/et?s={search_term_string}"},"query-input":{"@type":"PropertyValueSpecification","valueRequired":true,"valueName":"search_term_string"}}],"inLanguage":"et"},{"@type":"Organization","@id":"https:\/\/www.axiomams.eu\/et#organization","name":"AXIOMA MS","url":"https:\/\/www.axiomams.eu\/et","logo":{"@type":"ImageObject","inLanguage":"et","@id":"https:\/\/www.axiomams.eu\/et#\/schema\/logo\/image\/","url":"https:\/\/www.axiomams.eu\/wp-content\/uploads\/2025\/06\/axioma-logo-2.png","contentUrl":"https:\/\/www.axiomams.eu\/wp-content\/uploads\/2025\/06\/axioma-logo-2.png","width":1200,"height":1200,"caption":"AXIOMA MS"},"image":{"@id":"https:\/\/www.axiomams.eu\/et#\/schema\/logo\/image\/"},"sameAs":["https:\/\/www.facebook.com\/AxiomaMS","https:\/\/www.linkedin.com\/company\/axiomams\/"]}]}},"_links":{"self":[{"href":"https:\/\/www.axiomams.eu\/et\/wp-json\/wp\/v2\/product\/40111","targetHints":{"allow":["GET"]}}],"collection":[{"href":"https:\/\/www.axiomams.eu\/et\/wp-json\/wp\/v2\/product"}],"about":[{"href":"https:\/\/www.axiomams.eu\/et\/wp-json\/wp\/v2\/types\/product"}],"replies":[{"embeddable":true,"href":"https:\/\/www.axiomams.eu\/et\/wp-json\/wp\/v2\/comments?post=40111"}],"wp:featuredmedia":[{"embeddable":true,"href":"https:\/\/www.axiomams.eu\/et\/wp-json\/wp\/v2\/media\/41733"}],"wp:attachment":[{"href":"https:\/\/www.axiomams.eu\/et\/wp-json\/wp\/v2\/media?parent=40111"}],"wp:term":[{"taxonomy":"product_brand","embeddable":true,"href":"https:\/\/www.axiomams.eu\/et\/wp-json\/wp\/v2\/product_brand?post=40111"},{"taxonomy":"product_cat","embeddable":true,"href":"https:\/\/www.axiomams.eu\/et\/wp-json\/wp\/v2\/product_cat?post=40111"},{"taxonomy":"product_tag","embeddable":true,"href":"https:\/\/www.axiomams.eu\/et\/wp-json\/wp\/v2\/product_tag?post=40111"}],"curies":[{"name":"wp","href":"https:\/\/api.w.org\/{rel}","templated":true}]}}