{"id":40116,"date":"2025-05-15T17:57:28","date_gmt":"2025-05-15T15:57:28","guid":{"rendered":"https:\/\/www.axiomams.eu\/produktas\/chauvin-arnoux-digiflex-ma4000d-350-vooluklambrid"},"modified":"2026-02-02T14:30:00","modified_gmt":"2026-02-02T12:30:00","slug":"chauvin-arnoux-digiflex-ma4000d-350-vooluklambrid","status":"publish","type":"product","link":"https:\/\/www.axiomams.eu\/et\/produktas\/chauvin-arnoux-digiflex-ma4000d-350-vooluklambrid","title":{"rendered":"Chauvin Arnoux DIGIFLEX MA4000D-350 vooluklambrid"},"content":{"rendered":"<p>DigiFLEX on ideaalne t\u00e4iendus elektrikute t\u00f6\u00f6riistade ja m\u00f5\u00f5teriistade komplekti, mida saab kasutada TRMS-vahetusvoolu m\u00f5\u00f5tmiseks, pakkudes samas ka lahendust, kui juurdep\u00e4\u00e4s elektrijuhtidele on keeruline.<\/p>\n<p>Standardkomplekt: 1 DigiFLEX andur, mis tarnitakse blisterpakendis koos 2 x 1,5 V AAA patareiga, 1 elastne rihm ja kasutusjuhend viies keeles.<\/p>\n<h3>Tehniline teave:<\/h3>\n<ul>\n<li><a href=\"https:\/\/axiomams.eu\/importer\/export\/attachments\/en\/chauvin-arnoux-digiflex.pdf\" target=\"_blank\">Chauvin Arnoux DIGIFLEX.PDF<\/a><\/li>\n<\/ul>\n","protected":false},"excerpt":{"rendered":"<p>DigiFLEX on ideaalne t\u00e4iendus elektrikute t\u00f6\u00f6riistade ja m\u00f5\u00f5teriistade komplekti, mida saab kasutada TRMS-vahetusvoolu m\u00f5\u00f5tmiseks, pakkudes samas ka lahendust, kui juurdep\u00e4\u00e4s elektrijuhtidele on keeruline. Standardkomplekt: 1 DigiFLEX andur, mis tarnitakse blisterpakendis koos 2 x 1,5 V AAA patareiga, 1 elastne rihm ja kasutusjuhend viies keeles. Tehniline teave: Chauvin Arnoux DIGIFLEX.PDF<\/p>\n","protected":false},"featured_media":41743,"comment_status":"open","ping_status":"closed","template":"","meta":{"_acf_changed":false},"product_brand":[729],"product_cat":[17785],"product_tag":[],"class_list":{"0":"post-40116","1":"product","2":"type-product","3":"status-publish","4":"has-post-thumbnail","6":"product_brand-chauvin-arnoux","7":"product_cat-elektrikutele-ja-energeetikainseneridele","9":"first","10":"instock","11":"taxable","12":"shipping-taxable","13":"purchasable","14":"product-type-simple"},"acf":[],"yoast_head":"<!-- This site is optimized with the Yoast SEO plugin v27.0 - https:\/\/yoast.com\/product\/yoast-seo-wordpress\/ -->\n<title>Chauvin Arnoux DIGIFLEX MA4000D-350 vooluklambrid - AXIOMA MS<\/title>\n<meta name=\"robots\" content=\"index, follow, max-snippet:-1, max-image-preview:large, max-video-preview:-1\" \/>\n<link rel=\"canonical\" href=\"https:\/\/www.axiomams.eu\/et\/produktas\/chauvin-arnoux-digiflex-ma4000d-350-vooluklambrid\" \/>\n<meta property=\"og:locale\" content=\"et_EE\" \/>\n<meta property=\"og:type\" content=\"article\" \/>\n<meta property=\"og:title\" content=\"Chauvin Arnoux DIGIFLEX MA4000D-350 vooluklambrid - AXIOMA MS\" \/>\n<meta property=\"og:description\" content=\"DigiFLEX on ideaalne t\u00e4iendus elektrikute t\u00f6\u00f6riistade ja m\u00f5\u00f5teriistade komplekti, mida saab kasutada TRMS-vahetusvoolu m\u00f5\u00f5tmiseks, pakkudes samas ka lahendust, kui juurdep\u00e4\u00e4s elektrijuhtidele on keeruline. Standardkomplekt: 1 DigiFLEX andur, mis tarnitakse blisterpakendis koos 2 x 1,5 V AAA patareiga, 1 elastne rihm ja kasutusjuhend viies keeles. Tehniline teave: Chauvin Arnoux DIGIFLEX.PDF\" \/>\n<meta property=\"og:url\" content=\"https:\/\/www.axiomams.eu\/et\/produktas\/chauvin-arnoux-digiflex-ma4000d-350-vooluklambrid\" \/>\n<meta property=\"og:site_name\" content=\"AXIOMA MS\" \/>\n<meta property=\"article:publisher\" content=\"https:\/\/www.facebook.com\/AxiomaMS\" \/>\n<meta property=\"article:modified_time\" content=\"2026-02-02T12:30:00+00:00\" \/>\n<meta property=\"og:image\" content=\"https:\/\/www.axiomams.eu\/wp-content\/uploads\/2025\/07\/694-1567.png\" \/>\n\t<meta property=\"og:image:width\" content=\"971\" \/>\n\t<meta property=\"og:image:height\" content=\"882\" \/>\n\t<meta property=\"og:image:type\" content=\"image\/png\" \/>\n<meta name=\"twitter:card\" content=\"summary_large_image\" \/>\n<script type=\"application\/ld+json\" class=\"yoast-schema-graph\">{\"@context\":\"https:\/\/schema.org\",\"@graph\":[{\"@type\":\"WebPage\",\"@id\":\"https:\/\/www.axiomams.eu\/et\/produktas\/chauvin-arnoux-digiflex-ma4000d-350-vooluklambrid\",\"url\":\"https:\/\/www.axiomams.eu\/et\/produktas\/chauvin-arnoux-digiflex-ma4000d-350-vooluklambrid\",\"name\":\"Chauvin Arnoux DIGIFLEX MA4000D-350 vooluklambrid - AXIOMA MS\",\"isPartOf\":{\"@id\":\"https:\/\/www.axiomams.eu\/et#website\"},\"primaryImageOfPage\":{\"@id\":\"https:\/\/www.axiomams.eu\/et\/produktas\/chauvin-arnoux-digiflex-ma4000d-350-vooluklambrid#primaryimage\"},\"image\":{\"@id\":\"https:\/\/www.axiomams.eu\/et\/produktas\/chauvin-arnoux-digiflex-ma4000d-350-vooluklambrid#primaryimage\"},\"thumbnailUrl\":\"https:\/\/www.axiomams.eu\/wp-content\/uploads\/2025\/07\/694-1567.png\",\"datePublished\":\"2025-05-15T15:57:28+00:00\",\"dateModified\":\"2026-02-02T12:30:00+00:00\",\"breadcrumb\":{\"@id\":\"https:\/\/www.axiomams.eu\/et\/produktas\/chauvin-arnoux-digiflex-ma4000d-350-vooluklambrid#breadcrumb\"},\"inLanguage\":\"et\",\"potentialAction\":[{\"@type\":\"ReadAction\",\"target\":[\"https:\/\/www.axiomams.eu\/et\/produktas\/chauvin-arnoux-digiflex-ma4000d-350-vooluklambrid\"]}]},{\"@type\":\"ImageObject\",\"inLanguage\":\"et\",\"@id\":\"https:\/\/www.axiomams.eu\/et\/produktas\/chauvin-arnoux-digiflex-ma4000d-350-vooluklambrid#primaryimage\",\"url\":\"https:\/\/www.axiomams.eu\/wp-content\/uploads\/2025\/07\/694-1567.png\",\"contentUrl\":\"https:\/\/www.axiomams.eu\/wp-content\/uploads\/2025\/07\/694-1567.png\",\"width\":971,\"height\":882},{\"@type\":\"BreadcrumbList\",\"@id\":\"https:\/\/www.axiomams.eu\/et\/produktas\/chauvin-arnoux-digiflex-ma4000d-350-vooluklambrid#breadcrumb\",\"itemListElement\":[{\"@type\":\"ListItem\",\"position\":1,\"name\":\"Home\",\"item\":\"https:\/\/www.axiomams.eu\/et\"},{\"@type\":\"ListItem\",\"position\":2,\"name\":\"Tooted\",\"item\":\"https:\/\/www.axiomams.eu\/et\/tooted\"},{\"@type\":\"ListItem\",\"position\":3,\"name\":\"Chauvin Arnoux DIGIFLEX MA4000D-350 vooluklambrid\"}]},{\"@type\":\"WebSite\",\"@id\":\"https:\/\/www.axiomams.eu\/et#website\",\"url\":\"https:\/\/www.axiomams.eu\/et\",\"name\":\"AXIOMA MS\",\"description\":\"Terrmovizoriai ir matavimo \u012franga\",\"publisher\":{\"@id\":\"https:\/\/www.axiomams.eu\/et#organization\"},\"potentialAction\":[{\"@type\":\"SearchAction\",\"target\":{\"@type\":\"EntryPoint\",\"urlTemplate\":\"https:\/\/www.axiomams.eu\/et?s={search_term_string}\"},\"query-input\":{\"@type\":\"PropertyValueSpecification\",\"valueRequired\":true,\"valueName\":\"search_term_string\"}}],\"inLanguage\":\"et\"},{\"@type\":\"Organization\",\"@id\":\"https:\/\/www.axiomams.eu\/et#organization\",\"name\":\"AXIOMA MS\",\"url\":\"https:\/\/www.axiomams.eu\/et\",\"logo\":{\"@type\":\"ImageObject\",\"inLanguage\":\"et\",\"@id\":\"https:\/\/www.axiomams.eu\/et#\/schema\/logo\/image\/\",\"url\":\"https:\/\/www.axiomams.eu\/wp-content\/uploads\/2025\/06\/axioma-logo-2.png\",\"contentUrl\":\"https:\/\/www.axiomams.eu\/wp-content\/uploads\/2025\/06\/axioma-logo-2.png\",\"width\":1200,\"height\":1200,\"caption\":\"AXIOMA MS\"},\"image\":{\"@id\":\"https:\/\/www.axiomams.eu\/et#\/schema\/logo\/image\/\"},\"sameAs\":[\"https:\/\/www.facebook.com\/AxiomaMS\",\"https:\/\/www.linkedin.com\/company\/axiomams\/\"]}]}<\/script>\n<!-- \/ Yoast SEO plugin. -->","yoast_head_json":{"title":"Chauvin Arnoux DIGIFLEX MA4000D-350 vooluklambrid - AXIOMA MS","robots":{"index":"index","follow":"follow","max-snippet":"max-snippet:-1","max-image-preview":"max-image-preview:large","max-video-preview":"max-video-preview:-1"},"canonical":"https:\/\/www.axiomams.eu\/et\/produktas\/chauvin-arnoux-digiflex-ma4000d-350-vooluklambrid","og_locale":"et_EE","og_type":"article","og_title":"Chauvin Arnoux DIGIFLEX MA4000D-350 vooluklambrid - AXIOMA MS","og_description":"DigiFLEX on ideaalne t\u00e4iendus elektrikute t\u00f6\u00f6riistade ja m\u00f5\u00f5teriistade komplekti, mida saab kasutada TRMS-vahetusvoolu m\u00f5\u00f5tmiseks, pakkudes samas ka lahendust, kui juurdep\u00e4\u00e4s elektrijuhtidele on keeruline. Standardkomplekt: 1 DigiFLEX andur, mis tarnitakse blisterpakendis koos 2 x 1,5 V AAA patareiga, 1 elastne rihm ja kasutusjuhend viies keeles. Tehniline teave: Chauvin Arnoux DIGIFLEX.PDF","og_url":"https:\/\/www.axiomams.eu\/et\/produktas\/chauvin-arnoux-digiflex-ma4000d-350-vooluklambrid","og_site_name":"AXIOMA MS","article_publisher":"https:\/\/www.facebook.com\/AxiomaMS","article_modified_time":"2026-02-02T12:30:00+00:00","og_image":[{"width":971,"height":882,"url":"https:\/\/www.axiomams.eu\/wp-content\/uploads\/2025\/07\/694-1567.png","type":"image\/png"}],"twitter_card":"summary_large_image","schema":{"@context":"https:\/\/schema.org","@graph":[{"@type":"WebPage","@id":"https:\/\/www.axiomams.eu\/et\/produktas\/chauvin-arnoux-digiflex-ma4000d-350-vooluklambrid","url":"https:\/\/www.axiomams.eu\/et\/produktas\/chauvin-arnoux-digiflex-ma4000d-350-vooluklambrid","name":"Chauvin Arnoux DIGIFLEX MA4000D-350 vooluklambrid - AXIOMA MS","isPartOf":{"@id":"https:\/\/www.axiomams.eu\/et#website"},"primaryImageOfPage":{"@id":"https:\/\/www.axiomams.eu\/et\/produktas\/chauvin-arnoux-digiflex-ma4000d-350-vooluklambrid#primaryimage"},"image":{"@id":"https:\/\/www.axiomams.eu\/et\/produktas\/chauvin-arnoux-digiflex-ma4000d-350-vooluklambrid#primaryimage"},"thumbnailUrl":"https:\/\/www.axiomams.eu\/wp-content\/uploads\/2025\/07\/694-1567.png","datePublished":"2025-05-15T15:57:28+00:00","dateModified":"2026-02-02T12:30:00+00:00","breadcrumb":{"@id":"https:\/\/www.axiomams.eu\/et\/produktas\/chauvin-arnoux-digiflex-ma4000d-350-vooluklambrid#breadcrumb"},"inLanguage":"et","potentialAction":[{"@type":"ReadAction","target":["https:\/\/www.axiomams.eu\/et\/produktas\/chauvin-arnoux-digiflex-ma4000d-350-vooluklambrid"]}]},{"@type":"ImageObject","inLanguage":"et","@id":"https:\/\/www.axiomams.eu\/et\/produktas\/chauvin-arnoux-digiflex-ma4000d-350-vooluklambrid#primaryimage","url":"https:\/\/www.axiomams.eu\/wp-content\/uploads\/2025\/07\/694-1567.png","contentUrl":"https:\/\/www.axiomams.eu\/wp-content\/uploads\/2025\/07\/694-1567.png","width":971,"height":882},{"@type":"BreadcrumbList","@id":"https:\/\/www.axiomams.eu\/et\/produktas\/chauvin-arnoux-digiflex-ma4000d-350-vooluklambrid#breadcrumb","itemListElement":[{"@type":"ListItem","position":1,"name":"Home","item":"https:\/\/www.axiomams.eu\/et"},{"@type":"ListItem","position":2,"name":"Tooted","item":"https:\/\/www.axiomams.eu\/et\/tooted"},{"@type":"ListItem","position":3,"name":"Chauvin Arnoux DIGIFLEX MA4000D-350 vooluklambrid"}]},{"@type":"WebSite","@id":"https:\/\/www.axiomams.eu\/et#website","url":"https:\/\/www.axiomams.eu\/et","name":"AXIOMA MS","description":"Terrmovizoriai ir matavimo \u012franga","publisher":{"@id":"https:\/\/www.axiomams.eu\/et#organization"},"potentialAction":[{"@type":"SearchAction","target":{"@type":"EntryPoint","urlTemplate":"https:\/\/www.axiomams.eu\/et?s={search_term_string}"},"query-input":{"@type":"PropertyValueSpecification","valueRequired":true,"valueName":"search_term_string"}}],"inLanguage":"et"},{"@type":"Organization","@id":"https:\/\/www.axiomams.eu\/et#organization","name":"AXIOMA MS","url":"https:\/\/www.axiomams.eu\/et","logo":{"@type":"ImageObject","inLanguage":"et","@id":"https:\/\/www.axiomams.eu\/et#\/schema\/logo\/image\/","url":"https:\/\/www.axiomams.eu\/wp-content\/uploads\/2025\/06\/axioma-logo-2.png","contentUrl":"https:\/\/www.axiomams.eu\/wp-content\/uploads\/2025\/06\/axioma-logo-2.png","width":1200,"height":1200,"caption":"AXIOMA MS"},"image":{"@id":"https:\/\/www.axiomams.eu\/et#\/schema\/logo\/image\/"},"sameAs":["https:\/\/www.facebook.com\/AxiomaMS","https:\/\/www.linkedin.com\/company\/axiomams\/"]}]}},"_links":{"self":[{"href":"https:\/\/www.axiomams.eu\/et\/wp-json\/wp\/v2\/product\/40116","targetHints":{"allow":["GET"]}}],"collection":[{"href":"https:\/\/www.axiomams.eu\/et\/wp-json\/wp\/v2\/product"}],"about":[{"href":"https:\/\/www.axiomams.eu\/et\/wp-json\/wp\/v2\/types\/product"}],"replies":[{"embeddable":true,"href":"https:\/\/www.axiomams.eu\/et\/wp-json\/wp\/v2\/comments?post=40116"}],"wp:featuredmedia":[{"embeddable":true,"href":"https:\/\/www.axiomams.eu\/et\/wp-json\/wp\/v2\/media\/41743"}],"wp:attachment":[{"href":"https:\/\/www.axiomams.eu\/et\/wp-json\/wp\/v2\/media?parent=40116"}],"wp:term":[{"taxonomy":"product_brand","embeddable":true,"href":"https:\/\/www.axiomams.eu\/et\/wp-json\/wp\/v2\/product_brand?post=40116"},{"taxonomy":"product_cat","embeddable":true,"href":"https:\/\/www.axiomams.eu\/et\/wp-json\/wp\/v2\/product_cat?post=40116"},{"taxonomy":"product_tag","embeddable":true,"href":"https:\/\/www.axiomams.eu\/et\/wp-json\/wp\/v2\/product_tag?post=40116"}],"curies":[{"name":"wp","href":"https:\/\/api.w.org\/{rel}","templated":true}]}}