{"id":40120,"date":"2025-05-15T17:57:33","date_gmt":"2025-05-15T15:57:33","guid":{"rendered":"https:\/\/www.axiomams.eu\/produktas\/mru-dm9600-rohumootur"},"modified":"2026-02-02T14:30:00","modified_gmt":"2026-02-02T12:30:00","slug":"mru-dm9600-rohumootur","status":"publish","type":"product","link":"https:\/\/www.axiomams.eu\/et\/produktas\/mru-dm9600-rohumootur","title":{"rendered":"MRU DM9600 r\u00f5hum\u00f5\u00f5tur"},"content":{"rendered":"<p>DM 9600 on t\u00e4ppismanomeeter, mida kasutatakse r\u00f5hu, r\u00f5hkude erinevuse ja temperatuuri t\u00e4pseks m\u00f5\u00f5tmiseks. DM 9600 on 0,5% t\u00e4psusega ja lahutusv\u00f5imega kuni 0,001.<\/p>\n<p>Standardkomplekt: MRU DM9600, aku, laadija.<\/p>\n<h3>Tehniline teave:<\/h3>\n<ul>\n<li><a href=\"https:\/\/axiomams.eu\/importer\/export\/attachments\/en\/mru-dm9600.pdf\" target=\"_blank\">MRU DM9600.pdf<\/a><\/li>\n<\/ul>\n","protected":false},"excerpt":{"rendered":"<p>DM 9600 on t\u00e4ppismanomeeter, mida kasutatakse r\u00f5hu, r\u00f5hkude erinevuse ja temperatuuri t\u00e4pseks m\u00f5\u00f5tmiseks. DM 9600 on 0,5% t\u00e4psusega ja lahutusv\u00f5imega kuni 0,001. Standardkomplekt: MRU DM9600, aku, laadija. Tehniline teave: MRU DM9600.pdf<\/p>\n","protected":false},"featured_media":41751,"comment_status":"open","ping_status":"closed","template":"","meta":{"_acf_changed":false},"product_brand":[1897],"product_cat":[17787],"product_tag":[],"class_list":{"0":"post-40120","1":"product","2":"type-product","3":"status-publish","4":"has-post-thumbnail","6":"product_brand-mru","7":"product_cat-temperatuuri-niiskuse-ja-rohu-mootmiseks","9":"first","10":"instock","11":"taxable","12":"shipping-taxable","13":"purchasable","14":"product-type-simple"},"acf":[],"yoast_head":"<!-- This site is optimized with the Yoast SEO plugin v27.0 - https:\/\/yoast.com\/product\/yoast-seo-wordpress\/ -->\n<title>MRU DM9600 r\u00f5hum\u00f5\u00f5tur - AXIOMA MS<\/title>\n<meta name=\"robots\" content=\"index, follow, max-snippet:-1, max-image-preview:large, max-video-preview:-1\" \/>\n<link rel=\"canonical\" href=\"https:\/\/www.axiomams.eu\/et\/produktas\/mru-dm9600-rohumootur\" \/>\n<meta property=\"og:locale\" content=\"et_EE\" \/>\n<meta property=\"og:type\" content=\"article\" \/>\n<meta property=\"og:title\" content=\"MRU DM9600 r\u00f5hum\u00f5\u00f5tur - AXIOMA MS\" \/>\n<meta property=\"og:description\" content=\"DM 9600 on t\u00e4ppismanomeeter, mida kasutatakse r\u00f5hu, r\u00f5hkude erinevuse ja temperatuuri t\u00e4pseks m\u00f5\u00f5tmiseks. DM 9600 on 0,5% t\u00e4psusega ja lahutusv\u00f5imega kuni 0,001. Standardkomplekt: MRU DM9600, aku, laadija. Tehniline teave: MRU DM9600.pdf\" \/>\n<meta property=\"og:url\" content=\"https:\/\/www.axiomams.eu\/et\/produktas\/mru-dm9600-rohumootur\" \/>\n<meta property=\"og:site_name\" content=\"AXIOMA MS\" \/>\n<meta property=\"article:publisher\" content=\"https:\/\/www.facebook.com\/AxiomaMS\" \/>\n<meta property=\"article:modified_time\" content=\"2026-02-02T12:30:00+00:00\" \/>\n<meta property=\"og:image\" content=\"https:\/\/www.axiomams.eu\/wp-content\/uploads\/2025\/07\/3095-4077.jpg\" \/>\n\t<meta property=\"og:image:width\" content=\"375\" \/>\n\t<meta property=\"og:image:height\" content=\"375\" \/>\n\t<meta property=\"og:image:type\" content=\"image\/jpeg\" \/>\n<meta name=\"twitter:card\" content=\"summary_large_image\" \/>\n<script type=\"application\/ld+json\" class=\"yoast-schema-graph\">{\"@context\":\"https:\/\/schema.org\",\"@graph\":[{\"@type\":\"WebPage\",\"@id\":\"https:\/\/www.axiomams.eu\/et\/produktas\/mru-dm9600-rohumootur\",\"url\":\"https:\/\/www.axiomams.eu\/et\/produktas\/mru-dm9600-rohumootur\",\"name\":\"MRU DM9600 r\u00f5hum\u00f5\u00f5tur - AXIOMA MS\",\"isPartOf\":{\"@id\":\"https:\/\/www.axiomams.eu\/et#website\"},\"primaryImageOfPage\":{\"@id\":\"https:\/\/www.axiomams.eu\/et\/produktas\/mru-dm9600-rohumootur#primaryimage\"},\"image\":{\"@id\":\"https:\/\/www.axiomams.eu\/et\/produktas\/mru-dm9600-rohumootur#primaryimage\"},\"thumbnailUrl\":\"https:\/\/www.axiomams.eu\/wp-content\/uploads\/2025\/07\/3095-4077.jpg\",\"datePublished\":\"2025-05-15T15:57:33+00:00\",\"dateModified\":\"2026-02-02T12:30:00+00:00\",\"breadcrumb\":{\"@id\":\"https:\/\/www.axiomams.eu\/et\/produktas\/mru-dm9600-rohumootur#breadcrumb\"},\"inLanguage\":\"et\",\"potentialAction\":[{\"@type\":\"ReadAction\",\"target\":[\"https:\/\/www.axiomams.eu\/et\/produktas\/mru-dm9600-rohumootur\"]}]},{\"@type\":\"ImageObject\",\"inLanguage\":\"et\",\"@id\":\"https:\/\/www.axiomams.eu\/et\/produktas\/mru-dm9600-rohumootur#primaryimage\",\"url\":\"https:\/\/www.axiomams.eu\/wp-content\/uploads\/2025\/07\/3095-4077.jpg\",\"contentUrl\":\"https:\/\/www.axiomams.eu\/wp-content\/uploads\/2025\/07\/3095-4077.jpg\",\"width\":375,\"height\":375},{\"@type\":\"BreadcrumbList\",\"@id\":\"https:\/\/www.axiomams.eu\/et\/produktas\/mru-dm9600-rohumootur#breadcrumb\",\"itemListElement\":[{\"@type\":\"ListItem\",\"position\":1,\"name\":\"Home\",\"item\":\"https:\/\/www.axiomams.eu\/et\"},{\"@type\":\"ListItem\",\"position\":2,\"name\":\"Tooted\",\"item\":\"https:\/\/www.axiomams.eu\/et\/tooted\"},{\"@type\":\"ListItem\",\"position\":3,\"name\":\"MRU DM9600 r\u00f5hum\u00f5\u00f5tur\"}]},{\"@type\":\"WebSite\",\"@id\":\"https:\/\/www.axiomams.eu\/et#website\",\"url\":\"https:\/\/www.axiomams.eu\/et\",\"name\":\"AXIOMA MS\",\"description\":\"Terrmovizoriai ir matavimo \u012franga\",\"publisher\":{\"@id\":\"https:\/\/www.axiomams.eu\/et#organization\"},\"potentialAction\":[{\"@type\":\"SearchAction\",\"target\":{\"@type\":\"EntryPoint\",\"urlTemplate\":\"https:\/\/www.axiomams.eu\/et?s={search_term_string}\"},\"query-input\":{\"@type\":\"PropertyValueSpecification\",\"valueRequired\":true,\"valueName\":\"search_term_string\"}}],\"inLanguage\":\"et\"},{\"@type\":\"Organization\",\"@id\":\"https:\/\/www.axiomams.eu\/et#organization\",\"name\":\"AXIOMA MS\",\"url\":\"https:\/\/www.axiomams.eu\/et\",\"logo\":{\"@type\":\"ImageObject\",\"inLanguage\":\"et\",\"@id\":\"https:\/\/www.axiomams.eu\/et#\/schema\/logo\/image\/\",\"url\":\"https:\/\/www.axiomams.eu\/wp-content\/uploads\/2025\/06\/axioma-logo-2.png\",\"contentUrl\":\"https:\/\/www.axiomams.eu\/wp-content\/uploads\/2025\/06\/axioma-logo-2.png\",\"width\":1200,\"height\":1200,\"caption\":\"AXIOMA MS\"},\"image\":{\"@id\":\"https:\/\/www.axiomams.eu\/et#\/schema\/logo\/image\/\"},\"sameAs\":[\"https:\/\/www.facebook.com\/AxiomaMS\",\"https:\/\/www.linkedin.com\/company\/axiomams\/\"]}]}<\/script>\n<!-- \/ Yoast SEO plugin. -->","yoast_head_json":{"title":"MRU DM9600 r\u00f5hum\u00f5\u00f5tur - AXIOMA MS","robots":{"index":"index","follow":"follow","max-snippet":"max-snippet:-1","max-image-preview":"max-image-preview:large","max-video-preview":"max-video-preview:-1"},"canonical":"https:\/\/www.axiomams.eu\/et\/produktas\/mru-dm9600-rohumootur","og_locale":"et_EE","og_type":"article","og_title":"MRU DM9600 r\u00f5hum\u00f5\u00f5tur - AXIOMA MS","og_description":"DM 9600 on t\u00e4ppismanomeeter, mida kasutatakse r\u00f5hu, r\u00f5hkude erinevuse ja temperatuuri t\u00e4pseks m\u00f5\u00f5tmiseks. DM 9600 on 0,5% t\u00e4psusega ja lahutusv\u00f5imega kuni 0,001. Standardkomplekt: MRU DM9600, aku, laadija. Tehniline teave: MRU DM9600.pdf","og_url":"https:\/\/www.axiomams.eu\/et\/produktas\/mru-dm9600-rohumootur","og_site_name":"AXIOMA MS","article_publisher":"https:\/\/www.facebook.com\/AxiomaMS","article_modified_time":"2026-02-02T12:30:00+00:00","og_image":[{"width":375,"height":375,"url":"https:\/\/www.axiomams.eu\/wp-content\/uploads\/2025\/07\/3095-4077.jpg","type":"image\/jpeg"}],"twitter_card":"summary_large_image","schema":{"@context":"https:\/\/schema.org","@graph":[{"@type":"WebPage","@id":"https:\/\/www.axiomams.eu\/et\/produktas\/mru-dm9600-rohumootur","url":"https:\/\/www.axiomams.eu\/et\/produktas\/mru-dm9600-rohumootur","name":"MRU DM9600 r\u00f5hum\u00f5\u00f5tur - AXIOMA MS","isPartOf":{"@id":"https:\/\/www.axiomams.eu\/et#website"},"primaryImageOfPage":{"@id":"https:\/\/www.axiomams.eu\/et\/produktas\/mru-dm9600-rohumootur#primaryimage"},"image":{"@id":"https:\/\/www.axiomams.eu\/et\/produktas\/mru-dm9600-rohumootur#primaryimage"},"thumbnailUrl":"https:\/\/www.axiomams.eu\/wp-content\/uploads\/2025\/07\/3095-4077.jpg","datePublished":"2025-05-15T15:57:33+00:00","dateModified":"2026-02-02T12:30:00+00:00","breadcrumb":{"@id":"https:\/\/www.axiomams.eu\/et\/produktas\/mru-dm9600-rohumootur#breadcrumb"},"inLanguage":"et","potentialAction":[{"@type":"ReadAction","target":["https:\/\/www.axiomams.eu\/et\/produktas\/mru-dm9600-rohumootur"]}]},{"@type":"ImageObject","inLanguage":"et","@id":"https:\/\/www.axiomams.eu\/et\/produktas\/mru-dm9600-rohumootur#primaryimage","url":"https:\/\/www.axiomams.eu\/wp-content\/uploads\/2025\/07\/3095-4077.jpg","contentUrl":"https:\/\/www.axiomams.eu\/wp-content\/uploads\/2025\/07\/3095-4077.jpg","width":375,"height":375},{"@type":"BreadcrumbList","@id":"https:\/\/www.axiomams.eu\/et\/produktas\/mru-dm9600-rohumootur#breadcrumb","itemListElement":[{"@type":"ListItem","position":1,"name":"Home","item":"https:\/\/www.axiomams.eu\/et"},{"@type":"ListItem","position":2,"name":"Tooted","item":"https:\/\/www.axiomams.eu\/et\/tooted"},{"@type":"ListItem","position":3,"name":"MRU DM9600 r\u00f5hum\u00f5\u00f5tur"}]},{"@type":"WebSite","@id":"https:\/\/www.axiomams.eu\/et#website","url":"https:\/\/www.axiomams.eu\/et","name":"AXIOMA MS","description":"Terrmovizoriai ir matavimo \u012franga","publisher":{"@id":"https:\/\/www.axiomams.eu\/et#organization"},"potentialAction":[{"@type":"SearchAction","target":{"@type":"EntryPoint","urlTemplate":"https:\/\/www.axiomams.eu\/et?s={search_term_string}"},"query-input":{"@type":"PropertyValueSpecification","valueRequired":true,"valueName":"search_term_string"}}],"inLanguage":"et"},{"@type":"Organization","@id":"https:\/\/www.axiomams.eu\/et#organization","name":"AXIOMA MS","url":"https:\/\/www.axiomams.eu\/et","logo":{"@type":"ImageObject","inLanguage":"et","@id":"https:\/\/www.axiomams.eu\/et#\/schema\/logo\/image\/","url":"https:\/\/www.axiomams.eu\/wp-content\/uploads\/2025\/06\/axioma-logo-2.png","contentUrl":"https:\/\/www.axiomams.eu\/wp-content\/uploads\/2025\/06\/axioma-logo-2.png","width":1200,"height":1200,"caption":"AXIOMA MS"},"image":{"@id":"https:\/\/www.axiomams.eu\/et#\/schema\/logo\/image\/"},"sameAs":["https:\/\/www.facebook.com\/AxiomaMS","https:\/\/www.linkedin.com\/company\/axiomams\/"]}]}},"_links":{"self":[{"href":"https:\/\/www.axiomams.eu\/et\/wp-json\/wp\/v2\/product\/40120","targetHints":{"allow":["GET"]}}],"collection":[{"href":"https:\/\/www.axiomams.eu\/et\/wp-json\/wp\/v2\/product"}],"about":[{"href":"https:\/\/www.axiomams.eu\/et\/wp-json\/wp\/v2\/types\/product"}],"replies":[{"embeddable":true,"href":"https:\/\/www.axiomams.eu\/et\/wp-json\/wp\/v2\/comments?post=40120"}],"wp:featuredmedia":[{"embeddable":true,"href":"https:\/\/www.axiomams.eu\/et\/wp-json\/wp\/v2\/media\/41751"}],"wp:attachment":[{"href":"https:\/\/www.axiomams.eu\/et\/wp-json\/wp\/v2\/media?parent=40120"}],"wp:term":[{"taxonomy":"product_brand","embeddable":true,"href":"https:\/\/www.axiomams.eu\/et\/wp-json\/wp\/v2\/product_brand?post=40120"},{"taxonomy":"product_cat","embeddable":true,"href":"https:\/\/www.axiomams.eu\/et\/wp-json\/wp\/v2\/product_cat?post=40120"},{"taxonomy":"product_tag","embeddable":true,"href":"https:\/\/www.axiomams.eu\/et\/wp-json\/wp\/v2\/product_tag?post=40120"}],"curies":[{"name":"wp","href":"https:\/\/api.w.org\/{rel}","templated":true}]}}