{"id":40121,"date":"2025-05-15T17:57:34","date_gmt":"2025-05-15T15:57:34","guid":{"rendered":"https:\/\/www.axiomams.eu\/produktas\/rigol-dp711-toiteplokk"},"modified":"2026-02-02T14:30:00","modified_gmt":"2026-02-02T12:30:00","slug":"rigol-dp711-toiteplokk","status":"publish","type":"product","link":"https:\/\/www.axiomams.eu\/et\/produktas\/rigol-dp711-toiteplokk","title":{"rendered":"Rigol DP711 Toiteplokk"},"content":{"rendered":"<p>Rigol DP700 seeria toiteallikas on taskukohane programmeeritav lineaarne alalisvoolu toiteallikas, mis on suure j\u00f5udlusega. Suurep\u00e4raste j\u00f5udlusn\u00e4itajate, puhta ja usaldusv\u00e4\u00e4rse v\u00e4ljundi ning selge kasutajaliidese abil toetab DP700-seeria ajastusv\u00e4ljundit ja vallandamisfunktsiooni ning pakub kaugkommunikatsiooniliidest, mis v\u00f5imaldab teil t\u00e4ita mitmekesiseid testimisn\u00f5udeid.<\/p>\n<p>Standardne komplekt: Rigol DP700 seeria toiteallikas, toitejuhe, kaitsel\u00fcliti, kiirjuhend.<\/p>\n<h3>Tehniline teave:<\/h3>\n<ul>\n<li><a href=\"https:\/\/axiomams.eu\/importer\/export\/attachments\/en\/dp700_datasheet_en.pdf\" target=\"_blank\">DP700_DataSheet_EN.pdf<\/a><\/li>\n<\/ul>\n","protected":false},"excerpt":{"rendered":"<p>Rigol DP700 seeria toiteallikas on taskukohane programmeeritav lineaarne alalisvoolu toiteallikas, mis on suure j\u00f5udlusega. Suurep\u00e4raste j\u00f5udlusn\u00e4itajate, puhta ja usaldusv\u00e4\u00e4rse v\u00e4ljundi ning selge kasutajaliidese abil toetab DP700-seeria ajastusv\u00e4ljundit ja vallandamisfunktsiooni ning pakub kaugkommunikatsiooniliidest, mis v\u00f5imaldab teil t\u00e4ita mitmekesiseid testimisn\u00f5udeid. Standardne komplekt: Rigol DP700 seeria toiteallikas, toitejuhe, kaitsel\u00fcliti, kiirjuhend. Tehniline teave: DP700_DataSheet_EN.pdf<\/p>\n","protected":false},"featured_media":41753,"comment_status":"open","ping_status":"closed","template":"","meta":{"_acf_changed":false},"product_brand":[2082],"product_cat":[17823],"product_tag":[],"class_list":{"0":"post-40121","1":"product","2":"type-product","3":"status-publish","4":"has-post-thumbnail","6":"product_brand-rigol","7":"product_cat-generaatorid-toiteallikad-ostsillograafid-rcl-mooturid","9":"first","10":"instock","11":"taxable","12":"shipping-taxable","13":"purchasable","14":"product-type-simple"},"acf":[],"yoast_head":"<!-- This site is optimized with the Yoast SEO plugin v27.0 - https:\/\/yoast.com\/product\/yoast-seo-wordpress\/ -->\n<title>Rigol DP711 Toiteplokk - AXIOMA MS<\/title>\n<meta name=\"robots\" content=\"index, follow, max-snippet:-1, max-image-preview:large, max-video-preview:-1\" \/>\n<link rel=\"canonical\" href=\"https:\/\/www.axiomams.eu\/et\/produktas\/rigol-dp711-toiteplokk\" \/>\n<meta property=\"og:locale\" content=\"et_EE\" \/>\n<meta property=\"og:type\" content=\"article\" \/>\n<meta property=\"og:title\" content=\"Rigol DP711 Toiteplokk - AXIOMA MS\" \/>\n<meta property=\"og:description\" content=\"Rigol DP700 seeria toiteallikas on taskukohane programmeeritav lineaarne alalisvoolu toiteallikas, mis on suure j\u00f5udlusega. Suurep\u00e4raste j\u00f5udlusn\u00e4itajate, puhta ja usaldusv\u00e4\u00e4rse v\u00e4ljundi ning selge kasutajaliidese abil toetab DP700-seeria ajastusv\u00e4ljundit ja vallandamisfunktsiooni ning pakub kaugkommunikatsiooniliidest, mis v\u00f5imaldab teil t\u00e4ita mitmekesiseid testimisn\u00f5udeid. Standardne komplekt: Rigol DP700 seeria toiteallikas, toitejuhe, kaitsel\u00fcliti, kiirjuhend. Tehniline teave: DP700_DataSheet_EN.pdf\" \/>\n<meta property=\"og:url\" content=\"https:\/\/www.axiomams.eu\/et\/produktas\/rigol-dp711-toiteplokk\" \/>\n<meta property=\"og:site_name\" content=\"AXIOMA MS\" \/>\n<meta property=\"article:publisher\" content=\"https:\/\/www.facebook.com\/AxiomaMS\" \/>\n<meta property=\"article:modified_time\" content=\"2026-02-02T12:30:00+00:00\" \/>\n<meta property=\"og:image\" content=\"https:\/\/www.axiomams.eu\/wp-content\/uploads\/2025\/07\/1475-1895.jpg\" \/>\n\t<meta property=\"og:image:width\" content=\"800\" \/>\n\t<meta property=\"og:image:height\" content=\"727\" \/>\n\t<meta property=\"og:image:type\" content=\"image\/jpeg\" \/>\n<meta name=\"twitter:card\" content=\"summary_large_image\" \/>\n<script type=\"application\/ld+json\" class=\"yoast-schema-graph\">{\"@context\":\"https:\/\/schema.org\",\"@graph\":[{\"@type\":\"WebPage\",\"@id\":\"https:\/\/www.axiomams.eu\/et\/produktas\/rigol-dp711-toiteplokk\",\"url\":\"https:\/\/www.axiomams.eu\/et\/produktas\/rigol-dp711-toiteplokk\",\"name\":\"Rigol DP711 Toiteplokk - AXIOMA MS\",\"isPartOf\":{\"@id\":\"https:\/\/www.axiomams.eu\/et#website\"},\"primaryImageOfPage\":{\"@id\":\"https:\/\/www.axiomams.eu\/et\/produktas\/rigol-dp711-toiteplokk#primaryimage\"},\"image\":{\"@id\":\"https:\/\/www.axiomams.eu\/et\/produktas\/rigol-dp711-toiteplokk#primaryimage\"},\"thumbnailUrl\":\"https:\/\/www.axiomams.eu\/wp-content\/uploads\/2025\/07\/1475-1895.jpg\",\"datePublished\":\"2025-05-15T15:57:34+00:00\",\"dateModified\":\"2026-02-02T12:30:00+00:00\",\"breadcrumb\":{\"@id\":\"https:\/\/www.axiomams.eu\/et\/produktas\/rigol-dp711-toiteplokk#breadcrumb\"},\"inLanguage\":\"et\",\"potentialAction\":[{\"@type\":\"ReadAction\",\"target\":[\"https:\/\/www.axiomams.eu\/et\/produktas\/rigol-dp711-toiteplokk\"]}]},{\"@type\":\"ImageObject\",\"inLanguage\":\"et\",\"@id\":\"https:\/\/www.axiomams.eu\/et\/produktas\/rigol-dp711-toiteplokk#primaryimage\",\"url\":\"https:\/\/www.axiomams.eu\/wp-content\/uploads\/2025\/07\/1475-1895.jpg\",\"contentUrl\":\"https:\/\/www.axiomams.eu\/wp-content\/uploads\/2025\/07\/1475-1895.jpg\",\"width\":800,\"height\":727},{\"@type\":\"BreadcrumbList\",\"@id\":\"https:\/\/www.axiomams.eu\/et\/produktas\/rigol-dp711-toiteplokk#breadcrumb\",\"itemListElement\":[{\"@type\":\"ListItem\",\"position\":1,\"name\":\"Home\",\"item\":\"https:\/\/www.axiomams.eu\/et\"},{\"@type\":\"ListItem\",\"position\":2,\"name\":\"Tooted\",\"item\":\"https:\/\/www.axiomams.eu\/et\/tooted\"},{\"@type\":\"ListItem\",\"position\":3,\"name\":\"Rigol DP711 Toiteplokk\"}]},{\"@type\":\"WebSite\",\"@id\":\"https:\/\/www.axiomams.eu\/et#website\",\"url\":\"https:\/\/www.axiomams.eu\/et\",\"name\":\"AXIOMA MS\",\"description\":\"Terrmovizoriai ir matavimo \u012franga\",\"publisher\":{\"@id\":\"https:\/\/www.axiomams.eu\/et#organization\"},\"potentialAction\":[{\"@type\":\"SearchAction\",\"target\":{\"@type\":\"EntryPoint\",\"urlTemplate\":\"https:\/\/www.axiomams.eu\/et?s={search_term_string}\"},\"query-input\":{\"@type\":\"PropertyValueSpecification\",\"valueRequired\":true,\"valueName\":\"search_term_string\"}}],\"inLanguage\":\"et\"},{\"@type\":\"Organization\",\"@id\":\"https:\/\/www.axiomams.eu\/et#organization\",\"name\":\"AXIOMA MS\",\"url\":\"https:\/\/www.axiomams.eu\/et\",\"logo\":{\"@type\":\"ImageObject\",\"inLanguage\":\"et\",\"@id\":\"https:\/\/www.axiomams.eu\/et#\/schema\/logo\/image\/\",\"url\":\"https:\/\/www.axiomams.eu\/wp-content\/uploads\/2025\/06\/axioma-logo-2.png\",\"contentUrl\":\"https:\/\/www.axiomams.eu\/wp-content\/uploads\/2025\/06\/axioma-logo-2.png\",\"width\":1200,\"height\":1200,\"caption\":\"AXIOMA MS\"},\"image\":{\"@id\":\"https:\/\/www.axiomams.eu\/et#\/schema\/logo\/image\/\"},\"sameAs\":[\"https:\/\/www.facebook.com\/AxiomaMS\",\"https:\/\/www.linkedin.com\/company\/axiomams\/\"]}]}<\/script>\n<!-- \/ Yoast SEO plugin. -->","yoast_head_json":{"title":"Rigol DP711 Toiteplokk - AXIOMA MS","robots":{"index":"index","follow":"follow","max-snippet":"max-snippet:-1","max-image-preview":"max-image-preview:large","max-video-preview":"max-video-preview:-1"},"canonical":"https:\/\/www.axiomams.eu\/et\/produktas\/rigol-dp711-toiteplokk","og_locale":"et_EE","og_type":"article","og_title":"Rigol DP711 Toiteplokk - AXIOMA MS","og_description":"Rigol DP700 seeria toiteallikas on taskukohane programmeeritav lineaarne alalisvoolu toiteallikas, mis on suure j\u00f5udlusega. Suurep\u00e4raste j\u00f5udlusn\u00e4itajate, puhta ja usaldusv\u00e4\u00e4rse v\u00e4ljundi ning selge kasutajaliidese abil toetab DP700-seeria ajastusv\u00e4ljundit ja vallandamisfunktsiooni ning pakub kaugkommunikatsiooniliidest, mis v\u00f5imaldab teil t\u00e4ita mitmekesiseid testimisn\u00f5udeid. Standardne komplekt: Rigol DP700 seeria toiteallikas, toitejuhe, kaitsel\u00fcliti, kiirjuhend. Tehniline teave: DP700_DataSheet_EN.pdf","og_url":"https:\/\/www.axiomams.eu\/et\/produktas\/rigol-dp711-toiteplokk","og_site_name":"AXIOMA MS","article_publisher":"https:\/\/www.facebook.com\/AxiomaMS","article_modified_time":"2026-02-02T12:30:00+00:00","og_image":[{"width":800,"height":727,"url":"https:\/\/www.axiomams.eu\/wp-content\/uploads\/2025\/07\/1475-1895.jpg","type":"image\/jpeg"}],"twitter_card":"summary_large_image","schema":{"@context":"https:\/\/schema.org","@graph":[{"@type":"WebPage","@id":"https:\/\/www.axiomams.eu\/et\/produktas\/rigol-dp711-toiteplokk","url":"https:\/\/www.axiomams.eu\/et\/produktas\/rigol-dp711-toiteplokk","name":"Rigol DP711 Toiteplokk - AXIOMA MS","isPartOf":{"@id":"https:\/\/www.axiomams.eu\/et#website"},"primaryImageOfPage":{"@id":"https:\/\/www.axiomams.eu\/et\/produktas\/rigol-dp711-toiteplokk#primaryimage"},"image":{"@id":"https:\/\/www.axiomams.eu\/et\/produktas\/rigol-dp711-toiteplokk#primaryimage"},"thumbnailUrl":"https:\/\/www.axiomams.eu\/wp-content\/uploads\/2025\/07\/1475-1895.jpg","datePublished":"2025-05-15T15:57:34+00:00","dateModified":"2026-02-02T12:30:00+00:00","breadcrumb":{"@id":"https:\/\/www.axiomams.eu\/et\/produktas\/rigol-dp711-toiteplokk#breadcrumb"},"inLanguage":"et","potentialAction":[{"@type":"ReadAction","target":["https:\/\/www.axiomams.eu\/et\/produktas\/rigol-dp711-toiteplokk"]}]},{"@type":"ImageObject","inLanguage":"et","@id":"https:\/\/www.axiomams.eu\/et\/produktas\/rigol-dp711-toiteplokk#primaryimage","url":"https:\/\/www.axiomams.eu\/wp-content\/uploads\/2025\/07\/1475-1895.jpg","contentUrl":"https:\/\/www.axiomams.eu\/wp-content\/uploads\/2025\/07\/1475-1895.jpg","width":800,"height":727},{"@type":"BreadcrumbList","@id":"https:\/\/www.axiomams.eu\/et\/produktas\/rigol-dp711-toiteplokk#breadcrumb","itemListElement":[{"@type":"ListItem","position":1,"name":"Home","item":"https:\/\/www.axiomams.eu\/et"},{"@type":"ListItem","position":2,"name":"Tooted","item":"https:\/\/www.axiomams.eu\/et\/tooted"},{"@type":"ListItem","position":3,"name":"Rigol DP711 Toiteplokk"}]},{"@type":"WebSite","@id":"https:\/\/www.axiomams.eu\/et#website","url":"https:\/\/www.axiomams.eu\/et","name":"AXIOMA MS","description":"Terrmovizoriai ir matavimo \u012franga","publisher":{"@id":"https:\/\/www.axiomams.eu\/et#organization"},"potentialAction":[{"@type":"SearchAction","target":{"@type":"EntryPoint","urlTemplate":"https:\/\/www.axiomams.eu\/et?s={search_term_string}"},"query-input":{"@type":"PropertyValueSpecification","valueRequired":true,"valueName":"search_term_string"}}],"inLanguage":"et"},{"@type":"Organization","@id":"https:\/\/www.axiomams.eu\/et#organization","name":"AXIOMA MS","url":"https:\/\/www.axiomams.eu\/et","logo":{"@type":"ImageObject","inLanguage":"et","@id":"https:\/\/www.axiomams.eu\/et#\/schema\/logo\/image\/","url":"https:\/\/www.axiomams.eu\/wp-content\/uploads\/2025\/06\/axioma-logo-2.png","contentUrl":"https:\/\/www.axiomams.eu\/wp-content\/uploads\/2025\/06\/axioma-logo-2.png","width":1200,"height":1200,"caption":"AXIOMA MS"},"image":{"@id":"https:\/\/www.axiomams.eu\/et#\/schema\/logo\/image\/"},"sameAs":["https:\/\/www.facebook.com\/AxiomaMS","https:\/\/www.linkedin.com\/company\/axiomams\/"]}]}},"_links":{"self":[{"href":"https:\/\/www.axiomams.eu\/et\/wp-json\/wp\/v2\/product\/40121","targetHints":{"allow":["GET"]}}],"collection":[{"href":"https:\/\/www.axiomams.eu\/et\/wp-json\/wp\/v2\/product"}],"about":[{"href":"https:\/\/www.axiomams.eu\/et\/wp-json\/wp\/v2\/types\/product"}],"replies":[{"embeddable":true,"href":"https:\/\/www.axiomams.eu\/et\/wp-json\/wp\/v2\/comments?post=40121"}],"wp:featuredmedia":[{"embeddable":true,"href":"https:\/\/www.axiomams.eu\/et\/wp-json\/wp\/v2\/media\/41753"}],"wp:attachment":[{"href":"https:\/\/www.axiomams.eu\/et\/wp-json\/wp\/v2\/media?parent=40121"}],"wp:term":[{"taxonomy":"product_brand","embeddable":true,"href":"https:\/\/www.axiomams.eu\/et\/wp-json\/wp\/v2\/product_brand?post=40121"},{"taxonomy":"product_cat","embeddable":true,"href":"https:\/\/www.axiomams.eu\/et\/wp-json\/wp\/v2\/product_cat?post=40121"},{"taxonomy":"product_tag","embeddable":true,"href":"https:\/\/www.axiomams.eu\/et\/wp-json\/wp\/v2\/product_tag?post=40121"}],"curies":[{"name":"wp","href":"https:\/\/api.w.org\/{rel}","templated":true}]}}