{"id":40139,"date":"2025-05-15T17:57:52","date_gmt":"2025-05-15T15:57:52","guid":{"rendered":"https:\/\/www.axiomams.eu\/produktas\/deep-trekker-dtg3-veealune-rov"},"modified":"2026-02-02T14:30:09","modified_gmt":"2026-02-02T12:30:09","slug":"deep-trekker-dtg3-veealune-rov","status":"publish","type":"product","link":"https:\/\/www.axiomams.eu\/et\/produktas\/deep-trekker-dtg3-veealune-rov","title":{"rendered":"Deep Trekker DTG3 veealune ROV"},"content":{"rendered":"<p>Deep Trekker DTG3 on mini-vaatlusklassi veealune ROV, mis on ehitatud selleks, et v\u00f5imaldada operaatoritel kiiresti kasutusele v\u00f5tta ja visuaalselt kontrollida veealust keskkonda minutite jooksul. Intelligentsus ja t\u00e4iustatud funktsioonid teevad sellest kaasaskantavast, kaubandusliku kvaliteediga kaugjuhitavast s\u00f5idukist oma klassi parima.<br \/>\nHD-sisest kaamerat on lihtne kasutada, selle reaalajas nullini viivituseta vaatamine k\u00e4eshoitaval kontrolleril ja 270 kraadi ulatuses p\u00f6\u00f6rlev vaatev\u00e4li. Kuni 8-megapiksliliste fotode pildistamiseks l\u00fclitage fotore\u017eiimi. Salvestage \u00fclevaatusi ja veealuseid toiminguid otse k\u00e4sijuhtimispuldile koos sisseehitatud ekraaniga.<\/p>\n<h3>Tehniline teave:<\/h3>\n<ul>\n<li><a href=\"https:\/\/axiomams.eu\/importer\/export\/attachments\/en\/dtg3-rov.pdf\" target=\"_blank\">DTG3 ROV.pdf<\/a><\/li>\n<\/ul>\n","protected":false},"excerpt":{"rendered":"<p>Deep Trekker DTG3 on mini-vaatlusklassi veealune ROV, mis on ehitatud selleks, et v\u00f5imaldada operaatoritel kiiresti kasutusele v\u00f5tta ja visuaalselt kontrollida veealust keskkonda minutite jooksul. Intelligentsus ja t\u00e4iustatud funktsioonid teevad sellest kaasaskantavast, kaubandusliku kvaliteediga kaugjuhitavast s\u00f5idukist oma klassi parima. HD-sisest kaamerat on lihtne kasutada, selle reaalajas nullini viivituseta vaatamine k\u00e4eshoitaval kontrolleril ja 270 kraadi ulatuses p\u00f6\u00f6rlev&#8230;<\/p>\n","protected":false},"featured_media":41789,"comment_status":"open","ping_status":"closed","template":"","meta":{"_acf_changed":false},"product_brand":[1188],"product_cat":[17835],"product_tag":[],"class_list":{"0":"post-40139","1":"product","2":"type-product","3":"status-publish","4":"has-post-thumbnail","6":"product_brand-deep-trekker","7":"product_cat-veealused-droonid","9":"first","10":"instock","11":"taxable","12":"shipping-taxable","13":"product-type-simple"},"acf":[],"yoast_head":"<!-- This site is optimized with the Yoast SEO plugin v27.0 - https:\/\/yoast.com\/product\/yoast-seo-wordpress\/ -->\n<title>Deep Trekker DTG3 veealune ROV - AXIOMA MS<\/title>\n<meta name=\"robots\" content=\"index, follow, max-snippet:-1, max-image-preview:large, max-video-preview:-1\" \/>\n<link rel=\"canonical\" href=\"https:\/\/www.axiomams.eu\/et\/produktas\/deep-trekker-dtg3-veealune-rov\" \/>\n<meta property=\"og:locale\" content=\"et_EE\" \/>\n<meta property=\"og:type\" content=\"article\" \/>\n<meta property=\"og:title\" content=\"Deep Trekker DTG3 veealune ROV - AXIOMA MS\" \/>\n<meta property=\"og:description\" content=\"Deep Trekker DTG3 on mini-vaatlusklassi veealune ROV, mis on ehitatud selleks, et v\u00f5imaldada operaatoritel kiiresti kasutusele v\u00f5tta ja visuaalselt kontrollida veealust keskkonda minutite jooksul. Intelligentsus ja t\u00e4iustatud funktsioonid teevad sellest kaasaskantavast, kaubandusliku kvaliteediga kaugjuhitavast s\u00f5idukist oma klassi parima. HD-sisest kaamerat on lihtne kasutada, selle reaalajas nullini viivituseta vaatamine k\u00e4eshoitaval kontrolleril ja 270 kraadi ulatuses p\u00f6\u00f6rlev...\" \/>\n<meta property=\"og:url\" content=\"https:\/\/www.axiomams.eu\/et\/produktas\/deep-trekker-dtg3-veealune-rov\" \/>\n<meta property=\"og:site_name\" content=\"AXIOMA MS\" \/>\n<meta property=\"article:publisher\" content=\"https:\/\/www.facebook.com\/AxiomaMS\" \/>\n<meta property=\"article:modified_time\" content=\"2026-02-02T12:30:09+00:00\" \/>\n<meta property=\"og:image\" content=\"https:\/\/www.axiomams.eu\/wp-content\/uploads\/2025\/07\/3097-4080.jpg\" \/>\n\t<meta property=\"og:image:width\" content=\"800\" \/>\n\t<meta property=\"og:image:height\" content=\"591\" \/>\n\t<meta property=\"og:image:type\" content=\"image\/jpeg\" \/>\n<meta name=\"twitter:card\" content=\"summary_large_image\" \/>\n<script type=\"application\/ld+json\" class=\"yoast-schema-graph\">{\"@context\":\"https:\/\/schema.org\",\"@graph\":[{\"@type\":\"WebPage\",\"@id\":\"https:\/\/www.axiomams.eu\/et\/produktas\/deep-trekker-dtg3-veealune-rov\",\"url\":\"https:\/\/www.axiomams.eu\/et\/produktas\/deep-trekker-dtg3-veealune-rov\",\"name\":\"Deep Trekker DTG3 veealune ROV - AXIOMA MS\",\"isPartOf\":{\"@id\":\"https:\/\/www.axiomams.eu\/et#website\"},\"primaryImageOfPage\":{\"@id\":\"https:\/\/www.axiomams.eu\/et\/produktas\/deep-trekker-dtg3-veealune-rov#primaryimage\"},\"image\":{\"@id\":\"https:\/\/www.axiomams.eu\/et\/produktas\/deep-trekker-dtg3-veealune-rov#primaryimage\"},\"thumbnailUrl\":\"https:\/\/www.axiomams.eu\/wp-content\/uploads\/2025\/07\/3097-4080.jpg\",\"datePublished\":\"2025-05-15T15:57:52+00:00\",\"dateModified\":\"2026-02-02T12:30:09+00:00\",\"breadcrumb\":{\"@id\":\"https:\/\/www.axiomams.eu\/et\/produktas\/deep-trekker-dtg3-veealune-rov#breadcrumb\"},\"inLanguage\":\"et\",\"potentialAction\":[{\"@type\":\"ReadAction\",\"target\":[\"https:\/\/www.axiomams.eu\/et\/produktas\/deep-trekker-dtg3-veealune-rov\"]}]},{\"@type\":\"ImageObject\",\"inLanguage\":\"et\",\"@id\":\"https:\/\/www.axiomams.eu\/et\/produktas\/deep-trekker-dtg3-veealune-rov#primaryimage\",\"url\":\"https:\/\/www.axiomams.eu\/wp-content\/uploads\/2025\/07\/3097-4080.jpg\",\"contentUrl\":\"https:\/\/www.axiomams.eu\/wp-content\/uploads\/2025\/07\/3097-4080.jpg\",\"width\":800,\"height\":591},{\"@type\":\"BreadcrumbList\",\"@id\":\"https:\/\/www.axiomams.eu\/et\/produktas\/deep-trekker-dtg3-veealune-rov#breadcrumb\",\"itemListElement\":[{\"@type\":\"ListItem\",\"position\":1,\"name\":\"Home\",\"item\":\"https:\/\/www.axiomams.eu\/et\"},{\"@type\":\"ListItem\",\"position\":2,\"name\":\"Tooted\",\"item\":\"https:\/\/www.axiomams.eu\/et\/tooted\"},{\"@type\":\"ListItem\",\"position\":3,\"name\":\"Deep Trekker DTG3 veealune ROV\"}]},{\"@type\":\"WebSite\",\"@id\":\"https:\/\/www.axiomams.eu\/et#website\",\"url\":\"https:\/\/www.axiomams.eu\/et\",\"name\":\"AXIOMA MS\",\"description\":\"Terrmovizoriai ir matavimo \u012franga\",\"publisher\":{\"@id\":\"https:\/\/www.axiomams.eu\/et#organization\"},\"potentialAction\":[{\"@type\":\"SearchAction\",\"target\":{\"@type\":\"EntryPoint\",\"urlTemplate\":\"https:\/\/www.axiomams.eu\/et?s={search_term_string}\"},\"query-input\":{\"@type\":\"PropertyValueSpecification\",\"valueRequired\":true,\"valueName\":\"search_term_string\"}}],\"inLanguage\":\"et\"},{\"@type\":\"Organization\",\"@id\":\"https:\/\/www.axiomams.eu\/et#organization\",\"name\":\"AXIOMA MS\",\"url\":\"https:\/\/www.axiomams.eu\/et\",\"logo\":{\"@type\":\"ImageObject\",\"inLanguage\":\"et\",\"@id\":\"https:\/\/www.axiomams.eu\/et#\/schema\/logo\/image\/\",\"url\":\"https:\/\/www.axiomams.eu\/wp-content\/uploads\/2025\/06\/axioma-logo-2.png\",\"contentUrl\":\"https:\/\/www.axiomams.eu\/wp-content\/uploads\/2025\/06\/axioma-logo-2.png\",\"width\":1200,\"height\":1200,\"caption\":\"AXIOMA MS\"},\"image\":{\"@id\":\"https:\/\/www.axiomams.eu\/et#\/schema\/logo\/image\/\"},\"sameAs\":[\"https:\/\/www.facebook.com\/AxiomaMS\",\"https:\/\/www.linkedin.com\/company\/axiomams\/\"]}]}<\/script>\n<!-- \/ Yoast SEO plugin. -->","yoast_head_json":{"title":"Deep Trekker DTG3 veealune ROV - AXIOMA MS","robots":{"index":"index","follow":"follow","max-snippet":"max-snippet:-1","max-image-preview":"max-image-preview:large","max-video-preview":"max-video-preview:-1"},"canonical":"https:\/\/www.axiomams.eu\/et\/produktas\/deep-trekker-dtg3-veealune-rov","og_locale":"et_EE","og_type":"article","og_title":"Deep Trekker DTG3 veealune ROV - AXIOMA MS","og_description":"Deep Trekker DTG3 on mini-vaatlusklassi veealune ROV, mis on ehitatud selleks, et v\u00f5imaldada operaatoritel kiiresti kasutusele v\u00f5tta ja visuaalselt kontrollida veealust keskkonda minutite jooksul. Intelligentsus ja t\u00e4iustatud funktsioonid teevad sellest kaasaskantavast, kaubandusliku kvaliteediga kaugjuhitavast s\u00f5idukist oma klassi parima. HD-sisest kaamerat on lihtne kasutada, selle reaalajas nullini viivituseta vaatamine k\u00e4eshoitaval kontrolleril ja 270 kraadi ulatuses p\u00f6\u00f6rlev...","og_url":"https:\/\/www.axiomams.eu\/et\/produktas\/deep-trekker-dtg3-veealune-rov","og_site_name":"AXIOMA MS","article_publisher":"https:\/\/www.facebook.com\/AxiomaMS","article_modified_time":"2026-02-02T12:30:09+00:00","og_image":[{"width":800,"height":591,"url":"https:\/\/www.axiomams.eu\/wp-content\/uploads\/2025\/07\/3097-4080.jpg","type":"image\/jpeg"}],"twitter_card":"summary_large_image","schema":{"@context":"https:\/\/schema.org","@graph":[{"@type":"WebPage","@id":"https:\/\/www.axiomams.eu\/et\/produktas\/deep-trekker-dtg3-veealune-rov","url":"https:\/\/www.axiomams.eu\/et\/produktas\/deep-trekker-dtg3-veealune-rov","name":"Deep Trekker DTG3 veealune ROV - AXIOMA MS","isPartOf":{"@id":"https:\/\/www.axiomams.eu\/et#website"},"primaryImageOfPage":{"@id":"https:\/\/www.axiomams.eu\/et\/produktas\/deep-trekker-dtg3-veealune-rov#primaryimage"},"image":{"@id":"https:\/\/www.axiomams.eu\/et\/produktas\/deep-trekker-dtg3-veealune-rov#primaryimage"},"thumbnailUrl":"https:\/\/www.axiomams.eu\/wp-content\/uploads\/2025\/07\/3097-4080.jpg","datePublished":"2025-05-15T15:57:52+00:00","dateModified":"2026-02-02T12:30:09+00:00","breadcrumb":{"@id":"https:\/\/www.axiomams.eu\/et\/produktas\/deep-trekker-dtg3-veealune-rov#breadcrumb"},"inLanguage":"et","potentialAction":[{"@type":"ReadAction","target":["https:\/\/www.axiomams.eu\/et\/produktas\/deep-trekker-dtg3-veealune-rov"]}]},{"@type":"ImageObject","inLanguage":"et","@id":"https:\/\/www.axiomams.eu\/et\/produktas\/deep-trekker-dtg3-veealune-rov#primaryimage","url":"https:\/\/www.axiomams.eu\/wp-content\/uploads\/2025\/07\/3097-4080.jpg","contentUrl":"https:\/\/www.axiomams.eu\/wp-content\/uploads\/2025\/07\/3097-4080.jpg","width":800,"height":591},{"@type":"BreadcrumbList","@id":"https:\/\/www.axiomams.eu\/et\/produktas\/deep-trekker-dtg3-veealune-rov#breadcrumb","itemListElement":[{"@type":"ListItem","position":1,"name":"Home","item":"https:\/\/www.axiomams.eu\/et"},{"@type":"ListItem","position":2,"name":"Tooted","item":"https:\/\/www.axiomams.eu\/et\/tooted"},{"@type":"ListItem","position":3,"name":"Deep Trekker DTG3 veealune ROV"}]},{"@type":"WebSite","@id":"https:\/\/www.axiomams.eu\/et#website","url":"https:\/\/www.axiomams.eu\/et","name":"AXIOMA MS","description":"Terrmovizoriai ir matavimo \u012franga","publisher":{"@id":"https:\/\/www.axiomams.eu\/et#organization"},"potentialAction":[{"@type":"SearchAction","target":{"@type":"EntryPoint","urlTemplate":"https:\/\/www.axiomams.eu\/et?s={search_term_string}"},"query-input":{"@type":"PropertyValueSpecification","valueRequired":true,"valueName":"search_term_string"}}],"inLanguage":"et"},{"@type":"Organization","@id":"https:\/\/www.axiomams.eu\/et#organization","name":"AXIOMA MS","url":"https:\/\/www.axiomams.eu\/et","logo":{"@type":"ImageObject","inLanguage":"et","@id":"https:\/\/www.axiomams.eu\/et#\/schema\/logo\/image\/","url":"https:\/\/www.axiomams.eu\/wp-content\/uploads\/2025\/06\/axioma-logo-2.png","contentUrl":"https:\/\/www.axiomams.eu\/wp-content\/uploads\/2025\/06\/axioma-logo-2.png","width":1200,"height":1200,"caption":"AXIOMA MS"},"image":{"@id":"https:\/\/www.axiomams.eu\/et#\/schema\/logo\/image\/"},"sameAs":["https:\/\/www.facebook.com\/AxiomaMS","https:\/\/www.linkedin.com\/company\/axiomams\/"]}]}},"_links":{"self":[{"href":"https:\/\/www.axiomams.eu\/et\/wp-json\/wp\/v2\/product\/40139","targetHints":{"allow":["GET"]}}],"collection":[{"href":"https:\/\/www.axiomams.eu\/et\/wp-json\/wp\/v2\/product"}],"about":[{"href":"https:\/\/www.axiomams.eu\/et\/wp-json\/wp\/v2\/types\/product"}],"replies":[{"embeddable":true,"href":"https:\/\/www.axiomams.eu\/et\/wp-json\/wp\/v2\/comments?post=40139"}],"wp:featuredmedia":[{"embeddable":true,"href":"https:\/\/www.axiomams.eu\/et\/wp-json\/wp\/v2\/media\/41789"}],"wp:attachment":[{"href":"https:\/\/www.axiomams.eu\/et\/wp-json\/wp\/v2\/media?parent=40139"}],"wp:term":[{"taxonomy":"product_brand","embeddable":true,"href":"https:\/\/www.axiomams.eu\/et\/wp-json\/wp\/v2\/product_brand?post=40139"},{"taxonomy":"product_cat","embeddable":true,"href":"https:\/\/www.axiomams.eu\/et\/wp-json\/wp\/v2\/product_cat?post=40139"},{"taxonomy":"product_tag","embeddable":true,"href":"https:\/\/www.axiomams.eu\/et\/wp-json\/wp\/v2\/product_tag?post=40139"}],"curies":[{"name":"wp","href":"https:\/\/api.w.org\/{rel}","templated":true}]}}