{"id":40140,"date":"2025-05-15T17:57:53","date_gmt":"2025-05-15T15:57:53","guid":{"rendered":"https:\/\/www.axiomams.eu\/produktas\/ametek-dti-1000-vordlustemperatuuri-mootmise-seade"},"modified":"2026-02-02T14:30:10","modified_gmt":"2026-02-02T12:30:10","slug":"ametek-dti-1000-vordlustemperatuuri-mootmise-seade","status":"publish","type":"product","link":"https:\/\/www.axiomams.eu\/et\/produktas\/ametek-dti-1000-vordlustemperatuuri-mootmise-seade","title":{"rendered":"Ametek DTI-1000 V\u00f5rdlustemperatuuri m\u00f5\u00f5tmise seade"},"content":{"rendered":"<p>Digitaalne temperatuuri v\u00f5rdlusn\u00e4idik AMETEK DTI-1000 Ideaalne koledaator temperatuuri t\u00e4pseks m\u00f5\u00f5tmiseks.<\/p>\n<p>Standardkomplekt: indikaator, patareid, RS232 kaabel, tarkvara, kalibreerimissertifikaat, kasutusjuhend.<\/p>\n<h3>Tehniline teave:<\/h3>\n<ul>\n<li><a href=\"https:\/\/axiomams.eu\/importer\/export\/attachments\/en\/ametek-dti-1000a.pdf\" target=\"_blank\">AMETEK DTI-1000A.pdf<\/a><\/li>\n<\/ul>\n","protected":false},"excerpt":{"rendered":"<p>Digitaalne temperatuuri v\u00f5rdlusn\u00e4idik AMETEK DTI-1000 Ideaalne koledaator temperatuuri t\u00e4pseks m\u00f5\u00f5tmiseks. Standardkomplekt: indikaator, patareid, RS232 kaabel, tarkvara, kalibreerimissertifikaat, kasutusjuhend. Tehniline teave: AMETEK DTI-1000A.pdf<\/p>\n","protected":false},"featured_media":41791,"comment_status":"open","ping_status":"closed","template":"","meta":{"_acf_changed":false},"product_brand":[1202],"product_cat":[17811],"product_tag":[],"class_list":{"0":"post-40140","1":"product","2":"type-product","3":"status-publish","4":"has-post-thumbnail","6":"product_brand-ametek","7":"product_cat-protsessi-ja-temperatuuri-kalibreerimiseks","9":"first","10":"instock","11":"taxable","12":"shipping-taxable","13":"product-type-simple"},"acf":[],"yoast_head":"<!-- This site is optimized with the Yoast SEO plugin v27.0 - https:\/\/yoast.com\/product\/yoast-seo-wordpress\/ -->\n<title>Ametek DTI-1000 V\u00f5rdlustemperatuuri m\u00f5\u00f5tmise seade - AXIOMA MS<\/title>\n<meta name=\"robots\" content=\"index, follow, max-snippet:-1, max-image-preview:large, max-video-preview:-1\" \/>\n<link rel=\"canonical\" href=\"https:\/\/www.axiomams.eu\/et\/produktas\/ametek-dti-1000-vordlustemperatuuri-mootmise-seade\" \/>\n<meta property=\"og:locale\" content=\"et_EE\" \/>\n<meta property=\"og:type\" content=\"article\" \/>\n<meta property=\"og:title\" content=\"Ametek DTI-1000 V\u00f5rdlustemperatuuri m\u00f5\u00f5tmise seade - AXIOMA MS\" \/>\n<meta property=\"og:description\" content=\"Digitaalne temperatuuri v\u00f5rdlusn\u00e4idik AMETEK DTI-1000 Ideaalne koledaator temperatuuri t\u00e4pseks m\u00f5\u00f5tmiseks. Standardkomplekt: indikaator, patareid, RS232 kaabel, tarkvara, kalibreerimissertifikaat, kasutusjuhend. Tehniline teave: AMETEK DTI-1000A.pdf\" \/>\n<meta property=\"og:url\" content=\"https:\/\/www.axiomams.eu\/et\/produktas\/ametek-dti-1000-vordlustemperatuuri-mootmise-seade\" \/>\n<meta property=\"og:site_name\" content=\"AXIOMA MS\" \/>\n<meta property=\"article:publisher\" content=\"https:\/\/www.facebook.com\/AxiomaMS\" \/>\n<meta property=\"article:modified_time\" content=\"2026-02-02T12:30:10+00:00\" \/>\n<meta property=\"og:image\" content=\"https:\/\/www.axiomams.eu\/wp-content\/uploads\/2025\/07\/202-6110.jpg\" \/>\n\t<meta property=\"og:image:width\" content=\"1020\" \/>\n\t<meta property=\"og:image:height\" content=\"1020\" \/>\n\t<meta property=\"og:image:type\" content=\"image\/jpeg\" \/>\n<meta name=\"twitter:card\" content=\"summary_large_image\" \/>\n<script type=\"application\/ld+json\" class=\"yoast-schema-graph\">{\"@context\":\"https:\/\/schema.org\",\"@graph\":[{\"@type\":\"WebPage\",\"@id\":\"https:\/\/www.axiomams.eu\/et\/produktas\/ametek-dti-1000-vordlustemperatuuri-mootmise-seade\",\"url\":\"https:\/\/www.axiomams.eu\/et\/produktas\/ametek-dti-1000-vordlustemperatuuri-mootmise-seade\",\"name\":\"Ametek DTI-1000 V\u00f5rdlustemperatuuri m\u00f5\u00f5tmise seade - AXIOMA MS\",\"isPartOf\":{\"@id\":\"https:\/\/www.axiomams.eu\/et#website\"},\"primaryImageOfPage\":{\"@id\":\"https:\/\/www.axiomams.eu\/et\/produktas\/ametek-dti-1000-vordlustemperatuuri-mootmise-seade#primaryimage\"},\"image\":{\"@id\":\"https:\/\/www.axiomams.eu\/et\/produktas\/ametek-dti-1000-vordlustemperatuuri-mootmise-seade#primaryimage\"},\"thumbnailUrl\":\"https:\/\/www.axiomams.eu\/wp-content\/uploads\/2025\/07\/202-6110.jpg\",\"datePublished\":\"2025-05-15T15:57:53+00:00\",\"dateModified\":\"2026-02-02T12:30:10+00:00\",\"breadcrumb\":{\"@id\":\"https:\/\/www.axiomams.eu\/et\/produktas\/ametek-dti-1000-vordlustemperatuuri-mootmise-seade#breadcrumb\"},\"inLanguage\":\"et\",\"potentialAction\":[{\"@type\":\"ReadAction\",\"target\":[\"https:\/\/www.axiomams.eu\/et\/produktas\/ametek-dti-1000-vordlustemperatuuri-mootmise-seade\"]}]},{\"@type\":\"ImageObject\",\"inLanguage\":\"et\",\"@id\":\"https:\/\/www.axiomams.eu\/et\/produktas\/ametek-dti-1000-vordlustemperatuuri-mootmise-seade#primaryimage\",\"url\":\"https:\/\/www.axiomams.eu\/wp-content\/uploads\/2025\/07\/202-6110.jpg\",\"contentUrl\":\"https:\/\/www.axiomams.eu\/wp-content\/uploads\/2025\/07\/202-6110.jpg\",\"width\":1020,\"height\":1020},{\"@type\":\"BreadcrumbList\",\"@id\":\"https:\/\/www.axiomams.eu\/et\/produktas\/ametek-dti-1000-vordlustemperatuuri-mootmise-seade#breadcrumb\",\"itemListElement\":[{\"@type\":\"ListItem\",\"position\":1,\"name\":\"Home\",\"item\":\"https:\/\/www.axiomams.eu\/et\"},{\"@type\":\"ListItem\",\"position\":2,\"name\":\"Tooted\",\"item\":\"https:\/\/www.axiomams.eu\/et\/tooted\"},{\"@type\":\"ListItem\",\"position\":3,\"name\":\"Ametek DTI-1000 V\u00f5rdlustemperatuuri m\u00f5\u00f5tmise seade\"}]},{\"@type\":\"WebSite\",\"@id\":\"https:\/\/www.axiomams.eu\/et#website\",\"url\":\"https:\/\/www.axiomams.eu\/et\",\"name\":\"AXIOMA MS\",\"description\":\"\",\"publisher\":{\"@id\":\"https:\/\/www.axiomams.eu\/et#organization\"},\"potentialAction\":[{\"@type\":\"SearchAction\",\"target\":{\"@type\":\"EntryPoint\",\"urlTemplate\":\"https:\/\/www.axiomams.eu\/et?s={search_term_string}\"},\"query-input\":{\"@type\":\"PropertyValueSpecification\",\"valueRequired\":true,\"valueName\":\"search_term_string\"}}],\"inLanguage\":\"et\"},{\"@type\":\"Organization\",\"@id\":\"https:\/\/www.axiomams.eu\/et#organization\",\"name\":\"AXIOMA MS\",\"url\":\"https:\/\/www.axiomams.eu\/et\",\"logo\":{\"@type\":\"ImageObject\",\"inLanguage\":\"et\",\"@id\":\"https:\/\/www.axiomams.eu\/et#\/schema\/logo\/image\/\",\"url\":\"https:\/\/www.axiomams.eu\/wp-content\/uploads\/2025\/06\/axioma-logo-2.png\",\"contentUrl\":\"https:\/\/www.axiomams.eu\/wp-content\/uploads\/2025\/06\/axioma-logo-2.png\",\"width\":1200,\"height\":1200,\"caption\":\"AXIOMA MS\"},\"image\":{\"@id\":\"https:\/\/www.axiomams.eu\/et#\/schema\/logo\/image\/\"},\"sameAs\":[\"https:\/\/www.facebook.com\/AxiomaMS\",\"https:\/\/www.linkedin.com\/company\/axiomams\/\"]}]}<\/script>\n<!-- \/ Yoast SEO plugin. -->","yoast_head_json":{"title":"Ametek DTI-1000 V\u00f5rdlustemperatuuri m\u00f5\u00f5tmise seade - AXIOMA MS","robots":{"index":"index","follow":"follow","max-snippet":"max-snippet:-1","max-image-preview":"max-image-preview:large","max-video-preview":"max-video-preview:-1"},"canonical":"https:\/\/www.axiomams.eu\/et\/produktas\/ametek-dti-1000-vordlustemperatuuri-mootmise-seade","og_locale":"et_EE","og_type":"article","og_title":"Ametek DTI-1000 V\u00f5rdlustemperatuuri m\u00f5\u00f5tmise seade - AXIOMA MS","og_description":"Digitaalne temperatuuri v\u00f5rdlusn\u00e4idik AMETEK DTI-1000 Ideaalne koledaator temperatuuri t\u00e4pseks m\u00f5\u00f5tmiseks. Standardkomplekt: indikaator, patareid, RS232 kaabel, tarkvara, kalibreerimissertifikaat, kasutusjuhend. Tehniline teave: AMETEK DTI-1000A.pdf","og_url":"https:\/\/www.axiomams.eu\/et\/produktas\/ametek-dti-1000-vordlustemperatuuri-mootmise-seade","og_site_name":"AXIOMA MS","article_publisher":"https:\/\/www.facebook.com\/AxiomaMS","article_modified_time":"2026-02-02T12:30:10+00:00","og_image":[{"width":1020,"height":1020,"url":"https:\/\/www.axiomams.eu\/wp-content\/uploads\/2025\/07\/202-6110.jpg","type":"image\/jpeg"}],"twitter_card":"summary_large_image","schema":{"@context":"https:\/\/schema.org","@graph":[{"@type":"WebPage","@id":"https:\/\/www.axiomams.eu\/et\/produktas\/ametek-dti-1000-vordlustemperatuuri-mootmise-seade","url":"https:\/\/www.axiomams.eu\/et\/produktas\/ametek-dti-1000-vordlustemperatuuri-mootmise-seade","name":"Ametek DTI-1000 V\u00f5rdlustemperatuuri m\u00f5\u00f5tmise seade - AXIOMA MS","isPartOf":{"@id":"https:\/\/www.axiomams.eu\/et#website"},"primaryImageOfPage":{"@id":"https:\/\/www.axiomams.eu\/et\/produktas\/ametek-dti-1000-vordlustemperatuuri-mootmise-seade#primaryimage"},"image":{"@id":"https:\/\/www.axiomams.eu\/et\/produktas\/ametek-dti-1000-vordlustemperatuuri-mootmise-seade#primaryimage"},"thumbnailUrl":"https:\/\/www.axiomams.eu\/wp-content\/uploads\/2025\/07\/202-6110.jpg","datePublished":"2025-05-15T15:57:53+00:00","dateModified":"2026-02-02T12:30:10+00:00","breadcrumb":{"@id":"https:\/\/www.axiomams.eu\/et\/produktas\/ametek-dti-1000-vordlustemperatuuri-mootmise-seade#breadcrumb"},"inLanguage":"et","potentialAction":[{"@type":"ReadAction","target":["https:\/\/www.axiomams.eu\/et\/produktas\/ametek-dti-1000-vordlustemperatuuri-mootmise-seade"]}]},{"@type":"ImageObject","inLanguage":"et","@id":"https:\/\/www.axiomams.eu\/et\/produktas\/ametek-dti-1000-vordlustemperatuuri-mootmise-seade#primaryimage","url":"https:\/\/www.axiomams.eu\/wp-content\/uploads\/2025\/07\/202-6110.jpg","contentUrl":"https:\/\/www.axiomams.eu\/wp-content\/uploads\/2025\/07\/202-6110.jpg","width":1020,"height":1020},{"@type":"BreadcrumbList","@id":"https:\/\/www.axiomams.eu\/et\/produktas\/ametek-dti-1000-vordlustemperatuuri-mootmise-seade#breadcrumb","itemListElement":[{"@type":"ListItem","position":1,"name":"Home","item":"https:\/\/www.axiomams.eu\/et"},{"@type":"ListItem","position":2,"name":"Tooted","item":"https:\/\/www.axiomams.eu\/et\/tooted"},{"@type":"ListItem","position":3,"name":"Ametek DTI-1000 V\u00f5rdlustemperatuuri m\u00f5\u00f5tmise seade"}]},{"@type":"WebSite","@id":"https:\/\/www.axiomams.eu\/et#website","url":"https:\/\/www.axiomams.eu\/et","name":"AXIOMA MS","description":"","publisher":{"@id":"https:\/\/www.axiomams.eu\/et#organization"},"potentialAction":[{"@type":"SearchAction","target":{"@type":"EntryPoint","urlTemplate":"https:\/\/www.axiomams.eu\/et?s={search_term_string}"},"query-input":{"@type":"PropertyValueSpecification","valueRequired":true,"valueName":"search_term_string"}}],"inLanguage":"et"},{"@type":"Organization","@id":"https:\/\/www.axiomams.eu\/et#organization","name":"AXIOMA MS","url":"https:\/\/www.axiomams.eu\/et","logo":{"@type":"ImageObject","inLanguage":"et","@id":"https:\/\/www.axiomams.eu\/et#\/schema\/logo\/image\/","url":"https:\/\/www.axiomams.eu\/wp-content\/uploads\/2025\/06\/axioma-logo-2.png","contentUrl":"https:\/\/www.axiomams.eu\/wp-content\/uploads\/2025\/06\/axioma-logo-2.png","width":1200,"height":1200,"caption":"AXIOMA MS"},"image":{"@id":"https:\/\/www.axiomams.eu\/et#\/schema\/logo\/image\/"},"sameAs":["https:\/\/www.facebook.com\/AxiomaMS","https:\/\/www.linkedin.com\/company\/axiomams\/"]}]}},"_links":{"self":[{"href":"https:\/\/www.axiomams.eu\/et\/wp-json\/wp\/v2\/product\/40140","targetHints":{"allow":["GET"]}}],"collection":[{"href":"https:\/\/www.axiomams.eu\/et\/wp-json\/wp\/v2\/product"}],"about":[{"href":"https:\/\/www.axiomams.eu\/et\/wp-json\/wp\/v2\/types\/product"}],"replies":[{"embeddable":true,"href":"https:\/\/www.axiomams.eu\/et\/wp-json\/wp\/v2\/comments?post=40140"}],"wp:featuredmedia":[{"embeddable":true,"href":"https:\/\/www.axiomams.eu\/et\/wp-json\/wp\/v2\/media\/41791"}],"wp:attachment":[{"href":"https:\/\/www.axiomams.eu\/et\/wp-json\/wp\/v2\/media?parent=40140"}],"wp:term":[{"taxonomy":"product_brand","embeddable":true,"href":"https:\/\/www.axiomams.eu\/et\/wp-json\/wp\/v2\/product_brand?post=40140"},{"taxonomy":"product_cat","embeddable":true,"href":"https:\/\/www.axiomams.eu\/et\/wp-json\/wp\/v2\/product_cat?post=40140"},{"taxonomy":"product_tag","embeddable":true,"href":"https:\/\/www.axiomams.eu\/et\/wp-json\/wp\/v2\/product_tag?post=40140"}],"curies":[{"name":"wp","href":"https:\/\/api.w.org\/{rel}","templated":true}]}}