{"id":40141,"date":"2025-06-12T14:25:12","date_gmt":"2025-06-12T12:25:12","guid":{"rendered":"https:\/\/www.axiomams.eu\/produktas\/benning-duspol-digitaalne-pingeandur"},"modified":"2026-02-02T14:30:10","modified_gmt":"2026-02-02T12:30:10","slug":"benning-duspol-digitaalne-pingeandur","status":"publish","type":"product","link":"https:\/\/www.axiomams.eu\/et\/produktas\/benning-duspol-digitaalne-pingeandur","title":{"rendered":"Benning Duspol digitaalne pingeandur"},"content":{"rendered":"<p>DUSPOLi pingetestid \u00fcletavad nii korpuste kaitsekategooria (IP 65) kui ka \u00fclepingekaitse (CAT IV 600 V) standardite n\u00f5udeid. Nimipinge ulatust on suurendatud v\u00e4hemalt 1200 V AC\/DC-ni, et tagada t\u00f6\u00f6stuslike rakenduste, fotogalvaaniliste s\u00fcsteemide ja tuuleelektrijaamade ning h\u00fcbriidautotehnika suuremate s\u00fcsteemipingete ohutu katsetamine.<\/p>\n<h3>Tehniline teave:<\/h3>\n<ul>\n<li><a href=\"https:\/\/axiomams.eu\/importer\/export\/attachments\/en\/duspol_digital.pdf\" target=\"_blank\">Duspol_digital.pdf<\/a><\/li>\n<\/ul>\n","protected":false},"excerpt":{"rendered":"<p>DUSPOLi pingetestid \u00fcletavad nii korpuste kaitsekategooria (IP 65) kui ka \u00fclepingekaitse (CAT IV 600 V) standardite n\u00f5udeid. Nimipinge ulatust on suurendatud v\u00e4hemalt 1200 V AC\/DC-ni, et tagada t\u00f6\u00f6stuslike rakenduste, fotogalvaaniliste s\u00fcsteemide ja tuuleelektrijaamade ning h\u00fcbriidautotehnika suuremate s\u00fcsteemipingete ohutu katsetamine. Tehniline teave: Duspol_digital.pdf<\/p>\n","protected":false},"featured_media":41793,"comment_status":"open","ping_status":"closed","template":"","meta":{"_acf_changed":false},"product_brand":[17694],"product_cat":[17785],"product_tag":[],"class_list":{"0":"post-40141","1":"product","2":"type-product","3":"status-publish","4":"has-post-thumbnail","6":"product_brand-benning","7":"product_cat-elektrikutele-ja-energeetikainseneridele","9":"first","10":"instock","11":"taxable","12":"shipping-taxable","13":"purchasable","14":"product-type-simple"},"acf":[],"yoast_head":"<!-- This site is optimized with the Yoast SEO plugin v27.0 - https:\/\/yoast.com\/product\/yoast-seo-wordpress\/ -->\n<title>Benning Duspol digitaalne pingeandur - AXIOMA MS<\/title>\n<meta name=\"robots\" content=\"index, follow, max-snippet:-1, max-image-preview:large, max-video-preview:-1\" \/>\n<link rel=\"canonical\" href=\"https:\/\/www.axiomams.eu\/et\/produktas\/benning-duspol-digitaalne-pingeandur\" \/>\n<meta property=\"og:locale\" content=\"et_EE\" \/>\n<meta property=\"og:type\" content=\"article\" \/>\n<meta property=\"og:title\" content=\"Benning Duspol digitaalne pingeandur - AXIOMA MS\" \/>\n<meta property=\"og:description\" content=\"DUSPOLi pingetestid \u00fcletavad nii korpuste kaitsekategooria (IP 65) kui ka \u00fclepingekaitse (CAT IV 600 V) standardite n\u00f5udeid. Nimipinge ulatust on suurendatud v\u00e4hemalt 1200 V AC\/DC-ni, et tagada t\u00f6\u00f6stuslike rakenduste, fotogalvaaniliste s\u00fcsteemide ja tuuleelektrijaamade ning h\u00fcbriidautotehnika suuremate s\u00fcsteemipingete ohutu katsetamine. Tehniline teave: Duspol_digital.pdf\" \/>\n<meta property=\"og:url\" content=\"https:\/\/www.axiomams.eu\/et\/produktas\/benning-duspol-digitaalne-pingeandur\" \/>\n<meta property=\"og:site_name\" content=\"AXIOMA MS\" \/>\n<meta property=\"article:publisher\" content=\"https:\/\/www.facebook.com\/AxiomaMS\" \/>\n<meta property=\"article:modified_time\" content=\"2026-02-02T12:30:10+00:00\" \/>\n<meta property=\"og:image\" content=\"https:\/\/www.axiomams.eu\/wp-content\/uploads\/2025\/08\/1845-6154.png\" \/>\n\t<meta property=\"og:image:width\" content=\"1020\" \/>\n\t<meta property=\"og:image:height\" content=\"1020\" \/>\n\t<meta property=\"og:image:type\" content=\"image\/png\" \/>\n<meta name=\"twitter:card\" content=\"summary_large_image\" \/>\n<script type=\"application\/ld+json\" class=\"yoast-schema-graph\">{\"@context\":\"https:\/\/schema.org\",\"@graph\":[{\"@type\":\"WebPage\",\"@id\":\"https:\/\/www.axiomams.eu\/et\/produktas\/benning-duspol-digitaalne-pingeandur\",\"url\":\"https:\/\/www.axiomams.eu\/et\/produktas\/benning-duspol-digitaalne-pingeandur\",\"name\":\"Benning Duspol digitaalne pingeandur - AXIOMA MS\",\"isPartOf\":{\"@id\":\"https:\/\/www.axiomams.eu\/et#website\"},\"primaryImageOfPage\":{\"@id\":\"https:\/\/www.axiomams.eu\/et\/produktas\/benning-duspol-digitaalne-pingeandur#primaryimage\"},\"image\":{\"@id\":\"https:\/\/www.axiomams.eu\/et\/produktas\/benning-duspol-digitaalne-pingeandur#primaryimage\"},\"thumbnailUrl\":\"https:\/\/www.axiomams.eu\/wp-content\/uploads\/2025\/08\/1845-6154.png\",\"datePublished\":\"2025-06-12T12:25:12+00:00\",\"dateModified\":\"2026-02-02T12:30:10+00:00\",\"breadcrumb\":{\"@id\":\"https:\/\/www.axiomams.eu\/et\/produktas\/benning-duspol-digitaalne-pingeandur#breadcrumb\"},\"inLanguage\":\"et\",\"potentialAction\":[{\"@type\":\"ReadAction\",\"target\":[\"https:\/\/www.axiomams.eu\/et\/produktas\/benning-duspol-digitaalne-pingeandur\"]}]},{\"@type\":\"ImageObject\",\"inLanguage\":\"et\",\"@id\":\"https:\/\/www.axiomams.eu\/et\/produktas\/benning-duspol-digitaalne-pingeandur#primaryimage\",\"url\":\"https:\/\/www.axiomams.eu\/wp-content\/uploads\/2025\/08\/1845-6154.png\",\"contentUrl\":\"https:\/\/www.axiomams.eu\/wp-content\/uploads\/2025\/08\/1845-6154.png\",\"width\":1020,\"height\":1020},{\"@type\":\"BreadcrumbList\",\"@id\":\"https:\/\/www.axiomams.eu\/et\/produktas\/benning-duspol-digitaalne-pingeandur#breadcrumb\",\"itemListElement\":[{\"@type\":\"ListItem\",\"position\":1,\"name\":\"Home\",\"item\":\"https:\/\/www.axiomams.eu\/et\"},{\"@type\":\"ListItem\",\"position\":2,\"name\":\"Tooted\",\"item\":\"https:\/\/www.axiomams.eu\/et\/tooted\"},{\"@type\":\"ListItem\",\"position\":3,\"name\":\"Benning Duspol digitaalne pingeandur\"}]},{\"@type\":\"WebSite\",\"@id\":\"https:\/\/www.axiomams.eu\/et#website\",\"url\":\"https:\/\/www.axiomams.eu\/et\",\"name\":\"AXIOMA MS\",\"description\":\"Terrmovizoriai ir matavimo \u012franga\",\"publisher\":{\"@id\":\"https:\/\/www.axiomams.eu\/et#organization\"},\"potentialAction\":[{\"@type\":\"SearchAction\",\"target\":{\"@type\":\"EntryPoint\",\"urlTemplate\":\"https:\/\/www.axiomams.eu\/et?s={search_term_string}\"},\"query-input\":{\"@type\":\"PropertyValueSpecification\",\"valueRequired\":true,\"valueName\":\"search_term_string\"}}],\"inLanguage\":\"et\"},{\"@type\":\"Organization\",\"@id\":\"https:\/\/www.axiomams.eu\/et#organization\",\"name\":\"AXIOMA MS\",\"url\":\"https:\/\/www.axiomams.eu\/et\",\"logo\":{\"@type\":\"ImageObject\",\"inLanguage\":\"et\",\"@id\":\"https:\/\/www.axiomams.eu\/et#\/schema\/logo\/image\/\",\"url\":\"https:\/\/www.axiomams.eu\/wp-content\/uploads\/2025\/06\/axioma-logo-2.png\",\"contentUrl\":\"https:\/\/www.axiomams.eu\/wp-content\/uploads\/2025\/06\/axioma-logo-2.png\",\"width\":1200,\"height\":1200,\"caption\":\"AXIOMA MS\"},\"image\":{\"@id\":\"https:\/\/www.axiomams.eu\/et#\/schema\/logo\/image\/\"},\"sameAs\":[\"https:\/\/www.facebook.com\/AxiomaMS\",\"https:\/\/www.linkedin.com\/company\/axiomams\/\"]}]}<\/script>\n<!-- \/ Yoast SEO plugin. -->","yoast_head_json":{"title":"Benning Duspol digitaalne pingeandur - AXIOMA MS","robots":{"index":"index","follow":"follow","max-snippet":"max-snippet:-1","max-image-preview":"max-image-preview:large","max-video-preview":"max-video-preview:-1"},"canonical":"https:\/\/www.axiomams.eu\/et\/produktas\/benning-duspol-digitaalne-pingeandur","og_locale":"et_EE","og_type":"article","og_title":"Benning Duspol digitaalne pingeandur - AXIOMA MS","og_description":"DUSPOLi pingetestid \u00fcletavad nii korpuste kaitsekategooria (IP 65) kui ka \u00fclepingekaitse (CAT IV 600 V) standardite n\u00f5udeid. Nimipinge ulatust on suurendatud v\u00e4hemalt 1200 V AC\/DC-ni, et tagada t\u00f6\u00f6stuslike rakenduste, fotogalvaaniliste s\u00fcsteemide ja tuuleelektrijaamade ning h\u00fcbriidautotehnika suuremate s\u00fcsteemipingete ohutu katsetamine. Tehniline teave: Duspol_digital.pdf","og_url":"https:\/\/www.axiomams.eu\/et\/produktas\/benning-duspol-digitaalne-pingeandur","og_site_name":"AXIOMA MS","article_publisher":"https:\/\/www.facebook.com\/AxiomaMS","article_modified_time":"2026-02-02T12:30:10+00:00","og_image":[{"width":1020,"height":1020,"url":"https:\/\/www.axiomams.eu\/wp-content\/uploads\/2025\/08\/1845-6154.png","type":"image\/png"}],"twitter_card":"summary_large_image","schema":{"@context":"https:\/\/schema.org","@graph":[{"@type":"WebPage","@id":"https:\/\/www.axiomams.eu\/et\/produktas\/benning-duspol-digitaalne-pingeandur","url":"https:\/\/www.axiomams.eu\/et\/produktas\/benning-duspol-digitaalne-pingeandur","name":"Benning Duspol digitaalne pingeandur - AXIOMA MS","isPartOf":{"@id":"https:\/\/www.axiomams.eu\/et#website"},"primaryImageOfPage":{"@id":"https:\/\/www.axiomams.eu\/et\/produktas\/benning-duspol-digitaalne-pingeandur#primaryimage"},"image":{"@id":"https:\/\/www.axiomams.eu\/et\/produktas\/benning-duspol-digitaalne-pingeandur#primaryimage"},"thumbnailUrl":"https:\/\/www.axiomams.eu\/wp-content\/uploads\/2025\/08\/1845-6154.png","datePublished":"2025-06-12T12:25:12+00:00","dateModified":"2026-02-02T12:30:10+00:00","breadcrumb":{"@id":"https:\/\/www.axiomams.eu\/et\/produktas\/benning-duspol-digitaalne-pingeandur#breadcrumb"},"inLanguage":"et","potentialAction":[{"@type":"ReadAction","target":["https:\/\/www.axiomams.eu\/et\/produktas\/benning-duspol-digitaalne-pingeandur"]}]},{"@type":"ImageObject","inLanguage":"et","@id":"https:\/\/www.axiomams.eu\/et\/produktas\/benning-duspol-digitaalne-pingeandur#primaryimage","url":"https:\/\/www.axiomams.eu\/wp-content\/uploads\/2025\/08\/1845-6154.png","contentUrl":"https:\/\/www.axiomams.eu\/wp-content\/uploads\/2025\/08\/1845-6154.png","width":1020,"height":1020},{"@type":"BreadcrumbList","@id":"https:\/\/www.axiomams.eu\/et\/produktas\/benning-duspol-digitaalne-pingeandur#breadcrumb","itemListElement":[{"@type":"ListItem","position":1,"name":"Home","item":"https:\/\/www.axiomams.eu\/et"},{"@type":"ListItem","position":2,"name":"Tooted","item":"https:\/\/www.axiomams.eu\/et\/tooted"},{"@type":"ListItem","position":3,"name":"Benning Duspol digitaalne pingeandur"}]},{"@type":"WebSite","@id":"https:\/\/www.axiomams.eu\/et#website","url":"https:\/\/www.axiomams.eu\/et","name":"AXIOMA MS","description":"Terrmovizoriai ir matavimo \u012franga","publisher":{"@id":"https:\/\/www.axiomams.eu\/et#organization"},"potentialAction":[{"@type":"SearchAction","target":{"@type":"EntryPoint","urlTemplate":"https:\/\/www.axiomams.eu\/et?s={search_term_string}"},"query-input":{"@type":"PropertyValueSpecification","valueRequired":true,"valueName":"search_term_string"}}],"inLanguage":"et"},{"@type":"Organization","@id":"https:\/\/www.axiomams.eu\/et#organization","name":"AXIOMA MS","url":"https:\/\/www.axiomams.eu\/et","logo":{"@type":"ImageObject","inLanguage":"et","@id":"https:\/\/www.axiomams.eu\/et#\/schema\/logo\/image\/","url":"https:\/\/www.axiomams.eu\/wp-content\/uploads\/2025\/06\/axioma-logo-2.png","contentUrl":"https:\/\/www.axiomams.eu\/wp-content\/uploads\/2025\/06\/axioma-logo-2.png","width":1200,"height":1200,"caption":"AXIOMA MS"},"image":{"@id":"https:\/\/www.axiomams.eu\/et#\/schema\/logo\/image\/"},"sameAs":["https:\/\/www.facebook.com\/AxiomaMS","https:\/\/www.linkedin.com\/company\/axiomams\/"]}]}},"_links":{"self":[{"href":"https:\/\/www.axiomams.eu\/et\/wp-json\/wp\/v2\/product\/40141","targetHints":{"allow":["GET"]}}],"collection":[{"href":"https:\/\/www.axiomams.eu\/et\/wp-json\/wp\/v2\/product"}],"about":[{"href":"https:\/\/www.axiomams.eu\/et\/wp-json\/wp\/v2\/types\/product"}],"replies":[{"embeddable":true,"href":"https:\/\/www.axiomams.eu\/et\/wp-json\/wp\/v2\/comments?post=40141"}],"wp:featuredmedia":[{"embeddable":true,"href":"https:\/\/www.axiomams.eu\/et\/wp-json\/wp\/v2\/media\/41793"}],"wp:attachment":[{"href":"https:\/\/www.axiomams.eu\/et\/wp-json\/wp\/v2\/media?parent=40141"}],"wp:term":[{"taxonomy":"product_brand","embeddable":true,"href":"https:\/\/www.axiomams.eu\/et\/wp-json\/wp\/v2\/product_brand?post=40141"},{"taxonomy":"product_cat","embeddable":true,"href":"https:\/\/www.axiomams.eu\/et\/wp-json\/wp\/v2\/product_cat?post=40141"},{"taxonomy":"product_tag","embeddable":true,"href":"https:\/\/www.axiomams.eu\/et\/wp-json\/wp\/v2\/product_tag?post=40141"}],"curies":[{"name":"wp","href":"https:\/\/api.w.org\/{rel}","templated":true}]}}