{"id":40142,"date":"2025-05-15T17:57:55","date_gmt":"2025-05-15T15:57:55","guid":{"rendered":"https:\/\/www.axiomams.eu\/produktas\/hwm-dxmic-maapealne-mikrofon"},"modified":"2026-02-02T14:30:10","modified_gmt":"2026-02-02T12:30:10","slug":"hwm-dxmic-maapealne-mikrofon","status":"publish","type":"product","link":"https:\/\/www.axiomams.eu\/et\/produktas\/hwm-dxmic-maapealne-mikrofon","title":{"rendered":"HWM DXmic maapealne mikrofon"},"content":{"rendered":"<p>HWM DXmic on HWMi uusima p\u00f5lvkonna maapealne mikrofon. Tuginedes Xmici suurep\u00e4rasele mainele, on DXmicil puuteekraaniga t\u00f6\u00f6 ja palju uusi uuenduslikke funktsioone.<br \/>\nDXmicil on k\u00f5rgeim helikvaliteet ja sellised funktsioonid nagu automaatne filtreerimine, sageduse kuvamine.<\/p>\n<p>Klassi parim helikvaliteet<br \/>\nVastupidav korpus koos kanderihma kinnitustega<br \/>\nJuhtmevaba kasutamise v\u00f5imalus: K\u00f5rvaklappide jaoks v\u00f5i heli\/konfiguratsiooniandmete edastamiseks arvutisse.<br \/>\nSagedusn\u00e4idik<br \/>\nUSB-funktsioon: Andmete edastamiseks ja p\u00fcsivara uuendamiseks<br \/>\nKasutajas\u00f5bralik: Ohutusm\u00fcra taseme katkestamine ja lekkimism\u00fcra isolatsioonifiltrid<br \/>\nM\u00fcra miinimumtaseme salvestamine ja kuvamine: T\u00f5husaks t\u00e4pseks m\u00e4\u00e4ramiseks<br \/>\nAutomaatne filtri funktsioon: Seadistab filtrid \u00fcmber tippm\u00fcra<\/p>\n<p>Tehnilised andmed:<br \/>\nSagedusvahemik: 0 Hz &#8230; 5000 Hz<br \/>\nAku kestvus: kuni 25 tundi<br \/>\nM\u00f5\u00f5dud: m\u00f5\u00f5tmed: 193 x 109 x 60 mm<br \/>\nKlaviatuur: Puuteekraan LCD<br \/>\nEkraan: TFT LCD ekraan: 5,0-tolline v\u00e4rviline TFT LCD<br \/>\nKaal: 600 g<br \/>\nT\u00f6\u00f6temperatuur: 15\u00b0C &#8230; +50\u00b0C<br \/>\nKokkupuute kaitse: IP65<br \/>\nK\u00f5rvaklapid: Bluetooth-\u00fchendusega v\u00f5i stuudiokvaliteediga k\u00f5rvaklapid<br \/>\nK\u00f5rge tundlikkusega, madala m\u00fcratasemega Rmic maandusmikrofon 1,5m pikkuse kaabliga<\/p>\n<p>Standardne komplekt: HMW DXmic, suur pinnak\u00f5laline andur &#8220;Elephants Foot&#8221;, magnetiline ja statiiviandur, k\u00e4esond, vardad, k\u00f5rvaklapid, v\u00f5rgulaadija, pehme kohver.<\/p>\n<h3>Tehniline teave:<\/h3>\n<ul>\n<li><a href=\"https:\/\/axiomams.eu\/importer\/export\/attachments\/en\/hmw-dxmic-pro-.pdf\" target=\"_blank\">HMW DXmic Pro-.pdf<\/a><\/li>\n<\/ul>\n","protected":false},"excerpt":{"rendered":"<p>HWM DXmic on HWMi uusima p\u00f5lvkonna maapealne mikrofon. Tuginedes Xmici suurep\u00e4rasele mainele, on DXmicil puuteekraaniga t\u00f6\u00f6 ja palju uusi uuenduslikke funktsioone. DXmicil on k\u00f5rgeim helikvaliteet ja sellised funktsioonid nagu automaatne filtreerimine, sageduse kuvamine. Klassi parim helikvaliteet Vastupidav korpus koos kanderihma kinnitustega Juhtmevaba kasutamise v\u00f5imalus: K\u00f5rvaklappide jaoks v\u00f5i heli\/konfiguratsiooniandmete edastamiseks arvutisse. Sagedusn\u00e4idik USB-funktsioon: Andmete edastamiseks ja&#8230;<\/p>\n","protected":false},"featured_media":41795,"comment_status":"open","ping_status":"closed","template":"","meta":{"_acf_changed":false},"product_brand":[1011],"product_cat":[17817],"product_tag":[],"class_list":{"0":"post-40142","1":"product","2":"type-product","3":"status-publish","4":"has-post-thumbnail","6":"product_brand-hwm","7":"product_cat-vee-lekete-otsimiseks","9":"first","10":"instock","11":"taxable","12":"shipping-taxable","13":"product-type-simple"},"acf":[],"yoast_head":"<!-- This site is optimized with the Yoast SEO plugin v27.0 - https:\/\/yoast.com\/product\/yoast-seo-wordpress\/ -->\n<title>HWM DXmic maapealne mikrofon - AXIOMA MS<\/title>\n<meta name=\"robots\" content=\"index, follow, max-snippet:-1, max-image-preview:large, max-video-preview:-1\" \/>\n<link rel=\"canonical\" href=\"https:\/\/www.axiomams.eu\/et\/produktas\/hwm-dxmic-maapealne-mikrofon\" \/>\n<meta property=\"og:locale\" content=\"et_EE\" \/>\n<meta property=\"og:type\" content=\"article\" \/>\n<meta property=\"og:title\" content=\"HWM DXmic maapealne mikrofon - AXIOMA MS\" \/>\n<meta property=\"og:description\" content=\"HWM DXmic on HWMi uusima p\u00f5lvkonna maapealne mikrofon. Tuginedes Xmici suurep\u00e4rasele mainele, on DXmicil puuteekraaniga t\u00f6\u00f6 ja palju uusi uuenduslikke funktsioone. DXmicil on k\u00f5rgeim helikvaliteet ja sellised funktsioonid nagu automaatne filtreerimine, sageduse kuvamine. Klassi parim helikvaliteet Vastupidav korpus koos kanderihma kinnitustega Juhtmevaba kasutamise v\u00f5imalus: K\u00f5rvaklappide jaoks v\u00f5i heli\/konfiguratsiooniandmete edastamiseks arvutisse. Sagedusn\u00e4idik USB-funktsioon: Andmete edastamiseks ja...\" \/>\n<meta property=\"og:url\" content=\"https:\/\/www.axiomams.eu\/et\/produktas\/hwm-dxmic-maapealne-mikrofon\" \/>\n<meta property=\"og:site_name\" content=\"AXIOMA MS\" \/>\n<meta property=\"article:publisher\" content=\"https:\/\/www.facebook.com\/AxiomaMS\" \/>\n<meta property=\"article:modified_time\" content=\"2026-02-02T12:30:10+00:00\" \/>\n<meta property=\"og:image\" content=\"https:\/\/www.axiomams.eu\/wp-content\/uploads\/2025\/07\/2535-3262.jpg\" \/>\n\t<meta property=\"og:image:width\" content=\"1000\" \/>\n\t<meta property=\"og:image:height\" content=\"667\" \/>\n\t<meta property=\"og:image:type\" content=\"image\/jpeg\" \/>\n<meta name=\"twitter:card\" content=\"summary_large_image\" \/>\n<meta name=\"twitter:label1\" content=\"Est. reading time\" \/>\n\t<meta name=\"twitter:data1\" content=\"1 minut\" \/>\n<script type=\"application\/ld+json\" class=\"yoast-schema-graph\">{\"@context\":\"https:\/\/schema.org\",\"@graph\":[{\"@type\":\"WebPage\",\"@id\":\"https:\/\/www.axiomams.eu\/et\/produktas\/hwm-dxmic-maapealne-mikrofon\",\"url\":\"https:\/\/www.axiomams.eu\/et\/produktas\/hwm-dxmic-maapealne-mikrofon\",\"name\":\"HWM DXmic maapealne mikrofon - AXIOMA MS\",\"isPartOf\":{\"@id\":\"https:\/\/www.axiomams.eu\/et#website\"},\"primaryImageOfPage\":{\"@id\":\"https:\/\/www.axiomams.eu\/et\/produktas\/hwm-dxmic-maapealne-mikrofon#primaryimage\"},\"image\":{\"@id\":\"https:\/\/www.axiomams.eu\/et\/produktas\/hwm-dxmic-maapealne-mikrofon#primaryimage\"},\"thumbnailUrl\":\"https:\/\/www.axiomams.eu\/wp-content\/uploads\/2025\/07\/2535-3262.jpg\",\"datePublished\":\"2025-05-15T15:57:55+00:00\",\"dateModified\":\"2026-02-02T12:30:10+00:00\",\"breadcrumb\":{\"@id\":\"https:\/\/www.axiomams.eu\/et\/produktas\/hwm-dxmic-maapealne-mikrofon#breadcrumb\"},\"inLanguage\":\"et\",\"potentialAction\":[{\"@type\":\"ReadAction\",\"target\":[\"https:\/\/www.axiomams.eu\/et\/produktas\/hwm-dxmic-maapealne-mikrofon\"]}]},{\"@type\":\"ImageObject\",\"inLanguage\":\"et\",\"@id\":\"https:\/\/www.axiomams.eu\/et\/produktas\/hwm-dxmic-maapealne-mikrofon#primaryimage\",\"url\":\"https:\/\/www.axiomams.eu\/wp-content\/uploads\/2025\/07\/2535-3262.jpg\",\"contentUrl\":\"https:\/\/www.axiomams.eu\/wp-content\/uploads\/2025\/07\/2535-3262.jpg\",\"width\":1000,\"height\":667},{\"@type\":\"BreadcrumbList\",\"@id\":\"https:\/\/www.axiomams.eu\/et\/produktas\/hwm-dxmic-maapealne-mikrofon#breadcrumb\",\"itemListElement\":[{\"@type\":\"ListItem\",\"position\":1,\"name\":\"Home\",\"item\":\"https:\/\/www.axiomams.eu\/et\"},{\"@type\":\"ListItem\",\"position\":2,\"name\":\"Tooted\",\"item\":\"https:\/\/www.axiomams.eu\/et\/tooted\"},{\"@type\":\"ListItem\",\"position\":3,\"name\":\"HWM DXmic maapealne mikrofon\"}]},{\"@type\":\"WebSite\",\"@id\":\"https:\/\/www.axiomams.eu\/et#website\",\"url\":\"https:\/\/www.axiomams.eu\/et\",\"name\":\"AXIOMA MS\",\"description\":\"Terrmovizoriai ir matavimo \u012franga\",\"publisher\":{\"@id\":\"https:\/\/www.axiomams.eu\/et#organization\"},\"potentialAction\":[{\"@type\":\"SearchAction\",\"target\":{\"@type\":\"EntryPoint\",\"urlTemplate\":\"https:\/\/www.axiomams.eu\/et?s={search_term_string}\"},\"query-input\":{\"@type\":\"PropertyValueSpecification\",\"valueRequired\":true,\"valueName\":\"search_term_string\"}}],\"inLanguage\":\"et\"},{\"@type\":\"Organization\",\"@id\":\"https:\/\/www.axiomams.eu\/et#organization\",\"name\":\"AXIOMA MS\",\"url\":\"https:\/\/www.axiomams.eu\/et\",\"logo\":{\"@type\":\"ImageObject\",\"inLanguage\":\"et\",\"@id\":\"https:\/\/www.axiomams.eu\/et#\/schema\/logo\/image\/\",\"url\":\"https:\/\/www.axiomams.eu\/wp-content\/uploads\/2025\/06\/axioma-logo-2.png\",\"contentUrl\":\"https:\/\/www.axiomams.eu\/wp-content\/uploads\/2025\/06\/axioma-logo-2.png\",\"width\":1200,\"height\":1200,\"caption\":\"AXIOMA MS\"},\"image\":{\"@id\":\"https:\/\/www.axiomams.eu\/et#\/schema\/logo\/image\/\"},\"sameAs\":[\"https:\/\/www.facebook.com\/AxiomaMS\",\"https:\/\/www.linkedin.com\/company\/axiomams\/\"]}]}<\/script>\n<!-- \/ Yoast SEO plugin. -->","yoast_head_json":{"title":"HWM DXmic maapealne mikrofon - AXIOMA MS","robots":{"index":"index","follow":"follow","max-snippet":"max-snippet:-1","max-image-preview":"max-image-preview:large","max-video-preview":"max-video-preview:-1"},"canonical":"https:\/\/www.axiomams.eu\/et\/produktas\/hwm-dxmic-maapealne-mikrofon","og_locale":"et_EE","og_type":"article","og_title":"HWM DXmic maapealne mikrofon - AXIOMA MS","og_description":"HWM DXmic on HWMi uusima p\u00f5lvkonna maapealne mikrofon. Tuginedes Xmici suurep\u00e4rasele mainele, on DXmicil puuteekraaniga t\u00f6\u00f6 ja palju uusi uuenduslikke funktsioone. DXmicil on k\u00f5rgeim helikvaliteet ja sellised funktsioonid nagu automaatne filtreerimine, sageduse kuvamine. Klassi parim helikvaliteet Vastupidav korpus koos kanderihma kinnitustega Juhtmevaba kasutamise v\u00f5imalus: K\u00f5rvaklappide jaoks v\u00f5i heli\/konfiguratsiooniandmete edastamiseks arvutisse. Sagedusn\u00e4idik USB-funktsioon: Andmete edastamiseks ja...","og_url":"https:\/\/www.axiomams.eu\/et\/produktas\/hwm-dxmic-maapealne-mikrofon","og_site_name":"AXIOMA MS","article_publisher":"https:\/\/www.facebook.com\/AxiomaMS","article_modified_time":"2026-02-02T12:30:10+00:00","og_image":[{"width":1000,"height":667,"url":"https:\/\/www.axiomams.eu\/wp-content\/uploads\/2025\/07\/2535-3262.jpg","type":"image\/jpeg"}],"twitter_card":"summary_large_image","twitter_misc":{"Est. reading time":"1 minut"},"schema":{"@context":"https:\/\/schema.org","@graph":[{"@type":"WebPage","@id":"https:\/\/www.axiomams.eu\/et\/produktas\/hwm-dxmic-maapealne-mikrofon","url":"https:\/\/www.axiomams.eu\/et\/produktas\/hwm-dxmic-maapealne-mikrofon","name":"HWM DXmic maapealne mikrofon - AXIOMA MS","isPartOf":{"@id":"https:\/\/www.axiomams.eu\/et#website"},"primaryImageOfPage":{"@id":"https:\/\/www.axiomams.eu\/et\/produktas\/hwm-dxmic-maapealne-mikrofon#primaryimage"},"image":{"@id":"https:\/\/www.axiomams.eu\/et\/produktas\/hwm-dxmic-maapealne-mikrofon#primaryimage"},"thumbnailUrl":"https:\/\/www.axiomams.eu\/wp-content\/uploads\/2025\/07\/2535-3262.jpg","datePublished":"2025-05-15T15:57:55+00:00","dateModified":"2026-02-02T12:30:10+00:00","breadcrumb":{"@id":"https:\/\/www.axiomams.eu\/et\/produktas\/hwm-dxmic-maapealne-mikrofon#breadcrumb"},"inLanguage":"et","potentialAction":[{"@type":"ReadAction","target":["https:\/\/www.axiomams.eu\/et\/produktas\/hwm-dxmic-maapealne-mikrofon"]}]},{"@type":"ImageObject","inLanguage":"et","@id":"https:\/\/www.axiomams.eu\/et\/produktas\/hwm-dxmic-maapealne-mikrofon#primaryimage","url":"https:\/\/www.axiomams.eu\/wp-content\/uploads\/2025\/07\/2535-3262.jpg","contentUrl":"https:\/\/www.axiomams.eu\/wp-content\/uploads\/2025\/07\/2535-3262.jpg","width":1000,"height":667},{"@type":"BreadcrumbList","@id":"https:\/\/www.axiomams.eu\/et\/produktas\/hwm-dxmic-maapealne-mikrofon#breadcrumb","itemListElement":[{"@type":"ListItem","position":1,"name":"Home","item":"https:\/\/www.axiomams.eu\/et"},{"@type":"ListItem","position":2,"name":"Tooted","item":"https:\/\/www.axiomams.eu\/et\/tooted"},{"@type":"ListItem","position":3,"name":"HWM DXmic maapealne mikrofon"}]},{"@type":"WebSite","@id":"https:\/\/www.axiomams.eu\/et#website","url":"https:\/\/www.axiomams.eu\/et","name":"AXIOMA MS","description":"Terrmovizoriai ir matavimo \u012franga","publisher":{"@id":"https:\/\/www.axiomams.eu\/et#organization"},"potentialAction":[{"@type":"SearchAction","target":{"@type":"EntryPoint","urlTemplate":"https:\/\/www.axiomams.eu\/et?s={search_term_string}"},"query-input":{"@type":"PropertyValueSpecification","valueRequired":true,"valueName":"search_term_string"}}],"inLanguage":"et"},{"@type":"Organization","@id":"https:\/\/www.axiomams.eu\/et#organization","name":"AXIOMA MS","url":"https:\/\/www.axiomams.eu\/et","logo":{"@type":"ImageObject","inLanguage":"et","@id":"https:\/\/www.axiomams.eu\/et#\/schema\/logo\/image\/","url":"https:\/\/www.axiomams.eu\/wp-content\/uploads\/2025\/06\/axioma-logo-2.png","contentUrl":"https:\/\/www.axiomams.eu\/wp-content\/uploads\/2025\/06\/axioma-logo-2.png","width":1200,"height":1200,"caption":"AXIOMA MS"},"image":{"@id":"https:\/\/www.axiomams.eu\/et#\/schema\/logo\/image\/"},"sameAs":["https:\/\/www.facebook.com\/AxiomaMS","https:\/\/www.linkedin.com\/company\/axiomams\/"]}]}},"_links":{"self":[{"href":"https:\/\/www.axiomams.eu\/et\/wp-json\/wp\/v2\/product\/40142","targetHints":{"allow":["GET"]}}],"collection":[{"href":"https:\/\/www.axiomams.eu\/et\/wp-json\/wp\/v2\/product"}],"about":[{"href":"https:\/\/www.axiomams.eu\/et\/wp-json\/wp\/v2\/types\/product"}],"replies":[{"embeddable":true,"href":"https:\/\/www.axiomams.eu\/et\/wp-json\/wp\/v2\/comments?post=40142"}],"wp:featuredmedia":[{"embeddable":true,"href":"https:\/\/www.axiomams.eu\/et\/wp-json\/wp\/v2\/media\/41795"}],"wp:attachment":[{"href":"https:\/\/www.axiomams.eu\/et\/wp-json\/wp\/v2\/media?parent=40142"}],"wp:term":[{"taxonomy":"product_brand","embeddable":true,"href":"https:\/\/www.axiomams.eu\/et\/wp-json\/wp\/v2\/product_brand?post=40142"},{"taxonomy":"product_cat","embeddable":true,"href":"https:\/\/www.axiomams.eu\/et\/wp-json\/wp\/v2\/product_cat?post=40142"},{"taxonomy":"product_tag","embeddable":true,"href":"https:\/\/www.axiomams.eu\/et\/wp-json\/wp\/v2\/product_tag?post=40142"}],"curies":[{"name":"wp","href":"https:\/\/api.w.org\/{rel}","templated":true}]}}