{"id":40147,"date":"2025-05-15T17:58:07","date_gmt":"2025-05-15T15:58:07","guid":{"rendered":"https:\/\/www.axiomams.eu\/produktas\/flir-e54-infrafed-kaamera"},"modified":"2026-02-02T14:30:14","modified_gmt":"2026-02-02T12:30:14","slug":"flir-e54-infrafed-kaamera","status":"publish","type":"product","link":"https:\/\/www.axiomams.eu\/et\/produktas\/flir-e54-infrafed-kaamera","title":{"rendered":"Flir E54 Infrafed kaamera"},"content":{"rendered":"<p>FLIR E54 &#8211; v\u00e4ike ja kerge soojuskaamera on pakitud suure j\u00f5udlusega funktsioonidega, mida vajate, et kiiresti avastada ja teatada varjatud ehitise puudustest: suurep\u00e4rane temperatuuritundlikkus; eredad ja julged ekraanipildid; terav fookus ja kiire reageerimisega kasutajaliides.<br \/>\nWiFi, Bluetooth. 320&#215;240 piksliline detektor, soojustundlikkus kuni <0,04 \u00b0C. LCD puuteekraan\n\nStandardne komplekt: Infrapunakaamera koos objektiiviga ja standardse temperatuurivahemikuga -20...+650 \u00b0C, aku (2 tk), akulaadija koos toiteallikaga, esil\u00e4\u00e4tse ja valguse kaitse, rihmad (k\u00e4si ja randme), paelad, objektiivikaitsmed (ees ja taga), objektiivi puhastuslapp, 15W 3A toiteallikas, tr\u00fckitud dokumentatsioon, 8 GB SD kaart, Torx kruvikeeraja, kaablid (USB 2.0 A kuni USB Type-C, USB Type-C kuni HDMI, USB Type-C kuni USB Type-C), tarkvara FLIR Tools.\n\n\n\n<h3>Tehniline teave:<\/h3>\n<ul>\n<li><a href=\"https:\/\/axiomams.eu\/importer\/export\/attachments\/en\/flir-e54.pdf\" target=\"_blank\">FLIR E54.pdf<\/a><\/li>\n<\/ul>\n","protected":false},"excerpt":{"rendered":"<p>FLIR E54 &#8211; v\u00e4ike ja kerge soojuskaamera on pakitud suure j\u00f5udlusega funktsioonidega, mida vajate, et kiiresti avastada ja teatada varjatud ehitise puudustest: suurep\u00e4rane temperatuuritundlikkus; eredad ja julged ekraanipildid; terav fookus ja kiire reageerimisega kasutajaliides. WiFi, Bluetooth. 320&#215;240 piksliline detektor, soojustundlikkus kuni<\/p>\n","protected":false},"featured_media":41805,"comment_status":"open","ping_status":"closed","template":"","meta":{"_acf_changed":false},"product_brand":[734],"product_cat":[17795,17828],"product_tag":[],"class_list":{"0":"post-40147","1":"product","2":"type-product","3":"status-publish","4":"has-post-thumbnail","6":"product_brand-flir","7":"product_cat-energia-ja-hoonediagnostika","8":"product_cat-soojuskujutised-ir-aknad-ennetavaks-diagnostikaks","10":"first","11":"instock","12":"taxable","13":"shipping-taxable","14":"purchasable","15":"product-type-simple"},"acf":[],"yoast_head":"<!-- This site is optimized with the Yoast SEO plugin v27.0 - https:\/\/yoast.com\/product\/yoast-seo-wordpress\/ -->\n<title>Flir E54 Infrafed kaamera - AXIOMA MS<\/title>\n<meta name=\"robots\" content=\"index, follow, max-snippet:-1, max-image-preview:large, max-video-preview:-1\" \/>\n<link rel=\"canonical\" href=\"https:\/\/www.axiomams.eu\/et\/produktas\/flir-e54-infrafed-kaamera\" \/>\n<meta property=\"og:locale\" content=\"et_EE\" \/>\n<meta property=\"og:type\" content=\"article\" \/>\n<meta property=\"og:title\" content=\"Flir E54 Infrafed kaamera - AXIOMA MS\" \/>\n<meta property=\"og:description\" content=\"FLIR E54 &#8211; v\u00e4ike ja kerge soojuskaamera on pakitud suure j\u00f5udlusega funktsioonidega, mida vajate, et kiiresti avastada ja teatada varjatud ehitise puudustest: suurep\u00e4rane temperatuuritundlikkus; eredad ja julged ekraanipildid; terav fookus ja kiire reageerimisega kasutajaliides. WiFi, Bluetooth. 320&#215;240 piksliline detektor, soojustundlikkus kuni\" \/>\n<meta property=\"og:url\" content=\"https:\/\/www.axiomams.eu\/et\/produktas\/flir-e54-infrafed-kaamera\" \/>\n<meta property=\"og:site_name\" content=\"AXIOMA MS\" \/>\n<meta property=\"article:publisher\" content=\"https:\/\/www.facebook.com\/AxiomaMS\" \/>\n<meta property=\"article:modified_time\" content=\"2026-02-02T12:30:14+00:00\" \/>\n<meta property=\"og:image\" content=\"https:\/\/www.axiomams.eu\/wp-content\/uploads\/2025\/07\/2992-3948.jpg\" \/>\n\t<meta property=\"og:image:width\" content=\"611\" \/>\n\t<meta property=\"og:image:height\" content=\"783\" \/>\n\t<meta property=\"og:image:type\" content=\"image\/jpeg\" \/>\n<meta name=\"twitter:card\" content=\"summary_large_image\" \/>\n<script type=\"application\/ld+json\" class=\"yoast-schema-graph\">{\"@context\":\"https:\/\/schema.org\",\"@graph\":[{\"@type\":\"WebPage\",\"@id\":\"https:\/\/www.axiomams.eu\/et\/produktas\/flir-e54-infrafed-kaamera\",\"url\":\"https:\/\/www.axiomams.eu\/et\/produktas\/flir-e54-infrafed-kaamera\",\"name\":\"Flir E54 Infrafed kaamera - AXIOMA MS\",\"isPartOf\":{\"@id\":\"https:\/\/www.axiomams.eu\/et#website\"},\"primaryImageOfPage\":{\"@id\":\"https:\/\/www.axiomams.eu\/et\/produktas\/flir-e54-infrafed-kaamera#primaryimage\"},\"image\":{\"@id\":\"https:\/\/www.axiomams.eu\/et\/produktas\/flir-e54-infrafed-kaamera#primaryimage\"},\"thumbnailUrl\":\"https:\/\/www.axiomams.eu\/wp-content\/uploads\/2025\/07\/2992-3948.jpg\",\"datePublished\":\"2025-05-15T15:58:07+00:00\",\"dateModified\":\"2026-02-02T12:30:14+00:00\",\"breadcrumb\":{\"@id\":\"https:\/\/www.axiomams.eu\/et\/produktas\/flir-e54-infrafed-kaamera#breadcrumb\"},\"inLanguage\":\"et\",\"potentialAction\":[{\"@type\":\"ReadAction\",\"target\":[\"https:\/\/www.axiomams.eu\/et\/produktas\/flir-e54-infrafed-kaamera\"]}]},{\"@type\":\"ImageObject\",\"inLanguage\":\"et\",\"@id\":\"https:\/\/www.axiomams.eu\/et\/produktas\/flir-e54-infrafed-kaamera#primaryimage\",\"url\":\"https:\/\/www.axiomams.eu\/wp-content\/uploads\/2025\/07\/2992-3948.jpg\",\"contentUrl\":\"https:\/\/www.axiomams.eu\/wp-content\/uploads\/2025\/07\/2992-3948.jpg\",\"width\":611,\"height\":783},{\"@type\":\"BreadcrumbList\",\"@id\":\"https:\/\/www.axiomams.eu\/et\/produktas\/flir-e54-infrafed-kaamera#breadcrumb\",\"itemListElement\":[{\"@type\":\"ListItem\",\"position\":1,\"name\":\"Home\",\"item\":\"https:\/\/www.axiomams.eu\/et\"},{\"@type\":\"ListItem\",\"position\":2,\"name\":\"Tooted\",\"item\":\"https:\/\/www.axiomams.eu\/et\/tooted\"},{\"@type\":\"ListItem\",\"position\":3,\"name\":\"Flir E54 Infrafed kaamera\"}]},{\"@type\":\"WebSite\",\"@id\":\"https:\/\/www.axiomams.eu\/et#website\",\"url\":\"https:\/\/www.axiomams.eu\/et\",\"name\":\"AXIOMA MS\",\"description\":\"Terrmovizoriai ir matavimo \u012franga\",\"publisher\":{\"@id\":\"https:\/\/www.axiomams.eu\/et#organization\"},\"potentialAction\":[{\"@type\":\"SearchAction\",\"target\":{\"@type\":\"EntryPoint\",\"urlTemplate\":\"https:\/\/www.axiomams.eu\/et?s={search_term_string}\"},\"query-input\":{\"@type\":\"PropertyValueSpecification\",\"valueRequired\":true,\"valueName\":\"search_term_string\"}}],\"inLanguage\":\"et\"},{\"@type\":\"Organization\",\"@id\":\"https:\/\/www.axiomams.eu\/et#organization\",\"name\":\"AXIOMA MS\",\"url\":\"https:\/\/www.axiomams.eu\/et\",\"logo\":{\"@type\":\"ImageObject\",\"inLanguage\":\"et\",\"@id\":\"https:\/\/www.axiomams.eu\/et#\/schema\/logo\/image\/\",\"url\":\"https:\/\/www.axiomams.eu\/wp-content\/uploads\/2025\/06\/axioma-logo-2.png\",\"contentUrl\":\"https:\/\/www.axiomams.eu\/wp-content\/uploads\/2025\/06\/axioma-logo-2.png\",\"width\":1200,\"height\":1200,\"caption\":\"AXIOMA MS\"},\"image\":{\"@id\":\"https:\/\/www.axiomams.eu\/et#\/schema\/logo\/image\/\"},\"sameAs\":[\"https:\/\/www.facebook.com\/AxiomaMS\",\"https:\/\/www.linkedin.com\/company\/axiomams\/\"]}]}<\/script>\n<!-- \/ Yoast SEO plugin. -->","yoast_head_json":{"title":"Flir E54 Infrafed kaamera - AXIOMA MS","robots":{"index":"index","follow":"follow","max-snippet":"max-snippet:-1","max-image-preview":"max-image-preview:large","max-video-preview":"max-video-preview:-1"},"canonical":"https:\/\/www.axiomams.eu\/et\/produktas\/flir-e54-infrafed-kaamera","og_locale":"et_EE","og_type":"article","og_title":"Flir E54 Infrafed kaamera - AXIOMA MS","og_description":"FLIR E54 &#8211; v\u00e4ike ja kerge soojuskaamera on pakitud suure j\u00f5udlusega funktsioonidega, mida vajate, et kiiresti avastada ja teatada varjatud ehitise puudustest: suurep\u00e4rane temperatuuritundlikkus; eredad ja julged ekraanipildid; terav fookus ja kiire reageerimisega kasutajaliides. WiFi, Bluetooth. 320&#215;240 piksliline detektor, soojustundlikkus kuni","og_url":"https:\/\/www.axiomams.eu\/et\/produktas\/flir-e54-infrafed-kaamera","og_site_name":"AXIOMA MS","article_publisher":"https:\/\/www.facebook.com\/AxiomaMS","article_modified_time":"2026-02-02T12:30:14+00:00","og_image":[{"width":611,"height":783,"url":"https:\/\/www.axiomams.eu\/wp-content\/uploads\/2025\/07\/2992-3948.jpg","type":"image\/jpeg"}],"twitter_card":"summary_large_image","schema":{"@context":"https:\/\/schema.org","@graph":[{"@type":"WebPage","@id":"https:\/\/www.axiomams.eu\/et\/produktas\/flir-e54-infrafed-kaamera","url":"https:\/\/www.axiomams.eu\/et\/produktas\/flir-e54-infrafed-kaamera","name":"Flir E54 Infrafed kaamera - AXIOMA MS","isPartOf":{"@id":"https:\/\/www.axiomams.eu\/et#website"},"primaryImageOfPage":{"@id":"https:\/\/www.axiomams.eu\/et\/produktas\/flir-e54-infrafed-kaamera#primaryimage"},"image":{"@id":"https:\/\/www.axiomams.eu\/et\/produktas\/flir-e54-infrafed-kaamera#primaryimage"},"thumbnailUrl":"https:\/\/www.axiomams.eu\/wp-content\/uploads\/2025\/07\/2992-3948.jpg","datePublished":"2025-05-15T15:58:07+00:00","dateModified":"2026-02-02T12:30:14+00:00","breadcrumb":{"@id":"https:\/\/www.axiomams.eu\/et\/produktas\/flir-e54-infrafed-kaamera#breadcrumb"},"inLanguage":"et","potentialAction":[{"@type":"ReadAction","target":["https:\/\/www.axiomams.eu\/et\/produktas\/flir-e54-infrafed-kaamera"]}]},{"@type":"ImageObject","inLanguage":"et","@id":"https:\/\/www.axiomams.eu\/et\/produktas\/flir-e54-infrafed-kaamera#primaryimage","url":"https:\/\/www.axiomams.eu\/wp-content\/uploads\/2025\/07\/2992-3948.jpg","contentUrl":"https:\/\/www.axiomams.eu\/wp-content\/uploads\/2025\/07\/2992-3948.jpg","width":611,"height":783},{"@type":"BreadcrumbList","@id":"https:\/\/www.axiomams.eu\/et\/produktas\/flir-e54-infrafed-kaamera#breadcrumb","itemListElement":[{"@type":"ListItem","position":1,"name":"Home","item":"https:\/\/www.axiomams.eu\/et"},{"@type":"ListItem","position":2,"name":"Tooted","item":"https:\/\/www.axiomams.eu\/et\/tooted"},{"@type":"ListItem","position":3,"name":"Flir E54 Infrafed kaamera"}]},{"@type":"WebSite","@id":"https:\/\/www.axiomams.eu\/et#website","url":"https:\/\/www.axiomams.eu\/et","name":"AXIOMA MS","description":"Terrmovizoriai ir matavimo \u012franga","publisher":{"@id":"https:\/\/www.axiomams.eu\/et#organization"},"potentialAction":[{"@type":"SearchAction","target":{"@type":"EntryPoint","urlTemplate":"https:\/\/www.axiomams.eu\/et?s={search_term_string}"},"query-input":{"@type":"PropertyValueSpecification","valueRequired":true,"valueName":"search_term_string"}}],"inLanguage":"et"},{"@type":"Organization","@id":"https:\/\/www.axiomams.eu\/et#organization","name":"AXIOMA MS","url":"https:\/\/www.axiomams.eu\/et","logo":{"@type":"ImageObject","inLanguage":"et","@id":"https:\/\/www.axiomams.eu\/et#\/schema\/logo\/image\/","url":"https:\/\/www.axiomams.eu\/wp-content\/uploads\/2025\/06\/axioma-logo-2.png","contentUrl":"https:\/\/www.axiomams.eu\/wp-content\/uploads\/2025\/06\/axioma-logo-2.png","width":1200,"height":1200,"caption":"AXIOMA MS"},"image":{"@id":"https:\/\/www.axiomams.eu\/et#\/schema\/logo\/image\/"},"sameAs":["https:\/\/www.facebook.com\/AxiomaMS","https:\/\/www.linkedin.com\/company\/axiomams\/"]}]}},"_links":{"self":[{"href":"https:\/\/www.axiomams.eu\/et\/wp-json\/wp\/v2\/product\/40147","targetHints":{"allow":["GET"]}}],"collection":[{"href":"https:\/\/www.axiomams.eu\/et\/wp-json\/wp\/v2\/product"}],"about":[{"href":"https:\/\/www.axiomams.eu\/et\/wp-json\/wp\/v2\/types\/product"}],"replies":[{"embeddable":true,"href":"https:\/\/www.axiomams.eu\/et\/wp-json\/wp\/v2\/comments?post=40147"}],"wp:featuredmedia":[{"embeddable":true,"href":"https:\/\/www.axiomams.eu\/et\/wp-json\/wp\/v2\/media\/41805"}],"wp:attachment":[{"href":"https:\/\/www.axiomams.eu\/et\/wp-json\/wp\/v2\/media?parent=40147"}],"wp:term":[{"taxonomy":"product_brand","embeddable":true,"href":"https:\/\/www.axiomams.eu\/et\/wp-json\/wp\/v2\/product_brand?post=40147"},{"taxonomy":"product_cat","embeddable":true,"href":"https:\/\/www.axiomams.eu\/et\/wp-json\/wp\/v2\/product_cat?post=40147"},{"taxonomy":"product_tag","embeddable":true,"href":"https:\/\/www.axiomams.eu\/et\/wp-json\/wp\/v2\/product_tag?post=40147"}],"curies":[{"name":"wp","href":"https:\/\/api.w.org\/{rel}","templated":true}]}}