{"id":40148,"date":"2025-05-15T18:07:56","date_gmt":"2025-05-15T16:07:56","guid":{"rendered":"https:\/\/www.axiomams.eu\/produktas\/flir-e76-soojuskaamera"},"modified":"2026-02-02T14:30:14","modified_gmt":"2026-02-02T12:30:14","slug":"flir-e76-soojuskaamera","status":"publish","type":"product","link":"https:\/\/www.axiomams.eu\/et\/produktas\/flir-e76-soojuskaamera","title":{"rendered":"Flir E76 soojuskaamera"},"content":{"rendered":"<p align=\"justify\">Soojuskaamera FLIR E76 pakub t\u00e4ielikku katvust nii l\u00e4hedal kui ka kaugel asuvate sihtm\u00e4rkide kohta erinevate objektiivi valikute abil.<br \/>\n\u00dchendage E76 koos FLIR FlexView\u2122 kahe vaatev\u00e4ljaga objektiiviga, et l\u00fclituda \u00fche nupuvajutusega koheselt laiaulatuslikust skaneerimisest teleobjektiivile.<br \/>\nE76 sisaldab laseriga toetatud autofookust ja 3 ala m\u00f5\u00f5tmise kasti.<br \/>\n320 x 240 termilise eraldusv\u00f5ime annab teravaid ja elavaid pilte, mida saab t\u00e4iustada patenteeritud FLIR MSX\u00ae-tehnoloogia abil, et lisada detaile ja perspektiivi.<br \/>\nPardal olev FLIR Inspection Route l\u00e4bib eelnevalt planeeritud marsruute, mis aitavad teil suurte v\u00f5i mitme koha \u00fclevaatamisel organiseeritult tegutseda.<br \/>\nFLIR Ignite v\u00f5imaldab E76 piltide automaatset \u00fcleslaadimist otse kaamerast pilve, et neid oleks lihtne ja turvaline salvestada ja jagada.<br \/>\nKasutajad v\u00f5ivad laiendada temperatuurivahemikku kuni +1000\u00b0C, valides lisavarustuse.<\/p>\n<p>Standardkomplekt: FLIR E76 soojuskaamera, akulaadija, toiteallikas, 15 W\/3 A, tr\u00fckitud dokumentatsioon, SD-kaart (8 GB), USB 2.0 A kuni USB Type-C kaabel, 1,0 m, USB Type-C kuni HDMI adapter, standardspetsifikatsioon UH311, USB Type-C kuni USB Type-C kaabel (USB 2.0 standard), 1.0 m, Esikaitsekinnitus, K\u00e4erihma kinnitus, vasakpoolne, K\u00e4erihma kinnitus, parempoolne, Kruvid, Torx T10 mutriv\u00f5ti, Karabiinikonks, Esikaitse, K\u00e4erihm, Kaamerarihm, Objektiivi otsarihm, Rannarihm, Aku (2 tk), Akulaadija, FLIR Thermal Studio Starter, K\u00f5va transpordikott, Objektiivi otsak, esiosa.<\/p>\n<h3>Tehniline teave:<\/h3>\n<ul>\n<li><a href=\"https:\/\/axiomams.eu\/importer\/export\/attachments\/en\/flir-e76.pdf\" target=\"_blank\">FLIR E76.pdf<\/a><\/li>\n<\/ul>\n","protected":false},"excerpt":{"rendered":"<p>Soojuskaamera FLIR E76 pakub t\u00e4ielikku katvust nii l\u00e4hedal kui ka kaugel asuvate sihtm\u00e4rkide kohta erinevate objektiivi valikute abil. \u00dchendage E76 koos FLIR FlexView\u2122 kahe vaatev\u00e4ljaga objektiiviga, et l\u00fclituda \u00fche nupuvajutusega koheselt laiaulatuslikust skaneerimisest teleobjektiivile. E76 sisaldab laseriga toetatud autofookust ja 3 ala m\u00f5\u00f5tmise kasti. 320 x 240 termilise eraldusv\u00f5ime annab teravaid ja elavaid pilte, mida&#8230;<\/p>\n","protected":false},"featured_media":41807,"comment_status":"open","ping_status":"closed","template":"","meta":{"_acf_changed":false},"product_brand":[734],"product_cat":[17795,17803],"product_tag":[],"class_list":{"0":"post-40148","1":"product","2":"type-product","3":"status-publish","4":"has-post-thumbnail","6":"product_brand-flir","7":"product_cat-energia-ja-hoonediagnostika","8":"product_cat-hoonete-soojuskujutamine","10":"first","11":"instock","12":"taxable","13":"shipping-taxable","14":"product-type-simple"},"acf":[],"yoast_head":"<!-- This site is optimized with the Yoast SEO plugin v27.0 - https:\/\/yoast.com\/product\/yoast-seo-wordpress\/ -->\n<title>Flir E76 soojuskaamera - AXIOMA MS<\/title>\n<meta name=\"robots\" content=\"index, follow, max-snippet:-1, max-image-preview:large, max-video-preview:-1\" \/>\n<link rel=\"canonical\" href=\"https:\/\/www.axiomams.eu\/et\/produktas\/flir-e76-soojuskaamera\" \/>\n<meta property=\"og:locale\" content=\"et_EE\" \/>\n<meta property=\"og:type\" content=\"article\" \/>\n<meta property=\"og:title\" content=\"Flir E76 soojuskaamera - AXIOMA MS\" \/>\n<meta property=\"og:description\" content=\"Soojuskaamera FLIR E76 pakub t\u00e4ielikku katvust nii l\u00e4hedal kui ka kaugel asuvate sihtm\u00e4rkide kohta erinevate objektiivi valikute abil. \u00dchendage E76 koos FLIR FlexView\u2122 kahe vaatev\u00e4ljaga objektiiviga, et l\u00fclituda \u00fche nupuvajutusega koheselt laiaulatuslikust skaneerimisest teleobjektiivile. E76 sisaldab laseriga toetatud autofookust ja 3 ala m\u00f5\u00f5tmise kasti. 320 x 240 termilise eraldusv\u00f5ime annab teravaid ja elavaid pilte, mida...\" \/>\n<meta property=\"og:url\" content=\"https:\/\/www.axiomams.eu\/et\/produktas\/flir-e76-soojuskaamera\" \/>\n<meta property=\"og:site_name\" content=\"AXIOMA MS\" \/>\n<meta property=\"article:publisher\" content=\"https:\/\/www.facebook.com\/AxiomaMS\" \/>\n<meta property=\"article:modified_time\" content=\"2026-02-02T12:30:14+00:00\" \/>\n<meta property=\"og:image\" content=\"https:\/\/www.axiomams.eu\/wp-content\/uploads\/2025\/07\/2958-3899.jpg\" \/>\n\t<meta property=\"og:image:width\" content=\"600\" \/>\n\t<meta property=\"og:image:height\" content=\"625\" \/>\n\t<meta property=\"og:image:type\" content=\"image\/jpeg\" \/>\n<meta name=\"twitter:card\" content=\"summary_large_image\" \/>\n<meta name=\"twitter:label1\" content=\"Est. reading time\" \/>\n\t<meta name=\"twitter:data1\" content=\"1 minut\" \/>\n<script type=\"application\/ld+json\" class=\"yoast-schema-graph\">{\"@context\":\"https:\/\/schema.org\",\"@graph\":[{\"@type\":\"WebPage\",\"@id\":\"https:\/\/www.axiomams.eu\/et\/produktas\/flir-e76-soojuskaamera\",\"url\":\"https:\/\/www.axiomams.eu\/et\/produktas\/flir-e76-soojuskaamera\",\"name\":\"Flir E76 soojuskaamera - AXIOMA MS\",\"isPartOf\":{\"@id\":\"https:\/\/www.axiomams.eu\/et#website\"},\"primaryImageOfPage\":{\"@id\":\"https:\/\/www.axiomams.eu\/et\/produktas\/flir-e76-soojuskaamera#primaryimage\"},\"image\":{\"@id\":\"https:\/\/www.axiomams.eu\/et\/produktas\/flir-e76-soojuskaamera#primaryimage\"},\"thumbnailUrl\":\"https:\/\/www.axiomams.eu\/wp-content\/uploads\/2025\/07\/2958-3899.jpg\",\"datePublished\":\"2025-05-15T16:07:56+00:00\",\"dateModified\":\"2026-02-02T12:30:14+00:00\",\"breadcrumb\":{\"@id\":\"https:\/\/www.axiomams.eu\/et\/produktas\/flir-e76-soojuskaamera#breadcrumb\"},\"inLanguage\":\"et\",\"potentialAction\":[{\"@type\":\"ReadAction\",\"target\":[\"https:\/\/www.axiomams.eu\/et\/produktas\/flir-e76-soojuskaamera\"]}]},{\"@type\":\"ImageObject\",\"inLanguage\":\"et\",\"@id\":\"https:\/\/www.axiomams.eu\/et\/produktas\/flir-e76-soojuskaamera#primaryimage\",\"url\":\"https:\/\/www.axiomams.eu\/wp-content\/uploads\/2025\/07\/2958-3899.jpg\",\"contentUrl\":\"https:\/\/www.axiomams.eu\/wp-content\/uploads\/2025\/07\/2958-3899.jpg\",\"width\":600,\"height\":625},{\"@type\":\"BreadcrumbList\",\"@id\":\"https:\/\/www.axiomams.eu\/et\/produktas\/flir-e76-soojuskaamera#breadcrumb\",\"itemListElement\":[{\"@type\":\"ListItem\",\"position\":1,\"name\":\"Home\",\"item\":\"https:\/\/www.axiomams.eu\/et\"},{\"@type\":\"ListItem\",\"position\":2,\"name\":\"Tooted\",\"item\":\"https:\/\/www.axiomams.eu\/et\/tooted\"},{\"@type\":\"ListItem\",\"position\":3,\"name\":\"Flir E76 soojuskaamera\"}]},{\"@type\":\"WebSite\",\"@id\":\"https:\/\/www.axiomams.eu\/et#website\",\"url\":\"https:\/\/www.axiomams.eu\/et\",\"name\":\"AXIOMA MS\",\"description\":\"Terrmovizoriai ir matavimo \u012franga\",\"publisher\":{\"@id\":\"https:\/\/www.axiomams.eu\/et#organization\"},\"potentialAction\":[{\"@type\":\"SearchAction\",\"target\":{\"@type\":\"EntryPoint\",\"urlTemplate\":\"https:\/\/www.axiomams.eu\/et?s={search_term_string}\"},\"query-input\":{\"@type\":\"PropertyValueSpecification\",\"valueRequired\":true,\"valueName\":\"search_term_string\"}}],\"inLanguage\":\"et\"},{\"@type\":\"Organization\",\"@id\":\"https:\/\/www.axiomams.eu\/et#organization\",\"name\":\"AXIOMA MS\",\"url\":\"https:\/\/www.axiomams.eu\/et\",\"logo\":{\"@type\":\"ImageObject\",\"inLanguage\":\"et\",\"@id\":\"https:\/\/www.axiomams.eu\/et#\/schema\/logo\/image\/\",\"url\":\"https:\/\/www.axiomams.eu\/wp-content\/uploads\/2025\/06\/axioma-logo-2.png\",\"contentUrl\":\"https:\/\/www.axiomams.eu\/wp-content\/uploads\/2025\/06\/axioma-logo-2.png\",\"width\":1200,\"height\":1200,\"caption\":\"AXIOMA MS\"},\"image\":{\"@id\":\"https:\/\/www.axiomams.eu\/et#\/schema\/logo\/image\/\"},\"sameAs\":[\"https:\/\/www.facebook.com\/AxiomaMS\",\"https:\/\/www.linkedin.com\/company\/axiomams\/\"]}]}<\/script>\n<!-- \/ Yoast SEO plugin. -->","yoast_head_json":{"title":"Flir E76 soojuskaamera - AXIOMA MS","robots":{"index":"index","follow":"follow","max-snippet":"max-snippet:-1","max-image-preview":"max-image-preview:large","max-video-preview":"max-video-preview:-1"},"canonical":"https:\/\/www.axiomams.eu\/et\/produktas\/flir-e76-soojuskaamera","og_locale":"et_EE","og_type":"article","og_title":"Flir E76 soojuskaamera - AXIOMA MS","og_description":"Soojuskaamera FLIR E76 pakub t\u00e4ielikku katvust nii l\u00e4hedal kui ka kaugel asuvate sihtm\u00e4rkide kohta erinevate objektiivi valikute abil. \u00dchendage E76 koos FLIR FlexView\u2122 kahe vaatev\u00e4ljaga objektiiviga, et l\u00fclituda \u00fche nupuvajutusega koheselt laiaulatuslikust skaneerimisest teleobjektiivile. E76 sisaldab laseriga toetatud autofookust ja 3 ala m\u00f5\u00f5tmise kasti. 320 x 240 termilise eraldusv\u00f5ime annab teravaid ja elavaid pilte, mida...","og_url":"https:\/\/www.axiomams.eu\/et\/produktas\/flir-e76-soojuskaamera","og_site_name":"AXIOMA MS","article_publisher":"https:\/\/www.facebook.com\/AxiomaMS","article_modified_time":"2026-02-02T12:30:14+00:00","og_image":[{"width":600,"height":625,"url":"https:\/\/www.axiomams.eu\/wp-content\/uploads\/2025\/07\/2958-3899.jpg","type":"image\/jpeg"}],"twitter_card":"summary_large_image","twitter_misc":{"Est. reading time":"1 minut"},"schema":{"@context":"https:\/\/schema.org","@graph":[{"@type":"WebPage","@id":"https:\/\/www.axiomams.eu\/et\/produktas\/flir-e76-soojuskaamera","url":"https:\/\/www.axiomams.eu\/et\/produktas\/flir-e76-soojuskaamera","name":"Flir E76 soojuskaamera - AXIOMA MS","isPartOf":{"@id":"https:\/\/www.axiomams.eu\/et#website"},"primaryImageOfPage":{"@id":"https:\/\/www.axiomams.eu\/et\/produktas\/flir-e76-soojuskaamera#primaryimage"},"image":{"@id":"https:\/\/www.axiomams.eu\/et\/produktas\/flir-e76-soojuskaamera#primaryimage"},"thumbnailUrl":"https:\/\/www.axiomams.eu\/wp-content\/uploads\/2025\/07\/2958-3899.jpg","datePublished":"2025-05-15T16:07:56+00:00","dateModified":"2026-02-02T12:30:14+00:00","breadcrumb":{"@id":"https:\/\/www.axiomams.eu\/et\/produktas\/flir-e76-soojuskaamera#breadcrumb"},"inLanguage":"et","potentialAction":[{"@type":"ReadAction","target":["https:\/\/www.axiomams.eu\/et\/produktas\/flir-e76-soojuskaamera"]}]},{"@type":"ImageObject","inLanguage":"et","@id":"https:\/\/www.axiomams.eu\/et\/produktas\/flir-e76-soojuskaamera#primaryimage","url":"https:\/\/www.axiomams.eu\/wp-content\/uploads\/2025\/07\/2958-3899.jpg","contentUrl":"https:\/\/www.axiomams.eu\/wp-content\/uploads\/2025\/07\/2958-3899.jpg","width":600,"height":625},{"@type":"BreadcrumbList","@id":"https:\/\/www.axiomams.eu\/et\/produktas\/flir-e76-soojuskaamera#breadcrumb","itemListElement":[{"@type":"ListItem","position":1,"name":"Home","item":"https:\/\/www.axiomams.eu\/et"},{"@type":"ListItem","position":2,"name":"Tooted","item":"https:\/\/www.axiomams.eu\/et\/tooted"},{"@type":"ListItem","position":3,"name":"Flir E76 soojuskaamera"}]},{"@type":"WebSite","@id":"https:\/\/www.axiomams.eu\/et#website","url":"https:\/\/www.axiomams.eu\/et","name":"AXIOMA MS","description":"Terrmovizoriai ir matavimo \u012franga","publisher":{"@id":"https:\/\/www.axiomams.eu\/et#organization"},"potentialAction":[{"@type":"SearchAction","target":{"@type":"EntryPoint","urlTemplate":"https:\/\/www.axiomams.eu\/et?s={search_term_string}"},"query-input":{"@type":"PropertyValueSpecification","valueRequired":true,"valueName":"search_term_string"}}],"inLanguage":"et"},{"@type":"Organization","@id":"https:\/\/www.axiomams.eu\/et#organization","name":"AXIOMA MS","url":"https:\/\/www.axiomams.eu\/et","logo":{"@type":"ImageObject","inLanguage":"et","@id":"https:\/\/www.axiomams.eu\/et#\/schema\/logo\/image\/","url":"https:\/\/www.axiomams.eu\/wp-content\/uploads\/2025\/06\/axioma-logo-2.png","contentUrl":"https:\/\/www.axiomams.eu\/wp-content\/uploads\/2025\/06\/axioma-logo-2.png","width":1200,"height":1200,"caption":"AXIOMA MS"},"image":{"@id":"https:\/\/www.axiomams.eu\/et#\/schema\/logo\/image\/"},"sameAs":["https:\/\/www.facebook.com\/AxiomaMS","https:\/\/www.linkedin.com\/company\/axiomams\/"]}]}},"_links":{"self":[{"href":"https:\/\/www.axiomams.eu\/et\/wp-json\/wp\/v2\/product\/40148","targetHints":{"allow":["GET"]}}],"collection":[{"href":"https:\/\/www.axiomams.eu\/et\/wp-json\/wp\/v2\/product"}],"about":[{"href":"https:\/\/www.axiomams.eu\/et\/wp-json\/wp\/v2\/types\/product"}],"replies":[{"embeddable":true,"href":"https:\/\/www.axiomams.eu\/et\/wp-json\/wp\/v2\/comments?post=40148"}],"wp:featuredmedia":[{"embeddable":true,"href":"https:\/\/www.axiomams.eu\/et\/wp-json\/wp\/v2\/media\/41807"}],"wp:attachment":[{"href":"https:\/\/www.axiomams.eu\/et\/wp-json\/wp\/v2\/media?parent=40148"}],"wp:term":[{"taxonomy":"product_brand","embeddable":true,"href":"https:\/\/www.axiomams.eu\/et\/wp-json\/wp\/v2\/product_brand?post=40148"},{"taxonomy":"product_cat","embeddable":true,"href":"https:\/\/www.axiomams.eu\/et\/wp-json\/wp\/v2\/product_cat?post=40148"},{"taxonomy":"product_tag","embeddable":true,"href":"https:\/\/www.axiomams.eu\/et\/wp-json\/wp\/v2\/product_tag?post=40148"}],"curies":[{"name":"wp","href":"https:\/\/api.w.org\/{rel}","templated":true}]}}