{"id":40150,"date":"2025-05-15T17:58:07","date_gmt":"2025-05-15T15:58:07","guid":{"rendered":"https:\/\/www.axiomams.eu\/produktas\/fixturlaser-eco-volli-joondamise-tooriist"},"modified":"2026-02-02T14:30:14","modified_gmt":"2026-02-02T12:30:14","slug":"fixturlaser-eco-volli-joondamise-tooriist","status":"publish","type":"product","link":"https:\/\/www.axiomams.eu\/et\/produktas\/fixturlaser-eco-volli-joondamise-tooriist","title":{"rendered":"Fixturlaser ECO v\u00f5lli joondamise t\u00f6\u00f6riist"},"content":{"rendered":"<p>T\u00e4isdigitaalne traadita ECO on horisontaalse v\u00f5lli joondamiseks m\u00f5eldud algtaseme s\u00fcsteem. Juhtmevabade andur\u00fcksuste, 4-tollise v\u00e4rvilise ekraani, laetavate akude ja IP65 konstruktsiooniga, mis peab vastu karmile keskkonnale, on teil taskukohase hinnaga laseriga joonduss\u00fcsteem!<\/p>\n<p><b>Tehniline teave<\/b><br \/>\nKaal (koos k\u00f5igi standardosadega): 4,8 kg<\/p>\n<p><b>DISPLAY UNIT<\/b><br \/>\nKaal: 0,36 kg<br \/>\nM\u00f5\u00f5dud: 181 x 106 x 34 mm<br \/>\nKeskkonnakaitse: IP 65<br \/>\nEkraani suurus: 4&#8243; (102 mm) diagonaal (84 x 56 mm)<br \/>\nT\u00f6\u00f6aeg: 8 tundi pidevat kasutamist<\/p>\n<p><b>TD \u00dcHISED<\/b><br \/>\nKaal: M6 200 g, S6 188 g<br \/>\nKeskkonnakaitse: IP 65<br \/>\nM\u00f5\u00f5tmiskaugus: kuni 3 m<br \/>\nDetektor: Digitaalne joonandur<br \/>\nDetektori pikkus: 20 mm<br \/>\nDetektori eraldusv\u00f5ime: 1% \u00b1 1 number<br \/>\nM\u00f5\u00f5tmist\u00e4psus: 1% \u00b1 1 numbrikohta<\/p>\n<p><b>Ahvlihoidikud<\/b><br \/>\nV\u00f5lli l\u00e4bim\u00f5\u00f5t: \u00d8 25 &#8230; 175 mm, pikendusahelaga \u00d8 25 &#8230; 450 mm<br \/>\nVardad: 4 tk 150 mm<\/p>\n<p>Standardne komplekt: Fixturlaser DU ECO, Fixturlaser M6, Fixturlaser S6, 2 tk V-kinnitus koos ketiga, m\u00f5\u00f5dulint 5 m, toiteallikas 4 USB-port 5 VDC, pikenduskaabel EUR\/USA 2 m, 2 tk universaal t\u00f6\u00f6riist, 2 tk USB-kaabel A-mini B 0,5 m must, 2 tk USB-kaabel A-micro B 1,5m must.<\/p>\n<h3>Tehniline teave:<\/h3>\n<ul>\n<li><a href=\"https:\/\/axiomams.eu\/importer\/export\/attachments\/en\/fixturlaser-eco.pdf\" target=\"_blank\">Fixturlaser ECO.pdf<\/a><\/li>\n<\/ul>\n","protected":false},"excerpt":{"rendered":"<p>T\u00e4isdigitaalne traadita ECO on horisontaalse v\u00f5lli joondamiseks m\u00f5eldud algtaseme s\u00fcsteem. Juhtmevabade andur\u00fcksuste, 4-tollise v\u00e4rvilise ekraani, laetavate akude ja IP65 konstruktsiooniga, mis peab vastu karmile keskkonnale, on teil taskukohase hinnaga laseriga joonduss\u00fcsteem! Tehniline teave Kaal (koos k\u00f5igi standardosadega): 4,8 kg DISPLAY UNIT Kaal: 0,36 kg M\u00f5\u00f5dud: 181 x 106 x 34 mm Keskkonnakaitse: IP 65 Ekraani&#8230;<\/p>\n","protected":false},"featured_media":41811,"comment_status":"open","ping_status":"closed","template":"","meta":{"_acf_changed":false},"product_brand":[17686],"product_cat":[17831],"product_tag":[],"class_list":{"0":"post-40150","1":"product","2":"type-product","3":"status-publish","4":"has-post-thumbnail","6":"product_brand-fixturlaser","7":"product_cat-tsentreerimissolmede-ja-rihmavollide-tsentreerimiseks","9":"first","10":"instock","11":"taxable","12":"shipping-taxable","13":"purchasable","14":"product-type-simple"},"acf":[],"yoast_head":"<!-- This site is optimized with the Yoast SEO plugin v27.0 - https:\/\/yoast.com\/product\/yoast-seo-wordpress\/ -->\n<title>Fixturlaser ECO v\u00f5lli joondamise t\u00f6\u00f6riist - AXIOMA MS<\/title>\n<meta name=\"robots\" content=\"index, follow, max-snippet:-1, max-image-preview:large, max-video-preview:-1\" \/>\n<link rel=\"canonical\" href=\"https:\/\/www.axiomams.eu\/et\/produktas\/fixturlaser-eco-volli-joondamise-tooriist\" \/>\n<meta property=\"og:locale\" content=\"et_EE\" \/>\n<meta property=\"og:type\" content=\"article\" \/>\n<meta property=\"og:title\" content=\"Fixturlaser ECO v\u00f5lli joondamise t\u00f6\u00f6riist - AXIOMA MS\" \/>\n<meta property=\"og:description\" content=\"T\u00e4isdigitaalne traadita ECO on horisontaalse v\u00f5lli joondamiseks m\u00f5eldud algtaseme s\u00fcsteem. Juhtmevabade andur\u00fcksuste, 4-tollise v\u00e4rvilise ekraani, laetavate akude ja IP65 konstruktsiooniga, mis peab vastu karmile keskkonnale, on teil taskukohase hinnaga laseriga joonduss\u00fcsteem! Tehniline teave Kaal (koos k\u00f5igi standardosadega): 4,8 kg DISPLAY UNIT Kaal: 0,36 kg M\u00f5\u00f5dud: 181 x 106 x 34 mm Keskkonnakaitse: IP 65 Ekraani...\" \/>\n<meta property=\"og:url\" content=\"https:\/\/www.axiomams.eu\/et\/produktas\/fixturlaser-eco-volli-joondamise-tooriist\" \/>\n<meta property=\"og:site_name\" content=\"AXIOMA MS\" \/>\n<meta property=\"article:publisher\" content=\"https:\/\/www.facebook.com\/AxiomaMS\" \/>\n<meta property=\"article:modified_time\" content=\"2026-02-02T12:30:14+00:00\" \/>\n<meta property=\"og:image\" content=\"https:\/\/www.axiomams.eu\/wp-content\/uploads\/2025\/07\/3254-4312.jpg\" \/>\n\t<meta property=\"og:image:width\" content=\"1024\" \/>\n\t<meta property=\"og:image:height\" content=\"768\" \/>\n\t<meta property=\"og:image:type\" content=\"image\/jpeg\" \/>\n<meta name=\"twitter:card\" content=\"summary_large_image\" \/>\n<meta name=\"twitter:label1\" content=\"Est. reading time\" \/>\n\t<meta name=\"twitter:data1\" content=\"1 minut\" \/>\n<script type=\"application\/ld+json\" class=\"yoast-schema-graph\">{\"@context\":\"https:\/\/schema.org\",\"@graph\":[{\"@type\":\"WebPage\",\"@id\":\"https:\/\/www.axiomams.eu\/et\/produktas\/fixturlaser-eco-volli-joondamise-tooriist\",\"url\":\"https:\/\/www.axiomams.eu\/et\/produktas\/fixturlaser-eco-volli-joondamise-tooriist\",\"name\":\"Fixturlaser ECO v\u00f5lli joondamise t\u00f6\u00f6riist - AXIOMA MS\",\"isPartOf\":{\"@id\":\"https:\/\/www.axiomams.eu\/et#website\"},\"primaryImageOfPage\":{\"@id\":\"https:\/\/www.axiomams.eu\/et\/produktas\/fixturlaser-eco-volli-joondamise-tooriist#primaryimage\"},\"image\":{\"@id\":\"https:\/\/www.axiomams.eu\/et\/produktas\/fixturlaser-eco-volli-joondamise-tooriist#primaryimage\"},\"thumbnailUrl\":\"https:\/\/www.axiomams.eu\/wp-content\/uploads\/2025\/07\/3254-4312.jpg\",\"datePublished\":\"2025-05-15T15:58:07+00:00\",\"dateModified\":\"2026-02-02T12:30:14+00:00\",\"breadcrumb\":{\"@id\":\"https:\/\/www.axiomams.eu\/et\/produktas\/fixturlaser-eco-volli-joondamise-tooriist#breadcrumb\"},\"inLanguage\":\"et\",\"potentialAction\":[{\"@type\":\"ReadAction\",\"target\":[\"https:\/\/www.axiomams.eu\/et\/produktas\/fixturlaser-eco-volli-joondamise-tooriist\"]}]},{\"@type\":\"ImageObject\",\"inLanguage\":\"et\",\"@id\":\"https:\/\/www.axiomams.eu\/et\/produktas\/fixturlaser-eco-volli-joondamise-tooriist#primaryimage\",\"url\":\"https:\/\/www.axiomams.eu\/wp-content\/uploads\/2025\/07\/3254-4312.jpg\",\"contentUrl\":\"https:\/\/www.axiomams.eu\/wp-content\/uploads\/2025\/07\/3254-4312.jpg\",\"width\":1024,\"height\":768},{\"@type\":\"BreadcrumbList\",\"@id\":\"https:\/\/www.axiomams.eu\/et\/produktas\/fixturlaser-eco-volli-joondamise-tooriist#breadcrumb\",\"itemListElement\":[{\"@type\":\"ListItem\",\"position\":1,\"name\":\"Home\",\"item\":\"https:\/\/www.axiomams.eu\/et\"},{\"@type\":\"ListItem\",\"position\":2,\"name\":\"Tooted\",\"item\":\"https:\/\/www.axiomams.eu\/et\/tooted\"},{\"@type\":\"ListItem\",\"position\":3,\"name\":\"Fixturlaser ECO v\u00f5lli joondamise t\u00f6\u00f6riist\"}]},{\"@type\":\"WebSite\",\"@id\":\"https:\/\/www.axiomams.eu\/et#website\",\"url\":\"https:\/\/www.axiomams.eu\/et\",\"name\":\"AXIOMA MS\",\"description\":\"Terrmovizoriai ir matavimo \u012franga\",\"publisher\":{\"@id\":\"https:\/\/www.axiomams.eu\/et#organization\"},\"potentialAction\":[{\"@type\":\"SearchAction\",\"target\":{\"@type\":\"EntryPoint\",\"urlTemplate\":\"https:\/\/www.axiomams.eu\/et?s={search_term_string}\"},\"query-input\":{\"@type\":\"PropertyValueSpecification\",\"valueRequired\":true,\"valueName\":\"search_term_string\"}}],\"inLanguage\":\"et\"},{\"@type\":\"Organization\",\"@id\":\"https:\/\/www.axiomams.eu\/et#organization\",\"name\":\"AXIOMA MS\",\"url\":\"https:\/\/www.axiomams.eu\/et\",\"logo\":{\"@type\":\"ImageObject\",\"inLanguage\":\"et\",\"@id\":\"https:\/\/www.axiomams.eu\/et#\/schema\/logo\/image\/\",\"url\":\"https:\/\/www.axiomams.eu\/wp-content\/uploads\/2025\/06\/axioma-logo-2.png\",\"contentUrl\":\"https:\/\/www.axiomams.eu\/wp-content\/uploads\/2025\/06\/axioma-logo-2.png\",\"width\":1200,\"height\":1200,\"caption\":\"AXIOMA MS\"},\"image\":{\"@id\":\"https:\/\/www.axiomams.eu\/et#\/schema\/logo\/image\/\"},\"sameAs\":[\"https:\/\/www.facebook.com\/AxiomaMS\",\"https:\/\/www.linkedin.com\/company\/axiomams\/\"]}]}<\/script>\n<!-- \/ Yoast SEO plugin. -->","yoast_head_json":{"title":"Fixturlaser ECO v\u00f5lli joondamise t\u00f6\u00f6riist - AXIOMA MS","robots":{"index":"index","follow":"follow","max-snippet":"max-snippet:-1","max-image-preview":"max-image-preview:large","max-video-preview":"max-video-preview:-1"},"canonical":"https:\/\/www.axiomams.eu\/et\/produktas\/fixturlaser-eco-volli-joondamise-tooriist","og_locale":"et_EE","og_type":"article","og_title":"Fixturlaser ECO v\u00f5lli joondamise t\u00f6\u00f6riist - AXIOMA MS","og_description":"T\u00e4isdigitaalne traadita ECO on horisontaalse v\u00f5lli joondamiseks m\u00f5eldud algtaseme s\u00fcsteem. Juhtmevabade andur\u00fcksuste, 4-tollise v\u00e4rvilise ekraani, laetavate akude ja IP65 konstruktsiooniga, mis peab vastu karmile keskkonnale, on teil taskukohase hinnaga laseriga joonduss\u00fcsteem! Tehniline teave Kaal (koos k\u00f5igi standardosadega): 4,8 kg DISPLAY UNIT Kaal: 0,36 kg M\u00f5\u00f5dud: 181 x 106 x 34 mm Keskkonnakaitse: IP 65 Ekraani...","og_url":"https:\/\/www.axiomams.eu\/et\/produktas\/fixturlaser-eco-volli-joondamise-tooriist","og_site_name":"AXIOMA MS","article_publisher":"https:\/\/www.facebook.com\/AxiomaMS","article_modified_time":"2026-02-02T12:30:14+00:00","og_image":[{"width":1024,"height":768,"url":"https:\/\/www.axiomams.eu\/wp-content\/uploads\/2025\/07\/3254-4312.jpg","type":"image\/jpeg"}],"twitter_card":"summary_large_image","twitter_misc":{"Est. reading time":"1 minut"},"schema":{"@context":"https:\/\/schema.org","@graph":[{"@type":"WebPage","@id":"https:\/\/www.axiomams.eu\/et\/produktas\/fixturlaser-eco-volli-joondamise-tooriist","url":"https:\/\/www.axiomams.eu\/et\/produktas\/fixturlaser-eco-volli-joondamise-tooriist","name":"Fixturlaser ECO v\u00f5lli joondamise t\u00f6\u00f6riist - AXIOMA MS","isPartOf":{"@id":"https:\/\/www.axiomams.eu\/et#website"},"primaryImageOfPage":{"@id":"https:\/\/www.axiomams.eu\/et\/produktas\/fixturlaser-eco-volli-joondamise-tooriist#primaryimage"},"image":{"@id":"https:\/\/www.axiomams.eu\/et\/produktas\/fixturlaser-eco-volli-joondamise-tooriist#primaryimage"},"thumbnailUrl":"https:\/\/www.axiomams.eu\/wp-content\/uploads\/2025\/07\/3254-4312.jpg","datePublished":"2025-05-15T15:58:07+00:00","dateModified":"2026-02-02T12:30:14+00:00","breadcrumb":{"@id":"https:\/\/www.axiomams.eu\/et\/produktas\/fixturlaser-eco-volli-joondamise-tooriist#breadcrumb"},"inLanguage":"et","potentialAction":[{"@type":"ReadAction","target":["https:\/\/www.axiomams.eu\/et\/produktas\/fixturlaser-eco-volli-joondamise-tooriist"]}]},{"@type":"ImageObject","inLanguage":"et","@id":"https:\/\/www.axiomams.eu\/et\/produktas\/fixturlaser-eco-volli-joondamise-tooriist#primaryimage","url":"https:\/\/www.axiomams.eu\/wp-content\/uploads\/2025\/07\/3254-4312.jpg","contentUrl":"https:\/\/www.axiomams.eu\/wp-content\/uploads\/2025\/07\/3254-4312.jpg","width":1024,"height":768},{"@type":"BreadcrumbList","@id":"https:\/\/www.axiomams.eu\/et\/produktas\/fixturlaser-eco-volli-joondamise-tooriist#breadcrumb","itemListElement":[{"@type":"ListItem","position":1,"name":"Home","item":"https:\/\/www.axiomams.eu\/et"},{"@type":"ListItem","position":2,"name":"Tooted","item":"https:\/\/www.axiomams.eu\/et\/tooted"},{"@type":"ListItem","position":3,"name":"Fixturlaser ECO v\u00f5lli joondamise t\u00f6\u00f6riist"}]},{"@type":"WebSite","@id":"https:\/\/www.axiomams.eu\/et#website","url":"https:\/\/www.axiomams.eu\/et","name":"AXIOMA MS","description":"Terrmovizoriai ir matavimo \u012franga","publisher":{"@id":"https:\/\/www.axiomams.eu\/et#organization"},"potentialAction":[{"@type":"SearchAction","target":{"@type":"EntryPoint","urlTemplate":"https:\/\/www.axiomams.eu\/et?s={search_term_string}"},"query-input":{"@type":"PropertyValueSpecification","valueRequired":true,"valueName":"search_term_string"}}],"inLanguage":"et"},{"@type":"Organization","@id":"https:\/\/www.axiomams.eu\/et#organization","name":"AXIOMA MS","url":"https:\/\/www.axiomams.eu\/et","logo":{"@type":"ImageObject","inLanguage":"et","@id":"https:\/\/www.axiomams.eu\/et#\/schema\/logo\/image\/","url":"https:\/\/www.axiomams.eu\/wp-content\/uploads\/2025\/06\/axioma-logo-2.png","contentUrl":"https:\/\/www.axiomams.eu\/wp-content\/uploads\/2025\/06\/axioma-logo-2.png","width":1200,"height":1200,"caption":"AXIOMA MS"},"image":{"@id":"https:\/\/www.axiomams.eu\/et#\/schema\/logo\/image\/"},"sameAs":["https:\/\/www.facebook.com\/AxiomaMS","https:\/\/www.linkedin.com\/company\/axiomams\/"]}]}},"_links":{"self":[{"href":"https:\/\/www.axiomams.eu\/et\/wp-json\/wp\/v2\/product\/40150","targetHints":{"allow":["GET"]}}],"collection":[{"href":"https:\/\/www.axiomams.eu\/et\/wp-json\/wp\/v2\/product"}],"about":[{"href":"https:\/\/www.axiomams.eu\/et\/wp-json\/wp\/v2\/types\/product"}],"replies":[{"embeddable":true,"href":"https:\/\/www.axiomams.eu\/et\/wp-json\/wp\/v2\/comments?post=40150"}],"wp:featuredmedia":[{"embeddable":true,"href":"https:\/\/www.axiomams.eu\/et\/wp-json\/wp\/v2\/media\/41811"}],"wp:attachment":[{"href":"https:\/\/www.axiomams.eu\/et\/wp-json\/wp\/v2\/media?parent=40150"}],"wp:term":[{"taxonomy":"product_brand","embeddable":true,"href":"https:\/\/www.axiomams.eu\/et\/wp-json\/wp\/v2\/product_brand?post=40150"},{"taxonomy":"product_cat","embeddable":true,"href":"https:\/\/www.axiomams.eu\/et\/wp-json\/wp\/v2\/product_cat?post=40150"},{"taxonomy":"product_tag","embeddable":true,"href":"https:\/\/www.axiomams.eu\/et\/wp-json\/wp\/v2\/product_tag?post=40150"}],"curies":[{"name":"wp","href":"https:\/\/api.w.org\/{rel}","templated":true}]}}