{"id":40157,"date":"2025-05-15T17:58:15","date_gmt":"2025-05-15T15:58:15","guid":{"rendered":"https:\/\/www.axiomams.eu\/produktas\/kern-emb-2200-0-kaalud"},"modified":"2026-02-02T14:30:18","modified_gmt":"2026-02-02T12:30:18","slug":"kern-emb-2200-0-kaalud","status":"publish","type":"product","link":"https:\/\/www.axiomams.eu\/et\/produktas\/kern-emb-2200-0-kaalud","title":{"rendered":"KERN EMB 2200-0 Kaalud"},"content":{"rendered":"<p>Kern EMB 2200-0 &#8211; algtaseme laborim\u00f5\u00f5turid, mis on suurep\u00e4rase kaalumisv\u00f5imsusega. Lihtne ja mugav 2-klahviline juhtimine, mis muudab need ideaalseks kasutamiseks koolides ja \u00fclikoolides. Taara funktsioon h\u00f5lbustab vormistamist\u00f6\u00f6d. AUTO-OFF funktsioon patareide s\u00e4\u00e4stmiseks.<\/p>\n<h3>Tehniline teave:<\/h3>\n<ul>\n<li><a href=\"https:\/\/axiomams.eu\/importer\/export\/attachments\/en\/kern-emb--series.pdf\" target=\"_blank\">KERN EMB  series.pdf<\/a><\/li>\n<\/ul>\n","protected":false},"excerpt":{"rendered":"<p>Kern EMB 2200-0 &#8211; algtaseme laborim\u00f5\u00f5turid, mis on suurep\u00e4rase kaalumisv\u00f5imsusega. Lihtne ja mugav 2-klahviline juhtimine, mis muudab need ideaalseks kasutamiseks koolides ja \u00fclikoolides. Taara funktsioon h\u00f5lbustab vormistamist\u00f6\u00f6d. AUTO-OFF funktsioon patareide s\u00e4\u00e4stmiseks. Tehniline teave: KERN EMB series.pdf<\/p>\n","protected":false},"featured_media":41825,"comment_status":"open","ping_status":"closed","template":"","meta":{"_acf_changed":false},"product_brand":[1708],"product_cat":[],"product_tag":[],"class_list":{"0":"post-40157","1":"product","2":"type-product","3":"status-publish","4":"has-post-thumbnail","6":"product_brand-kern","8":"first","9":"instock","10":"taxable","11":"shipping-taxable","12":"product-type-simple"},"acf":[],"yoast_head":"<!-- This site is optimized with the Yoast SEO plugin v27.0 - https:\/\/yoast.com\/product\/yoast-seo-wordpress\/ -->\n<title>KERN EMB 2200-0 Kaalud - AXIOMA MS<\/title>\n<meta name=\"robots\" content=\"index, follow, max-snippet:-1, max-image-preview:large, max-video-preview:-1\" \/>\n<link rel=\"canonical\" href=\"https:\/\/www.axiomams.eu\/et\/produktas\/kern-emb-2200-0-kaalud\" \/>\n<meta property=\"og:locale\" content=\"et_EE\" \/>\n<meta property=\"og:type\" content=\"article\" \/>\n<meta property=\"og:title\" content=\"KERN EMB 2200-0 Kaalud - AXIOMA MS\" \/>\n<meta property=\"og:description\" content=\"Kern EMB 2200-0 &#8211; algtaseme laborim\u00f5\u00f5turid, mis on suurep\u00e4rase kaalumisv\u00f5imsusega. Lihtne ja mugav 2-klahviline juhtimine, mis muudab need ideaalseks kasutamiseks koolides ja \u00fclikoolides. Taara funktsioon h\u00f5lbustab vormistamist\u00f6\u00f6d. AUTO-OFF funktsioon patareide s\u00e4\u00e4stmiseks. Tehniline teave: KERN EMB series.pdf\" \/>\n<meta property=\"og:url\" content=\"https:\/\/www.axiomams.eu\/et\/produktas\/kern-emb-2200-0-kaalud\" \/>\n<meta property=\"og:site_name\" content=\"AXIOMA MS\" \/>\n<meta property=\"article:publisher\" content=\"https:\/\/www.facebook.com\/AxiomaMS\" \/>\n<meta property=\"article:modified_time\" content=\"2026-02-02T12:30:18+00:00\" \/>\n<meta property=\"og:image\" content=\"https:\/\/www.axiomams.eu\/wp-content\/uploads\/2025\/07\/2077-2683.jpg\" \/>\n\t<meta property=\"og:image:width\" content=\"494\" \/>\n\t<meta property=\"og:image:height\" content=\"449\" \/>\n\t<meta property=\"og:image:type\" content=\"image\/jpeg\" \/>\n<meta name=\"twitter:card\" content=\"summary_large_image\" \/>\n<script type=\"application\/ld+json\" class=\"yoast-schema-graph\">{\"@context\":\"https:\/\/schema.org\",\"@graph\":[{\"@type\":\"WebPage\",\"@id\":\"https:\/\/www.axiomams.eu\/et\/produktas\/kern-emb-2200-0-kaalud\",\"url\":\"https:\/\/www.axiomams.eu\/et\/produktas\/kern-emb-2200-0-kaalud\",\"name\":\"KERN EMB 2200-0 Kaalud - AXIOMA MS\",\"isPartOf\":{\"@id\":\"https:\/\/www.axiomams.eu\/et#website\"},\"primaryImageOfPage\":{\"@id\":\"https:\/\/www.axiomams.eu\/et\/produktas\/kern-emb-2200-0-kaalud#primaryimage\"},\"image\":{\"@id\":\"https:\/\/www.axiomams.eu\/et\/produktas\/kern-emb-2200-0-kaalud#primaryimage\"},\"thumbnailUrl\":\"https:\/\/www.axiomams.eu\/wp-content\/uploads\/2025\/07\/2077-2683.jpg\",\"datePublished\":\"2025-05-15T15:58:15+00:00\",\"dateModified\":\"2026-02-02T12:30:18+00:00\",\"breadcrumb\":{\"@id\":\"https:\/\/www.axiomams.eu\/et\/produktas\/kern-emb-2200-0-kaalud#breadcrumb\"},\"inLanguage\":\"et\",\"potentialAction\":[{\"@type\":\"ReadAction\",\"target\":[\"https:\/\/www.axiomams.eu\/et\/produktas\/kern-emb-2200-0-kaalud\"]}]},{\"@type\":\"ImageObject\",\"inLanguage\":\"et\",\"@id\":\"https:\/\/www.axiomams.eu\/et\/produktas\/kern-emb-2200-0-kaalud#primaryimage\",\"url\":\"https:\/\/www.axiomams.eu\/wp-content\/uploads\/2025\/07\/2077-2683.jpg\",\"contentUrl\":\"https:\/\/www.axiomams.eu\/wp-content\/uploads\/2025\/07\/2077-2683.jpg\",\"width\":494,\"height\":449},{\"@type\":\"BreadcrumbList\",\"@id\":\"https:\/\/www.axiomams.eu\/et\/produktas\/kern-emb-2200-0-kaalud#breadcrumb\",\"itemListElement\":[{\"@type\":\"ListItem\",\"position\":1,\"name\":\"Home\",\"item\":\"https:\/\/www.axiomams.eu\/et\"},{\"@type\":\"ListItem\",\"position\":2,\"name\":\"Tooted\",\"item\":\"https:\/\/www.axiomams.eu\/et\/tooted\"},{\"@type\":\"ListItem\",\"position\":3,\"name\":\"KERN EMB 2200-0 Kaalud\"}]},{\"@type\":\"WebSite\",\"@id\":\"https:\/\/www.axiomams.eu\/et#website\",\"url\":\"https:\/\/www.axiomams.eu\/et\",\"name\":\"AXIOMA MS\",\"description\":\"Terrmovizoriai ir matavimo \u012franga\",\"publisher\":{\"@id\":\"https:\/\/www.axiomams.eu\/et#organization\"},\"potentialAction\":[{\"@type\":\"SearchAction\",\"target\":{\"@type\":\"EntryPoint\",\"urlTemplate\":\"https:\/\/www.axiomams.eu\/et?s={search_term_string}\"},\"query-input\":{\"@type\":\"PropertyValueSpecification\",\"valueRequired\":true,\"valueName\":\"search_term_string\"}}],\"inLanguage\":\"et\"},{\"@type\":\"Organization\",\"@id\":\"https:\/\/www.axiomams.eu\/et#organization\",\"name\":\"AXIOMA MS\",\"url\":\"https:\/\/www.axiomams.eu\/et\",\"logo\":{\"@type\":\"ImageObject\",\"inLanguage\":\"et\",\"@id\":\"https:\/\/www.axiomams.eu\/et#\/schema\/logo\/image\/\",\"url\":\"https:\/\/www.axiomams.eu\/wp-content\/uploads\/2025\/06\/axioma-logo-2.png\",\"contentUrl\":\"https:\/\/www.axiomams.eu\/wp-content\/uploads\/2025\/06\/axioma-logo-2.png\",\"width\":1200,\"height\":1200,\"caption\":\"AXIOMA MS\"},\"image\":{\"@id\":\"https:\/\/www.axiomams.eu\/et#\/schema\/logo\/image\/\"},\"sameAs\":[\"https:\/\/www.facebook.com\/AxiomaMS\",\"https:\/\/www.linkedin.com\/company\/axiomams\/\"]}]}<\/script>\n<!-- \/ Yoast SEO plugin. -->","yoast_head_json":{"title":"KERN EMB 2200-0 Kaalud - AXIOMA MS","robots":{"index":"index","follow":"follow","max-snippet":"max-snippet:-1","max-image-preview":"max-image-preview:large","max-video-preview":"max-video-preview:-1"},"canonical":"https:\/\/www.axiomams.eu\/et\/produktas\/kern-emb-2200-0-kaalud","og_locale":"et_EE","og_type":"article","og_title":"KERN EMB 2200-0 Kaalud - AXIOMA MS","og_description":"Kern EMB 2200-0 &#8211; algtaseme laborim\u00f5\u00f5turid, mis on suurep\u00e4rase kaalumisv\u00f5imsusega. Lihtne ja mugav 2-klahviline juhtimine, mis muudab need ideaalseks kasutamiseks koolides ja \u00fclikoolides. Taara funktsioon h\u00f5lbustab vormistamist\u00f6\u00f6d. AUTO-OFF funktsioon patareide s\u00e4\u00e4stmiseks. Tehniline teave: KERN EMB series.pdf","og_url":"https:\/\/www.axiomams.eu\/et\/produktas\/kern-emb-2200-0-kaalud","og_site_name":"AXIOMA MS","article_publisher":"https:\/\/www.facebook.com\/AxiomaMS","article_modified_time":"2026-02-02T12:30:18+00:00","og_image":[{"width":494,"height":449,"url":"https:\/\/www.axiomams.eu\/wp-content\/uploads\/2025\/07\/2077-2683.jpg","type":"image\/jpeg"}],"twitter_card":"summary_large_image","schema":{"@context":"https:\/\/schema.org","@graph":[{"@type":"WebPage","@id":"https:\/\/www.axiomams.eu\/et\/produktas\/kern-emb-2200-0-kaalud","url":"https:\/\/www.axiomams.eu\/et\/produktas\/kern-emb-2200-0-kaalud","name":"KERN EMB 2200-0 Kaalud - AXIOMA MS","isPartOf":{"@id":"https:\/\/www.axiomams.eu\/et#website"},"primaryImageOfPage":{"@id":"https:\/\/www.axiomams.eu\/et\/produktas\/kern-emb-2200-0-kaalud#primaryimage"},"image":{"@id":"https:\/\/www.axiomams.eu\/et\/produktas\/kern-emb-2200-0-kaalud#primaryimage"},"thumbnailUrl":"https:\/\/www.axiomams.eu\/wp-content\/uploads\/2025\/07\/2077-2683.jpg","datePublished":"2025-05-15T15:58:15+00:00","dateModified":"2026-02-02T12:30:18+00:00","breadcrumb":{"@id":"https:\/\/www.axiomams.eu\/et\/produktas\/kern-emb-2200-0-kaalud#breadcrumb"},"inLanguage":"et","potentialAction":[{"@type":"ReadAction","target":["https:\/\/www.axiomams.eu\/et\/produktas\/kern-emb-2200-0-kaalud"]}]},{"@type":"ImageObject","inLanguage":"et","@id":"https:\/\/www.axiomams.eu\/et\/produktas\/kern-emb-2200-0-kaalud#primaryimage","url":"https:\/\/www.axiomams.eu\/wp-content\/uploads\/2025\/07\/2077-2683.jpg","contentUrl":"https:\/\/www.axiomams.eu\/wp-content\/uploads\/2025\/07\/2077-2683.jpg","width":494,"height":449},{"@type":"BreadcrumbList","@id":"https:\/\/www.axiomams.eu\/et\/produktas\/kern-emb-2200-0-kaalud#breadcrumb","itemListElement":[{"@type":"ListItem","position":1,"name":"Home","item":"https:\/\/www.axiomams.eu\/et"},{"@type":"ListItem","position":2,"name":"Tooted","item":"https:\/\/www.axiomams.eu\/et\/tooted"},{"@type":"ListItem","position":3,"name":"KERN EMB 2200-0 Kaalud"}]},{"@type":"WebSite","@id":"https:\/\/www.axiomams.eu\/et#website","url":"https:\/\/www.axiomams.eu\/et","name":"AXIOMA MS","description":"Terrmovizoriai ir matavimo \u012franga","publisher":{"@id":"https:\/\/www.axiomams.eu\/et#organization"},"potentialAction":[{"@type":"SearchAction","target":{"@type":"EntryPoint","urlTemplate":"https:\/\/www.axiomams.eu\/et?s={search_term_string}"},"query-input":{"@type":"PropertyValueSpecification","valueRequired":true,"valueName":"search_term_string"}}],"inLanguage":"et"},{"@type":"Organization","@id":"https:\/\/www.axiomams.eu\/et#organization","name":"AXIOMA MS","url":"https:\/\/www.axiomams.eu\/et","logo":{"@type":"ImageObject","inLanguage":"et","@id":"https:\/\/www.axiomams.eu\/et#\/schema\/logo\/image\/","url":"https:\/\/www.axiomams.eu\/wp-content\/uploads\/2025\/06\/axioma-logo-2.png","contentUrl":"https:\/\/www.axiomams.eu\/wp-content\/uploads\/2025\/06\/axioma-logo-2.png","width":1200,"height":1200,"caption":"AXIOMA MS"},"image":{"@id":"https:\/\/www.axiomams.eu\/et#\/schema\/logo\/image\/"},"sameAs":["https:\/\/www.facebook.com\/AxiomaMS","https:\/\/www.linkedin.com\/company\/axiomams\/"]}]}},"_links":{"self":[{"href":"https:\/\/www.axiomams.eu\/et\/wp-json\/wp\/v2\/product\/40157","targetHints":{"allow":["GET"]}}],"collection":[{"href":"https:\/\/www.axiomams.eu\/et\/wp-json\/wp\/v2\/product"}],"about":[{"href":"https:\/\/www.axiomams.eu\/et\/wp-json\/wp\/v2\/types\/product"}],"replies":[{"embeddable":true,"href":"https:\/\/www.axiomams.eu\/et\/wp-json\/wp\/v2\/comments?post=40157"}],"wp:featuredmedia":[{"embeddable":true,"href":"https:\/\/www.axiomams.eu\/et\/wp-json\/wp\/v2\/media\/41825"}],"wp:attachment":[{"href":"https:\/\/www.axiomams.eu\/et\/wp-json\/wp\/v2\/media?parent=40157"}],"wp:term":[{"taxonomy":"product_brand","embeddable":true,"href":"https:\/\/www.axiomams.eu\/et\/wp-json\/wp\/v2\/product_brand?post=40157"},{"taxonomy":"product_cat","embeddable":true,"href":"https:\/\/www.axiomams.eu\/et\/wp-json\/wp\/v2\/product_cat?post=40157"},{"taxonomy":"product_tag","embeddable":true,"href":"https:\/\/www.axiomams.eu\/et\/wp-json\/wp\/v2\/product_tag?post=40157"}],"curies":[{"name":"wp","href":"https:\/\/api.w.org\/{rel}","templated":true}]}}