{"id":40167,"date":"2025-05-15T18:01:06","date_gmt":"2025-05-15T16:01:06","guid":{"rendered":"https:\/\/www.axiomams.eu\/produktas\/ametek-etc-400-a-temperatuuri-kalibraator"},"modified":"2026-02-02T14:30:23","modified_gmt":"2026-02-02T12:30:23","slug":"ametek-etc-400-a-temperatuuri-kalibraator","status":"publish","type":"product","link":"https:\/\/www.axiomams.eu\/et\/produktas\/ametek-etc-400-a-temperatuuri-kalibraator","title":{"rendered":"Ametek ETC-400 A temperatuuri kalibraator"},"content":{"rendered":"<p>JOFRA ETC-400A kuumutab kuni 100\u00b0C \/ 212\u00b0F minutis ja teeb t\u00e4ieliku kahepunktilise testi v\u00e4hem kui 10 minutiga, sealhulgas stabiilsusajaga; aja kokkuhoid on k\u00e4eulatuses!<br \/>\nJOFRA ETC-seeria on m\u00f5eldud temperatuurim\u00f5\u00f5teseadmete v\u00e4litingimustes katsetamiseks. V\u00e4ike suurus ja kerge kaal teevad sellest t\u00e4iusliku seadme andurite kontrollimiseks raskesti ligip\u00e4\u00e4setavates kohtades.<br \/>\nJOFRA ETC-400R on m\u00f5eldud infrapunatermomeetrite kiireks ja usaldusv\u00e4\u00e4rseks kalibreerimiseks.<br \/>\nK\u00f5igil JOFRA ETC-seadmetel on palju samu kasulikke ja aega s\u00e4\u00e4stvaid omadusi, mis on ka JOFRA kuivblokiseerias.<br \/>\n&#8211; T\u00e4ielik seeria temperatuuri ja infrapunakalibraatoreid<br \/>\n&#8211; Mitme auguga kaevu konstruktsioon<br \/>\n&#8211; RS232 ja JOFRACAL kalibreerimistarkvara<br \/>\n&#8211; Mitmek\u00fclgne infon\u00e4idik<br \/>\n&#8211; Automaatne astmelisus<br \/>\n&#8211; Stabiilsuse indikaator<br \/>\n&#8211; Tagasiarvamise taimer (n\u00e4itab, millal seade on stabiilne)<br \/>\n&#8211; Programmeeritav maksimaalne temperatuur<br \/>\n&#8211; Kiire simulatsioon\/\u00f5ppere\u017eiim<br \/>\n&#8211; Taaskalibreerimine klaviatuurilt<\/p>\n<p>Kaks mudelit &#8211; JOFRA ETC-seeria koosneb kahest erinevast mudelist, mis erinevad temperatuurivahemiku poolest. M\u00f5lemal seadmel on sarnased funktsioonid ja suur, taustavalgustusega LCD-ekraan, mis on kergesti loetav ka h\u00e4sti valgustatud kohtades. Vastupidav, \u00f5hukese joonega roostevabast terasest v\u00e4liskorpus koos kummikattega, mis kaitseb seadet t\u00f6\u00f6stuskeskkonnas.<br \/>\nH\u00e4sti &#8211; optimeeritud kiirus &#8211; K\u00fctteplokk on ehitatud \u00fcmber v\u00e4ga t\u00f5husa k\u00fctteelemendi. Katsetatava anduri jaoks m\u00f5eldud augud on puuritud otse plokki. See minimeerib ploki massi ja tulemuseks on \u00e4\u00e4rmiselt kiire soojendusaeg.<br \/>\nIR-kalibreerimine &#8211; ETC 400R on projekteeritud optimaalse kiiruse \u00fchendamiseks infrapunatermomeetrite kalibreerimisega. 36 mm sihik pakub optimaalset suurust infrapunatermomeetrite usaldusv\u00e4\u00e4rseks kalibreerimiseks protsessit\u00f6\u00f6stuses, kuna see on kavandatud suure t\u00e4psuse ja pikaajalise stabiilsuse saavutamiseks, s\u00e4ilitades samal ajal kiiruse.<br \/>\nKlaviatuur ja ekraan &#8211; kahekordne infokuvar, mis n\u00e4itab nii SET-temperatuuri kui ka T\u00d5ELIST temperatuuri.<br \/>\nStabiilsusindikaator &#8211; Selged heli- ja visuaalsed m\u00e4rguanded, kui temperatuur on stabiilne. 3 minutit enne seadme stabiilsuse saavutamist kuvatakse ekraani alumises osas loenduri taimer.<br \/>\nAutomaatne samm &#8211; Kalibraator l\u00fclitub automaatselt j\u00e4rgmisele programmeeritud v\u00e4\u00e4rtusele. See v\u00f5imaldab kalibraatorit paigutada kuhugi protsessi, samal ajal kui te j\u00e4lgite kontrollruumis kontrollitava anduri v\u00e4ljundit.<br \/>\nLihtne hooldus &#8211; Kui kalibraatorit on vaja reguleerida, kasutage sisseehitatud rutiini. Ei ole vaja arvutit ega kruvikeerajat. &#8220;Kalibreerimise kuup\u00e4ev&#8221; kuvatakse iga kord, kui seade sisse l\u00fclitatakse.<br \/>\nLihtsustatud kalibreerimisdokumentatsioon &#8211; K\u00f5ik ETC-seeria kalibraatorid tarnitakse koos RS232 jadaliidese ja JOFRACAL kalibreerimistarkvaraga.<br \/>\nJOFRACAL tarkvara pakub vahendeid andurite t\u00e4iesti automaatseks kalibreerimiseks ja kogu protsessi ahela poolautomaatseks kalibreerimiseks arvuti abil.<\/p>\n<h3>Tehniline teave:<\/h3>\n<ul>\n<li><a href=\"https:\/\/axiomams.eu\/importer\/export\/attachments\/en\/jofra-etc.pdf\" target=\"_blank\">Jofra ETC.pdf<\/a><\/li>\n<\/ul>\n","protected":false},"excerpt":{"rendered":"<p>JOFRA ETC-400A kuumutab kuni 100\u00b0C \/ 212\u00b0F minutis ja teeb t\u00e4ieliku kahepunktilise testi v\u00e4hem kui 10 minutiga, sealhulgas stabiilsusajaga; aja kokkuhoid on k\u00e4eulatuses! JOFRA ETC-seeria on m\u00f5eldud temperatuurim\u00f5\u00f5teseadmete v\u00e4litingimustes katsetamiseks. V\u00e4ike suurus ja kerge kaal teevad sellest t\u00e4iusliku seadme andurite kontrollimiseks raskesti ligip\u00e4\u00e4setavates kohtades. JOFRA ETC-400R on m\u00f5eldud infrapunatermomeetrite kiireks ja usaldusv\u00e4\u00e4rseks kalibreerimiseks. K\u00f5igil JOFRA&#8230;<\/p>\n","protected":false},"featured_media":41845,"comment_status":"open","ping_status":"closed","template":"","meta":{"_acf_changed":false},"product_brand":[1202],"product_cat":[17811],"product_tag":[],"class_list":{"0":"post-40167","1":"product","2":"type-product","3":"status-publish","4":"has-post-thumbnail","6":"product_brand-ametek","7":"product_cat-protsessi-ja-temperatuuri-kalibreerimiseks","9":"first","10":"instock","11":"taxable","12":"shipping-taxable","13":"purchasable","14":"product-type-simple"},"acf":[],"yoast_head":"<!-- This site is optimized with the Yoast SEO plugin v27.0 - https:\/\/yoast.com\/product\/yoast-seo-wordpress\/ -->\n<title>Ametek ETC-400 A temperatuuri kalibraator - AXIOMA MS<\/title>\n<meta name=\"robots\" content=\"index, follow, max-snippet:-1, max-image-preview:large, max-video-preview:-1\" \/>\n<link rel=\"canonical\" href=\"https:\/\/www.axiomams.eu\/et\/produktas\/ametek-etc-400-a-temperatuuri-kalibraator\" \/>\n<meta property=\"og:locale\" content=\"et_EE\" \/>\n<meta property=\"og:type\" content=\"article\" \/>\n<meta property=\"og:title\" content=\"Ametek ETC-400 A temperatuuri kalibraator - AXIOMA MS\" \/>\n<meta property=\"og:description\" content=\"JOFRA ETC-400A kuumutab kuni 100\u00b0C \/ 212\u00b0F minutis ja teeb t\u00e4ieliku kahepunktilise testi v\u00e4hem kui 10 minutiga, sealhulgas stabiilsusajaga; aja kokkuhoid on k\u00e4eulatuses! JOFRA ETC-seeria on m\u00f5eldud temperatuurim\u00f5\u00f5teseadmete v\u00e4litingimustes katsetamiseks. V\u00e4ike suurus ja kerge kaal teevad sellest t\u00e4iusliku seadme andurite kontrollimiseks raskesti ligip\u00e4\u00e4setavates kohtades. JOFRA ETC-400R on m\u00f5eldud infrapunatermomeetrite kiireks ja usaldusv\u00e4\u00e4rseks kalibreerimiseks. K\u00f5igil JOFRA...\" \/>\n<meta property=\"og:url\" content=\"https:\/\/www.axiomams.eu\/et\/produktas\/ametek-etc-400-a-temperatuuri-kalibraator\" \/>\n<meta property=\"og:site_name\" content=\"AXIOMA MS\" \/>\n<meta property=\"article:publisher\" content=\"https:\/\/www.facebook.com\/AxiomaMS\" \/>\n<meta property=\"article:modified_time\" content=\"2026-02-02T12:30:23+00:00\" \/>\n<meta property=\"og:image\" content=\"https:\/\/www.axiomams.eu\/wp-content\/uploads\/2025\/07\/1779-2301.jpg\" \/>\n\t<meta property=\"og:image:width\" content=\"200\" \/>\n\t<meta property=\"og:image:height\" content=\"200\" \/>\n\t<meta property=\"og:image:type\" content=\"image\/jpeg\" \/>\n<meta name=\"twitter:card\" content=\"summary_large_image\" \/>\n<meta name=\"twitter:label1\" content=\"Est. reading time\" \/>\n\t<meta name=\"twitter:data1\" content=\"2 minut\" \/>\n<script type=\"application\/ld+json\" class=\"yoast-schema-graph\">{\"@context\":\"https:\/\/schema.org\",\"@graph\":[{\"@type\":\"WebPage\",\"@id\":\"https:\/\/www.axiomams.eu\/et\/produktas\/ametek-etc-400-a-temperatuuri-kalibraator\",\"url\":\"https:\/\/www.axiomams.eu\/et\/produktas\/ametek-etc-400-a-temperatuuri-kalibraator\",\"name\":\"Ametek ETC-400 A temperatuuri kalibraator - AXIOMA MS\",\"isPartOf\":{\"@id\":\"https:\/\/www.axiomams.eu\/et#website\"},\"primaryImageOfPage\":{\"@id\":\"https:\/\/www.axiomams.eu\/et\/produktas\/ametek-etc-400-a-temperatuuri-kalibraator#primaryimage\"},\"image\":{\"@id\":\"https:\/\/www.axiomams.eu\/et\/produktas\/ametek-etc-400-a-temperatuuri-kalibraator#primaryimage\"},\"thumbnailUrl\":\"https:\/\/www.axiomams.eu\/wp-content\/uploads\/2025\/07\/1779-2301.jpg\",\"datePublished\":\"2025-05-15T16:01:06+00:00\",\"dateModified\":\"2026-02-02T12:30:23+00:00\",\"breadcrumb\":{\"@id\":\"https:\/\/www.axiomams.eu\/et\/produktas\/ametek-etc-400-a-temperatuuri-kalibraator#breadcrumb\"},\"inLanguage\":\"et\",\"potentialAction\":[{\"@type\":\"ReadAction\",\"target\":[\"https:\/\/www.axiomams.eu\/et\/produktas\/ametek-etc-400-a-temperatuuri-kalibraator\"]}]},{\"@type\":\"ImageObject\",\"inLanguage\":\"et\",\"@id\":\"https:\/\/www.axiomams.eu\/et\/produktas\/ametek-etc-400-a-temperatuuri-kalibraator#primaryimage\",\"url\":\"https:\/\/www.axiomams.eu\/wp-content\/uploads\/2025\/07\/1779-2301.jpg\",\"contentUrl\":\"https:\/\/www.axiomams.eu\/wp-content\/uploads\/2025\/07\/1779-2301.jpg\",\"width\":200,\"height\":200},{\"@type\":\"BreadcrumbList\",\"@id\":\"https:\/\/www.axiomams.eu\/et\/produktas\/ametek-etc-400-a-temperatuuri-kalibraator#breadcrumb\",\"itemListElement\":[{\"@type\":\"ListItem\",\"position\":1,\"name\":\"Home\",\"item\":\"https:\/\/www.axiomams.eu\/et\"},{\"@type\":\"ListItem\",\"position\":2,\"name\":\"Tooted\",\"item\":\"https:\/\/www.axiomams.eu\/et\/tooted\"},{\"@type\":\"ListItem\",\"position\":3,\"name\":\"Ametek ETC-400 A temperatuuri kalibraator\"}]},{\"@type\":\"WebSite\",\"@id\":\"https:\/\/www.axiomams.eu\/et#website\",\"url\":\"https:\/\/www.axiomams.eu\/et\",\"name\":\"AXIOMA MS\",\"description\":\"Terrmovizoriai ir matavimo \u012franga\",\"publisher\":{\"@id\":\"https:\/\/www.axiomams.eu\/et#organization\"},\"potentialAction\":[{\"@type\":\"SearchAction\",\"target\":{\"@type\":\"EntryPoint\",\"urlTemplate\":\"https:\/\/www.axiomams.eu\/et?s={search_term_string}\"},\"query-input\":{\"@type\":\"PropertyValueSpecification\",\"valueRequired\":true,\"valueName\":\"search_term_string\"}}],\"inLanguage\":\"et\"},{\"@type\":\"Organization\",\"@id\":\"https:\/\/www.axiomams.eu\/et#organization\",\"name\":\"AXIOMA MS\",\"url\":\"https:\/\/www.axiomams.eu\/et\",\"logo\":{\"@type\":\"ImageObject\",\"inLanguage\":\"et\",\"@id\":\"https:\/\/www.axiomams.eu\/et#\/schema\/logo\/image\/\",\"url\":\"https:\/\/www.axiomams.eu\/wp-content\/uploads\/2025\/06\/axioma-logo-2.png\",\"contentUrl\":\"https:\/\/www.axiomams.eu\/wp-content\/uploads\/2025\/06\/axioma-logo-2.png\",\"width\":1200,\"height\":1200,\"caption\":\"AXIOMA MS\"},\"image\":{\"@id\":\"https:\/\/www.axiomams.eu\/et#\/schema\/logo\/image\/\"},\"sameAs\":[\"https:\/\/www.facebook.com\/AxiomaMS\",\"https:\/\/www.linkedin.com\/company\/axiomams\/\"]}]}<\/script>\n<!-- \/ Yoast SEO plugin. -->","yoast_head_json":{"title":"Ametek ETC-400 A temperatuuri kalibraator - AXIOMA MS","robots":{"index":"index","follow":"follow","max-snippet":"max-snippet:-1","max-image-preview":"max-image-preview:large","max-video-preview":"max-video-preview:-1"},"canonical":"https:\/\/www.axiomams.eu\/et\/produktas\/ametek-etc-400-a-temperatuuri-kalibraator","og_locale":"et_EE","og_type":"article","og_title":"Ametek ETC-400 A temperatuuri kalibraator - AXIOMA MS","og_description":"JOFRA ETC-400A kuumutab kuni 100\u00b0C \/ 212\u00b0F minutis ja teeb t\u00e4ieliku kahepunktilise testi v\u00e4hem kui 10 minutiga, sealhulgas stabiilsusajaga; aja kokkuhoid on k\u00e4eulatuses! JOFRA ETC-seeria on m\u00f5eldud temperatuurim\u00f5\u00f5teseadmete v\u00e4litingimustes katsetamiseks. V\u00e4ike suurus ja kerge kaal teevad sellest t\u00e4iusliku seadme andurite kontrollimiseks raskesti ligip\u00e4\u00e4setavates kohtades. JOFRA ETC-400R on m\u00f5eldud infrapunatermomeetrite kiireks ja usaldusv\u00e4\u00e4rseks kalibreerimiseks. K\u00f5igil JOFRA...","og_url":"https:\/\/www.axiomams.eu\/et\/produktas\/ametek-etc-400-a-temperatuuri-kalibraator","og_site_name":"AXIOMA MS","article_publisher":"https:\/\/www.facebook.com\/AxiomaMS","article_modified_time":"2026-02-02T12:30:23+00:00","og_image":[{"width":200,"height":200,"url":"https:\/\/www.axiomams.eu\/wp-content\/uploads\/2025\/07\/1779-2301.jpg","type":"image\/jpeg"}],"twitter_card":"summary_large_image","twitter_misc":{"Est. reading time":"2 minut"},"schema":{"@context":"https:\/\/schema.org","@graph":[{"@type":"WebPage","@id":"https:\/\/www.axiomams.eu\/et\/produktas\/ametek-etc-400-a-temperatuuri-kalibraator","url":"https:\/\/www.axiomams.eu\/et\/produktas\/ametek-etc-400-a-temperatuuri-kalibraator","name":"Ametek ETC-400 A temperatuuri kalibraator - AXIOMA MS","isPartOf":{"@id":"https:\/\/www.axiomams.eu\/et#website"},"primaryImageOfPage":{"@id":"https:\/\/www.axiomams.eu\/et\/produktas\/ametek-etc-400-a-temperatuuri-kalibraator#primaryimage"},"image":{"@id":"https:\/\/www.axiomams.eu\/et\/produktas\/ametek-etc-400-a-temperatuuri-kalibraator#primaryimage"},"thumbnailUrl":"https:\/\/www.axiomams.eu\/wp-content\/uploads\/2025\/07\/1779-2301.jpg","datePublished":"2025-05-15T16:01:06+00:00","dateModified":"2026-02-02T12:30:23+00:00","breadcrumb":{"@id":"https:\/\/www.axiomams.eu\/et\/produktas\/ametek-etc-400-a-temperatuuri-kalibraator#breadcrumb"},"inLanguage":"et","potentialAction":[{"@type":"ReadAction","target":["https:\/\/www.axiomams.eu\/et\/produktas\/ametek-etc-400-a-temperatuuri-kalibraator"]}]},{"@type":"ImageObject","inLanguage":"et","@id":"https:\/\/www.axiomams.eu\/et\/produktas\/ametek-etc-400-a-temperatuuri-kalibraator#primaryimage","url":"https:\/\/www.axiomams.eu\/wp-content\/uploads\/2025\/07\/1779-2301.jpg","contentUrl":"https:\/\/www.axiomams.eu\/wp-content\/uploads\/2025\/07\/1779-2301.jpg","width":200,"height":200},{"@type":"BreadcrumbList","@id":"https:\/\/www.axiomams.eu\/et\/produktas\/ametek-etc-400-a-temperatuuri-kalibraator#breadcrumb","itemListElement":[{"@type":"ListItem","position":1,"name":"Home","item":"https:\/\/www.axiomams.eu\/et"},{"@type":"ListItem","position":2,"name":"Tooted","item":"https:\/\/www.axiomams.eu\/et\/tooted"},{"@type":"ListItem","position":3,"name":"Ametek ETC-400 A temperatuuri kalibraator"}]},{"@type":"WebSite","@id":"https:\/\/www.axiomams.eu\/et#website","url":"https:\/\/www.axiomams.eu\/et","name":"AXIOMA MS","description":"Terrmovizoriai ir matavimo \u012franga","publisher":{"@id":"https:\/\/www.axiomams.eu\/et#organization"},"potentialAction":[{"@type":"SearchAction","target":{"@type":"EntryPoint","urlTemplate":"https:\/\/www.axiomams.eu\/et?s={search_term_string}"},"query-input":{"@type":"PropertyValueSpecification","valueRequired":true,"valueName":"search_term_string"}}],"inLanguage":"et"},{"@type":"Organization","@id":"https:\/\/www.axiomams.eu\/et#organization","name":"AXIOMA MS","url":"https:\/\/www.axiomams.eu\/et","logo":{"@type":"ImageObject","inLanguage":"et","@id":"https:\/\/www.axiomams.eu\/et#\/schema\/logo\/image\/","url":"https:\/\/www.axiomams.eu\/wp-content\/uploads\/2025\/06\/axioma-logo-2.png","contentUrl":"https:\/\/www.axiomams.eu\/wp-content\/uploads\/2025\/06\/axioma-logo-2.png","width":1200,"height":1200,"caption":"AXIOMA MS"},"image":{"@id":"https:\/\/www.axiomams.eu\/et#\/schema\/logo\/image\/"},"sameAs":["https:\/\/www.facebook.com\/AxiomaMS","https:\/\/www.linkedin.com\/company\/axiomams\/"]}]}},"_links":{"self":[{"href":"https:\/\/www.axiomams.eu\/et\/wp-json\/wp\/v2\/product\/40167","targetHints":{"allow":["GET"]}}],"collection":[{"href":"https:\/\/www.axiomams.eu\/et\/wp-json\/wp\/v2\/product"}],"about":[{"href":"https:\/\/www.axiomams.eu\/et\/wp-json\/wp\/v2\/types\/product"}],"replies":[{"embeddable":true,"href":"https:\/\/www.axiomams.eu\/et\/wp-json\/wp\/v2\/comments?post=40167"}],"wp:featuredmedia":[{"embeddable":true,"href":"https:\/\/www.axiomams.eu\/et\/wp-json\/wp\/v2\/media\/41845"}],"wp:attachment":[{"href":"https:\/\/www.axiomams.eu\/et\/wp-json\/wp\/v2\/media?parent=40167"}],"wp:term":[{"taxonomy":"product_brand","embeddable":true,"href":"https:\/\/www.axiomams.eu\/et\/wp-json\/wp\/v2\/product_brand?post=40167"},{"taxonomy":"product_cat","embeddable":true,"href":"https:\/\/www.axiomams.eu\/et\/wp-json\/wp\/v2\/product_cat?post=40167"},{"taxonomy":"product_tag","embeddable":true,"href":"https:\/\/www.axiomams.eu\/et\/wp-json\/wp\/v2\/product_tag?post=40167"}],"curies":[{"name":"wp","href":"https:\/\/api.w.org\/{rel}","templated":true}]}}