{"id":40170,"date":"2025-05-15T17:58:22","date_gmt":"2025-05-15T15:58:22","guid":{"rendered":"https:\/\/www.axiomams.eu\/produktas\/fixturlaser-evo-laservolli-tsentreerimisseade"},"modified":"2026-02-02T14:30:24","modified_gmt":"2026-02-02T12:30:24","slug":"fixturlaser-evo-laservolli-tsentreerimisseade","status":"publish","type":"product","link":"https:\/\/www.axiomams.eu\/et\/produktas\/fixturlaser-evo-laservolli-tsentreerimisseade","title":{"rendered":"Fixturlaser EVO Laserv\u00f5lli tsentreerimisseade"},"content":{"rendered":"<p>Fixturlaser EVO &#8211; \u00e4\u00e4rmiselt kasutajas\u00f5braliku kasutajaliidesega laserv\u00f5lli tsentreerimisseade. Seade on m\u00f5eldud t\u00f6\u00f6stuskeskkonnas t\u00f6\u00f6tamiseks ning on kaitstud tolmu ja vee eest. Juhtmevaba anduriliides ja lihtne kasutajaliides aitavad hooldust\u00f6\u00f6tajaid kogu m\u00f5\u00f5tmis- ja joondamisprotsessi v\u00e4ltel ilma igasuguse vaeva ja stressita.<\/p>\n<p>Fixturlaser EVO s\u00fcsteem<br \/>\nKaal koos k\u00f5igi standardosadega: 5,4 kg.<br \/>\nM\u00f5\u00f5dud: 415 x 325 x 180 mm<\/p>\n<p>Ekraan\u00fcksus<br \/>\nKaal: 0,36 kg koos akuga<br \/>\nM\u00f5\u00f5dud: 103 x 181 x 29 mm<br \/>\nKeskkonnakaitse: IP 65 (tolmukindel ja kaitstud veejoa eest)<br \/>\nEkraani suurus: 5&#8243; diagonaal (111 x 63 mm)<br \/>\nT\u00f6\u00f6aeg: 8 tundi pidevat kasutamist<\/p>\n<p>TD-seadmed<br \/>\nKaal: M3 212 g S3 188 g<br \/>\n 92 x 77 x 33 mm<br \/>\nKeskkonnakaitse: IP 65 (tolmukindel ja kaitstud veejoa eest)<br \/>\nM\u00f5\u00f5tmiskaugus: Kuni 10 m<br \/>\nDetektor: 2. p\u00f5lvkonna Ultra HD CCD<br \/>\nDetektori pikkus: 30 mm<br \/>\nDetektori eraldusv\u00f5ime: 1,5 mm: 1 \u03bcm<br \/>\nM\u00f5\u00f5tmist\u00e4psus: 0,3% \u00b1 7 \u03bcm<br \/>\nG\u00fcroskoop: 6-teljeline MEMS inertsiaalne liikumisandur koos driftkompensatsiooni ja automaatse v\u00e4ljakalibreerimisega.<br \/>\nT\u00f6\u00f6aeg: 17 tundi pidevat kasutamist (m\u00f5\u00f5tmine)<\/p>\n<p>V\u00f5llihoidikud<br \/>\nV\u00f5lli l\u00e4bim\u00f5\u00f5t: \u00d8 25 mm &#8230; 175 mm; pikendusahelaga \u00d8 25 mm &#8230; 450 mm<br \/>\nVardad: 4 tk 85 mm ja 4 tk 160 mm (pikendatav kuni 245 mm)<\/p>\n<p>Standardkomplekt: N\u00e4idik, Fixturlaser M3, Fixturlaser S3, 2 tk komplektne V-kinnitus, pikenduskaabel, USB-kaabel A-mini, toiteallikas, USB-pulk, 2 tk nurgaga universaalne t\u00f6\u00f6riist, kett 8 mm 60 l\u00fcli L=970 mm, varraste komplekt, pikenduskinnitus, m\u00f5\u00f5dulint 5 m, kasutusjuhend, k\u00f5va kandekott.<\/p>\n<h3>Tehniline teave:<\/h3>\n<ul>\n<li><a href=\"https:\/\/axiomams.eu\/importer\/export\/attachments\/en\/fixturlaser-evo.pdf\" target=\"_blank\">Fixturlaser EVO.pdf<\/a><\/li>\n<\/ul>\n","protected":false},"excerpt":{"rendered":"<p>Fixturlaser EVO &#8211; \u00e4\u00e4rmiselt kasutajas\u00f5braliku kasutajaliidesega laserv\u00f5lli tsentreerimisseade. Seade on m\u00f5eldud t\u00f6\u00f6stuskeskkonnas t\u00f6\u00f6tamiseks ning on kaitstud tolmu ja vee eest. Juhtmevaba anduriliides ja lihtne kasutajaliides aitavad hooldust\u00f6\u00f6tajaid kogu m\u00f5\u00f5tmis- ja joondamisprotsessi v\u00e4ltel ilma igasuguse vaeva ja stressita. Fixturlaser EVO s\u00fcsteem Kaal koos k\u00f5igi standardosadega: 5,4 kg. M\u00f5\u00f5dud: 415 x 325 x 180 mm Ekraan\u00fcksus Kaal:&#8230;<\/p>\n","protected":false},"featured_media":41851,"comment_status":"open","ping_status":"closed","template":"","meta":{"_acf_changed":false},"product_brand":[17686],"product_cat":[17831],"product_tag":[],"class_list":{"0":"post-40170","1":"product","2":"type-product","3":"status-publish","4":"has-post-thumbnail","6":"product_brand-fixturlaser","7":"product_cat-tsentreerimissolmede-ja-rihmavollide-tsentreerimiseks","9":"first","10":"instock","11":"taxable","12":"shipping-taxable","13":"product-type-simple"},"acf":[],"yoast_head":"<!-- This site is optimized with the Yoast SEO plugin v27.0 - https:\/\/yoast.com\/product\/yoast-seo-wordpress\/ -->\n<title>Fixturlaser EVO Laserv\u00f5lli tsentreerimisseade - AXIOMA MS<\/title>\n<meta name=\"robots\" content=\"index, follow, max-snippet:-1, max-image-preview:large, max-video-preview:-1\" \/>\n<link rel=\"canonical\" href=\"https:\/\/www.axiomams.eu\/et\/produktas\/fixturlaser-evo-laservolli-tsentreerimisseade\" \/>\n<meta property=\"og:locale\" content=\"et_EE\" \/>\n<meta property=\"og:type\" content=\"article\" \/>\n<meta property=\"og:title\" content=\"Fixturlaser EVO Laserv\u00f5lli tsentreerimisseade - AXIOMA MS\" \/>\n<meta property=\"og:description\" content=\"Fixturlaser EVO &#8211; \u00e4\u00e4rmiselt kasutajas\u00f5braliku kasutajaliidesega laserv\u00f5lli tsentreerimisseade. Seade on m\u00f5eldud t\u00f6\u00f6stuskeskkonnas t\u00f6\u00f6tamiseks ning on kaitstud tolmu ja vee eest. Juhtmevaba anduriliides ja lihtne kasutajaliides aitavad hooldust\u00f6\u00f6tajaid kogu m\u00f5\u00f5tmis- ja joondamisprotsessi v\u00e4ltel ilma igasuguse vaeva ja stressita. Fixturlaser EVO s\u00fcsteem Kaal koos k\u00f5igi standardosadega: 5,4 kg. M\u00f5\u00f5dud: 415 x 325 x 180 mm Ekraan\u00fcksus Kaal:...\" \/>\n<meta property=\"og:url\" content=\"https:\/\/www.axiomams.eu\/et\/produktas\/fixturlaser-evo-laservolli-tsentreerimisseade\" \/>\n<meta property=\"og:site_name\" content=\"AXIOMA MS\" \/>\n<meta property=\"article:publisher\" content=\"https:\/\/www.facebook.com\/AxiomaMS\" \/>\n<meta property=\"article:modified_time\" content=\"2026-02-02T12:30:24+00:00\" \/>\n<meta property=\"og:image\" content=\"https:\/\/www.axiomams.eu\/wp-content\/uploads\/2025\/07\/2791-3636.jpg\" \/>\n\t<meta property=\"og:image:width\" content=\"860\" \/>\n\t<meta property=\"og:image:height\" content=\"665\" \/>\n\t<meta property=\"og:image:type\" content=\"image\/jpeg\" \/>\n<meta name=\"twitter:card\" content=\"summary_large_image\" \/>\n<meta name=\"twitter:label1\" content=\"Est. reading time\" \/>\n\t<meta name=\"twitter:data1\" content=\"1 minut\" \/>\n<script type=\"application\/ld+json\" class=\"yoast-schema-graph\">{\"@context\":\"https:\/\/schema.org\",\"@graph\":[{\"@type\":\"WebPage\",\"@id\":\"https:\/\/www.axiomams.eu\/et\/produktas\/fixturlaser-evo-laservolli-tsentreerimisseade\",\"url\":\"https:\/\/www.axiomams.eu\/et\/produktas\/fixturlaser-evo-laservolli-tsentreerimisseade\",\"name\":\"Fixturlaser EVO Laserv\u00f5lli tsentreerimisseade - AXIOMA MS\",\"isPartOf\":{\"@id\":\"https:\/\/www.axiomams.eu\/et#website\"},\"primaryImageOfPage\":{\"@id\":\"https:\/\/www.axiomams.eu\/et\/produktas\/fixturlaser-evo-laservolli-tsentreerimisseade#primaryimage\"},\"image\":{\"@id\":\"https:\/\/www.axiomams.eu\/et\/produktas\/fixturlaser-evo-laservolli-tsentreerimisseade#primaryimage\"},\"thumbnailUrl\":\"https:\/\/www.axiomams.eu\/wp-content\/uploads\/2025\/07\/2791-3636.jpg\",\"datePublished\":\"2025-05-15T15:58:22+00:00\",\"dateModified\":\"2026-02-02T12:30:24+00:00\",\"breadcrumb\":{\"@id\":\"https:\/\/www.axiomams.eu\/et\/produktas\/fixturlaser-evo-laservolli-tsentreerimisseade#breadcrumb\"},\"inLanguage\":\"et\",\"potentialAction\":[{\"@type\":\"ReadAction\",\"target\":[\"https:\/\/www.axiomams.eu\/et\/produktas\/fixturlaser-evo-laservolli-tsentreerimisseade\"]}]},{\"@type\":\"ImageObject\",\"inLanguage\":\"et\",\"@id\":\"https:\/\/www.axiomams.eu\/et\/produktas\/fixturlaser-evo-laservolli-tsentreerimisseade#primaryimage\",\"url\":\"https:\/\/www.axiomams.eu\/wp-content\/uploads\/2025\/07\/2791-3636.jpg\",\"contentUrl\":\"https:\/\/www.axiomams.eu\/wp-content\/uploads\/2025\/07\/2791-3636.jpg\",\"width\":860,\"height\":665},{\"@type\":\"BreadcrumbList\",\"@id\":\"https:\/\/www.axiomams.eu\/et\/produktas\/fixturlaser-evo-laservolli-tsentreerimisseade#breadcrumb\",\"itemListElement\":[{\"@type\":\"ListItem\",\"position\":1,\"name\":\"Home\",\"item\":\"https:\/\/www.axiomams.eu\/et\"},{\"@type\":\"ListItem\",\"position\":2,\"name\":\"Tooted\",\"item\":\"https:\/\/www.axiomams.eu\/et\/tooted\"},{\"@type\":\"ListItem\",\"position\":3,\"name\":\"Fixturlaser EVO Laserv\u00f5lli tsentreerimisseade\"}]},{\"@type\":\"WebSite\",\"@id\":\"https:\/\/www.axiomams.eu\/et#website\",\"url\":\"https:\/\/www.axiomams.eu\/et\",\"name\":\"AXIOMA MS\",\"description\":\"Terrmovizoriai ir matavimo \u012franga\",\"publisher\":{\"@id\":\"https:\/\/www.axiomams.eu\/et#organization\"},\"potentialAction\":[{\"@type\":\"SearchAction\",\"target\":{\"@type\":\"EntryPoint\",\"urlTemplate\":\"https:\/\/www.axiomams.eu\/et?s={search_term_string}\"},\"query-input\":{\"@type\":\"PropertyValueSpecification\",\"valueRequired\":true,\"valueName\":\"search_term_string\"}}],\"inLanguage\":\"et\"},{\"@type\":\"Organization\",\"@id\":\"https:\/\/www.axiomams.eu\/et#organization\",\"name\":\"AXIOMA MS\",\"url\":\"https:\/\/www.axiomams.eu\/et\",\"logo\":{\"@type\":\"ImageObject\",\"inLanguage\":\"et\",\"@id\":\"https:\/\/www.axiomams.eu\/et#\/schema\/logo\/image\/\",\"url\":\"https:\/\/www.axiomams.eu\/wp-content\/uploads\/2025\/06\/axioma-logo-2.png\",\"contentUrl\":\"https:\/\/www.axiomams.eu\/wp-content\/uploads\/2025\/06\/axioma-logo-2.png\",\"width\":1200,\"height\":1200,\"caption\":\"AXIOMA MS\"},\"image\":{\"@id\":\"https:\/\/www.axiomams.eu\/et#\/schema\/logo\/image\/\"},\"sameAs\":[\"https:\/\/www.facebook.com\/AxiomaMS\",\"https:\/\/www.linkedin.com\/company\/axiomams\/\"]}]}<\/script>\n<!-- \/ Yoast SEO plugin. -->","yoast_head_json":{"title":"Fixturlaser EVO Laserv\u00f5lli tsentreerimisseade - AXIOMA MS","robots":{"index":"index","follow":"follow","max-snippet":"max-snippet:-1","max-image-preview":"max-image-preview:large","max-video-preview":"max-video-preview:-1"},"canonical":"https:\/\/www.axiomams.eu\/et\/produktas\/fixturlaser-evo-laservolli-tsentreerimisseade","og_locale":"et_EE","og_type":"article","og_title":"Fixturlaser EVO Laserv\u00f5lli tsentreerimisseade - AXIOMA MS","og_description":"Fixturlaser EVO &#8211; \u00e4\u00e4rmiselt kasutajas\u00f5braliku kasutajaliidesega laserv\u00f5lli tsentreerimisseade. Seade on m\u00f5eldud t\u00f6\u00f6stuskeskkonnas t\u00f6\u00f6tamiseks ning on kaitstud tolmu ja vee eest. Juhtmevaba anduriliides ja lihtne kasutajaliides aitavad hooldust\u00f6\u00f6tajaid kogu m\u00f5\u00f5tmis- ja joondamisprotsessi v\u00e4ltel ilma igasuguse vaeva ja stressita. Fixturlaser EVO s\u00fcsteem Kaal koos k\u00f5igi standardosadega: 5,4 kg. M\u00f5\u00f5dud: 415 x 325 x 180 mm Ekraan\u00fcksus Kaal:...","og_url":"https:\/\/www.axiomams.eu\/et\/produktas\/fixturlaser-evo-laservolli-tsentreerimisseade","og_site_name":"AXIOMA MS","article_publisher":"https:\/\/www.facebook.com\/AxiomaMS","article_modified_time":"2026-02-02T12:30:24+00:00","og_image":[{"width":860,"height":665,"url":"https:\/\/www.axiomams.eu\/wp-content\/uploads\/2025\/07\/2791-3636.jpg","type":"image\/jpeg"}],"twitter_card":"summary_large_image","twitter_misc":{"Est. reading time":"1 minut"},"schema":{"@context":"https:\/\/schema.org","@graph":[{"@type":"WebPage","@id":"https:\/\/www.axiomams.eu\/et\/produktas\/fixturlaser-evo-laservolli-tsentreerimisseade","url":"https:\/\/www.axiomams.eu\/et\/produktas\/fixturlaser-evo-laservolli-tsentreerimisseade","name":"Fixturlaser EVO Laserv\u00f5lli tsentreerimisseade - AXIOMA MS","isPartOf":{"@id":"https:\/\/www.axiomams.eu\/et#website"},"primaryImageOfPage":{"@id":"https:\/\/www.axiomams.eu\/et\/produktas\/fixturlaser-evo-laservolli-tsentreerimisseade#primaryimage"},"image":{"@id":"https:\/\/www.axiomams.eu\/et\/produktas\/fixturlaser-evo-laservolli-tsentreerimisseade#primaryimage"},"thumbnailUrl":"https:\/\/www.axiomams.eu\/wp-content\/uploads\/2025\/07\/2791-3636.jpg","datePublished":"2025-05-15T15:58:22+00:00","dateModified":"2026-02-02T12:30:24+00:00","breadcrumb":{"@id":"https:\/\/www.axiomams.eu\/et\/produktas\/fixturlaser-evo-laservolli-tsentreerimisseade#breadcrumb"},"inLanguage":"et","potentialAction":[{"@type":"ReadAction","target":["https:\/\/www.axiomams.eu\/et\/produktas\/fixturlaser-evo-laservolli-tsentreerimisseade"]}]},{"@type":"ImageObject","inLanguage":"et","@id":"https:\/\/www.axiomams.eu\/et\/produktas\/fixturlaser-evo-laservolli-tsentreerimisseade#primaryimage","url":"https:\/\/www.axiomams.eu\/wp-content\/uploads\/2025\/07\/2791-3636.jpg","contentUrl":"https:\/\/www.axiomams.eu\/wp-content\/uploads\/2025\/07\/2791-3636.jpg","width":860,"height":665},{"@type":"BreadcrumbList","@id":"https:\/\/www.axiomams.eu\/et\/produktas\/fixturlaser-evo-laservolli-tsentreerimisseade#breadcrumb","itemListElement":[{"@type":"ListItem","position":1,"name":"Home","item":"https:\/\/www.axiomams.eu\/et"},{"@type":"ListItem","position":2,"name":"Tooted","item":"https:\/\/www.axiomams.eu\/et\/tooted"},{"@type":"ListItem","position":3,"name":"Fixturlaser EVO Laserv\u00f5lli tsentreerimisseade"}]},{"@type":"WebSite","@id":"https:\/\/www.axiomams.eu\/et#website","url":"https:\/\/www.axiomams.eu\/et","name":"AXIOMA MS","description":"Terrmovizoriai ir matavimo \u012franga","publisher":{"@id":"https:\/\/www.axiomams.eu\/et#organization"},"potentialAction":[{"@type":"SearchAction","target":{"@type":"EntryPoint","urlTemplate":"https:\/\/www.axiomams.eu\/et?s={search_term_string}"},"query-input":{"@type":"PropertyValueSpecification","valueRequired":true,"valueName":"search_term_string"}}],"inLanguage":"et"},{"@type":"Organization","@id":"https:\/\/www.axiomams.eu\/et#organization","name":"AXIOMA MS","url":"https:\/\/www.axiomams.eu\/et","logo":{"@type":"ImageObject","inLanguage":"et","@id":"https:\/\/www.axiomams.eu\/et#\/schema\/logo\/image\/","url":"https:\/\/www.axiomams.eu\/wp-content\/uploads\/2025\/06\/axioma-logo-2.png","contentUrl":"https:\/\/www.axiomams.eu\/wp-content\/uploads\/2025\/06\/axioma-logo-2.png","width":1200,"height":1200,"caption":"AXIOMA MS"},"image":{"@id":"https:\/\/www.axiomams.eu\/et#\/schema\/logo\/image\/"},"sameAs":["https:\/\/www.facebook.com\/AxiomaMS","https:\/\/www.linkedin.com\/company\/axiomams\/"]}]}},"_links":{"self":[{"href":"https:\/\/www.axiomams.eu\/et\/wp-json\/wp\/v2\/product\/40170","targetHints":{"allow":["GET"]}}],"collection":[{"href":"https:\/\/www.axiomams.eu\/et\/wp-json\/wp\/v2\/product"}],"about":[{"href":"https:\/\/www.axiomams.eu\/et\/wp-json\/wp\/v2\/types\/product"}],"replies":[{"embeddable":true,"href":"https:\/\/www.axiomams.eu\/et\/wp-json\/wp\/v2\/comments?post=40170"}],"wp:featuredmedia":[{"embeddable":true,"href":"https:\/\/www.axiomams.eu\/et\/wp-json\/wp\/v2\/media\/41851"}],"wp:attachment":[{"href":"https:\/\/www.axiomams.eu\/et\/wp-json\/wp\/v2\/media?parent=40170"}],"wp:term":[{"taxonomy":"product_brand","embeddable":true,"href":"https:\/\/www.axiomams.eu\/et\/wp-json\/wp\/v2\/product_brand?post=40170"},{"taxonomy":"product_cat","embeddable":true,"href":"https:\/\/www.axiomams.eu\/et\/wp-json\/wp\/v2\/product_cat?post=40170"},{"taxonomy":"product_tag","embeddable":true,"href":"https:\/\/www.axiomams.eu\/et\/wp-json\/wp\/v2\/product_tag?post=40170"}],"curies":[{"name":"wp","href":"https:\/\/api.w.org\/{rel}","templated":true}]}}