{"id":40171,"date":"2025-05-15T17:58:24","date_gmt":"2025-05-15T15:58:24","guid":{"rendered":"https:\/\/www.axiomams.eu\/produktas\/exotek-mc-380xca-niiskusemootja"},"modified":"2026-02-02T14:30:24","modified_gmt":"2026-02-02T12:30:24","slug":"exotek-mc-380xca-niiskusemootja","status":"publish","type":"product","link":"https:\/\/www.axiomams.eu\/et\/produktas\/exotek-mc-380xca-niiskusemootja","title":{"rendered":"Exotek MC-380XCA niiskusem\u00f5\u00f5tja"},"content":{"rendered":"<p>Exotek MC-380XCA on mikroprotsessoriga juhitav k\u00e4eshoitav niiskusem\u00f5\u00f5tja. See on usaldusv\u00e4\u00e4rne ja lihtne kasutada ning m\u00f5eldud puidu ja ehitusmaterjalide niiskusesisalduse kiireks ja mittepurustavaks hindamiseks. MC-380XCA saab kasutada tootmises, kontrollimisel ja veekahjustuste tuvastamisel.<\/p>\n<p>Standardkomplekt: niiskusem\u00f5\u00f5tja, kandekott, kasutusjuhend.<\/p>\n<h3>Tehniline teave:<\/h3>\n<ul>\n<li><a href=\"https:\/\/axiomams.eu\/importer\/export\/attachments\/en\/mc-380xca_en.pdf\" target=\"_blank\">MC-380XCA_EN.pdf<\/a><\/li>\n<\/ul>\n","protected":false},"excerpt":{"rendered":"<p>Exotek MC-380XCA on mikroprotsessoriga juhitav k\u00e4eshoitav niiskusem\u00f5\u00f5tja. See on usaldusv\u00e4\u00e4rne ja lihtne kasutada ning m\u00f5eldud puidu ja ehitusmaterjalide niiskusesisalduse kiireks ja mittepurustavaks hindamiseks. MC-380XCA saab kasutada tootmises, kontrollimisel ja veekahjustuste tuvastamisel. Standardkomplekt: niiskusem\u00f5\u00f5tja, kandekott, kasutusjuhend. Tehniline teave: MC-380XCA_EN.pdf<\/p>\n","protected":false},"featured_media":41853,"comment_status":"open","ping_status":"closed","template":"","meta":{"_acf_changed":false},"product_brand":[],"product_cat":[17808],"product_tag":[],"class_list":{"0":"post-40171","1":"product","2":"type-product","3":"status-publish","4":"has-post-thumbnail","6":"product_cat-materjalide-niiskuse-mootmiseks","8":"first","9":"instock","10":"taxable","11":"shipping-taxable","12":"purchasable","13":"product-type-simple"},"acf":[],"yoast_head":"<!-- This site is optimized with the Yoast SEO plugin v27.0 - https:\/\/yoast.com\/product\/yoast-seo-wordpress\/ -->\n<title>Exotek MC-380XCA niiskusem\u00f5\u00f5tja - AXIOMA MS<\/title>\n<meta name=\"robots\" content=\"index, follow, max-snippet:-1, max-image-preview:large, max-video-preview:-1\" \/>\n<link rel=\"canonical\" href=\"https:\/\/www.axiomams.eu\/et\/produktas\/exotek-mc-380xca-niiskusemootja\" \/>\n<meta property=\"og:locale\" content=\"et_EE\" \/>\n<meta property=\"og:type\" content=\"article\" \/>\n<meta property=\"og:title\" content=\"Exotek MC-380XCA niiskusem\u00f5\u00f5tja - AXIOMA MS\" \/>\n<meta property=\"og:description\" content=\"Exotek MC-380XCA on mikroprotsessoriga juhitav k\u00e4eshoitav niiskusem\u00f5\u00f5tja. See on usaldusv\u00e4\u00e4rne ja lihtne kasutada ning m\u00f5eldud puidu ja ehitusmaterjalide niiskusesisalduse kiireks ja mittepurustavaks hindamiseks. MC-380XCA saab kasutada tootmises, kontrollimisel ja veekahjustuste tuvastamisel. Standardkomplekt: niiskusem\u00f5\u00f5tja, kandekott, kasutusjuhend. Tehniline teave: MC-380XCA_EN.pdf\" \/>\n<meta property=\"og:url\" content=\"https:\/\/www.axiomams.eu\/et\/produktas\/exotek-mc-380xca-niiskusemootja\" \/>\n<meta property=\"og:site_name\" content=\"AXIOMA MS\" \/>\n<meta property=\"article:publisher\" content=\"https:\/\/www.facebook.com\/AxiomaMS\" \/>\n<meta property=\"article:modified_time\" content=\"2026-02-02T12:30:24+00:00\" \/>\n<meta property=\"og:image\" content=\"https:\/\/www.axiomams.eu\/wp-content\/uploads\/2025\/07\/299-1458.png\" \/>\n\t<meta property=\"og:image:width\" content=\"880\" \/>\n\t<meta property=\"og:image:height\" content=\"800\" \/>\n\t<meta property=\"og:image:type\" content=\"image\/png\" \/>\n<meta name=\"twitter:card\" content=\"summary_large_image\" \/>\n<script type=\"application\/ld+json\" class=\"yoast-schema-graph\">{\"@context\":\"https:\/\/schema.org\",\"@graph\":[{\"@type\":\"WebPage\",\"@id\":\"https:\/\/www.axiomams.eu\/et\/produktas\/exotek-mc-380xca-niiskusemootja\",\"url\":\"https:\/\/www.axiomams.eu\/et\/produktas\/exotek-mc-380xca-niiskusemootja\",\"name\":\"Exotek MC-380XCA niiskusem\u00f5\u00f5tja - AXIOMA MS\",\"isPartOf\":{\"@id\":\"https:\/\/www.axiomams.eu\/et#website\"},\"primaryImageOfPage\":{\"@id\":\"https:\/\/www.axiomams.eu\/et\/produktas\/exotek-mc-380xca-niiskusemootja#primaryimage\"},\"image\":{\"@id\":\"https:\/\/www.axiomams.eu\/et\/produktas\/exotek-mc-380xca-niiskusemootja#primaryimage\"},\"thumbnailUrl\":\"https:\/\/www.axiomams.eu\/wp-content\/uploads\/2025\/07\/299-1458.png\",\"datePublished\":\"2025-05-15T15:58:24+00:00\",\"dateModified\":\"2026-02-02T12:30:24+00:00\",\"breadcrumb\":{\"@id\":\"https:\/\/www.axiomams.eu\/et\/produktas\/exotek-mc-380xca-niiskusemootja#breadcrumb\"},\"inLanguage\":\"et\",\"potentialAction\":[{\"@type\":\"ReadAction\",\"target\":[\"https:\/\/www.axiomams.eu\/et\/produktas\/exotek-mc-380xca-niiskusemootja\"]}]},{\"@type\":\"ImageObject\",\"inLanguage\":\"et\",\"@id\":\"https:\/\/www.axiomams.eu\/et\/produktas\/exotek-mc-380xca-niiskusemootja#primaryimage\",\"url\":\"https:\/\/www.axiomams.eu\/wp-content\/uploads\/2025\/07\/299-1458.png\",\"contentUrl\":\"https:\/\/www.axiomams.eu\/wp-content\/uploads\/2025\/07\/299-1458.png\",\"width\":880,\"height\":800},{\"@type\":\"BreadcrumbList\",\"@id\":\"https:\/\/www.axiomams.eu\/et\/produktas\/exotek-mc-380xca-niiskusemootja#breadcrumb\",\"itemListElement\":[{\"@type\":\"ListItem\",\"position\":1,\"name\":\"Home\",\"item\":\"https:\/\/www.axiomams.eu\/et\"},{\"@type\":\"ListItem\",\"position\":2,\"name\":\"Tooted\",\"item\":\"https:\/\/www.axiomams.eu\/et\/tooted\"},{\"@type\":\"ListItem\",\"position\":3,\"name\":\"Exotek MC-380XCA niiskusem\u00f5\u00f5tja\"}]},{\"@type\":\"WebSite\",\"@id\":\"https:\/\/www.axiomams.eu\/et#website\",\"url\":\"https:\/\/www.axiomams.eu\/et\",\"name\":\"AXIOMA MS\",\"description\":\"Terrmovizoriai ir matavimo \u012franga\",\"publisher\":{\"@id\":\"https:\/\/www.axiomams.eu\/et#organization\"},\"potentialAction\":[{\"@type\":\"SearchAction\",\"target\":{\"@type\":\"EntryPoint\",\"urlTemplate\":\"https:\/\/www.axiomams.eu\/et?s={search_term_string}\"},\"query-input\":{\"@type\":\"PropertyValueSpecification\",\"valueRequired\":true,\"valueName\":\"search_term_string\"}}],\"inLanguage\":\"et\"},{\"@type\":\"Organization\",\"@id\":\"https:\/\/www.axiomams.eu\/et#organization\",\"name\":\"AXIOMA MS\",\"url\":\"https:\/\/www.axiomams.eu\/et\",\"logo\":{\"@type\":\"ImageObject\",\"inLanguage\":\"et\",\"@id\":\"https:\/\/www.axiomams.eu\/et#\/schema\/logo\/image\/\",\"url\":\"https:\/\/www.axiomams.eu\/wp-content\/uploads\/2025\/06\/axioma-logo-2.png\",\"contentUrl\":\"https:\/\/www.axiomams.eu\/wp-content\/uploads\/2025\/06\/axioma-logo-2.png\",\"width\":1200,\"height\":1200,\"caption\":\"AXIOMA MS\"},\"image\":{\"@id\":\"https:\/\/www.axiomams.eu\/et#\/schema\/logo\/image\/\"},\"sameAs\":[\"https:\/\/www.facebook.com\/AxiomaMS\",\"https:\/\/www.linkedin.com\/company\/axiomams\/\"]}]}<\/script>\n<!-- \/ Yoast SEO plugin. -->","yoast_head_json":{"title":"Exotek MC-380XCA niiskusem\u00f5\u00f5tja - AXIOMA MS","robots":{"index":"index","follow":"follow","max-snippet":"max-snippet:-1","max-image-preview":"max-image-preview:large","max-video-preview":"max-video-preview:-1"},"canonical":"https:\/\/www.axiomams.eu\/et\/produktas\/exotek-mc-380xca-niiskusemootja","og_locale":"et_EE","og_type":"article","og_title":"Exotek MC-380XCA niiskusem\u00f5\u00f5tja - AXIOMA MS","og_description":"Exotek MC-380XCA on mikroprotsessoriga juhitav k\u00e4eshoitav niiskusem\u00f5\u00f5tja. See on usaldusv\u00e4\u00e4rne ja lihtne kasutada ning m\u00f5eldud puidu ja ehitusmaterjalide niiskusesisalduse kiireks ja mittepurustavaks hindamiseks. MC-380XCA saab kasutada tootmises, kontrollimisel ja veekahjustuste tuvastamisel. Standardkomplekt: niiskusem\u00f5\u00f5tja, kandekott, kasutusjuhend. Tehniline teave: MC-380XCA_EN.pdf","og_url":"https:\/\/www.axiomams.eu\/et\/produktas\/exotek-mc-380xca-niiskusemootja","og_site_name":"AXIOMA MS","article_publisher":"https:\/\/www.facebook.com\/AxiomaMS","article_modified_time":"2026-02-02T12:30:24+00:00","og_image":[{"width":880,"height":800,"url":"https:\/\/www.axiomams.eu\/wp-content\/uploads\/2025\/07\/299-1458.png","type":"image\/png"}],"twitter_card":"summary_large_image","schema":{"@context":"https:\/\/schema.org","@graph":[{"@type":"WebPage","@id":"https:\/\/www.axiomams.eu\/et\/produktas\/exotek-mc-380xca-niiskusemootja","url":"https:\/\/www.axiomams.eu\/et\/produktas\/exotek-mc-380xca-niiskusemootja","name":"Exotek MC-380XCA niiskusem\u00f5\u00f5tja - AXIOMA MS","isPartOf":{"@id":"https:\/\/www.axiomams.eu\/et#website"},"primaryImageOfPage":{"@id":"https:\/\/www.axiomams.eu\/et\/produktas\/exotek-mc-380xca-niiskusemootja#primaryimage"},"image":{"@id":"https:\/\/www.axiomams.eu\/et\/produktas\/exotek-mc-380xca-niiskusemootja#primaryimage"},"thumbnailUrl":"https:\/\/www.axiomams.eu\/wp-content\/uploads\/2025\/07\/299-1458.png","datePublished":"2025-05-15T15:58:24+00:00","dateModified":"2026-02-02T12:30:24+00:00","breadcrumb":{"@id":"https:\/\/www.axiomams.eu\/et\/produktas\/exotek-mc-380xca-niiskusemootja#breadcrumb"},"inLanguage":"et","potentialAction":[{"@type":"ReadAction","target":["https:\/\/www.axiomams.eu\/et\/produktas\/exotek-mc-380xca-niiskusemootja"]}]},{"@type":"ImageObject","inLanguage":"et","@id":"https:\/\/www.axiomams.eu\/et\/produktas\/exotek-mc-380xca-niiskusemootja#primaryimage","url":"https:\/\/www.axiomams.eu\/wp-content\/uploads\/2025\/07\/299-1458.png","contentUrl":"https:\/\/www.axiomams.eu\/wp-content\/uploads\/2025\/07\/299-1458.png","width":880,"height":800},{"@type":"BreadcrumbList","@id":"https:\/\/www.axiomams.eu\/et\/produktas\/exotek-mc-380xca-niiskusemootja#breadcrumb","itemListElement":[{"@type":"ListItem","position":1,"name":"Home","item":"https:\/\/www.axiomams.eu\/et"},{"@type":"ListItem","position":2,"name":"Tooted","item":"https:\/\/www.axiomams.eu\/et\/tooted"},{"@type":"ListItem","position":3,"name":"Exotek MC-380XCA niiskusem\u00f5\u00f5tja"}]},{"@type":"WebSite","@id":"https:\/\/www.axiomams.eu\/et#website","url":"https:\/\/www.axiomams.eu\/et","name":"AXIOMA MS","description":"Terrmovizoriai ir matavimo \u012franga","publisher":{"@id":"https:\/\/www.axiomams.eu\/et#organization"},"potentialAction":[{"@type":"SearchAction","target":{"@type":"EntryPoint","urlTemplate":"https:\/\/www.axiomams.eu\/et?s={search_term_string}"},"query-input":{"@type":"PropertyValueSpecification","valueRequired":true,"valueName":"search_term_string"}}],"inLanguage":"et"},{"@type":"Organization","@id":"https:\/\/www.axiomams.eu\/et#organization","name":"AXIOMA MS","url":"https:\/\/www.axiomams.eu\/et","logo":{"@type":"ImageObject","inLanguage":"et","@id":"https:\/\/www.axiomams.eu\/et#\/schema\/logo\/image\/","url":"https:\/\/www.axiomams.eu\/wp-content\/uploads\/2025\/06\/axioma-logo-2.png","contentUrl":"https:\/\/www.axiomams.eu\/wp-content\/uploads\/2025\/06\/axioma-logo-2.png","width":1200,"height":1200,"caption":"AXIOMA MS"},"image":{"@id":"https:\/\/www.axiomams.eu\/et#\/schema\/logo\/image\/"},"sameAs":["https:\/\/www.facebook.com\/AxiomaMS","https:\/\/www.linkedin.com\/company\/axiomams\/"]}]}},"_links":{"self":[{"href":"https:\/\/www.axiomams.eu\/et\/wp-json\/wp\/v2\/product\/40171","targetHints":{"allow":["GET"]}}],"collection":[{"href":"https:\/\/www.axiomams.eu\/et\/wp-json\/wp\/v2\/product"}],"about":[{"href":"https:\/\/www.axiomams.eu\/et\/wp-json\/wp\/v2\/types\/product"}],"replies":[{"embeddable":true,"href":"https:\/\/www.axiomams.eu\/et\/wp-json\/wp\/v2\/comments?post=40171"}],"wp:featuredmedia":[{"embeddable":true,"href":"https:\/\/www.axiomams.eu\/et\/wp-json\/wp\/v2\/media\/41853"}],"wp:attachment":[{"href":"https:\/\/www.axiomams.eu\/et\/wp-json\/wp\/v2\/media?parent=40171"}],"wp:term":[{"taxonomy":"product_brand","embeddable":true,"href":"https:\/\/www.axiomams.eu\/et\/wp-json\/wp\/v2\/product_brand?post=40171"},{"taxonomy":"product_cat","embeddable":true,"href":"https:\/\/www.axiomams.eu\/et\/wp-json\/wp\/v2\/product_cat?post=40171"},{"taxonomy":"product_tag","embeddable":true,"href":"https:\/\/www.axiomams.eu\/et\/wp-json\/wp\/v2\/product_tag?post=40171"}],"curies":[{"name":"wp","href":"https:\/\/api.w.org\/{rel}","templated":true}]}}