{"id":40188,"date":"2025-05-15T17:58:34","date_gmt":"2025-05-15T15:58:34","guid":{"rendered":"https:\/\/www.axiomams.eu\/produktas\/flir-fh-669-r-soojuskaamera"},"modified":"2026-02-02T14:30:32","modified_gmt":"2026-02-02T12:30:32","slug":"flir-fh-669-r-soojuskaamera","status":"publish","type":"product","link":"https:\/\/www.axiomams.eu\/et\/produktas\/flir-fh-669-r-soojuskaamera","title":{"rendered":"Flir FH-669 R soojuskaamera"},"content":{"rendered":"<p>FLIR FH-669 R on vastupidavad, multispektraalsed fikseeritud kaamerad, mis \u00fchendavad t\u00f6\u00f6stusharu juhtiva soojuskujutise 4K n\u00e4htavale pildile, et pakkuda kiiret visuaalset kontrolli kuumade kohtade tuvastamiseks tulekahju varajase avastamise rakendustes. Kui kuum koht v\u00f5i temperatuurimuutus avastatakse, saadetakse kontaktivaba temperatuurim\u00f5\u00f5tmine operaatorile \u00fchendatud videohalduss\u00fcsteemi (VMS) kaudu koheseks hindamiseks ja reageerimistaktika rakendamiseks. Kohandatud ajakava annab turvapersonalile paindlikkuse h\u00e4irede aktiveerimiseks ja deaktiveerimiseks s\u00f5ltuvalt t\u00f6\u00f6ajast ja hooajalisusest. Kombineerides soojuslike kuumade kohtade tuvastamise v\u00f5imsuse intelligentsete s\u00f5idukite tuvastamisega, saab kuumadest heitgaasitorudest tulenevaid valeh\u00e4ireid oluliselt v\u00e4hendada.<\/p>\n<h3>Tehniline teave:<\/h3>\n<ul>\n<li><a href=\"https:\/\/axiomams.eu\/importer\/export\/attachments\/en\/flir-fh-series-r.pdf\" target=\"_blank\">FLIR FH-Series R.pdf<\/a><\/li>\n<\/ul>\n","protected":false},"excerpt":{"rendered":"<p>FLIR FH-669 R on vastupidavad, multispektraalsed fikseeritud kaamerad, mis \u00fchendavad t\u00f6\u00f6stusharu juhtiva soojuskujutise 4K n\u00e4htavale pildile, et pakkuda kiiret visuaalset kontrolli kuumade kohtade tuvastamiseks tulekahju varajase avastamise rakendustes. Kui kuum koht v\u00f5i temperatuurimuutus avastatakse, saadetakse kontaktivaba temperatuurim\u00f5\u00f5tmine operaatorile \u00fchendatud videohalduss\u00fcsteemi (VMS) kaudu koheseks hindamiseks ja reageerimistaktika rakendamiseks. Kohandatud ajakava annab turvapersonalile paindlikkuse h\u00e4irede aktiveerimiseks ja&#8230;<\/p>\n","protected":false},"featured_media":41887,"comment_status":"open","ping_status":"closed","template":"","meta":{"_acf_changed":false},"product_brand":[734],"product_cat":[17799],"product_tag":[],"class_list":{"0":"post-40188","1":"product","2":"type-product","3":"status-publish","4":"has-post-thumbnail","6":"product_brand-flir","7":"product_cat-jahindamiseks-ja-vaatlemiseks","9":"first","10":"instock","11":"taxable","12":"shipping-taxable","13":"product-type-simple"},"acf":[],"yoast_head":"<!-- This site is optimized with the Yoast SEO plugin v27.0 - https:\/\/yoast.com\/product\/yoast-seo-wordpress\/ -->\n<title>Flir FH-669 R soojuskaamera - AXIOMA MS<\/title>\n<meta name=\"robots\" content=\"index, follow, max-snippet:-1, max-image-preview:large, max-video-preview:-1\" \/>\n<link rel=\"canonical\" href=\"https:\/\/www.axiomams.eu\/et\/produktas\/flir-fh-669-r-soojuskaamera\" \/>\n<meta property=\"og:locale\" content=\"et_EE\" \/>\n<meta property=\"og:type\" content=\"article\" \/>\n<meta property=\"og:title\" content=\"Flir FH-669 R soojuskaamera - AXIOMA MS\" \/>\n<meta property=\"og:description\" content=\"FLIR FH-669 R on vastupidavad, multispektraalsed fikseeritud kaamerad, mis \u00fchendavad t\u00f6\u00f6stusharu juhtiva soojuskujutise 4K n\u00e4htavale pildile, et pakkuda kiiret visuaalset kontrolli kuumade kohtade tuvastamiseks tulekahju varajase avastamise rakendustes. Kui kuum koht v\u00f5i temperatuurimuutus avastatakse, saadetakse kontaktivaba temperatuurim\u00f5\u00f5tmine operaatorile \u00fchendatud videohalduss\u00fcsteemi (VMS) kaudu koheseks hindamiseks ja reageerimistaktika rakendamiseks. Kohandatud ajakava annab turvapersonalile paindlikkuse h\u00e4irede aktiveerimiseks ja...\" \/>\n<meta property=\"og:url\" content=\"https:\/\/www.axiomams.eu\/et\/produktas\/flir-fh-669-r-soojuskaamera\" \/>\n<meta property=\"og:site_name\" content=\"AXIOMA MS\" \/>\n<meta property=\"article:publisher\" content=\"https:\/\/www.facebook.com\/AxiomaMS\" \/>\n<meta property=\"article:modified_time\" content=\"2026-02-02T12:30:32+00:00\" \/>\n<meta property=\"og:image\" content=\"https:\/\/www.axiomams.eu\/wp-content\/uploads\/2025\/07\/3377-4511.jpg\" \/>\n\t<meta property=\"og:image:width\" content=\"978\" \/>\n\t<meta property=\"og:image:height\" content=\"1020\" \/>\n\t<meta property=\"og:image:type\" content=\"image\/jpeg\" \/>\n<meta name=\"twitter:card\" content=\"summary_large_image\" \/>\n<script type=\"application\/ld+json\" class=\"yoast-schema-graph\">{\"@context\":\"https:\/\/schema.org\",\"@graph\":[{\"@type\":\"WebPage\",\"@id\":\"https:\/\/www.axiomams.eu\/et\/produktas\/flir-fh-669-r-soojuskaamera\",\"url\":\"https:\/\/www.axiomams.eu\/et\/produktas\/flir-fh-669-r-soojuskaamera\",\"name\":\"Flir FH-669 R soojuskaamera - AXIOMA MS\",\"isPartOf\":{\"@id\":\"https:\/\/www.axiomams.eu\/et#website\"},\"primaryImageOfPage\":{\"@id\":\"https:\/\/www.axiomams.eu\/et\/produktas\/flir-fh-669-r-soojuskaamera#primaryimage\"},\"image\":{\"@id\":\"https:\/\/www.axiomams.eu\/et\/produktas\/flir-fh-669-r-soojuskaamera#primaryimage\"},\"thumbnailUrl\":\"https:\/\/www.axiomams.eu\/wp-content\/uploads\/2025\/07\/3377-4511.jpg\",\"datePublished\":\"2025-05-15T15:58:34+00:00\",\"dateModified\":\"2026-02-02T12:30:32+00:00\",\"breadcrumb\":{\"@id\":\"https:\/\/www.axiomams.eu\/et\/produktas\/flir-fh-669-r-soojuskaamera#breadcrumb\"},\"inLanguage\":\"et\",\"potentialAction\":[{\"@type\":\"ReadAction\",\"target\":[\"https:\/\/www.axiomams.eu\/et\/produktas\/flir-fh-669-r-soojuskaamera\"]}]},{\"@type\":\"ImageObject\",\"inLanguage\":\"et\",\"@id\":\"https:\/\/www.axiomams.eu\/et\/produktas\/flir-fh-669-r-soojuskaamera#primaryimage\",\"url\":\"https:\/\/www.axiomams.eu\/wp-content\/uploads\/2025\/07\/3377-4511.jpg\",\"contentUrl\":\"https:\/\/www.axiomams.eu\/wp-content\/uploads\/2025\/07\/3377-4511.jpg\",\"width\":978,\"height\":1020},{\"@type\":\"BreadcrumbList\",\"@id\":\"https:\/\/www.axiomams.eu\/et\/produktas\/flir-fh-669-r-soojuskaamera#breadcrumb\",\"itemListElement\":[{\"@type\":\"ListItem\",\"position\":1,\"name\":\"Home\",\"item\":\"https:\/\/www.axiomams.eu\/et\"},{\"@type\":\"ListItem\",\"position\":2,\"name\":\"Tooted\",\"item\":\"https:\/\/www.axiomams.eu\/et\/tooted\"},{\"@type\":\"ListItem\",\"position\":3,\"name\":\"Flir FH-669 R soojuskaamera\"}]},{\"@type\":\"WebSite\",\"@id\":\"https:\/\/www.axiomams.eu\/et#website\",\"url\":\"https:\/\/www.axiomams.eu\/et\",\"name\":\"AXIOMA MS\",\"description\":\"Terrmovizoriai ir matavimo \u012franga\",\"publisher\":{\"@id\":\"https:\/\/www.axiomams.eu\/et#organization\"},\"potentialAction\":[{\"@type\":\"SearchAction\",\"target\":{\"@type\":\"EntryPoint\",\"urlTemplate\":\"https:\/\/www.axiomams.eu\/et?s={search_term_string}\"},\"query-input\":{\"@type\":\"PropertyValueSpecification\",\"valueRequired\":true,\"valueName\":\"search_term_string\"}}],\"inLanguage\":\"et\"},{\"@type\":\"Organization\",\"@id\":\"https:\/\/www.axiomams.eu\/et#organization\",\"name\":\"AXIOMA MS\",\"url\":\"https:\/\/www.axiomams.eu\/et\",\"logo\":{\"@type\":\"ImageObject\",\"inLanguage\":\"et\",\"@id\":\"https:\/\/www.axiomams.eu\/et#\/schema\/logo\/image\/\",\"url\":\"https:\/\/www.axiomams.eu\/wp-content\/uploads\/2025\/06\/axioma-logo-2.png\",\"contentUrl\":\"https:\/\/www.axiomams.eu\/wp-content\/uploads\/2025\/06\/axioma-logo-2.png\",\"width\":1200,\"height\":1200,\"caption\":\"AXIOMA MS\"},\"image\":{\"@id\":\"https:\/\/www.axiomams.eu\/et#\/schema\/logo\/image\/\"},\"sameAs\":[\"https:\/\/www.facebook.com\/AxiomaMS\",\"https:\/\/www.linkedin.com\/company\/axiomams\/\"]}]}<\/script>\n<!-- \/ Yoast SEO plugin. -->","yoast_head_json":{"title":"Flir FH-669 R soojuskaamera - AXIOMA MS","robots":{"index":"index","follow":"follow","max-snippet":"max-snippet:-1","max-image-preview":"max-image-preview:large","max-video-preview":"max-video-preview:-1"},"canonical":"https:\/\/www.axiomams.eu\/et\/produktas\/flir-fh-669-r-soojuskaamera","og_locale":"et_EE","og_type":"article","og_title":"Flir FH-669 R soojuskaamera - AXIOMA MS","og_description":"FLIR FH-669 R on vastupidavad, multispektraalsed fikseeritud kaamerad, mis \u00fchendavad t\u00f6\u00f6stusharu juhtiva soojuskujutise 4K n\u00e4htavale pildile, et pakkuda kiiret visuaalset kontrolli kuumade kohtade tuvastamiseks tulekahju varajase avastamise rakendustes. Kui kuum koht v\u00f5i temperatuurimuutus avastatakse, saadetakse kontaktivaba temperatuurim\u00f5\u00f5tmine operaatorile \u00fchendatud videohalduss\u00fcsteemi (VMS) kaudu koheseks hindamiseks ja reageerimistaktika rakendamiseks. Kohandatud ajakava annab turvapersonalile paindlikkuse h\u00e4irede aktiveerimiseks ja...","og_url":"https:\/\/www.axiomams.eu\/et\/produktas\/flir-fh-669-r-soojuskaamera","og_site_name":"AXIOMA MS","article_publisher":"https:\/\/www.facebook.com\/AxiomaMS","article_modified_time":"2026-02-02T12:30:32+00:00","og_image":[{"width":978,"height":1020,"url":"https:\/\/www.axiomams.eu\/wp-content\/uploads\/2025\/07\/3377-4511.jpg","type":"image\/jpeg"}],"twitter_card":"summary_large_image","schema":{"@context":"https:\/\/schema.org","@graph":[{"@type":"WebPage","@id":"https:\/\/www.axiomams.eu\/et\/produktas\/flir-fh-669-r-soojuskaamera","url":"https:\/\/www.axiomams.eu\/et\/produktas\/flir-fh-669-r-soojuskaamera","name":"Flir FH-669 R soojuskaamera - AXIOMA MS","isPartOf":{"@id":"https:\/\/www.axiomams.eu\/et#website"},"primaryImageOfPage":{"@id":"https:\/\/www.axiomams.eu\/et\/produktas\/flir-fh-669-r-soojuskaamera#primaryimage"},"image":{"@id":"https:\/\/www.axiomams.eu\/et\/produktas\/flir-fh-669-r-soojuskaamera#primaryimage"},"thumbnailUrl":"https:\/\/www.axiomams.eu\/wp-content\/uploads\/2025\/07\/3377-4511.jpg","datePublished":"2025-05-15T15:58:34+00:00","dateModified":"2026-02-02T12:30:32+00:00","breadcrumb":{"@id":"https:\/\/www.axiomams.eu\/et\/produktas\/flir-fh-669-r-soojuskaamera#breadcrumb"},"inLanguage":"et","potentialAction":[{"@type":"ReadAction","target":["https:\/\/www.axiomams.eu\/et\/produktas\/flir-fh-669-r-soojuskaamera"]}]},{"@type":"ImageObject","inLanguage":"et","@id":"https:\/\/www.axiomams.eu\/et\/produktas\/flir-fh-669-r-soojuskaamera#primaryimage","url":"https:\/\/www.axiomams.eu\/wp-content\/uploads\/2025\/07\/3377-4511.jpg","contentUrl":"https:\/\/www.axiomams.eu\/wp-content\/uploads\/2025\/07\/3377-4511.jpg","width":978,"height":1020},{"@type":"BreadcrumbList","@id":"https:\/\/www.axiomams.eu\/et\/produktas\/flir-fh-669-r-soojuskaamera#breadcrumb","itemListElement":[{"@type":"ListItem","position":1,"name":"Home","item":"https:\/\/www.axiomams.eu\/et"},{"@type":"ListItem","position":2,"name":"Tooted","item":"https:\/\/www.axiomams.eu\/et\/tooted"},{"@type":"ListItem","position":3,"name":"Flir FH-669 R soojuskaamera"}]},{"@type":"WebSite","@id":"https:\/\/www.axiomams.eu\/et#website","url":"https:\/\/www.axiomams.eu\/et","name":"AXIOMA MS","description":"Terrmovizoriai ir matavimo \u012franga","publisher":{"@id":"https:\/\/www.axiomams.eu\/et#organization"},"potentialAction":[{"@type":"SearchAction","target":{"@type":"EntryPoint","urlTemplate":"https:\/\/www.axiomams.eu\/et?s={search_term_string}"},"query-input":{"@type":"PropertyValueSpecification","valueRequired":true,"valueName":"search_term_string"}}],"inLanguage":"et"},{"@type":"Organization","@id":"https:\/\/www.axiomams.eu\/et#organization","name":"AXIOMA MS","url":"https:\/\/www.axiomams.eu\/et","logo":{"@type":"ImageObject","inLanguage":"et","@id":"https:\/\/www.axiomams.eu\/et#\/schema\/logo\/image\/","url":"https:\/\/www.axiomams.eu\/wp-content\/uploads\/2025\/06\/axioma-logo-2.png","contentUrl":"https:\/\/www.axiomams.eu\/wp-content\/uploads\/2025\/06\/axioma-logo-2.png","width":1200,"height":1200,"caption":"AXIOMA MS"},"image":{"@id":"https:\/\/www.axiomams.eu\/et#\/schema\/logo\/image\/"},"sameAs":["https:\/\/www.facebook.com\/AxiomaMS","https:\/\/www.linkedin.com\/company\/axiomams\/"]}]}},"_links":{"self":[{"href":"https:\/\/www.axiomams.eu\/et\/wp-json\/wp\/v2\/product\/40188","targetHints":{"allow":["GET"]}}],"collection":[{"href":"https:\/\/www.axiomams.eu\/et\/wp-json\/wp\/v2\/product"}],"about":[{"href":"https:\/\/www.axiomams.eu\/et\/wp-json\/wp\/v2\/types\/product"}],"replies":[{"embeddable":true,"href":"https:\/\/www.axiomams.eu\/et\/wp-json\/wp\/v2\/comments?post=40188"}],"wp:featuredmedia":[{"embeddable":true,"href":"https:\/\/www.axiomams.eu\/et\/wp-json\/wp\/v2\/media\/41887"}],"wp:attachment":[{"href":"https:\/\/www.axiomams.eu\/et\/wp-json\/wp\/v2\/media?parent=40188"}],"wp:term":[{"taxonomy":"product_brand","embeddable":true,"href":"https:\/\/www.axiomams.eu\/et\/wp-json\/wp\/v2\/product_brand?post=40188"},{"taxonomy":"product_cat","embeddable":true,"href":"https:\/\/www.axiomams.eu\/et\/wp-json\/wp\/v2\/product_cat?post=40188"},{"taxonomy":"product_tag","embeddable":true,"href":"https:\/\/www.axiomams.eu\/et\/wp-json\/wp\/v2\/product_tag?post=40188"}],"curies":[{"name":"wp","href":"https:\/\/api.w.org\/{rel}","templated":true}]}}