{"id":40192,"date":"2025-05-15T18:07:58","date_gmt":"2025-05-15T16:07:58","guid":{"rendered":"https:\/\/www.axiomams.eu\/produktas\/flir-g304-soojuskaamera"},"modified":"2026-02-02T14:30:33","modified_gmt":"2026-02-02T12:30:33","slug":"flir-g304-soojuskaamera","status":"publish","type":"product","link":"https:\/\/www.axiomams.eu\/et\/produktas\/flir-g304-soojuskaamera","title":{"rendered":"Flir G304 soojuskaamera"},"content":{"rendered":"<p><iframe loading=\"lazy\" width=\"560\" height=\"315\" src=\"https:\/\/www.youtube.com\/embed\/uja8pTxNXh8?si=9cxMHWMKyfxHohX6\" title=\"YouTube video player\" frameborder=\"0\" allow=\"accelerometer; autoplay; clipboard-write; encrypted-media; gyroscope; picture-in-picture; web-share\" allowfullscreen><\/iframe><\/p>\n<p><b\/>Standardkomplekt:<\/b> FLIR infrapunakaamera G304, aku, 2 tk, akulaadija, toiteallikas, k\u00e4erihm, kaelarihm, objektiivi korpus, objektiivi korpuse rihm, m\u00e4lukaart, HDMI-HDMI kaabel, USB-kaabel, kruvikeeraja TX20, nupukruvi (valikuline kruvi tagumise katte jaoks), tr\u00fckitud dokumentatsioon, k\u00f5va transpordikott.<\/p>\n<h3>Tehniline teave:<\/h3>\n<ul>\n<li><a href=\"https:\/\/axiomams.eu\/importer\/export\/attachments\/en\/flir-g304.pdf\" target=\"_blank\">FLIR G304.pdf<\/a><\/li>\n<\/ul>\n","protected":false},"excerpt":{"rendered":"<p>Standardkomplekt: FLIR infrapunakaamera G304, aku, 2 tk, akulaadija, toiteallikas, k\u00e4erihm, kaelarihm, objektiivi korpus, objektiivi korpuse rihm, m\u00e4lukaart, HDMI-HDMI kaabel, USB-kaabel, kruvikeeraja TX20, nupukruvi (valikuline kruvi tagumise katte jaoks), tr\u00fckitud dokumentatsioon, k\u00f5va transpordikott. Tehniline teave: FLIR G304.pdf<\/p>\n","protected":false},"featured_media":41895,"comment_status":"open","ping_status":"closed","template":"","meta":{"_acf_changed":false},"product_brand":[734],"product_cat":[17796],"product_tag":[],"class_list":{"0":"post-40192","1":"product","2":"type-product","3":"status-publish","4":"has-post-thumbnail","6":"product_brand-flir","7":"product_cat-gaasilekke-tuvastamiseks","9":"first","10":"instock","11":"taxable","12":"shipping-taxable","13":"product-type-simple"},"acf":[],"yoast_head":"<!-- This site is optimized with the Yoast SEO plugin v27.0 - https:\/\/yoast.com\/product\/yoast-seo-wordpress\/ -->\n<title>Flir G304 soojuskaamera - AXIOMA MS<\/title>\n<meta name=\"robots\" content=\"index, follow, max-snippet:-1, max-image-preview:large, max-video-preview:-1\" \/>\n<link rel=\"canonical\" href=\"https:\/\/www.axiomams.eu\/et\/produktas\/flir-g304-soojuskaamera\" \/>\n<meta property=\"og:locale\" content=\"et_EE\" \/>\n<meta property=\"og:type\" content=\"article\" \/>\n<meta property=\"og:title\" content=\"Flir G304 soojuskaamera - AXIOMA MS\" \/>\n<meta property=\"og:description\" content=\"Standardkomplekt: FLIR infrapunakaamera G304, aku, 2 tk, akulaadija, toiteallikas, k\u00e4erihm, kaelarihm, objektiivi korpus, objektiivi korpuse rihm, m\u00e4lukaart, HDMI-HDMI kaabel, USB-kaabel, kruvikeeraja TX20, nupukruvi (valikuline kruvi tagumise katte jaoks), tr\u00fckitud dokumentatsioon, k\u00f5va transpordikott. Tehniline teave: FLIR G304.pdf\" \/>\n<meta property=\"og:url\" content=\"https:\/\/www.axiomams.eu\/et\/produktas\/flir-g304-soojuskaamera\" \/>\n<meta property=\"og:site_name\" content=\"AXIOMA MS\" \/>\n<meta property=\"article:publisher\" content=\"https:\/\/www.facebook.com\/AxiomaMS\" \/>\n<meta property=\"article:modified_time\" content=\"2026-02-02T12:30:33+00:00\" \/>\n<meta property=\"og:image\" content=\"https:\/\/www.axiomams.eu\/wp-content\/uploads\/2025\/07\/3456-4644.jpg\" \/>\n\t<meta property=\"og:image:width\" content=\"1360\" \/>\n\t<meta property=\"og:image:height\" content=\"1020\" \/>\n\t<meta property=\"og:image:type\" content=\"image\/jpeg\" \/>\n<meta name=\"twitter:card\" content=\"summary_large_image\" \/>\n<script type=\"application\/ld+json\" class=\"yoast-schema-graph\">{\"@context\":\"https:\/\/schema.org\",\"@graph\":[{\"@type\":\"WebPage\",\"@id\":\"https:\/\/www.axiomams.eu\/et\/produktas\/flir-g304-soojuskaamera\",\"url\":\"https:\/\/www.axiomams.eu\/et\/produktas\/flir-g304-soojuskaamera\",\"name\":\"Flir G304 soojuskaamera - AXIOMA MS\",\"isPartOf\":{\"@id\":\"https:\/\/www.axiomams.eu\/et#website\"},\"primaryImageOfPage\":{\"@id\":\"https:\/\/www.axiomams.eu\/et\/produktas\/flir-g304-soojuskaamera#primaryimage\"},\"image\":{\"@id\":\"https:\/\/www.axiomams.eu\/et\/produktas\/flir-g304-soojuskaamera#primaryimage\"},\"thumbnailUrl\":\"https:\/\/www.axiomams.eu\/wp-content\/uploads\/2025\/07\/3456-4644.jpg\",\"datePublished\":\"2025-05-15T16:07:58+00:00\",\"dateModified\":\"2026-02-02T12:30:33+00:00\",\"breadcrumb\":{\"@id\":\"https:\/\/www.axiomams.eu\/et\/produktas\/flir-g304-soojuskaamera#breadcrumb\"},\"inLanguage\":\"et\",\"potentialAction\":[{\"@type\":\"ReadAction\",\"target\":[\"https:\/\/www.axiomams.eu\/et\/produktas\/flir-g304-soojuskaamera\"]}]},{\"@type\":\"ImageObject\",\"inLanguage\":\"et\",\"@id\":\"https:\/\/www.axiomams.eu\/et\/produktas\/flir-g304-soojuskaamera#primaryimage\",\"url\":\"https:\/\/www.axiomams.eu\/wp-content\/uploads\/2025\/07\/3456-4644.jpg\",\"contentUrl\":\"https:\/\/www.axiomams.eu\/wp-content\/uploads\/2025\/07\/3456-4644.jpg\",\"width\":1360,\"height\":1020},{\"@type\":\"BreadcrumbList\",\"@id\":\"https:\/\/www.axiomams.eu\/et\/produktas\/flir-g304-soojuskaamera#breadcrumb\",\"itemListElement\":[{\"@type\":\"ListItem\",\"position\":1,\"name\":\"Home\",\"item\":\"https:\/\/www.axiomams.eu\/et\"},{\"@type\":\"ListItem\",\"position\":2,\"name\":\"Tooted\",\"item\":\"https:\/\/www.axiomams.eu\/et\/tooted\"},{\"@type\":\"ListItem\",\"position\":3,\"name\":\"Flir G304 soojuskaamera\"}]},{\"@type\":\"WebSite\",\"@id\":\"https:\/\/www.axiomams.eu\/et#website\",\"url\":\"https:\/\/www.axiomams.eu\/et\",\"name\":\"AXIOMA MS\",\"description\":\"Terrmovizoriai ir matavimo \u012franga\",\"publisher\":{\"@id\":\"https:\/\/www.axiomams.eu\/et#organization\"},\"potentialAction\":[{\"@type\":\"SearchAction\",\"target\":{\"@type\":\"EntryPoint\",\"urlTemplate\":\"https:\/\/www.axiomams.eu\/et?s={search_term_string}\"},\"query-input\":{\"@type\":\"PropertyValueSpecification\",\"valueRequired\":true,\"valueName\":\"search_term_string\"}}],\"inLanguage\":\"et\"},{\"@type\":\"Organization\",\"@id\":\"https:\/\/www.axiomams.eu\/et#organization\",\"name\":\"AXIOMA MS\",\"url\":\"https:\/\/www.axiomams.eu\/et\",\"logo\":{\"@type\":\"ImageObject\",\"inLanguage\":\"et\",\"@id\":\"https:\/\/www.axiomams.eu\/et#\/schema\/logo\/image\/\",\"url\":\"https:\/\/www.axiomams.eu\/wp-content\/uploads\/2025\/06\/axioma-logo-2.png\",\"contentUrl\":\"https:\/\/www.axiomams.eu\/wp-content\/uploads\/2025\/06\/axioma-logo-2.png\",\"width\":1200,\"height\":1200,\"caption\":\"AXIOMA MS\"},\"image\":{\"@id\":\"https:\/\/www.axiomams.eu\/et#\/schema\/logo\/image\/\"},\"sameAs\":[\"https:\/\/www.facebook.com\/AxiomaMS\",\"https:\/\/www.linkedin.com\/company\/axiomams\/\"]}]}<\/script>\n<!-- \/ Yoast SEO plugin. -->","yoast_head_json":{"title":"Flir G304 soojuskaamera - AXIOMA MS","robots":{"index":"index","follow":"follow","max-snippet":"max-snippet:-1","max-image-preview":"max-image-preview:large","max-video-preview":"max-video-preview:-1"},"canonical":"https:\/\/www.axiomams.eu\/et\/produktas\/flir-g304-soojuskaamera","og_locale":"et_EE","og_type":"article","og_title":"Flir G304 soojuskaamera - AXIOMA MS","og_description":"Standardkomplekt: FLIR infrapunakaamera G304, aku, 2 tk, akulaadija, toiteallikas, k\u00e4erihm, kaelarihm, objektiivi korpus, objektiivi korpuse rihm, m\u00e4lukaart, HDMI-HDMI kaabel, USB-kaabel, kruvikeeraja TX20, nupukruvi (valikuline kruvi tagumise katte jaoks), tr\u00fckitud dokumentatsioon, k\u00f5va transpordikott. Tehniline teave: FLIR G304.pdf","og_url":"https:\/\/www.axiomams.eu\/et\/produktas\/flir-g304-soojuskaamera","og_site_name":"AXIOMA MS","article_publisher":"https:\/\/www.facebook.com\/AxiomaMS","article_modified_time":"2026-02-02T12:30:33+00:00","og_image":[{"width":1360,"height":1020,"url":"https:\/\/www.axiomams.eu\/wp-content\/uploads\/2025\/07\/3456-4644.jpg","type":"image\/jpeg"}],"twitter_card":"summary_large_image","schema":{"@context":"https:\/\/schema.org","@graph":[{"@type":"WebPage","@id":"https:\/\/www.axiomams.eu\/et\/produktas\/flir-g304-soojuskaamera","url":"https:\/\/www.axiomams.eu\/et\/produktas\/flir-g304-soojuskaamera","name":"Flir G304 soojuskaamera - AXIOMA MS","isPartOf":{"@id":"https:\/\/www.axiomams.eu\/et#website"},"primaryImageOfPage":{"@id":"https:\/\/www.axiomams.eu\/et\/produktas\/flir-g304-soojuskaamera#primaryimage"},"image":{"@id":"https:\/\/www.axiomams.eu\/et\/produktas\/flir-g304-soojuskaamera#primaryimage"},"thumbnailUrl":"https:\/\/www.axiomams.eu\/wp-content\/uploads\/2025\/07\/3456-4644.jpg","datePublished":"2025-05-15T16:07:58+00:00","dateModified":"2026-02-02T12:30:33+00:00","breadcrumb":{"@id":"https:\/\/www.axiomams.eu\/et\/produktas\/flir-g304-soojuskaamera#breadcrumb"},"inLanguage":"et","potentialAction":[{"@type":"ReadAction","target":["https:\/\/www.axiomams.eu\/et\/produktas\/flir-g304-soojuskaamera"]}]},{"@type":"ImageObject","inLanguage":"et","@id":"https:\/\/www.axiomams.eu\/et\/produktas\/flir-g304-soojuskaamera#primaryimage","url":"https:\/\/www.axiomams.eu\/wp-content\/uploads\/2025\/07\/3456-4644.jpg","contentUrl":"https:\/\/www.axiomams.eu\/wp-content\/uploads\/2025\/07\/3456-4644.jpg","width":1360,"height":1020},{"@type":"BreadcrumbList","@id":"https:\/\/www.axiomams.eu\/et\/produktas\/flir-g304-soojuskaamera#breadcrumb","itemListElement":[{"@type":"ListItem","position":1,"name":"Home","item":"https:\/\/www.axiomams.eu\/et"},{"@type":"ListItem","position":2,"name":"Tooted","item":"https:\/\/www.axiomams.eu\/et\/tooted"},{"@type":"ListItem","position":3,"name":"Flir G304 soojuskaamera"}]},{"@type":"WebSite","@id":"https:\/\/www.axiomams.eu\/et#website","url":"https:\/\/www.axiomams.eu\/et","name":"AXIOMA MS","description":"Terrmovizoriai ir matavimo \u012franga","publisher":{"@id":"https:\/\/www.axiomams.eu\/et#organization"},"potentialAction":[{"@type":"SearchAction","target":{"@type":"EntryPoint","urlTemplate":"https:\/\/www.axiomams.eu\/et?s={search_term_string}"},"query-input":{"@type":"PropertyValueSpecification","valueRequired":true,"valueName":"search_term_string"}}],"inLanguage":"et"},{"@type":"Organization","@id":"https:\/\/www.axiomams.eu\/et#organization","name":"AXIOMA MS","url":"https:\/\/www.axiomams.eu\/et","logo":{"@type":"ImageObject","inLanguage":"et","@id":"https:\/\/www.axiomams.eu\/et#\/schema\/logo\/image\/","url":"https:\/\/www.axiomams.eu\/wp-content\/uploads\/2025\/06\/axioma-logo-2.png","contentUrl":"https:\/\/www.axiomams.eu\/wp-content\/uploads\/2025\/06\/axioma-logo-2.png","width":1200,"height":1200,"caption":"AXIOMA MS"},"image":{"@id":"https:\/\/www.axiomams.eu\/et#\/schema\/logo\/image\/"},"sameAs":["https:\/\/www.facebook.com\/AxiomaMS","https:\/\/www.linkedin.com\/company\/axiomams\/"]}]}},"_links":{"self":[{"href":"https:\/\/www.axiomams.eu\/et\/wp-json\/wp\/v2\/product\/40192","targetHints":{"allow":["GET"]}}],"collection":[{"href":"https:\/\/www.axiomams.eu\/et\/wp-json\/wp\/v2\/product"}],"about":[{"href":"https:\/\/www.axiomams.eu\/et\/wp-json\/wp\/v2\/types\/product"}],"replies":[{"embeddable":true,"href":"https:\/\/www.axiomams.eu\/et\/wp-json\/wp\/v2\/comments?post=40192"}],"wp:featuredmedia":[{"embeddable":true,"href":"https:\/\/www.axiomams.eu\/et\/wp-json\/wp\/v2\/media\/41895"}],"wp:attachment":[{"href":"https:\/\/www.axiomams.eu\/et\/wp-json\/wp\/v2\/media?parent=40192"}],"wp:term":[{"taxonomy":"product_brand","embeddable":true,"href":"https:\/\/www.axiomams.eu\/et\/wp-json\/wp\/v2\/product_brand?post=40192"},{"taxonomy":"product_cat","embeddable":true,"href":"https:\/\/www.axiomams.eu\/et\/wp-json\/wp\/v2\/product_cat?post=40192"},{"taxonomy":"product_tag","embeddable":true,"href":"https:\/\/www.axiomams.eu\/et\/wp-json\/wp\/v2\/product_tag?post=40192"}],"curies":[{"name":"wp","href":"https:\/\/api.w.org\/{rel}","templated":true}]}}