{"id":40199,"date":"2025-05-15T17:58:39","date_gmt":"2025-05-15T15:58:39","guid":{"rendered":"https:\/\/www.axiomams.eu\/produktas\/flir-gf77-hr-soojuskaamera"},"modified":"2026-02-02T14:30:37","modified_gmt":"2026-02-02T12:30:37","slug":"flir-gf77-hr-soojuskaamera","status":"publish","type":"product","link":"https:\/\/www.axiomams.eu\/et\/produktas\/flir-gf77-hr-soojuskaamera","title":{"rendered":"Flir GF77-HR soojuskaamera"},"content":{"rendered":"<p>FLIR GF77-HR on uuenduslik jahutamata infrapunakaamera, mis suudab tuvastada metaani ja muid gaaside heitkoguseid t\u00f6\u00f6stusettev\u00f5tetes, taastuvenergia tootjates, maagaasielektrijaamades ja maagaasi tarneahelas paiknevates kohtades. See kaamera on spektraalselt filtreeritud spetsiaalselt metaani ja muude gaaside jaoks, et parandada visualiseerimist ja v\u00e4hendada teistes lainepikkustes neelavate gaaside valenegatiivseid tulemusi. FLIR T-seeria platvormi auhinnatud disainil p\u00f5hinev GF77-LR pakub elavat puutetundlikku LCD-ekraani, 180\u00b0 p\u00f6\u00f6ratavat optilist plokki ja okulaari, mis h\u00f5lbustab kasutamist otsese p\u00e4ikesevalguse k\u00e4es. Lihtsustatud aruandlusfunktsioonid, nagu sisseehitatud h\u00e4\u00e4lm\u00e4rkused, kohandatavad t\u00f6\u00f6kaustad ja GPS-m\u00e4rgistus, aitavad kontrollimist lihtsustada.<\/p>\n<p>Gaasitundlikkus (NECL):<br \/>\n    SF6: < 1 ppm x m\n    C2H4: < 20 ppm x m\n    NH3: < 20 ppm x m\n(\u0394T = 10 \u00b0C, kaugus = 1 m)\n\nStandardkomplekt: FLIR GF77-HR infrapunakaamera koos objektiiviga, akulaadija toiteallikas, toiteallikas 15 W\/3 A, tr\u00fckitud dokumentatsioon, SD-kaart, USB-kaablid, USB-adapter, rihmad, objektiivi puhastuslapp, v\u00e4ike silmaklaas, patareid, akulaadija, k\u00f5va transpordikott, objektiivikorgid.\n\n\n\n<h3>Tehniline teave:<\/h3>\n<ul>\n<li><a href=\"https:\/\/axiomams.eu\/importer\/export\/attachments\/en\/flir-gf77.pdf\" target=\"_blank\">FLIR GF77.pdf<\/a><\/li>\n<\/ul>\n","protected":false},"excerpt":{"rendered":"<p>FLIR GF77-HR on uuenduslik jahutamata infrapunakaamera, mis suudab tuvastada metaani ja muid gaaside heitkoguseid t\u00f6\u00f6stusettev\u00f5tetes, taastuvenergia tootjates, maagaasielektrijaamades ja maagaasi tarneahelas paiknevates kohtades. See kaamera on spektraalselt filtreeritud spetsiaalselt metaani ja muude gaaside jaoks, et parandada visualiseerimist ja v\u00e4hendada teistes lainepikkustes neelavate gaaside valenegatiivseid tulemusi. FLIR T-seeria platvormi auhinnatud disainil p\u00f5hinev GF77-LR pakub elavat puutetundlikku&#8230;<\/p>\n","protected":false},"featured_media":41909,"comment_status":"open","ping_status":"closed","template":"","meta":{"_acf_changed":false},"product_brand":[734],"product_cat":[17796],"product_tag":[],"class_list":{"0":"post-40199","1":"product","2":"type-product","3":"status-publish","4":"has-post-thumbnail","6":"product_brand-flir","7":"product_cat-gaasilekke-tuvastamiseks","9":"first","10":"instock","11":"taxable","12":"shipping-taxable","13":"product-type-simple"},"acf":[],"yoast_head":"<!-- This site is optimized with the Yoast SEO plugin v27.0 - https:\/\/yoast.com\/product\/yoast-seo-wordpress\/ -->\n<title>Flir GF77-HR soojuskaamera - AXIOMA MS<\/title>\n<meta name=\"robots\" content=\"index, follow, max-snippet:-1, max-image-preview:large, max-video-preview:-1\" \/>\n<link rel=\"canonical\" href=\"https:\/\/www.axiomams.eu\/et\/produktas\/flir-gf77-hr-soojuskaamera\" \/>\n<meta property=\"og:locale\" content=\"et_EE\" \/>\n<meta property=\"og:type\" content=\"article\" \/>\n<meta property=\"og:title\" content=\"Flir GF77-HR soojuskaamera - AXIOMA MS\" \/>\n<meta property=\"og:description\" content=\"FLIR GF77-HR on uuenduslik jahutamata infrapunakaamera, mis suudab tuvastada metaani ja muid gaaside heitkoguseid t\u00f6\u00f6stusettev\u00f5tetes, taastuvenergia tootjates, maagaasielektrijaamades ja maagaasi tarneahelas paiknevates kohtades. See kaamera on spektraalselt filtreeritud spetsiaalselt metaani ja muude gaaside jaoks, et parandada visualiseerimist ja v\u00e4hendada teistes lainepikkustes neelavate gaaside valenegatiivseid tulemusi. FLIR T-seeria platvormi auhinnatud disainil p\u00f5hinev GF77-LR pakub elavat puutetundlikku...\" \/>\n<meta property=\"og:url\" content=\"https:\/\/www.axiomams.eu\/et\/produktas\/flir-gf77-hr-soojuskaamera\" \/>\n<meta property=\"og:site_name\" content=\"AXIOMA MS\" \/>\n<meta property=\"article:publisher\" content=\"https:\/\/www.facebook.com\/AxiomaMS\" \/>\n<meta property=\"article:modified_time\" content=\"2026-02-02T12:30:37+00:00\" \/>\n<meta property=\"og:image\" content=\"https:\/\/www.axiomams.eu\/wp-content\/uploads\/2025\/07\/4587-5900.jpg\" \/>\n\t<meta property=\"og:image:width\" content=\"1000\" \/>\n\t<meta property=\"og:image:height\" content=\"958\" \/>\n\t<meta property=\"og:image:type\" content=\"image\/jpeg\" \/>\n<meta name=\"twitter:card\" content=\"summary_large_image\" \/>\n<meta name=\"twitter:label1\" content=\"Est. reading time\" \/>\n\t<meta name=\"twitter:data1\" content=\"1 minut\" \/>\n<script type=\"application\/ld+json\" class=\"yoast-schema-graph\">{\"@context\":\"https:\/\/schema.org\",\"@graph\":[{\"@type\":\"WebPage\",\"@id\":\"https:\/\/www.axiomams.eu\/et\/produktas\/flir-gf77-hr-soojuskaamera\",\"url\":\"https:\/\/www.axiomams.eu\/et\/produktas\/flir-gf77-hr-soojuskaamera\",\"name\":\"Flir GF77-HR soojuskaamera - AXIOMA MS\",\"isPartOf\":{\"@id\":\"https:\/\/www.axiomams.eu\/et#website\"},\"primaryImageOfPage\":{\"@id\":\"https:\/\/www.axiomams.eu\/et\/produktas\/flir-gf77-hr-soojuskaamera#primaryimage\"},\"image\":{\"@id\":\"https:\/\/www.axiomams.eu\/et\/produktas\/flir-gf77-hr-soojuskaamera#primaryimage\"},\"thumbnailUrl\":\"https:\/\/www.axiomams.eu\/wp-content\/uploads\/2025\/07\/4587-5900.jpg\",\"datePublished\":\"2025-05-15T15:58:39+00:00\",\"dateModified\":\"2026-02-02T12:30:37+00:00\",\"breadcrumb\":{\"@id\":\"https:\/\/www.axiomams.eu\/et\/produktas\/flir-gf77-hr-soojuskaamera#breadcrumb\"},\"inLanguage\":\"et\",\"potentialAction\":[{\"@type\":\"ReadAction\",\"target\":[\"https:\/\/www.axiomams.eu\/et\/produktas\/flir-gf77-hr-soojuskaamera\"]}]},{\"@type\":\"ImageObject\",\"inLanguage\":\"et\",\"@id\":\"https:\/\/www.axiomams.eu\/et\/produktas\/flir-gf77-hr-soojuskaamera#primaryimage\",\"url\":\"https:\/\/www.axiomams.eu\/wp-content\/uploads\/2025\/07\/4587-5900.jpg\",\"contentUrl\":\"https:\/\/www.axiomams.eu\/wp-content\/uploads\/2025\/07\/4587-5900.jpg\",\"width\":1000,\"height\":958},{\"@type\":\"BreadcrumbList\",\"@id\":\"https:\/\/www.axiomams.eu\/et\/produktas\/flir-gf77-hr-soojuskaamera#breadcrumb\",\"itemListElement\":[{\"@type\":\"ListItem\",\"position\":1,\"name\":\"Home\",\"item\":\"https:\/\/www.axiomams.eu\/et\"},{\"@type\":\"ListItem\",\"position\":2,\"name\":\"Tooted\",\"item\":\"https:\/\/www.axiomams.eu\/et\/tooted\"},{\"@type\":\"ListItem\",\"position\":3,\"name\":\"Flir GF77-HR soojuskaamera\"}]},{\"@type\":\"WebSite\",\"@id\":\"https:\/\/www.axiomams.eu\/et#website\",\"url\":\"https:\/\/www.axiomams.eu\/et\",\"name\":\"AXIOMA MS\",\"description\":\"Terrmovizoriai ir matavimo \u012franga\",\"publisher\":{\"@id\":\"https:\/\/www.axiomams.eu\/et#organization\"},\"potentialAction\":[{\"@type\":\"SearchAction\",\"target\":{\"@type\":\"EntryPoint\",\"urlTemplate\":\"https:\/\/www.axiomams.eu\/et?s={search_term_string}\"},\"query-input\":{\"@type\":\"PropertyValueSpecification\",\"valueRequired\":true,\"valueName\":\"search_term_string\"}}],\"inLanguage\":\"et\"},{\"@type\":\"Organization\",\"@id\":\"https:\/\/www.axiomams.eu\/et#organization\",\"name\":\"AXIOMA MS\",\"url\":\"https:\/\/www.axiomams.eu\/et\",\"logo\":{\"@type\":\"ImageObject\",\"inLanguage\":\"et\",\"@id\":\"https:\/\/www.axiomams.eu\/et#\/schema\/logo\/image\/\",\"url\":\"https:\/\/www.axiomams.eu\/wp-content\/uploads\/2025\/06\/axioma-logo-2.png\",\"contentUrl\":\"https:\/\/www.axiomams.eu\/wp-content\/uploads\/2025\/06\/axioma-logo-2.png\",\"width\":1200,\"height\":1200,\"caption\":\"AXIOMA MS\"},\"image\":{\"@id\":\"https:\/\/www.axiomams.eu\/et#\/schema\/logo\/image\/\"},\"sameAs\":[\"https:\/\/www.facebook.com\/AxiomaMS\",\"https:\/\/www.linkedin.com\/company\/axiomams\/\"]}]}<\/script>\n<!-- \/ Yoast SEO plugin. -->","yoast_head_json":{"title":"Flir GF77-HR soojuskaamera - AXIOMA MS","robots":{"index":"index","follow":"follow","max-snippet":"max-snippet:-1","max-image-preview":"max-image-preview:large","max-video-preview":"max-video-preview:-1"},"canonical":"https:\/\/www.axiomams.eu\/et\/produktas\/flir-gf77-hr-soojuskaamera","og_locale":"et_EE","og_type":"article","og_title":"Flir GF77-HR soojuskaamera - AXIOMA MS","og_description":"FLIR GF77-HR on uuenduslik jahutamata infrapunakaamera, mis suudab tuvastada metaani ja muid gaaside heitkoguseid t\u00f6\u00f6stusettev\u00f5tetes, taastuvenergia tootjates, maagaasielektrijaamades ja maagaasi tarneahelas paiknevates kohtades. See kaamera on spektraalselt filtreeritud spetsiaalselt metaani ja muude gaaside jaoks, et parandada visualiseerimist ja v\u00e4hendada teistes lainepikkustes neelavate gaaside valenegatiivseid tulemusi. FLIR T-seeria platvormi auhinnatud disainil p\u00f5hinev GF77-LR pakub elavat puutetundlikku...","og_url":"https:\/\/www.axiomams.eu\/et\/produktas\/flir-gf77-hr-soojuskaamera","og_site_name":"AXIOMA MS","article_publisher":"https:\/\/www.facebook.com\/AxiomaMS","article_modified_time":"2026-02-02T12:30:37+00:00","og_image":[{"width":1000,"height":958,"url":"https:\/\/www.axiomams.eu\/wp-content\/uploads\/2025\/07\/4587-5900.jpg","type":"image\/jpeg"}],"twitter_card":"summary_large_image","twitter_misc":{"Est. reading time":"1 minut"},"schema":{"@context":"https:\/\/schema.org","@graph":[{"@type":"WebPage","@id":"https:\/\/www.axiomams.eu\/et\/produktas\/flir-gf77-hr-soojuskaamera","url":"https:\/\/www.axiomams.eu\/et\/produktas\/flir-gf77-hr-soojuskaamera","name":"Flir GF77-HR soojuskaamera - AXIOMA MS","isPartOf":{"@id":"https:\/\/www.axiomams.eu\/et#website"},"primaryImageOfPage":{"@id":"https:\/\/www.axiomams.eu\/et\/produktas\/flir-gf77-hr-soojuskaamera#primaryimage"},"image":{"@id":"https:\/\/www.axiomams.eu\/et\/produktas\/flir-gf77-hr-soojuskaamera#primaryimage"},"thumbnailUrl":"https:\/\/www.axiomams.eu\/wp-content\/uploads\/2025\/07\/4587-5900.jpg","datePublished":"2025-05-15T15:58:39+00:00","dateModified":"2026-02-02T12:30:37+00:00","breadcrumb":{"@id":"https:\/\/www.axiomams.eu\/et\/produktas\/flir-gf77-hr-soojuskaamera#breadcrumb"},"inLanguage":"et","potentialAction":[{"@type":"ReadAction","target":["https:\/\/www.axiomams.eu\/et\/produktas\/flir-gf77-hr-soojuskaamera"]}]},{"@type":"ImageObject","inLanguage":"et","@id":"https:\/\/www.axiomams.eu\/et\/produktas\/flir-gf77-hr-soojuskaamera#primaryimage","url":"https:\/\/www.axiomams.eu\/wp-content\/uploads\/2025\/07\/4587-5900.jpg","contentUrl":"https:\/\/www.axiomams.eu\/wp-content\/uploads\/2025\/07\/4587-5900.jpg","width":1000,"height":958},{"@type":"BreadcrumbList","@id":"https:\/\/www.axiomams.eu\/et\/produktas\/flir-gf77-hr-soojuskaamera#breadcrumb","itemListElement":[{"@type":"ListItem","position":1,"name":"Home","item":"https:\/\/www.axiomams.eu\/et"},{"@type":"ListItem","position":2,"name":"Tooted","item":"https:\/\/www.axiomams.eu\/et\/tooted"},{"@type":"ListItem","position":3,"name":"Flir GF77-HR soojuskaamera"}]},{"@type":"WebSite","@id":"https:\/\/www.axiomams.eu\/et#website","url":"https:\/\/www.axiomams.eu\/et","name":"AXIOMA MS","description":"Terrmovizoriai ir matavimo \u012franga","publisher":{"@id":"https:\/\/www.axiomams.eu\/et#organization"},"potentialAction":[{"@type":"SearchAction","target":{"@type":"EntryPoint","urlTemplate":"https:\/\/www.axiomams.eu\/et?s={search_term_string}"},"query-input":{"@type":"PropertyValueSpecification","valueRequired":true,"valueName":"search_term_string"}}],"inLanguage":"et"},{"@type":"Organization","@id":"https:\/\/www.axiomams.eu\/et#organization","name":"AXIOMA MS","url":"https:\/\/www.axiomams.eu\/et","logo":{"@type":"ImageObject","inLanguage":"et","@id":"https:\/\/www.axiomams.eu\/et#\/schema\/logo\/image\/","url":"https:\/\/www.axiomams.eu\/wp-content\/uploads\/2025\/06\/axioma-logo-2.png","contentUrl":"https:\/\/www.axiomams.eu\/wp-content\/uploads\/2025\/06\/axioma-logo-2.png","width":1200,"height":1200,"caption":"AXIOMA MS"},"image":{"@id":"https:\/\/www.axiomams.eu\/et#\/schema\/logo\/image\/"},"sameAs":["https:\/\/www.facebook.com\/AxiomaMS","https:\/\/www.linkedin.com\/company\/axiomams\/"]}]}},"_links":{"self":[{"href":"https:\/\/www.axiomams.eu\/et\/wp-json\/wp\/v2\/product\/40199","targetHints":{"allow":["GET"]}}],"collection":[{"href":"https:\/\/www.axiomams.eu\/et\/wp-json\/wp\/v2\/product"}],"about":[{"href":"https:\/\/www.axiomams.eu\/et\/wp-json\/wp\/v2\/types\/product"}],"replies":[{"embeddable":true,"href":"https:\/\/www.axiomams.eu\/et\/wp-json\/wp\/v2\/comments?post=40199"}],"wp:featuredmedia":[{"embeddable":true,"href":"https:\/\/www.axiomams.eu\/et\/wp-json\/wp\/v2\/media\/41909"}],"wp:attachment":[{"href":"https:\/\/www.axiomams.eu\/et\/wp-json\/wp\/v2\/media?parent=40199"}],"wp:term":[{"taxonomy":"product_brand","embeddable":true,"href":"https:\/\/www.axiomams.eu\/et\/wp-json\/wp\/v2\/product_brand?post=40199"},{"taxonomy":"product_cat","embeddable":true,"href":"https:\/\/www.axiomams.eu\/et\/wp-json\/wp\/v2\/product_cat?post=40199"},{"taxonomy":"product_tag","embeddable":true,"href":"https:\/\/www.axiomams.eu\/et\/wp-json\/wp\/v2\/product_tag?post=40199"}],"curies":[{"name":"wp","href":"https:\/\/api.w.org\/{rel}","templated":true}]}}