{"id":40238,"date":"2025-05-15T17:59:25","date_gmt":"2025-05-15T15:59:25","guid":{"rendered":"https:\/\/www.axiomams.eu\/produktas\/delta-ohm-hd35apd-juhtmeta-baasuksus"},"modified":"2026-02-02T14:30:53","modified_gmt":"2026-02-02T12:30:53","slug":"delta-ohm-hd35apd-juhtmeta-baasuksus","status":"publish","type":"product","link":"https:\/\/www.axiomams.eu\/et\/produktas\/delta-ohm-hd35apd-juhtmeta-baasuksus","title":{"rendered":"Delta OHM HD35APD Juhtmeta baas\u00fcksus"},"content":{"rendered":"<p>Delta OHM HD35APD on traadita baas\u00fcksus, mida kasutatakse mitmete teiste Delta OHM m\u00f5\u00f5teseadmetega suhtlemiseks ja nende juhtimiseks. Kaasasoleva tarkvara abil saate vaadata ja anal\u00fc\u00fcsida m\u00f5\u00f5tmisi, kontrollida ja redigeerida kogutud andmeid ning muuta \u00fchendatud Delta OHM seadmete toimimist.<\/p>\n<p>Standardkomplekt: Delta OHM HD35APD, CD koos kasutusjuhendi ja tarkvaraga, kiire kasutusjuhend.<\/p>\n<h3>Tehniline teave:<\/h3>\n<ul>\n<li><a href=\"https:\/\/axiomams.eu\/importer\/export\/attachments\/en\/delta-ohm-hd35.pdf\" target=\"_blank\">Delta OHM HD35.pdf<\/a><\/li>\n<\/ul>\n","protected":false},"excerpt":{"rendered":"<p>Delta OHM HD35APD on traadita baas\u00fcksus, mida kasutatakse mitmete teiste Delta OHM m\u00f5\u00f5teseadmetega suhtlemiseks ja nende juhtimiseks. Kaasasoleva tarkvara abil saate vaadata ja anal\u00fc\u00fcsida m\u00f5\u00f5tmisi, kontrollida ja redigeerida kogutud andmeid ning muuta \u00fchendatud Delta OHM seadmete toimimist. Standardkomplekt: Delta OHM HD35APD, CD koos kasutusjuhendi ja tarkvaraga, kiire kasutusjuhend. Tehniline teave: Delta OHM HD35.pdf<\/p>\n","protected":false},"featured_media":42008,"comment_status":"open","ping_status":"closed","template":"","meta":{"_acf_changed":false},"product_brand":[740],"product_cat":[17791],"product_tag":[],"class_list":{"0":"post-40238","1":"product","2":"type-product","3":"status-publish","4":"has-post-thumbnail","6":"product_brand-delta-ohm","7":"product_cat-andmelogijad","9":"first","10":"instock","11":"taxable","12":"shipping-taxable","13":"product-type-simple"},"acf":[],"yoast_head":"<!-- This site is optimized with the Yoast SEO plugin v27.0 - https:\/\/yoast.com\/product\/yoast-seo-wordpress\/ -->\n<title>Delta OHM HD35APD Juhtmeta baas\u00fcksus - AXIOMA MS<\/title>\n<meta name=\"robots\" content=\"index, follow, max-snippet:-1, max-image-preview:large, max-video-preview:-1\" \/>\n<link rel=\"canonical\" href=\"https:\/\/www.axiomams.eu\/et\/produktas\/delta-ohm-hd35apd-juhtmeta-baasuksus\" \/>\n<meta property=\"og:locale\" content=\"et_EE\" \/>\n<meta property=\"og:type\" content=\"article\" \/>\n<meta property=\"og:title\" content=\"Delta OHM HD35APD Juhtmeta baas\u00fcksus - AXIOMA MS\" \/>\n<meta property=\"og:description\" content=\"Delta OHM HD35APD on traadita baas\u00fcksus, mida kasutatakse mitmete teiste Delta OHM m\u00f5\u00f5teseadmetega suhtlemiseks ja nende juhtimiseks. Kaasasoleva tarkvara abil saate vaadata ja anal\u00fc\u00fcsida m\u00f5\u00f5tmisi, kontrollida ja redigeerida kogutud andmeid ning muuta \u00fchendatud Delta OHM seadmete toimimist. Standardkomplekt: Delta OHM HD35APD, CD koos kasutusjuhendi ja tarkvaraga, kiire kasutusjuhend. Tehniline teave: Delta OHM HD35.pdf\" \/>\n<meta property=\"og:url\" content=\"https:\/\/www.axiomams.eu\/et\/produktas\/delta-ohm-hd35apd-juhtmeta-baasuksus\" \/>\n<meta property=\"og:site_name\" content=\"AXIOMA MS\" \/>\n<meta property=\"article:publisher\" content=\"https:\/\/www.facebook.com\/AxiomaMS\" \/>\n<meta property=\"article:modified_time\" content=\"2026-02-02T12:30:53+00:00\" \/>\n<meta property=\"og:image\" content=\"https:\/\/www.axiomams.eu\/wp-content\/uploads\/2025\/07\/1627-2101.jpg\" \/>\n\t<meta property=\"og:image:width\" content=\"92\" \/>\n\t<meta property=\"og:image:height\" content=\"82\" \/>\n\t<meta property=\"og:image:type\" content=\"image\/jpeg\" \/>\n<meta name=\"twitter:card\" content=\"summary_large_image\" \/>\n<script type=\"application\/ld+json\" class=\"yoast-schema-graph\">{\"@context\":\"https:\/\/schema.org\",\"@graph\":[{\"@type\":\"WebPage\",\"@id\":\"https:\/\/www.axiomams.eu\/et\/produktas\/delta-ohm-hd35apd-juhtmeta-baasuksus\",\"url\":\"https:\/\/www.axiomams.eu\/et\/produktas\/delta-ohm-hd35apd-juhtmeta-baasuksus\",\"name\":\"Delta OHM HD35APD Juhtmeta baas\u00fcksus - AXIOMA MS\",\"isPartOf\":{\"@id\":\"https:\/\/www.axiomams.eu\/et#website\"},\"primaryImageOfPage\":{\"@id\":\"https:\/\/www.axiomams.eu\/et\/produktas\/delta-ohm-hd35apd-juhtmeta-baasuksus#primaryimage\"},\"image\":{\"@id\":\"https:\/\/www.axiomams.eu\/et\/produktas\/delta-ohm-hd35apd-juhtmeta-baasuksus#primaryimage\"},\"thumbnailUrl\":\"https:\/\/www.axiomams.eu\/wp-content\/uploads\/2025\/07\/1627-2101.jpg\",\"datePublished\":\"2025-05-15T15:59:25+00:00\",\"dateModified\":\"2026-02-02T12:30:53+00:00\",\"breadcrumb\":{\"@id\":\"https:\/\/www.axiomams.eu\/et\/produktas\/delta-ohm-hd35apd-juhtmeta-baasuksus#breadcrumb\"},\"inLanguage\":\"et\",\"potentialAction\":[{\"@type\":\"ReadAction\",\"target\":[\"https:\/\/www.axiomams.eu\/et\/produktas\/delta-ohm-hd35apd-juhtmeta-baasuksus\"]}]},{\"@type\":\"ImageObject\",\"inLanguage\":\"et\",\"@id\":\"https:\/\/www.axiomams.eu\/et\/produktas\/delta-ohm-hd35apd-juhtmeta-baasuksus#primaryimage\",\"url\":\"https:\/\/www.axiomams.eu\/wp-content\/uploads\/2025\/07\/1627-2101.jpg\",\"contentUrl\":\"https:\/\/www.axiomams.eu\/wp-content\/uploads\/2025\/07\/1627-2101.jpg\",\"width\":92,\"height\":82},{\"@type\":\"BreadcrumbList\",\"@id\":\"https:\/\/www.axiomams.eu\/et\/produktas\/delta-ohm-hd35apd-juhtmeta-baasuksus#breadcrumb\",\"itemListElement\":[{\"@type\":\"ListItem\",\"position\":1,\"name\":\"Home\",\"item\":\"https:\/\/www.axiomams.eu\/et\"},{\"@type\":\"ListItem\",\"position\":2,\"name\":\"Tooted\",\"item\":\"https:\/\/www.axiomams.eu\/et\/tooted\"},{\"@type\":\"ListItem\",\"position\":3,\"name\":\"Delta OHM HD35APD Juhtmeta baas\u00fcksus\"}]},{\"@type\":\"WebSite\",\"@id\":\"https:\/\/www.axiomams.eu\/et#website\",\"url\":\"https:\/\/www.axiomams.eu\/et\",\"name\":\"AXIOMA MS\",\"description\":\"Terrmovizoriai ir matavimo \u012franga\",\"publisher\":{\"@id\":\"https:\/\/www.axiomams.eu\/et#organization\"},\"potentialAction\":[{\"@type\":\"SearchAction\",\"target\":{\"@type\":\"EntryPoint\",\"urlTemplate\":\"https:\/\/www.axiomams.eu\/et?s={search_term_string}\"},\"query-input\":{\"@type\":\"PropertyValueSpecification\",\"valueRequired\":true,\"valueName\":\"search_term_string\"}}],\"inLanguage\":\"et\"},{\"@type\":\"Organization\",\"@id\":\"https:\/\/www.axiomams.eu\/et#organization\",\"name\":\"AXIOMA MS\",\"url\":\"https:\/\/www.axiomams.eu\/et\",\"logo\":{\"@type\":\"ImageObject\",\"inLanguage\":\"et\",\"@id\":\"https:\/\/www.axiomams.eu\/et#\/schema\/logo\/image\/\",\"url\":\"https:\/\/www.axiomams.eu\/wp-content\/uploads\/2025\/06\/axioma-logo-2.png\",\"contentUrl\":\"https:\/\/www.axiomams.eu\/wp-content\/uploads\/2025\/06\/axioma-logo-2.png\",\"width\":1200,\"height\":1200,\"caption\":\"AXIOMA MS\"},\"image\":{\"@id\":\"https:\/\/www.axiomams.eu\/et#\/schema\/logo\/image\/\"},\"sameAs\":[\"https:\/\/www.facebook.com\/AxiomaMS\",\"https:\/\/www.linkedin.com\/company\/axiomams\/\"]}]}<\/script>\n<!-- \/ Yoast SEO plugin. -->","yoast_head_json":{"title":"Delta OHM HD35APD Juhtmeta baas\u00fcksus - AXIOMA MS","robots":{"index":"index","follow":"follow","max-snippet":"max-snippet:-1","max-image-preview":"max-image-preview:large","max-video-preview":"max-video-preview:-1"},"canonical":"https:\/\/www.axiomams.eu\/et\/produktas\/delta-ohm-hd35apd-juhtmeta-baasuksus","og_locale":"et_EE","og_type":"article","og_title":"Delta OHM HD35APD Juhtmeta baas\u00fcksus - AXIOMA MS","og_description":"Delta OHM HD35APD on traadita baas\u00fcksus, mida kasutatakse mitmete teiste Delta OHM m\u00f5\u00f5teseadmetega suhtlemiseks ja nende juhtimiseks. Kaasasoleva tarkvara abil saate vaadata ja anal\u00fc\u00fcsida m\u00f5\u00f5tmisi, kontrollida ja redigeerida kogutud andmeid ning muuta \u00fchendatud Delta OHM seadmete toimimist. Standardkomplekt: Delta OHM HD35APD, CD koos kasutusjuhendi ja tarkvaraga, kiire kasutusjuhend. Tehniline teave: Delta OHM HD35.pdf","og_url":"https:\/\/www.axiomams.eu\/et\/produktas\/delta-ohm-hd35apd-juhtmeta-baasuksus","og_site_name":"AXIOMA MS","article_publisher":"https:\/\/www.facebook.com\/AxiomaMS","article_modified_time":"2026-02-02T12:30:53+00:00","og_image":[{"width":92,"height":82,"url":"https:\/\/www.axiomams.eu\/wp-content\/uploads\/2025\/07\/1627-2101.jpg","type":"image\/jpeg"}],"twitter_card":"summary_large_image","schema":{"@context":"https:\/\/schema.org","@graph":[{"@type":"WebPage","@id":"https:\/\/www.axiomams.eu\/et\/produktas\/delta-ohm-hd35apd-juhtmeta-baasuksus","url":"https:\/\/www.axiomams.eu\/et\/produktas\/delta-ohm-hd35apd-juhtmeta-baasuksus","name":"Delta OHM HD35APD Juhtmeta baas\u00fcksus - AXIOMA MS","isPartOf":{"@id":"https:\/\/www.axiomams.eu\/et#website"},"primaryImageOfPage":{"@id":"https:\/\/www.axiomams.eu\/et\/produktas\/delta-ohm-hd35apd-juhtmeta-baasuksus#primaryimage"},"image":{"@id":"https:\/\/www.axiomams.eu\/et\/produktas\/delta-ohm-hd35apd-juhtmeta-baasuksus#primaryimage"},"thumbnailUrl":"https:\/\/www.axiomams.eu\/wp-content\/uploads\/2025\/07\/1627-2101.jpg","datePublished":"2025-05-15T15:59:25+00:00","dateModified":"2026-02-02T12:30:53+00:00","breadcrumb":{"@id":"https:\/\/www.axiomams.eu\/et\/produktas\/delta-ohm-hd35apd-juhtmeta-baasuksus#breadcrumb"},"inLanguage":"et","potentialAction":[{"@type":"ReadAction","target":["https:\/\/www.axiomams.eu\/et\/produktas\/delta-ohm-hd35apd-juhtmeta-baasuksus"]}]},{"@type":"ImageObject","inLanguage":"et","@id":"https:\/\/www.axiomams.eu\/et\/produktas\/delta-ohm-hd35apd-juhtmeta-baasuksus#primaryimage","url":"https:\/\/www.axiomams.eu\/wp-content\/uploads\/2025\/07\/1627-2101.jpg","contentUrl":"https:\/\/www.axiomams.eu\/wp-content\/uploads\/2025\/07\/1627-2101.jpg","width":92,"height":82},{"@type":"BreadcrumbList","@id":"https:\/\/www.axiomams.eu\/et\/produktas\/delta-ohm-hd35apd-juhtmeta-baasuksus#breadcrumb","itemListElement":[{"@type":"ListItem","position":1,"name":"Home","item":"https:\/\/www.axiomams.eu\/et"},{"@type":"ListItem","position":2,"name":"Tooted","item":"https:\/\/www.axiomams.eu\/et\/tooted"},{"@type":"ListItem","position":3,"name":"Delta OHM HD35APD Juhtmeta baas\u00fcksus"}]},{"@type":"WebSite","@id":"https:\/\/www.axiomams.eu\/et#website","url":"https:\/\/www.axiomams.eu\/et","name":"AXIOMA MS","description":"Terrmovizoriai ir matavimo \u012franga","publisher":{"@id":"https:\/\/www.axiomams.eu\/et#organization"},"potentialAction":[{"@type":"SearchAction","target":{"@type":"EntryPoint","urlTemplate":"https:\/\/www.axiomams.eu\/et?s={search_term_string}"},"query-input":{"@type":"PropertyValueSpecification","valueRequired":true,"valueName":"search_term_string"}}],"inLanguage":"et"},{"@type":"Organization","@id":"https:\/\/www.axiomams.eu\/et#organization","name":"AXIOMA MS","url":"https:\/\/www.axiomams.eu\/et","logo":{"@type":"ImageObject","inLanguage":"et","@id":"https:\/\/www.axiomams.eu\/et#\/schema\/logo\/image\/","url":"https:\/\/www.axiomams.eu\/wp-content\/uploads\/2025\/06\/axioma-logo-2.png","contentUrl":"https:\/\/www.axiomams.eu\/wp-content\/uploads\/2025\/06\/axioma-logo-2.png","width":1200,"height":1200,"caption":"AXIOMA MS"},"image":{"@id":"https:\/\/www.axiomams.eu\/et#\/schema\/logo\/image\/"},"sameAs":["https:\/\/www.facebook.com\/AxiomaMS","https:\/\/www.linkedin.com\/company\/axiomams\/"]}]}},"_links":{"self":[{"href":"https:\/\/www.axiomams.eu\/et\/wp-json\/wp\/v2\/product\/40238","targetHints":{"allow":["GET"]}}],"collection":[{"href":"https:\/\/www.axiomams.eu\/et\/wp-json\/wp\/v2\/product"}],"about":[{"href":"https:\/\/www.axiomams.eu\/et\/wp-json\/wp\/v2\/types\/product"}],"replies":[{"embeddable":true,"href":"https:\/\/www.axiomams.eu\/et\/wp-json\/wp\/v2\/comments?post=40238"}],"wp:featuredmedia":[{"embeddable":true,"href":"https:\/\/www.axiomams.eu\/et\/wp-json\/wp\/v2\/media\/42008"}],"wp:attachment":[{"href":"https:\/\/www.axiomams.eu\/et\/wp-json\/wp\/v2\/media?parent=40238"}],"wp:term":[{"taxonomy":"product_brand","embeddable":true,"href":"https:\/\/www.axiomams.eu\/et\/wp-json\/wp\/v2\/product_brand?post=40238"},{"taxonomy":"product_cat","embeddable":true,"href":"https:\/\/www.axiomams.eu\/et\/wp-json\/wp\/v2\/product_cat?post=40238"},{"taxonomy":"product_tag","embeddable":true,"href":"https:\/\/www.axiomams.eu\/et\/wp-json\/wp\/v2\/product_tag?post=40238"}],"curies":[{"name":"wp","href":"https:\/\/api.w.org\/{rel}","templated":true}]}}