{"id":40242,"date":"2025-05-15T17:59:27","date_gmt":"2025-05-15T15:59:27","guid":{"rendered":"https:\/\/www.axiomams.eu\/produktas\/delta-ohm-hd35ed-1ntv-andmelogger"},"modified":"2026-02-02T14:30:54","modified_gmt":"2026-02-02T12:30:54","slug":"delta-ohm-hd35ed-1ntv-andmelogger","status":"publish","type":"product","link":"https:\/\/www.axiomams.eu\/et\/produktas\/delta-ohm-hd35ed-1ntv-andmelogger","title":{"rendered":"Delta OHM HD35ED 1NTV andmelogger"},"content":{"rendered":"<p>Juhtmevabad andmelogijad keskkonnatingimused akumuleerimiseks ja andmete edastamiseks juhtmevabalt. See on suurep\u00e4rane valik toiduainete ja ravimite ladustamise ja transpordi ettev\u00f5tetele, kasvuhoonetele, muuseumidele v\u00f5i dokumendihoidlatele. S\u00fcsteemi paigaldamine ja k\u00e4itamine ei n\u00f5ua lisakulusid, kuna kogutud andmed edastatakse traadita ajal, kui te valite.<\/p>\n<p>Standardkomplekt: sisemine 3,6 V mitte laetav liitium-tion\u00fc\u00fclkloriid (Li-SOCl2) aku, seinakinnituse tugi HD35.03 (ainult siseruumides kasutamiseks m\u00f5eldud mudelid), kasutusjuhend.<\/p>\n<h3>Tehniline teave:<\/h3>\n<ul>\n<li><a href=\"https:\/\/axiomams.eu\/importer\/export\/attachments\/en\/hd35xx.pdf\" target=\"_blank\">HD35XX.pdf<\/a><\/li>\n<\/ul>\n","protected":false},"excerpt":{"rendered":"<p>Juhtmevabad andmelogijad keskkonnatingimused akumuleerimiseks ja andmete edastamiseks juhtmevabalt. See on suurep\u00e4rane valik toiduainete ja ravimite ladustamise ja transpordi ettev\u00f5tetele, kasvuhoonetele, muuseumidele v\u00f5i dokumendihoidlatele. S\u00fcsteemi paigaldamine ja k\u00e4itamine ei n\u00f5ua lisakulusid, kuna kogutud andmed edastatakse traadita ajal, kui te valite. Standardkomplekt: sisemine 3,6 V mitte laetav liitium-tion\u00fc\u00fclkloriid (Li-SOCl2) aku, seinakinnituse tugi HD35.03 (ainult siseruumides kasutamiseks m\u00f5eldud&#8230;<\/p>\n","protected":false},"featured_media":42016,"comment_status":"open","ping_status":"closed","template":"","meta":{"_acf_changed":false},"product_brand":[740],"product_cat":[17791],"product_tag":[],"class_list":{"0":"post-40242","1":"product","2":"type-product","3":"status-publish","4":"has-post-thumbnail","6":"product_brand-delta-ohm","7":"product_cat-andmelogijad","9":"first","10":"instock","11":"taxable","12":"shipping-taxable","13":"purchasable","14":"product-type-simple"},"acf":[],"yoast_head":"<!-- This site is optimized with the Yoast SEO plugin v27.0 - https:\/\/yoast.com\/product\/yoast-seo-wordpress\/ -->\n<title>Delta OHM HD35ED 1NTV andmelogger - AXIOMA MS<\/title>\n<meta name=\"robots\" content=\"index, follow, max-snippet:-1, max-image-preview:large, max-video-preview:-1\" \/>\n<link rel=\"canonical\" href=\"https:\/\/www.axiomams.eu\/et\/produktas\/delta-ohm-hd35ed-1ntv-andmelogger\" \/>\n<meta property=\"og:locale\" content=\"et_EE\" \/>\n<meta property=\"og:type\" content=\"article\" \/>\n<meta property=\"og:title\" content=\"Delta OHM HD35ED 1NTV andmelogger - AXIOMA MS\" \/>\n<meta property=\"og:description\" content=\"Juhtmevabad andmelogijad keskkonnatingimused akumuleerimiseks ja andmete edastamiseks juhtmevabalt. See on suurep\u00e4rane valik toiduainete ja ravimite ladustamise ja transpordi ettev\u00f5tetele, kasvuhoonetele, muuseumidele v\u00f5i dokumendihoidlatele. S\u00fcsteemi paigaldamine ja k\u00e4itamine ei n\u00f5ua lisakulusid, kuna kogutud andmed edastatakse traadita ajal, kui te valite. Standardkomplekt: sisemine 3,6 V mitte laetav liitium-tion\u00fc\u00fclkloriid (Li-SOCl2) aku, seinakinnituse tugi HD35.03 (ainult siseruumides kasutamiseks m\u00f5eldud...\" \/>\n<meta property=\"og:url\" content=\"https:\/\/www.axiomams.eu\/et\/produktas\/delta-ohm-hd35ed-1ntv-andmelogger\" \/>\n<meta property=\"og:site_name\" content=\"AXIOMA MS\" \/>\n<meta property=\"article:publisher\" content=\"https:\/\/www.facebook.com\/AxiomaMS\" \/>\n<meta property=\"article:modified_time\" content=\"2026-02-02T12:30:54+00:00\" \/>\n<meta property=\"og:image\" content=\"https:\/\/www.axiomams.eu\/wp-content\/uploads\/2025\/07\/717-785.jpg\" \/>\n\t<meta property=\"og:image:width\" content=\"225\" \/>\n\t<meta property=\"og:image:height\" content=\"225\" \/>\n\t<meta property=\"og:image:type\" content=\"image\/jpeg\" \/>\n<meta name=\"twitter:card\" content=\"summary_large_image\" \/>\n<script type=\"application\/ld+json\" class=\"yoast-schema-graph\">{\"@context\":\"https:\/\/schema.org\",\"@graph\":[{\"@type\":\"WebPage\",\"@id\":\"https:\/\/www.axiomams.eu\/et\/produktas\/delta-ohm-hd35ed-1ntv-andmelogger\",\"url\":\"https:\/\/www.axiomams.eu\/et\/produktas\/delta-ohm-hd35ed-1ntv-andmelogger\",\"name\":\"Delta OHM HD35ED 1NTV andmelogger - AXIOMA MS\",\"isPartOf\":{\"@id\":\"https:\/\/www.axiomams.eu\/et#website\"},\"primaryImageOfPage\":{\"@id\":\"https:\/\/www.axiomams.eu\/et\/produktas\/delta-ohm-hd35ed-1ntv-andmelogger#primaryimage\"},\"image\":{\"@id\":\"https:\/\/www.axiomams.eu\/et\/produktas\/delta-ohm-hd35ed-1ntv-andmelogger#primaryimage\"},\"thumbnailUrl\":\"https:\/\/www.axiomams.eu\/wp-content\/uploads\/2025\/07\/717-785.jpg\",\"datePublished\":\"2025-05-15T15:59:27+00:00\",\"dateModified\":\"2026-02-02T12:30:54+00:00\",\"breadcrumb\":{\"@id\":\"https:\/\/www.axiomams.eu\/et\/produktas\/delta-ohm-hd35ed-1ntv-andmelogger#breadcrumb\"},\"inLanguage\":\"et\",\"potentialAction\":[{\"@type\":\"ReadAction\",\"target\":[\"https:\/\/www.axiomams.eu\/et\/produktas\/delta-ohm-hd35ed-1ntv-andmelogger\"]}]},{\"@type\":\"ImageObject\",\"inLanguage\":\"et\",\"@id\":\"https:\/\/www.axiomams.eu\/et\/produktas\/delta-ohm-hd35ed-1ntv-andmelogger#primaryimage\",\"url\":\"https:\/\/www.axiomams.eu\/wp-content\/uploads\/2025\/07\/717-785.jpg\",\"contentUrl\":\"https:\/\/www.axiomams.eu\/wp-content\/uploads\/2025\/07\/717-785.jpg\",\"width\":225,\"height\":225},{\"@type\":\"BreadcrumbList\",\"@id\":\"https:\/\/www.axiomams.eu\/et\/produktas\/delta-ohm-hd35ed-1ntv-andmelogger#breadcrumb\",\"itemListElement\":[{\"@type\":\"ListItem\",\"position\":1,\"name\":\"Home\",\"item\":\"https:\/\/www.axiomams.eu\/et\"},{\"@type\":\"ListItem\",\"position\":2,\"name\":\"Tooted\",\"item\":\"https:\/\/www.axiomams.eu\/et\/tooted\"},{\"@type\":\"ListItem\",\"position\":3,\"name\":\"Delta OHM HD35ED 1NTV andmelogger\"}]},{\"@type\":\"WebSite\",\"@id\":\"https:\/\/www.axiomams.eu\/et#website\",\"url\":\"https:\/\/www.axiomams.eu\/et\",\"name\":\"AXIOMA MS\",\"description\":\"\",\"publisher\":{\"@id\":\"https:\/\/www.axiomams.eu\/et#organization\"},\"potentialAction\":[{\"@type\":\"SearchAction\",\"target\":{\"@type\":\"EntryPoint\",\"urlTemplate\":\"https:\/\/www.axiomams.eu\/et?s={search_term_string}\"},\"query-input\":{\"@type\":\"PropertyValueSpecification\",\"valueRequired\":true,\"valueName\":\"search_term_string\"}}],\"inLanguage\":\"et\"},{\"@type\":\"Organization\",\"@id\":\"https:\/\/www.axiomams.eu\/et#organization\",\"name\":\"AXIOMA MS\",\"url\":\"https:\/\/www.axiomams.eu\/et\",\"logo\":{\"@type\":\"ImageObject\",\"inLanguage\":\"et\",\"@id\":\"https:\/\/www.axiomams.eu\/et#\/schema\/logo\/image\/\",\"url\":\"https:\/\/www.axiomams.eu\/wp-content\/uploads\/2025\/06\/axioma-logo-2.png\",\"contentUrl\":\"https:\/\/www.axiomams.eu\/wp-content\/uploads\/2025\/06\/axioma-logo-2.png\",\"width\":1200,\"height\":1200,\"caption\":\"AXIOMA MS\"},\"image\":{\"@id\":\"https:\/\/www.axiomams.eu\/et#\/schema\/logo\/image\/\"},\"sameAs\":[\"https:\/\/www.facebook.com\/AxiomaMS\",\"https:\/\/www.linkedin.com\/company\/axiomams\/\"]}]}<\/script>\n<!-- \/ Yoast SEO plugin. -->","yoast_head_json":{"title":"Delta OHM HD35ED 1NTV andmelogger - AXIOMA MS","robots":{"index":"index","follow":"follow","max-snippet":"max-snippet:-1","max-image-preview":"max-image-preview:large","max-video-preview":"max-video-preview:-1"},"canonical":"https:\/\/www.axiomams.eu\/et\/produktas\/delta-ohm-hd35ed-1ntv-andmelogger","og_locale":"et_EE","og_type":"article","og_title":"Delta OHM HD35ED 1NTV andmelogger - AXIOMA MS","og_description":"Juhtmevabad andmelogijad keskkonnatingimused akumuleerimiseks ja andmete edastamiseks juhtmevabalt. See on suurep\u00e4rane valik toiduainete ja ravimite ladustamise ja transpordi ettev\u00f5tetele, kasvuhoonetele, muuseumidele v\u00f5i dokumendihoidlatele. S\u00fcsteemi paigaldamine ja k\u00e4itamine ei n\u00f5ua lisakulusid, kuna kogutud andmed edastatakse traadita ajal, kui te valite. Standardkomplekt: sisemine 3,6 V mitte laetav liitium-tion\u00fc\u00fclkloriid (Li-SOCl2) aku, seinakinnituse tugi HD35.03 (ainult siseruumides kasutamiseks m\u00f5eldud...","og_url":"https:\/\/www.axiomams.eu\/et\/produktas\/delta-ohm-hd35ed-1ntv-andmelogger","og_site_name":"AXIOMA MS","article_publisher":"https:\/\/www.facebook.com\/AxiomaMS","article_modified_time":"2026-02-02T12:30:54+00:00","og_image":[{"width":225,"height":225,"url":"https:\/\/www.axiomams.eu\/wp-content\/uploads\/2025\/07\/717-785.jpg","type":"image\/jpeg"}],"twitter_card":"summary_large_image","schema":{"@context":"https:\/\/schema.org","@graph":[{"@type":"WebPage","@id":"https:\/\/www.axiomams.eu\/et\/produktas\/delta-ohm-hd35ed-1ntv-andmelogger","url":"https:\/\/www.axiomams.eu\/et\/produktas\/delta-ohm-hd35ed-1ntv-andmelogger","name":"Delta OHM HD35ED 1NTV andmelogger - AXIOMA MS","isPartOf":{"@id":"https:\/\/www.axiomams.eu\/et#website"},"primaryImageOfPage":{"@id":"https:\/\/www.axiomams.eu\/et\/produktas\/delta-ohm-hd35ed-1ntv-andmelogger#primaryimage"},"image":{"@id":"https:\/\/www.axiomams.eu\/et\/produktas\/delta-ohm-hd35ed-1ntv-andmelogger#primaryimage"},"thumbnailUrl":"https:\/\/www.axiomams.eu\/wp-content\/uploads\/2025\/07\/717-785.jpg","datePublished":"2025-05-15T15:59:27+00:00","dateModified":"2026-02-02T12:30:54+00:00","breadcrumb":{"@id":"https:\/\/www.axiomams.eu\/et\/produktas\/delta-ohm-hd35ed-1ntv-andmelogger#breadcrumb"},"inLanguage":"et","potentialAction":[{"@type":"ReadAction","target":["https:\/\/www.axiomams.eu\/et\/produktas\/delta-ohm-hd35ed-1ntv-andmelogger"]}]},{"@type":"ImageObject","inLanguage":"et","@id":"https:\/\/www.axiomams.eu\/et\/produktas\/delta-ohm-hd35ed-1ntv-andmelogger#primaryimage","url":"https:\/\/www.axiomams.eu\/wp-content\/uploads\/2025\/07\/717-785.jpg","contentUrl":"https:\/\/www.axiomams.eu\/wp-content\/uploads\/2025\/07\/717-785.jpg","width":225,"height":225},{"@type":"BreadcrumbList","@id":"https:\/\/www.axiomams.eu\/et\/produktas\/delta-ohm-hd35ed-1ntv-andmelogger#breadcrumb","itemListElement":[{"@type":"ListItem","position":1,"name":"Home","item":"https:\/\/www.axiomams.eu\/et"},{"@type":"ListItem","position":2,"name":"Tooted","item":"https:\/\/www.axiomams.eu\/et\/tooted"},{"@type":"ListItem","position":3,"name":"Delta OHM HD35ED 1NTV andmelogger"}]},{"@type":"WebSite","@id":"https:\/\/www.axiomams.eu\/et#website","url":"https:\/\/www.axiomams.eu\/et","name":"AXIOMA MS","description":"","publisher":{"@id":"https:\/\/www.axiomams.eu\/et#organization"},"potentialAction":[{"@type":"SearchAction","target":{"@type":"EntryPoint","urlTemplate":"https:\/\/www.axiomams.eu\/et?s={search_term_string}"},"query-input":{"@type":"PropertyValueSpecification","valueRequired":true,"valueName":"search_term_string"}}],"inLanguage":"et"},{"@type":"Organization","@id":"https:\/\/www.axiomams.eu\/et#organization","name":"AXIOMA MS","url":"https:\/\/www.axiomams.eu\/et","logo":{"@type":"ImageObject","inLanguage":"et","@id":"https:\/\/www.axiomams.eu\/et#\/schema\/logo\/image\/","url":"https:\/\/www.axiomams.eu\/wp-content\/uploads\/2025\/06\/axioma-logo-2.png","contentUrl":"https:\/\/www.axiomams.eu\/wp-content\/uploads\/2025\/06\/axioma-logo-2.png","width":1200,"height":1200,"caption":"AXIOMA MS"},"image":{"@id":"https:\/\/www.axiomams.eu\/et#\/schema\/logo\/image\/"},"sameAs":["https:\/\/www.facebook.com\/AxiomaMS","https:\/\/www.linkedin.com\/company\/axiomams\/"]}]}},"_links":{"self":[{"href":"https:\/\/www.axiomams.eu\/et\/wp-json\/wp\/v2\/product\/40242","targetHints":{"allow":["GET"]}}],"collection":[{"href":"https:\/\/www.axiomams.eu\/et\/wp-json\/wp\/v2\/product"}],"about":[{"href":"https:\/\/www.axiomams.eu\/et\/wp-json\/wp\/v2\/types\/product"}],"replies":[{"embeddable":true,"href":"https:\/\/www.axiomams.eu\/et\/wp-json\/wp\/v2\/comments?post=40242"}],"wp:featuredmedia":[{"embeddable":true,"href":"https:\/\/www.axiomams.eu\/et\/wp-json\/wp\/v2\/media\/42016"}],"wp:attachment":[{"href":"https:\/\/www.axiomams.eu\/et\/wp-json\/wp\/v2\/media?parent=40242"}],"wp:term":[{"taxonomy":"product_brand","embeddable":true,"href":"https:\/\/www.axiomams.eu\/et\/wp-json\/wp\/v2\/product_brand?post=40242"},{"taxonomy":"product_cat","embeddable":true,"href":"https:\/\/www.axiomams.eu\/et\/wp-json\/wp\/v2\/product_cat?post=40242"},{"taxonomy":"product_tag","embeddable":true,"href":"https:\/\/www.axiomams.eu\/et\/wp-json\/wp\/v2\/product_tag?post=40242"}],"curies":[{"name":"wp","href":"https:\/\/api.w.org\/{rel}","templated":true}]}}