{"id":40260,"date":"2025-05-15T18:00:26","date_gmt":"2025-05-15T16:00:26","guid":{"rendered":"https:\/\/www.axiomams.eu\/produktas\/hioki-im7585-lcr-mootur"},"modified":"2026-02-02T14:31:01","modified_gmt":"2026-02-02T12:31:01","slug":"hioki-im7585-lcr-mootur","status":"publish","type":"product","link":"https:\/\/www.axiomams.eu\/et\/produktas\/hioki-im7585-lcr-mootur","title":{"rendered":"HIOKI IM7585 LCR m\u00f5\u00f5tur"},"content":{"rendered":"<p>Hioki IM7585-seeria on Hioki esimesed LCR-m\u00f5\u00f5turid, mis pakuvad trafode ja m\u00e4histe p\u00f6\u00f6rlemissuhte, vastastikuse induktiivsuse ja induktiivsuse erinevuse m\u00f5\u00f5tmist ning on integreeritud sisemise alalisvoolu eelpingega, et h\u00f5lbustada HDMI-vastavuse testimist.<\/p>\n<p>Standardne komplekt: Hioki IM7585, katsepea, toitejuhe, kasutusjuhend, LCR-rakendusketas.<\/p>\n<h3>Tehniline teave:<\/h3>\n<ul>\n<li><a href=\"https:\/\/axiomams.eu\/importer\/export\/attachments\/en\/hioki-im7585.pdf\" target=\"_blank\">Hioki IM7585.pdf<\/a><\/li>\n<\/ul>\n","protected":false},"excerpt":{"rendered":"<p>Hioki IM7585-seeria on Hioki esimesed LCR-m\u00f5\u00f5turid, mis pakuvad trafode ja m\u00e4histe p\u00f6\u00f6rlemissuhte, vastastikuse induktiivsuse ja induktiivsuse erinevuse m\u00f5\u00f5tmist ning on integreeritud sisemise alalisvoolu eelpingega, et h\u00f5lbustada HDMI-vastavuse testimist. Standardne komplekt: Hioki IM7585, katsepea, toitejuhe, kasutusjuhend, LCR-rakendusketas. Tehniline teave: Hioki IM7585.pdf<\/p>\n","protected":false},"featured_media":42050,"comment_status":"open","ping_status":"closed","template":"","meta":{"_acf_changed":false},"product_brand":[1112],"product_cat":[17823],"product_tag":[],"class_list":{"0":"post-40260","1":"product","2":"type-product","3":"status-publish","4":"has-post-thumbnail","6":"product_brand-hioki","7":"product_cat-generaatorid-toiteallikad-ostsillograafid-rcl-mooturid","9":"first","10":"instock","11":"taxable","12":"shipping-taxable","13":"product-type-simple"},"acf":[],"yoast_head":"<!-- This site is optimized with the Yoast SEO plugin v27.0 - https:\/\/yoast.com\/product\/yoast-seo-wordpress\/ -->\n<title>HIOKI IM7585 LCR m\u00f5\u00f5tur - AXIOMA MS<\/title>\n<meta name=\"robots\" content=\"index, follow, max-snippet:-1, max-image-preview:large, max-video-preview:-1\" \/>\n<link rel=\"canonical\" href=\"https:\/\/www.axiomams.eu\/et\/produktas\/hioki-im7585-lcr-mootur\" \/>\n<meta property=\"og:locale\" content=\"et_EE\" \/>\n<meta property=\"og:type\" content=\"article\" \/>\n<meta property=\"og:title\" content=\"HIOKI IM7585 LCR m\u00f5\u00f5tur - AXIOMA MS\" \/>\n<meta property=\"og:description\" content=\"Hioki IM7585-seeria on Hioki esimesed LCR-m\u00f5\u00f5turid, mis pakuvad trafode ja m\u00e4histe p\u00f6\u00f6rlemissuhte, vastastikuse induktiivsuse ja induktiivsuse erinevuse m\u00f5\u00f5tmist ning on integreeritud sisemise alalisvoolu eelpingega, et h\u00f5lbustada HDMI-vastavuse testimist. Standardne komplekt: Hioki IM7585, katsepea, toitejuhe, kasutusjuhend, LCR-rakendusketas. Tehniline teave: Hioki IM7585.pdf\" \/>\n<meta property=\"og:url\" content=\"https:\/\/www.axiomams.eu\/et\/produktas\/hioki-im7585-lcr-mootur\" \/>\n<meta property=\"og:site_name\" content=\"AXIOMA MS\" \/>\n<meta property=\"article:publisher\" content=\"https:\/\/www.facebook.com\/AxiomaMS\" \/>\n<meta property=\"article:modified_time\" content=\"2026-02-02T12:31:01+00:00\" \/>\n<meta property=\"og:image\" content=\"https:\/\/www.axiomams.eu\/wp-content\/uploads\/2025\/07\/2624-3385.jpeg\" \/>\n\t<meta property=\"og:image:width\" content=\"450\" \/>\n\t<meta property=\"og:image:height\" content=\"450\" \/>\n\t<meta property=\"og:image:type\" content=\"image\/jpeg\" \/>\n<meta name=\"twitter:card\" content=\"summary_large_image\" \/>\n<script type=\"application\/ld+json\" class=\"yoast-schema-graph\">{\"@context\":\"https:\/\/schema.org\",\"@graph\":[{\"@type\":\"WebPage\",\"@id\":\"https:\/\/www.axiomams.eu\/et\/produktas\/hioki-im7585-lcr-mootur\",\"url\":\"https:\/\/www.axiomams.eu\/et\/produktas\/hioki-im7585-lcr-mootur\",\"name\":\"HIOKI IM7585 LCR m\u00f5\u00f5tur - AXIOMA MS\",\"isPartOf\":{\"@id\":\"https:\/\/www.axiomams.eu\/et#website\"},\"primaryImageOfPage\":{\"@id\":\"https:\/\/www.axiomams.eu\/et\/produktas\/hioki-im7585-lcr-mootur#primaryimage\"},\"image\":{\"@id\":\"https:\/\/www.axiomams.eu\/et\/produktas\/hioki-im7585-lcr-mootur#primaryimage\"},\"thumbnailUrl\":\"https:\/\/www.axiomams.eu\/wp-content\/uploads\/2025\/07\/2624-3385.jpeg\",\"datePublished\":\"2025-05-15T16:00:26+00:00\",\"dateModified\":\"2026-02-02T12:31:01+00:00\",\"breadcrumb\":{\"@id\":\"https:\/\/www.axiomams.eu\/et\/produktas\/hioki-im7585-lcr-mootur#breadcrumb\"},\"inLanguage\":\"et\",\"potentialAction\":[{\"@type\":\"ReadAction\",\"target\":[\"https:\/\/www.axiomams.eu\/et\/produktas\/hioki-im7585-lcr-mootur\"]}]},{\"@type\":\"ImageObject\",\"inLanguage\":\"et\",\"@id\":\"https:\/\/www.axiomams.eu\/et\/produktas\/hioki-im7585-lcr-mootur#primaryimage\",\"url\":\"https:\/\/www.axiomams.eu\/wp-content\/uploads\/2025\/07\/2624-3385.jpeg\",\"contentUrl\":\"https:\/\/www.axiomams.eu\/wp-content\/uploads\/2025\/07\/2624-3385.jpeg\",\"width\":450,\"height\":450},{\"@type\":\"BreadcrumbList\",\"@id\":\"https:\/\/www.axiomams.eu\/et\/produktas\/hioki-im7585-lcr-mootur#breadcrumb\",\"itemListElement\":[{\"@type\":\"ListItem\",\"position\":1,\"name\":\"Home\",\"item\":\"https:\/\/www.axiomams.eu\/et\"},{\"@type\":\"ListItem\",\"position\":2,\"name\":\"Tooted\",\"item\":\"https:\/\/www.axiomams.eu\/et\/tooted\"},{\"@type\":\"ListItem\",\"position\":3,\"name\":\"HIOKI IM7585 LCR m\u00f5\u00f5tur\"}]},{\"@type\":\"WebSite\",\"@id\":\"https:\/\/www.axiomams.eu\/et#website\",\"url\":\"https:\/\/www.axiomams.eu\/et\",\"name\":\"AXIOMA MS\",\"description\":\"Terrmovizoriai ir matavimo \u012franga\",\"publisher\":{\"@id\":\"https:\/\/www.axiomams.eu\/et#organization\"},\"potentialAction\":[{\"@type\":\"SearchAction\",\"target\":{\"@type\":\"EntryPoint\",\"urlTemplate\":\"https:\/\/www.axiomams.eu\/et?s={search_term_string}\"},\"query-input\":{\"@type\":\"PropertyValueSpecification\",\"valueRequired\":true,\"valueName\":\"search_term_string\"}}],\"inLanguage\":\"et\"},{\"@type\":\"Organization\",\"@id\":\"https:\/\/www.axiomams.eu\/et#organization\",\"name\":\"AXIOMA MS\",\"url\":\"https:\/\/www.axiomams.eu\/et\",\"logo\":{\"@type\":\"ImageObject\",\"inLanguage\":\"et\",\"@id\":\"https:\/\/www.axiomams.eu\/et#\/schema\/logo\/image\/\",\"url\":\"https:\/\/www.axiomams.eu\/wp-content\/uploads\/2025\/06\/axioma-logo-2.png\",\"contentUrl\":\"https:\/\/www.axiomams.eu\/wp-content\/uploads\/2025\/06\/axioma-logo-2.png\",\"width\":1200,\"height\":1200,\"caption\":\"AXIOMA MS\"},\"image\":{\"@id\":\"https:\/\/www.axiomams.eu\/et#\/schema\/logo\/image\/\"},\"sameAs\":[\"https:\/\/www.facebook.com\/AxiomaMS\",\"https:\/\/www.linkedin.com\/company\/axiomams\/\"]}]}<\/script>\n<!-- \/ Yoast SEO plugin. -->","yoast_head_json":{"title":"HIOKI IM7585 LCR m\u00f5\u00f5tur - AXIOMA MS","robots":{"index":"index","follow":"follow","max-snippet":"max-snippet:-1","max-image-preview":"max-image-preview:large","max-video-preview":"max-video-preview:-1"},"canonical":"https:\/\/www.axiomams.eu\/et\/produktas\/hioki-im7585-lcr-mootur","og_locale":"et_EE","og_type":"article","og_title":"HIOKI IM7585 LCR m\u00f5\u00f5tur - AXIOMA MS","og_description":"Hioki IM7585-seeria on Hioki esimesed LCR-m\u00f5\u00f5turid, mis pakuvad trafode ja m\u00e4histe p\u00f6\u00f6rlemissuhte, vastastikuse induktiivsuse ja induktiivsuse erinevuse m\u00f5\u00f5tmist ning on integreeritud sisemise alalisvoolu eelpingega, et h\u00f5lbustada HDMI-vastavuse testimist. Standardne komplekt: Hioki IM7585, katsepea, toitejuhe, kasutusjuhend, LCR-rakendusketas. Tehniline teave: Hioki IM7585.pdf","og_url":"https:\/\/www.axiomams.eu\/et\/produktas\/hioki-im7585-lcr-mootur","og_site_name":"AXIOMA MS","article_publisher":"https:\/\/www.facebook.com\/AxiomaMS","article_modified_time":"2026-02-02T12:31:01+00:00","og_image":[{"width":450,"height":450,"url":"https:\/\/www.axiomams.eu\/wp-content\/uploads\/2025\/07\/2624-3385.jpeg","type":"image\/jpeg"}],"twitter_card":"summary_large_image","schema":{"@context":"https:\/\/schema.org","@graph":[{"@type":"WebPage","@id":"https:\/\/www.axiomams.eu\/et\/produktas\/hioki-im7585-lcr-mootur","url":"https:\/\/www.axiomams.eu\/et\/produktas\/hioki-im7585-lcr-mootur","name":"HIOKI IM7585 LCR m\u00f5\u00f5tur - AXIOMA MS","isPartOf":{"@id":"https:\/\/www.axiomams.eu\/et#website"},"primaryImageOfPage":{"@id":"https:\/\/www.axiomams.eu\/et\/produktas\/hioki-im7585-lcr-mootur#primaryimage"},"image":{"@id":"https:\/\/www.axiomams.eu\/et\/produktas\/hioki-im7585-lcr-mootur#primaryimage"},"thumbnailUrl":"https:\/\/www.axiomams.eu\/wp-content\/uploads\/2025\/07\/2624-3385.jpeg","datePublished":"2025-05-15T16:00:26+00:00","dateModified":"2026-02-02T12:31:01+00:00","breadcrumb":{"@id":"https:\/\/www.axiomams.eu\/et\/produktas\/hioki-im7585-lcr-mootur#breadcrumb"},"inLanguage":"et","potentialAction":[{"@type":"ReadAction","target":["https:\/\/www.axiomams.eu\/et\/produktas\/hioki-im7585-lcr-mootur"]}]},{"@type":"ImageObject","inLanguage":"et","@id":"https:\/\/www.axiomams.eu\/et\/produktas\/hioki-im7585-lcr-mootur#primaryimage","url":"https:\/\/www.axiomams.eu\/wp-content\/uploads\/2025\/07\/2624-3385.jpeg","contentUrl":"https:\/\/www.axiomams.eu\/wp-content\/uploads\/2025\/07\/2624-3385.jpeg","width":450,"height":450},{"@type":"BreadcrumbList","@id":"https:\/\/www.axiomams.eu\/et\/produktas\/hioki-im7585-lcr-mootur#breadcrumb","itemListElement":[{"@type":"ListItem","position":1,"name":"Home","item":"https:\/\/www.axiomams.eu\/et"},{"@type":"ListItem","position":2,"name":"Tooted","item":"https:\/\/www.axiomams.eu\/et\/tooted"},{"@type":"ListItem","position":3,"name":"HIOKI IM7585 LCR m\u00f5\u00f5tur"}]},{"@type":"WebSite","@id":"https:\/\/www.axiomams.eu\/et#website","url":"https:\/\/www.axiomams.eu\/et","name":"AXIOMA MS","description":"Terrmovizoriai ir matavimo \u012franga","publisher":{"@id":"https:\/\/www.axiomams.eu\/et#organization"},"potentialAction":[{"@type":"SearchAction","target":{"@type":"EntryPoint","urlTemplate":"https:\/\/www.axiomams.eu\/et?s={search_term_string}"},"query-input":{"@type":"PropertyValueSpecification","valueRequired":true,"valueName":"search_term_string"}}],"inLanguage":"et"},{"@type":"Organization","@id":"https:\/\/www.axiomams.eu\/et#organization","name":"AXIOMA MS","url":"https:\/\/www.axiomams.eu\/et","logo":{"@type":"ImageObject","inLanguage":"et","@id":"https:\/\/www.axiomams.eu\/et#\/schema\/logo\/image\/","url":"https:\/\/www.axiomams.eu\/wp-content\/uploads\/2025\/06\/axioma-logo-2.png","contentUrl":"https:\/\/www.axiomams.eu\/wp-content\/uploads\/2025\/06\/axioma-logo-2.png","width":1200,"height":1200,"caption":"AXIOMA MS"},"image":{"@id":"https:\/\/www.axiomams.eu\/et#\/schema\/logo\/image\/"},"sameAs":["https:\/\/www.facebook.com\/AxiomaMS","https:\/\/www.linkedin.com\/company\/axiomams\/"]}]}},"_links":{"self":[{"href":"https:\/\/www.axiomams.eu\/et\/wp-json\/wp\/v2\/product\/40260","targetHints":{"allow":["GET"]}}],"collection":[{"href":"https:\/\/www.axiomams.eu\/et\/wp-json\/wp\/v2\/product"}],"about":[{"href":"https:\/\/www.axiomams.eu\/et\/wp-json\/wp\/v2\/types\/product"}],"replies":[{"embeddable":true,"href":"https:\/\/www.axiomams.eu\/et\/wp-json\/wp\/v2\/comments?post=40260"}],"wp:featuredmedia":[{"embeddable":true,"href":"https:\/\/www.axiomams.eu\/et\/wp-json\/wp\/v2\/media\/42050"}],"wp:attachment":[{"href":"https:\/\/www.axiomams.eu\/et\/wp-json\/wp\/v2\/media?parent=40260"}],"wp:term":[{"taxonomy":"product_brand","embeddable":true,"href":"https:\/\/www.axiomams.eu\/et\/wp-json\/wp\/v2\/product_brand?post=40260"},{"taxonomy":"product_cat","embeddable":true,"href":"https:\/\/www.axiomams.eu\/et\/wp-json\/wp\/v2\/product_cat?post=40260"},{"taxonomy":"product_tag","embeddable":true,"href":"https:\/\/www.axiomams.eu\/et\/wp-json\/wp\/v2\/product_tag?post=40260"}],"curies":[{"name":"wp","href":"https:\/\/api.w.org\/{rel}","templated":true}]}}