{"id":40261,"date":"2025-05-15T18:00:28","date_gmt":"2025-05-15T16:00:28","guid":{"rendered":"https:\/\/www.axiomams.eu\/produktas\/megger-ingvar-esmane-voolusulekandesusteem"},"modified":"2026-02-02T14:31:01","modified_gmt":"2026-02-02T12:31:01","slug":"megger-ingvar-esmane-voolusulekandesusteem","status":"publish","type":"product","link":"https:\/\/www.axiomams.eu\/et\/produktas\/megger-ingvar-esmane-voolusulekandesusteem","title":{"rendered":"Megger INGVAR esmane voolus\u00fclekandes\u00fcsteem"},"content":{"rendered":"<p>T\u00f6\u00f6temperatuur: 0\u00b0C &#8230; +50\u00b0C<\/p>\n<p>\u00dcldine<br \/>\nM\u00f5\u00f5tmiskategooria: CAT I, nimipiirituslike \u00fclepinge: 2200 V<br \/>\nV\u00f5rgupinge: 100 V &#8230; 240 V AC, 50\/60 Hz.<br \/>\nVooluv\u00f5rgu sisend IEC: 60309-1, -2. 16 A<\/p>\n<p>Energiatarve:<br \/>\nSisendpinge: 240 V, V\u00e4ljundvool: 2 kA, Sisendvool: 20 A<br \/>\nSisendpinge: 240 V, v\u00e4ljundvool: 3,8 kA, sisendvool: 45 A<br \/>\nSisendpinge: 120 V, v\u00e4ljundvool: 2,5 kA, sisendvool: 30 A<br \/>\nSisendpinge: 120 V, v\u00e4ljundvool: 1 kA, sisendvool: 12 A<br \/>\nKaitse: V\u00e4ljundtransformaatoril on sisseehitatud termiline v\u00e4ljal\u00fclitus ja primaarpool on kaitstud minikaitsel\u00fclitiga.<\/p>\n<p>M\u00f5\u00f5tmed<br \/>\nJuhtimisseade: 546 x 347 x 247 mm<br \/>\nVoolu\u00fcksus: 410 x 340 x 205 mm<\/p>\n<p>Kaal:<br \/>\nJuhtplokk: 20 kg<br \/>\nPraegune seade: 20 kg<\/p>\n<p>N\u00e4idik: LCD<\/p>\n<p>V\u00e4ljundid<br \/>\nV\u00e4ljundid paralleelselt, v\u00f5rgupinge 240:<br \/>\nMaksimaalne vool: 700 A, Maksimaalne genereerimisaeg: pidevalt, Koormuspinge: 2,6 V<br \/>\nMaksimaalne vool: 1000 A, Maksimaalne genereerimisaeg: 30 min, minimaalne puhkeaeg: 5 min, koormuspinge: 2,5 V<br \/>\nMaksimaalne vool: 2000 A, Maksimaalne genereerimisaeg: 3 min, minimaalne puhkeaeg: 10 min, koormuspinge: 2,1 V<br \/>\nMaksimaalne vool: 3000 A, maksimaalne genereerimisaeg: 1 min, minimaalne puhkeaeg: 12 min, koormuspinge: 1,8 V.<br \/>\nMaksimaalne vool: 5000 A, Maksimaalne genereerimisaeg: 2 sek, Minimaalne puhkeaeg: 3 min, koormuspinge: 1,2 V<\/p>\n<p>V\u00e4ljundid j\u00e4rjestikku, v\u00f5rgupinge 240:<br \/>\nMaksimaalne vool: 350 A, Maksimaalne genereerimisaeg: pidevalt, Koormuspinge: 5,3 V<br \/>\nMaksimaalne vool: 500 A, maksimaalne genereerimisaeg: 20 min, minimaalne puhkeaeg: 15 min, koormuspinge: 5,1 V.<br \/>\nMaksimaalne vool: 1500 A, Maksimaalne genereerimisaeg: 2 min, Minimaalne puhkeaeg: 12 min, Koormuspinge: 3,5 V<\/p>\n<p>M\u00f5\u00f5tmisosa<br \/>\nAmpermeetrid:<br \/>\nM\u00f5\u00f5tmismeetod: AC 50\/60 Hz, DC RMS<br \/>\nEbat\u00e4psus: 1% m\u00f5\u00f5tepiirkonnast \u00b11 numbrikohta.<\/p>\n<p>Ampermeetri 1<br \/>\nVahemikud:<br \/>\n&#8230; 1,00 kA.<br \/>\nSeeria k\u00f5rge: 0 kA &#8230; 2,00 kA<br \/>\nParalleelne madal: 0 kA &#8230; 3,25 kA<br \/>\nParalleelne k\u00f5rge: 0 kA &#8230; 6,50 kA<\/p>\n<p>Eraldusv\u00f5ime:<br \/>\n0 A &#8230; 999 A: 1 A<br \/>\n1,00 kA &#8230; 6,50 kA juures: 10 A<\/p>\n<p>Ampermeetri 2:<br \/>\nVahemikud: 0 A &#8230; 2 A \/ 0 A &#8230; 20 A<br \/>\nMaksimaalne vool: 20 A (sisend ei ole kaitstud kaitsmega).<\/p>\n<p>Voltmeeter:<br \/>\nM\u00f5\u00f5tmismeetod: AC 50\/60 Hz, DC RMS<br \/>\nVahemikud: 0 V &#8230; 0,2 V, 0 V &#8230; 2 V, 0 V &#8230; 20 V, 0 V &#8230; 200 V, AUTOMAATNE<br \/>\nEbat\u00e4psus: 1 % m\u00f5\u00f5tepiirkonnast \u00b1 1 numbrikohta<br \/>\nSisendtakistus (Rin): 240 k\u03a9 (vahemik 0 V &#8230; 200 V), 24 k\u03a9 (muud vahemikud).<br \/>\nDielektriline vastupidavus: 2,5 kV<\/p>\n<p>Taimer<br \/>\nEsitlus: Sekundites, v\u00f5rgusageduse ts\u00fcklites v\u00f5i tundides ja minutites.<br \/>\nVahemikud: 0,000 s &#8230; 99999,9 s, 0 &#8230; 9999 ts\u00fcklit<br \/>\nEbat\u00e4psus: \u00b1(1 number + 0,01% v\u00e4\u00e4rtusest)<\/p>\n<p>Peatamise sisend<br \/>\nMaksimaalne sisendpinge: 250 V AC \/ 275 V DC<br \/>\nFaasinurk:<br \/>\nVahemik: 0\u00ba &#8230; 359\u00ba<br \/>\nEraldusv\u00f5ime: 1\u00ba<br \/>\nEbat\u00e4psus: \u00b12\u00ba (pinge ja voolu n\u00e4itude puhul, mis on suuremad kui 10% valitud vahemikust).<\/p>\n<p>Z, P, R, X, S, Q ja v\u00f5imsustegur (cos\u03d5): Tulemus arvutatakse, kasutades U, I ja j<\/p>\n<h3>Tehniline teave:<\/h3>\n<ul>\n<li><a href=\"https:\/\/axiomams.eu\/importer\/export\/attachments\/en\/megger-ingvar.pdf\" target=\"_blank\">Megger INGVAR.pdf<\/a><\/li>\n<\/ul>\n","protected":false},"excerpt":{"rendered":"<p>T\u00f6\u00f6temperatuur: 0\u00b0C &#8230; +50\u00b0C \u00dcldine M\u00f5\u00f5tmiskategooria: CAT I, nimipiirituslike \u00fclepinge: 2200 V V\u00f5rgupinge: 100 V &#8230; 240 V AC, 50\/60 Hz. Vooluv\u00f5rgu sisend IEC: 60309-1, -2. 16 A Energiatarve: Sisendpinge: 240 V, V\u00e4ljundvool: 2 kA, Sisendvool: 20 A Sisendpinge: 240 V, v\u00e4ljundvool: 3,8 kA, sisendvool: 45 A Sisendpinge: 120 V, v\u00e4ljundvool: 2,5 kA, sisendvool: 30&#8230;<\/p>\n","protected":false},"featured_media":42052,"comment_status":"open","ping_status":"closed","template":"","meta":{"_acf_changed":false},"product_brand":[1726],"product_cat":[17779],"product_tag":[],"class_list":{"0":"post-40261","1":"product","2":"type-product","3":"status-publish","4":"has-post-thumbnail","6":"product_brand-megger","7":"product_cat-elektriliste-seadmete-katsetamiseks-ja-testimiseks","9":"first","10":"instock","11":"taxable","12":"shipping-taxable","13":"product-type-simple"},"acf":[],"yoast_head":"<!-- This site is optimized with the Yoast SEO plugin v27.0 - https:\/\/yoast.com\/product\/yoast-seo-wordpress\/ -->\n<title>Megger INGVAR esmane voolus\u00fclekandes\u00fcsteem - AXIOMA MS<\/title>\n<meta name=\"robots\" content=\"index, follow, max-snippet:-1, max-image-preview:large, max-video-preview:-1\" \/>\n<link rel=\"canonical\" href=\"https:\/\/www.axiomams.eu\/et\/produktas\/megger-ingvar-esmane-voolusulekandesusteem\" \/>\n<meta property=\"og:locale\" content=\"et_EE\" \/>\n<meta property=\"og:type\" content=\"article\" \/>\n<meta property=\"og:title\" content=\"Megger INGVAR esmane voolus\u00fclekandes\u00fcsteem - AXIOMA MS\" \/>\n<meta property=\"og:description\" content=\"T\u00f6\u00f6temperatuur: 0\u00b0C &#8230; +50\u00b0C \u00dcldine M\u00f5\u00f5tmiskategooria: CAT I, nimipiirituslike \u00fclepinge: 2200 V V\u00f5rgupinge: 100 V &#8230; 240 V AC, 50\/60 Hz. Vooluv\u00f5rgu sisend IEC: 60309-1, -2. 16 A Energiatarve: Sisendpinge: 240 V, V\u00e4ljundvool: 2 kA, Sisendvool: 20 A Sisendpinge: 240 V, v\u00e4ljundvool: 3,8 kA, sisendvool: 45 A Sisendpinge: 120 V, v\u00e4ljundvool: 2,5 kA, sisendvool: 30...\" \/>\n<meta property=\"og:url\" content=\"https:\/\/www.axiomams.eu\/et\/produktas\/megger-ingvar-esmane-voolusulekandesusteem\" \/>\n<meta property=\"og:site_name\" content=\"AXIOMA MS\" \/>\n<meta property=\"article:publisher\" content=\"https:\/\/www.facebook.com\/AxiomaMS\" \/>\n<meta property=\"article:modified_time\" content=\"2026-02-02T12:31:01+00:00\" \/>\n<meta property=\"og:image\" content=\"https:\/\/www.axiomams.eu\/wp-content\/uploads\/2025\/07\/1887-2455.jpg\" \/>\n\t<meta property=\"og:image:width\" content=\"1000\" \/>\n\t<meta property=\"og:image:height\" content=\"909\" \/>\n\t<meta property=\"og:image:type\" content=\"image\/jpeg\" \/>\n<meta name=\"twitter:card\" content=\"summary_large_image\" \/>\n<meta name=\"twitter:label1\" content=\"Est. reading time\" \/>\n\t<meta name=\"twitter:data1\" content=\"2 minut\" \/>\n<script type=\"application\/ld+json\" class=\"yoast-schema-graph\">{\"@context\":\"https:\/\/schema.org\",\"@graph\":[{\"@type\":\"WebPage\",\"@id\":\"https:\/\/www.axiomams.eu\/et\/produktas\/megger-ingvar-esmane-voolusulekandesusteem\",\"url\":\"https:\/\/www.axiomams.eu\/et\/produktas\/megger-ingvar-esmane-voolusulekandesusteem\",\"name\":\"Megger INGVAR esmane voolus\u00fclekandes\u00fcsteem - AXIOMA MS\",\"isPartOf\":{\"@id\":\"https:\/\/www.axiomams.eu\/et#website\"},\"primaryImageOfPage\":{\"@id\":\"https:\/\/www.axiomams.eu\/et\/produktas\/megger-ingvar-esmane-voolusulekandesusteem#primaryimage\"},\"image\":{\"@id\":\"https:\/\/www.axiomams.eu\/et\/produktas\/megger-ingvar-esmane-voolusulekandesusteem#primaryimage\"},\"thumbnailUrl\":\"https:\/\/www.axiomams.eu\/wp-content\/uploads\/2025\/07\/1887-2455.jpg\",\"datePublished\":\"2025-05-15T16:00:28+00:00\",\"dateModified\":\"2026-02-02T12:31:01+00:00\",\"breadcrumb\":{\"@id\":\"https:\/\/www.axiomams.eu\/et\/produktas\/megger-ingvar-esmane-voolusulekandesusteem#breadcrumb\"},\"inLanguage\":\"et\",\"potentialAction\":[{\"@type\":\"ReadAction\",\"target\":[\"https:\/\/www.axiomams.eu\/et\/produktas\/megger-ingvar-esmane-voolusulekandesusteem\"]}]},{\"@type\":\"ImageObject\",\"inLanguage\":\"et\",\"@id\":\"https:\/\/www.axiomams.eu\/et\/produktas\/megger-ingvar-esmane-voolusulekandesusteem#primaryimage\",\"url\":\"https:\/\/www.axiomams.eu\/wp-content\/uploads\/2025\/07\/1887-2455.jpg\",\"contentUrl\":\"https:\/\/www.axiomams.eu\/wp-content\/uploads\/2025\/07\/1887-2455.jpg\",\"width\":1000,\"height\":909},{\"@type\":\"BreadcrumbList\",\"@id\":\"https:\/\/www.axiomams.eu\/et\/produktas\/megger-ingvar-esmane-voolusulekandesusteem#breadcrumb\",\"itemListElement\":[{\"@type\":\"ListItem\",\"position\":1,\"name\":\"Home\",\"item\":\"https:\/\/www.axiomams.eu\/et\"},{\"@type\":\"ListItem\",\"position\":2,\"name\":\"Tooted\",\"item\":\"https:\/\/www.axiomams.eu\/et\/tooted\"},{\"@type\":\"ListItem\",\"position\":3,\"name\":\"Megger INGVAR esmane voolus\u00fclekandes\u00fcsteem\"}]},{\"@type\":\"WebSite\",\"@id\":\"https:\/\/www.axiomams.eu\/et#website\",\"url\":\"https:\/\/www.axiomams.eu\/et\",\"name\":\"AXIOMA MS\",\"description\":\"Terrmovizoriai ir matavimo \u012franga\",\"publisher\":{\"@id\":\"https:\/\/www.axiomams.eu\/et#organization\"},\"potentialAction\":[{\"@type\":\"SearchAction\",\"target\":{\"@type\":\"EntryPoint\",\"urlTemplate\":\"https:\/\/www.axiomams.eu\/et?s={search_term_string}\"},\"query-input\":{\"@type\":\"PropertyValueSpecification\",\"valueRequired\":true,\"valueName\":\"search_term_string\"}}],\"inLanguage\":\"et\"},{\"@type\":\"Organization\",\"@id\":\"https:\/\/www.axiomams.eu\/et#organization\",\"name\":\"AXIOMA MS\",\"url\":\"https:\/\/www.axiomams.eu\/et\",\"logo\":{\"@type\":\"ImageObject\",\"inLanguage\":\"et\",\"@id\":\"https:\/\/www.axiomams.eu\/et#\/schema\/logo\/image\/\",\"url\":\"https:\/\/www.axiomams.eu\/wp-content\/uploads\/2025\/06\/axioma-logo-2.png\",\"contentUrl\":\"https:\/\/www.axiomams.eu\/wp-content\/uploads\/2025\/06\/axioma-logo-2.png\",\"width\":1200,\"height\":1200,\"caption\":\"AXIOMA MS\"},\"image\":{\"@id\":\"https:\/\/www.axiomams.eu\/et#\/schema\/logo\/image\/\"},\"sameAs\":[\"https:\/\/www.facebook.com\/AxiomaMS\",\"https:\/\/www.linkedin.com\/company\/axiomams\/\"]}]}<\/script>\n<!-- \/ Yoast SEO plugin. -->","yoast_head_json":{"title":"Megger INGVAR esmane voolus\u00fclekandes\u00fcsteem - AXIOMA MS","robots":{"index":"index","follow":"follow","max-snippet":"max-snippet:-1","max-image-preview":"max-image-preview:large","max-video-preview":"max-video-preview:-1"},"canonical":"https:\/\/www.axiomams.eu\/et\/produktas\/megger-ingvar-esmane-voolusulekandesusteem","og_locale":"et_EE","og_type":"article","og_title":"Megger INGVAR esmane voolus\u00fclekandes\u00fcsteem - AXIOMA MS","og_description":"T\u00f6\u00f6temperatuur: 0\u00b0C &#8230; +50\u00b0C \u00dcldine M\u00f5\u00f5tmiskategooria: CAT I, nimipiirituslike \u00fclepinge: 2200 V V\u00f5rgupinge: 100 V &#8230; 240 V AC, 50\/60 Hz. Vooluv\u00f5rgu sisend IEC: 60309-1, -2. 16 A Energiatarve: Sisendpinge: 240 V, V\u00e4ljundvool: 2 kA, Sisendvool: 20 A Sisendpinge: 240 V, v\u00e4ljundvool: 3,8 kA, sisendvool: 45 A Sisendpinge: 120 V, v\u00e4ljundvool: 2,5 kA, sisendvool: 30...","og_url":"https:\/\/www.axiomams.eu\/et\/produktas\/megger-ingvar-esmane-voolusulekandesusteem","og_site_name":"AXIOMA MS","article_publisher":"https:\/\/www.facebook.com\/AxiomaMS","article_modified_time":"2026-02-02T12:31:01+00:00","og_image":[{"width":1000,"height":909,"url":"https:\/\/www.axiomams.eu\/wp-content\/uploads\/2025\/07\/1887-2455.jpg","type":"image\/jpeg"}],"twitter_card":"summary_large_image","twitter_misc":{"Est. reading time":"2 minut"},"schema":{"@context":"https:\/\/schema.org","@graph":[{"@type":"WebPage","@id":"https:\/\/www.axiomams.eu\/et\/produktas\/megger-ingvar-esmane-voolusulekandesusteem","url":"https:\/\/www.axiomams.eu\/et\/produktas\/megger-ingvar-esmane-voolusulekandesusteem","name":"Megger INGVAR esmane voolus\u00fclekandes\u00fcsteem - AXIOMA MS","isPartOf":{"@id":"https:\/\/www.axiomams.eu\/et#website"},"primaryImageOfPage":{"@id":"https:\/\/www.axiomams.eu\/et\/produktas\/megger-ingvar-esmane-voolusulekandesusteem#primaryimage"},"image":{"@id":"https:\/\/www.axiomams.eu\/et\/produktas\/megger-ingvar-esmane-voolusulekandesusteem#primaryimage"},"thumbnailUrl":"https:\/\/www.axiomams.eu\/wp-content\/uploads\/2025\/07\/1887-2455.jpg","datePublished":"2025-05-15T16:00:28+00:00","dateModified":"2026-02-02T12:31:01+00:00","breadcrumb":{"@id":"https:\/\/www.axiomams.eu\/et\/produktas\/megger-ingvar-esmane-voolusulekandesusteem#breadcrumb"},"inLanguage":"et","potentialAction":[{"@type":"ReadAction","target":["https:\/\/www.axiomams.eu\/et\/produktas\/megger-ingvar-esmane-voolusulekandesusteem"]}]},{"@type":"ImageObject","inLanguage":"et","@id":"https:\/\/www.axiomams.eu\/et\/produktas\/megger-ingvar-esmane-voolusulekandesusteem#primaryimage","url":"https:\/\/www.axiomams.eu\/wp-content\/uploads\/2025\/07\/1887-2455.jpg","contentUrl":"https:\/\/www.axiomams.eu\/wp-content\/uploads\/2025\/07\/1887-2455.jpg","width":1000,"height":909},{"@type":"BreadcrumbList","@id":"https:\/\/www.axiomams.eu\/et\/produktas\/megger-ingvar-esmane-voolusulekandesusteem#breadcrumb","itemListElement":[{"@type":"ListItem","position":1,"name":"Home","item":"https:\/\/www.axiomams.eu\/et"},{"@type":"ListItem","position":2,"name":"Tooted","item":"https:\/\/www.axiomams.eu\/et\/tooted"},{"@type":"ListItem","position":3,"name":"Megger INGVAR esmane voolus\u00fclekandes\u00fcsteem"}]},{"@type":"WebSite","@id":"https:\/\/www.axiomams.eu\/et#website","url":"https:\/\/www.axiomams.eu\/et","name":"AXIOMA MS","description":"Terrmovizoriai ir matavimo \u012franga","publisher":{"@id":"https:\/\/www.axiomams.eu\/et#organization"},"potentialAction":[{"@type":"SearchAction","target":{"@type":"EntryPoint","urlTemplate":"https:\/\/www.axiomams.eu\/et?s={search_term_string}"},"query-input":{"@type":"PropertyValueSpecification","valueRequired":true,"valueName":"search_term_string"}}],"inLanguage":"et"},{"@type":"Organization","@id":"https:\/\/www.axiomams.eu\/et#organization","name":"AXIOMA MS","url":"https:\/\/www.axiomams.eu\/et","logo":{"@type":"ImageObject","inLanguage":"et","@id":"https:\/\/www.axiomams.eu\/et#\/schema\/logo\/image\/","url":"https:\/\/www.axiomams.eu\/wp-content\/uploads\/2025\/06\/axioma-logo-2.png","contentUrl":"https:\/\/www.axiomams.eu\/wp-content\/uploads\/2025\/06\/axioma-logo-2.png","width":1200,"height":1200,"caption":"AXIOMA MS"},"image":{"@id":"https:\/\/www.axiomams.eu\/et#\/schema\/logo\/image\/"},"sameAs":["https:\/\/www.facebook.com\/AxiomaMS","https:\/\/www.linkedin.com\/company\/axiomams\/"]}]}},"_links":{"self":[{"href":"https:\/\/www.axiomams.eu\/et\/wp-json\/wp\/v2\/product\/40261","targetHints":{"allow":["GET"]}}],"collection":[{"href":"https:\/\/www.axiomams.eu\/et\/wp-json\/wp\/v2\/product"}],"about":[{"href":"https:\/\/www.axiomams.eu\/et\/wp-json\/wp\/v2\/types\/product"}],"replies":[{"embeddable":true,"href":"https:\/\/www.axiomams.eu\/et\/wp-json\/wp\/v2\/comments?post=40261"}],"wp:featuredmedia":[{"embeddable":true,"href":"https:\/\/www.axiomams.eu\/et\/wp-json\/wp\/v2\/media\/42052"}],"wp:attachment":[{"href":"https:\/\/www.axiomams.eu\/et\/wp-json\/wp\/v2\/media?parent=40261"}],"wp:term":[{"taxonomy":"product_brand","embeddable":true,"href":"https:\/\/www.axiomams.eu\/et\/wp-json\/wp\/v2\/product_brand?post=40261"},{"taxonomy":"product_cat","embeddable":true,"href":"https:\/\/www.axiomams.eu\/et\/wp-json\/wp\/v2\/product_cat?post=40261"},{"taxonomy":"product_tag","embeddable":true,"href":"https:\/\/www.axiomams.eu\/et\/wp-json\/wp\/v2\/product_tag?post=40261"}],"curies":[{"name":"wp","href":"https:\/\/api.w.org\/{rel}","templated":true}]}}