{"id":40262,"date":"2025-11-09T01:02:02","date_gmt":"2025-11-08T23:02:02","guid":{"rendered":"https:\/\/www.axiomams.eu\/produktas\/hioki-ir4056-isolatsioonitesti"},"modified":"2026-02-02T14:31:02","modified_gmt":"2026-02-02T12:31:02","slug":"hioki-ir4056-isolatsioonitesti","status":"publish","type":"product","link":"https:\/\/www.axiomams.eu\/et\/produktas\/hioki-ir4056-isolatsioonitesti","title":{"rendered":"HIOKI IR4056 isolatsioonitesti"},"content":{"rendered":"<p>Hioki IR4056 on professionaalse kvaliteediga isolatsioonitakistuse tester, mis on loodud kiireks ja usaldusv\u00e4\u00e4rseks kohapealseks testimiseks. See on disainitud vastupidava &#8220;k\u00f5ik \u00fches&#8221; korpusega, mis sisaldab vastupidavat kaitsekotti ja ruumi mugava katsejuhtme hoiustamiseks, mist\u00f5ttu on see ideaalne kohapealseks t\u00f6\u00f6ks erinevates elektrikeskkondades.<\/p>\n<p><b>Tulemuslikkus ja testimisvahemik<\/b><br \/>\nIR4056 pakub ulatuslikku 5 vahemiku testimisv\u00f5imalust, alates 50 V\/100 M\u03a9 kuni 1000 V\/4000 M\u03a9. Selle digitaalne ekraan pakub stabiilseid keskmise kiirusega n\u00e4itusid ja annab t\u00e4pse PASS\/FAIL-tulemuse vaid 0,8 sekundiga, aidates tehnikutel kontrollide ajal aega s\u00e4\u00e4sta.<\/p>\n<p><b>Lisafunktsioonid<\/b><br \/>\nIR4056 sisaldab p\u00f5hjaliku testimise jaoks 200 mA pidevuskontrolli ja integreeritud AC\/DC-voltmeetrit. Need funktsioonid suurendavad selle mitmek\u00fclgsust, muutes selle sobivaks n\u00e4iteks p\u00e4ikeseenergias\u00fcsteemide ja elektris\u00f5idukite hindamiseks.<\/p>\n<p><b>Standardkomplekt:<\/b> Hioki IR4056 isolatsioonitesti, testjuhtmed, kaelarihm, kasutusjuhend, patareid.<\/p>\n<p><iframe loading=\"lazy\" width=\"560\" height=\"315\" src=\"https:\/\/www.youtube.com\/embed\/F_k3U2ccxic?si=svbzRaxA5ZQQLCNs\" title=\"YouTube videopleier\" frameborder=\"0\" allow=\"accelerometer; autoplay; clipboard-write; encrypted-media; gyroscope; picture-in-picture; web-share\" referrerpolicy=\"strict-origin-when-cross-origin\" allowfullscreen><\/iframe><\/p>\n<h3>Tehniline teave:<\/h3>\n<ul>\n<li><a href=\"https:\/\/axiomams.eu\/importer\/export\/attachments\/en\/hioki-ir4056.pdf\" target=\"_blank\">Hioki IR4056.pdf<\/a><\/li>\n<\/ul>\n","protected":false},"excerpt":{"rendered":"<p>Hioki IR4056 on professionaalse kvaliteediga isolatsioonitakistuse tester, mis on loodud kiireks ja usaldusv\u00e4\u00e4rseks kohapealseks testimiseks. See on disainitud vastupidava &#8220;k\u00f5ik \u00fches&#8221; korpusega, mis sisaldab vastupidavat kaitsekotti ja ruumi mugava katsejuhtme hoiustamiseks, mist\u00f5ttu on see ideaalne kohapealseks t\u00f6\u00f6ks erinevates elektrikeskkondades. Tulemuslikkus ja testimisvahemik IR4056 pakub ulatuslikku 5 vahemiku testimisv\u00f5imalust, alates 50 V\/100 M\u03a9 kuni 1000 V\/4000&#8230;<\/p>\n","protected":false},"featured_media":42054,"comment_status":"open","ping_status":"closed","template":"","meta":{"_acf_changed":false},"product_brand":[1112],"product_cat":[17778],"product_tag":[],"class_list":{"0":"post-40262","1":"product","2":"type-product","3":"status-publish","4":"has-post-thumbnail","6":"product_brand-hioki","7":"product_cat-elektrijuhtmete-kontrollimiseks","9":"first","10":"instock","11":"taxable","12":"shipping-taxable","13":"purchasable","14":"product-type-simple"},"acf":[],"yoast_head":"<!-- This site is optimized with the Yoast SEO plugin v27.0 - https:\/\/yoast.com\/product\/yoast-seo-wordpress\/ -->\n<title>HIOKI IR4056 isolatsioonitesti - AXIOMA MS<\/title>\n<meta name=\"robots\" content=\"index, follow, max-snippet:-1, max-image-preview:large, max-video-preview:-1\" \/>\n<link rel=\"canonical\" href=\"https:\/\/www.axiomams.eu\/et\/produktas\/hioki-ir4056-isolatsioonitesti\" \/>\n<meta property=\"og:locale\" content=\"et_EE\" \/>\n<meta property=\"og:type\" content=\"article\" \/>\n<meta property=\"og:title\" content=\"HIOKI IR4056 isolatsioonitesti - AXIOMA MS\" \/>\n<meta property=\"og:description\" content=\"Hioki IR4056 on professionaalse kvaliteediga isolatsioonitakistuse tester, mis on loodud kiireks ja usaldusv\u00e4\u00e4rseks kohapealseks testimiseks. See on disainitud vastupidava &#8220;k\u00f5ik \u00fches&#8221; korpusega, mis sisaldab vastupidavat kaitsekotti ja ruumi mugava katsejuhtme hoiustamiseks, mist\u00f5ttu on see ideaalne kohapealseks t\u00f6\u00f6ks erinevates elektrikeskkondades. Tulemuslikkus ja testimisvahemik IR4056 pakub ulatuslikku 5 vahemiku testimisv\u00f5imalust, alates 50 V\/100 M\u03a9 kuni 1000 V\/4000...\" \/>\n<meta property=\"og:url\" content=\"https:\/\/www.axiomams.eu\/et\/produktas\/hioki-ir4056-isolatsioonitesti\" \/>\n<meta property=\"og:site_name\" content=\"AXIOMA MS\" \/>\n<meta property=\"article:publisher\" content=\"https:\/\/www.facebook.com\/AxiomaMS\" \/>\n<meta property=\"article:modified_time\" content=\"2026-02-02T12:31:02+00:00\" \/>\n<meta property=\"og:image\" content=\"https:\/\/www.axiomams.eu\/wp-content\/uploads\/2025\/11\/4691-6203.jpg\" \/>\n\t<meta property=\"og:image:width\" content=\"694\" \/>\n\t<meta property=\"og:image:height\" content=\"694\" \/>\n\t<meta property=\"og:image:type\" content=\"image\/jpeg\" \/>\n<meta name=\"twitter:card\" content=\"summary_large_image\" \/>\n<meta name=\"twitter:label1\" content=\"Est. reading time\" \/>\n\t<meta name=\"twitter:data1\" content=\"1 minut\" \/>\n<script type=\"application\/ld+json\" class=\"yoast-schema-graph\">{\"@context\":\"https:\/\/schema.org\",\"@graph\":[{\"@type\":\"WebPage\",\"@id\":\"https:\/\/www.axiomams.eu\/et\/produktas\/hioki-ir4056-isolatsioonitesti\",\"url\":\"https:\/\/www.axiomams.eu\/et\/produktas\/hioki-ir4056-isolatsioonitesti\",\"name\":\"HIOKI IR4056 isolatsioonitesti - AXIOMA MS\",\"isPartOf\":{\"@id\":\"https:\/\/www.axiomams.eu\/et#website\"},\"primaryImageOfPage\":{\"@id\":\"https:\/\/www.axiomams.eu\/et\/produktas\/hioki-ir4056-isolatsioonitesti#primaryimage\"},\"image\":{\"@id\":\"https:\/\/www.axiomams.eu\/et\/produktas\/hioki-ir4056-isolatsioonitesti#primaryimage\"},\"thumbnailUrl\":\"https:\/\/www.axiomams.eu\/wp-content\/uploads\/2025\/11\/4691-6203.jpg\",\"datePublished\":\"2025-11-08T23:02:02+00:00\",\"dateModified\":\"2026-02-02T12:31:02+00:00\",\"breadcrumb\":{\"@id\":\"https:\/\/www.axiomams.eu\/et\/produktas\/hioki-ir4056-isolatsioonitesti#breadcrumb\"},\"inLanguage\":\"et\",\"potentialAction\":[{\"@type\":\"ReadAction\",\"target\":[\"https:\/\/www.axiomams.eu\/et\/produktas\/hioki-ir4056-isolatsioonitesti\"]}]},{\"@type\":\"ImageObject\",\"inLanguage\":\"et\",\"@id\":\"https:\/\/www.axiomams.eu\/et\/produktas\/hioki-ir4056-isolatsioonitesti#primaryimage\",\"url\":\"https:\/\/www.axiomams.eu\/wp-content\/uploads\/2025\/11\/4691-6203.jpg\",\"contentUrl\":\"https:\/\/www.axiomams.eu\/wp-content\/uploads\/2025\/11\/4691-6203.jpg\",\"width\":694,\"height\":694},{\"@type\":\"BreadcrumbList\",\"@id\":\"https:\/\/www.axiomams.eu\/et\/produktas\/hioki-ir4056-isolatsioonitesti#breadcrumb\",\"itemListElement\":[{\"@type\":\"ListItem\",\"position\":1,\"name\":\"Home\",\"item\":\"https:\/\/www.axiomams.eu\/et\"},{\"@type\":\"ListItem\",\"position\":2,\"name\":\"Tooted\",\"item\":\"https:\/\/www.axiomams.eu\/et\/tooted\"},{\"@type\":\"ListItem\",\"position\":3,\"name\":\"HIOKI IR4056 isolatsioonitesti\"}]},{\"@type\":\"WebSite\",\"@id\":\"https:\/\/www.axiomams.eu\/et#website\",\"url\":\"https:\/\/www.axiomams.eu\/et\",\"name\":\"AXIOMA MS\",\"description\":\"Terrmovizoriai ir matavimo \u012franga\",\"publisher\":{\"@id\":\"https:\/\/www.axiomams.eu\/et#organization\"},\"potentialAction\":[{\"@type\":\"SearchAction\",\"target\":{\"@type\":\"EntryPoint\",\"urlTemplate\":\"https:\/\/www.axiomams.eu\/et?s={search_term_string}\"},\"query-input\":{\"@type\":\"PropertyValueSpecification\",\"valueRequired\":true,\"valueName\":\"search_term_string\"}}],\"inLanguage\":\"et\"},{\"@type\":\"Organization\",\"@id\":\"https:\/\/www.axiomams.eu\/et#organization\",\"name\":\"AXIOMA MS\",\"url\":\"https:\/\/www.axiomams.eu\/et\",\"logo\":{\"@type\":\"ImageObject\",\"inLanguage\":\"et\",\"@id\":\"https:\/\/www.axiomams.eu\/et#\/schema\/logo\/image\/\",\"url\":\"https:\/\/www.axiomams.eu\/wp-content\/uploads\/2025\/06\/axioma-logo-2.png\",\"contentUrl\":\"https:\/\/www.axiomams.eu\/wp-content\/uploads\/2025\/06\/axioma-logo-2.png\",\"width\":1200,\"height\":1200,\"caption\":\"AXIOMA MS\"},\"image\":{\"@id\":\"https:\/\/www.axiomams.eu\/et#\/schema\/logo\/image\/\"},\"sameAs\":[\"https:\/\/www.facebook.com\/AxiomaMS\",\"https:\/\/www.linkedin.com\/company\/axiomams\/\"]}]}<\/script>\n<!-- \/ Yoast SEO plugin. -->","yoast_head_json":{"title":"HIOKI IR4056 isolatsioonitesti - AXIOMA MS","robots":{"index":"index","follow":"follow","max-snippet":"max-snippet:-1","max-image-preview":"max-image-preview:large","max-video-preview":"max-video-preview:-1"},"canonical":"https:\/\/www.axiomams.eu\/et\/produktas\/hioki-ir4056-isolatsioonitesti","og_locale":"et_EE","og_type":"article","og_title":"HIOKI IR4056 isolatsioonitesti - AXIOMA MS","og_description":"Hioki IR4056 on professionaalse kvaliteediga isolatsioonitakistuse tester, mis on loodud kiireks ja usaldusv\u00e4\u00e4rseks kohapealseks testimiseks. See on disainitud vastupidava &#8220;k\u00f5ik \u00fches&#8221; korpusega, mis sisaldab vastupidavat kaitsekotti ja ruumi mugava katsejuhtme hoiustamiseks, mist\u00f5ttu on see ideaalne kohapealseks t\u00f6\u00f6ks erinevates elektrikeskkondades. Tulemuslikkus ja testimisvahemik IR4056 pakub ulatuslikku 5 vahemiku testimisv\u00f5imalust, alates 50 V\/100 M\u03a9 kuni 1000 V\/4000...","og_url":"https:\/\/www.axiomams.eu\/et\/produktas\/hioki-ir4056-isolatsioonitesti","og_site_name":"AXIOMA MS","article_publisher":"https:\/\/www.facebook.com\/AxiomaMS","article_modified_time":"2026-02-02T12:31:02+00:00","og_image":[{"width":694,"height":694,"url":"https:\/\/www.axiomams.eu\/wp-content\/uploads\/2025\/11\/4691-6203.jpg","type":"image\/jpeg"}],"twitter_card":"summary_large_image","twitter_misc":{"Est. reading time":"1 minut"},"schema":{"@context":"https:\/\/schema.org","@graph":[{"@type":"WebPage","@id":"https:\/\/www.axiomams.eu\/et\/produktas\/hioki-ir4056-isolatsioonitesti","url":"https:\/\/www.axiomams.eu\/et\/produktas\/hioki-ir4056-isolatsioonitesti","name":"HIOKI IR4056 isolatsioonitesti - AXIOMA MS","isPartOf":{"@id":"https:\/\/www.axiomams.eu\/et#website"},"primaryImageOfPage":{"@id":"https:\/\/www.axiomams.eu\/et\/produktas\/hioki-ir4056-isolatsioonitesti#primaryimage"},"image":{"@id":"https:\/\/www.axiomams.eu\/et\/produktas\/hioki-ir4056-isolatsioonitesti#primaryimage"},"thumbnailUrl":"https:\/\/www.axiomams.eu\/wp-content\/uploads\/2025\/11\/4691-6203.jpg","datePublished":"2025-11-08T23:02:02+00:00","dateModified":"2026-02-02T12:31:02+00:00","breadcrumb":{"@id":"https:\/\/www.axiomams.eu\/et\/produktas\/hioki-ir4056-isolatsioonitesti#breadcrumb"},"inLanguage":"et","potentialAction":[{"@type":"ReadAction","target":["https:\/\/www.axiomams.eu\/et\/produktas\/hioki-ir4056-isolatsioonitesti"]}]},{"@type":"ImageObject","inLanguage":"et","@id":"https:\/\/www.axiomams.eu\/et\/produktas\/hioki-ir4056-isolatsioonitesti#primaryimage","url":"https:\/\/www.axiomams.eu\/wp-content\/uploads\/2025\/11\/4691-6203.jpg","contentUrl":"https:\/\/www.axiomams.eu\/wp-content\/uploads\/2025\/11\/4691-6203.jpg","width":694,"height":694},{"@type":"BreadcrumbList","@id":"https:\/\/www.axiomams.eu\/et\/produktas\/hioki-ir4056-isolatsioonitesti#breadcrumb","itemListElement":[{"@type":"ListItem","position":1,"name":"Home","item":"https:\/\/www.axiomams.eu\/et"},{"@type":"ListItem","position":2,"name":"Tooted","item":"https:\/\/www.axiomams.eu\/et\/tooted"},{"@type":"ListItem","position":3,"name":"HIOKI IR4056 isolatsioonitesti"}]},{"@type":"WebSite","@id":"https:\/\/www.axiomams.eu\/et#website","url":"https:\/\/www.axiomams.eu\/et","name":"AXIOMA MS","description":"Terrmovizoriai ir matavimo \u012franga","publisher":{"@id":"https:\/\/www.axiomams.eu\/et#organization"},"potentialAction":[{"@type":"SearchAction","target":{"@type":"EntryPoint","urlTemplate":"https:\/\/www.axiomams.eu\/et?s={search_term_string}"},"query-input":{"@type":"PropertyValueSpecification","valueRequired":true,"valueName":"search_term_string"}}],"inLanguage":"et"},{"@type":"Organization","@id":"https:\/\/www.axiomams.eu\/et#organization","name":"AXIOMA MS","url":"https:\/\/www.axiomams.eu\/et","logo":{"@type":"ImageObject","inLanguage":"et","@id":"https:\/\/www.axiomams.eu\/et#\/schema\/logo\/image\/","url":"https:\/\/www.axiomams.eu\/wp-content\/uploads\/2025\/06\/axioma-logo-2.png","contentUrl":"https:\/\/www.axiomams.eu\/wp-content\/uploads\/2025\/06\/axioma-logo-2.png","width":1200,"height":1200,"caption":"AXIOMA MS"},"image":{"@id":"https:\/\/www.axiomams.eu\/et#\/schema\/logo\/image\/"},"sameAs":["https:\/\/www.facebook.com\/AxiomaMS","https:\/\/www.linkedin.com\/company\/axiomams\/"]}]}},"_links":{"self":[{"href":"https:\/\/www.axiomams.eu\/et\/wp-json\/wp\/v2\/product\/40262","targetHints":{"allow":["GET"]}}],"collection":[{"href":"https:\/\/www.axiomams.eu\/et\/wp-json\/wp\/v2\/product"}],"about":[{"href":"https:\/\/www.axiomams.eu\/et\/wp-json\/wp\/v2\/types\/product"}],"replies":[{"embeddable":true,"href":"https:\/\/www.axiomams.eu\/et\/wp-json\/wp\/v2\/comments?post=40262"}],"wp:featuredmedia":[{"embeddable":true,"href":"https:\/\/www.axiomams.eu\/et\/wp-json\/wp\/v2\/media\/42054"}],"wp:attachment":[{"href":"https:\/\/www.axiomams.eu\/et\/wp-json\/wp\/v2\/media?parent=40262"}],"wp:term":[{"taxonomy":"product_brand","embeddable":true,"href":"https:\/\/www.axiomams.eu\/et\/wp-json\/wp\/v2\/product_brand?post=40262"},{"taxonomy":"product_cat","embeddable":true,"href":"https:\/\/www.axiomams.eu\/et\/wp-json\/wp\/v2\/product_cat?post=40262"},{"taxonomy":"product_tag","embeddable":true,"href":"https:\/\/www.axiomams.eu\/et\/wp-json\/wp\/v2\/product_tag?post=40262"}],"curies":[{"name":"wp","href":"https:\/\/api.w.org\/{rel}","templated":true}]}}