{"id":40270,"date":"2025-05-15T18:00:59","date_gmt":"2025-05-15T16:00:59","guid":{"rendered":"https:\/\/www.axiomams.eu\/produktas\/flir-irw-6pc-ir-aken"},"modified":"2026-02-02T14:31:05","modified_gmt":"2026-02-02T12:31:05","slug":"flir-irw-6pc-ir-aken","status":"publish","type":"product","link":"https:\/\/www.axiomams.eu\/et\/produktas\/flir-irw-6pc-ir-aken","title":{"rendered":"Flir IRW-6PC IR-aken"},"content":{"rendered":"<p>FLIR IRW-6PC vaateaken, mis koosneb kristallklaasist aknast, mis on paigaldatud alumiiniumraami. Klaas on spetsiaalselt loodud infrapunavalgust l\u00e4bima, et v\u00f5imaldada infrapunase soojusanduri seadmete kasutamist ilma korpust avamata. See seade on ette n\u00e4htud paigaldamiseks elektrikappide ustele v\u00f5i seintele, ilma et see kahjustaks korpuse terviklikkust.<\/p>\n<p>Standardkomplekt: FLIR IRW-6PC IR-aken, korpus, paigaldusjuhend, t\u00e4iendav turvakruvi.<\/p>\n<h3>Tehniline teave:<\/h3>\n<ul>\n<li><a href=\"https:\/\/axiomams.eu\/importer\/export\/attachments\/en\/flir-irw-2c.pdf\" target=\"_blank\">FLIR IRW-2C.pdf<\/a><\/li>\n<\/ul>\n","protected":false},"excerpt":{"rendered":"<p>FLIR IRW-6PC vaateaken, mis koosneb kristallklaasist aknast, mis on paigaldatud alumiiniumraami. Klaas on spetsiaalselt loodud infrapunavalgust l\u00e4bima, et v\u00f5imaldada infrapunase soojusanduri seadmete kasutamist ilma korpust avamata. See seade on ette n\u00e4htud paigaldamiseks elektrikappide ustele v\u00f5i seintele, ilma et see kahjustaks korpuse terviklikkust. Standardkomplekt: FLIR IRW-6PC IR-aken, korpus, paigaldusjuhend, t\u00e4iendav turvakruvi. Tehniline teave: FLIR IRW-2C.pdf<\/p>\n","protected":false},"featured_media":42070,"comment_status":"open","ping_status":"closed","template":"","meta":{"_acf_changed":false},"product_brand":[734],"product_cat":[17828],"product_tag":[],"class_list":{"0":"post-40270","1":"product","2":"type-product","3":"status-publish","4":"has-post-thumbnail","6":"product_brand-flir","7":"product_cat-soojuskujutised-ir-aknad-ennetavaks-diagnostikaks","9":"first","10":"instock","11":"taxable","12":"shipping-taxable","13":"purchasable","14":"product-type-simple"},"acf":[],"yoast_head":"<!-- This site is optimized with the Yoast SEO plugin v27.0 - https:\/\/yoast.com\/product\/yoast-seo-wordpress\/ -->\n<title>Flir IRW-6PC IR-aken - AXIOMA MS<\/title>\n<meta name=\"robots\" content=\"index, follow, max-snippet:-1, max-image-preview:large, max-video-preview:-1\" \/>\n<link rel=\"canonical\" href=\"https:\/\/www.axiomams.eu\/et\/produktas\/flir-irw-6pc-ir-aken\" \/>\n<meta property=\"og:locale\" content=\"et_EE\" \/>\n<meta property=\"og:type\" content=\"article\" \/>\n<meta property=\"og:title\" content=\"Flir IRW-6PC IR-aken - AXIOMA MS\" \/>\n<meta property=\"og:description\" content=\"FLIR IRW-6PC vaateaken, mis koosneb kristallklaasist aknast, mis on paigaldatud alumiiniumraami. Klaas on spetsiaalselt loodud infrapunavalgust l\u00e4bima, et v\u00f5imaldada infrapunase soojusanduri seadmete kasutamist ilma korpust avamata. See seade on ette n\u00e4htud paigaldamiseks elektrikappide ustele v\u00f5i seintele, ilma et see kahjustaks korpuse terviklikkust. Standardkomplekt: FLIR IRW-6PC IR-aken, korpus, paigaldusjuhend, t\u00e4iendav turvakruvi. Tehniline teave: FLIR IRW-2C.pdf\" \/>\n<meta property=\"og:url\" content=\"https:\/\/www.axiomams.eu\/et\/produktas\/flir-irw-6pc-ir-aken\" \/>\n<meta property=\"og:site_name\" content=\"AXIOMA MS\" \/>\n<meta property=\"article:publisher\" content=\"https:\/\/www.facebook.com\/AxiomaMS\" \/>\n<meta property=\"article:modified_time\" content=\"2026-02-02T12:31:05+00:00\" \/>\n<meta property=\"og:image\" content=\"https:\/\/www.axiomams.eu\/wp-content\/uploads\/2025\/07\/2884-3791.jpg\" \/>\n\t<meta property=\"og:image:width\" content=\"744\" \/>\n\t<meta property=\"og:image:height\" content=\"1020\" \/>\n\t<meta property=\"og:image:type\" content=\"image\/jpeg\" \/>\n<meta name=\"twitter:card\" content=\"summary_large_image\" \/>\n<script type=\"application\/ld+json\" class=\"yoast-schema-graph\">{\"@context\":\"https:\/\/schema.org\",\"@graph\":[{\"@type\":\"WebPage\",\"@id\":\"https:\/\/www.axiomams.eu\/et\/produktas\/flir-irw-6pc-ir-aken\",\"url\":\"https:\/\/www.axiomams.eu\/et\/produktas\/flir-irw-6pc-ir-aken\",\"name\":\"Flir IRW-6PC IR-aken - AXIOMA MS\",\"isPartOf\":{\"@id\":\"https:\/\/www.axiomams.eu\/et#website\"},\"primaryImageOfPage\":{\"@id\":\"https:\/\/www.axiomams.eu\/et\/produktas\/flir-irw-6pc-ir-aken#primaryimage\"},\"image\":{\"@id\":\"https:\/\/www.axiomams.eu\/et\/produktas\/flir-irw-6pc-ir-aken#primaryimage\"},\"thumbnailUrl\":\"https:\/\/www.axiomams.eu\/wp-content\/uploads\/2025\/07\/2884-3791.jpg\",\"datePublished\":\"2025-05-15T16:00:59+00:00\",\"dateModified\":\"2026-02-02T12:31:05+00:00\",\"breadcrumb\":{\"@id\":\"https:\/\/www.axiomams.eu\/et\/produktas\/flir-irw-6pc-ir-aken#breadcrumb\"},\"inLanguage\":\"et\",\"potentialAction\":[{\"@type\":\"ReadAction\",\"target\":[\"https:\/\/www.axiomams.eu\/et\/produktas\/flir-irw-6pc-ir-aken\"]}]},{\"@type\":\"ImageObject\",\"inLanguage\":\"et\",\"@id\":\"https:\/\/www.axiomams.eu\/et\/produktas\/flir-irw-6pc-ir-aken#primaryimage\",\"url\":\"https:\/\/www.axiomams.eu\/wp-content\/uploads\/2025\/07\/2884-3791.jpg\",\"contentUrl\":\"https:\/\/www.axiomams.eu\/wp-content\/uploads\/2025\/07\/2884-3791.jpg\",\"width\":744,\"height\":1020},{\"@type\":\"BreadcrumbList\",\"@id\":\"https:\/\/www.axiomams.eu\/et\/produktas\/flir-irw-6pc-ir-aken#breadcrumb\",\"itemListElement\":[{\"@type\":\"ListItem\",\"position\":1,\"name\":\"Home\",\"item\":\"https:\/\/www.axiomams.eu\/et\"},{\"@type\":\"ListItem\",\"position\":2,\"name\":\"Tooted\",\"item\":\"https:\/\/www.axiomams.eu\/et\/tooted\"},{\"@type\":\"ListItem\",\"position\":3,\"name\":\"Flir IRW-6PC IR-aken\"}]},{\"@type\":\"WebSite\",\"@id\":\"https:\/\/www.axiomams.eu\/et#website\",\"url\":\"https:\/\/www.axiomams.eu\/et\",\"name\":\"AXIOMA MS\",\"description\":\"Terrmovizoriai ir matavimo \u012franga\",\"publisher\":{\"@id\":\"https:\/\/www.axiomams.eu\/et#organization\"},\"potentialAction\":[{\"@type\":\"SearchAction\",\"target\":{\"@type\":\"EntryPoint\",\"urlTemplate\":\"https:\/\/www.axiomams.eu\/et?s={search_term_string}\"},\"query-input\":{\"@type\":\"PropertyValueSpecification\",\"valueRequired\":true,\"valueName\":\"search_term_string\"}}],\"inLanguage\":\"et\"},{\"@type\":\"Organization\",\"@id\":\"https:\/\/www.axiomams.eu\/et#organization\",\"name\":\"AXIOMA MS\",\"url\":\"https:\/\/www.axiomams.eu\/et\",\"logo\":{\"@type\":\"ImageObject\",\"inLanguage\":\"et\",\"@id\":\"https:\/\/www.axiomams.eu\/et#\/schema\/logo\/image\/\",\"url\":\"https:\/\/www.axiomams.eu\/wp-content\/uploads\/2025\/06\/axioma-logo-2.png\",\"contentUrl\":\"https:\/\/www.axiomams.eu\/wp-content\/uploads\/2025\/06\/axioma-logo-2.png\",\"width\":1200,\"height\":1200,\"caption\":\"AXIOMA MS\"},\"image\":{\"@id\":\"https:\/\/www.axiomams.eu\/et#\/schema\/logo\/image\/\"},\"sameAs\":[\"https:\/\/www.facebook.com\/AxiomaMS\",\"https:\/\/www.linkedin.com\/company\/axiomams\/\"]}]}<\/script>\n<!-- \/ Yoast SEO plugin. -->","yoast_head_json":{"title":"Flir IRW-6PC IR-aken - AXIOMA MS","robots":{"index":"index","follow":"follow","max-snippet":"max-snippet:-1","max-image-preview":"max-image-preview:large","max-video-preview":"max-video-preview:-1"},"canonical":"https:\/\/www.axiomams.eu\/et\/produktas\/flir-irw-6pc-ir-aken","og_locale":"et_EE","og_type":"article","og_title":"Flir IRW-6PC IR-aken - AXIOMA MS","og_description":"FLIR IRW-6PC vaateaken, mis koosneb kristallklaasist aknast, mis on paigaldatud alumiiniumraami. Klaas on spetsiaalselt loodud infrapunavalgust l\u00e4bima, et v\u00f5imaldada infrapunase soojusanduri seadmete kasutamist ilma korpust avamata. See seade on ette n\u00e4htud paigaldamiseks elektrikappide ustele v\u00f5i seintele, ilma et see kahjustaks korpuse terviklikkust. Standardkomplekt: FLIR IRW-6PC IR-aken, korpus, paigaldusjuhend, t\u00e4iendav turvakruvi. Tehniline teave: FLIR IRW-2C.pdf","og_url":"https:\/\/www.axiomams.eu\/et\/produktas\/flir-irw-6pc-ir-aken","og_site_name":"AXIOMA MS","article_publisher":"https:\/\/www.facebook.com\/AxiomaMS","article_modified_time":"2026-02-02T12:31:05+00:00","og_image":[{"width":744,"height":1020,"url":"https:\/\/www.axiomams.eu\/wp-content\/uploads\/2025\/07\/2884-3791.jpg","type":"image\/jpeg"}],"twitter_card":"summary_large_image","schema":{"@context":"https:\/\/schema.org","@graph":[{"@type":"WebPage","@id":"https:\/\/www.axiomams.eu\/et\/produktas\/flir-irw-6pc-ir-aken","url":"https:\/\/www.axiomams.eu\/et\/produktas\/flir-irw-6pc-ir-aken","name":"Flir IRW-6PC IR-aken - AXIOMA MS","isPartOf":{"@id":"https:\/\/www.axiomams.eu\/et#website"},"primaryImageOfPage":{"@id":"https:\/\/www.axiomams.eu\/et\/produktas\/flir-irw-6pc-ir-aken#primaryimage"},"image":{"@id":"https:\/\/www.axiomams.eu\/et\/produktas\/flir-irw-6pc-ir-aken#primaryimage"},"thumbnailUrl":"https:\/\/www.axiomams.eu\/wp-content\/uploads\/2025\/07\/2884-3791.jpg","datePublished":"2025-05-15T16:00:59+00:00","dateModified":"2026-02-02T12:31:05+00:00","breadcrumb":{"@id":"https:\/\/www.axiomams.eu\/et\/produktas\/flir-irw-6pc-ir-aken#breadcrumb"},"inLanguage":"et","potentialAction":[{"@type":"ReadAction","target":["https:\/\/www.axiomams.eu\/et\/produktas\/flir-irw-6pc-ir-aken"]}]},{"@type":"ImageObject","inLanguage":"et","@id":"https:\/\/www.axiomams.eu\/et\/produktas\/flir-irw-6pc-ir-aken#primaryimage","url":"https:\/\/www.axiomams.eu\/wp-content\/uploads\/2025\/07\/2884-3791.jpg","contentUrl":"https:\/\/www.axiomams.eu\/wp-content\/uploads\/2025\/07\/2884-3791.jpg","width":744,"height":1020},{"@type":"BreadcrumbList","@id":"https:\/\/www.axiomams.eu\/et\/produktas\/flir-irw-6pc-ir-aken#breadcrumb","itemListElement":[{"@type":"ListItem","position":1,"name":"Home","item":"https:\/\/www.axiomams.eu\/et"},{"@type":"ListItem","position":2,"name":"Tooted","item":"https:\/\/www.axiomams.eu\/et\/tooted"},{"@type":"ListItem","position":3,"name":"Flir IRW-6PC IR-aken"}]},{"@type":"WebSite","@id":"https:\/\/www.axiomams.eu\/et#website","url":"https:\/\/www.axiomams.eu\/et","name":"AXIOMA MS","description":"Terrmovizoriai ir matavimo \u012franga","publisher":{"@id":"https:\/\/www.axiomams.eu\/et#organization"},"potentialAction":[{"@type":"SearchAction","target":{"@type":"EntryPoint","urlTemplate":"https:\/\/www.axiomams.eu\/et?s={search_term_string}"},"query-input":{"@type":"PropertyValueSpecification","valueRequired":true,"valueName":"search_term_string"}}],"inLanguage":"et"},{"@type":"Organization","@id":"https:\/\/www.axiomams.eu\/et#organization","name":"AXIOMA MS","url":"https:\/\/www.axiomams.eu\/et","logo":{"@type":"ImageObject","inLanguage":"et","@id":"https:\/\/www.axiomams.eu\/et#\/schema\/logo\/image\/","url":"https:\/\/www.axiomams.eu\/wp-content\/uploads\/2025\/06\/axioma-logo-2.png","contentUrl":"https:\/\/www.axiomams.eu\/wp-content\/uploads\/2025\/06\/axioma-logo-2.png","width":1200,"height":1200,"caption":"AXIOMA MS"},"image":{"@id":"https:\/\/www.axiomams.eu\/et#\/schema\/logo\/image\/"},"sameAs":["https:\/\/www.facebook.com\/AxiomaMS","https:\/\/www.linkedin.com\/company\/axiomams\/"]}]}},"_links":{"self":[{"href":"https:\/\/www.axiomams.eu\/et\/wp-json\/wp\/v2\/product\/40270","targetHints":{"allow":["GET"]}}],"collection":[{"href":"https:\/\/www.axiomams.eu\/et\/wp-json\/wp\/v2\/product"}],"about":[{"href":"https:\/\/www.axiomams.eu\/et\/wp-json\/wp\/v2\/types\/product"}],"replies":[{"embeddable":true,"href":"https:\/\/www.axiomams.eu\/et\/wp-json\/wp\/v2\/comments?post=40270"}],"wp:featuredmedia":[{"embeddable":true,"href":"https:\/\/www.axiomams.eu\/et\/wp-json\/wp\/v2\/media\/42070"}],"wp:attachment":[{"href":"https:\/\/www.axiomams.eu\/et\/wp-json\/wp\/v2\/media?parent=40270"}],"wp:term":[{"taxonomy":"product_brand","embeddable":true,"href":"https:\/\/www.axiomams.eu\/et\/wp-json\/wp\/v2\/product_brand?post=40270"},{"taxonomy":"product_cat","embeddable":true,"href":"https:\/\/www.axiomams.eu\/et\/wp-json\/wp\/v2\/product_cat?post=40270"},{"taxonomy":"product_tag","embeddable":true,"href":"https:\/\/www.axiomams.eu\/et\/wp-json\/wp\/v2\/product_tag?post=40270"}],"curies":[{"name":"wp","href":"https:\/\/api.w.org\/{rel}","templated":true}]}}