{"id":40271,"date":"2025-10-25T01:02:16","date_gmt":"2025-10-24T23:02:16","guid":{"rendered":"https:\/\/www.axiomams.eu\/produktas\/polytec-ivs-500-vibratsiooniandur"},"modified":"2026-02-02T14:31:06","modified_gmt":"2026-02-02T12:31:06","slug":"polytec-ivs-500-vibratsiooniandur","status":"publish","type":"product","link":"https:\/\/www.axiomams.eu\/et\/produktas\/polytec-ivs-500-vibratsiooniandur","title":{"rendered":"Polytec IVS-500 vibratsiooniandur"},"content":{"rendered":"<p>Polytec IVS-500 t\u00f6\u00f6stuslik vibratsiooniandur pakub t\u00e4pset akustilist kvaliteedikontrolli ja konstruktsioonist l\u00e4htuva m\u00fcra anal\u00fc\u00fcsi usaldusv\u00e4\u00e4rsete &#8220;pass-fail&#8221; hindamiste jaoks. See lasert\u00e4psusega t\u00f6\u00f6tav kontaktivaba andur tagab t\u00e4pse ja kulumisvaba m\u00f5\u00f5tmise peaaegu k\u00f5ikidel pindadel, isegi rasketes t\u00f6\u00f6stustingimustes. Minimeerides valeh\u00e4ireid tootmises ja montaa\u017eis, aitab see optimeerida nii kulusid kui ka tootlikkust.<\/p>\n<p><b>peamised eelised<\/b><br \/>\n&#8211; J\u00e4rjepidevad ja korratavad &#8220;pass-fail&#8221; tulemused tootmiskatsetustes<br \/>\n&#8211; Usaldusv\u00e4\u00e4rne kontaktivaba kvaliteedikontroll, kasutades t\u00e4iustatud lasertehnoloogiat<br \/>\n&#8211; Reguleeritavad t\u00f6\u00f6kaugused kuni 3 m koos automaatse fookusega<br \/>\n&#8211; Laialdane rakendusv\u00f5imalus, mis h\u00f5lmab sagedusi kuni 100 kHz<br \/>\n&#8211; Vastupidav ja hooldusvaba andurikonstruktsioon<br \/>\n&#8211; Lihtne rivisisene v\u00f5i rivisisene seadistamine ja integreerimine<br \/>\n&#8211; V\u00e4ljund on saadaval kiiruse, nihke v\u00f5i kiirenduse andmetena<br \/>\n&#8211; Toetab nii analoog- kui ka valikulisi digitaalsignaalide vorminguid<\/p>\n<p><b>Kulut\u00f5hus ja paindlik kvaliteedikontroll<\/b><br \/>\nIVS-500 vastupidav konstruktsioon ja lihtne paigaldus v\u00f5imaldavad sujuvat integreerimist automatiseeritud tootmiskatsetuss\u00fcsteemidesse. Koos Polyteci SonicTC QuickCheck tarkvaraga pakub see terviklikku lahendust t\u00e4pseks ja usaldusv\u00e4\u00e4rseks pass-fail hindamiseks. Kompaktne, k\u00f5ik-\u00fches seade sisaldab sisseehitatud dekodeerimiselektroonikat, mis lihtsustab kasutamist.<\/p>\n<p><iframe loading=\"lazy\" width=\"560\" height=\"315\" src=\"https:\/\/www.youtube.com\/embed\/L4eeMtTrUpw?si=n_9oeAWarPv3GUg6\" title=\"YouTube video player\" frameborder=\"0\" allow=\"accelerometer; autoplay; clipboard-write; encrypted-media; gyroscope; picture-in-picture; web-share\" referrerpolicy=\"strict-origin-when-cross-origin\" allowfullscreen><\/iframe><\/p>\n<h3>Tehniline teave:<\/h3>\n<ul>\n<li><a href=\"https:\/\/axiomams.eu\/importer\/export\/attachments\/en\/polytec-ivs-500.pdf\" target=\"_blank\">Polytec IVS-500.pdf<\/a><\/li>\n<\/ul>\n","protected":false},"excerpt":{"rendered":"<p>Polytec IVS-500 t\u00f6\u00f6stuslik vibratsiooniandur pakub t\u00e4pset akustilist kvaliteedikontrolli ja konstruktsioonist l\u00e4htuva m\u00fcra anal\u00fc\u00fcsi usaldusv\u00e4\u00e4rsete &#8220;pass-fail&#8221; hindamiste jaoks. See lasert\u00e4psusega t\u00f6\u00f6tav kontaktivaba andur tagab t\u00e4pse ja kulumisvaba m\u00f5\u00f5tmise peaaegu k\u00f5ikidel pindadel, isegi rasketes t\u00f6\u00f6stustingimustes. Minimeerides valeh\u00e4ireid tootmises ja montaa\u017eis, aitab see optimeerida nii kulusid kui ka tootlikkust. peamised eelised &#8211; J\u00e4rjepidevad ja korratavad &#8220;pass-fail&#8221; tulemused tootmiskatsetustes&#8230;<\/p>\n","protected":false},"featured_media":42072,"comment_status":"open","ping_status":"closed","template":"","meta":{"_acf_changed":false},"product_brand":[17687],"product_cat":[17821],"product_tag":[],"class_list":{"0":"post-40271","1":"product","2":"type-product","3":"status-publish","4":"has-post-thumbnail","6":"product_brand-polytec","7":"product_cat-kontaktivabaks-vibratsioonimootmiseks","9":"first","10":"instock","11":"taxable","12":"shipping-taxable","13":"product-type-simple"},"acf":[],"yoast_head":"<!-- This site is optimized with the Yoast SEO plugin v27.0 - https:\/\/yoast.com\/product\/yoast-seo-wordpress\/ -->\n<title>Polytec IVS-500 vibratsiooniandur - AXIOMA MS<\/title>\n<meta name=\"robots\" content=\"index, follow, max-snippet:-1, max-image-preview:large, max-video-preview:-1\" \/>\n<link rel=\"canonical\" href=\"https:\/\/www.axiomams.eu\/et\/produktas\/polytec-ivs-500-vibratsiooniandur\" \/>\n<meta property=\"og:locale\" content=\"et_EE\" \/>\n<meta property=\"og:type\" content=\"article\" \/>\n<meta property=\"og:title\" content=\"Polytec IVS-500 vibratsiooniandur - AXIOMA MS\" \/>\n<meta property=\"og:description\" content=\"Polytec IVS-500 t\u00f6\u00f6stuslik vibratsiooniandur pakub t\u00e4pset akustilist kvaliteedikontrolli ja konstruktsioonist l\u00e4htuva m\u00fcra anal\u00fc\u00fcsi usaldusv\u00e4\u00e4rsete &#8220;pass-fail&#8221; hindamiste jaoks. See lasert\u00e4psusega t\u00f6\u00f6tav kontaktivaba andur tagab t\u00e4pse ja kulumisvaba m\u00f5\u00f5tmise peaaegu k\u00f5ikidel pindadel, isegi rasketes t\u00f6\u00f6stustingimustes. Minimeerides valeh\u00e4ireid tootmises ja montaa\u017eis, aitab see optimeerida nii kulusid kui ka tootlikkust. peamised eelised &#8211; J\u00e4rjepidevad ja korratavad &#8220;pass-fail&#8221; tulemused tootmiskatsetustes...\" \/>\n<meta property=\"og:url\" content=\"https:\/\/www.axiomams.eu\/et\/produktas\/polytec-ivs-500-vibratsiooniandur\" \/>\n<meta property=\"og:site_name\" content=\"AXIOMA MS\" \/>\n<meta property=\"article:publisher\" content=\"https:\/\/www.facebook.com\/AxiomaMS\" \/>\n<meta property=\"article:modified_time\" content=\"2026-02-02T12:31:06+00:00\" \/>\n<meta property=\"og:image\" content=\"https:\/\/www.axiomams.eu\/wp-content\/uploads\/2025\/10\/4686-6196.jpg\" \/>\n\t<meta property=\"og:image:width\" content=\"524\" \/>\n\t<meta property=\"og:image:height\" content=\"524\" \/>\n\t<meta property=\"og:image:type\" content=\"image\/jpeg\" \/>\n<meta name=\"twitter:card\" content=\"summary_large_image\" \/>\n<meta name=\"twitter:label1\" content=\"Est. reading time\" \/>\n\t<meta name=\"twitter:data1\" content=\"1 minut\" \/>\n<script type=\"application\/ld+json\" class=\"yoast-schema-graph\">{\"@context\":\"https:\/\/schema.org\",\"@graph\":[{\"@type\":\"WebPage\",\"@id\":\"https:\/\/www.axiomams.eu\/et\/produktas\/polytec-ivs-500-vibratsiooniandur\",\"url\":\"https:\/\/www.axiomams.eu\/et\/produktas\/polytec-ivs-500-vibratsiooniandur\",\"name\":\"Polytec IVS-500 vibratsiooniandur - AXIOMA MS\",\"isPartOf\":{\"@id\":\"https:\/\/www.axiomams.eu\/et#website\"},\"primaryImageOfPage\":{\"@id\":\"https:\/\/www.axiomams.eu\/et\/produktas\/polytec-ivs-500-vibratsiooniandur#primaryimage\"},\"image\":{\"@id\":\"https:\/\/www.axiomams.eu\/et\/produktas\/polytec-ivs-500-vibratsiooniandur#primaryimage\"},\"thumbnailUrl\":\"https:\/\/www.axiomams.eu\/wp-content\/uploads\/2025\/10\/4686-6196.jpg\",\"datePublished\":\"2025-10-24T23:02:16+00:00\",\"dateModified\":\"2026-02-02T12:31:06+00:00\",\"breadcrumb\":{\"@id\":\"https:\/\/www.axiomams.eu\/et\/produktas\/polytec-ivs-500-vibratsiooniandur#breadcrumb\"},\"inLanguage\":\"et\",\"potentialAction\":[{\"@type\":\"ReadAction\",\"target\":[\"https:\/\/www.axiomams.eu\/et\/produktas\/polytec-ivs-500-vibratsiooniandur\"]}]},{\"@type\":\"ImageObject\",\"inLanguage\":\"et\",\"@id\":\"https:\/\/www.axiomams.eu\/et\/produktas\/polytec-ivs-500-vibratsiooniandur#primaryimage\",\"url\":\"https:\/\/www.axiomams.eu\/wp-content\/uploads\/2025\/10\/4686-6196.jpg\",\"contentUrl\":\"https:\/\/www.axiomams.eu\/wp-content\/uploads\/2025\/10\/4686-6196.jpg\",\"width\":524,\"height\":524},{\"@type\":\"BreadcrumbList\",\"@id\":\"https:\/\/www.axiomams.eu\/et\/produktas\/polytec-ivs-500-vibratsiooniandur#breadcrumb\",\"itemListElement\":[{\"@type\":\"ListItem\",\"position\":1,\"name\":\"Home\",\"item\":\"https:\/\/www.axiomams.eu\/et\"},{\"@type\":\"ListItem\",\"position\":2,\"name\":\"Tooted\",\"item\":\"https:\/\/www.axiomams.eu\/et\/tooted\"},{\"@type\":\"ListItem\",\"position\":3,\"name\":\"Polytec IVS-500 vibratsiooniandur\"}]},{\"@type\":\"WebSite\",\"@id\":\"https:\/\/www.axiomams.eu\/et#website\",\"url\":\"https:\/\/www.axiomams.eu\/et\",\"name\":\"AXIOMA MS\",\"description\":\"Terrmovizoriai ir matavimo \u012franga\",\"publisher\":{\"@id\":\"https:\/\/www.axiomams.eu\/et#organization\"},\"potentialAction\":[{\"@type\":\"SearchAction\",\"target\":{\"@type\":\"EntryPoint\",\"urlTemplate\":\"https:\/\/www.axiomams.eu\/et?s={search_term_string}\"},\"query-input\":{\"@type\":\"PropertyValueSpecification\",\"valueRequired\":true,\"valueName\":\"search_term_string\"}}],\"inLanguage\":\"et\"},{\"@type\":\"Organization\",\"@id\":\"https:\/\/www.axiomams.eu\/et#organization\",\"name\":\"AXIOMA MS\",\"url\":\"https:\/\/www.axiomams.eu\/et\",\"logo\":{\"@type\":\"ImageObject\",\"inLanguage\":\"et\",\"@id\":\"https:\/\/www.axiomams.eu\/et#\/schema\/logo\/image\/\",\"url\":\"https:\/\/www.axiomams.eu\/wp-content\/uploads\/2025\/06\/axioma-logo-2.png\",\"contentUrl\":\"https:\/\/www.axiomams.eu\/wp-content\/uploads\/2025\/06\/axioma-logo-2.png\",\"width\":1200,\"height\":1200,\"caption\":\"AXIOMA MS\"},\"image\":{\"@id\":\"https:\/\/www.axiomams.eu\/et#\/schema\/logo\/image\/\"},\"sameAs\":[\"https:\/\/www.facebook.com\/AxiomaMS\",\"https:\/\/www.linkedin.com\/company\/axiomams\/\"]}]}<\/script>\n<!-- \/ Yoast SEO plugin. -->","yoast_head_json":{"title":"Polytec IVS-500 vibratsiooniandur - AXIOMA MS","robots":{"index":"index","follow":"follow","max-snippet":"max-snippet:-1","max-image-preview":"max-image-preview:large","max-video-preview":"max-video-preview:-1"},"canonical":"https:\/\/www.axiomams.eu\/et\/produktas\/polytec-ivs-500-vibratsiooniandur","og_locale":"et_EE","og_type":"article","og_title":"Polytec IVS-500 vibratsiooniandur - AXIOMA MS","og_description":"Polytec IVS-500 t\u00f6\u00f6stuslik vibratsiooniandur pakub t\u00e4pset akustilist kvaliteedikontrolli ja konstruktsioonist l\u00e4htuva m\u00fcra anal\u00fc\u00fcsi usaldusv\u00e4\u00e4rsete &#8220;pass-fail&#8221; hindamiste jaoks. See lasert\u00e4psusega t\u00f6\u00f6tav kontaktivaba andur tagab t\u00e4pse ja kulumisvaba m\u00f5\u00f5tmise peaaegu k\u00f5ikidel pindadel, isegi rasketes t\u00f6\u00f6stustingimustes. Minimeerides valeh\u00e4ireid tootmises ja montaa\u017eis, aitab see optimeerida nii kulusid kui ka tootlikkust. peamised eelised &#8211; J\u00e4rjepidevad ja korratavad &#8220;pass-fail&#8221; tulemused tootmiskatsetustes...","og_url":"https:\/\/www.axiomams.eu\/et\/produktas\/polytec-ivs-500-vibratsiooniandur","og_site_name":"AXIOMA MS","article_publisher":"https:\/\/www.facebook.com\/AxiomaMS","article_modified_time":"2026-02-02T12:31:06+00:00","og_image":[{"width":524,"height":524,"url":"https:\/\/www.axiomams.eu\/wp-content\/uploads\/2025\/10\/4686-6196.jpg","type":"image\/jpeg"}],"twitter_card":"summary_large_image","twitter_misc":{"Est. reading time":"1 minut"},"schema":{"@context":"https:\/\/schema.org","@graph":[{"@type":"WebPage","@id":"https:\/\/www.axiomams.eu\/et\/produktas\/polytec-ivs-500-vibratsiooniandur","url":"https:\/\/www.axiomams.eu\/et\/produktas\/polytec-ivs-500-vibratsiooniandur","name":"Polytec IVS-500 vibratsiooniandur - AXIOMA MS","isPartOf":{"@id":"https:\/\/www.axiomams.eu\/et#website"},"primaryImageOfPage":{"@id":"https:\/\/www.axiomams.eu\/et\/produktas\/polytec-ivs-500-vibratsiooniandur#primaryimage"},"image":{"@id":"https:\/\/www.axiomams.eu\/et\/produktas\/polytec-ivs-500-vibratsiooniandur#primaryimage"},"thumbnailUrl":"https:\/\/www.axiomams.eu\/wp-content\/uploads\/2025\/10\/4686-6196.jpg","datePublished":"2025-10-24T23:02:16+00:00","dateModified":"2026-02-02T12:31:06+00:00","breadcrumb":{"@id":"https:\/\/www.axiomams.eu\/et\/produktas\/polytec-ivs-500-vibratsiooniandur#breadcrumb"},"inLanguage":"et","potentialAction":[{"@type":"ReadAction","target":["https:\/\/www.axiomams.eu\/et\/produktas\/polytec-ivs-500-vibratsiooniandur"]}]},{"@type":"ImageObject","inLanguage":"et","@id":"https:\/\/www.axiomams.eu\/et\/produktas\/polytec-ivs-500-vibratsiooniandur#primaryimage","url":"https:\/\/www.axiomams.eu\/wp-content\/uploads\/2025\/10\/4686-6196.jpg","contentUrl":"https:\/\/www.axiomams.eu\/wp-content\/uploads\/2025\/10\/4686-6196.jpg","width":524,"height":524},{"@type":"BreadcrumbList","@id":"https:\/\/www.axiomams.eu\/et\/produktas\/polytec-ivs-500-vibratsiooniandur#breadcrumb","itemListElement":[{"@type":"ListItem","position":1,"name":"Home","item":"https:\/\/www.axiomams.eu\/et"},{"@type":"ListItem","position":2,"name":"Tooted","item":"https:\/\/www.axiomams.eu\/et\/tooted"},{"@type":"ListItem","position":3,"name":"Polytec IVS-500 vibratsiooniandur"}]},{"@type":"WebSite","@id":"https:\/\/www.axiomams.eu\/et#website","url":"https:\/\/www.axiomams.eu\/et","name":"AXIOMA MS","description":"Terrmovizoriai ir matavimo \u012franga","publisher":{"@id":"https:\/\/www.axiomams.eu\/et#organization"},"potentialAction":[{"@type":"SearchAction","target":{"@type":"EntryPoint","urlTemplate":"https:\/\/www.axiomams.eu\/et?s={search_term_string}"},"query-input":{"@type":"PropertyValueSpecification","valueRequired":true,"valueName":"search_term_string"}}],"inLanguage":"et"},{"@type":"Organization","@id":"https:\/\/www.axiomams.eu\/et#organization","name":"AXIOMA MS","url":"https:\/\/www.axiomams.eu\/et","logo":{"@type":"ImageObject","inLanguage":"et","@id":"https:\/\/www.axiomams.eu\/et#\/schema\/logo\/image\/","url":"https:\/\/www.axiomams.eu\/wp-content\/uploads\/2025\/06\/axioma-logo-2.png","contentUrl":"https:\/\/www.axiomams.eu\/wp-content\/uploads\/2025\/06\/axioma-logo-2.png","width":1200,"height":1200,"caption":"AXIOMA MS"},"image":{"@id":"https:\/\/www.axiomams.eu\/et#\/schema\/logo\/image\/"},"sameAs":["https:\/\/www.facebook.com\/AxiomaMS","https:\/\/www.linkedin.com\/company\/axiomams\/"]}]}},"_links":{"self":[{"href":"https:\/\/www.axiomams.eu\/et\/wp-json\/wp\/v2\/product\/40271","targetHints":{"allow":["GET"]}}],"collection":[{"href":"https:\/\/www.axiomams.eu\/et\/wp-json\/wp\/v2\/product"}],"about":[{"href":"https:\/\/www.axiomams.eu\/et\/wp-json\/wp\/v2\/types\/product"}],"replies":[{"embeddable":true,"href":"https:\/\/www.axiomams.eu\/et\/wp-json\/wp\/v2\/comments?post=40271"}],"wp:featuredmedia":[{"embeddable":true,"href":"https:\/\/www.axiomams.eu\/et\/wp-json\/wp\/v2\/media\/42072"}],"wp:attachment":[{"href":"https:\/\/www.axiomams.eu\/et\/wp-json\/wp\/v2\/media?parent=40271"}],"wp:term":[{"taxonomy":"product_brand","embeddable":true,"href":"https:\/\/www.axiomams.eu\/et\/wp-json\/wp\/v2\/product_brand?post=40271"},{"taxonomy":"product_cat","embeddable":true,"href":"https:\/\/www.axiomams.eu\/et\/wp-json\/wp\/v2\/product_cat?post=40271"},{"taxonomy":"product_tag","embeddable":true,"href":"https:\/\/www.axiomams.eu\/et\/wp-json\/wp\/v2\/product_tag?post=40271"}],"curies":[{"name":"wp","href":"https:\/\/api.w.org\/{rel}","templated":true}]}}