{"id":40272,"date":"2025-05-23T10:39:39","date_gmt":"2025-05-23T08:39:39","guid":{"rendered":"https:\/\/www.axiomams.eu\/produktas\/ametek-jofra-asc-400-signaali-kalibraator"},"modified":"2026-02-02T14:31:06","modified_gmt":"2026-02-02T12:31:06","slug":"ametek-jofra-asc-400-signaali-kalibraator","status":"publish","type":"product","link":"https:\/\/www.axiomams.eu\/et\/produktas\/ametek-jofra-asc-400-signaali-kalibraator","title":{"rendered":"Ametek Jofra ASC-400 signaali kalibraator"},"content":{"rendered":"<p>ASC-400 on kaasaskantav protsessisignaalide kalibraator, mis pakub laboratooriumi kalibreerimiss\u00fcsteemilt oodatavat funktsionaalsust ja t\u00e4psust, kuid on piisavalt kompaktne, et mahtuda t\u00f6\u00f6riistakasti ja seda saab \u00fche k\u00e4ega kasutada, et kalibreerimine kohapeal oleks lihtne.<\/p>\n<p>Standardkomplekt: kalibraator, patareikomplekt (6 x AA), elektrooniline k\u00e4siraamat (USB), 2 komplekti testjuhtmeid ja testklambreid (must ja punane), k\u00e4ep\u00e4rane pehme kohver, kus on tasku testjuhtmete jaoks ja avaus \u00fclaosas, mis v\u00f5imaldab h\u00f5lpsat juurdep\u00e4\u00e4su testklemmidele, t\u00e4ielik rahvusvaheline j\u00e4lgitav kalibreerimissertifikaat.<\/p>\n<h3>Tehniline teave:<\/h3>\n<ul>\n<li><a href=\"https:\/\/axiomams.eu\/importer\/export\/attachments\/en\/asc-400.pdf\" target=\"_blank\">ASC 400.pdf<\/a><\/li>\n<\/ul>\n","protected":false},"excerpt":{"rendered":"<p>ASC-400 on kaasaskantav protsessisignaalide kalibraator, mis pakub laboratooriumi kalibreerimiss\u00fcsteemilt oodatavat funktsionaalsust ja t\u00e4psust, kuid on piisavalt kompaktne, et mahtuda t\u00f6\u00f6riistakasti ja seda saab \u00fche k\u00e4ega kasutada, et kalibreerimine kohapeal oleks lihtne. Standardkomplekt: kalibraator, patareikomplekt (6 x AA), elektrooniline k\u00e4siraamat (USB), 2 komplekti testjuhtmeid ja testklambreid (must ja punane), k\u00e4ep\u00e4rane pehme kohver, kus on tasku testjuhtmete&#8230;<\/p>\n","protected":false},"featured_media":42074,"comment_status":"open","ping_status":"closed","template":"","meta":{"_acf_changed":false},"product_brand":[1202],"product_cat":[17811],"product_tag":[],"class_list":{"0":"post-40272","1":"product","2":"type-product","3":"status-publish","4":"has-post-thumbnail","6":"product_brand-ametek","7":"product_cat-protsessi-ja-temperatuuri-kalibreerimiseks","9":"first","10":"instock","11":"taxable","12":"shipping-taxable","13":"purchasable","14":"product-type-simple"},"acf":[],"yoast_head":"<!-- This site is optimized with the Yoast SEO plugin v27.0 - https:\/\/yoast.com\/product\/yoast-seo-wordpress\/ -->\n<title>Ametek Jofra ASC-400 signaali kalibraator - AXIOMA MS<\/title>\n<meta name=\"robots\" content=\"index, follow, max-snippet:-1, max-image-preview:large, max-video-preview:-1\" \/>\n<link rel=\"canonical\" href=\"https:\/\/www.axiomams.eu\/et\/produktas\/ametek-jofra-asc-400-signaali-kalibraator\" \/>\n<meta property=\"og:locale\" content=\"et_EE\" \/>\n<meta property=\"og:type\" content=\"article\" \/>\n<meta property=\"og:title\" content=\"Ametek Jofra ASC-400 signaali kalibraator - AXIOMA MS\" \/>\n<meta property=\"og:description\" content=\"ASC-400 on kaasaskantav protsessisignaalide kalibraator, mis pakub laboratooriumi kalibreerimiss\u00fcsteemilt oodatavat funktsionaalsust ja t\u00e4psust, kuid on piisavalt kompaktne, et mahtuda t\u00f6\u00f6riistakasti ja seda saab \u00fche k\u00e4ega kasutada, et kalibreerimine kohapeal oleks lihtne. Standardkomplekt: kalibraator, patareikomplekt (6 x AA), elektrooniline k\u00e4siraamat (USB), 2 komplekti testjuhtmeid ja testklambreid (must ja punane), k\u00e4ep\u00e4rane pehme kohver, kus on tasku testjuhtmete...\" \/>\n<meta property=\"og:url\" content=\"https:\/\/www.axiomams.eu\/et\/produktas\/ametek-jofra-asc-400-signaali-kalibraator\" \/>\n<meta property=\"og:site_name\" content=\"AXIOMA MS\" \/>\n<meta property=\"article:publisher\" content=\"https:\/\/www.facebook.com\/AxiomaMS\" \/>\n<meta property=\"article:modified_time\" content=\"2026-02-02T12:31:06+00:00\" \/>\n<meta property=\"og:image\" content=\"https:\/\/www.axiomams.eu\/wp-content\/uploads\/2025\/07\/224-233.jpg\" \/>\n\t<meta property=\"og:image:width\" content=\"200\" \/>\n\t<meta property=\"og:image:height\" content=\"191\" \/>\n\t<meta property=\"og:image:type\" content=\"image\/jpeg\" \/>\n<meta name=\"twitter:card\" content=\"summary_large_image\" \/>\n<script type=\"application\/ld+json\" class=\"yoast-schema-graph\">{\"@context\":\"https:\/\/schema.org\",\"@graph\":[{\"@type\":\"WebPage\",\"@id\":\"https:\/\/www.axiomams.eu\/et\/produktas\/ametek-jofra-asc-400-signaali-kalibraator\",\"url\":\"https:\/\/www.axiomams.eu\/et\/produktas\/ametek-jofra-asc-400-signaali-kalibraator\",\"name\":\"Ametek Jofra ASC-400 signaali kalibraator - AXIOMA MS\",\"isPartOf\":{\"@id\":\"https:\/\/www.axiomams.eu\/et#website\"},\"primaryImageOfPage\":{\"@id\":\"https:\/\/www.axiomams.eu\/et\/produktas\/ametek-jofra-asc-400-signaali-kalibraator#primaryimage\"},\"image\":{\"@id\":\"https:\/\/www.axiomams.eu\/et\/produktas\/ametek-jofra-asc-400-signaali-kalibraator#primaryimage\"},\"thumbnailUrl\":\"https:\/\/www.axiomams.eu\/wp-content\/uploads\/2025\/07\/224-233.jpg\",\"datePublished\":\"2025-05-23T08:39:39+00:00\",\"dateModified\":\"2026-02-02T12:31:06+00:00\",\"breadcrumb\":{\"@id\":\"https:\/\/www.axiomams.eu\/et\/produktas\/ametek-jofra-asc-400-signaali-kalibraator#breadcrumb\"},\"inLanguage\":\"et\",\"potentialAction\":[{\"@type\":\"ReadAction\",\"target\":[\"https:\/\/www.axiomams.eu\/et\/produktas\/ametek-jofra-asc-400-signaali-kalibraator\"]}]},{\"@type\":\"ImageObject\",\"inLanguage\":\"et\",\"@id\":\"https:\/\/www.axiomams.eu\/et\/produktas\/ametek-jofra-asc-400-signaali-kalibraator#primaryimage\",\"url\":\"https:\/\/www.axiomams.eu\/wp-content\/uploads\/2025\/07\/224-233.jpg\",\"contentUrl\":\"https:\/\/www.axiomams.eu\/wp-content\/uploads\/2025\/07\/224-233.jpg\",\"width\":200,\"height\":191},{\"@type\":\"BreadcrumbList\",\"@id\":\"https:\/\/www.axiomams.eu\/et\/produktas\/ametek-jofra-asc-400-signaali-kalibraator#breadcrumb\",\"itemListElement\":[{\"@type\":\"ListItem\",\"position\":1,\"name\":\"Home\",\"item\":\"https:\/\/www.axiomams.eu\/et\"},{\"@type\":\"ListItem\",\"position\":2,\"name\":\"Tooted\",\"item\":\"https:\/\/www.axiomams.eu\/et\/tooted\"},{\"@type\":\"ListItem\",\"position\":3,\"name\":\"Ametek Jofra ASC-400 signaali kalibraator\"}]},{\"@type\":\"WebSite\",\"@id\":\"https:\/\/www.axiomams.eu\/et#website\",\"url\":\"https:\/\/www.axiomams.eu\/et\",\"name\":\"AXIOMA MS\",\"description\":\"Terrmovizoriai ir matavimo \u012franga\",\"publisher\":{\"@id\":\"https:\/\/www.axiomams.eu\/et#organization\"},\"potentialAction\":[{\"@type\":\"SearchAction\",\"target\":{\"@type\":\"EntryPoint\",\"urlTemplate\":\"https:\/\/www.axiomams.eu\/et?s={search_term_string}\"},\"query-input\":{\"@type\":\"PropertyValueSpecification\",\"valueRequired\":true,\"valueName\":\"search_term_string\"}}],\"inLanguage\":\"et\"},{\"@type\":\"Organization\",\"@id\":\"https:\/\/www.axiomams.eu\/et#organization\",\"name\":\"AXIOMA MS\",\"url\":\"https:\/\/www.axiomams.eu\/et\",\"logo\":{\"@type\":\"ImageObject\",\"inLanguage\":\"et\",\"@id\":\"https:\/\/www.axiomams.eu\/et#\/schema\/logo\/image\/\",\"url\":\"https:\/\/www.axiomams.eu\/wp-content\/uploads\/2025\/06\/axioma-logo-2.png\",\"contentUrl\":\"https:\/\/www.axiomams.eu\/wp-content\/uploads\/2025\/06\/axioma-logo-2.png\",\"width\":1200,\"height\":1200,\"caption\":\"AXIOMA MS\"},\"image\":{\"@id\":\"https:\/\/www.axiomams.eu\/et#\/schema\/logo\/image\/\"},\"sameAs\":[\"https:\/\/www.facebook.com\/AxiomaMS\",\"https:\/\/www.linkedin.com\/company\/axiomams\/\"]}]}<\/script>\n<!-- \/ Yoast SEO plugin. -->","yoast_head_json":{"title":"Ametek Jofra ASC-400 signaali kalibraator - AXIOMA MS","robots":{"index":"index","follow":"follow","max-snippet":"max-snippet:-1","max-image-preview":"max-image-preview:large","max-video-preview":"max-video-preview:-1"},"canonical":"https:\/\/www.axiomams.eu\/et\/produktas\/ametek-jofra-asc-400-signaali-kalibraator","og_locale":"et_EE","og_type":"article","og_title":"Ametek Jofra ASC-400 signaali kalibraator - AXIOMA MS","og_description":"ASC-400 on kaasaskantav protsessisignaalide kalibraator, mis pakub laboratooriumi kalibreerimiss\u00fcsteemilt oodatavat funktsionaalsust ja t\u00e4psust, kuid on piisavalt kompaktne, et mahtuda t\u00f6\u00f6riistakasti ja seda saab \u00fche k\u00e4ega kasutada, et kalibreerimine kohapeal oleks lihtne. Standardkomplekt: kalibraator, patareikomplekt (6 x AA), elektrooniline k\u00e4siraamat (USB), 2 komplekti testjuhtmeid ja testklambreid (must ja punane), k\u00e4ep\u00e4rane pehme kohver, kus on tasku testjuhtmete...","og_url":"https:\/\/www.axiomams.eu\/et\/produktas\/ametek-jofra-asc-400-signaali-kalibraator","og_site_name":"AXIOMA MS","article_publisher":"https:\/\/www.facebook.com\/AxiomaMS","article_modified_time":"2026-02-02T12:31:06+00:00","og_image":[{"width":200,"height":191,"url":"https:\/\/www.axiomams.eu\/wp-content\/uploads\/2025\/07\/224-233.jpg","type":"image\/jpeg"}],"twitter_card":"summary_large_image","schema":{"@context":"https:\/\/schema.org","@graph":[{"@type":"WebPage","@id":"https:\/\/www.axiomams.eu\/et\/produktas\/ametek-jofra-asc-400-signaali-kalibraator","url":"https:\/\/www.axiomams.eu\/et\/produktas\/ametek-jofra-asc-400-signaali-kalibraator","name":"Ametek Jofra ASC-400 signaali kalibraator - AXIOMA MS","isPartOf":{"@id":"https:\/\/www.axiomams.eu\/et#website"},"primaryImageOfPage":{"@id":"https:\/\/www.axiomams.eu\/et\/produktas\/ametek-jofra-asc-400-signaali-kalibraator#primaryimage"},"image":{"@id":"https:\/\/www.axiomams.eu\/et\/produktas\/ametek-jofra-asc-400-signaali-kalibraator#primaryimage"},"thumbnailUrl":"https:\/\/www.axiomams.eu\/wp-content\/uploads\/2025\/07\/224-233.jpg","datePublished":"2025-05-23T08:39:39+00:00","dateModified":"2026-02-02T12:31:06+00:00","breadcrumb":{"@id":"https:\/\/www.axiomams.eu\/et\/produktas\/ametek-jofra-asc-400-signaali-kalibraator#breadcrumb"},"inLanguage":"et","potentialAction":[{"@type":"ReadAction","target":["https:\/\/www.axiomams.eu\/et\/produktas\/ametek-jofra-asc-400-signaali-kalibraator"]}]},{"@type":"ImageObject","inLanguage":"et","@id":"https:\/\/www.axiomams.eu\/et\/produktas\/ametek-jofra-asc-400-signaali-kalibraator#primaryimage","url":"https:\/\/www.axiomams.eu\/wp-content\/uploads\/2025\/07\/224-233.jpg","contentUrl":"https:\/\/www.axiomams.eu\/wp-content\/uploads\/2025\/07\/224-233.jpg","width":200,"height":191},{"@type":"BreadcrumbList","@id":"https:\/\/www.axiomams.eu\/et\/produktas\/ametek-jofra-asc-400-signaali-kalibraator#breadcrumb","itemListElement":[{"@type":"ListItem","position":1,"name":"Home","item":"https:\/\/www.axiomams.eu\/et"},{"@type":"ListItem","position":2,"name":"Tooted","item":"https:\/\/www.axiomams.eu\/et\/tooted"},{"@type":"ListItem","position":3,"name":"Ametek Jofra ASC-400 signaali kalibraator"}]},{"@type":"WebSite","@id":"https:\/\/www.axiomams.eu\/et#website","url":"https:\/\/www.axiomams.eu\/et","name":"AXIOMA MS","description":"Terrmovizoriai ir matavimo \u012franga","publisher":{"@id":"https:\/\/www.axiomams.eu\/et#organization"},"potentialAction":[{"@type":"SearchAction","target":{"@type":"EntryPoint","urlTemplate":"https:\/\/www.axiomams.eu\/et?s={search_term_string}"},"query-input":{"@type":"PropertyValueSpecification","valueRequired":true,"valueName":"search_term_string"}}],"inLanguage":"et"},{"@type":"Organization","@id":"https:\/\/www.axiomams.eu\/et#organization","name":"AXIOMA MS","url":"https:\/\/www.axiomams.eu\/et","logo":{"@type":"ImageObject","inLanguage":"et","@id":"https:\/\/www.axiomams.eu\/et#\/schema\/logo\/image\/","url":"https:\/\/www.axiomams.eu\/wp-content\/uploads\/2025\/06\/axioma-logo-2.png","contentUrl":"https:\/\/www.axiomams.eu\/wp-content\/uploads\/2025\/06\/axioma-logo-2.png","width":1200,"height":1200,"caption":"AXIOMA MS"},"image":{"@id":"https:\/\/www.axiomams.eu\/et#\/schema\/logo\/image\/"},"sameAs":["https:\/\/www.facebook.com\/AxiomaMS","https:\/\/www.linkedin.com\/company\/axiomams\/"]}]}},"_links":{"self":[{"href":"https:\/\/www.axiomams.eu\/et\/wp-json\/wp\/v2\/product\/40272","targetHints":{"allow":["GET"]}}],"collection":[{"href":"https:\/\/www.axiomams.eu\/et\/wp-json\/wp\/v2\/product"}],"about":[{"href":"https:\/\/www.axiomams.eu\/et\/wp-json\/wp\/v2\/types\/product"}],"replies":[{"embeddable":true,"href":"https:\/\/www.axiomams.eu\/et\/wp-json\/wp\/v2\/comments?post=40272"}],"wp:featuredmedia":[{"embeddable":true,"href":"https:\/\/www.axiomams.eu\/et\/wp-json\/wp\/v2\/media\/42074"}],"wp:attachment":[{"href":"https:\/\/www.axiomams.eu\/et\/wp-json\/wp\/v2\/media?parent=40272"}],"wp:term":[{"taxonomy":"product_brand","embeddable":true,"href":"https:\/\/www.axiomams.eu\/et\/wp-json\/wp\/v2\/product_brand?post=40272"},{"taxonomy":"product_cat","embeddable":true,"href":"https:\/\/www.axiomams.eu\/et\/wp-json\/wp\/v2\/product_cat?post=40272"},{"taxonomy":"product_tag","embeddable":true,"href":"https:\/\/www.axiomams.eu\/et\/wp-json\/wp\/v2\/product_tag?post=40272"}],"curies":[{"name":"wp","href":"https:\/\/api.w.org\/{rel}","templated":true}]}}