{"id":40278,"date":"2025-05-15T18:01:13","date_gmt":"2025-05-15T16:01:13","guid":{"rendered":"https:\/\/www.axiomams.eu\/produktas\/ametek-jofra-rtc-700-temperatuuri-kalibraator"},"modified":"2026-02-02T14:31:15","modified_gmt":"2026-02-02T12:31:15","slug":"ametek-jofra-rtc-700-temperatuuri-kalibraator","status":"publish","type":"product","link":"https:\/\/www.axiomams.eu\/et\/produktas\/ametek-jofra-rtc-700-temperatuuri-kalibraator","title":{"rendered":"Ametek JOFRA RTC-700 temperatuuri kalibraator"},"content":{"rendered":"<p>JOFRA RTC seeria v\u00f5rdlustemperatuuri kalibraator<\/p>\n<p>Tutvustame uusimat JOFRA kalibraatorite seeriat RTC (Reference Temperature Calibrator), mis koosneb kuivblokkidest RTC-156, 157, 159 ja 700 ning kombineeritud kuivblokist ja vedelikuvannist RTC-158 ja 250, mis on veelgi keerukamad kui k\u00f5ik olemasolevad kalibraatorid.<\/p>\n<p>UUS! T\u00f5hus jahutustehnoloogia<br \/>\nRTC-159, millel on nii k\u00fctte- kui ka jahutusv\u00f5imsus, on varustatud FPSC (Free Piston Stirling Cooler) jahutusallikaga, mis on palju t\u00f5husam kui termoelektrilised (Peltier) jahutid.<br \/>\nParem temperatuuri homogeensus<br \/>\nAinulaadne aktiivne duo-tsooniplokk (RTC-156\/157\/158\/159\/250) v\u00f5i kolmetasandiline plokk (RTC-700) tagab hea temperatuuri homogeensuse kalibreerimistsoonis.<br \/>\nDLC &#8211; d\u00fcnaamiline koormuse kompenseerimine Patenditaotlus!<br \/>\nT\u00e4iuslik temperatuuri \u00fchtlus p\u00f5\u00f5sas, isegi kui kalibreeritakse suuri andureid v\u00f5i mitut andurit korraga.<br \/>\nB- ja C-mudelid.<br \/>\nTemperatuuri \u00fchtluse n\u00e4idik<br \/>\nN\u00e4itab temperatuuri homogeensuse taset puksis, kui kasutate uut DLC-tehnoloogiat.<br \/>\nB- ja C-mudelid.<br \/>\nIntelligentsed v\u00f5rdlusandurid<br \/>\nJOFRA referentsandurid on varustatud intelligentsete \u00fchendustega, mis teostavad referentsanduri kalibreerimisandmeid (koefitsiente).<br \/>\nUSB-kommunikatsioon<br \/>\nK\u00f5ik RTC-kalibraatorid suhtlevad USB-pordi kaudu.<br \/>\nAja kokkuhoid<br \/>\nSuur kiirus kuumutamise ja jahutamise abil.<br \/>\nEURAMET<br \/>\nParimad tulemused kui kuiva ploki puhul vastavalt EURAMET\/cg-13\/v.01 suunistele kuivade plokkide katsetamiseks.<\/p>\n<h3>Tehniline teave:<\/h3>\n<ul>\n<li><a href=\"https:\/\/axiomams.eu\/importer\/export\/attachments\/en\/jofra-ametek-rtc-700.pdf\" target=\"_blank\">Jofra Ametek RTC 700.pdf<\/a><\/li>\n<\/ul>\n","protected":false},"excerpt":{"rendered":"<p>JOFRA RTC seeria v\u00f5rdlustemperatuuri kalibraator Tutvustame uusimat JOFRA kalibraatorite seeriat RTC (Reference Temperature Calibrator), mis koosneb kuivblokkidest RTC-156, 157, 159 ja 700 ning kombineeritud kuivblokist ja vedelikuvannist RTC-158 ja 250, mis on veelgi keerukamad kui k\u00f5ik olemasolevad kalibraatorid. UUS! T\u00f5hus jahutustehnoloogia RTC-159, millel on nii k\u00fctte- kui ka jahutusv\u00f5imsus, on varustatud FPSC (Free Piston Stirling&#8230;<\/p>\n","protected":false},"featured_media":42086,"comment_status":"open","ping_status":"closed","template":"","meta":{"_acf_changed":false},"product_brand":[1202],"product_cat":[17811],"product_tag":[],"class_list":{"0":"post-40278","1":"product","2":"type-product","3":"status-publish","4":"has-post-thumbnail","6":"product_brand-ametek","7":"product_cat-protsessi-ja-temperatuuri-kalibreerimiseks","9":"first","10":"instock","11":"taxable","12":"shipping-taxable","13":"product-type-simple"},"acf":[],"yoast_head":"<!-- This site is optimized with the Yoast SEO plugin v27.0 - https:\/\/yoast.com\/product\/yoast-seo-wordpress\/ -->\n<title>Ametek JOFRA RTC-700 temperatuuri kalibraator - AXIOMA MS<\/title>\n<meta name=\"robots\" content=\"index, follow, max-snippet:-1, max-image-preview:large, max-video-preview:-1\" \/>\n<link rel=\"canonical\" href=\"https:\/\/www.axiomams.eu\/et\/produktas\/ametek-jofra-rtc-700-temperatuuri-kalibraator\" \/>\n<meta property=\"og:locale\" content=\"et_EE\" \/>\n<meta property=\"og:type\" content=\"article\" \/>\n<meta property=\"og:title\" content=\"Ametek JOFRA RTC-700 temperatuuri kalibraator - AXIOMA MS\" \/>\n<meta property=\"og:description\" content=\"JOFRA RTC seeria v\u00f5rdlustemperatuuri kalibraator Tutvustame uusimat JOFRA kalibraatorite seeriat RTC (Reference Temperature Calibrator), mis koosneb kuivblokkidest RTC-156, 157, 159 ja 700 ning kombineeritud kuivblokist ja vedelikuvannist RTC-158 ja 250, mis on veelgi keerukamad kui k\u00f5ik olemasolevad kalibraatorid. UUS! T\u00f5hus jahutustehnoloogia RTC-159, millel on nii k\u00fctte- kui ka jahutusv\u00f5imsus, on varustatud FPSC (Free Piston Stirling...\" \/>\n<meta property=\"og:url\" content=\"https:\/\/www.axiomams.eu\/et\/produktas\/ametek-jofra-rtc-700-temperatuuri-kalibraator\" \/>\n<meta property=\"og:site_name\" content=\"AXIOMA MS\" \/>\n<meta property=\"article:publisher\" content=\"https:\/\/www.facebook.com\/AxiomaMS\" \/>\n<meta property=\"article:modified_time\" content=\"2026-02-02T12:31:15+00:00\" \/>\n<meta property=\"og:image\" content=\"https:\/\/www.axiomams.eu\/wp-content\/uploads\/2025\/07\/822-1847.jpg\" \/>\n\t<meta property=\"og:image:width\" content=\"550\" \/>\n\t<meta property=\"og:image:height\" content=\"500\" \/>\n\t<meta property=\"og:image:type\" content=\"image\/jpeg\" \/>\n<meta name=\"twitter:card\" content=\"summary_large_image\" \/>\n<meta name=\"twitter:label1\" content=\"Est. reading time\" \/>\n\t<meta name=\"twitter:data1\" content=\"1 minut\" \/>\n<script type=\"application\/ld+json\" class=\"yoast-schema-graph\">{\"@context\":\"https:\/\/schema.org\",\"@graph\":[{\"@type\":\"WebPage\",\"@id\":\"https:\/\/www.axiomams.eu\/et\/produktas\/ametek-jofra-rtc-700-temperatuuri-kalibraator\",\"url\":\"https:\/\/www.axiomams.eu\/et\/produktas\/ametek-jofra-rtc-700-temperatuuri-kalibraator\",\"name\":\"Ametek JOFRA RTC-700 temperatuuri kalibraator - AXIOMA MS\",\"isPartOf\":{\"@id\":\"https:\/\/www.axiomams.eu\/et#website\"},\"primaryImageOfPage\":{\"@id\":\"https:\/\/www.axiomams.eu\/et\/produktas\/ametek-jofra-rtc-700-temperatuuri-kalibraator#primaryimage\"},\"image\":{\"@id\":\"https:\/\/www.axiomams.eu\/et\/produktas\/ametek-jofra-rtc-700-temperatuuri-kalibraator#primaryimage\"},\"thumbnailUrl\":\"https:\/\/www.axiomams.eu\/wp-content\/uploads\/2025\/07\/822-1847.jpg\",\"datePublished\":\"2025-05-15T16:01:13+00:00\",\"dateModified\":\"2026-02-02T12:31:15+00:00\",\"breadcrumb\":{\"@id\":\"https:\/\/www.axiomams.eu\/et\/produktas\/ametek-jofra-rtc-700-temperatuuri-kalibraator#breadcrumb\"},\"inLanguage\":\"et\",\"potentialAction\":[{\"@type\":\"ReadAction\",\"target\":[\"https:\/\/www.axiomams.eu\/et\/produktas\/ametek-jofra-rtc-700-temperatuuri-kalibraator\"]}]},{\"@type\":\"ImageObject\",\"inLanguage\":\"et\",\"@id\":\"https:\/\/www.axiomams.eu\/et\/produktas\/ametek-jofra-rtc-700-temperatuuri-kalibraator#primaryimage\",\"url\":\"https:\/\/www.axiomams.eu\/wp-content\/uploads\/2025\/07\/822-1847.jpg\",\"contentUrl\":\"https:\/\/www.axiomams.eu\/wp-content\/uploads\/2025\/07\/822-1847.jpg\",\"width\":550,\"height\":500},{\"@type\":\"BreadcrumbList\",\"@id\":\"https:\/\/www.axiomams.eu\/et\/produktas\/ametek-jofra-rtc-700-temperatuuri-kalibraator#breadcrumb\",\"itemListElement\":[{\"@type\":\"ListItem\",\"position\":1,\"name\":\"Home\",\"item\":\"https:\/\/www.axiomams.eu\/et\"},{\"@type\":\"ListItem\",\"position\":2,\"name\":\"Tooted\",\"item\":\"https:\/\/www.axiomams.eu\/et\/tooted\"},{\"@type\":\"ListItem\",\"position\":3,\"name\":\"Ametek JOFRA RTC-700 temperatuuri kalibraator\"}]},{\"@type\":\"WebSite\",\"@id\":\"https:\/\/www.axiomams.eu\/et#website\",\"url\":\"https:\/\/www.axiomams.eu\/et\",\"name\":\"AXIOMA MS\",\"description\":\"Terrmovizoriai ir matavimo \u012franga\",\"publisher\":{\"@id\":\"https:\/\/www.axiomams.eu\/et#organization\"},\"potentialAction\":[{\"@type\":\"SearchAction\",\"target\":{\"@type\":\"EntryPoint\",\"urlTemplate\":\"https:\/\/www.axiomams.eu\/et?s={search_term_string}\"},\"query-input\":{\"@type\":\"PropertyValueSpecification\",\"valueRequired\":true,\"valueName\":\"search_term_string\"}}],\"inLanguage\":\"et\"},{\"@type\":\"Organization\",\"@id\":\"https:\/\/www.axiomams.eu\/et#organization\",\"name\":\"AXIOMA MS\",\"url\":\"https:\/\/www.axiomams.eu\/et\",\"logo\":{\"@type\":\"ImageObject\",\"inLanguage\":\"et\",\"@id\":\"https:\/\/www.axiomams.eu\/et#\/schema\/logo\/image\/\",\"url\":\"https:\/\/www.axiomams.eu\/wp-content\/uploads\/2025\/06\/axioma-logo-2.png\",\"contentUrl\":\"https:\/\/www.axiomams.eu\/wp-content\/uploads\/2025\/06\/axioma-logo-2.png\",\"width\":1200,\"height\":1200,\"caption\":\"AXIOMA MS\"},\"image\":{\"@id\":\"https:\/\/www.axiomams.eu\/et#\/schema\/logo\/image\/\"},\"sameAs\":[\"https:\/\/www.facebook.com\/AxiomaMS\",\"https:\/\/www.linkedin.com\/company\/axiomams\/\"]}]}<\/script>\n<!-- \/ Yoast SEO plugin. -->","yoast_head_json":{"title":"Ametek JOFRA RTC-700 temperatuuri kalibraator - AXIOMA MS","robots":{"index":"index","follow":"follow","max-snippet":"max-snippet:-1","max-image-preview":"max-image-preview:large","max-video-preview":"max-video-preview:-1"},"canonical":"https:\/\/www.axiomams.eu\/et\/produktas\/ametek-jofra-rtc-700-temperatuuri-kalibraator","og_locale":"et_EE","og_type":"article","og_title":"Ametek JOFRA RTC-700 temperatuuri kalibraator - AXIOMA MS","og_description":"JOFRA RTC seeria v\u00f5rdlustemperatuuri kalibraator Tutvustame uusimat JOFRA kalibraatorite seeriat RTC (Reference Temperature Calibrator), mis koosneb kuivblokkidest RTC-156, 157, 159 ja 700 ning kombineeritud kuivblokist ja vedelikuvannist RTC-158 ja 250, mis on veelgi keerukamad kui k\u00f5ik olemasolevad kalibraatorid. UUS! T\u00f5hus jahutustehnoloogia RTC-159, millel on nii k\u00fctte- kui ka jahutusv\u00f5imsus, on varustatud FPSC (Free Piston Stirling...","og_url":"https:\/\/www.axiomams.eu\/et\/produktas\/ametek-jofra-rtc-700-temperatuuri-kalibraator","og_site_name":"AXIOMA MS","article_publisher":"https:\/\/www.facebook.com\/AxiomaMS","article_modified_time":"2026-02-02T12:31:15+00:00","og_image":[{"width":550,"height":500,"url":"https:\/\/www.axiomams.eu\/wp-content\/uploads\/2025\/07\/822-1847.jpg","type":"image\/jpeg"}],"twitter_card":"summary_large_image","twitter_misc":{"Est. reading time":"1 minut"},"schema":{"@context":"https:\/\/schema.org","@graph":[{"@type":"WebPage","@id":"https:\/\/www.axiomams.eu\/et\/produktas\/ametek-jofra-rtc-700-temperatuuri-kalibraator","url":"https:\/\/www.axiomams.eu\/et\/produktas\/ametek-jofra-rtc-700-temperatuuri-kalibraator","name":"Ametek JOFRA RTC-700 temperatuuri kalibraator - AXIOMA MS","isPartOf":{"@id":"https:\/\/www.axiomams.eu\/et#website"},"primaryImageOfPage":{"@id":"https:\/\/www.axiomams.eu\/et\/produktas\/ametek-jofra-rtc-700-temperatuuri-kalibraator#primaryimage"},"image":{"@id":"https:\/\/www.axiomams.eu\/et\/produktas\/ametek-jofra-rtc-700-temperatuuri-kalibraator#primaryimage"},"thumbnailUrl":"https:\/\/www.axiomams.eu\/wp-content\/uploads\/2025\/07\/822-1847.jpg","datePublished":"2025-05-15T16:01:13+00:00","dateModified":"2026-02-02T12:31:15+00:00","breadcrumb":{"@id":"https:\/\/www.axiomams.eu\/et\/produktas\/ametek-jofra-rtc-700-temperatuuri-kalibraator#breadcrumb"},"inLanguage":"et","potentialAction":[{"@type":"ReadAction","target":["https:\/\/www.axiomams.eu\/et\/produktas\/ametek-jofra-rtc-700-temperatuuri-kalibraator"]}]},{"@type":"ImageObject","inLanguage":"et","@id":"https:\/\/www.axiomams.eu\/et\/produktas\/ametek-jofra-rtc-700-temperatuuri-kalibraator#primaryimage","url":"https:\/\/www.axiomams.eu\/wp-content\/uploads\/2025\/07\/822-1847.jpg","contentUrl":"https:\/\/www.axiomams.eu\/wp-content\/uploads\/2025\/07\/822-1847.jpg","width":550,"height":500},{"@type":"BreadcrumbList","@id":"https:\/\/www.axiomams.eu\/et\/produktas\/ametek-jofra-rtc-700-temperatuuri-kalibraator#breadcrumb","itemListElement":[{"@type":"ListItem","position":1,"name":"Home","item":"https:\/\/www.axiomams.eu\/et"},{"@type":"ListItem","position":2,"name":"Tooted","item":"https:\/\/www.axiomams.eu\/et\/tooted"},{"@type":"ListItem","position":3,"name":"Ametek JOFRA RTC-700 temperatuuri kalibraator"}]},{"@type":"WebSite","@id":"https:\/\/www.axiomams.eu\/et#website","url":"https:\/\/www.axiomams.eu\/et","name":"AXIOMA MS","description":"Terrmovizoriai ir matavimo \u012franga","publisher":{"@id":"https:\/\/www.axiomams.eu\/et#organization"},"potentialAction":[{"@type":"SearchAction","target":{"@type":"EntryPoint","urlTemplate":"https:\/\/www.axiomams.eu\/et?s={search_term_string}"},"query-input":{"@type":"PropertyValueSpecification","valueRequired":true,"valueName":"search_term_string"}}],"inLanguage":"et"},{"@type":"Organization","@id":"https:\/\/www.axiomams.eu\/et#organization","name":"AXIOMA MS","url":"https:\/\/www.axiomams.eu\/et","logo":{"@type":"ImageObject","inLanguage":"et","@id":"https:\/\/www.axiomams.eu\/et#\/schema\/logo\/image\/","url":"https:\/\/www.axiomams.eu\/wp-content\/uploads\/2025\/06\/axioma-logo-2.png","contentUrl":"https:\/\/www.axiomams.eu\/wp-content\/uploads\/2025\/06\/axioma-logo-2.png","width":1200,"height":1200,"caption":"AXIOMA MS"},"image":{"@id":"https:\/\/www.axiomams.eu\/et#\/schema\/logo\/image\/"},"sameAs":["https:\/\/www.facebook.com\/AxiomaMS","https:\/\/www.linkedin.com\/company\/axiomams\/"]}]}},"_links":{"self":[{"href":"https:\/\/www.axiomams.eu\/et\/wp-json\/wp\/v2\/product\/40278","targetHints":{"allow":["GET"]}}],"collection":[{"href":"https:\/\/www.axiomams.eu\/et\/wp-json\/wp\/v2\/product"}],"about":[{"href":"https:\/\/www.axiomams.eu\/et\/wp-json\/wp\/v2\/types\/product"}],"replies":[{"embeddable":true,"href":"https:\/\/www.axiomams.eu\/et\/wp-json\/wp\/v2\/comments?post=40278"}],"wp:featuredmedia":[{"embeddable":true,"href":"https:\/\/www.axiomams.eu\/et\/wp-json\/wp\/v2\/media\/42086"}],"wp:attachment":[{"href":"https:\/\/www.axiomams.eu\/et\/wp-json\/wp\/v2\/media?parent=40278"}],"wp:term":[{"taxonomy":"product_brand","embeddable":true,"href":"https:\/\/www.axiomams.eu\/et\/wp-json\/wp\/v2\/product_brand?post=40278"},{"taxonomy":"product_cat","embeddable":true,"href":"https:\/\/www.axiomams.eu\/et\/wp-json\/wp\/v2\/product_cat?post=40278"},{"taxonomy":"product_tag","embeddable":true,"href":"https:\/\/www.axiomams.eu\/et\/wp-json\/wp\/v2\/product_tag?post=40278"}],"curies":[{"name":"wp","href":"https:\/\/api.w.org\/{rel}","templated":true}]}}