{"id":40284,"date":"2025-05-15T18:01:30","date_gmt":"2025-05-15T16:01:30","guid":{"rendered":"https:\/\/www.axiomams.eu\/produktas\/phenix-technologies-kvm100a-kilovoldimootur"},"modified":"2026-02-02T14:31:19","modified_gmt":"2026-02-02T12:31:19","slug":"phenix-technologies-kvm100a-kilovoldimootur","status":"publish","type":"product","link":"https:\/\/www.axiomams.eu\/et\/produktas\/phenix-technologies-kvm100a-kilovoldimootur","title":{"rendered":"Phenix Technologies KVM100A kilovoldim\u00f5\u00f5tur"},"content":{"rendered":"<p>Phenix Technologies KVM100A &#8211; AC\/DC Kilovoltmeetrite pinge m\u00f5\u00f5tmise funktsioonid h\u00f5lmavad AC Average, AC RMS, AC Peak, AC Peak\/\u221a2, DC Average, DC Peak, DC Ripple. NIST-standardite j\u00e4rgi j\u00e4lgitavad seadmed on kasutatavad kalibreerimiseks ja \u00fcldiseks k\u00f5rgepingem\u00f5\u00f5tmiseks. Pingejagajat saab kasutada ka koos teiste m\u00f5\u00f5teseadmetega, n\u00e4iteks ostsilloskoobi v\u00f5i multimeetriga. Need seadmed on t\u00e4psed, usaldusv\u00e4\u00e4rsed ja rahuldavad mitmesuguseid testimisrakendusi.<\/p>\n<p>Spetsifikatsioonid<br \/>\n&#8211; Sisendv\u00f5imsus: 100 V &#8230; 240 V AC, 0,4 A, 47 Hz &#8230; 63 Hz, \u00fchefaasiline<br \/>\n&#8211; Akutoite: 9,6 V, Ni-MH, 3200 mA<br \/>\n&#8211; Sisendlaadimise pesa: +15 V DC, 1,5 A<\/p>\n<p>M\u00f5\u00f5tmisandmed<br \/>\n&#8211; Vahemik:  1 V<br \/>\n&#8211; Vahemik: 0 kV &#8230; 100 kV, eraldusv\u00f5ime: 10 V<\/p>\n<p>K\u00f5rgepinge sisend<br \/>\n&#8211; Madal vahemik: 0 kV &#8230; 20 kV AC\/DC<br \/>\n&#8211; Suur vahemik: 0 kV &#8230; 100 kV AC\/DC<br \/>\n&#8211; AC tipp: 0 kV &#8230; 141 kV<\/p>\n<p>Jaoturi impedants<br \/>\n&#8211; Takistus: 380 M\u03a9<br \/>\n&#8211; mahtuvus: 200 pF<br \/>\n&#8211; Suhe: 10 000 : 1<\/p>\n<p>Pinge m\u00f5\u00f5tmise funktsioonid \/ sagedusvahemik<br \/>\n&#8211; Vahelduvvoolu keskmine<br \/>\n&#8211; AC RMS<br \/>\n&#8211; AC tipp<br \/>\n&#8211; AC tipp \/ \u221a 2<br \/>\n&#8211; Alalisvoolu keskmine<br \/>\n&#8211; DC tipp<br \/>\n&#8211; Alalisvoolu lainetus<\/p>\n<p>Ebakindlus<br \/>\n&#8211; M\u00f5\u00f5tepea: 0,5 % n\u00e4idustusest<br \/>\n&#8211; Jaotussuhe: 0,4 %<br \/>\n&#8211; \u00dcldine: 0,75 % n\u00e4idust<\/p>\n<p>\u00dcldine teave<br \/>\n&#8211; T\u00f6\u00f6temperatuur: 0 \u00b0C &#8230; 40 \u00b0C<br \/>\n&#8211; M\u00f5\u00f5tmed: 241 x 241 x 876 mm<br \/>\n&#8211; Kaal: 14 kg<\/p>\n<h3>Tehniline teave:<\/h3>\n<ul>\n<li><a href=\"https:\/\/axiomams.eu\/importer\/export\/attachments\/en\/phenix-kvm100a.pdf\" target=\"_blank\">Phenix KVM100A.pdf<\/a><\/li>\n<\/ul>\n","protected":false},"excerpt":{"rendered":"<p>Phenix Technologies KVM100A &#8211; AC\/DC Kilovoltmeetrite pinge m\u00f5\u00f5tmise funktsioonid h\u00f5lmavad AC Average, AC RMS, AC Peak, AC Peak\/\u221a2, DC Average, DC Peak, DC Ripple. NIST-standardite j\u00e4rgi j\u00e4lgitavad seadmed on kasutatavad kalibreerimiseks ja \u00fcldiseks k\u00f5rgepingem\u00f5\u00f5tmiseks. Pingejagajat saab kasutada ka koos teiste m\u00f5\u00f5teseadmetega, n\u00e4iteks ostsilloskoobi v\u00f5i multimeetriga. Need seadmed on t\u00e4psed, usaldusv\u00e4\u00e4rsed ja rahuldavad mitmesuguseid testimisrakendusi. Spetsifikatsioonid&#8230;<\/p>\n","protected":false},"featured_media":42096,"comment_status":"open","ping_status":"closed","template":"","meta":{"_acf_changed":false},"product_brand":[1344],"product_cat":[17779],"product_tag":[],"class_list":{"0":"post-40284","1":"product","2":"type-product","3":"status-publish","4":"has-post-thumbnail","6":"product_brand-phenix-technologies","7":"product_cat-elektriliste-seadmete-katsetamiseks-ja-testimiseks","9":"first","10":"instock","11":"taxable","12":"shipping-taxable","13":"product-type-simple"},"acf":[],"yoast_head":"<!-- This site is optimized with the Yoast SEO plugin v27.0 - https:\/\/yoast.com\/product\/yoast-seo-wordpress\/ -->\n<title>Phenix Technologies KVM100A kilovoldim\u00f5\u00f5tur - AXIOMA MS<\/title>\n<meta name=\"robots\" content=\"index, follow, max-snippet:-1, max-image-preview:large, max-video-preview:-1\" \/>\n<link rel=\"canonical\" href=\"https:\/\/www.axiomams.eu\/et\/produktas\/phenix-technologies-kvm100a-kilovoldimootur\" \/>\n<meta property=\"og:locale\" content=\"et_EE\" \/>\n<meta property=\"og:type\" content=\"article\" \/>\n<meta property=\"og:title\" content=\"Phenix Technologies KVM100A kilovoldim\u00f5\u00f5tur - AXIOMA MS\" \/>\n<meta property=\"og:description\" content=\"Phenix Technologies KVM100A &#8211; AC\/DC Kilovoltmeetrite pinge m\u00f5\u00f5tmise funktsioonid h\u00f5lmavad AC Average, AC RMS, AC Peak, AC Peak\/\u221a2, DC Average, DC Peak, DC Ripple. NIST-standardite j\u00e4rgi j\u00e4lgitavad seadmed on kasutatavad kalibreerimiseks ja \u00fcldiseks k\u00f5rgepingem\u00f5\u00f5tmiseks. Pingejagajat saab kasutada ka koos teiste m\u00f5\u00f5teseadmetega, n\u00e4iteks ostsilloskoobi v\u00f5i multimeetriga. Need seadmed on t\u00e4psed, usaldusv\u00e4\u00e4rsed ja rahuldavad mitmesuguseid testimisrakendusi. Spetsifikatsioonid...\" \/>\n<meta property=\"og:url\" content=\"https:\/\/www.axiomams.eu\/et\/produktas\/phenix-technologies-kvm100a-kilovoldimootur\" \/>\n<meta property=\"og:site_name\" content=\"AXIOMA MS\" \/>\n<meta property=\"article:publisher\" content=\"https:\/\/www.facebook.com\/AxiomaMS\" \/>\n<meta property=\"article:modified_time\" content=\"2026-02-02T12:31:19+00:00\" \/>\n<meta property=\"og:image\" content=\"https:\/\/www.axiomams.eu\/wp-content\/uploads\/2025\/07\/3436-4607.jpg\" \/>\n\t<meta property=\"og:image:width\" content=\"412\" \/>\n\t<meta property=\"og:image:height\" content=\"610\" \/>\n\t<meta property=\"og:image:type\" content=\"image\/jpeg\" \/>\n<meta name=\"twitter:card\" content=\"summary_large_image\" \/>\n<meta name=\"twitter:label1\" content=\"Est. reading time\" \/>\n\t<meta name=\"twitter:data1\" content=\"1 minut\" \/>\n<script type=\"application\/ld+json\" class=\"yoast-schema-graph\">{\"@context\":\"https:\/\/schema.org\",\"@graph\":[{\"@type\":\"WebPage\",\"@id\":\"https:\/\/www.axiomams.eu\/et\/produktas\/phenix-technologies-kvm100a-kilovoldimootur\",\"url\":\"https:\/\/www.axiomams.eu\/et\/produktas\/phenix-technologies-kvm100a-kilovoldimootur\",\"name\":\"Phenix Technologies KVM100A kilovoldim\u00f5\u00f5tur - AXIOMA MS\",\"isPartOf\":{\"@id\":\"https:\/\/www.axiomams.eu\/et#website\"},\"primaryImageOfPage\":{\"@id\":\"https:\/\/www.axiomams.eu\/et\/produktas\/phenix-technologies-kvm100a-kilovoldimootur#primaryimage\"},\"image\":{\"@id\":\"https:\/\/www.axiomams.eu\/et\/produktas\/phenix-technologies-kvm100a-kilovoldimootur#primaryimage\"},\"thumbnailUrl\":\"https:\/\/www.axiomams.eu\/wp-content\/uploads\/2025\/07\/3436-4607.jpg\",\"datePublished\":\"2025-05-15T16:01:30+00:00\",\"dateModified\":\"2026-02-02T12:31:19+00:00\",\"breadcrumb\":{\"@id\":\"https:\/\/www.axiomams.eu\/et\/produktas\/phenix-technologies-kvm100a-kilovoldimootur#breadcrumb\"},\"inLanguage\":\"et\",\"potentialAction\":[{\"@type\":\"ReadAction\",\"target\":[\"https:\/\/www.axiomams.eu\/et\/produktas\/phenix-technologies-kvm100a-kilovoldimootur\"]}]},{\"@type\":\"ImageObject\",\"inLanguage\":\"et\",\"@id\":\"https:\/\/www.axiomams.eu\/et\/produktas\/phenix-technologies-kvm100a-kilovoldimootur#primaryimage\",\"url\":\"https:\/\/www.axiomams.eu\/wp-content\/uploads\/2025\/07\/3436-4607.jpg\",\"contentUrl\":\"https:\/\/www.axiomams.eu\/wp-content\/uploads\/2025\/07\/3436-4607.jpg\",\"width\":412,\"height\":610},{\"@type\":\"BreadcrumbList\",\"@id\":\"https:\/\/www.axiomams.eu\/et\/produktas\/phenix-technologies-kvm100a-kilovoldimootur#breadcrumb\",\"itemListElement\":[{\"@type\":\"ListItem\",\"position\":1,\"name\":\"Home\",\"item\":\"https:\/\/www.axiomams.eu\/et\"},{\"@type\":\"ListItem\",\"position\":2,\"name\":\"Tooted\",\"item\":\"https:\/\/www.axiomams.eu\/et\/tooted\"},{\"@type\":\"ListItem\",\"position\":3,\"name\":\"Phenix Technologies KVM100A kilovoldim\u00f5\u00f5tur\"}]},{\"@type\":\"WebSite\",\"@id\":\"https:\/\/www.axiomams.eu\/et#website\",\"url\":\"https:\/\/www.axiomams.eu\/et\",\"name\":\"AXIOMA MS\",\"description\":\"Terrmovizoriai ir matavimo \u012franga\",\"publisher\":{\"@id\":\"https:\/\/www.axiomams.eu\/et#organization\"},\"potentialAction\":[{\"@type\":\"SearchAction\",\"target\":{\"@type\":\"EntryPoint\",\"urlTemplate\":\"https:\/\/www.axiomams.eu\/et?s={search_term_string}\"},\"query-input\":{\"@type\":\"PropertyValueSpecification\",\"valueRequired\":true,\"valueName\":\"search_term_string\"}}],\"inLanguage\":\"et\"},{\"@type\":\"Organization\",\"@id\":\"https:\/\/www.axiomams.eu\/et#organization\",\"name\":\"AXIOMA MS\",\"url\":\"https:\/\/www.axiomams.eu\/et\",\"logo\":{\"@type\":\"ImageObject\",\"inLanguage\":\"et\",\"@id\":\"https:\/\/www.axiomams.eu\/et#\/schema\/logo\/image\/\",\"url\":\"https:\/\/www.axiomams.eu\/wp-content\/uploads\/2025\/06\/axioma-logo-2.png\",\"contentUrl\":\"https:\/\/www.axiomams.eu\/wp-content\/uploads\/2025\/06\/axioma-logo-2.png\",\"width\":1200,\"height\":1200,\"caption\":\"AXIOMA MS\"},\"image\":{\"@id\":\"https:\/\/www.axiomams.eu\/et#\/schema\/logo\/image\/\"},\"sameAs\":[\"https:\/\/www.facebook.com\/AxiomaMS\",\"https:\/\/www.linkedin.com\/company\/axiomams\/\"]}]}<\/script>\n<!-- \/ Yoast SEO plugin. -->","yoast_head_json":{"title":"Phenix Technologies KVM100A kilovoldim\u00f5\u00f5tur - AXIOMA MS","robots":{"index":"index","follow":"follow","max-snippet":"max-snippet:-1","max-image-preview":"max-image-preview:large","max-video-preview":"max-video-preview:-1"},"canonical":"https:\/\/www.axiomams.eu\/et\/produktas\/phenix-technologies-kvm100a-kilovoldimootur","og_locale":"et_EE","og_type":"article","og_title":"Phenix Technologies KVM100A kilovoldim\u00f5\u00f5tur - AXIOMA MS","og_description":"Phenix Technologies KVM100A &#8211; AC\/DC Kilovoltmeetrite pinge m\u00f5\u00f5tmise funktsioonid h\u00f5lmavad AC Average, AC RMS, AC Peak, AC Peak\/\u221a2, DC Average, DC Peak, DC Ripple. NIST-standardite j\u00e4rgi j\u00e4lgitavad seadmed on kasutatavad kalibreerimiseks ja \u00fcldiseks k\u00f5rgepingem\u00f5\u00f5tmiseks. Pingejagajat saab kasutada ka koos teiste m\u00f5\u00f5teseadmetega, n\u00e4iteks ostsilloskoobi v\u00f5i multimeetriga. Need seadmed on t\u00e4psed, usaldusv\u00e4\u00e4rsed ja rahuldavad mitmesuguseid testimisrakendusi. Spetsifikatsioonid...","og_url":"https:\/\/www.axiomams.eu\/et\/produktas\/phenix-technologies-kvm100a-kilovoldimootur","og_site_name":"AXIOMA MS","article_publisher":"https:\/\/www.facebook.com\/AxiomaMS","article_modified_time":"2026-02-02T12:31:19+00:00","og_image":[{"width":412,"height":610,"url":"https:\/\/www.axiomams.eu\/wp-content\/uploads\/2025\/07\/3436-4607.jpg","type":"image\/jpeg"}],"twitter_card":"summary_large_image","twitter_misc":{"Est. reading time":"1 minut"},"schema":{"@context":"https:\/\/schema.org","@graph":[{"@type":"WebPage","@id":"https:\/\/www.axiomams.eu\/et\/produktas\/phenix-technologies-kvm100a-kilovoldimootur","url":"https:\/\/www.axiomams.eu\/et\/produktas\/phenix-technologies-kvm100a-kilovoldimootur","name":"Phenix Technologies KVM100A kilovoldim\u00f5\u00f5tur - AXIOMA MS","isPartOf":{"@id":"https:\/\/www.axiomams.eu\/et#website"},"primaryImageOfPage":{"@id":"https:\/\/www.axiomams.eu\/et\/produktas\/phenix-technologies-kvm100a-kilovoldimootur#primaryimage"},"image":{"@id":"https:\/\/www.axiomams.eu\/et\/produktas\/phenix-technologies-kvm100a-kilovoldimootur#primaryimage"},"thumbnailUrl":"https:\/\/www.axiomams.eu\/wp-content\/uploads\/2025\/07\/3436-4607.jpg","datePublished":"2025-05-15T16:01:30+00:00","dateModified":"2026-02-02T12:31:19+00:00","breadcrumb":{"@id":"https:\/\/www.axiomams.eu\/et\/produktas\/phenix-technologies-kvm100a-kilovoldimootur#breadcrumb"},"inLanguage":"et","potentialAction":[{"@type":"ReadAction","target":["https:\/\/www.axiomams.eu\/et\/produktas\/phenix-technologies-kvm100a-kilovoldimootur"]}]},{"@type":"ImageObject","inLanguage":"et","@id":"https:\/\/www.axiomams.eu\/et\/produktas\/phenix-technologies-kvm100a-kilovoldimootur#primaryimage","url":"https:\/\/www.axiomams.eu\/wp-content\/uploads\/2025\/07\/3436-4607.jpg","contentUrl":"https:\/\/www.axiomams.eu\/wp-content\/uploads\/2025\/07\/3436-4607.jpg","width":412,"height":610},{"@type":"BreadcrumbList","@id":"https:\/\/www.axiomams.eu\/et\/produktas\/phenix-technologies-kvm100a-kilovoldimootur#breadcrumb","itemListElement":[{"@type":"ListItem","position":1,"name":"Home","item":"https:\/\/www.axiomams.eu\/et"},{"@type":"ListItem","position":2,"name":"Tooted","item":"https:\/\/www.axiomams.eu\/et\/tooted"},{"@type":"ListItem","position":3,"name":"Phenix Technologies KVM100A kilovoldim\u00f5\u00f5tur"}]},{"@type":"WebSite","@id":"https:\/\/www.axiomams.eu\/et#website","url":"https:\/\/www.axiomams.eu\/et","name":"AXIOMA MS","description":"Terrmovizoriai ir matavimo \u012franga","publisher":{"@id":"https:\/\/www.axiomams.eu\/et#organization"},"potentialAction":[{"@type":"SearchAction","target":{"@type":"EntryPoint","urlTemplate":"https:\/\/www.axiomams.eu\/et?s={search_term_string}"},"query-input":{"@type":"PropertyValueSpecification","valueRequired":true,"valueName":"search_term_string"}}],"inLanguage":"et"},{"@type":"Organization","@id":"https:\/\/www.axiomams.eu\/et#organization","name":"AXIOMA MS","url":"https:\/\/www.axiomams.eu\/et","logo":{"@type":"ImageObject","inLanguage":"et","@id":"https:\/\/www.axiomams.eu\/et#\/schema\/logo\/image\/","url":"https:\/\/www.axiomams.eu\/wp-content\/uploads\/2025\/06\/axioma-logo-2.png","contentUrl":"https:\/\/www.axiomams.eu\/wp-content\/uploads\/2025\/06\/axioma-logo-2.png","width":1200,"height":1200,"caption":"AXIOMA MS"},"image":{"@id":"https:\/\/www.axiomams.eu\/et#\/schema\/logo\/image\/"},"sameAs":["https:\/\/www.facebook.com\/AxiomaMS","https:\/\/www.linkedin.com\/company\/axiomams\/"]}]}},"_links":{"self":[{"href":"https:\/\/www.axiomams.eu\/et\/wp-json\/wp\/v2\/product\/40284","targetHints":{"allow":["GET"]}}],"collection":[{"href":"https:\/\/www.axiomams.eu\/et\/wp-json\/wp\/v2\/product"}],"about":[{"href":"https:\/\/www.axiomams.eu\/et\/wp-json\/wp\/v2\/types\/product"}],"replies":[{"embeddable":true,"href":"https:\/\/www.axiomams.eu\/et\/wp-json\/wp\/v2\/comments?post=40284"}],"wp:featuredmedia":[{"embeddable":true,"href":"https:\/\/www.axiomams.eu\/et\/wp-json\/wp\/v2\/media\/42096"}],"wp:attachment":[{"href":"https:\/\/www.axiomams.eu\/et\/wp-json\/wp\/v2\/media?parent=40284"}],"wp:term":[{"taxonomy":"product_brand","embeddable":true,"href":"https:\/\/www.axiomams.eu\/et\/wp-json\/wp\/v2\/product_brand?post=40284"},{"taxonomy":"product_cat","embeddable":true,"href":"https:\/\/www.axiomams.eu\/et\/wp-json\/wp\/v2\/product_cat?post=40284"},{"taxonomy":"product_tag","embeddable":true,"href":"https:\/\/www.axiomams.eu\/et\/wp-json\/wp\/v2\/product_tag?post=40284"}],"curies":[{"name":"wp","href":"https:\/\/api.w.org\/{rel}","templated":true}]}}