{"id":40291,"date":"2025-05-15T18:02:03","date_gmt":"2025-05-15T16:02:03","guid":{"rendered":"https:\/\/www.axiomams.eu\/produktas\/hwm-lmic-lekkeandur"},"modified":"2026-02-02T14:31:20","modified_gmt":"2026-02-02T12:31:20","slug":"hwm-lmic-lekkeandur","status":"publish","type":"product","link":"https:\/\/www.axiomams.eu\/et\/produktas\/hwm-lmic-lekkeandur","title":{"rendered":"HWM Lmic lekkeandur"},"content":{"rendered":"<p>HWM Lmic on lihtsasti kasutatav ja odav kombineeritud elektrooniline kuulamiskepp ja maapealne mikrofon. See sobib ideaalselt \u00fcldiseks lekkeotsinguks ja seda saab varustada kas statiivijalaga (kasutamiseks maandusmikrofonina) v\u00f5i sondivardaga (sondeerimiseks liitmike v\u00f5i pehme pinnase juures).<\/p>\n<p>Standardkomplekt: Lmic k\u00e4sijuhtimisseade, mikrofon koos kaabli ja statiiviga, 2 sondivarda, vahelduvvooluadapter, k\u00f5rvaklapid, kandekott, kasutusjuhend.<\/p>\n<h3>Tehniline teave:<\/h3>\n<ul>\n<li><a href=\"https:\/\/axiomams.eu\/importer\/export\/attachments\/en\/lmic.pdf\" target=\"_blank\">Lmic.pdf<\/a><\/li>\n<\/ul>\n","protected":false},"excerpt":{"rendered":"<p>HWM Lmic on lihtsasti kasutatav ja odav kombineeritud elektrooniline kuulamiskepp ja maapealne mikrofon. See sobib ideaalselt \u00fcldiseks lekkeotsinguks ja seda saab varustada kas statiivijalaga (kasutamiseks maandusmikrofonina) v\u00f5i sondivardaga (sondeerimiseks liitmike v\u00f5i pehme pinnase juures). Standardkomplekt: Lmic k\u00e4sijuhtimisseade, mikrofon koos kaabli ja statiiviga, 2 sondivarda, vahelduvvooluadapter, k\u00f5rvaklapid, kandekott, kasutusjuhend. Tehniline teave: Lmic.pdf<\/p>\n","protected":false},"featured_media":42108,"comment_status":"open","ping_status":"closed","template":"","meta":{"_acf_changed":false},"product_brand":[1011],"product_cat":[17817],"product_tag":[],"class_list":{"0":"post-40291","1":"product","2":"type-product","3":"status-publish","4":"has-post-thumbnail","6":"product_brand-hwm","7":"product_cat-vee-lekete-otsimiseks","9":"first","10":"instock","11":"taxable","12":"shipping-taxable","13":"product-type-simple"},"acf":[],"yoast_head":"<!-- This site is optimized with the Yoast SEO plugin v27.0 - https:\/\/yoast.com\/product\/yoast-seo-wordpress\/ -->\n<title>HWM Lmic lekkeandur - AXIOMA MS<\/title>\n<meta name=\"robots\" content=\"index, follow, max-snippet:-1, max-image-preview:large, max-video-preview:-1\" \/>\n<link rel=\"canonical\" href=\"https:\/\/www.axiomams.eu\/et\/produktas\/hwm-lmic-lekkeandur\" \/>\n<meta property=\"og:locale\" content=\"et_EE\" \/>\n<meta property=\"og:type\" content=\"article\" \/>\n<meta property=\"og:title\" content=\"HWM Lmic lekkeandur - AXIOMA MS\" \/>\n<meta property=\"og:description\" content=\"HWM Lmic on lihtsasti kasutatav ja odav kombineeritud elektrooniline kuulamiskepp ja maapealne mikrofon. See sobib ideaalselt \u00fcldiseks lekkeotsinguks ja seda saab varustada kas statiivijalaga (kasutamiseks maandusmikrofonina) v\u00f5i sondivardaga (sondeerimiseks liitmike v\u00f5i pehme pinnase juures). Standardkomplekt: Lmic k\u00e4sijuhtimisseade, mikrofon koos kaabli ja statiiviga, 2 sondivarda, vahelduvvooluadapter, k\u00f5rvaklapid, kandekott, kasutusjuhend. Tehniline teave: Lmic.pdf\" \/>\n<meta property=\"og:url\" content=\"https:\/\/www.axiomams.eu\/et\/produktas\/hwm-lmic-lekkeandur\" \/>\n<meta property=\"og:site_name\" content=\"AXIOMA MS\" \/>\n<meta property=\"article:publisher\" content=\"https:\/\/www.facebook.com\/AxiomaMS\" \/>\n<meta property=\"article:modified_time\" content=\"2026-02-02T12:31:20+00:00\" \/>\n<meta property=\"og:image\" content=\"https:\/\/www.axiomams.eu\/wp-content\/uploads\/2025\/07\/200-3133.jpg\" \/>\n\t<meta property=\"og:image:width\" content=\"390\" \/>\n\t<meta property=\"og:image:height\" content=\"457\" \/>\n\t<meta property=\"og:image:type\" content=\"image\/jpeg\" \/>\n<meta name=\"twitter:card\" content=\"summary_large_image\" \/>\n<script type=\"application\/ld+json\" class=\"yoast-schema-graph\">{\"@context\":\"https:\/\/schema.org\",\"@graph\":[{\"@type\":\"WebPage\",\"@id\":\"https:\/\/www.axiomams.eu\/et\/produktas\/hwm-lmic-lekkeandur\",\"url\":\"https:\/\/www.axiomams.eu\/et\/produktas\/hwm-lmic-lekkeandur\",\"name\":\"HWM Lmic lekkeandur - AXIOMA MS\",\"isPartOf\":{\"@id\":\"https:\/\/www.axiomams.eu\/et#website\"},\"primaryImageOfPage\":{\"@id\":\"https:\/\/www.axiomams.eu\/et\/produktas\/hwm-lmic-lekkeandur#primaryimage\"},\"image\":{\"@id\":\"https:\/\/www.axiomams.eu\/et\/produktas\/hwm-lmic-lekkeandur#primaryimage\"},\"thumbnailUrl\":\"https:\/\/www.axiomams.eu\/wp-content\/uploads\/2025\/07\/200-3133.jpg\",\"datePublished\":\"2025-05-15T16:02:03+00:00\",\"dateModified\":\"2026-02-02T12:31:20+00:00\",\"breadcrumb\":{\"@id\":\"https:\/\/www.axiomams.eu\/et\/produktas\/hwm-lmic-lekkeandur#breadcrumb\"},\"inLanguage\":\"et\",\"potentialAction\":[{\"@type\":\"ReadAction\",\"target\":[\"https:\/\/www.axiomams.eu\/et\/produktas\/hwm-lmic-lekkeandur\"]}]},{\"@type\":\"ImageObject\",\"inLanguage\":\"et\",\"@id\":\"https:\/\/www.axiomams.eu\/et\/produktas\/hwm-lmic-lekkeandur#primaryimage\",\"url\":\"https:\/\/www.axiomams.eu\/wp-content\/uploads\/2025\/07\/200-3133.jpg\",\"contentUrl\":\"https:\/\/www.axiomams.eu\/wp-content\/uploads\/2025\/07\/200-3133.jpg\",\"width\":390,\"height\":457},{\"@type\":\"BreadcrumbList\",\"@id\":\"https:\/\/www.axiomams.eu\/et\/produktas\/hwm-lmic-lekkeandur#breadcrumb\",\"itemListElement\":[{\"@type\":\"ListItem\",\"position\":1,\"name\":\"Home\",\"item\":\"https:\/\/www.axiomams.eu\/et\"},{\"@type\":\"ListItem\",\"position\":2,\"name\":\"Tooted\",\"item\":\"https:\/\/www.axiomams.eu\/et\/tooted\"},{\"@type\":\"ListItem\",\"position\":3,\"name\":\"HWM Lmic lekkeandur\"}]},{\"@type\":\"WebSite\",\"@id\":\"https:\/\/www.axiomams.eu\/et#website\",\"url\":\"https:\/\/www.axiomams.eu\/et\",\"name\":\"AXIOMA MS\",\"description\":\"Terrmovizoriai ir matavimo \u012franga\",\"publisher\":{\"@id\":\"https:\/\/www.axiomams.eu\/et#organization\"},\"potentialAction\":[{\"@type\":\"SearchAction\",\"target\":{\"@type\":\"EntryPoint\",\"urlTemplate\":\"https:\/\/www.axiomams.eu\/et?s={search_term_string}\"},\"query-input\":{\"@type\":\"PropertyValueSpecification\",\"valueRequired\":true,\"valueName\":\"search_term_string\"}}],\"inLanguage\":\"et\"},{\"@type\":\"Organization\",\"@id\":\"https:\/\/www.axiomams.eu\/et#organization\",\"name\":\"AXIOMA MS\",\"url\":\"https:\/\/www.axiomams.eu\/et\",\"logo\":{\"@type\":\"ImageObject\",\"inLanguage\":\"et\",\"@id\":\"https:\/\/www.axiomams.eu\/et#\/schema\/logo\/image\/\",\"url\":\"https:\/\/www.axiomams.eu\/wp-content\/uploads\/2025\/06\/axioma-logo-2.png\",\"contentUrl\":\"https:\/\/www.axiomams.eu\/wp-content\/uploads\/2025\/06\/axioma-logo-2.png\",\"width\":1200,\"height\":1200,\"caption\":\"AXIOMA MS\"},\"image\":{\"@id\":\"https:\/\/www.axiomams.eu\/et#\/schema\/logo\/image\/\"},\"sameAs\":[\"https:\/\/www.facebook.com\/AxiomaMS\",\"https:\/\/www.linkedin.com\/company\/axiomams\/\"]}]}<\/script>\n<!-- \/ Yoast SEO plugin. -->","yoast_head_json":{"title":"HWM Lmic lekkeandur - AXIOMA MS","robots":{"index":"index","follow":"follow","max-snippet":"max-snippet:-1","max-image-preview":"max-image-preview:large","max-video-preview":"max-video-preview:-1"},"canonical":"https:\/\/www.axiomams.eu\/et\/produktas\/hwm-lmic-lekkeandur","og_locale":"et_EE","og_type":"article","og_title":"HWM Lmic lekkeandur - AXIOMA MS","og_description":"HWM Lmic on lihtsasti kasutatav ja odav kombineeritud elektrooniline kuulamiskepp ja maapealne mikrofon. See sobib ideaalselt \u00fcldiseks lekkeotsinguks ja seda saab varustada kas statiivijalaga (kasutamiseks maandusmikrofonina) v\u00f5i sondivardaga (sondeerimiseks liitmike v\u00f5i pehme pinnase juures). Standardkomplekt: Lmic k\u00e4sijuhtimisseade, mikrofon koos kaabli ja statiiviga, 2 sondivarda, vahelduvvooluadapter, k\u00f5rvaklapid, kandekott, kasutusjuhend. Tehniline teave: Lmic.pdf","og_url":"https:\/\/www.axiomams.eu\/et\/produktas\/hwm-lmic-lekkeandur","og_site_name":"AXIOMA MS","article_publisher":"https:\/\/www.facebook.com\/AxiomaMS","article_modified_time":"2026-02-02T12:31:20+00:00","og_image":[{"width":390,"height":457,"url":"https:\/\/www.axiomams.eu\/wp-content\/uploads\/2025\/07\/200-3133.jpg","type":"image\/jpeg"}],"twitter_card":"summary_large_image","schema":{"@context":"https:\/\/schema.org","@graph":[{"@type":"WebPage","@id":"https:\/\/www.axiomams.eu\/et\/produktas\/hwm-lmic-lekkeandur","url":"https:\/\/www.axiomams.eu\/et\/produktas\/hwm-lmic-lekkeandur","name":"HWM Lmic lekkeandur - AXIOMA MS","isPartOf":{"@id":"https:\/\/www.axiomams.eu\/et#website"},"primaryImageOfPage":{"@id":"https:\/\/www.axiomams.eu\/et\/produktas\/hwm-lmic-lekkeandur#primaryimage"},"image":{"@id":"https:\/\/www.axiomams.eu\/et\/produktas\/hwm-lmic-lekkeandur#primaryimage"},"thumbnailUrl":"https:\/\/www.axiomams.eu\/wp-content\/uploads\/2025\/07\/200-3133.jpg","datePublished":"2025-05-15T16:02:03+00:00","dateModified":"2026-02-02T12:31:20+00:00","breadcrumb":{"@id":"https:\/\/www.axiomams.eu\/et\/produktas\/hwm-lmic-lekkeandur#breadcrumb"},"inLanguage":"et","potentialAction":[{"@type":"ReadAction","target":["https:\/\/www.axiomams.eu\/et\/produktas\/hwm-lmic-lekkeandur"]}]},{"@type":"ImageObject","inLanguage":"et","@id":"https:\/\/www.axiomams.eu\/et\/produktas\/hwm-lmic-lekkeandur#primaryimage","url":"https:\/\/www.axiomams.eu\/wp-content\/uploads\/2025\/07\/200-3133.jpg","contentUrl":"https:\/\/www.axiomams.eu\/wp-content\/uploads\/2025\/07\/200-3133.jpg","width":390,"height":457},{"@type":"BreadcrumbList","@id":"https:\/\/www.axiomams.eu\/et\/produktas\/hwm-lmic-lekkeandur#breadcrumb","itemListElement":[{"@type":"ListItem","position":1,"name":"Home","item":"https:\/\/www.axiomams.eu\/et"},{"@type":"ListItem","position":2,"name":"Tooted","item":"https:\/\/www.axiomams.eu\/et\/tooted"},{"@type":"ListItem","position":3,"name":"HWM Lmic lekkeandur"}]},{"@type":"WebSite","@id":"https:\/\/www.axiomams.eu\/et#website","url":"https:\/\/www.axiomams.eu\/et","name":"AXIOMA MS","description":"Terrmovizoriai ir matavimo \u012franga","publisher":{"@id":"https:\/\/www.axiomams.eu\/et#organization"},"potentialAction":[{"@type":"SearchAction","target":{"@type":"EntryPoint","urlTemplate":"https:\/\/www.axiomams.eu\/et?s={search_term_string}"},"query-input":{"@type":"PropertyValueSpecification","valueRequired":true,"valueName":"search_term_string"}}],"inLanguage":"et"},{"@type":"Organization","@id":"https:\/\/www.axiomams.eu\/et#organization","name":"AXIOMA MS","url":"https:\/\/www.axiomams.eu\/et","logo":{"@type":"ImageObject","inLanguage":"et","@id":"https:\/\/www.axiomams.eu\/et#\/schema\/logo\/image\/","url":"https:\/\/www.axiomams.eu\/wp-content\/uploads\/2025\/06\/axioma-logo-2.png","contentUrl":"https:\/\/www.axiomams.eu\/wp-content\/uploads\/2025\/06\/axioma-logo-2.png","width":1200,"height":1200,"caption":"AXIOMA MS"},"image":{"@id":"https:\/\/www.axiomams.eu\/et#\/schema\/logo\/image\/"},"sameAs":["https:\/\/www.facebook.com\/AxiomaMS","https:\/\/www.linkedin.com\/company\/axiomams\/"]}]}},"_links":{"self":[{"href":"https:\/\/www.axiomams.eu\/et\/wp-json\/wp\/v2\/product\/40291","targetHints":{"allow":["GET"]}}],"collection":[{"href":"https:\/\/www.axiomams.eu\/et\/wp-json\/wp\/v2\/product"}],"about":[{"href":"https:\/\/www.axiomams.eu\/et\/wp-json\/wp\/v2\/types\/product"}],"replies":[{"embeddable":true,"href":"https:\/\/www.axiomams.eu\/et\/wp-json\/wp\/v2\/comments?post=40291"}],"wp:featuredmedia":[{"embeddable":true,"href":"https:\/\/www.axiomams.eu\/et\/wp-json\/wp\/v2\/media\/42108"}],"wp:attachment":[{"href":"https:\/\/www.axiomams.eu\/et\/wp-json\/wp\/v2\/media?parent=40291"}],"wp:term":[{"taxonomy":"product_brand","embeddable":true,"href":"https:\/\/www.axiomams.eu\/et\/wp-json\/wp\/v2\/product_brand?post=40291"},{"taxonomy":"product_cat","embeddable":true,"href":"https:\/\/www.axiomams.eu\/et\/wp-json\/wp\/v2\/product_cat?post=40291"},{"taxonomy":"product_tag","embeddable":true,"href":"https:\/\/www.axiomams.eu\/et\/wp-json\/wp\/v2\/product_tag?post=40291"}],"curies":[{"name":"wp","href":"https:\/\/api.w.org\/{rel}","templated":true}]}}