{"id":40292,"date":"2025-05-15T18:02:05","date_gmt":"2025-05-15T16:02:05","guid":{"rendered":"https:\/\/www.axiomams.eu\/produktas\/radiodetektor-lmx150-findar-maapealne-radar"},"modified":"2026-02-02T14:31:20","modified_gmt":"2026-02-02T12:31:20","slug":"radiodetektor-lmx150-findar-maapealne-radar","status":"publish","type":"product","link":"https:\/\/www.axiomams.eu\/et\/produktas\/radiodetektor-lmx150-findar-maapealne-radar","title":{"rendered":"Radiodetektor LMX150 FINDAR maapealne radar."},"content":{"rendered":"<p>LMX150 FINDAR GPR<br \/>\nMaapinnale tungiv radar (GPR)<br \/>\nMeie andurid ja tarkvara LMX150 FINDAR on kompaktne, suure eraldusv\u00f5imega kommunaalteenuste asukoha m\u00e4\u00e4ramise s\u00fcsteem teie asukoha m\u00e4\u00e4ramise ja kaardistamise vajaduste jaoks.<\/p>\n<p>LMX150 FINDAR GPR t\u00e4iendab traditsioonilisi torude ja kaablite lokaliseerimisseadmeid ning v\u00f5imaldab teil leida maapinna all asuvaid sihtm\u00e4rke, n\u00e4iteks:<\/p>\n<p>metallkommunaalteenused, sealhulgas torud ja kaablid<br \/>\nmittemetallilised torud, sealhulgas PVC ja asbesttsement.<br \/>\nbetoonist tormi- ja kanalisatsioonis\u00fcsteemid<br \/>\nKommunaalv\u00f5rgud, kus paigaldatud j\u00e4lgimiskaablid on eba\u00f5nnestunud.<br \/>\nmaa-alused mahutid ja drenaa\u017eiplaadid<br \/>\nseptilise s\u00fcsteemi osad<br \/>\nFiiberoptilised kaablid<br \/>\nMitte-elektrijaamade konstruktsioonid, nagu v\u00f5lvid, vundamendiseinad ja betoonist alused.<\/p>\n<h3>Tehniline teave:<\/h3>\n<ul>\n<li><a href=\"https:\/\/axiomams.eu\/importer\/export\/attachments\/en\/radiodetection-lmx150.pdf\" target=\"_blank\">Radiodetection LMX150.pdf<\/a><\/li>\n<\/ul>\n","protected":false},"excerpt":{"rendered":"<p>LMX150 FINDAR GPR Maapinnale tungiv radar (GPR) Meie andurid ja tarkvara LMX150 FINDAR on kompaktne, suure eraldusv\u00f5imega kommunaalteenuste asukoha m\u00e4\u00e4ramise s\u00fcsteem teie asukoha m\u00e4\u00e4ramise ja kaardistamise vajaduste jaoks. LMX150 FINDAR GPR t\u00e4iendab traditsioonilisi torude ja kaablite lokaliseerimisseadmeid ning v\u00f5imaldab teil leida maapinna all asuvaid sihtm\u00e4rke, n\u00e4iteks: metallkommunaalteenused, sealhulgas torud ja kaablid mittemetallilised torud, sealhulgas PVC&#8230;<\/p>\n","protected":false},"featured_media":42110,"comment_status":"open","ping_status":"closed","template":"","meta":{"_acf_changed":false},"product_brand":[730],"product_cat":[17806],"product_tag":[],"class_list":{"0":"post-40292","1":"product","2":"type-product","3":"status-publish","4":"has-post-thumbnail","6":"product_brand-radiodetection","7":"product_cat-georadarid-ja-maa-alused-sideotsijad","9":"first","10":"instock","11":"taxable","12":"shipping-taxable","13":"product-type-simple"},"acf":[],"yoast_head":"<!-- This site is optimized with the Yoast SEO plugin v27.0 - https:\/\/yoast.com\/product\/yoast-seo-wordpress\/ -->\n<title>Radiodetektor LMX150 FINDAR maapealne radar. - AXIOMA MS<\/title>\n<meta name=\"robots\" content=\"index, follow, max-snippet:-1, max-image-preview:large, max-video-preview:-1\" \/>\n<link rel=\"canonical\" href=\"https:\/\/www.axiomams.eu\/et\/produktas\/radiodetektor-lmx150-findar-maapealne-radar\" \/>\n<meta property=\"og:locale\" content=\"et_EE\" \/>\n<meta property=\"og:type\" content=\"article\" \/>\n<meta property=\"og:title\" content=\"Radiodetektor LMX150 FINDAR maapealne radar. - AXIOMA MS\" \/>\n<meta property=\"og:description\" content=\"LMX150 FINDAR GPR Maapinnale tungiv radar (GPR) Meie andurid ja tarkvara LMX150 FINDAR on kompaktne, suure eraldusv\u00f5imega kommunaalteenuste asukoha m\u00e4\u00e4ramise s\u00fcsteem teie asukoha m\u00e4\u00e4ramise ja kaardistamise vajaduste jaoks. LMX150 FINDAR GPR t\u00e4iendab traditsioonilisi torude ja kaablite lokaliseerimisseadmeid ning v\u00f5imaldab teil leida maapinna all asuvaid sihtm\u00e4rke, n\u00e4iteks: metallkommunaalteenused, sealhulgas torud ja kaablid mittemetallilised torud, sealhulgas PVC...\" \/>\n<meta property=\"og:url\" content=\"https:\/\/www.axiomams.eu\/et\/produktas\/radiodetektor-lmx150-findar-maapealne-radar\" \/>\n<meta property=\"og:site_name\" content=\"AXIOMA MS\" \/>\n<meta property=\"article:publisher\" content=\"https:\/\/www.facebook.com\/AxiomaMS\" \/>\n<meta property=\"article:modified_time\" content=\"2026-02-02T12:31:20+00:00\" \/>\n<meta property=\"og:image\" content=\"https:\/\/www.axiomams.eu\/wp-content\/uploads\/2025\/07\/3406-4740.jpg\" \/>\n\t<meta property=\"og:image:width\" content=\"1020\" \/>\n\t<meta property=\"og:image:height\" content=\"1020\" \/>\n\t<meta property=\"og:image:type\" content=\"image\/jpeg\" \/>\n<meta name=\"twitter:card\" content=\"summary_large_image\" \/>\n<meta name=\"twitter:label1\" content=\"Est. reading time\" \/>\n\t<meta name=\"twitter:data1\" content=\"1 minut\" \/>\n<script type=\"application\/ld+json\" class=\"yoast-schema-graph\">{\"@context\":\"https:\/\/schema.org\",\"@graph\":[{\"@type\":\"WebPage\",\"@id\":\"https:\/\/www.axiomams.eu\/et\/produktas\/radiodetektor-lmx150-findar-maapealne-radar\",\"url\":\"https:\/\/www.axiomams.eu\/et\/produktas\/radiodetektor-lmx150-findar-maapealne-radar\",\"name\":\"Radiodetektor LMX150 FINDAR maapealne radar. - AXIOMA MS\",\"isPartOf\":{\"@id\":\"https:\/\/www.axiomams.eu\/et#website\"},\"primaryImageOfPage\":{\"@id\":\"https:\/\/www.axiomams.eu\/et\/produktas\/radiodetektor-lmx150-findar-maapealne-radar#primaryimage\"},\"image\":{\"@id\":\"https:\/\/www.axiomams.eu\/et\/produktas\/radiodetektor-lmx150-findar-maapealne-radar#primaryimage\"},\"thumbnailUrl\":\"https:\/\/www.axiomams.eu\/wp-content\/uploads\/2025\/07\/3406-4740.jpg\",\"datePublished\":\"2025-05-15T16:02:05+00:00\",\"dateModified\":\"2026-02-02T12:31:20+00:00\",\"breadcrumb\":{\"@id\":\"https:\/\/www.axiomams.eu\/et\/produktas\/radiodetektor-lmx150-findar-maapealne-radar#breadcrumb\"},\"inLanguage\":\"et\",\"potentialAction\":[{\"@type\":\"ReadAction\",\"target\":[\"https:\/\/www.axiomams.eu\/et\/produktas\/radiodetektor-lmx150-findar-maapealne-radar\"]}]},{\"@type\":\"ImageObject\",\"inLanguage\":\"et\",\"@id\":\"https:\/\/www.axiomams.eu\/et\/produktas\/radiodetektor-lmx150-findar-maapealne-radar#primaryimage\",\"url\":\"https:\/\/www.axiomams.eu\/wp-content\/uploads\/2025\/07\/3406-4740.jpg\",\"contentUrl\":\"https:\/\/www.axiomams.eu\/wp-content\/uploads\/2025\/07\/3406-4740.jpg\",\"width\":1020,\"height\":1020},{\"@type\":\"BreadcrumbList\",\"@id\":\"https:\/\/www.axiomams.eu\/et\/produktas\/radiodetektor-lmx150-findar-maapealne-radar#breadcrumb\",\"itemListElement\":[{\"@type\":\"ListItem\",\"position\":1,\"name\":\"Home\",\"item\":\"https:\/\/www.axiomams.eu\/et\"},{\"@type\":\"ListItem\",\"position\":2,\"name\":\"Tooted\",\"item\":\"https:\/\/www.axiomams.eu\/et\/tooted\"},{\"@type\":\"ListItem\",\"position\":3,\"name\":\"Radiodetektor LMX150 FINDAR maapealne radar.\"}]},{\"@type\":\"WebSite\",\"@id\":\"https:\/\/www.axiomams.eu\/et#website\",\"url\":\"https:\/\/www.axiomams.eu\/et\",\"name\":\"AXIOMA MS\",\"description\":\"Terrmovizoriai ir matavimo \u012franga\",\"publisher\":{\"@id\":\"https:\/\/www.axiomams.eu\/et#organization\"},\"potentialAction\":[{\"@type\":\"SearchAction\",\"target\":{\"@type\":\"EntryPoint\",\"urlTemplate\":\"https:\/\/www.axiomams.eu\/et?s={search_term_string}\"},\"query-input\":{\"@type\":\"PropertyValueSpecification\",\"valueRequired\":true,\"valueName\":\"search_term_string\"}}],\"inLanguage\":\"et\"},{\"@type\":\"Organization\",\"@id\":\"https:\/\/www.axiomams.eu\/et#organization\",\"name\":\"AXIOMA MS\",\"url\":\"https:\/\/www.axiomams.eu\/et\",\"logo\":{\"@type\":\"ImageObject\",\"inLanguage\":\"et\",\"@id\":\"https:\/\/www.axiomams.eu\/et#\/schema\/logo\/image\/\",\"url\":\"https:\/\/www.axiomams.eu\/wp-content\/uploads\/2025\/06\/axioma-logo-2.png\",\"contentUrl\":\"https:\/\/www.axiomams.eu\/wp-content\/uploads\/2025\/06\/axioma-logo-2.png\",\"width\":1200,\"height\":1200,\"caption\":\"AXIOMA MS\"},\"image\":{\"@id\":\"https:\/\/www.axiomams.eu\/et#\/schema\/logo\/image\/\"},\"sameAs\":[\"https:\/\/www.facebook.com\/AxiomaMS\",\"https:\/\/www.linkedin.com\/company\/axiomams\/\"]}]}<\/script>\n<!-- \/ Yoast SEO plugin. -->","yoast_head_json":{"title":"Radiodetektor LMX150 FINDAR maapealne radar. - AXIOMA MS","robots":{"index":"index","follow":"follow","max-snippet":"max-snippet:-1","max-image-preview":"max-image-preview:large","max-video-preview":"max-video-preview:-1"},"canonical":"https:\/\/www.axiomams.eu\/et\/produktas\/radiodetektor-lmx150-findar-maapealne-radar","og_locale":"et_EE","og_type":"article","og_title":"Radiodetektor LMX150 FINDAR maapealne radar. - AXIOMA MS","og_description":"LMX150 FINDAR GPR Maapinnale tungiv radar (GPR) Meie andurid ja tarkvara LMX150 FINDAR on kompaktne, suure eraldusv\u00f5imega kommunaalteenuste asukoha m\u00e4\u00e4ramise s\u00fcsteem teie asukoha m\u00e4\u00e4ramise ja kaardistamise vajaduste jaoks. LMX150 FINDAR GPR t\u00e4iendab traditsioonilisi torude ja kaablite lokaliseerimisseadmeid ning v\u00f5imaldab teil leida maapinna all asuvaid sihtm\u00e4rke, n\u00e4iteks: metallkommunaalteenused, sealhulgas torud ja kaablid mittemetallilised torud, sealhulgas PVC...","og_url":"https:\/\/www.axiomams.eu\/et\/produktas\/radiodetektor-lmx150-findar-maapealne-radar","og_site_name":"AXIOMA MS","article_publisher":"https:\/\/www.facebook.com\/AxiomaMS","article_modified_time":"2026-02-02T12:31:20+00:00","og_image":[{"width":1020,"height":1020,"url":"https:\/\/www.axiomams.eu\/wp-content\/uploads\/2025\/07\/3406-4740.jpg","type":"image\/jpeg"}],"twitter_card":"summary_large_image","twitter_misc":{"Est. reading time":"1 minut"},"schema":{"@context":"https:\/\/schema.org","@graph":[{"@type":"WebPage","@id":"https:\/\/www.axiomams.eu\/et\/produktas\/radiodetektor-lmx150-findar-maapealne-radar","url":"https:\/\/www.axiomams.eu\/et\/produktas\/radiodetektor-lmx150-findar-maapealne-radar","name":"Radiodetektor LMX150 FINDAR maapealne radar. - AXIOMA MS","isPartOf":{"@id":"https:\/\/www.axiomams.eu\/et#website"},"primaryImageOfPage":{"@id":"https:\/\/www.axiomams.eu\/et\/produktas\/radiodetektor-lmx150-findar-maapealne-radar#primaryimage"},"image":{"@id":"https:\/\/www.axiomams.eu\/et\/produktas\/radiodetektor-lmx150-findar-maapealne-radar#primaryimage"},"thumbnailUrl":"https:\/\/www.axiomams.eu\/wp-content\/uploads\/2025\/07\/3406-4740.jpg","datePublished":"2025-05-15T16:02:05+00:00","dateModified":"2026-02-02T12:31:20+00:00","breadcrumb":{"@id":"https:\/\/www.axiomams.eu\/et\/produktas\/radiodetektor-lmx150-findar-maapealne-radar#breadcrumb"},"inLanguage":"et","potentialAction":[{"@type":"ReadAction","target":["https:\/\/www.axiomams.eu\/et\/produktas\/radiodetektor-lmx150-findar-maapealne-radar"]}]},{"@type":"ImageObject","inLanguage":"et","@id":"https:\/\/www.axiomams.eu\/et\/produktas\/radiodetektor-lmx150-findar-maapealne-radar#primaryimage","url":"https:\/\/www.axiomams.eu\/wp-content\/uploads\/2025\/07\/3406-4740.jpg","contentUrl":"https:\/\/www.axiomams.eu\/wp-content\/uploads\/2025\/07\/3406-4740.jpg","width":1020,"height":1020},{"@type":"BreadcrumbList","@id":"https:\/\/www.axiomams.eu\/et\/produktas\/radiodetektor-lmx150-findar-maapealne-radar#breadcrumb","itemListElement":[{"@type":"ListItem","position":1,"name":"Home","item":"https:\/\/www.axiomams.eu\/et"},{"@type":"ListItem","position":2,"name":"Tooted","item":"https:\/\/www.axiomams.eu\/et\/tooted"},{"@type":"ListItem","position":3,"name":"Radiodetektor LMX150 FINDAR maapealne radar."}]},{"@type":"WebSite","@id":"https:\/\/www.axiomams.eu\/et#website","url":"https:\/\/www.axiomams.eu\/et","name":"AXIOMA MS","description":"Terrmovizoriai ir matavimo \u012franga","publisher":{"@id":"https:\/\/www.axiomams.eu\/et#organization"},"potentialAction":[{"@type":"SearchAction","target":{"@type":"EntryPoint","urlTemplate":"https:\/\/www.axiomams.eu\/et?s={search_term_string}"},"query-input":{"@type":"PropertyValueSpecification","valueRequired":true,"valueName":"search_term_string"}}],"inLanguage":"et"},{"@type":"Organization","@id":"https:\/\/www.axiomams.eu\/et#organization","name":"AXIOMA MS","url":"https:\/\/www.axiomams.eu\/et","logo":{"@type":"ImageObject","inLanguage":"et","@id":"https:\/\/www.axiomams.eu\/et#\/schema\/logo\/image\/","url":"https:\/\/www.axiomams.eu\/wp-content\/uploads\/2025\/06\/axioma-logo-2.png","contentUrl":"https:\/\/www.axiomams.eu\/wp-content\/uploads\/2025\/06\/axioma-logo-2.png","width":1200,"height":1200,"caption":"AXIOMA MS"},"image":{"@id":"https:\/\/www.axiomams.eu\/et#\/schema\/logo\/image\/"},"sameAs":["https:\/\/www.facebook.com\/AxiomaMS","https:\/\/www.linkedin.com\/company\/axiomams\/"]}]}},"_links":{"self":[{"href":"https:\/\/www.axiomams.eu\/et\/wp-json\/wp\/v2\/product\/40292","targetHints":{"allow":["GET"]}}],"collection":[{"href":"https:\/\/www.axiomams.eu\/et\/wp-json\/wp\/v2\/product"}],"about":[{"href":"https:\/\/www.axiomams.eu\/et\/wp-json\/wp\/v2\/types\/product"}],"replies":[{"embeddable":true,"href":"https:\/\/www.axiomams.eu\/et\/wp-json\/wp\/v2\/comments?post=40292"}],"wp:featuredmedia":[{"embeddable":true,"href":"https:\/\/www.axiomams.eu\/et\/wp-json\/wp\/v2\/media\/42110"}],"wp:attachment":[{"href":"https:\/\/www.axiomams.eu\/et\/wp-json\/wp\/v2\/media?parent=40292"}],"wp:term":[{"taxonomy":"product_brand","embeddable":true,"href":"https:\/\/www.axiomams.eu\/et\/wp-json\/wp\/v2\/product_brand?post=40292"},{"taxonomy":"product_cat","embeddable":true,"href":"https:\/\/www.axiomams.eu\/et\/wp-json\/wp\/v2\/product_cat?post=40292"},{"taxonomy":"product_tag","embeddable":true,"href":"https:\/\/www.axiomams.eu\/et\/wp-json\/wp\/v2\/product_tag?post=40292"}],"curies":[{"name":"wp","href":"https:\/\/api.w.org\/{rel}","templated":true}]}}