{"id":40293,"date":"2025-05-15T18:02:10","date_gmt":"2025-05-15T16:02:10","guid":{"rendered":"https:\/\/www.axiomams.eu\/produktas\/radiodetection-lmx200-maapinnalabiradar"},"modified":"2026-02-02T14:31:20","modified_gmt":"2026-02-02T12:31:20","slug":"radiodetection-lmx200-maapinnalabiradar","status":"publish","type":"product","link":"https:\/\/www.axiomams.eu\/et\/produktas\/radiodetection-lmx200-maapinnalabiradar","title":{"rendered":"Radiodetection LMX200 maapinnal\u00e4biradar"},"content":{"rendered":"<p>Lihtne ja taskukohane viis kommunaalteenuste asukoha m\u00e4\u00e4ramiseks ja m\u00e4rgistamiseks p\u00f5llul. LMX maapealse radari (GPR) s\u00fcsteemid on kavandatud ja optimeeritud kommunaalv\u00f5rkude asukoha m\u00e4\u00e4ramiseks, mist\u00f5ttu on LMX loomulik t\u00e4iendus teie asukoha m\u00e4\u00e4ramise t\u00f6\u00f6voogudele.<\/p>\n<p>LMX GPR-s\u00fcsteemid t\u00e4iendavad traditsioonilisi toru- ja kaabliotsijaid ning v\u00f5imaldavad teil lokaliseerida ja t\u00e4histada:<br \/>\n&#8211; metallkommunaalteenused, sealhulgas torud ja kaablid<br \/>\n&#8211; mittemetallilised torud, sealhulgas PVC ja asbesttsement.<br \/>\n&#8211; Betoonist tormi- ja kanalisatsioonis\u00fcsteemid<br \/>\n&#8211; Kommunaalv\u00f5rgud, kus paigaldatud j\u00e4lgimiskaablid on eba\u00f5nnestunud.<br \/>\n&#8211; maa-alused mahutid ja drenaa\u017eiplaadid<br \/>\n&#8211; septilise s\u00fcsteemi osad<br \/>\n&#8211; Mitte-elektrijaamade konstruktsioonid, nagu v\u00f5lvid, vundamendiseinad ja betoonist alused<\/p>\n<p>&#8211; 8-tolline puutetundlik LCD ekraan taustavalgustusega<br \/>\n&#8211; Integreeritud GPS-vastuv\u00f5tja georeferentide andmiseks ja v\u00f5imalus \u00fchendada v\u00e4line GPS-antenn.<br \/>\n&#8211; Ultra-lairiba (UWB) 250 MHz GPR antenn<br \/>\n&#8211; V\u00e4ljasisesed s\u00fcgavusl\u00f5igud<br \/>\n&#8211; DynaT on funktsioon, millega saab valikuliselt suurendada v\u00e4ikese, keskmise v\u00f5i suure suurusega sihtm\u00e4rke, et neid oleks lihtsam vaadata ja tuvastada<br \/>\n&#8211; Lipufunktsioon<br \/>\n&#8211; Kogu uuringu visualiseerimine MapView&#8217;is<br \/>\n&#8211; GPR tulemuste visualiseerimine, m\u00f5istmine ja aruandlus EKKO_Project arvutitarkvaraga<br \/>\n&#8211; Maapinnaradari s\u00fcgavus: kuni 8 meetrit<br \/>\n&#8211; M\u00e4lu: sisemine v\u00f5i v\u00e4line USB kaudu<br \/>\n&#8211; Andmete salvestamine projektidena: 9 projekti, millest iga\u00fchega: 10 ruudustikku, 99 joont, 999 ekraanipilti: 10 ruudustikku, 99 joont, 999 ekraanipilti<br \/>\n&#8211; Failiformaadid: JPEG, GPZ<br \/>\n&#8211; Integreeritud odomeeter<br \/>\n&#8211; Sisseehitatud k\u00f5lar: 85 dBA k\u00f5lar ja helitugevuse reguleerimine<br \/>\n&#8211; Juhtmevaba \u00fchendus: Integreeritud moodulid: Wi-Fi (IEEE 802.11 b,g,n), GPS\/GLONASS.<br \/>\n&#8211; Aku mahutavus: 9,0 Ah<br \/>\n&#8211; Aku kestvus: 4-6 tundi<br \/>\n&#8211; Sisseehitatud laadija koos olekuindikaatoriga, Sisend: 100-240 V, 1,5 A, v\u00e4ljund: 100-240 V, 1,5 A, v\u00e4ljund: 100-240 V, 1,5 A, v\u00e4ljund: 100-240 V, 1,5 A: 12 volti @ 3 amprit<br \/>\n&#8211; Kaitseklass (IP): IP65 vastavalt standardile IEC 60529<br \/>\n&#8211; T\u00f6\u00f6temperatuuri vahemik: GPR andur: -40 kuni 50\u00b0C, n\u00e4idik: -20\u00b0C kuni 50\u00b0C<br \/>\n&#8211; GPR-anduri suurus: 630 x 410 x 230 mm<br \/>\n&#8211; Kaal: GPR-andur: 5 kg, n\u00e4idik: 2,83 kg, aku: 3,6 kg.<\/p>\n<p>Standardkomplekt: kuvamis\u00fcksus, antenn, kaablikomplekt, klaaskiust k\u00e4ru, aku, laadija, kasutusjuhend.<\/p>\n<h3>Tehniline teave:<\/h3>\n<ul>\n<li><a href=\"https:\/\/axiomams.eu\/importer\/export\/attachments\/en\/radiodetection-lmx200.pdf\" target=\"_blank\">Radiodetection LMX200.pdf<\/a><\/li>\n<\/ul>\n","protected":false},"excerpt":{"rendered":"<p>Lihtne ja taskukohane viis kommunaalteenuste asukoha m\u00e4\u00e4ramiseks ja m\u00e4rgistamiseks p\u00f5llul. LMX maapealse radari (GPR) s\u00fcsteemid on kavandatud ja optimeeritud kommunaalv\u00f5rkude asukoha m\u00e4\u00e4ramiseks, mist\u00f5ttu on LMX loomulik t\u00e4iendus teie asukoha m\u00e4\u00e4ramise t\u00f6\u00f6voogudele. LMX GPR-s\u00fcsteemid t\u00e4iendavad traditsioonilisi toru- ja kaabliotsijaid ning v\u00f5imaldavad teil lokaliseerida ja t\u00e4histada: &#8211; metallkommunaalteenused, sealhulgas torud ja kaablid &#8211; mittemetallilised torud, sealhulgas PVC&#8230;<\/p>\n","protected":false},"featured_media":42112,"comment_status":"open","ping_status":"closed","template":"","meta":{"_acf_changed":false},"product_brand":[730],"product_cat":[17806],"product_tag":[],"class_list":{"0":"post-40293","1":"product","2":"type-product","3":"status-publish","4":"has-post-thumbnail","6":"product_brand-radiodetection","7":"product_cat-georadarid-ja-maa-alused-sideotsijad","9":"first","10":"instock","11":"taxable","12":"shipping-taxable","13":"product-type-simple"},"acf":[],"yoast_head":"<!-- This site is optimized with the Yoast SEO plugin v27.0 - https:\/\/yoast.com\/product\/yoast-seo-wordpress\/ -->\n<title>Radiodetection LMX200 maapinnal\u00e4biradar - AXIOMA MS<\/title>\n<meta name=\"robots\" content=\"index, follow, max-snippet:-1, max-image-preview:large, max-video-preview:-1\" \/>\n<link rel=\"canonical\" href=\"https:\/\/www.axiomams.eu\/et\/produktas\/radiodetection-lmx200-maapinnalabiradar\" \/>\n<meta property=\"og:locale\" content=\"et_EE\" \/>\n<meta property=\"og:type\" content=\"article\" \/>\n<meta property=\"og:title\" content=\"Radiodetection LMX200 maapinnal\u00e4biradar - AXIOMA MS\" \/>\n<meta property=\"og:description\" content=\"Lihtne ja taskukohane viis kommunaalteenuste asukoha m\u00e4\u00e4ramiseks ja m\u00e4rgistamiseks p\u00f5llul. LMX maapealse radari (GPR) s\u00fcsteemid on kavandatud ja optimeeritud kommunaalv\u00f5rkude asukoha m\u00e4\u00e4ramiseks, mist\u00f5ttu on LMX loomulik t\u00e4iendus teie asukoha m\u00e4\u00e4ramise t\u00f6\u00f6voogudele. LMX GPR-s\u00fcsteemid t\u00e4iendavad traditsioonilisi toru- ja kaabliotsijaid ning v\u00f5imaldavad teil lokaliseerida ja t\u00e4histada: &#8211; metallkommunaalteenused, sealhulgas torud ja kaablid &#8211; mittemetallilised torud, sealhulgas PVC...\" \/>\n<meta property=\"og:url\" content=\"https:\/\/www.axiomams.eu\/et\/produktas\/radiodetection-lmx200-maapinnalabiradar\" \/>\n<meta property=\"og:site_name\" content=\"AXIOMA MS\" \/>\n<meta property=\"article:publisher\" content=\"https:\/\/www.facebook.com\/AxiomaMS\" \/>\n<meta property=\"article:modified_time\" content=\"2026-02-02T12:31:20+00:00\" \/>\n<meta property=\"og:image\" content=\"https:\/\/www.axiomams.eu\/wp-content\/uploads\/2025\/07\/3401-4554.jpg\" \/>\n\t<meta property=\"og:image:width\" content=\"849\" \/>\n\t<meta property=\"og:image:height\" content=\"1020\" \/>\n\t<meta property=\"og:image:type\" content=\"image\/jpeg\" \/>\n<meta name=\"twitter:card\" content=\"summary_large_image\" \/>\n<meta name=\"twitter:label1\" content=\"Est. reading time\" \/>\n\t<meta name=\"twitter:data1\" content=\"2 minut\" \/>\n<script type=\"application\/ld+json\" class=\"yoast-schema-graph\">{\"@context\":\"https:\/\/schema.org\",\"@graph\":[{\"@type\":\"WebPage\",\"@id\":\"https:\/\/www.axiomams.eu\/et\/produktas\/radiodetection-lmx200-maapinnalabiradar\",\"url\":\"https:\/\/www.axiomams.eu\/et\/produktas\/radiodetection-lmx200-maapinnalabiradar\",\"name\":\"Radiodetection LMX200 maapinnal\u00e4biradar - AXIOMA MS\",\"isPartOf\":{\"@id\":\"https:\/\/www.axiomams.eu\/et#website\"},\"primaryImageOfPage\":{\"@id\":\"https:\/\/www.axiomams.eu\/et\/produktas\/radiodetection-lmx200-maapinnalabiradar#primaryimage\"},\"image\":{\"@id\":\"https:\/\/www.axiomams.eu\/et\/produktas\/radiodetection-lmx200-maapinnalabiradar#primaryimage\"},\"thumbnailUrl\":\"https:\/\/www.axiomams.eu\/wp-content\/uploads\/2025\/07\/3401-4554.jpg\",\"datePublished\":\"2025-05-15T16:02:10+00:00\",\"dateModified\":\"2026-02-02T12:31:20+00:00\",\"breadcrumb\":{\"@id\":\"https:\/\/www.axiomams.eu\/et\/produktas\/radiodetection-lmx200-maapinnalabiradar#breadcrumb\"},\"inLanguage\":\"et\",\"potentialAction\":[{\"@type\":\"ReadAction\",\"target\":[\"https:\/\/www.axiomams.eu\/et\/produktas\/radiodetection-lmx200-maapinnalabiradar\"]}]},{\"@type\":\"ImageObject\",\"inLanguage\":\"et\",\"@id\":\"https:\/\/www.axiomams.eu\/et\/produktas\/radiodetection-lmx200-maapinnalabiradar#primaryimage\",\"url\":\"https:\/\/www.axiomams.eu\/wp-content\/uploads\/2025\/07\/3401-4554.jpg\",\"contentUrl\":\"https:\/\/www.axiomams.eu\/wp-content\/uploads\/2025\/07\/3401-4554.jpg\",\"width\":849,\"height\":1020},{\"@type\":\"BreadcrumbList\",\"@id\":\"https:\/\/www.axiomams.eu\/et\/produktas\/radiodetection-lmx200-maapinnalabiradar#breadcrumb\",\"itemListElement\":[{\"@type\":\"ListItem\",\"position\":1,\"name\":\"Home\",\"item\":\"https:\/\/www.axiomams.eu\/et\"},{\"@type\":\"ListItem\",\"position\":2,\"name\":\"Tooted\",\"item\":\"https:\/\/www.axiomams.eu\/et\/tooted\"},{\"@type\":\"ListItem\",\"position\":3,\"name\":\"Radiodetection LMX200 maapinnal\u00e4biradar\"}]},{\"@type\":\"WebSite\",\"@id\":\"https:\/\/www.axiomams.eu\/et#website\",\"url\":\"https:\/\/www.axiomams.eu\/et\",\"name\":\"AXIOMA MS\",\"description\":\"Terrmovizoriai ir matavimo \u012franga\",\"publisher\":{\"@id\":\"https:\/\/www.axiomams.eu\/et#organization\"},\"potentialAction\":[{\"@type\":\"SearchAction\",\"target\":{\"@type\":\"EntryPoint\",\"urlTemplate\":\"https:\/\/www.axiomams.eu\/et?s={search_term_string}\"},\"query-input\":{\"@type\":\"PropertyValueSpecification\",\"valueRequired\":true,\"valueName\":\"search_term_string\"}}],\"inLanguage\":\"et\"},{\"@type\":\"Organization\",\"@id\":\"https:\/\/www.axiomams.eu\/et#organization\",\"name\":\"AXIOMA MS\",\"url\":\"https:\/\/www.axiomams.eu\/et\",\"logo\":{\"@type\":\"ImageObject\",\"inLanguage\":\"et\",\"@id\":\"https:\/\/www.axiomams.eu\/et#\/schema\/logo\/image\/\",\"url\":\"https:\/\/www.axiomams.eu\/wp-content\/uploads\/2025\/06\/axioma-logo-2.png\",\"contentUrl\":\"https:\/\/www.axiomams.eu\/wp-content\/uploads\/2025\/06\/axioma-logo-2.png\",\"width\":1200,\"height\":1200,\"caption\":\"AXIOMA MS\"},\"image\":{\"@id\":\"https:\/\/www.axiomams.eu\/et#\/schema\/logo\/image\/\"},\"sameAs\":[\"https:\/\/www.facebook.com\/AxiomaMS\",\"https:\/\/www.linkedin.com\/company\/axiomams\/\"]}]}<\/script>\n<!-- \/ Yoast SEO plugin. -->","yoast_head_json":{"title":"Radiodetection LMX200 maapinnal\u00e4biradar - AXIOMA MS","robots":{"index":"index","follow":"follow","max-snippet":"max-snippet:-1","max-image-preview":"max-image-preview:large","max-video-preview":"max-video-preview:-1"},"canonical":"https:\/\/www.axiomams.eu\/et\/produktas\/radiodetection-lmx200-maapinnalabiradar","og_locale":"et_EE","og_type":"article","og_title":"Radiodetection LMX200 maapinnal\u00e4biradar - AXIOMA MS","og_description":"Lihtne ja taskukohane viis kommunaalteenuste asukoha m\u00e4\u00e4ramiseks ja m\u00e4rgistamiseks p\u00f5llul. LMX maapealse radari (GPR) s\u00fcsteemid on kavandatud ja optimeeritud kommunaalv\u00f5rkude asukoha m\u00e4\u00e4ramiseks, mist\u00f5ttu on LMX loomulik t\u00e4iendus teie asukoha m\u00e4\u00e4ramise t\u00f6\u00f6voogudele. LMX GPR-s\u00fcsteemid t\u00e4iendavad traditsioonilisi toru- ja kaabliotsijaid ning v\u00f5imaldavad teil lokaliseerida ja t\u00e4histada: &#8211; metallkommunaalteenused, sealhulgas torud ja kaablid &#8211; mittemetallilised torud, sealhulgas PVC...","og_url":"https:\/\/www.axiomams.eu\/et\/produktas\/radiodetection-lmx200-maapinnalabiradar","og_site_name":"AXIOMA MS","article_publisher":"https:\/\/www.facebook.com\/AxiomaMS","article_modified_time":"2026-02-02T12:31:20+00:00","og_image":[{"width":849,"height":1020,"url":"https:\/\/www.axiomams.eu\/wp-content\/uploads\/2025\/07\/3401-4554.jpg","type":"image\/jpeg"}],"twitter_card":"summary_large_image","twitter_misc":{"Est. reading time":"2 minut"},"schema":{"@context":"https:\/\/schema.org","@graph":[{"@type":"WebPage","@id":"https:\/\/www.axiomams.eu\/et\/produktas\/radiodetection-lmx200-maapinnalabiradar","url":"https:\/\/www.axiomams.eu\/et\/produktas\/radiodetection-lmx200-maapinnalabiradar","name":"Radiodetection LMX200 maapinnal\u00e4biradar - AXIOMA MS","isPartOf":{"@id":"https:\/\/www.axiomams.eu\/et#website"},"primaryImageOfPage":{"@id":"https:\/\/www.axiomams.eu\/et\/produktas\/radiodetection-lmx200-maapinnalabiradar#primaryimage"},"image":{"@id":"https:\/\/www.axiomams.eu\/et\/produktas\/radiodetection-lmx200-maapinnalabiradar#primaryimage"},"thumbnailUrl":"https:\/\/www.axiomams.eu\/wp-content\/uploads\/2025\/07\/3401-4554.jpg","datePublished":"2025-05-15T16:02:10+00:00","dateModified":"2026-02-02T12:31:20+00:00","breadcrumb":{"@id":"https:\/\/www.axiomams.eu\/et\/produktas\/radiodetection-lmx200-maapinnalabiradar#breadcrumb"},"inLanguage":"et","potentialAction":[{"@type":"ReadAction","target":["https:\/\/www.axiomams.eu\/et\/produktas\/radiodetection-lmx200-maapinnalabiradar"]}]},{"@type":"ImageObject","inLanguage":"et","@id":"https:\/\/www.axiomams.eu\/et\/produktas\/radiodetection-lmx200-maapinnalabiradar#primaryimage","url":"https:\/\/www.axiomams.eu\/wp-content\/uploads\/2025\/07\/3401-4554.jpg","contentUrl":"https:\/\/www.axiomams.eu\/wp-content\/uploads\/2025\/07\/3401-4554.jpg","width":849,"height":1020},{"@type":"BreadcrumbList","@id":"https:\/\/www.axiomams.eu\/et\/produktas\/radiodetection-lmx200-maapinnalabiradar#breadcrumb","itemListElement":[{"@type":"ListItem","position":1,"name":"Home","item":"https:\/\/www.axiomams.eu\/et"},{"@type":"ListItem","position":2,"name":"Tooted","item":"https:\/\/www.axiomams.eu\/et\/tooted"},{"@type":"ListItem","position":3,"name":"Radiodetection LMX200 maapinnal\u00e4biradar"}]},{"@type":"WebSite","@id":"https:\/\/www.axiomams.eu\/et#website","url":"https:\/\/www.axiomams.eu\/et","name":"AXIOMA MS","description":"Terrmovizoriai ir matavimo \u012franga","publisher":{"@id":"https:\/\/www.axiomams.eu\/et#organization"},"potentialAction":[{"@type":"SearchAction","target":{"@type":"EntryPoint","urlTemplate":"https:\/\/www.axiomams.eu\/et?s={search_term_string}"},"query-input":{"@type":"PropertyValueSpecification","valueRequired":true,"valueName":"search_term_string"}}],"inLanguage":"et"},{"@type":"Organization","@id":"https:\/\/www.axiomams.eu\/et#organization","name":"AXIOMA MS","url":"https:\/\/www.axiomams.eu\/et","logo":{"@type":"ImageObject","inLanguage":"et","@id":"https:\/\/www.axiomams.eu\/et#\/schema\/logo\/image\/","url":"https:\/\/www.axiomams.eu\/wp-content\/uploads\/2025\/06\/axioma-logo-2.png","contentUrl":"https:\/\/www.axiomams.eu\/wp-content\/uploads\/2025\/06\/axioma-logo-2.png","width":1200,"height":1200,"caption":"AXIOMA MS"},"image":{"@id":"https:\/\/www.axiomams.eu\/et#\/schema\/logo\/image\/"},"sameAs":["https:\/\/www.facebook.com\/AxiomaMS","https:\/\/www.linkedin.com\/company\/axiomams\/"]}]}},"_links":{"self":[{"href":"https:\/\/www.axiomams.eu\/et\/wp-json\/wp\/v2\/product\/40293","targetHints":{"allow":["GET"]}}],"collection":[{"href":"https:\/\/www.axiomams.eu\/et\/wp-json\/wp\/v2\/product"}],"about":[{"href":"https:\/\/www.axiomams.eu\/et\/wp-json\/wp\/v2\/types\/product"}],"replies":[{"embeddable":true,"href":"https:\/\/www.axiomams.eu\/et\/wp-json\/wp\/v2\/comments?post=40293"}],"wp:featuredmedia":[{"embeddable":true,"href":"https:\/\/www.axiomams.eu\/et\/wp-json\/wp\/v2\/media\/42112"}],"wp:attachment":[{"href":"https:\/\/www.axiomams.eu\/et\/wp-json\/wp\/v2\/media?parent=40293"}],"wp:term":[{"taxonomy":"product_brand","embeddable":true,"href":"https:\/\/www.axiomams.eu\/et\/wp-json\/wp\/v2\/product_brand?post=40293"},{"taxonomy":"product_cat","embeddable":true,"href":"https:\/\/www.axiomams.eu\/et\/wp-json\/wp\/v2\/product_cat?post=40293"},{"taxonomy":"product_tag","embeddable":true,"href":"https:\/\/www.axiomams.eu\/et\/wp-json\/wp\/v2\/product_tag?post=40293"}],"curies":[{"name":"wp","href":"https:\/\/api.w.org\/{rel}","templated":true}]}}