{"id":40297,"date":"2025-10-01T13:08:16","date_gmt":"2025-10-01T11:08:16","guid":{"rendered":"https:\/\/www.axiomams.eu\/produktas\/hioki-lr8102-andmelogger"},"modified":"2026-02-02T14:31:23","modified_gmt":"2026-02-02T12:31:23","slug":"hioki-lr8102-andmelogger","status":"publish","type":"product","link":"https:\/\/www.axiomams.eu\/et\/produktas\/hioki-lr8102-andmelogger","title":{"rendered":"HIOKI LR8102 andmelogger"},"content":{"rendered":"<p><b>Hioki LR8102 andmelogijad<\/b><br \/>\nHioki LR8102 andmelogijad pakuvad tugevaid lahendusi t\u00e4iustatud akus\u00fcsteemide testimiseks ja anal\u00fc\u00fcsimiseks. Need seadmed on kavandatud k\u00f5rgepinge keskkondade n\u00f5udmistega toimetulekuks ja muudavad keerulised m\u00f5\u00f5tmis\u00fclesanded t\u00f5husaks ja sujuvaks protsessiks.<\/p>\n<p><b>K\u00f5rgepingeelektrooniliste akude t\u00e4iustatud m\u00f5\u00f5tmislahendused<\/b><br \/>\nElektris\u00f5idukite tehnoloogia arenedes j\u00f5uavad akus\u00fcsteemid k\u00f5rgemale pingetasemele, mis tekitab uusi v\u00e4ljakutseid testimisel ja andmete kogumisel. T\u00e4pne raku pingete ja temperatuuride j\u00e4lgimine laadimis- ja t\u00fchjendusts\u00fcklite ajal on oluline nii j\u00f5udluse optimeerimiseks kui ka ohutuse tagamiseks. K\u00f5rge pingega akupakettidega t\u00f6\u00f6tades on ohutu ja usaldusv\u00e4\u00e4rse t\u00f6\u00f6 tagamiseks v\u00e4ga oluline hinnata klemmide ja maa vahelist pinget ning moodulite vahelist pinget.<\/p>\n<p><b>V\u00e4limad eelised<\/b><br \/>\n&#8211; Turvalise t\u00f6\u00f6 tagamine k\u00f5rgepinges\u00fcsteemide m\u00f5\u00f5tmisel<br \/>\n&#8211; Toetab suurt arvu m\u00f5\u00f5tekanaleid terviklikuks testimiseks<br \/>\n&#8211; V\u00f5imaldab sujuvat integreerimist peruss\u00fcsteemidega \u00fchtseks andmehalduseks<\/p>\n<p><b>Flexible s\u00fcsteemi konfiguratsioon<\/b><br \/>\n&#8211; Lisage m\u00f5\u00f5temooduleid vastavalt vajadusele, et luua kohandatud s\u00fcsteem<br \/>\n&#8211; Laiendage kanalite v\u00f5imsust, s\u00fcnkroonides prooviv\u00f5tu mitme logeri vahel.<br \/>\n&#8211; Kiirete andmete salvestamine ja edastamine reaalajas \u00fcksikasjalikuks anal\u00fc\u00fcsiks.<\/p>\n<p>Hioki LR8102 annab inseneridele ja teadlastele v\u00f5imaluse m\u00f5\u00f5ta ohutult ja t\u00f5husalt pinge- ja temperatuuriandmeid, tagades t\u00e4psuse, skaleeritavuse ja usaldusv\u00e4\u00e4rsuse elektriautode akude katsetamisel. Kombineerides paindliku modulaarse disaini ja t\u00e4iustatud andmete \u00fchendatavuse, aitavad need seadmed optimeerida testimise t\u00f6\u00f6voogu, s\u00e4ilitades samal ajal ranged ohutusstandardid.<\/p>\n<p>Standardkomplekt: Hioki LR8102 andmeloger, ettevaatusabin\u00f5ud, k\u00e4ivitamisjuhend, DVD tarkvara ja dokumentatsiooniga.<\/p>\n<h3>Tehniline teave:<\/h3>\n<ul>\n<li><a href=\"https:\/\/axiomams.eu\/importer\/export\/attachments\/en\/hioki-lr8102.pdf\" target=\"_blank\">Hioki LR8102.pdf<\/a><\/li>\n<\/ul>\n","protected":false},"excerpt":{"rendered":"<p>Hioki LR8102 andmelogijad Hioki LR8102 andmelogijad pakuvad tugevaid lahendusi t\u00e4iustatud akus\u00fcsteemide testimiseks ja anal\u00fc\u00fcsimiseks. Need seadmed on kavandatud k\u00f5rgepinge keskkondade n\u00f5udmistega toimetulekuks ja muudavad keerulised m\u00f5\u00f5tmis\u00fclesanded t\u00f5husaks ja sujuvaks protsessiks. K\u00f5rgepingeelektrooniliste akude t\u00e4iustatud m\u00f5\u00f5tmislahendused Elektris\u00f5idukite tehnoloogia arenedes j\u00f5uavad akus\u00fcsteemid k\u00f5rgemale pingetasemele, mis tekitab uusi v\u00e4ljakutseid testimisel ja andmete kogumisel. T\u00e4pne raku pingete ja temperatuuride j\u00e4lgimine&#8230;<\/p>\n","protected":false},"featured_media":42118,"comment_status":"open","ping_status":"closed","template":"","meta":{"_acf_changed":false},"product_brand":[1112],"product_cat":[17791],"product_tag":[],"class_list":{"0":"post-40297","1":"product","2":"type-product","3":"status-publish","4":"has-post-thumbnail","6":"product_brand-hioki","7":"product_cat-andmelogijad","9":"first","10":"instock","11":"taxable","12":"shipping-taxable","13":"product-type-simple"},"acf":[],"yoast_head":"<!-- This site is optimized with the Yoast SEO plugin v27.0 - https:\/\/yoast.com\/product\/yoast-seo-wordpress\/ -->\n<title>HIOKI LR8102 andmelogger - AXIOMA MS<\/title>\n<meta name=\"robots\" content=\"index, follow, max-snippet:-1, max-image-preview:large, max-video-preview:-1\" \/>\n<link rel=\"canonical\" href=\"https:\/\/www.axiomams.eu\/et\/produktas\/hioki-lr8102-andmelogger\" \/>\n<meta property=\"og:locale\" content=\"et_EE\" \/>\n<meta property=\"og:type\" content=\"article\" \/>\n<meta property=\"og:title\" content=\"HIOKI LR8102 andmelogger - AXIOMA MS\" \/>\n<meta property=\"og:description\" content=\"Hioki LR8102 andmelogijad Hioki LR8102 andmelogijad pakuvad tugevaid lahendusi t\u00e4iustatud akus\u00fcsteemide testimiseks ja anal\u00fc\u00fcsimiseks. Need seadmed on kavandatud k\u00f5rgepinge keskkondade n\u00f5udmistega toimetulekuks ja muudavad keerulised m\u00f5\u00f5tmis\u00fclesanded t\u00f5husaks ja sujuvaks protsessiks. K\u00f5rgepingeelektrooniliste akude t\u00e4iustatud m\u00f5\u00f5tmislahendused Elektris\u00f5idukite tehnoloogia arenedes j\u00f5uavad akus\u00fcsteemid k\u00f5rgemale pingetasemele, mis tekitab uusi v\u00e4ljakutseid testimisel ja andmete kogumisel. T\u00e4pne raku pingete ja temperatuuride j\u00e4lgimine...\" \/>\n<meta property=\"og:url\" content=\"https:\/\/www.axiomams.eu\/et\/produktas\/hioki-lr8102-andmelogger\" \/>\n<meta property=\"og:site_name\" content=\"AXIOMA MS\" \/>\n<meta property=\"article:publisher\" content=\"https:\/\/www.facebook.com\/AxiomaMS\" \/>\n<meta property=\"article:modified_time\" content=\"2026-02-02T12:31:23+00:00\" \/>\n<meta property=\"og:image\" content=\"https:\/\/www.axiomams.eu\/wp-content\/uploads\/2025\/10\/4669-6170.jpg\" \/>\n\t<meta property=\"og:image:width\" content=\"694\" \/>\n\t<meta property=\"og:image:height\" content=\"694\" \/>\n\t<meta property=\"og:image:type\" content=\"image\/jpeg\" \/>\n<meta name=\"twitter:card\" content=\"summary_large_image\" \/>\n<meta name=\"twitter:label1\" content=\"Est. reading time\" \/>\n\t<meta name=\"twitter:data1\" content=\"1 minut\" \/>\n<script type=\"application\/ld+json\" class=\"yoast-schema-graph\">{\"@context\":\"https:\/\/schema.org\",\"@graph\":[{\"@type\":\"WebPage\",\"@id\":\"https:\/\/www.axiomams.eu\/et\/produktas\/hioki-lr8102-andmelogger\",\"url\":\"https:\/\/www.axiomams.eu\/et\/produktas\/hioki-lr8102-andmelogger\",\"name\":\"HIOKI LR8102 andmelogger - AXIOMA MS\",\"isPartOf\":{\"@id\":\"https:\/\/www.axiomams.eu\/et#website\"},\"primaryImageOfPage\":{\"@id\":\"https:\/\/www.axiomams.eu\/et\/produktas\/hioki-lr8102-andmelogger#primaryimage\"},\"image\":{\"@id\":\"https:\/\/www.axiomams.eu\/et\/produktas\/hioki-lr8102-andmelogger#primaryimage\"},\"thumbnailUrl\":\"https:\/\/www.axiomams.eu\/wp-content\/uploads\/2025\/10\/4669-6170.jpg\",\"datePublished\":\"2025-10-01T11:08:16+00:00\",\"dateModified\":\"2026-02-02T12:31:23+00:00\",\"breadcrumb\":{\"@id\":\"https:\/\/www.axiomams.eu\/et\/produktas\/hioki-lr8102-andmelogger#breadcrumb\"},\"inLanguage\":\"et\",\"potentialAction\":[{\"@type\":\"ReadAction\",\"target\":[\"https:\/\/www.axiomams.eu\/et\/produktas\/hioki-lr8102-andmelogger\"]}]},{\"@type\":\"ImageObject\",\"inLanguage\":\"et\",\"@id\":\"https:\/\/www.axiomams.eu\/et\/produktas\/hioki-lr8102-andmelogger#primaryimage\",\"url\":\"https:\/\/www.axiomams.eu\/wp-content\/uploads\/2025\/10\/4669-6170.jpg\",\"contentUrl\":\"https:\/\/www.axiomams.eu\/wp-content\/uploads\/2025\/10\/4669-6170.jpg\",\"width\":694,\"height\":694},{\"@type\":\"BreadcrumbList\",\"@id\":\"https:\/\/www.axiomams.eu\/et\/produktas\/hioki-lr8102-andmelogger#breadcrumb\",\"itemListElement\":[{\"@type\":\"ListItem\",\"position\":1,\"name\":\"Home\",\"item\":\"https:\/\/www.axiomams.eu\/et\"},{\"@type\":\"ListItem\",\"position\":2,\"name\":\"Tooted\",\"item\":\"https:\/\/www.axiomams.eu\/et\/tooted\"},{\"@type\":\"ListItem\",\"position\":3,\"name\":\"HIOKI LR8102 andmelogger\"}]},{\"@type\":\"WebSite\",\"@id\":\"https:\/\/www.axiomams.eu\/et#website\",\"url\":\"https:\/\/www.axiomams.eu\/et\",\"name\":\"AXIOMA MS\",\"description\":\"Terrmovizoriai ir matavimo \u012franga\",\"publisher\":{\"@id\":\"https:\/\/www.axiomams.eu\/et#organization\"},\"potentialAction\":[{\"@type\":\"SearchAction\",\"target\":{\"@type\":\"EntryPoint\",\"urlTemplate\":\"https:\/\/www.axiomams.eu\/et?s={search_term_string}\"},\"query-input\":{\"@type\":\"PropertyValueSpecification\",\"valueRequired\":true,\"valueName\":\"search_term_string\"}}],\"inLanguage\":\"et\"},{\"@type\":\"Organization\",\"@id\":\"https:\/\/www.axiomams.eu\/et#organization\",\"name\":\"AXIOMA MS\",\"url\":\"https:\/\/www.axiomams.eu\/et\",\"logo\":{\"@type\":\"ImageObject\",\"inLanguage\":\"et\",\"@id\":\"https:\/\/www.axiomams.eu\/et#\/schema\/logo\/image\/\",\"url\":\"https:\/\/www.axiomams.eu\/wp-content\/uploads\/2025\/06\/axioma-logo-2.png\",\"contentUrl\":\"https:\/\/www.axiomams.eu\/wp-content\/uploads\/2025\/06\/axioma-logo-2.png\",\"width\":1200,\"height\":1200,\"caption\":\"AXIOMA MS\"},\"image\":{\"@id\":\"https:\/\/www.axiomams.eu\/et#\/schema\/logo\/image\/\"},\"sameAs\":[\"https:\/\/www.facebook.com\/AxiomaMS\",\"https:\/\/www.linkedin.com\/company\/axiomams\/\"]}]}<\/script>\n<!-- \/ Yoast SEO plugin. -->","yoast_head_json":{"title":"HIOKI LR8102 andmelogger - AXIOMA MS","robots":{"index":"index","follow":"follow","max-snippet":"max-snippet:-1","max-image-preview":"max-image-preview:large","max-video-preview":"max-video-preview:-1"},"canonical":"https:\/\/www.axiomams.eu\/et\/produktas\/hioki-lr8102-andmelogger","og_locale":"et_EE","og_type":"article","og_title":"HIOKI LR8102 andmelogger - AXIOMA MS","og_description":"Hioki LR8102 andmelogijad Hioki LR8102 andmelogijad pakuvad tugevaid lahendusi t\u00e4iustatud akus\u00fcsteemide testimiseks ja anal\u00fc\u00fcsimiseks. Need seadmed on kavandatud k\u00f5rgepinge keskkondade n\u00f5udmistega toimetulekuks ja muudavad keerulised m\u00f5\u00f5tmis\u00fclesanded t\u00f5husaks ja sujuvaks protsessiks. K\u00f5rgepingeelektrooniliste akude t\u00e4iustatud m\u00f5\u00f5tmislahendused Elektris\u00f5idukite tehnoloogia arenedes j\u00f5uavad akus\u00fcsteemid k\u00f5rgemale pingetasemele, mis tekitab uusi v\u00e4ljakutseid testimisel ja andmete kogumisel. T\u00e4pne raku pingete ja temperatuuride j\u00e4lgimine...","og_url":"https:\/\/www.axiomams.eu\/et\/produktas\/hioki-lr8102-andmelogger","og_site_name":"AXIOMA MS","article_publisher":"https:\/\/www.facebook.com\/AxiomaMS","article_modified_time":"2026-02-02T12:31:23+00:00","og_image":[{"width":694,"height":694,"url":"https:\/\/www.axiomams.eu\/wp-content\/uploads\/2025\/10\/4669-6170.jpg","type":"image\/jpeg"}],"twitter_card":"summary_large_image","twitter_misc":{"Est. reading time":"1 minut"},"schema":{"@context":"https:\/\/schema.org","@graph":[{"@type":"WebPage","@id":"https:\/\/www.axiomams.eu\/et\/produktas\/hioki-lr8102-andmelogger","url":"https:\/\/www.axiomams.eu\/et\/produktas\/hioki-lr8102-andmelogger","name":"HIOKI LR8102 andmelogger - AXIOMA MS","isPartOf":{"@id":"https:\/\/www.axiomams.eu\/et#website"},"primaryImageOfPage":{"@id":"https:\/\/www.axiomams.eu\/et\/produktas\/hioki-lr8102-andmelogger#primaryimage"},"image":{"@id":"https:\/\/www.axiomams.eu\/et\/produktas\/hioki-lr8102-andmelogger#primaryimage"},"thumbnailUrl":"https:\/\/www.axiomams.eu\/wp-content\/uploads\/2025\/10\/4669-6170.jpg","datePublished":"2025-10-01T11:08:16+00:00","dateModified":"2026-02-02T12:31:23+00:00","breadcrumb":{"@id":"https:\/\/www.axiomams.eu\/et\/produktas\/hioki-lr8102-andmelogger#breadcrumb"},"inLanguage":"et","potentialAction":[{"@type":"ReadAction","target":["https:\/\/www.axiomams.eu\/et\/produktas\/hioki-lr8102-andmelogger"]}]},{"@type":"ImageObject","inLanguage":"et","@id":"https:\/\/www.axiomams.eu\/et\/produktas\/hioki-lr8102-andmelogger#primaryimage","url":"https:\/\/www.axiomams.eu\/wp-content\/uploads\/2025\/10\/4669-6170.jpg","contentUrl":"https:\/\/www.axiomams.eu\/wp-content\/uploads\/2025\/10\/4669-6170.jpg","width":694,"height":694},{"@type":"BreadcrumbList","@id":"https:\/\/www.axiomams.eu\/et\/produktas\/hioki-lr8102-andmelogger#breadcrumb","itemListElement":[{"@type":"ListItem","position":1,"name":"Home","item":"https:\/\/www.axiomams.eu\/et"},{"@type":"ListItem","position":2,"name":"Tooted","item":"https:\/\/www.axiomams.eu\/et\/tooted"},{"@type":"ListItem","position":3,"name":"HIOKI LR8102 andmelogger"}]},{"@type":"WebSite","@id":"https:\/\/www.axiomams.eu\/et#website","url":"https:\/\/www.axiomams.eu\/et","name":"AXIOMA MS","description":"Terrmovizoriai ir matavimo \u012franga","publisher":{"@id":"https:\/\/www.axiomams.eu\/et#organization"},"potentialAction":[{"@type":"SearchAction","target":{"@type":"EntryPoint","urlTemplate":"https:\/\/www.axiomams.eu\/et?s={search_term_string}"},"query-input":{"@type":"PropertyValueSpecification","valueRequired":true,"valueName":"search_term_string"}}],"inLanguage":"et"},{"@type":"Organization","@id":"https:\/\/www.axiomams.eu\/et#organization","name":"AXIOMA MS","url":"https:\/\/www.axiomams.eu\/et","logo":{"@type":"ImageObject","inLanguage":"et","@id":"https:\/\/www.axiomams.eu\/et#\/schema\/logo\/image\/","url":"https:\/\/www.axiomams.eu\/wp-content\/uploads\/2025\/06\/axioma-logo-2.png","contentUrl":"https:\/\/www.axiomams.eu\/wp-content\/uploads\/2025\/06\/axioma-logo-2.png","width":1200,"height":1200,"caption":"AXIOMA MS"},"image":{"@id":"https:\/\/www.axiomams.eu\/et#\/schema\/logo\/image\/"},"sameAs":["https:\/\/www.facebook.com\/AxiomaMS","https:\/\/www.linkedin.com\/company\/axiomams\/"]}]}},"_links":{"self":[{"href":"https:\/\/www.axiomams.eu\/et\/wp-json\/wp\/v2\/product\/40297","targetHints":{"allow":["GET"]}}],"collection":[{"href":"https:\/\/www.axiomams.eu\/et\/wp-json\/wp\/v2\/product"}],"about":[{"href":"https:\/\/www.axiomams.eu\/et\/wp-json\/wp\/v2\/types\/product"}],"replies":[{"embeddable":true,"href":"https:\/\/www.axiomams.eu\/et\/wp-json\/wp\/v2\/comments?post=40297"}],"wp:featuredmedia":[{"embeddable":true,"href":"https:\/\/www.axiomams.eu\/et\/wp-json\/wp\/v2\/media\/42118"}],"wp:attachment":[{"href":"https:\/\/www.axiomams.eu\/et\/wp-json\/wp\/v2\/media?parent=40297"}],"wp:term":[{"taxonomy":"product_brand","embeddable":true,"href":"https:\/\/www.axiomams.eu\/et\/wp-json\/wp\/v2\/product_brand?post=40297"},{"taxonomy":"product_cat","embeddable":true,"href":"https:\/\/www.axiomams.eu\/et\/wp-json\/wp\/v2\/product_cat?post=40297"},{"taxonomy":"product_tag","embeddable":true,"href":"https:\/\/www.axiomams.eu\/et\/wp-json\/wp\/v2\/product_tag?post=40297"}],"curies":[{"name":"wp","href":"https:\/\/api.w.org\/{rel}","templated":true}]}}