{"id":40299,"date":"2025-05-15T18:03:17","date_gmt":"2025-05-15T16:03:17","guid":{"rendered":"https:\/\/www.axiomams.eu\/produktas\/hioki-lr8432-20-andmeloger"},"modified":"2026-02-02T14:31:23","modified_gmt":"2026-02-02T12:31:23","slug":"hioki-lr8432-20-andmeloger","status":"publish","type":"product","link":"https:\/\/www.axiomams.eu\/et\/produktas\/hioki-lr8432-20-andmeloger","title":{"rendered":"HIOKI LR8432-20 Andmeloger"},"content":{"rendered":"<p>Hioki LR8432 on kiireid andmeloggerid mitme kanaliga pinge-, temperatuuri, impulss- v\u00f5i p\u00f6\u00f6rlemissignaalide salvestamiseks, mis tagavad t\u00e4ieliku isolatsiooni kanalite vahel ja tugeva m\u00fcrakindluse. LR8432 logib andmeid 10 ms kiirusega 10 kanalil samaaegselt ja sellel on eredav\u00e4rviline LCD ekraan kristallselge lainekuju kuvamiseks.<\/p>\n<p>Standardne komplekt: Hioki LR8432-20, m\u00f5\u00f5tmisjuhend, AC ADAPTER Z1005, USB-kaabel, CD-R.<\/p>\n<h3>Tehniline teave:<\/h3>\n<ul>\n<li><a href=\"https:\/\/axiomams.eu\/importer\/export\/attachments\/en\/hioki-lr8432.pdf\" target=\"_blank\">Hioki LR8432.pdf<\/a><\/li>\n<\/ul>\n","protected":false},"excerpt":{"rendered":"<p>Hioki LR8432 on kiireid andmeloggerid mitme kanaliga pinge-, temperatuuri, impulss- v\u00f5i p\u00f6\u00f6rlemissignaalide salvestamiseks, mis tagavad t\u00e4ieliku isolatsiooni kanalite vahel ja tugeva m\u00fcrakindluse. LR8432 logib andmeid 10 ms kiirusega 10 kanalil samaaegselt ja sellel on eredav\u00e4rviline LCD ekraan kristallselge lainekuju kuvamiseks. Standardne komplekt: Hioki LR8432-20, m\u00f5\u00f5tmisjuhend, AC ADAPTER Z1005, USB-kaabel, CD-R. Tehniline teave: Hioki LR8432.pdf<\/p>\n","protected":false},"featured_media":42122,"comment_status":"open","ping_status":"closed","template":"","meta":{"_acf_changed":false},"product_brand":[1112],"product_cat":[17791,17809],"product_tag":[],"class_list":{"0":"post-40299","1":"product","2":"type-product","3":"status-publish","4":"has-post-thumbnail","6":"product_brand-hioki","7":"product_cat-andmelogijad","8":"product_cat-soojusvoolu-mootmiseks","10":"first","11":"instock","12":"taxable","13":"shipping-taxable","14":"purchasable","15":"product-type-simple"},"acf":[],"yoast_head":"<!-- This site is optimized with the Yoast SEO plugin v27.0 - https:\/\/yoast.com\/product\/yoast-seo-wordpress\/ -->\n<title>HIOKI LR8432-20 Andmeloger - AXIOMA MS<\/title>\n<meta name=\"robots\" content=\"index, follow, max-snippet:-1, max-image-preview:large, max-video-preview:-1\" \/>\n<link rel=\"canonical\" href=\"https:\/\/www.axiomams.eu\/et\/produktas\/hioki-lr8432-20-andmeloger\" \/>\n<meta property=\"og:locale\" content=\"et_EE\" \/>\n<meta property=\"og:type\" content=\"article\" \/>\n<meta property=\"og:title\" content=\"HIOKI LR8432-20 Andmeloger - AXIOMA MS\" \/>\n<meta property=\"og:description\" content=\"Hioki LR8432 on kiireid andmeloggerid mitme kanaliga pinge-, temperatuuri, impulss- v\u00f5i p\u00f6\u00f6rlemissignaalide salvestamiseks, mis tagavad t\u00e4ieliku isolatsiooni kanalite vahel ja tugeva m\u00fcrakindluse. LR8432 logib andmeid 10 ms kiirusega 10 kanalil samaaegselt ja sellel on eredav\u00e4rviline LCD ekraan kristallselge lainekuju kuvamiseks. Standardne komplekt: Hioki LR8432-20, m\u00f5\u00f5tmisjuhend, AC ADAPTER Z1005, USB-kaabel, CD-R. Tehniline teave: Hioki LR8432.pdf\" \/>\n<meta property=\"og:url\" content=\"https:\/\/www.axiomams.eu\/et\/produktas\/hioki-lr8432-20-andmeloger\" \/>\n<meta property=\"og:site_name\" content=\"AXIOMA MS\" \/>\n<meta property=\"article:publisher\" content=\"https:\/\/www.facebook.com\/AxiomaMS\" \/>\n<meta property=\"article:modified_time\" content=\"2026-02-02T12:31:23+00:00\" \/>\n<meta property=\"og:image\" content=\"https:\/\/www.axiomams.eu\/wp-content\/uploads\/2025\/07\/2907-3818.jpg\" \/>\n\t<meta property=\"og:image:width\" content=\"1360\" \/>\n\t<meta property=\"og:image:height\" content=\"1020\" \/>\n\t<meta property=\"og:image:type\" content=\"image\/jpeg\" \/>\n<meta name=\"twitter:card\" content=\"summary_large_image\" \/>\n<script type=\"application\/ld+json\" class=\"yoast-schema-graph\">{\"@context\":\"https:\/\/schema.org\",\"@graph\":[{\"@type\":\"WebPage\",\"@id\":\"https:\/\/www.axiomams.eu\/et\/produktas\/hioki-lr8432-20-andmeloger\",\"url\":\"https:\/\/www.axiomams.eu\/et\/produktas\/hioki-lr8432-20-andmeloger\",\"name\":\"HIOKI LR8432-20 Andmeloger - AXIOMA MS\",\"isPartOf\":{\"@id\":\"https:\/\/www.axiomams.eu\/et#website\"},\"primaryImageOfPage\":{\"@id\":\"https:\/\/www.axiomams.eu\/et\/produktas\/hioki-lr8432-20-andmeloger#primaryimage\"},\"image\":{\"@id\":\"https:\/\/www.axiomams.eu\/et\/produktas\/hioki-lr8432-20-andmeloger#primaryimage\"},\"thumbnailUrl\":\"https:\/\/www.axiomams.eu\/wp-content\/uploads\/2025\/07\/2907-3818.jpg\",\"datePublished\":\"2025-05-15T16:03:17+00:00\",\"dateModified\":\"2026-02-02T12:31:23+00:00\",\"breadcrumb\":{\"@id\":\"https:\/\/www.axiomams.eu\/et\/produktas\/hioki-lr8432-20-andmeloger#breadcrumb\"},\"inLanguage\":\"et\",\"potentialAction\":[{\"@type\":\"ReadAction\",\"target\":[\"https:\/\/www.axiomams.eu\/et\/produktas\/hioki-lr8432-20-andmeloger\"]}]},{\"@type\":\"ImageObject\",\"inLanguage\":\"et\",\"@id\":\"https:\/\/www.axiomams.eu\/et\/produktas\/hioki-lr8432-20-andmeloger#primaryimage\",\"url\":\"https:\/\/www.axiomams.eu\/wp-content\/uploads\/2025\/07\/2907-3818.jpg\",\"contentUrl\":\"https:\/\/www.axiomams.eu\/wp-content\/uploads\/2025\/07\/2907-3818.jpg\",\"width\":1360,\"height\":1020},{\"@type\":\"BreadcrumbList\",\"@id\":\"https:\/\/www.axiomams.eu\/et\/produktas\/hioki-lr8432-20-andmeloger#breadcrumb\",\"itemListElement\":[{\"@type\":\"ListItem\",\"position\":1,\"name\":\"Home\",\"item\":\"https:\/\/www.axiomams.eu\/et\"},{\"@type\":\"ListItem\",\"position\":2,\"name\":\"Tooted\",\"item\":\"https:\/\/www.axiomams.eu\/et\/tooted\"},{\"@type\":\"ListItem\",\"position\":3,\"name\":\"HIOKI LR8432-20 Andmeloger\"}]},{\"@type\":\"WebSite\",\"@id\":\"https:\/\/www.axiomams.eu\/et#website\",\"url\":\"https:\/\/www.axiomams.eu\/et\",\"name\":\"AXIOMA MS\",\"description\":\"Terrmovizoriai ir matavimo \u012franga\",\"publisher\":{\"@id\":\"https:\/\/www.axiomams.eu\/et#organization\"},\"potentialAction\":[{\"@type\":\"SearchAction\",\"target\":{\"@type\":\"EntryPoint\",\"urlTemplate\":\"https:\/\/www.axiomams.eu\/et?s={search_term_string}\"},\"query-input\":{\"@type\":\"PropertyValueSpecification\",\"valueRequired\":true,\"valueName\":\"search_term_string\"}}],\"inLanguage\":\"et\"},{\"@type\":\"Organization\",\"@id\":\"https:\/\/www.axiomams.eu\/et#organization\",\"name\":\"AXIOMA MS\",\"url\":\"https:\/\/www.axiomams.eu\/et\",\"logo\":{\"@type\":\"ImageObject\",\"inLanguage\":\"et\",\"@id\":\"https:\/\/www.axiomams.eu\/et#\/schema\/logo\/image\/\",\"url\":\"https:\/\/www.axiomams.eu\/wp-content\/uploads\/2025\/06\/axioma-logo-2.png\",\"contentUrl\":\"https:\/\/www.axiomams.eu\/wp-content\/uploads\/2025\/06\/axioma-logo-2.png\",\"width\":1200,\"height\":1200,\"caption\":\"AXIOMA MS\"},\"image\":{\"@id\":\"https:\/\/www.axiomams.eu\/et#\/schema\/logo\/image\/\"},\"sameAs\":[\"https:\/\/www.facebook.com\/AxiomaMS\",\"https:\/\/www.linkedin.com\/company\/axiomams\/\"]}]}<\/script>\n<!-- \/ Yoast SEO plugin. -->","yoast_head_json":{"title":"HIOKI LR8432-20 Andmeloger - AXIOMA MS","robots":{"index":"index","follow":"follow","max-snippet":"max-snippet:-1","max-image-preview":"max-image-preview:large","max-video-preview":"max-video-preview:-1"},"canonical":"https:\/\/www.axiomams.eu\/et\/produktas\/hioki-lr8432-20-andmeloger","og_locale":"et_EE","og_type":"article","og_title":"HIOKI LR8432-20 Andmeloger - AXIOMA MS","og_description":"Hioki LR8432 on kiireid andmeloggerid mitme kanaliga pinge-, temperatuuri, impulss- v\u00f5i p\u00f6\u00f6rlemissignaalide salvestamiseks, mis tagavad t\u00e4ieliku isolatsiooni kanalite vahel ja tugeva m\u00fcrakindluse. LR8432 logib andmeid 10 ms kiirusega 10 kanalil samaaegselt ja sellel on eredav\u00e4rviline LCD ekraan kristallselge lainekuju kuvamiseks. Standardne komplekt: Hioki LR8432-20, m\u00f5\u00f5tmisjuhend, AC ADAPTER Z1005, USB-kaabel, CD-R. Tehniline teave: Hioki LR8432.pdf","og_url":"https:\/\/www.axiomams.eu\/et\/produktas\/hioki-lr8432-20-andmeloger","og_site_name":"AXIOMA MS","article_publisher":"https:\/\/www.facebook.com\/AxiomaMS","article_modified_time":"2026-02-02T12:31:23+00:00","og_image":[{"width":1360,"height":1020,"url":"https:\/\/www.axiomams.eu\/wp-content\/uploads\/2025\/07\/2907-3818.jpg","type":"image\/jpeg"}],"twitter_card":"summary_large_image","schema":{"@context":"https:\/\/schema.org","@graph":[{"@type":"WebPage","@id":"https:\/\/www.axiomams.eu\/et\/produktas\/hioki-lr8432-20-andmeloger","url":"https:\/\/www.axiomams.eu\/et\/produktas\/hioki-lr8432-20-andmeloger","name":"HIOKI LR8432-20 Andmeloger - AXIOMA MS","isPartOf":{"@id":"https:\/\/www.axiomams.eu\/et#website"},"primaryImageOfPage":{"@id":"https:\/\/www.axiomams.eu\/et\/produktas\/hioki-lr8432-20-andmeloger#primaryimage"},"image":{"@id":"https:\/\/www.axiomams.eu\/et\/produktas\/hioki-lr8432-20-andmeloger#primaryimage"},"thumbnailUrl":"https:\/\/www.axiomams.eu\/wp-content\/uploads\/2025\/07\/2907-3818.jpg","datePublished":"2025-05-15T16:03:17+00:00","dateModified":"2026-02-02T12:31:23+00:00","breadcrumb":{"@id":"https:\/\/www.axiomams.eu\/et\/produktas\/hioki-lr8432-20-andmeloger#breadcrumb"},"inLanguage":"et","potentialAction":[{"@type":"ReadAction","target":["https:\/\/www.axiomams.eu\/et\/produktas\/hioki-lr8432-20-andmeloger"]}]},{"@type":"ImageObject","inLanguage":"et","@id":"https:\/\/www.axiomams.eu\/et\/produktas\/hioki-lr8432-20-andmeloger#primaryimage","url":"https:\/\/www.axiomams.eu\/wp-content\/uploads\/2025\/07\/2907-3818.jpg","contentUrl":"https:\/\/www.axiomams.eu\/wp-content\/uploads\/2025\/07\/2907-3818.jpg","width":1360,"height":1020},{"@type":"BreadcrumbList","@id":"https:\/\/www.axiomams.eu\/et\/produktas\/hioki-lr8432-20-andmeloger#breadcrumb","itemListElement":[{"@type":"ListItem","position":1,"name":"Home","item":"https:\/\/www.axiomams.eu\/et"},{"@type":"ListItem","position":2,"name":"Tooted","item":"https:\/\/www.axiomams.eu\/et\/tooted"},{"@type":"ListItem","position":3,"name":"HIOKI LR8432-20 Andmeloger"}]},{"@type":"WebSite","@id":"https:\/\/www.axiomams.eu\/et#website","url":"https:\/\/www.axiomams.eu\/et","name":"AXIOMA MS","description":"Terrmovizoriai ir matavimo \u012franga","publisher":{"@id":"https:\/\/www.axiomams.eu\/et#organization"},"potentialAction":[{"@type":"SearchAction","target":{"@type":"EntryPoint","urlTemplate":"https:\/\/www.axiomams.eu\/et?s={search_term_string}"},"query-input":{"@type":"PropertyValueSpecification","valueRequired":true,"valueName":"search_term_string"}}],"inLanguage":"et"},{"@type":"Organization","@id":"https:\/\/www.axiomams.eu\/et#organization","name":"AXIOMA MS","url":"https:\/\/www.axiomams.eu\/et","logo":{"@type":"ImageObject","inLanguage":"et","@id":"https:\/\/www.axiomams.eu\/et#\/schema\/logo\/image\/","url":"https:\/\/www.axiomams.eu\/wp-content\/uploads\/2025\/06\/axioma-logo-2.png","contentUrl":"https:\/\/www.axiomams.eu\/wp-content\/uploads\/2025\/06\/axioma-logo-2.png","width":1200,"height":1200,"caption":"AXIOMA MS"},"image":{"@id":"https:\/\/www.axiomams.eu\/et#\/schema\/logo\/image\/"},"sameAs":["https:\/\/www.facebook.com\/AxiomaMS","https:\/\/www.linkedin.com\/company\/axiomams\/"]}]}},"_links":{"self":[{"href":"https:\/\/www.axiomams.eu\/et\/wp-json\/wp\/v2\/product\/40299","targetHints":{"allow":["GET"]}}],"collection":[{"href":"https:\/\/www.axiomams.eu\/et\/wp-json\/wp\/v2\/product"}],"about":[{"href":"https:\/\/www.axiomams.eu\/et\/wp-json\/wp\/v2\/types\/product"}],"replies":[{"embeddable":true,"href":"https:\/\/www.axiomams.eu\/et\/wp-json\/wp\/v2\/comments?post=40299"}],"wp:featuredmedia":[{"embeddable":true,"href":"https:\/\/www.axiomams.eu\/et\/wp-json\/wp\/v2\/media\/42122"}],"wp:attachment":[{"href":"https:\/\/www.axiomams.eu\/et\/wp-json\/wp\/v2\/media?parent=40299"}],"wp:term":[{"taxonomy":"product_brand","embeddable":true,"href":"https:\/\/www.axiomams.eu\/et\/wp-json\/wp\/v2\/product_brand?post=40299"},{"taxonomy":"product_cat","embeddable":true,"href":"https:\/\/www.axiomams.eu\/et\/wp-json\/wp\/v2\/product_cat?post=40299"},{"taxonomy":"product_tag","embeddable":true,"href":"https:\/\/www.axiomams.eu\/et\/wp-json\/wp\/v2\/product_tag?post=40299"}],"curies":[{"name":"wp","href":"https:\/\/api.w.org\/{rel}","templated":true}]}}