{"id":40305,"date":"2025-05-15T18:02:40","date_gmt":"2025-05-15T16:02:40","guid":{"rendered":"https:\/\/www.axiomams.eu\/produktas\/metrel-ma-2067-naidisplaat"},"modified":"2026-02-02T14:31:28","modified_gmt":"2026-02-02T12:31:28","slug":"metrel-ma-2067-naidisplaat","status":"publish","type":"product","link":"https:\/\/www.axiomams.eu\/et\/produktas\/metrel-ma-2067-naidisplaat","title":{"rendered":"Metrel MA 2067 n\u00e4idisplaat"},"content":{"rendered":"<p>Demonstratsioonitahvel MA 2067 v\u00f5imaldab t\u00f6\u00f6stus- ja eluhoonete elektripaigaldiste ilmset kujutamist, rikete simuleerimist ja nende asukoha m\u00e4\u00e4ramist ning paigaldiste katsetamist sobivate m\u00f5\u00f5teriistade abil. Lisatud on k\u00f5ik olulised elektripaigaldiste elemendid, nagu kaitsmed, FI-kaitsel\u00fclitid, pistikupesad, mitmesugused elektrienergia tarbijad ja mitmesugused maanduss\u00fcsteemid (TT, TN, IT).<br \/>\n65 tahvlil saab teostada erinevaid m\u00f5\u00f5tmisi. Sisseehitatud veasimulaatori abil saab demonstreerida erinevaid elektripaigaldiste ja \u00fchendatud tarbijate vigu. Kokku on v\u00f5imalik kasutada 19 veakombinatsiooni.<br \/>\nMatavimo standartai:<br \/>\nEN 61010-1 (saugumo).<br \/>\nEN 50081-1 (EMC)<br \/>\nEN 50082-1 (EMC)<\/p>\n<p>Standardikomplekt: Demonstratsiooniplaat MA 2067, h\u00fcppaja (x4), demonstratsiooniplaadi tugi (vertikaalseks kasutamiseks), \u00fchefaasiline sobituskaabel, kasutusjuhend.<\/p>\n<h3>Tehniline teave:<\/h3>\n<ul>\n<li><a href=\"https:\/\/axiomams.eu\/importer\/export\/attachments\/en\/ma-2067-demonstration-board.pdf\" target=\"_blank\">MA 2067 Demonstration Board.pdf<\/a><\/li>\n<\/ul>\n","protected":false},"excerpt":{"rendered":"<p>Demonstratsioonitahvel MA 2067 v\u00f5imaldab t\u00f6\u00f6stus- ja eluhoonete elektripaigaldiste ilmset kujutamist, rikete simuleerimist ja nende asukoha m\u00e4\u00e4ramist ning paigaldiste katsetamist sobivate m\u00f5\u00f5teriistade abil. Lisatud on k\u00f5ik olulised elektripaigaldiste elemendid, nagu kaitsmed, FI-kaitsel\u00fclitid, pistikupesad, mitmesugused elektrienergia tarbijad ja mitmesugused maanduss\u00fcsteemid (TT, TN, IT). 65 tahvlil saab teostada erinevaid m\u00f5\u00f5tmisi. Sisseehitatud veasimulaatori abil saab demonstreerida erinevaid elektripaigaldiste ja&#8230;<\/p>\n","protected":false},"featured_media":42134,"comment_status":"open","ping_status":"closed","template":"","meta":{"_acf_changed":false},"product_brand":[732],"product_cat":[17822],"product_tag":[],"class_list":{"0":"post-40305","1":"product","2":"type-product","3":"status-publish","4":"has-post-thumbnail","6":"product_brand-metrel","7":"product_cat-haridusstendid","9":"first","10":"instock","11":"taxable","12":"shipping-taxable","13":"purchasable","14":"product-type-simple"},"acf":[],"yoast_head":"<!-- This site is optimized with the Yoast SEO plugin v27.0 - https:\/\/yoast.com\/product\/yoast-seo-wordpress\/ -->\n<title>Metrel MA 2067 n\u00e4idisplaat - AXIOMA MS<\/title>\n<meta name=\"robots\" content=\"index, follow, max-snippet:-1, max-image-preview:large, max-video-preview:-1\" \/>\n<link rel=\"canonical\" href=\"https:\/\/www.axiomams.eu\/et\/produktas\/metrel-ma-2067-naidisplaat\" \/>\n<meta property=\"og:locale\" content=\"et_EE\" \/>\n<meta property=\"og:type\" content=\"article\" \/>\n<meta property=\"og:title\" content=\"Metrel MA 2067 n\u00e4idisplaat - AXIOMA MS\" \/>\n<meta property=\"og:description\" content=\"Demonstratsioonitahvel MA 2067 v\u00f5imaldab t\u00f6\u00f6stus- ja eluhoonete elektripaigaldiste ilmset kujutamist, rikete simuleerimist ja nende asukoha m\u00e4\u00e4ramist ning paigaldiste katsetamist sobivate m\u00f5\u00f5teriistade abil. Lisatud on k\u00f5ik olulised elektripaigaldiste elemendid, nagu kaitsmed, FI-kaitsel\u00fclitid, pistikupesad, mitmesugused elektrienergia tarbijad ja mitmesugused maanduss\u00fcsteemid (TT, TN, IT). 65 tahvlil saab teostada erinevaid m\u00f5\u00f5tmisi. Sisseehitatud veasimulaatori abil saab demonstreerida erinevaid elektripaigaldiste ja...\" \/>\n<meta property=\"og:url\" content=\"https:\/\/www.axiomams.eu\/et\/produktas\/metrel-ma-2067-naidisplaat\" \/>\n<meta property=\"og:site_name\" content=\"AXIOMA MS\" \/>\n<meta property=\"article:publisher\" content=\"https:\/\/www.facebook.com\/AxiomaMS\" \/>\n<meta property=\"article:modified_time\" content=\"2026-02-02T12:31:28+00:00\" \/>\n<meta property=\"og:image\" content=\"https:\/\/www.axiomams.eu\/wp-content\/uploads\/2025\/07\/408-551.jpeg\" \/>\n\t<meta property=\"og:image:width\" content=\"600\" \/>\n\t<meta property=\"og:image:height\" content=\"600\" \/>\n\t<meta property=\"og:image:type\" content=\"image\/jpeg\" \/>\n<meta name=\"twitter:card\" content=\"summary_large_image\" \/>\n<meta name=\"twitter:label1\" content=\"Est. reading time\" \/>\n\t<meta name=\"twitter:data1\" content=\"1 minut\" \/>\n<script type=\"application\/ld+json\" class=\"yoast-schema-graph\">{\"@context\":\"https:\/\/schema.org\",\"@graph\":[{\"@type\":\"WebPage\",\"@id\":\"https:\/\/www.axiomams.eu\/et\/produktas\/metrel-ma-2067-naidisplaat\",\"url\":\"https:\/\/www.axiomams.eu\/et\/produktas\/metrel-ma-2067-naidisplaat\",\"name\":\"Metrel MA 2067 n\u00e4idisplaat - AXIOMA MS\",\"isPartOf\":{\"@id\":\"https:\/\/www.axiomams.eu\/et#website\"},\"primaryImageOfPage\":{\"@id\":\"https:\/\/www.axiomams.eu\/et\/produktas\/metrel-ma-2067-naidisplaat#primaryimage\"},\"image\":{\"@id\":\"https:\/\/www.axiomams.eu\/et\/produktas\/metrel-ma-2067-naidisplaat#primaryimage\"},\"thumbnailUrl\":\"https:\/\/www.axiomams.eu\/wp-content\/uploads\/2025\/07\/408-551.jpeg\",\"datePublished\":\"2025-05-15T16:02:40+00:00\",\"dateModified\":\"2026-02-02T12:31:28+00:00\",\"breadcrumb\":{\"@id\":\"https:\/\/www.axiomams.eu\/et\/produktas\/metrel-ma-2067-naidisplaat#breadcrumb\"},\"inLanguage\":\"et\",\"potentialAction\":[{\"@type\":\"ReadAction\",\"target\":[\"https:\/\/www.axiomams.eu\/et\/produktas\/metrel-ma-2067-naidisplaat\"]}]},{\"@type\":\"ImageObject\",\"inLanguage\":\"et\",\"@id\":\"https:\/\/www.axiomams.eu\/et\/produktas\/metrel-ma-2067-naidisplaat#primaryimage\",\"url\":\"https:\/\/www.axiomams.eu\/wp-content\/uploads\/2025\/07\/408-551.jpeg\",\"contentUrl\":\"https:\/\/www.axiomams.eu\/wp-content\/uploads\/2025\/07\/408-551.jpeg\",\"width\":600,\"height\":600},{\"@type\":\"BreadcrumbList\",\"@id\":\"https:\/\/www.axiomams.eu\/et\/produktas\/metrel-ma-2067-naidisplaat#breadcrumb\",\"itemListElement\":[{\"@type\":\"ListItem\",\"position\":1,\"name\":\"Home\",\"item\":\"https:\/\/www.axiomams.eu\/et\"},{\"@type\":\"ListItem\",\"position\":2,\"name\":\"Tooted\",\"item\":\"https:\/\/www.axiomams.eu\/et\/tooted\"},{\"@type\":\"ListItem\",\"position\":3,\"name\":\"Metrel MA 2067 n\u00e4idisplaat\"}]},{\"@type\":\"WebSite\",\"@id\":\"https:\/\/www.axiomams.eu\/et#website\",\"url\":\"https:\/\/www.axiomams.eu\/et\",\"name\":\"AXIOMA MS\",\"description\":\"Terrmovizoriai ir matavimo \u012franga\",\"publisher\":{\"@id\":\"https:\/\/www.axiomams.eu\/et#organization\"},\"potentialAction\":[{\"@type\":\"SearchAction\",\"target\":{\"@type\":\"EntryPoint\",\"urlTemplate\":\"https:\/\/www.axiomams.eu\/et?s={search_term_string}\"},\"query-input\":{\"@type\":\"PropertyValueSpecification\",\"valueRequired\":true,\"valueName\":\"search_term_string\"}}],\"inLanguage\":\"et\"},{\"@type\":\"Organization\",\"@id\":\"https:\/\/www.axiomams.eu\/et#organization\",\"name\":\"AXIOMA MS\",\"url\":\"https:\/\/www.axiomams.eu\/et\",\"logo\":{\"@type\":\"ImageObject\",\"inLanguage\":\"et\",\"@id\":\"https:\/\/www.axiomams.eu\/et#\/schema\/logo\/image\/\",\"url\":\"https:\/\/www.axiomams.eu\/wp-content\/uploads\/2025\/06\/axioma-logo-2.png\",\"contentUrl\":\"https:\/\/www.axiomams.eu\/wp-content\/uploads\/2025\/06\/axioma-logo-2.png\",\"width\":1200,\"height\":1200,\"caption\":\"AXIOMA MS\"},\"image\":{\"@id\":\"https:\/\/www.axiomams.eu\/et#\/schema\/logo\/image\/\"},\"sameAs\":[\"https:\/\/www.facebook.com\/AxiomaMS\",\"https:\/\/www.linkedin.com\/company\/axiomams\/\"]}]}<\/script>\n<!-- \/ Yoast SEO plugin. -->","yoast_head_json":{"title":"Metrel MA 2067 n\u00e4idisplaat - AXIOMA MS","robots":{"index":"index","follow":"follow","max-snippet":"max-snippet:-1","max-image-preview":"max-image-preview:large","max-video-preview":"max-video-preview:-1"},"canonical":"https:\/\/www.axiomams.eu\/et\/produktas\/metrel-ma-2067-naidisplaat","og_locale":"et_EE","og_type":"article","og_title":"Metrel MA 2067 n\u00e4idisplaat - AXIOMA MS","og_description":"Demonstratsioonitahvel MA 2067 v\u00f5imaldab t\u00f6\u00f6stus- ja eluhoonete elektripaigaldiste ilmset kujutamist, rikete simuleerimist ja nende asukoha m\u00e4\u00e4ramist ning paigaldiste katsetamist sobivate m\u00f5\u00f5teriistade abil. Lisatud on k\u00f5ik olulised elektripaigaldiste elemendid, nagu kaitsmed, FI-kaitsel\u00fclitid, pistikupesad, mitmesugused elektrienergia tarbijad ja mitmesugused maanduss\u00fcsteemid (TT, TN, IT). 65 tahvlil saab teostada erinevaid m\u00f5\u00f5tmisi. Sisseehitatud veasimulaatori abil saab demonstreerida erinevaid elektripaigaldiste ja...","og_url":"https:\/\/www.axiomams.eu\/et\/produktas\/metrel-ma-2067-naidisplaat","og_site_name":"AXIOMA MS","article_publisher":"https:\/\/www.facebook.com\/AxiomaMS","article_modified_time":"2026-02-02T12:31:28+00:00","og_image":[{"width":600,"height":600,"url":"https:\/\/www.axiomams.eu\/wp-content\/uploads\/2025\/07\/408-551.jpeg","type":"image\/jpeg"}],"twitter_card":"summary_large_image","twitter_misc":{"Est. reading time":"1 minut"},"schema":{"@context":"https:\/\/schema.org","@graph":[{"@type":"WebPage","@id":"https:\/\/www.axiomams.eu\/et\/produktas\/metrel-ma-2067-naidisplaat","url":"https:\/\/www.axiomams.eu\/et\/produktas\/metrel-ma-2067-naidisplaat","name":"Metrel MA 2067 n\u00e4idisplaat - AXIOMA MS","isPartOf":{"@id":"https:\/\/www.axiomams.eu\/et#website"},"primaryImageOfPage":{"@id":"https:\/\/www.axiomams.eu\/et\/produktas\/metrel-ma-2067-naidisplaat#primaryimage"},"image":{"@id":"https:\/\/www.axiomams.eu\/et\/produktas\/metrel-ma-2067-naidisplaat#primaryimage"},"thumbnailUrl":"https:\/\/www.axiomams.eu\/wp-content\/uploads\/2025\/07\/408-551.jpeg","datePublished":"2025-05-15T16:02:40+00:00","dateModified":"2026-02-02T12:31:28+00:00","breadcrumb":{"@id":"https:\/\/www.axiomams.eu\/et\/produktas\/metrel-ma-2067-naidisplaat#breadcrumb"},"inLanguage":"et","potentialAction":[{"@type":"ReadAction","target":["https:\/\/www.axiomams.eu\/et\/produktas\/metrel-ma-2067-naidisplaat"]}]},{"@type":"ImageObject","inLanguage":"et","@id":"https:\/\/www.axiomams.eu\/et\/produktas\/metrel-ma-2067-naidisplaat#primaryimage","url":"https:\/\/www.axiomams.eu\/wp-content\/uploads\/2025\/07\/408-551.jpeg","contentUrl":"https:\/\/www.axiomams.eu\/wp-content\/uploads\/2025\/07\/408-551.jpeg","width":600,"height":600},{"@type":"BreadcrumbList","@id":"https:\/\/www.axiomams.eu\/et\/produktas\/metrel-ma-2067-naidisplaat#breadcrumb","itemListElement":[{"@type":"ListItem","position":1,"name":"Home","item":"https:\/\/www.axiomams.eu\/et"},{"@type":"ListItem","position":2,"name":"Tooted","item":"https:\/\/www.axiomams.eu\/et\/tooted"},{"@type":"ListItem","position":3,"name":"Metrel MA 2067 n\u00e4idisplaat"}]},{"@type":"WebSite","@id":"https:\/\/www.axiomams.eu\/et#website","url":"https:\/\/www.axiomams.eu\/et","name":"AXIOMA MS","description":"Terrmovizoriai ir matavimo \u012franga","publisher":{"@id":"https:\/\/www.axiomams.eu\/et#organization"},"potentialAction":[{"@type":"SearchAction","target":{"@type":"EntryPoint","urlTemplate":"https:\/\/www.axiomams.eu\/et?s={search_term_string}"},"query-input":{"@type":"PropertyValueSpecification","valueRequired":true,"valueName":"search_term_string"}}],"inLanguage":"et"},{"@type":"Organization","@id":"https:\/\/www.axiomams.eu\/et#organization","name":"AXIOMA MS","url":"https:\/\/www.axiomams.eu\/et","logo":{"@type":"ImageObject","inLanguage":"et","@id":"https:\/\/www.axiomams.eu\/et#\/schema\/logo\/image\/","url":"https:\/\/www.axiomams.eu\/wp-content\/uploads\/2025\/06\/axioma-logo-2.png","contentUrl":"https:\/\/www.axiomams.eu\/wp-content\/uploads\/2025\/06\/axioma-logo-2.png","width":1200,"height":1200,"caption":"AXIOMA MS"},"image":{"@id":"https:\/\/www.axiomams.eu\/et#\/schema\/logo\/image\/"},"sameAs":["https:\/\/www.facebook.com\/AxiomaMS","https:\/\/www.linkedin.com\/company\/axiomams\/"]}]}},"_links":{"self":[{"href":"https:\/\/www.axiomams.eu\/et\/wp-json\/wp\/v2\/product\/40305","targetHints":{"allow":["GET"]}}],"collection":[{"href":"https:\/\/www.axiomams.eu\/et\/wp-json\/wp\/v2\/product"}],"about":[{"href":"https:\/\/www.axiomams.eu\/et\/wp-json\/wp\/v2\/types\/product"}],"replies":[{"embeddable":true,"href":"https:\/\/www.axiomams.eu\/et\/wp-json\/wp\/v2\/comments?post=40305"}],"wp:featuredmedia":[{"embeddable":true,"href":"https:\/\/www.axiomams.eu\/et\/wp-json\/wp\/v2\/media\/42134"}],"wp:attachment":[{"href":"https:\/\/www.axiomams.eu\/et\/wp-json\/wp\/v2\/media?parent=40305"}],"wp:term":[{"taxonomy":"product_brand","embeddable":true,"href":"https:\/\/www.axiomams.eu\/et\/wp-json\/wp\/v2\/product_brand?post=40305"},{"taxonomy":"product_cat","embeddable":true,"href":"https:\/\/www.axiomams.eu\/et\/wp-json\/wp\/v2\/product_cat?post=40305"},{"taxonomy":"product_tag","embeddable":true,"href":"https:\/\/www.axiomams.eu\/et\/wp-json\/wp\/v2\/product_tag?post=40305"}],"curies":[{"name":"wp","href":"https:\/\/api.w.org\/{rel}","templated":true}]}}