{"id":40310,"date":"2025-05-15T18:02:54","date_gmt":"2025-05-15T16:02:54","guid":{"rendered":"https:\/\/www.axiomams.eu\/produktas\/maschek-esm-100-elektrivalja-tester"},"modified":"2026-02-02T14:31:29","modified_gmt":"2026-02-02T12:31:29","slug":"maschek-esm-100-elektrivalja-tester","status":"publish","type":"product","link":"https:\/\/www.axiomams.eu\/et\/produktas\/maschek-esm-100-elektrivalja-tester","title":{"rendered":"Maschek ESM-100 elektriv\u00e4lja tester"},"content":{"rendered":"<p>Elektrivoolul on oluline roll praktiliselt k\u00f5igis eluvaldkondades. Siiski tekitavad pinge ja vool elektrilised ja magnetilised v\u00e4ljad, mis v\u00f5ivad omalt poolt avaldada negatiivset m\u00f5ju tervisele. Lihtne ja lihtne viis kahjulike elektromagnetiliste lekete m\u00f5\u00f5tmiseks on kasutada EMS-100 m\u00f5\u00f5turit.<\/p>\n<p>Standardkomplekt: seade, andur, tarkvara, valguskaabel (5m), kandekott, kasutusjuhend, kalibreerimissertifikaat.<\/p>\n<h3>Tehniline teave:<\/h3>\n<ul>\n<li><a href=\"https:\/\/axiomams.eu\/importer\/export\/attachments\/en\/maschek-esm-100.pdf\" target=\"_blank\">maschek ESM-100.pdf<\/a><\/li>\n<\/ul>\n","protected":false},"excerpt":{"rendered":"<p>Elektrivoolul on oluline roll praktiliselt k\u00f5igis eluvaldkondades. Siiski tekitavad pinge ja vool elektrilised ja magnetilised v\u00e4ljad, mis v\u00f5ivad omalt poolt avaldada negatiivset m\u00f5ju tervisele. Lihtne ja lihtne viis kahjulike elektromagnetiliste lekete m\u00f5\u00f5tmiseks on kasutada EMS-100 m\u00f5\u00f5turit. Standardkomplekt: seade, andur, tarkvara, valguskaabel (5m), kandekott, kasutusjuhend, kalibreerimissertifikaat. Tehniline teave: maschek ESM-100.pdf<\/p>\n","protected":false},"featured_media":42144,"comment_status":"open","ping_status":"closed","template":"","meta":{"_acf_changed":false},"product_brand":[],"product_cat":[17789],"product_tag":[],"class_list":{"0":"post-40310","1":"product","2":"type-product","3":"status-publish","4":"has-post-thumbnail","6":"product_cat-tolmu-elektromagnetvalja-mootmine","8":"first","9":"instock","10":"taxable","11":"shipping-taxable","12":"product-type-simple"},"acf":[],"yoast_head":"<!-- This site is optimized with the Yoast SEO plugin v27.0 - https:\/\/yoast.com\/product\/yoast-seo-wordpress\/ -->\n<title>Maschek ESM-100 elektriv\u00e4lja tester - AXIOMA MS<\/title>\n<meta name=\"robots\" content=\"index, follow, max-snippet:-1, max-image-preview:large, max-video-preview:-1\" \/>\n<link rel=\"canonical\" href=\"https:\/\/www.axiomams.eu\/et\/produktas\/maschek-esm-100-elektrivalja-tester\" \/>\n<meta property=\"og:locale\" content=\"et_EE\" \/>\n<meta property=\"og:type\" content=\"article\" \/>\n<meta property=\"og:title\" content=\"Maschek ESM-100 elektriv\u00e4lja tester - AXIOMA MS\" \/>\n<meta property=\"og:description\" content=\"Elektrivoolul on oluline roll praktiliselt k\u00f5igis eluvaldkondades. Siiski tekitavad pinge ja vool elektrilised ja magnetilised v\u00e4ljad, mis v\u00f5ivad omalt poolt avaldada negatiivset m\u00f5ju tervisele. Lihtne ja lihtne viis kahjulike elektromagnetiliste lekete m\u00f5\u00f5tmiseks on kasutada EMS-100 m\u00f5\u00f5turit. Standardkomplekt: seade, andur, tarkvara, valguskaabel (5m), kandekott, kasutusjuhend, kalibreerimissertifikaat. Tehniline teave: maschek ESM-100.pdf\" \/>\n<meta property=\"og:url\" content=\"https:\/\/www.axiomams.eu\/et\/produktas\/maschek-esm-100-elektrivalja-tester\" \/>\n<meta property=\"og:site_name\" content=\"AXIOMA MS\" \/>\n<meta property=\"article:publisher\" content=\"https:\/\/www.facebook.com\/AxiomaMS\" \/>\n<meta property=\"article:modified_time\" content=\"2026-02-02T12:31:29+00:00\" \/>\n<meta property=\"og:image\" content=\"https:\/\/www.axiomams.eu\/wp-content\/uploads\/2025\/07\/237-653.jpg\" \/>\n\t<meta property=\"og:image:width\" content=\"326\" \/>\n\t<meta property=\"og:image:height\" content=\"326\" \/>\n\t<meta property=\"og:image:type\" content=\"image\/jpeg\" \/>\n<meta name=\"twitter:card\" content=\"summary_large_image\" \/>\n<script type=\"application\/ld+json\" class=\"yoast-schema-graph\">{\"@context\":\"https:\/\/schema.org\",\"@graph\":[{\"@type\":\"WebPage\",\"@id\":\"https:\/\/www.axiomams.eu\/et\/produktas\/maschek-esm-100-elektrivalja-tester\",\"url\":\"https:\/\/www.axiomams.eu\/et\/produktas\/maschek-esm-100-elektrivalja-tester\",\"name\":\"Maschek ESM-100 elektriv\u00e4lja tester - AXIOMA MS\",\"isPartOf\":{\"@id\":\"https:\/\/www.axiomams.eu\/et#website\"},\"primaryImageOfPage\":{\"@id\":\"https:\/\/www.axiomams.eu\/et\/produktas\/maschek-esm-100-elektrivalja-tester#primaryimage\"},\"image\":{\"@id\":\"https:\/\/www.axiomams.eu\/et\/produktas\/maschek-esm-100-elektrivalja-tester#primaryimage\"},\"thumbnailUrl\":\"https:\/\/www.axiomams.eu\/wp-content\/uploads\/2025\/07\/237-653.jpg\",\"datePublished\":\"2025-05-15T16:02:54+00:00\",\"dateModified\":\"2026-02-02T12:31:29+00:00\",\"breadcrumb\":{\"@id\":\"https:\/\/www.axiomams.eu\/et\/produktas\/maschek-esm-100-elektrivalja-tester#breadcrumb\"},\"inLanguage\":\"et\",\"potentialAction\":[{\"@type\":\"ReadAction\",\"target\":[\"https:\/\/www.axiomams.eu\/et\/produktas\/maschek-esm-100-elektrivalja-tester\"]}]},{\"@type\":\"ImageObject\",\"inLanguage\":\"et\",\"@id\":\"https:\/\/www.axiomams.eu\/et\/produktas\/maschek-esm-100-elektrivalja-tester#primaryimage\",\"url\":\"https:\/\/www.axiomams.eu\/wp-content\/uploads\/2025\/07\/237-653.jpg\",\"contentUrl\":\"https:\/\/www.axiomams.eu\/wp-content\/uploads\/2025\/07\/237-653.jpg\",\"width\":326,\"height\":326},{\"@type\":\"BreadcrumbList\",\"@id\":\"https:\/\/www.axiomams.eu\/et\/produktas\/maschek-esm-100-elektrivalja-tester#breadcrumb\",\"itemListElement\":[{\"@type\":\"ListItem\",\"position\":1,\"name\":\"Home\",\"item\":\"https:\/\/www.axiomams.eu\/et\"},{\"@type\":\"ListItem\",\"position\":2,\"name\":\"Tooted\",\"item\":\"https:\/\/www.axiomams.eu\/et\/tooted\"},{\"@type\":\"ListItem\",\"position\":3,\"name\":\"Maschek ESM-100 elektriv\u00e4lja tester\"}]},{\"@type\":\"WebSite\",\"@id\":\"https:\/\/www.axiomams.eu\/et#website\",\"url\":\"https:\/\/www.axiomams.eu\/et\",\"name\":\"AXIOMA MS\",\"description\":\"Terrmovizoriai ir matavimo \u012franga\",\"publisher\":{\"@id\":\"https:\/\/www.axiomams.eu\/et#organization\"},\"potentialAction\":[{\"@type\":\"SearchAction\",\"target\":{\"@type\":\"EntryPoint\",\"urlTemplate\":\"https:\/\/www.axiomams.eu\/et?s={search_term_string}\"},\"query-input\":{\"@type\":\"PropertyValueSpecification\",\"valueRequired\":true,\"valueName\":\"search_term_string\"}}],\"inLanguage\":\"et\"},{\"@type\":\"Organization\",\"@id\":\"https:\/\/www.axiomams.eu\/et#organization\",\"name\":\"AXIOMA MS\",\"url\":\"https:\/\/www.axiomams.eu\/et\",\"logo\":{\"@type\":\"ImageObject\",\"inLanguage\":\"et\",\"@id\":\"https:\/\/www.axiomams.eu\/et#\/schema\/logo\/image\/\",\"url\":\"https:\/\/www.axiomams.eu\/wp-content\/uploads\/2025\/06\/axioma-logo-2.png\",\"contentUrl\":\"https:\/\/www.axiomams.eu\/wp-content\/uploads\/2025\/06\/axioma-logo-2.png\",\"width\":1200,\"height\":1200,\"caption\":\"AXIOMA MS\"},\"image\":{\"@id\":\"https:\/\/www.axiomams.eu\/et#\/schema\/logo\/image\/\"},\"sameAs\":[\"https:\/\/www.facebook.com\/AxiomaMS\",\"https:\/\/www.linkedin.com\/company\/axiomams\/\"]}]}<\/script>\n<!-- \/ Yoast SEO plugin. -->","yoast_head_json":{"title":"Maschek ESM-100 elektriv\u00e4lja tester - AXIOMA MS","robots":{"index":"index","follow":"follow","max-snippet":"max-snippet:-1","max-image-preview":"max-image-preview:large","max-video-preview":"max-video-preview:-1"},"canonical":"https:\/\/www.axiomams.eu\/et\/produktas\/maschek-esm-100-elektrivalja-tester","og_locale":"et_EE","og_type":"article","og_title":"Maschek ESM-100 elektriv\u00e4lja tester - AXIOMA MS","og_description":"Elektrivoolul on oluline roll praktiliselt k\u00f5igis eluvaldkondades. Siiski tekitavad pinge ja vool elektrilised ja magnetilised v\u00e4ljad, mis v\u00f5ivad omalt poolt avaldada negatiivset m\u00f5ju tervisele. Lihtne ja lihtne viis kahjulike elektromagnetiliste lekete m\u00f5\u00f5tmiseks on kasutada EMS-100 m\u00f5\u00f5turit. Standardkomplekt: seade, andur, tarkvara, valguskaabel (5m), kandekott, kasutusjuhend, kalibreerimissertifikaat. Tehniline teave: maschek ESM-100.pdf","og_url":"https:\/\/www.axiomams.eu\/et\/produktas\/maschek-esm-100-elektrivalja-tester","og_site_name":"AXIOMA MS","article_publisher":"https:\/\/www.facebook.com\/AxiomaMS","article_modified_time":"2026-02-02T12:31:29+00:00","og_image":[{"width":326,"height":326,"url":"https:\/\/www.axiomams.eu\/wp-content\/uploads\/2025\/07\/237-653.jpg","type":"image\/jpeg"}],"twitter_card":"summary_large_image","schema":{"@context":"https:\/\/schema.org","@graph":[{"@type":"WebPage","@id":"https:\/\/www.axiomams.eu\/et\/produktas\/maschek-esm-100-elektrivalja-tester","url":"https:\/\/www.axiomams.eu\/et\/produktas\/maschek-esm-100-elektrivalja-tester","name":"Maschek ESM-100 elektriv\u00e4lja tester - AXIOMA MS","isPartOf":{"@id":"https:\/\/www.axiomams.eu\/et#website"},"primaryImageOfPage":{"@id":"https:\/\/www.axiomams.eu\/et\/produktas\/maschek-esm-100-elektrivalja-tester#primaryimage"},"image":{"@id":"https:\/\/www.axiomams.eu\/et\/produktas\/maschek-esm-100-elektrivalja-tester#primaryimage"},"thumbnailUrl":"https:\/\/www.axiomams.eu\/wp-content\/uploads\/2025\/07\/237-653.jpg","datePublished":"2025-05-15T16:02:54+00:00","dateModified":"2026-02-02T12:31:29+00:00","breadcrumb":{"@id":"https:\/\/www.axiomams.eu\/et\/produktas\/maschek-esm-100-elektrivalja-tester#breadcrumb"},"inLanguage":"et","potentialAction":[{"@type":"ReadAction","target":["https:\/\/www.axiomams.eu\/et\/produktas\/maschek-esm-100-elektrivalja-tester"]}]},{"@type":"ImageObject","inLanguage":"et","@id":"https:\/\/www.axiomams.eu\/et\/produktas\/maschek-esm-100-elektrivalja-tester#primaryimage","url":"https:\/\/www.axiomams.eu\/wp-content\/uploads\/2025\/07\/237-653.jpg","contentUrl":"https:\/\/www.axiomams.eu\/wp-content\/uploads\/2025\/07\/237-653.jpg","width":326,"height":326},{"@type":"BreadcrumbList","@id":"https:\/\/www.axiomams.eu\/et\/produktas\/maschek-esm-100-elektrivalja-tester#breadcrumb","itemListElement":[{"@type":"ListItem","position":1,"name":"Home","item":"https:\/\/www.axiomams.eu\/et"},{"@type":"ListItem","position":2,"name":"Tooted","item":"https:\/\/www.axiomams.eu\/et\/tooted"},{"@type":"ListItem","position":3,"name":"Maschek ESM-100 elektriv\u00e4lja tester"}]},{"@type":"WebSite","@id":"https:\/\/www.axiomams.eu\/et#website","url":"https:\/\/www.axiomams.eu\/et","name":"AXIOMA MS","description":"Terrmovizoriai ir matavimo \u012franga","publisher":{"@id":"https:\/\/www.axiomams.eu\/et#organization"},"potentialAction":[{"@type":"SearchAction","target":{"@type":"EntryPoint","urlTemplate":"https:\/\/www.axiomams.eu\/et?s={search_term_string}"},"query-input":{"@type":"PropertyValueSpecification","valueRequired":true,"valueName":"search_term_string"}}],"inLanguage":"et"},{"@type":"Organization","@id":"https:\/\/www.axiomams.eu\/et#organization","name":"AXIOMA MS","url":"https:\/\/www.axiomams.eu\/et","logo":{"@type":"ImageObject","inLanguage":"et","@id":"https:\/\/www.axiomams.eu\/et#\/schema\/logo\/image\/","url":"https:\/\/www.axiomams.eu\/wp-content\/uploads\/2025\/06\/axioma-logo-2.png","contentUrl":"https:\/\/www.axiomams.eu\/wp-content\/uploads\/2025\/06\/axioma-logo-2.png","width":1200,"height":1200,"caption":"AXIOMA MS"},"image":{"@id":"https:\/\/www.axiomams.eu\/et#\/schema\/logo\/image\/"},"sameAs":["https:\/\/www.facebook.com\/AxiomaMS","https:\/\/www.linkedin.com\/company\/axiomams\/"]}]}},"_links":{"self":[{"href":"https:\/\/www.axiomams.eu\/et\/wp-json\/wp\/v2\/product\/40310","targetHints":{"allow":["GET"]}}],"collection":[{"href":"https:\/\/www.axiomams.eu\/et\/wp-json\/wp\/v2\/product"}],"about":[{"href":"https:\/\/www.axiomams.eu\/et\/wp-json\/wp\/v2\/types\/product"}],"replies":[{"embeddable":true,"href":"https:\/\/www.axiomams.eu\/et\/wp-json\/wp\/v2\/comments?post=40310"}],"wp:featuredmedia":[{"embeddable":true,"href":"https:\/\/www.axiomams.eu\/et\/wp-json\/wp\/v2\/media\/42144"}],"wp:attachment":[{"href":"https:\/\/www.axiomams.eu\/et\/wp-json\/wp\/v2\/media?parent=40310"}],"wp:term":[{"taxonomy":"product_brand","embeddable":true,"href":"https:\/\/www.axiomams.eu\/et\/wp-json\/wp\/v2\/product_brand?post=40310"},{"taxonomy":"product_cat","embeddable":true,"href":"https:\/\/www.axiomams.eu\/et\/wp-json\/wp\/v2\/product_cat?post=40310"},{"taxonomy":"product_tag","embeddable":true,"href":"https:\/\/www.axiomams.eu\/et\/wp-json\/wp\/v2\/product_tag?post=40310"}],"curies":[{"name":"wp","href":"https:\/\/api.w.org\/{rel}","templated":true}]}}