{"id":40316,"date":"2025-06-12T14:26:19","date_gmt":"2025-06-12T12:26:19","guid":{"rendered":"https:\/\/www.axiomams.eu\/produktas\/metrel-md-1160-pingeandur"},"modified":"2026-02-02T14:31:33","modified_gmt":"2026-02-02T12:31:33","slug":"metrel-md-1160-pingeandur","status":"publish","type":"product","link":"https:\/\/www.axiomams.eu\/et\/produktas\/metrel-md-1160-pingeandur","title":{"rendered":"Metrel MD 1160 pingeandur"},"content":{"rendered":"<p>Metrel MD 1160 on multifunktsionaalne pinge-\/kontinuiteedi tester. T\u00e4nu oma laiale m\u00f5\u00f5tefunktsioonide spektrile sobib see nii koduseks kasutamiseks kui ka kaubandus- ja t\u00f6\u00f6stussektoris.<\/p>\n<p>Standardkomplekt: Metrel MD 1160 pinge tester, AAA-t\u00fc\u00fcpi patareid, kinnine katsesondi kaitse, plastikust katsesondi kaitse, kasutusjuhend.<\/p>\n<h3>Tehniline teave:<\/h3>\n<ul>\n<li><a href=\"https:\/\/axiomams.eu\/importer\/export\/attachments\/en\/metrel-md-1160.pdf\" target=\"_blank\">Metrel MD 1160.pdf<\/a><\/li>\n<\/ul>\n","protected":false},"excerpt":{"rendered":"<p>Metrel MD 1160 on multifunktsionaalne pinge-\/kontinuiteedi tester. T\u00e4nu oma laiale m\u00f5\u00f5tefunktsioonide spektrile sobib see nii koduseks kasutamiseks kui ka kaubandus- ja t\u00f6\u00f6stussektoris. Standardkomplekt: Metrel MD 1160 pinge tester, AAA-t\u00fc\u00fcpi patareid, kinnine katsesondi kaitse, plastikust katsesondi kaitse, kasutusjuhend. Tehniline teave: Metrel MD 1160.pdf<\/p>\n","protected":false},"featured_media":36482,"comment_status":"open","ping_status":"closed","template":"","meta":{"_acf_changed":false},"product_brand":[732],"product_cat":[17785],"product_tag":[],"class_list":{"0":"post-40316","1":"product","2":"type-product","3":"status-publish","4":"has-post-thumbnail","6":"product_brand-metrel","7":"product_cat-elektrikutele-ja-energeetikainseneridele","9":"first","10":"instock","11":"taxable","12":"shipping-taxable","13":"purchasable","14":"product-type-simple"},"acf":[],"yoast_head":"<!-- This site is optimized with the Yoast SEO plugin v27.0 - https:\/\/yoast.com\/product\/yoast-seo-wordpress\/ -->\n<title>Metrel MD 1160 pingeandur - AXIOMA MS<\/title>\n<meta name=\"robots\" content=\"index, follow, max-snippet:-1, max-image-preview:large, max-video-preview:-1\" \/>\n<link rel=\"canonical\" href=\"https:\/\/www.axiomams.eu\/et\/produktas\/metrel-md-1160-pingeandur\" \/>\n<meta property=\"og:locale\" content=\"et_EE\" \/>\n<meta property=\"og:type\" content=\"article\" \/>\n<meta property=\"og:title\" content=\"Metrel MD 1160 pingeandur - AXIOMA MS\" \/>\n<meta property=\"og:description\" content=\"Metrel MD 1160 on multifunktsionaalne pinge-\/kontinuiteedi tester. T\u00e4nu oma laiale m\u00f5\u00f5tefunktsioonide spektrile sobib see nii koduseks kasutamiseks kui ka kaubandus- ja t\u00f6\u00f6stussektoris. Standardkomplekt: Metrel MD 1160 pinge tester, AAA-t\u00fc\u00fcpi patareid, kinnine katsesondi kaitse, plastikust katsesondi kaitse, kasutusjuhend. Tehniline teave: Metrel MD 1160.pdf\" \/>\n<meta property=\"og:url\" content=\"https:\/\/www.axiomams.eu\/et\/produktas\/metrel-md-1160-pingeandur\" \/>\n<meta property=\"og:site_name\" content=\"AXIOMA MS\" \/>\n<meta property=\"article:publisher\" content=\"https:\/\/www.facebook.com\/AxiomaMS\" \/>\n<meta property=\"article:modified_time\" content=\"2026-02-02T12:31:33+00:00\" \/>\n<meta property=\"og:image\" content=\"https:\/\/www.axiomams.eu\/wp-content\/uploads\/2025\/07\/1315-1680.jpg\" \/>\n\t<meta property=\"og:image:width\" content=\"800\" \/>\n\t<meta property=\"og:image:height\" content=\"600\" \/>\n\t<meta property=\"og:image:type\" content=\"image\/jpeg\" \/>\n<meta name=\"twitter:card\" content=\"summary_large_image\" \/>\n<script type=\"application\/ld+json\" class=\"yoast-schema-graph\">{\"@context\":\"https:\/\/schema.org\",\"@graph\":[{\"@type\":\"WebPage\",\"@id\":\"https:\/\/www.axiomams.eu\/et\/produktas\/metrel-md-1160-pingeandur\",\"url\":\"https:\/\/www.axiomams.eu\/et\/produktas\/metrel-md-1160-pingeandur\",\"name\":\"Metrel MD 1160 pingeandur - AXIOMA MS\",\"isPartOf\":{\"@id\":\"https:\/\/www.axiomams.eu\/et#website\"},\"primaryImageOfPage\":{\"@id\":\"https:\/\/www.axiomams.eu\/et\/produktas\/metrel-md-1160-pingeandur#primaryimage\"},\"image\":{\"@id\":\"https:\/\/www.axiomams.eu\/et\/produktas\/metrel-md-1160-pingeandur#primaryimage\"},\"thumbnailUrl\":\"https:\/\/www.axiomams.eu\/wp-content\/uploads\/2025\/07\/1315-1680.jpg\",\"datePublished\":\"2025-06-12T12:26:19+00:00\",\"dateModified\":\"2026-02-02T12:31:33+00:00\",\"breadcrumb\":{\"@id\":\"https:\/\/www.axiomams.eu\/et\/produktas\/metrel-md-1160-pingeandur#breadcrumb\"},\"inLanguage\":\"et\",\"potentialAction\":[{\"@type\":\"ReadAction\",\"target\":[\"https:\/\/www.axiomams.eu\/et\/produktas\/metrel-md-1160-pingeandur\"]}]},{\"@type\":\"ImageObject\",\"inLanguage\":\"et\",\"@id\":\"https:\/\/www.axiomams.eu\/et\/produktas\/metrel-md-1160-pingeandur#primaryimage\",\"url\":\"https:\/\/www.axiomams.eu\/wp-content\/uploads\/2025\/07\/1315-1680.jpg\",\"contentUrl\":\"https:\/\/www.axiomams.eu\/wp-content\/uploads\/2025\/07\/1315-1680.jpg\",\"width\":800,\"height\":600},{\"@type\":\"BreadcrumbList\",\"@id\":\"https:\/\/www.axiomams.eu\/et\/produktas\/metrel-md-1160-pingeandur#breadcrumb\",\"itemListElement\":[{\"@type\":\"ListItem\",\"position\":1,\"name\":\"Home\",\"item\":\"https:\/\/www.axiomams.eu\/et\"},{\"@type\":\"ListItem\",\"position\":2,\"name\":\"Tooted\",\"item\":\"https:\/\/www.axiomams.eu\/et\/tooted\"},{\"@type\":\"ListItem\",\"position\":3,\"name\":\"Metrel MD 1160 pingeandur\"}]},{\"@type\":\"WebSite\",\"@id\":\"https:\/\/www.axiomams.eu\/et#website\",\"url\":\"https:\/\/www.axiomams.eu\/et\",\"name\":\"AXIOMA MS\",\"description\":\"Terrmovizoriai ir matavimo \u012franga\",\"publisher\":{\"@id\":\"https:\/\/www.axiomams.eu\/et#organization\"},\"potentialAction\":[{\"@type\":\"SearchAction\",\"target\":{\"@type\":\"EntryPoint\",\"urlTemplate\":\"https:\/\/www.axiomams.eu\/et?s={search_term_string}\"},\"query-input\":{\"@type\":\"PropertyValueSpecification\",\"valueRequired\":true,\"valueName\":\"search_term_string\"}}],\"inLanguage\":\"et\"},{\"@type\":\"Organization\",\"@id\":\"https:\/\/www.axiomams.eu\/et#organization\",\"name\":\"AXIOMA MS\",\"url\":\"https:\/\/www.axiomams.eu\/et\",\"logo\":{\"@type\":\"ImageObject\",\"inLanguage\":\"et\",\"@id\":\"https:\/\/www.axiomams.eu\/et#\/schema\/logo\/image\/\",\"url\":\"https:\/\/www.axiomams.eu\/wp-content\/uploads\/2025\/06\/axioma-logo-2.png\",\"contentUrl\":\"https:\/\/www.axiomams.eu\/wp-content\/uploads\/2025\/06\/axioma-logo-2.png\",\"width\":1200,\"height\":1200,\"caption\":\"AXIOMA MS\"},\"image\":{\"@id\":\"https:\/\/www.axiomams.eu\/et#\/schema\/logo\/image\/\"},\"sameAs\":[\"https:\/\/www.facebook.com\/AxiomaMS\",\"https:\/\/www.linkedin.com\/company\/axiomams\/\"]}]}<\/script>\n<!-- \/ Yoast SEO plugin. -->","yoast_head_json":{"title":"Metrel MD 1160 pingeandur - AXIOMA MS","robots":{"index":"index","follow":"follow","max-snippet":"max-snippet:-1","max-image-preview":"max-image-preview:large","max-video-preview":"max-video-preview:-1"},"canonical":"https:\/\/www.axiomams.eu\/et\/produktas\/metrel-md-1160-pingeandur","og_locale":"et_EE","og_type":"article","og_title":"Metrel MD 1160 pingeandur - AXIOMA MS","og_description":"Metrel MD 1160 on multifunktsionaalne pinge-\/kontinuiteedi tester. T\u00e4nu oma laiale m\u00f5\u00f5tefunktsioonide spektrile sobib see nii koduseks kasutamiseks kui ka kaubandus- ja t\u00f6\u00f6stussektoris. Standardkomplekt: Metrel MD 1160 pinge tester, AAA-t\u00fc\u00fcpi patareid, kinnine katsesondi kaitse, plastikust katsesondi kaitse, kasutusjuhend. Tehniline teave: Metrel MD 1160.pdf","og_url":"https:\/\/www.axiomams.eu\/et\/produktas\/metrel-md-1160-pingeandur","og_site_name":"AXIOMA MS","article_publisher":"https:\/\/www.facebook.com\/AxiomaMS","article_modified_time":"2026-02-02T12:31:33+00:00","og_image":[{"width":800,"height":600,"url":"https:\/\/www.axiomams.eu\/wp-content\/uploads\/2025\/07\/1315-1680.jpg","type":"image\/jpeg"}],"twitter_card":"summary_large_image","schema":{"@context":"https:\/\/schema.org","@graph":[{"@type":"WebPage","@id":"https:\/\/www.axiomams.eu\/et\/produktas\/metrel-md-1160-pingeandur","url":"https:\/\/www.axiomams.eu\/et\/produktas\/metrel-md-1160-pingeandur","name":"Metrel MD 1160 pingeandur - AXIOMA MS","isPartOf":{"@id":"https:\/\/www.axiomams.eu\/et#website"},"primaryImageOfPage":{"@id":"https:\/\/www.axiomams.eu\/et\/produktas\/metrel-md-1160-pingeandur#primaryimage"},"image":{"@id":"https:\/\/www.axiomams.eu\/et\/produktas\/metrel-md-1160-pingeandur#primaryimage"},"thumbnailUrl":"https:\/\/www.axiomams.eu\/wp-content\/uploads\/2025\/07\/1315-1680.jpg","datePublished":"2025-06-12T12:26:19+00:00","dateModified":"2026-02-02T12:31:33+00:00","breadcrumb":{"@id":"https:\/\/www.axiomams.eu\/et\/produktas\/metrel-md-1160-pingeandur#breadcrumb"},"inLanguage":"et","potentialAction":[{"@type":"ReadAction","target":["https:\/\/www.axiomams.eu\/et\/produktas\/metrel-md-1160-pingeandur"]}]},{"@type":"ImageObject","inLanguage":"et","@id":"https:\/\/www.axiomams.eu\/et\/produktas\/metrel-md-1160-pingeandur#primaryimage","url":"https:\/\/www.axiomams.eu\/wp-content\/uploads\/2025\/07\/1315-1680.jpg","contentUrl":"https:\/\/www.axiomams.eu\/wp-content\/uploads\/2025\/07\/1315-1680.jpg","width":800,"height":600},{"@type":"BreadcrumbList","@id":"https:\/\/www.axiomams.eu\/et\/produktas\/metrel-md-1160-pingeandur#breadcrumb","itemListElement":[{"@type":"ListItem","position":1,"name":"Home","item":"https:\/\/www.axiomams.eu\/et"},{"@type":"ListItem","position":2,"name":"Tooted","item":"https:\/\/www.axiomams.eu\/et\/tooted"},{"@type":"ListItem","position":3,"name":"Metrel MD 1160 pingeandur"}]},{"@type":"WebSite","@id":"https:\/\/www.axiomams.eu\/et#website","url":"https:\/\/www.axiomams.eu\/et","name":"AXIOMA MS","description":"Terrmovizoriai ir matavimo \u012franga","publisher":{"@id":"https:\/\/www.axiomams.eu\/et#organization"},"potentialAction":[{"@type":"SearchAction","target":{"@type":"EntryPoint","urlTemplate":"https:\/\/www.axiomams.eu\/et?s={search_term_string}"},"query-input":{"@type":"PropertyValueSpecification","valueRequired":true,"valueName":"search_term_string"}}],"inLanguage":"et"},{"@type":"Organization","@id":"https:\/\/www.axiomams.eu\/et#organization","name":"AXIOMA MS","url":"https:\/\/www.axiomams.eu\/et","logo":{"@type":"ImageObject","inLanguage":"et","@id":"https:\/\/www.axiomams.eu\/et#\/schema\/logo\/image\/","url":"https:\/\/www.axiomams.eu\/wp-content\/uploads\/2025\/06\/axioma-logo-2.png","contentUrl":"https:\/\/www.axiomams.eu\/wp-content\/uploads\/2025\/06\/axioma-logo-2.png","width":1200,"height":1200,"caption":"AXIOMA MS"},"image":{"@id":"https:\/\/www.axiomams.eu\/et#\/schema\/logo\/image\/"},"sameAs":["https:\/\/www.facebook.com\/AxiomaMS","https:\/\/www.linkedin.com\/company\/axiomams\/"]}]}},"_links":{"self":[{"href":"https:\/\/www.axiomams.eu\/et\/wp-json\/wp\/v2\/product\/40316","targetHints":{"allow":["GET"]}}],"collection":[{"href":"https:\/\/www.axiomams.eu\/et\/wp-json\/wp\/v2\/product"}],"about":[{"href":"https:\/\/www.axiomams.eu\/et\/wp-json\/wp\/v2\/types\/product"}],"replies":[{"embeddable":true,"href":"https:\/\/www.axiomams.eu\/et\/wp-json\/wp\/v2\/comments?post=40316"}],"wp:featuredmedia":[{"embeddable":true,"href":"https:\/\/www.axiomams.eu\/et\/wp-json\/wp\/v2\/media\/36482"}],"wp:attachment":[{"href":"https:\/\/www.axiomams.eu\/et\/wp-json\/wp\/v2\/media?parent=40316"}],"wp:term":[{"taxonomy":"product_brand","embeddable":true,"href":"https:\/\/www.axiomams.eu\/et\/wp-json\/wp\/v2\/product_brand?post=40316"},{"taxonomy":"product_cat","embeddable":true,"href":"https:\/\/www.axiomams.eu\/et\/wp-json\/wp\/v2\/product_cat?post=40316"},{"taxonomy":"product_tag","embeddable":true,"href":"https:\/\/www.axiomams.eu\/et\/wp-json\/wp\/v2\/product_tag?post=40316"}],"curies":[{"name":"wp","href":"https:\/\/api.w.org\/{rel}","templated":true}]}}