{"id":40325,"date":"2025-05-15T18:03:15","date_gmt":"2025-05-15T16:03:15","guid":{"rendered":"https:\/\/www.axiomams.eu\/produktas\/metrel-md-9273-vooluklamber"},"modified":"2026-02-02T14:31:37","modified_gmt":"2026-02-02T12:31:37","slug":"metrel-md-9273-vooluklamber","status":"publish","type":"product","link":"https:\/\/www.axiomams.eu\/et\/produktas\/metrel-md-9273-vooluklamber","title":{"rendered":"Metrel MD 9273 &#8211; vooluklamber"},"content":{"rendered":"<p>Metrel MD 9273 on Bluetooth-\u00fchendusega laiendus Metrel multifunktsionaalsetele testritele MI 3155, MI 3152 ja MI 3325. Koos kasutatuna moodustavad nad meeskonna andmete m\u00f5\u00f5tmiseks turvalisest kaugusest. Multifunktsionaalsed seadmed v\u00f5ivad salvestada MD 9273 m\u00f5\u00f5tmise sissevoolu ja kuvada andmed tabelina v\u00f5i graafikuna v\u00f5i neid saab kasutada 128 Hz signaali genereerimiseks, mida MD 9273 saab filtreerida ja j\u00e4lgida kaabli j\u00e4lgimiseks. Kui see toimib kaugseireandurina, v\u00f5ib see saata andmeid voolu, pinge, v\u00f5imsuse ja harmooniliste v\u00e4\u00e4rtuste kohta. Teisest k\u00fcljest on tegemist iseseisva m\u00f5\u00f5teriistaga, millel on t\u00e4iustatud t\u00e4psus, konstruktsioon ja uued funktsioonid, nagu VFD-filter. See suudab t\u00e4pselt lugeda s\u00fcsteemi TRMS-vahelduvvoolutugevust, tuvastada s\u00fcsteemis esinevaid kadusid, teha ettepanekuid kadude v\u00f5imalikeks p\u00f5hjusteks, tajuda signaalis olevaid harmoonikuid ja teha p\u00f5hilisi elektrikvaliteedi teste.<\/p>\n<p>Standardkomplekt: Metrel MD 9273, testjuhtmed koos sondiga, 2 tk, AMD 9028 Alligatorklamber, 2 tk, 1,5 V patarei, t\u00fc\u00fcp AA, 2 tk, kotike, kasutusjuhend, kalibreerimissertifikaat.<\/p>\n<h3>Tehniline teave:<\/h3>\n<ul>\n<li><a href=\"https:\/\/axiomams.eu\/importer\/export\/attachments\/en\/metrel-md-9273.pdf\" target=\"_blank\">Metrel MD 9273.pdf<\/a><\/li>\n<\/ul>\n","protected":false},"excerpt":{"rendered":"<p>Metrel MD 9273 on Bluetooth-\u00fchendusega laiendus Metrel multifunktsionaalsetele testritele MI 3155, MI 3152 ja MI 3325. Koos kasutatuna moodustavad nad meeskonna andmete m\u00f5\u00f5tmiseks turvalisest kaugusest. Multifunktsionaalsed seadmed v\u00f5ivad salvestada MD 9273 m\u00f5\u00f5tmise sissevoolu ja kuvada andmed tabelina v\u00f5i graafikuna v\u00f5i neid saab kasutada 128 Hz signaali genereerimiseks, mida MD 9273 saab filtreerida ja j\u00e4lgida kaabli&#8230;<\/p>\n","protected":false},"featured_media":42172,"comment_status":"open","ping_status":"closed","template":"","meta":{"_acf_changed":false},"product_brand":[732],"product_cat":[17785],"product_tag":[],"class_list":{"0":"post-40325","1":"product","2":"type-product","3":"status-publish","4":"has-post-thumbnail","6":"product_brand-metrel","7":"product_cat-elektrikutele-ja-energeetikainseneridele","9":"first","10":"instock","11":"taxable","12":"shipping-taxable","13":"purchasable","14":"product-type-simple"},"acf":[],"yoast_head":"<!-- This site is optimized with the Yoast SEO plugin v27.0 - https:\/\/yoast.com\/product\/yoast-seo-wordpress\/ -->\n<title>Metrel MD 9273 - vooluklamber - AXIOMA MS<\/title>\n<meta name=\"robots\" content=\"index, follow, max-snippet:-1, max-image-preview:large, max-video-preview:-1\" \/>\n<link rel=\"canonical\" href=\"https:\/\/www.axiomams.eu\/et\/produktas\/metrel-md-9273-vooluklamber\" \/>\n<meta property=\"og:locale\" content=\"et_EE\" \/>\n<meta property=\"og:type\" content=\"article\" \/>\n<meta property=\"og:title\" content=\"Metrel MD 9273 - vooluklamber - AXIOMA MS\" \/>\n<meta property=\"og:description\" content=\"Metrel MD 9273 on Bluetooth-\u00fchendusega laiendus Metrel multifunktsionaalsetele testritele MI 3155, MI 3152 ja MI 3325. Koos kasutatuna moodustavad nad meeskonna andmete m\u00f5\u00f5tmiseks turvalisest kaugusest. Multifunktsionaalsed seadmed v\u00f5ivad salvestada MD 9273 m\u00f5\u00f5tmise sissevoolu ja kuvada andmed tabelina v\u00f5i graafikuna v\u00f5i neid saab kasutada 128 Hz signaali genereerimiseks, mida MD 9273 saab filtreerida ja j\u00e4lgida kaabli...\" \/>\n<meta property=\"og:url\" content=\"https:\/\/www.axiomams.eu\/et\/produktas\/metrel-md-9273-vooluklamber\" \/>\n<meta property=\"og:site_name\" content=\"AXIOMA MS\" \/>\n<meta property=\"article:publisher\" content=\"https:\/\/www.facebook.com\/AxiomaMS\" \/>\n<meta property=\"article:modified_time\" content=\"2026-02-02T12:31:37+00:00\" \/>\n<meta property=\"og:image\" content=\"https:\/\/www.axiomams.eu\/wp-content\/uploads\/2025\/07\/3382-6036.jpg\" \/>\n\t<meta property=\"og:image:width\" content=\"1020\" \/>\n\t<meta property=\"og:image:height\" content=\"1020\" \/>\n\t<meta property=\"og:image:type\" content=\"image\/jpeg\" \/>\n<meta name=\"twitter:card\" content=\"summary_large_image\" \/>\n<meta name=\"twitter:label1\" content=\"Est. reading time\" \/>\n\t<meta name=\"twitter:data1\" content=\"1 minut\" \/>\n<script type=\"application\/ld+json\" class=\"yoast-schema-graph\">{\"@context\":\"https:\/\/schema.org\",\"@graph\":[{\"@type\":\"WebPage\",\"@id\":\"https:\/\/www.axiomams.eu\/et\/produktas\/metrel-md-9273-vooluklamber\",\"url\":\"https:\/\/www.axiomams.eu\/et\/produktas\/metrel-md-9273-vooluklamber\",\"name\":\"Metrel MD 9273 - vooluklamber - AXIOMA MS\",\"isPartOf\":{\"@id\":\"https:\/\/www.axiomams.eu\/et#website\"},\"primaryImageOfPage\":{\"@id\":\"https:\/\/www.axiomams.eu\/et\/produktas\/metrel-md-9273-vooluklamber#primaryimage\"},\"image\":{\"@id\":\"https:\/\/www.axiomams.eu\/et\/produktas\/metrel-md-9273-vooluklamber#primaryimage\"},\"thumbnailUrl\":\"https:\/\/www.axiomams.eu\/wp-content\/uploads\/2025\/07\/3382-6036.jpg\",\"datePublished\":\"2025-05-15T16:03:15+00:00\",\"dateModified\":\"2026-02-02T12:31:37+00:00\",\"breadcrumb\":{\"@id\":\"https:\/\/www.axiomams.eu\/et\/produktas\/metrel-md-9273-vooluklamber#breadcrumb\"},\"inLanguage\":\"et\",\"potentialAction\":[{\"@type\":\"ReadAction\",\"target\":[\"https:\/\/www.axiomams.eu\/et\/produktas\/metrel-md-9273-vooluklamber\"]}]},{\"@type\":\"ImageObject\",\"inLanguage\":\"et\",\"@id\":\"https:\/\/www.axiomams.eu\/et\/produktas\/metrel-md-9273-vooluklamber#primaryimage\",\"url\":\"https:\/\/www.axiomams.eu\/wp-content\/uploads\/2025\/07\/3382-6036.jpg\",\"contentUrl\":\"https:\/\/www.axiomams.eu\/wp-content\/uploads\/2025\/07\/3382-6036.jpg\",\"width\":1020,\"height\":1020},{\"@type\":\"BreadcrumbList\",\"@id\":\"https:\/\/www.axiomams.eu\/et\/produktas\/metrel-md-9273-vooluklamber#breadcrumb\",\"itemListElement\":[{\"@type\":\"ListItem\",\"position\":1,\"name\":\"Home\",\"item\":\"https:\/\/www.axiomams.eu\/et\"},{\"@type\":\"ListItem\",\"position\":2,\"name\":\"Tooted\",\"item\":\"https:\/\/www.axiomams.eu\/et\/tooted\"},{\"@type\":\"ListItem\",\"position\":3,\"name\":\"Metrel MD 9273 &#8211; vooluklamber\"}]},{\"@type\":\"WebSite\",\"@id\":\"https:\/\/www.axiomams.eu\/et#website\",\"url\":\"https:\/\/www.axiomams.eu\/et\",\"name\":\"AXIOMA MS\",\"description\":\"Terrmovizoriai ir matavimo \u012franga\",\"publisher\":{\"@id\":\"https:\/\/www.axiomams.eu\/et#organization\"},\"potentialAction\":[{\"@type\":\"SearchAction\",\"target\":{\"@type\":\"EntryPoint\",\"urlTemplate\":\"https:\/\/www.axiomams.eu\/et?s={search_term_string}\"},\"query-input\":{\"@type\":\"PropertyValueSpecification\",\"valueRequired\":true,\"valueName\":\"search_term_string\"}}],\"inLanguage\":\"et\"},{\"@type\":\"Organization\",\"@id\":\"https:\/\/www.axiomams.eu\/et#organization\",\"name\":\"AXIOMA MS\",\"url\":\"https:\/\/www.axiomams.eu\/et\",\"logo\":{\"@type\":\"ImageObject\",\"inLanguage\":\"et\",\"@id\":\"https:\/\/www.axiomams.eu\/et#\/schema\/logo\/image\/\",\"url\":\"https:\/\/www.axiomams.eu\/wp-content\/uploads\/2025\/06\/axioma-logo-2.png\",\"contentUrl\":\"https:\/\/www.axiomams.eu\/wp-content\/uploads\/2025\/06\/axioma-logo-2.png\",\"width\":1200,\"height\":1200,\"caption\":\"AXIOMA MS\"},\"image\":{\"@id\":\"https:\/\/www.axiomams.eu\/et#\/schema\/logo\/image\/\"},\"sameAs\":[\"https:\/\/www.facebook.com\/AxiomaMS\",\"https:\/\/www.linkedin.com\/company\/axiomams\/\"]}]}<\/script>\n<!-- \/ Yoast SEO plugin. -->","yoast_head_json":{"title":"Metrel MD 9273 - vooluklamber - AXIOMA MS","robots":{"index":"index","follow":"follow","max-snippet":"max-snippet:-1","max-image-preview":"max-image-preview:large","max-video-preview":"max-video-preview:-1"},"canonical":"https:\/\/www.axiomams.eu\/et\/produktas\/metrel-md-9273-vooluklamber","og_locale":"et_EE","og_type":"article","og_title":"Metrel MD 9273 - vooluklamber - AXIOMA MS","og_description":"Metrel MD 9273 on Bluetooth-\u00fchendusega laiendus Metrel multifunktsionaalsetele testritele MI 3155, MI 3152 ja MI 3325. Koos kasutatuna moodustavad nad meeskonna andmete m\u00f5\u00f5tmiseks turvalisest kaugusest. Multifunktsionaalsed seadmed v\u00f5ivad salvestada MD 9273 m\u00f5\u00f5tmise sissevoolu ja kuvada andmed tabelina v\u00f5i graafikuna v\u00f5i neid saab kasutada 128 Hz signaali genereerimiseks, mida MD 9273 saab filtreerida ja j\u00e4lgida kaabli...","og_url":"https:\/\/www.axiomams.eu\/et\/produktas\/metrel-md-9273-vooluklamber","og_site_name":"AXIOMA MS","article_publisher":"https:\/\/www.facebook.com\/AxiomaMS","article_modified_time":"2026-02-02T12:31:37+00:00","og_image":[{"width":1020,"height":1020,"url":"https:\/\/www.axiomams.eu\/wp-content\/uploads\/2025\/07\/3382-6036.jpg","type":"image\/jpeg"}],"twitter_card":"summary_large_image","twitter_misc":{"Est. reading time":"1 minut"},"schema":{"@context":"https:\/\/schema.org","@graph":[{"@type":"WebPage","@id":"https:\/\/www.axiomams.eu\/et\/produktas\/metrel-md-9273-vooluklamber","url":"https:\/\/www.axiomams.eu\/et\/produktas\/metrel-md-9273-vooluklamber","name":"Metrel MD 9273 - vooluklamber - AXIOMA MS","isPartOf":{"@id":"https:\/\/www.axiomams.eu\/et#website"},"primaryImageOfPage":{"@id":"https:\/\/www.axiomams.eu\/et\/produktas\/metrel-md-9273-vooluklamber#primaryimage"},"image":{"@id":"https:\/\/www.axiomams.eu\/et\/produktas\/metrel-md-9273-vooluklamber#primaryimage"},"thumbnailUrl":"https:\/\/www.axiomams.eu\/wp-content\/uploads\/2025\/07\/3382-6036.jpg","datePublished":"2025-05-15T16:03:15+00:00","dateModified":"2026-02-02T12:31:37+00:00","breadcrumb":{"@id":"https:\/\/www.axiomams.eu\/et\/produktas\/metrel-md-9273-vooluklamber#breadcrumb"},"inLanguage":"et","potentialAction":[{"@type":"ReadAction","target":["https:\/\/www.axiomams.eu\/et\/produktas\/metrel-md-9273-vooluklamber"]}]},{"@type":"ImageObject","inLanguage":"et","@id":"https:\/\/www.axiomams.eu\/et\/produktas\/metrel-md-9273-vooluklamber#primaryimage","url":"https:\/\/www.axiomams.eu\/wp-content\/uploads\/2025\/07\/3382-6036.jpg","contentUrl":"https:\/\/www.axiomams.eu\/wp-content\/uploads\/2025\/07\/3382-6036.jpg","width":1020,"height":1020},{"@type":"BreadcrumbList","@id":"https:\/\/www.axiomams.eu\/et\/produktas\/metrel-md-9273-vooluklamber#breadcrumb","itemListElement":[{"@type":"ListItem","position":1,"name":"Home","item":"https:\/\/www.axiomams.eu\/et"},{"@type":"ListItem","position":2,"name":"Tooted","item":"https:\/\/www.axiomams.eu\/et\/tooted"},{"@type":"ListItem","position":3,"name":"Metrel MD 9273 &#8211; vooluklamber"}]},{"@type":"WebSite","@id":"https:\/\/www.axiomams.eu\/et#website","url":"https:\/\/www.axiomams.eu\/et","name":"AXIOMA MS","description":"Terrmovizoriai ir matavimo \u012franga","publisher":{"@id":"https:\/\/www.axiomams.eu\/et#organization"},"potentialAction":[{"@type":"SearchAction","target":{"@type":"EntryPoint","urlTemplate":"https:\/\/www.axiomams.eu\/et?s={search_term_string}"},"query-input":{"@type":"PropertyValueSpecification","valueRequired":true,"valueName":"search_term_string"}}],"inLanguage":"et"},{"@type":"Organization","@id":"https:\/\/www.axiomams.eu\/et#organization","name":"AXIOMA MS","url":"https:\/\/www.axiomams.eu\/et","logo":{"@type":"ImageObject","inLanguage":"et","@id":"https:\/\/www.axiomams.eu\/et#\/schema\/logo\/image\/","url":"https:\/\/www.axiomams.eu\/wp-content\/uploads\/2025\/06\/axioma-logo-2.png","contentUrl":"https:\/\/www.axiomams.eu\/wp-content\/uploads\/2025\/06\/axioma-logo-2.png","width":1200,"height":1200,"caption":"AXIOMA MS"},"image":{"@id":"https:\/\/www.axiomams.eu\/et#\/schema\/logo\/image\/"},"sameAs":["https:\/\/www.facebook.com\/AxiomaMS","https:\/\/www.linkedin.com\/company\/axiomams\/"]}]}},"_links":{"self":[{"href":"https:\/\/www.axiomams.eu\/et\/wp-json\/wp\/v2\/product\/40325","targetHints":{"allow":["GET"]}}],"collection":[{"href":"https:\/\/www.axiomams.eu\/et\/wp-json\/wp\/v2\/product"}],"about":[{"href":"https:\/\/www.axiomams.eu\/et\/wp-json\/wp\/v2\/types\/product"}],"replies":[{"embeddable":true,"href":"https:\/\/www.axiomams.eu\/et\/wp-json\/wp\/v2\/comments?post=40325"}],"wp:featuredmedia":[{"embeddable":true,"href":"https:\/\/www.axiomams.eu\/et\/wp-json\/wp\/v2\/media\/42172"}],"wp:attachment":[{"href":"https:\/\/www.axiomams.eu\/et\/wp-json\/wp\/v2\/media?parent=40325"}],"wp:term":[{"taxonomy":"product_brand","embeddable":true,"href":"https:\/\/www.axiomams.eu\/et\/wp-json\/wp\/v2\/product_brand?post=40325"},{"taxonomy":"product_cat","embeddable":true,"href":"https:\/\/www.axiomams.eu\/et\/wp-json\/wp\/v2\/product_cat?post=40325"},{"taxonomy":"product_tag","embeddable":true,"href":"https:\/\/www.axiomams.eu\/et\/wp-json\/wp\/v2\/product_tag?post=40325"}],"curies":[{"name":"wp","href":"https:\/\/api.w.org\/{rel}","templated":true}]}}