{"id":40326,"date":"2025-05-15T18:03:19","date_gmt":"2025-05-15T16:03:19","guid":{"rendered":"https:\/\/www.axiomams.eu\/produktas\/metrel-mi-2093-kaablidetektor"},"modified":"2026-02-02T14:31:37","modified_gmt":"2026-02-02T12:31:37","slug":"metrel-mi-2093-kaablidetektor","status":"publish","type":"product","link":"https:\/\/www.axiomams.eu\/et\/produktas\/metrel-mi-2093-kaablidetektor","title":{"rendered":"Metrel MI 2093 kaablidetektor"},"content":{"rendered":"<p>Metrel MI 2093 Line Tracer on universaalne instrument, mis on m\u00f5eldud seinte, p\u00f5randate ja maapinna krohvi all olevate varjatud juhtmete j\u00e4lgimiseks v\u00f5i \u00fche juhtme m\u00e4\u00e4ramiseks juhtmetes. Samuti saab leida teatud ahelasse kuuluvaid kaitsmeid v\u00f5i pistikupesi. Line Tracer aitab operaatoril h\u00f5lpsasti lahendada varjatud liiniprobleeme (l\u00fchised, katkestused, katked).<\/p>\n<p>Standardkomplekt: MI2093: Saatja T10K, vastuv\u00f5tja R10K, testijuhe R10K-le koos sisseehitatud takistuse ja testimisanduriga, 1,5 m, testijuhe T10K-le, 1,5 m, 2 tk, spetsiaalne selektiivne andur, testimisandur, must, 2 tk, krokodillklamber, must, 2 tk, pehme kandekott, kasutusjuhend.<\/p>\n<h3>Tehniline teave:<\/h3>\n<ul>\n<li><a href=\"https:\/\/axiomams.eu\/importer\/export\/attachments\/en\/mi2093_instrukcija_lt.pdf\" target=\"_blank\">MI2093_instrukcija_LT.pdf<\/a><\/li>\n<li><a href=\"https:\/\/axiomams.eu\/importer\/export\/attachments\/en\/metrel-mi-2093-line-tracer.pdf\" target=\"_blank\">Metrel MI 2093 Line Tracer.pdf<\/a><\/li>\n<\/ul>\n","protected":false},"excerpt":{"rendered":"<p>Metrel MI 2093 Line Tracer on universaalne instrument, mis on m\u00f5eldud seinte, p\u00f5randate ja maapinna krohvi all olevate varjatud juhtmete j\u00e4lgimiseks v\u00f5i \u00fche juhtme m\u00e4\u00e4ramiseks juhtmetes. Samuti saab leida teatud ahelasse kuuluvaid kaitsmeid v\u00f5i pistikupesi. Line Tracer aitab operaatoril h\u00f5lpsasti lahendada varjatud liiniprobleeme (l\u00fchised, katkestused, katked). Standardkomplekt: MI2093: Saatja T10K, vastuv\u00f5tja R10K, testijuhe R10K-le koos&#8230;<\/p>\n","protected":false},"featured_media":42174,"comment_status":"open","ping_status":"closed","template":"","meta":{"_acf_changed":false},"product_brand":[732],"product_cat":[17782],"product_tag":[],"class_list":{"0":"post-40326","1":"product","2":"type-product","3":"status-publish","4":"has-post-thumbnail","6":"product_brand-metrel","7":"product_cat-kaablite-otsimiseks-ja-valimiseks","9":"first","10":"instock","11":"taxable","12":"shipping-taxable","13":"purchasable","14":"product-type-simple"},"acf":[],"yoast_head":"<!-- This site is optimized with the Yoast SEO plugin v27.0 - https:\/\/yoast.com\/product\/yoast-seo-wordpress\/ -->\n<title>Metrel MI 2093 kaablidetektor - AXIOMA MS<\/title>\n<meta name=\"robots\" content=\"index, follow, max-snippet:-1, max-image-preview:large, max-video-preview:-1\" \/>\n<link rel=\"canonical\" href=\"https:\/\/www.axiomams.eu\/et\/produktas\/metrel-mi-2093-kaablidetektor\" \/>\n<meta property=\"og:locale\" content=\"et_EE\" \/>\n<meta property=\"og:type\" content=\"article\" \/>\n<meta property=\"og:title\" content=\"Metrel MI 2093 kaablidetektor - AXIOMA MS\" \/>\n<meta property=\"og:description\" content=\"Metrel MI 2093 Line Tracer on universaalne instrument, mis on m\u00f5eldud seinte, p\u00f5randate ja maapinna krohvi all olevate varjatud juhtmete j\u00e4lgimiseks v\u00f5i \u00fche juhtme m\u00e4\u00e4ramiseks juhtmetes. Samuti saab leida teatud ahelasse kuuluvaid kaitsmeid v\u00f5i pistikupesi. Line Tracer aitab operaatoril h\u00f5lpsasti lahendada varjatud liiniprobleeme (l\u00fchised, katkestused, katked). Standardkomplekt: MI2093: Saatja T10K, vastuv\u00f5tja R10K, testijuhe R10K-le koos...\" \/>\n<meta property=\"og:url\" content=\"https:\/\/www.axiomams.eu\/et\/produktas\/metrel-mi-2093-kaablidetektor\" \/>\n<meta property=\"og:site_name\" content=\"AXIOMA MS\" \/>\n<meta property=\"article:publisher\" content=\"https:\/\/www.facebook.com\/AxiomaMS\" \/>\n<meta property=\"article:modified_time\" content=\"2026-02-02T12:31:37+00:00\" \/>\n<meta property=\"og:image\" content=\"https:\/\/www.axiomams.eu\/wp-content\/uploads\/2025\/07\/385-3074.jpg\" \/>\n\t<meta property=\"og:image:width\" content=\"440\" \/>\n\t<meta property=\"og:image:height\" content=\"400\" \/>\n\t<meta property=\"og:image:type\" content=\"image\/jpeg\" \/>\n<meta name=\"twitter:card\" content=\"summary_large_image\" \/>\n<script type=\"application\/ld+json\" class=\"yoast-schema-graph\">{\"@context\":\"https:\/\/schema.org\",\"@graph\":[{\"@type\":\"WebPage\",\"@id\":\"https:\/\/www.axiomams.eu\/et\/produktas\/metrel-mi-2093-kaablidetektor\",\"url\":\"https:\/\/www.axiomams.eu\/et\/produktas\/metrel-mi-2093-kaablidetektor\",\"name\":\"Metrel MI 2093 kaablidetektor - AXIOMA MS\",\"isPartOf\":{\"@id\":\"https:\/\/www.axiomams.eu\/et#website\"},\"primaryImageOfPage\":{\"@id\":\"https:\/\/www.axiomams.eu\/et\/produktas\/metrel-mi-2093-kaablidetektor#primaryimage\"},\"image\":{\"@id\":\"https:\/\/www.axiomams.eu\/et\/produktas\/metrel-mi-2093-kaablidetektor#primaryimage\"},\"thumbnailUrl\":\"https:\/\/www.axiomams.eu\/wp-content\/uploads\/2025\/07\/385-3074.jpg\",\"datePublished\":\"2025-05-15T16:03:19+00:00\",\"dateModified\":\"2026-02-02T12:31:37+00:00\",\"breadcrumb\":{\"@id\":\"https:\/\/www.axiomams.eu\/et\/produktas\/metrel-mi-2093-kaablidetektor#breadcrumb\"},\"inLanguage\":\"et\",\"potentialAction\":[{\"@type\":\"ReadAction\",\"target\":[\"https:\/\/www.axiomams.eu\/et\/produktas\/metrel-mi-2093-kaablidetektor\"]}]},{\"@type\":\"ImageObject\",\"inLanguage\":\"et\",\"@id\":\"https:\/\/www.axiomams.eu\/et\/produktas\/metrel-mi-2093-kaablidetektor#primaryimage\",\"url\":\"https:\/\/www.axiomams.eu\/wp-content\/uploads\/2025\/07\/385-3074.jpg\",\"contentUrl\":\"https:\/\/www.axiomams.eu\/wp-content\/uploads\/2025\/07\/385-3074.jpg\",\"width\":440,\"height\":400},{\"@type\":\"BreadcrumbList\",\"@id\":\"https:\/\/www.axiomams.eu\/et\/produktas\/metrel-mi-2093-kaablidetektor#breadcrumb\",\"itemListElement\":[{\"@type\":\"ListItem\",\"position\":1,\"name\":\"Home\",\"item\":\"https:\/\/www.axiomams.eu\/et\"},{\"@type\":\"ListItem\",\"position\":2,\"name\":\"Tooted\",\"item\":\"https:\/\/www.axiomams.eu\/et\/tooted\"},{\"@type\":\"ListItem\",\"position\":3,\"name\":\"Metrel MI 2093 kaablidetektor\"}]},{\"@type\":\"WebSite\",\"@id\":\"https:\/\/www.axiomams.eu\/et#website\",\"url\":\"https:\/\/www.axiomams.eu\/et\",\"name\":\"AXIOMA MS\",\"description\":\"Terrmovizoriai ir matavimo \u012franga\",\"publisher\":{\"@id\":\"https:\/\/www.axiomams.eu\/et#organization\"},\"potentialAction\":[{\"@type\":\"SearchAction\",\"target\":{\"@type\":\"EntryPoint\",\"urlTemplate\":\"https:\/\/www.axiomams.eu\/et?s={search_term_string}\"},\"query-input\":{\"@type\":\"PropertyValueSpecification\",\"valueRequired\":true,\"valueName\":\"search_term_string\"}}],\"inLanguage\":\"et\"},{\"@type\":\"Organization\",\"@id\":\"https:\/\/www.axiomams.eu\/et#organization\",\"name\":\"AXIOMA MS\",\"url\":\"https:\/\/www.axiomams.eu\/et\",\"logo\":{\"@type\":\"ImageObject\",\"inLanguage\":\"et\",\"@id\":\"https:\/\/www.axiomams.eu\/et#\/schema\/logo\/image\/\",\"url\":\"https:\/\/www.axiomams.eu\/wp-content\/uploads\/2025\/06\/axioma-logo-2.png\",\"contentUrl\":\"https:\/\/www.axiomams.eu\/wp-content\/uploads\/2025\/06\/axioma-logo-2.png\",\"width\":1200,\"height\":1200,\"caption\":\"AXIOMA MS\"},\"image\":{\"@id\":\"https:\/\/www.axiomams.eu\/et#\/schema\/logo\/image\/\"},\"sameAs\":[\"https:\/\/www.facebook.com\/AxiomaMS\",\"https:\/\/www.linkedin.com\/company\/axiomams\/\"]}]}<\/script>\n<!-- \/ Yoast SEO plugin. -->","yoast_head_json":{"title":"Metrel MI 2093 kaablidetektor - AXIOMA MS","robots":{"index":"index","follow":"follow","max-snippet":"max-snippet:-1","max-image-preview":"max-image-preview:large","max-video-preview":"max-video-preview:-1"},"canonical":"https:\/\/www.axiomams.eu\/et\/produktas\/metrel-mi-2093-kaablidetektor","og_locale":"et_EE","og_type":"article","og_title":"Metrel MI 2093 kaablidetektor - AXIOMA MS","og_description":"Metrel MI 2093 Line Tracer on universaalne instrument, mis on m\u00f5eldud seinte, p\u00f5randate ja maapinna krohvi all olevate varjatud juhtmete j\u00e4lgimiseks v\u00f5i \u00fche juhtme m\u00e4\u00e4ramiseks juhtmetes. Samuti saab leida teatud ahelasse kuuluvaid kaitsmeid v\u00f5i pistikupesi. Line Tracer aitab operaatoril h\u00f5lpsasti lahendada varjatud liiniprobleeme (l\u00fchised, katkestused, katked). Standardkomplekt: MI2093: Saatja T10K, vastuv\u00f5tja R10K, testijuhe R10K-le koos...","og_url":"https:\/\/www.axiomams.eu\/et\/produktas\/metrel-mi-2093-kaablidetektor","og_site_name":"AXIOMA MS","article_publisher":"https:\/\/www.facebook.com\/AxiomaMS","article_modified_time":"2026-02-02T12:31:37+00:00","og_image":[{"width":440,"height":400,"url":"https:\/\/www.axiomams.eu\/wp-content\/uploads\/2025\/07\/385-3074.jpg","type":"image\/jpeg"}],"twitter_card":"summary_large_image","schema":{"@context":"https:\/\/schema.org","@graph":[{"@type":"WebPage","@id":"https:\/\/www.axiomams.eu\/et\/produktas\/metrel-mi-2093-kaablidetektor","url":"https:\/\/www.axiomams.eu\/et\/produktas\/metrel-mi-2093-kaablidetektor","name":"Metrel MI 2093 kaablidetektor - AXIOMA MS","isPartOf":{"@id":"https:\/\/www.axiomams.eu\/et#website"},"primaryImageOfPage":{"@id":"https:\/\/www.axiomams.eu\/et\/produktas\/metrel-mi-2093-kaablidetektor#primaryimage"},"image":{"@id":"https:\/\/www.axiomams.eu\/et\/produktas\/metrel-mi-2093-kaablidetektor#primaryimage"},"thumbnailUrl":"https:\/\/www.axiomams.eu\/wp-content\/uploads\/2025\/07\/385-3074.jpg","datePublished":"2025-05-15T16:03:19+00:00","dateModified":"2026-02-02T12:31:37+00:00","breadcrumb":{"@id":"https:\/\/www.axiomams.eu\/et\/produktas\/metrel-mi-2093-kaablidetektor#breadcrumb"},"inLanguage":"et","potentialAction":[{"@type":"ReadAction","target":["https:\/\/www.axiomams.eu\/et\/produktas\/metrel-mi-2093-kaablidetektor"]}]},{"@type":"ImageObject","inLanguage":"et","@id":"https:\/\/www.axiomams.eu\/et\/produktas\/metrel-mi-2093-kaablidetektor#primaryimage","url":"https:\/\/www.axiomams.eu\/wp-content\/uploads\/2025\/07\/385-3074.jpg","contentUrl":"https:\/\/www.axiomams.eu\/wp-content\/uploads\/2025\/07\/385-3074.jpg","width":440,"height":400},{"@type":"BreadcrumbList","@id":"https:\/\/www.axiomams.eu\/et\/produktas\/metrel-mi-2093-kaablidetektor#breadcrumb","itemListElement":[{"@type":"ListItem","position":1,"name":"Home","item":"https:\/\/www.axiomams.eu\/et"},{"@type":"ListItem","position":2,"name":"Tooted","item":"https:\/\/www.axiomams.eu\/et\/tooted"},{"@type":"ListItem","position":3,"name":"Metrel MI 2093 kaablidetektor"}]},{"@type":"WebSite","@id":"https:\/\/www.axiomams.eu\/et#website","url":"https:\/\/www.axiomams.eu\/et","name":"AXIOMA MS","description":"Terrmovizoriai ir matavimo \u012franga","publisher":{"@id":"https:\/\/www.axiomams.eu\/et#organization"},"potentialAction":[{"@type":"SearchAction","target":{"@type":"EntryPoint","urlTemplate":"https:\/\/www.axiomams.eu\/et?s={search_term_string}"},"query-input":{"@type":"PropertyValueSpecification","valueRequired":true,"valueName":"search_term_string"}}],"inLanguage":"et"},{"@type":"Organization","@id":"https:\/\/www.axiomams.eu\/et#organization","name":"AXIOMA MS","url":"https:\/\/www.axiomams.eu\/et","logo":{"@type":"ImageObject","inLanguage":"et","@id":"https:\/\/www.axiomams.eu\/et#\/schema\/logo\/image\/","url":"https:\/\/www.axiomams.eu\/wp-content\/uploads\/2025\/06\/axioma-logo-2.png","contentUrl":"https:\/\/www.axiomams.eu\/wp-content\/uploads\/2025\/06\/axioma-logo-2.png","width":1200,"height":1200,"caption":"AXIOMA MS"},"image":{"@id":"https:\/\/www.axiomams.eu\/et#\/schema\/logo\/image\/"},"sameAs":["https:\/\/www.facebook.com\/AxiomaMS","https:\/\/www.linkedin.com\/company\/axiomams\/"]}]}},"_links":{"self":[{"href":"https:\/\/www.axiomams.eu\/et\/wp-json\/wp\/v2\/product\/40326","targetHints":{"allow":["GET"]}}],"collection":[{"href":"https:\/\/www.axiomams.eu\/et\/wp-json\/wp\/v2\/product"}],"about":[{"href":"https:\/\/www.axiomams.eu\/et\/wp-json\/wp\/v2\/types\/product"}],"replies":[{"embeddable":true,"href":"https:\/\/www.axiomams.eu\/et\/wp-json\/wp\/v2\/comments?post=40326"}],"wp:featuredmedia":[{"embeddable":true,"href":"https:\/\/www.axiomams.eu\/et\/wp-json\/wp\/v2\/media\/42174"}],"wp:attachment":[{"href":"https:\/\/www.axiomams.eu\/et\/wp-json\/wp\/v2\/media?parent=40326"}],"wp:term":[{"taxonomy":"product_brand","embeddable":true,"href":"https:\/\/www.axiomams.eu\/et\/wp-json\/wp\/v2\/product_brand?post=40326"},{"taxonomy":"product_cat","embeddable":true,"href":"https:\/\/www.axiomams.eu\/et\/wp-json\/wp\/v2\/product_cat?post=40326"},{"taxonomy":"product_tag","embeddable":true,"href":"https:\/\/www.axiomams.eu\/et\/wp-json\/wp\/v2\/product_tag?post=40326"}],"curies":[{"name":"wp","href":"https:\/\/api.w.org\/{rel}","templated":true}]}}