{"id":40333,"date":"2025-05-15T18:03:27","date_gmt":"2025-05-15T16:03:27","guid":{"rendered":"https:\/\/www.axiomams.eu\/produktas\/metrel-mi-2891-voimsuse-simulaator"},"modified":"2026-02-02T14:31:38","modified_gmt":"2026-02-02T12:31:38","slug":"metrel-mi-2891-voimsuse-simulaator","status":"publish","type":"product","link":"https:\/\/www.axiomams.eu\/et\/produktas\/metrel-mi-2891-voimsuse-simulaator","title":{"rendered":"Metrel MI 2891 v\u00f5imsuse simulaator"},"content":{"rendered":"<p>Metrel MI 2891 Power Simulator on mitmeotstarbeline kolmefaasiline elektrisimulaator madalpinge elektris\u00fcsteemide t\u00fc\u00fcpiliste olukordade simuleerimiseks. See on suurep\u00e4rane vahend koolituseks, demonstratsiooniks v\u00f5i elektridaktikaks. Simulaatoril on m\u00f5ned eelprogrammeeritud stsenaariumid ja ka t\u00e4ieliku manuaalse re\u017eiimi v\u00f5imalus. Kasutaja saab valida erinevate koormuse iseloomu seadistuste, reguleeritava voolu- ja pingetaseme vahel ning simuleerida erinevaid vigastusi.<\/p>\n<p>V\u00e4ljundpinge vahelduvvoolu vahemik: 50 &#8230; 300 V<br \/>\nT\u00e4psus: \u00b1 0,1 %.<\/p>\n<p>S\u00fcndmuse v\u00e4ljundpinge vahemik (vahelduvvool): 0 V &#8230; 350 V<br \/>\nT\u00e4psus: \u00b1 0,1 %<\/p>\n<p>P\u00f5hivoolu RMS-vahemik: 100 A &#8230; 2000 A<br \/>\n\u00dcldine voolu t\u00e4psus: \u00b1 0,1 %<\/p>\n<p>RMS-voolu v\u00e4ljundvool: Jah<\/p>\n<p>Sagedusv\u00e4ljundite vahemik: 45 Hz &#8230; 70 Hz<br \/>\nT\u00e4psus: \u00b1 10 mHz<\/p>\n<p>Flickerite vahemik (Pst): 0,5 &#8230; 5,0<br \/>\nT\u00e4psus: \u00b1 1 %<\/p>\n<p>Pingeharmooniate vahemik (2. &#8230; 50.): 1 % &#8230; 100 %<br \/>\nT\u00e4psus: \u00b1 5 % UhN-st<br \/>\nVooluharmooniate (2. &#8230; 50.) ja THD vahemik: 1 % &#8230; 100 %<br \/>\nT\u00e4psus: \u00b1 5 % IhN-st<\/p>\n<p>Tasakaalustamata pinge vahemik: 0,5 % &#8230; 5,0 %<br \/>\nT\u00e4psus: \u00b1 0,15 %<br \/>\nTasakaalustamata voolu vahemik: 0,5 % &#8230; 20 %<br \/>\nT\u00e4psus: \u00b1 1 %<\/p>\n<p>UOver vahemik: 0 &#8230; 50 % UNom<br \/>\nT\u00e4psus:\u00b1 0,15 %<br \/>\nUUnder range:0 &#8230; 90 % UNom<br \/>\nT\u00e4psus:\u00b1 0,15 %<\/p>\n<p>S\u00fcndmuse kestus:10 ms &#8230; 7 p\u00e4eva<br \/>\nSalvestus ja s\u00fcndmuse ajatempel: Kuni peatamiseni<\/p>\n<p>M\u00f5\u00f5tmiskategooria: KATEGOORIA: CAT I \/ 300 V<br \/>\nM\u00f5\u00f5dud: 23 x 14 x 8 cm<br \/>\nKaal: 1,34 kg<br \/>\nEkraan: 4,3-tolline v\u00e4rviline LCD ekraan taustavalgustusega, 480 x 272 punkti.<br \/>\nPatareid: NiMH patareid: 6 x 1,2 V NiMH t\u00fc\u00fcpi HR 6 (AA).<br \/>\nT\u00f6\u00f6temperatuurivahemik: -20 \u00b0C &#8230; +40 \u00b0C<\/p>\n<p>Standardkomplekt: MI 2891, pinge m\u00f5\u00f5tmise juhtmed, (pruun, must, hall, roheline, sinine), 5 tk, voolu m\u00f5\u00f5tmise juhtmed, 4 tk, sildid v\u00e4rvikodeerimiseks, toiteadapter, 1,2 V NiMH aku, 6 tk, pehme kandekott, USB-kaabel, kasutusjuhend.<\/p>\n<h3>Tehniline teave:<\/h3>\n<ul>\n<li><a href=\"https:\/\/axiomams.eu\/importer\/export\/attachments\/en\/metrel-mi-2891.pdf\" target=\"_blank\">Metrel MI 2891.pdf<\/a><\/li>\n<\/ul>\n","protected":false},"excerpt":{"rendered":"<p>Metrel MI 2891 Power Simulator on mitmeotstarbeline kolmefaasiline elektrisimulaator madalpinge elektris\u00fcsteemide t\u00fc\u00fcpiliste olukordade simuleerimiseks. See on suurep\u00e4rane vahend koolituseks, demonstratsiooniks v\u00f5i elektridaktikaks. Simulaatoril on m\u00f5ned eelprogrammeeritud stsenaariumid ja ka t\u00e4ieliku manuaalse re\u017eiimi v\u00f5imalus. Kasutaja saab valida erinevate koormuse iseloomu seadistuste, reguleeritava voolu- ja pingetaseme vahel ning simuleerida erinevaid vigastusi. V\u00e4ljundpinge vahelduvvoolu vahemik: 50 &#8230; 300&#8230;<\/p>\n","protected":false},"featured_media":42188,"comment_status":"open","ping_status":"closed","template":"","meta":{"_acf_changed":false},"product_brand":[732],"product_cat":[17822],"product_tag":[],"class_list":{"0":"post-40333","1":"product","2":"type-product","3":"status-publish","4":"has-post-thumbnail","6":"product_brand-metrel","7":"product_cat-haridusstendid","9":"first","10":"instock","11":"taxable","12":"shipping-taxable","13":"purchasable","14":"product-type-simple"},"acf":[],"yoast_head":"<!-- This site is optimized with the Yoast SEO plugin v27.0 - https:\/\/yoast.com\/product\/yoast-seo-wordpress\/ -->\n<title>Metrel MI 2891 v\u00f5imsuse simulaator - AXIOMA MS<\/title>\n<meta name=\"robots\" content=\"index, follow, max-snippet:-1, max-image-preview:large, max-video-preview:-1\" \/>\n<link rel=\"canonical\" href=\"https:\/\/www.axiomams.eu\/et\/produktas\/metrel-mi-2891-voimsuse-simulaator\" \/>\n<meta property=\"og:locale\" content=\"et_EE\" \/>\n<meta property=\"og:type\" content=\"article\" \/>\n<meta property=\"og:title\" content=\"Metrel MI 2891 v\u00f5imsuse simulaator - AXIOMA MS\" \/>\n<meta property=\"og:description\" content=\"Metrel MI 2891 Power Simulator on mitmeotstarbeline kolmefaasiline elektrisimulaator madalpinge elektris\u00fcsteemide t\u00fc\u00fcpiliste olukordade simuleerimiseks. See on suurep\u00e4rane vahend koolituseks, demonstratsiooniks v\u00f5i elektridaktikaks. Simulaatoril on m\u00f5ned eelprogrammeeritud stsenaariumid ja ka t\u00e4ieliku manuaalse re\u017eiimi v\u00f5imalus. Kasutaja saab valida erinevate koormuse iseloomu seadistuste, reguleeritava voolu- ja pingetaseme vahel ning simuleerida erinevaid vigastusi. V\u00e4ljundpinge vahelduvvoolu vahemik: 50 &#8230; 300...\" \/>\n<meta property=\"og:url\" content=\"https:\/\/www.axiomams.eu\/et\/produktas\/metrel-mi-2891-voimsuse-simulaator\" \/>\n<meta property=\"og:site_name\" content=\"AXIOMA MS\" \/>\n<meta property=\"article:publisher\" content=\"https:\/\/www.facebook.com\/AxiomaMS\" \/>\n<meta property=\"article:modified_time\" content=\"2026-02-02T12:31:38+00:00\" \/>\n<meta property=\"og:image\" content=\"https:\/\/www.axiomams.eu\/wp-content\/uploads\/2025\/07\/2130-2754.jpg\" \/>\n\t<meta property=\"og:image:width\" content=\"660\" \/>\n\t<meta property=\"og:image:height\" content=\"600\" \/>\n\t<meta property=\"og:image:type\" content=\"image\/jpeg\" \/>\n<meta name=\"twitter:card\" content=\"summary_large_image\" \/>\n<meta name=\"twitter:label1\" content=\"Est. reading time\" \/>\n\t<meta name=\"twitter:data1\" content=\"1 minut\" \/>\n<script type=\"application\/ld+json\" class=\"yoast-schema-graph\">{\"@context\":\"https:\/\/schema.org\",\"@graph\":[{\"@type\":\"WebPage\",\"@id\":\"https:\/\/www.axiomams.eu\/et\/produktas\/metrel-mi-2891-voimsuse-simulaator\",\"url\":\"https:\/\/www.axiomams.eu\/et\/produktas\/metrel-mi-2891-voimsuse-simulaator\",\"name\":\"Metrel MI 2891 v\u00f5imsuse simulaator - AXIOMA MS\",\"isPartOf\":{\"@id\":\"https:\/\/www.axiomams.eu\/et#website\"},\"primaryImageOfPage\":{\"@id\":\"https:\/\/www.axiomams.eu\/et\/produktas\/metrel-mi-2891-voimsuse-simulaator#primaryimage\"},\"image\":{\"@id\":\"https:\/\/www.axiomams.eu\/et\/produktas\/metrel-mi-2891-voimsuse-simulaator#primaryimage\"},\"thumbnailUrl\":\"https:\/\/www.axiomams.eu\/wp-content\/uploads\/2025\/07\/2130-2754.jpg\",\"datePublished\":\"2025-05-15T16:03:27+00:00\",\"dateModified\":\"2026-02-02T12:31:38+00:00\",\"breadcrumb\":{\"@id\":\"https:\/\/www.axiomams.eu\/et\/produktas\/metrel-mi-2891-voimsuse-simulaator#breadcrumb\"},\"inLanguage\":\"et\",\"potentialAction\":[{\"@type\":\"ReadAction\",\"target\":[\"https:\/\/www.axiomams.eu\/et\/produktas\/metrel-mi-2891-voimsuse-simulaator\"]}]},{\"@type\":\"ImageObject\",\"inLanguage\":\"et\",\"@id\":\"https:\/\/www.axiomams.eu\/et\/produktas\/metrel-mi-2891-voimsuse-simulaator#primaryimage\",\"url\":\"https:\/\/www.axiomams.eu\/wp-content\/uploads\/2025\/07\/2130-2754.jpg\",\"contentUrl\":\"https:\/\/www.axiomams.eu\/wp-content\/uploads\/2025\/07\/2130-2754.jpg\",\"width\":660,\"height\":600},{\"@type\":\"BreadcrumbList\",\"@id\":\"https:\/\/www.axiomams.eu\/et\/produktas\/metrel-mi-2891-voimsuse-simulaator#breadcrumb\",\"itemListElement\":[{\"@type\":\"ListItem\",\"position\":1,\"name\":\"Home\",\"item\":\"https:\/\/www.axiomams.eu\/et\"},{\"@type\":\"ListItem\",\"position\":2,\"name\":\"Tooted\",\"item\":\"https:\/\/www.axiomams.eu\/et\/tooted\"},{\"@type\":\"ListItem\",\"position\":3,\"name\":\"Metrel MI 2891 v\u00f5imsuse simulaator\"}]},{\"@type\":\"WebSite\",\"@id\":\"https:\/\/www.axiomams.eu\/et#website\",\"url\":\"https:\/\/www.axiomams.eu\/et\",\"name\":\"AXIOMA MS\",\"description\":\"Terrmovizoriai ir matavimo \u012franga\",\"publisher\":{\"@id\":\"https:\/\/www.axiomams.eu\/et#organization\"},\"potentialAction\":[{\"@type\":\"SearchAction\",\"target\":{\"@type\":\"EntryPoint\",\"urlTemplate\":\"https:\/\/www.axiomams.eu\/et?s={search_term_string}\"},\"query-input\":{\"@type\":\"PropertyValueSpecification\",\"valueRequired\":true,\"valueName\":\"search_term_string\"}}],\"inLanguage\":\"et\"},{\"@type\":\"Organization\",\"@id\":\"https:\/\/www.axiomams.eu\/et#organization\",\"name\":\"AXIOMA MS\",\"url\":\"https:\/\/www.axiomams.eu\/et\",\"logo\":{\"@type\":\"ImageObject\",\"inLanguage\":\"et\",\"@id\":\"https:\/\/www.axiomams.eu\/et#\/schema\/logo\/image\/\",\"url\":\"https:\/\/www.axiomams.eu\/wp-content\/uploads\/2025\/06\/axioma-logo-2.png\",\"contentUrl\":\"https:\/\/www.axiomams.eu\/wp-content\/uploads\/2025\/06\/axioma-logo-2.png\",\"width\":1200,\"height\":1200,\"caption\":\"AXIOMA MS\"},\"image\":{\"@id\":\"https:\/\/www.axiomams.eu\/et#\/schema\/logo\/image\/\"},\"sameAs\":[\"https:\/\/www.facebook.com\/AxiomaMS\",\"https:\/\/www.linkedin.com\/company\/axiomams\/\"]}]}<\/script>\n<!-- \/ Yoast SEO plugin. -->","yoast_head_json":{"title":"Metrel MI 2891 v\u00f5imsuse simulaator - AXIOMA MS","robots":{"index":"index","follow":"follow","max-snippet":"max-snippet:-1","max-image-preview":"max-image-preview:large","max-video-preview":"max-video-preview:-1"},"canonical":"https:\/\/www.axiomams.eu\/et\/produktas\/metrel-mi-2891-voimsuse-simulaator","og_locale":"et_EE","og_type":"article","og_title":"Metrel MI 2891 v\u00f5imsuse simulaator - AXIOMA MS","og_description":"Metrel MI 2891 Power Simulator on mitmeotstarbeline kolmefaasiline elektrisimulaator madalpinge elektris\u00fcsteemide t\u00fc\u00fcpiliste olukordade simuleerimiseks. See on suurep\u00e4rane vahend koolituseks, demonstratsiooniks v\u00f5i elektridaktikaks. Simulaatoril on m\u00f5ned eelprogrammeeritud stsenaariumid ja ka t\u00e4ieliku manuaalse re\u017eiimi v\u00f5imalus. Kasutaja saab valida erinevate koormuse iseloomu seadistuste, reguleeritava voolu- ja pingetaseme vahel ning simuleerida erinevaid vigastusi. V\u00e4ljundpinge vahelduvvoolu vahemik: 50 &#8230; 300...","og_url":"https:\/\/www.axiomams.eu\/et\/produktas\/metrel-mi-2891-voimsuse-simulaator","og_site_name":"AXIOMA MS","article_publisher":"https:\/\/www.facebook.com\/AxiomaMS","article_modified_time":"2026-02-02T12:31:38+00:00","og_image":[{"width":660,"height":600,"url":"https:\/\/www.axiomams.eu\/wp-content\/uploads\/2025\/07\/2130-2754.jpg","type":"image\/jpeg"}],"twitter_card":"summary_large_image","twitter_misc":{"Est. reading time":"1 minut"},"schema":{"@context":"https:\/\/schema.org","@graph":[{"@type":"WebPage","@id":"https:\/\/www.axiomams.eu\/et\/produktas\/metrel-mi-2891-voimsuse-simulaator","url":"https:\/\/www.axiomams.eu\/et\/produktas\/metrel-mi-2891-voimsuse-simulaator","name":"Metrel MI 2891 v\u00f5imsuse simulaator - AXIOMA MS","isPartOf":{"@id":"https:\/\/www.axiomams.eu\/et#website"},"primaryImageOfPage":{"@id":"https:\/\/www.axiomams.eu\/et\/produktas\/metrel-mi-2891-voimsuse-simulaator#primaryimage"},"image":{"@id":"https:\/\/www.axiomams.eu\/et\/produktas\/metrel-mi-2891-voimsuse-simulaator#primaryimage"},"thumbnailUrl":"https:\/\/www.axiomams.eu\/wp-content\/uploads\/2025\/07\/2130-2754.jpg","datePublished":"2025-05-15T16:03:27+00:00","dateModified":"2026-02-02T12:31:38+00:00","breadcrumb":{"@id":"https:\/\/www.axiomams.eu\/et\/produktas\/metrel-mi-2891-voimsuse-simulaator#breadcrumb"},"inLanguage":"et","potentialAction":[{"@type":"ReadAction","target":["https:\/\/www.axiomams.eu\/et\/produktas\/metrel-mi-2891-voimsuse-simulaator"]}]},{"@type":"ImageObject","inLanguage":"et","@id":"https:\/\/www.axiomams.eu\/et\/produktas\/metrel-mi-2891-voimsuse-simulaator#primaryimage","url":"https:\/\/www.axiomams.eu\/wp-content\/uploads\/2025\/07\/2130-2754.jpg","contentUrl":"https:\/\/www.axiomams.eu\/wp-content\/uploads\/2025\/07\/2130-2754.jpg","width":660,"height":600},{"@type":"BreadcrumbList","@id":"https:\/\/www.axiomams.eu\/et\/produktas\/metrel-mi-2891-voimsuse-simulaator#breadcrumb","itemListElement":[{"@type":"ListItem","position":1,"name":"Home","item":"https:\/\/www.axiomams.eu\/et"},{"@type":"ListItem","position":2,"name":"Tooted","item":"https:\/\/www.axiomams.eu\/et\/tooted"},{"@type":"ListItem","position":3,"name":"Metrel MI 2891 v\u00f5imsuse simulaator"}]},{"@type":"WebSite","@id":"https:\/\/www.axiomams.eu\/et#website","url":"https:\/\/www.axiomams.eu\/et","name":"AXIOMA MS","description":"Terrmovizoriai ir matavimo \u012franga","publisher":{"@id":"https:\/\/www.axiomams.eu\/et#organization"},"potentialAction":[{"@type":"SearchAction","target":{"@type":"EntryPoint","urlTemplate":"https:\/\/www.axiomams.eu\/et?s={search_term_string}"},"query-input":{"@type":"PropertyValueSpecification","valueRequired":true,"valueName":"search_term_string"}}],"inLanguage":"et"},{"@type":"Organization","@id":"https:\/\/www.axiomams.eu\/et#organization","name":"AXIOMA MS","url":"https:\/\/www.axiomams.eu\/et","logo":{"@type":"ImageObject","inLanguage":"et","@id":"https:\/\/www.axiomams.eu\/et#\/schema\/logo\/image\/","url":"https:\/\/www.axiomams.eu\/wp-content\/uploads\/2025\/06\/axioma-logo-2.png","contentUrl":"https:\/\/www.axiomams.eu\/wp-content\/uploads\/2025\/06\/axioma-logo-2.png","width":1200,"height":1200,"caption":"AXIOMA MS"},"image":{"@id":"https:\/\/www.axiomams.eu\/et#\/schema\/logo\/image\/"},"sameAs":["https:\/\/www.facebook.com\/AxiomaMS","https:\/\/www.linkedin.com\/company\/axiomams\/"]}]}},"_links":{"self":[{"href":"https:\/\/www.axiomams.eu\/et\/wp-json\/wp\/v2\/product\/40333","targetHints":{"allow":["GET"]}}],"collection":[{"href":"https:\/\/www.axiomams.eu\/et\/wp-json\/wp\/v2\/product"}],"about":[{"href":"https:\/\/www.axiomams.eu\/et\/wp-json\/wp\/v2\/types\/product"}],"replies":[{"embeddable":true,"href":"https:\/\/www.axiomams.eu\/et\/wp-json\/wp\/v2\/comments?post=40333"}],"wp:featuredmedia":[{"embeddable":true,"href":"https:\/\/www.axiomams.eu\/et\/wp-json\/wp\/v2\/media\/42188"}],"wp:attachment":[{"href":"https:\/\/www.axiomams.eu\/et\/wp-json\/wp\/v2\/media?parent=40333"}],"wp:term":[{"taxonomy":"product_brand","embeddable":true,"href":"https:\/\/www.axiomams.eu\/et\/wp-json\/wp\/v2\/product_brand?post=40333"},{"taxonomy":"product_cat","embeddable":true,"href":"https:\/\/www.axiomams.eu\/et\/wp-json\/wp\/v2\/product_cat?post=40333"},{"taxonomy":"product_tag","embeddable":true,"href":"https:\/\/www.axiomams.eu\/et\/wp-json\/wp\/v2\/product_tag?post=40333"}],"curies":[{"name":"wp","href":"https:\/\/api.w.org\/{rel}","templated":true}]}}